{"id":976,"date":"2025-03-06T10:59:43","date_gmt":"2025-03-06T03:59:43","guid":{"rendered":"https:\/\/maylanhlamhoanglong.com\/?post_type=product&#038;p=976"},"modified":"2025-03-06T10:59:43","modified_gmt":"2025-03-06T03:59:43","slug":"may-lanh-mitsubishi-heavy-srk13yyp-w5-inverter-sang-trong-1-5-hp","status":"publish","type":"product","link":"https:\/\/maylanhlamhoanglong.com\/?product=may-lanh-mitsubishi-heavy-srk13yyp-w5-inverter-sang-trong-1-5-hp","title":{"rendered":"M\u00e1y l\u1ea1nh Mitsubishi Heavy SRK13YYP-W5 Inverter sang tr\u1ecdng 1.5 HP"},"content":{"rendered":"<h2 id=\"Thi\u1ebft_k\u1ebf\">Thi\u1ebft k\u1ebf<\/h2>\n<p><strong>M\u00e1y l\u1ea1nh Mitsubishi Heavy SRK13YYP-W5 Inverter sang tr\u1ecdng 1.5 HP (1.5 Ng\u1ef1a) model 2023<\/strong>\u00a0s\u1edf h\u1eefu thi\u1ebft k\u1ebf sang tr\u1ecdng, s\u1eafc m\u00e0u tr\u1eafng tinh t\u1ebf, s\u1ebd l\u00e0m t\u0103ng ph\u1ea7n sang tr\u1ecdng cho kh\u00f4ng gian n\u1ed9i th\u1ea5t c\u1ee7a c\u0103n ph\u00f2ng.<\/p>\n<p>V\u1edbi<strong>\u00a0c\u00f4ng su\u1ea5t 1.5Hp &#8211; 12.283 Btu &#8211; 3.6 kW<\/strong>, \u0111\u00e1p \u1ee9ng nhu c\u1ea7u\u00a0<strong>l\u00e0m l\u1ea1nh hi\u1ec7u qu\u1ea3 trong kh\u00f4ng gian 16 &#8211; 20m2<\/strong>\u00a0ph\u00f9 h\u1ee3p v\u1edbi nh\u1eefng kh\u00f4ng gian nh\u01b0\u00a0<strong>ph\u00f2ng ng\u1ee7, ph\u00f2ng kh\u00e1ch, ph\u00f2ng h\u1ecdp nh\u1ecf,&#8230;<\/strong><\/p>\n<p><strong><a class=\"img-popup\" title=\"\u0110i\u1ec7n m\u00e1y gi\u00e1 g\u1ed1c - Gi\u00e1 t\u1ed1t - b\u1ea3o h\u00e0nh ch\u00ednh h\u00e3ng t\u1eadn n\u01a1iM\u00e1y l\u1ea1nh Mitsubishi Heavy SRK13YYP-W5 Inverter sang tr\u1ecdng 1.5 HP (1.5 Ng\u1ef1a)\" href=\"https:\/\/dienmaygiagoc.com.vn\/uploads\/product\/03_2023\/08\/may-lanh-mitsubishi-heavy-srk-yyp-w5-inverter-sang-trong-design.jpg\" rel=\"gallery\"><img decoding=\"async\" src=\"https:\/\/dienmaygiagoc.com.vn\/uploads\/product\/03_2023\/08\/may-lanh-mitsubishi-heavy-srk-yyp-w5-inverter-sang-trong-design.jpg\" alt=\"\u0110i\u1ec7n m\u00e1y gi\u00e1 g\u1ed1c - Gi\u00e1 t\u1ed1t - b\u1ea3o h\u00e0nh ch\u00ednh h\u00e3ng t\u1eadn n\u01a1iM\u00e1y l\u1ea1nh Mitsubishi Heavy SRK13YYP-W5 Inverter sang tr\u1ecdng 1.5 HP (1.5 Ng\u1ef1a)\" \/><\/a><\/strong><\/p>\n<h2 id=\"Ti\u1ebft_ki\u1ec7m_n\u0103ng_l\u01b0\u1ee3ng\">Ti\u1ebft ki\u1ec7m n\u0103ng l\u01b0\u1ee3ng<\/h2>\n<p><strong>Ch\u1ebf \u0111\u1ed9 ti\u1ebft ki\u1ec7m \u0111i\u1ec7n:\u00a0<\/strong>M\u00e1y \u0111\u01b0\u1ee3c v\u1eadn h\u00e0nh \u1edf ch\u1ebf \u0111\u1ed9 ti\u1ebft ki\u1ec7m \u0111i\u1ec7n trong khi v\u1eabn duy tr\u00ec \u0111i\u1ec1u ki\u1ec7n l\u00e0m l\u1ea1nh v\u00e0 s\u01b0\u1edfi \u1ea5m.<\/p>\n<p><strong>Ch\u1ebf \u0111\u1ed9 t\u1ef1 \u0111\u1ed9ng n\u1ed9i suy:\u00a0<\/strong>T\u1ef1 \u0111\u1ed9ng ch\u1ecdn ch\u1ebf \u0111\u1ed9 v\u1eadn h\u00e0nh v\u00e0 nhi\u1ec7t \u0111\u1ed9 c\u00e0i \u0111\u1eb7t d\u1ef1a v\u00e0o thu\u1eadt to\u00e1n n\u1ed9i suy, \u0111i\u1ec1u ch\u1ec9nh t\u1ea7n s\u1ed1 bi\u1ebfn t\u1ea7n.<\/p>\n<h2 id=\"Ch\u1ee9c_n\u0103ng_\u0111\u1ea3o_gi\u00f3\">Ch\u1ee9c n\u0103ng \u0111\u1ea3o gi\u00f3<\/h2>\n<p><strong>C\u00f4ng ngh\u1ec7 JET:\u00a0<\/strong>C\u00f4ng ngh\u1ec7 m\u00e1y bay \u0111\u01b0\u1ee3c s\u1eed d\u1ee5ng \u0111\u1ec3 thi\u1ebft k\u1ebf th\u00e0nh ph\u1ea7n c\u1ee7a h\u1ec7 th\u1ed1ng m\u00e1y l\u1ea1nh.<\/p>\n<p><strong>Ch\u1ebf \u0111\u1ed9 \u0111\u1ea3o gi\u00f3 t\u1ef1 \u0111\u1ed9ng:\u00a0<\/strong>T\u1ef1 \u0111\u1ed9ng ch\u1ecdn g\u00f3c th\u1ed5i ch\u1ebfch \u0111\u1ec3 t\u1ed1i \u0111a vi\u1ec7c l\u00e0m l\u1ea1nh.<\/p>\n<p><strong>Ch\u1ebf \u0111\u1ed9 nh\u1edb v\u1ecb tr\u00ed c\u00e1nh \u0111\u1ea3o:\u00a0<\/strong>Khi c\u00e1nh t\u1ea3n gi\u00f3 quay, b\u1ea1n c\u00f3 th\u1ec3 ch\u1ecdn v\u1ecb tr\u00ed d\u1eebng b\u1ea5t k\u1ef3 c\u1ee7a ch\u00fang. Khi kh\u1edfi \u0111\u1ed9ng l\u1ea1i m\u00e1y, m\u00e1y s\u1ebd nh\u1edb v\u1ecb tr\u00ed c\u00e1nh \u0111\u1ea3o \u1edf l\u1ea7n v\u1eadn h\u00e0nh tr\u01b0\u1edbc.<\/p>\n<p><strong>G\u00f3c \u0111\u1ea3o c\u00e1nh L\u00ean\/Xu\u1ed1ng:\u00a0<\/strong>Ch\u1ecdn g\u00f3c \u0111\u1ed9 l\u00ean\/xu\u1ed1ng theo \u0111\u1ed9 r\u1ed9ng mong mu\u1ed1n.<\/p>\n<p><strong>L\u01b0u l\u01b0\u1ee3ng gi\u00f3 th\u1ed5i xa:\u00a0<\/strong>Nguy\u00ean l\u00fd \u0111\u1eb7c bi\u1ec7t Jet Flow t\u1ea1o ra d\u00f2ng kh\u00ed c\u00f3 l\u01b0u l\u01b0\u1ee3ng l\u1edbn, th\u1ed5i xa v\u1edbi c\u00f4ng c\u00f4ng su\u1ea5t ti\u00eau th\u1ee5 di\u1ec7n n\u0103ng t\u1ed1i thi\u1ec3u.<\/p>\n<p><a class=\"img-popup\" title=\"\u0110i\u1ec7n m\u00e1y gi\u00e1 g\u1ed1c - Gi\u00e1 t\u1ed1t - b\u1ea3o h\u00e0nh ch\u00ednh h\u00e3ng t\u1eadn n\u01a1iM\u00e1y l\u1ea1nh Mitsubishi Heavy SRK13YYP-W5 Inverter sang tr\u1ecdng 1.5 HP (1.5 Ng\u1ef1a)\" href=\"https:\/\/dienmaygiagoc.com.vn\/uploads\/product\/03_2023\/08\/may-lanh-mitsubishi-heavy-srk-yyp-w5-inverter-sang-trong-tinhnang.jpg\" rel=\"gallery\"><img decoding=\"async\" src=\"https:\/\/dienmaygiagoc.com.vn\/uploads\/product\/03_2023\/08\/may-lanh-mitsubishi-heavy-srk-yyp-w5-inverter-sang-trong-tinhnang.jpg\" alt=\"\u0110i\u1ec7n m\u00e1y gi\u00e1 g\u1ed1c - Gi\u00e1 t\u1ed1t - b\u1ea3o h\u00e0nh ch\u00ednh h\u00e3ng t\u1eadn n\u01a1iM\u00e1y l\u1ea1nh Mitsubishi Heavy SRK13YYP-W5 Inverter sang tr\u1ecdng 1.5 HP (1.5 Ng\u1ef1a)\" \/><\/a><\/p>\n<h2 id=\"Ti\u1ec7n_nghi\">Ch\u1ee9c n\u0103ng ti\u1ec7n nghi<\/h2>\n<p><strong>Ch\u1ebf \u0111\u1ed9 kh\u1eed \u1ea9m<\/strong>: L\u00e0m gi\u1ea3m \u0111\u1ed9 \u1ea9m b\u1eb1ng c\u00e1ch ki\u1ec3m so\u00e1t gi\u00e1n \u0111o\u1ea1n chu k\u00ec l\u00e0m l\u1ea1nh.<\/p>\n<p><strong>Ch\u1ebf \u0111\u1ed9 l\u00e0m l\u1ea1nh nhanh<\/strong>: M\u00e1y ho\u1ea1t \u0111\u1ed9ng li\u00ean t\u1ee5c \u1edf ch\u1ebf \u0111\u1ed9 c\u00f4ng su\u1ea5t cao \u0111\u1ec3 \u0111\u1ea1t \u0111\u01b0\u1ee3c nhi\u1ec7t \u0111\u1ed9 l\u00e0m l\u1ea1nh nhanh trong v\u00f2ng 15 ph\u00fat.<\/p>\n<p><strong>Ch\u1ebf \u0111\u1ed9 \u0111\u1ecbnh gi\u1edd t\u1eaft\/m\u1edf m\u00e1y \/ \u0110\u1ecbnh gi\u1edd t\u1eaft m\u1edf m\u00e1y trong 24h:\u00a0<\/strong>B\u1eb1ng c\u00e1ch k\u1ebft h\u1ee3p 2 b\u1ed9 \u0111\u1ecbnh gi\u1edd b\u1eadt\/t\u1eaft m\u00e1y, b\u1ea1n c\u00f3 th\u1ec3 c\u00e0i \u0111\u1eb7t cho c\u1ea3 2 th\u1eddi \u0111i\u1ec3m v\u1eadn h\u00e0nh trong 1 ng\u00e0y. V\u1edbi m\u1ed9t l\u1ea7n c\u00e0i \u0111\u1eb7t b\u1ed9 \u0111inh gi\u1edd s\u1ebd b\u1eadt ho\u1eb7c t\u1eaft h\u1ec7 th\u1ed1ng \u1edf m\u1ed9t th\u1eddi gian x\u00e1c \u0111\u1ecbnh l\u1eb7p \u0111i l\u1eb7p l\u1ea1i h\u00e0ng ng\u00e0y.<\/p>\n<p><strong>Ch\u1ebf \u0111\u1ed9 ng\u1ee7:\u00a0<\/strong>Gi\u00fap ki\u1ec3m so\u00e1t nhi\u1ec7t \u0111\u1ed9 m\u1ed9t c\u00e1ch t\u1ef1 \u0111\u1ed9ng trong th\u1eddi gian c\u00e0i \u0111\u1eb7t \u0111\u1ec3 \u0111\u1ea3m b\u1ea3o nhi\u1ec7t \u0111\u1ecd ph\u00f2ng kh\u00f4ng qu\u00e1 l\u1ea1nh hay qu\u00e1 n\u00f3ng.<\/p>\n<p><strong>Ch\u1ebf \u0111\u1ed9 \u0111\u1ecbnh gi\u1edd t\u1eaft m\u00e1y:\u00a0<\/strong>M\u00e1y s\u1ebd t\u1ef1 \u0111\u1ed9ng t\u1eaft theo gi\u1edd \u0111\u00e3 \u0111\u01b0\u1ee3c c\u00e0i \u0111\u1eb7t.<\/p>\n<p><strong>Ch\u1ee9c n\u0103ng kh\u1edfi \u0111\u1ed9ng ti\u1ec7n nghi:\u00a0<\/strong>Trong ho\u1ea1t \u0111\u1ed9ng ON-TIMER, m\u00e1y c\u00f3 th\u1ec3 kh\u1edfi \u0111\u1ed9ng s\u1edbm so v\u1edbi gi\u1edd c\u00e0i \u0111\u1eb7t nh\u1eb1m gi\u00fap nhi\u1ec7t \u0111\u1ed9 ph\u00f2ng \u0111\u1ea1t theo mong mu\u1ed1n khi b\u1eaft \u0111\u1ea7u s\u1eed d\u1ee5ng.<\/p>\n<p><strong>K\u00edch th\u01b0\u1edbc nh\u1ecf g\u1ecdn:\u00a0<\/strong>Nh\u1edd v\u00e0o c\u00f4ng ngh\u1ec7 &#8220;Heavy Duty Micro&#8221; \u1ee9ng d\u1ee5ng v\u00e0o c\u1ea5u h\u00ecnh c\u00e1nh t\u1ea3n nhi\u1ec7t m\u1edbi, t\u1ea1o ra d\u00f2ng s\u1ea3n ph\u1ea9m c\u00f3 k\u00edch th\u01b0\u1edbc nh\u1ecf g\u1ecdn.<\/p>\n<p><strong>Ch\u1ebf \u0111\u1ed9 t\u1ef1 \u0111\u1ed9ng:\u00a0<\/strong>T\u1ef1 \u0111\u1ed9ng ch\u1ecdn ch\u1ebf \u0111\u1ed9 v\u1eadn h\u00e0nh (Cool, Heating, Dry) t\u00f9y theo nhi\u1ec7t \u0111\u1ed9 trong ph\u00f2ng t\u1ea1i th\u1eddi \u0111i\u1ec3m c\u00e0i \u0111\u1eb7t.<\/p>\n<h2 id=\"L\u1ecdc_khu\u1ea9n\">Ch\u1ee9c n\u0103ng l\u1ecdc khu\u1ea9n<\/h2>\n<p><strong>Ho\u1ea1t \u0111\u1ed9ng t\u1ef1 l\u00e0m s\u1ea1ch<\/strong>: Khi ch\u1ecdn ch\u1ebf \u0111\u1ed9 t\u1ef1 l\u00e0m s\u1ea1ch, m\u00e1y s\u1ebd t\u1ef1 v\u1ec7 sinh kh\u00f4 trong v\u00f2ng 2 gi\u1edd, d\u00e0n l\u1ea1nh \u0111\u01b0\u1ee3c l\u00e0m kh\u00f4 v\u00e0 h\u1ea1n ch\u1ebf n\u1ea5m m\u1ed1c.<\/p>\n<p><strong>L\u1ed3ng qu\u1ea1t ch\u1ed1ng khu\u1ea9n<\/strong>: L\u1ed3ng qu\u1ea1t \u0111\u00e3 \u0111\u01b0\u1ee3c x\u1eed l\u00fd kh\u00e1ng khu\u1ea9n, h\u1ea1n ch\u1ebf n\u1ea5m m\u1ed1c v\u00e0 m\u1ea7m b\u1ec7nh t\u1ea1o m\u00f4i tr\u01b0\u1eddng s\u1ea1ch v\u00e0 an to\u00e0n.Ch\u1ee9c n\u0103ng n\u00e0y s\u1ebd ng\u0103n ch\u1eb7n n\u1ea5m m\u1ed1c v\u00e0 m\u00f9i h\u00f4i v.v&#8230; t\u1ed3n t\u1ea1i v\u00e0 ph\u00e1t tri\u1ec3n khi h\u1ec7 th\u1ed1ng m\u00e1y ng\u1eebng ho\u1ea1t \u0111\u1ed9ng.<\/p>\n<p><strong>N\u1eafp m\u1eb7t n\u1ea1 th\u00e1o l\u1eafp \u0111\u01b0\u1ee3c<\/strong>: \u0110\u01b0\u1ee3c th\u00e1o l\u1eafp m\u1ed9t c\u00e1ch d\u1ec5 d\u00e0ng v\u00e0 l\u00e0m s\u1ea1ch b\u1ed9 l\u1ecdc m\u1ed9t c\u00e1ch \u0111\u01a1n gi\u1ea3n. M\u1eb7t tr\u01b0\u1edbc m\u1eb7t n\u1ea1 c\u00f3 th\u1ec3 th\u00e1o ra \u0111\u01b0\u1ee3c<\/p>\n<h2 id=\"Ch\u1ee9c_n\u0103ng_kh\u00e1c\">Ch\u1ee9c n\u0103ng kh\u00e1c<\/h2>\n<p><strong>Ch\u1ee9c n\u0103ng t\u1ef1 \u0111\u1ed9ng b\u00e1o l\u1ed7i khi c\u00f3 s\u1ef1 c\u1ed1<\/strong>: Trong tr\u01b0\u1eddng h\u1ee3p m\u00e1y b\u1ecb s\u1ef1 c\u1ed1, b\u1ed9 vi x\u1eed l\u00fd s\u1ebd t\u1ef1 \u0111\u1ed9ng ch\u1ea9n \u0111o\u00e1n v\u00e0 b\u00e1o l\u1ed7i.<\/p>\n<p><strong>Ch\u1ee9c n\u0103ng t\u1ef1 kh\u1edfi \u0111\u1ed9ng<\/strong>: Trong c\u00e1c tr\u01b0\u1eddng h\u1ee3p ngu\u1ed3n \u0111i\u1ec7n b\u1ecb ng\u1eaft \u0111\u1ed9t ng\u1ed9t m\u00e1y s\u1ebd t\u1ef1 \u0111\u1ed9ng k\u00edch ho\u1ea1t l\u1ea1i khi c\u00f3 \u0111i\u1ec7n v\u00e0 ho\u1ea1t \u0111\u1ed9ng theo ch\u1ebf \u0111\u1ed9 tr\u01b0\u1edbc khi ngu\u1ed3n b\u1ecb ng\u1eaft.<\/p>\n<p><strong>N\u00fat kh\u1edfi \u0111\u1ed9ng<\/strong>: N\u00fat ON\/OFF tr\u00ean th\u00e2n d\u00e0n l\u1ea1nh s\u1eed d\u1ee5ng khi kh\u00f4ng th\u1ec3 s\u1eed d\u1ee5ng \u0111\u01b0\u1ee3c b\u1ed9 \u0111i\u1ec1u khi\u1ec3n t\u1eeb xa.<\/p>\n<p><strong>N\u00fat nh\u1ea5n d\u1ea1 quang<\/strong>: B\u1ed9 \u0111i\u1ec1u khi\u1ec3n t\u1eeb t\u1eeb xa v\u1edbi n\u00fat b\u1ea5m d\u1ea1 quang t\u1ef1 ph\u00e1t s\u00e1ng ti\u1ec7n l\u1ee3i cho ng\u01b0\u1eddi s\u1eed d\u1ee5ng trong ph\u00f2ng t\u1ed1i.<\/p>\n<p><strong>DC PAM Inverter<\/strong>: C\u00f4ng ngh\u1ec7 bi\u1ebfn t\u1ea7n DC PAM c\u00f3 th\u1ec3 \u0111i\u1ec1u khi\u1ec3n \u0111\u01b0\u1ee3c \u0111i\u1ec7n \u00e1p v\u00e0 t\u1ea7n s\u1ed1 ho\u1ea1t \u0111\u1ed9ng c\u1ee7a m\u00e1y, l\u00e0m gi\u1ea3m s\u1ef1 ti\u00eau th\u1ee5 \u0111i\u1ec7n n\u0103ng t\u1ed1i \u0111a, t\u0103ng hi\u1ec7u su\u1ea5t l\u00e0m l\u1ea1nh nhanh v\u00e0 m\u1ea1nh nh\u1ea5t. Sau khi \u0111\u1ea1t \u0111\u1ebfn nhi\u1ec7t \u0111\u1ed9 c\u00e0i \u0111\u1eb7t, b\u1ed9 bi\u1ebfn t\u1ea7n s\u1ebd \u0111i\u1ec1u ch\u1ec9nh c\u00f4ng su\u1ea5t c\u1ee7a \u0111\u1ed9ng c\u01a1 m\u00e1y n\u00e9n ho\u1ea1t \u0111\u1ed9ng \u1edf t\u1ed1c \u0111\u1ed9 th\u1ea5p \u0111\u1ec3 ti\u1ebft ki\u1ec7m \u0111i\u1ec7n n\u0103ng, \u0111\u1ed3ng th\u1eddi duy tr\u00ec nhi\u1ec7t \u0111\u1ed9 ph\u00f2ng kh\u00f4ng ch\u00eanh l\u1ec7ch nhi\u1ec1u so v\u1edbi nhi\u1ec7t \u0111\u1ed9 c\u00e0i \u0111\u1eb7t.<\/p>\n","protected":false},"excerpt":{"rendered":"<p>Thi\u1ebft k\u1ebf M\u00e1y l\u1ea1nh Mitsubishi Heavy SRK13YYP-W5 Inverter sang tr\u1ecdng 1.5 HP (1.5 Ng\u1ef1a) model 2023\u00a0s\u1edf h\u1eefu thi\u1ebft k\u1ebf sang tr\u1ecdng, s\u1eafc m\u00e0u tr\u1eafng tinh t\u1ebf, s\u1ebd l\u00e0m t\u0103ng ph\u1ea7n sang tr\u1ecdng cho kh\u00f4ng gian n\u1ed9i th\u1ea5t c\u1ee7a c\u0103n ph\u00f2ng. V\u1edbi\u00a0c\u00f4ng su\u1ea5t 1.5Hp &#8211; 12.283 Btu &#8211; 3.6 kW, \u0111\u00e1p \u1ee9ng nhu c\u1ea7u\u00a0l\u00e0m l\u1ea1nh hi\u1ec7u&#8230;<\/p>\n","protected":false},"featured_media":977,"comment_status":"open","ping_status":"closed","template":"","meta":{"wprm-recipe-roundup-name":"","wprm-recipe-roundup-description":""},"product_brand":[],"product_cat":[115],"product_tag":[],"class_list":{"0":"post-976","1":"product","2":"type-product","3":"status-publish","4":"has-post-thumbnail","6":"thuong-hieu-mitsubishi","7":"product_cat-may-lanh-treo-tuong","8":"pa_cong-suat-lam-lanh-1-5-hp","10":"first","11":"instock","12":"sale","13":"taxable","14":"shipping-taxable","15":"purchasable","16":"product-type-simple"},"_links":{"self":[{"href":"https:\/\/maylanhlamhoanglong.com\/index.php?rest_route=\/wp\/v2\/product\/976","targetHints":{"allow":["GET"]}}],"collection":[{"href":"https:\/\/maylanhlamhoanglong.com\/index.php?rest_route=\/wp\/v2\/product"}],"about":[{"href":"https:\/\/maylanhlamhoanglong.com\/index.php?rest_route=\/wp\/v2\/types\/product"}],"replies":[{"embeddable":true,"href":"https:\/\/maylanhlamhoanglong.com\/index.php?rest_route=%2Fwp%2Fv2%2Fcomments&post=976"}],"wp:featuredmedia":[{"embeddable":true,"href":"https:\/\/maylanhlamhoanglong.com\/index.php?rest_route=\/wp\/v2\/media\/977"}],"wp:attachment":[{"href":"https:\/\/maylanhlamhoanglong.com\/index.php?rest_route=%2Fwp%2Fv2%2Fmedia&parent=976"}],"wp:term":[{"taxonomy":"product_brand","embeddable":true,"href":"https:\/\/maylanhlamhoanglong.com\/index.php?rest_route=%2Fwp%2Fv2%2Fproduct_brand&post=976"},{"taxonomy":"product_cat","embeddable":true,"href":"https:\/\/maylanhlamhoanglong.com\/index.php?rest_route=%2Fwp%2Fv2%2Fproduct_cat&post=976"},{"taxonomy":"product_tag","embeddable":true,"href":"https:\/\/maylanhlamhoanglong.com\/index.php?rest_route=%2Fwp%2Fv2%2Fproduct_tag&post=976"}],"curies":[{"name":"wp","href":"https:\/\/api.w.org\/{rel}","templated":true}]}}