{"id":962,"date":"2025-03-06T10:23:59","date_gmt":"2025-03-06T03:23:59","guid":{"rendered":"https:\/\/maylanhlamhoanglong.com\/?post_type=product&#038;p=962"},"modified":"2025-03-06T14:51:14","modified_gmt":"2025-03-06T07:51:14","slug":"dan-nong-multi-panasonic-inverter-4-0-hp-4-ngua-cu-4u34ybz","status":"publish","type":"product","link":"https:\/\/maylanhlamhoanglong.com\/?product=dan-nong-multi-panasonic-inverter-4-0-hp-4-ngua-cu-4u34ybz","title":{"rendered":"D\u00e0n n\u00f3ng Multi Panasonic Inverter 4.0 HP (4 Ng\u1ef1a) CU-4U34YBZ"},"content":{"rendered":"<h2 id=\"Thi\u1ebft_k\u1ebf_linh_ho\u1ea1t\">Thi\u1ebft k\u1ebf linh ho\u1ea1t<\/h2>\n<p><strong>D\u00e0n n\u00f3ng Multi Panasonic inverter 4.0Hp CU-4U34YBZ model 2023\u00a0<\/strong>s\u1edf h\u1eefu thi\u1ebft k\u1ebf nh\u1ecf g\u1ecdn v\u00e0 \u0111\u01b0\u1ee3c t\u0103ng c\u01b0\u1eddng chi\u1ec1u d\u00e0i \u0111\u01b0\u1eddng \u1ed1ng, gi\u00fap kh\u1eafc ph\u1ee5c nh\u1eefng h\u1ea1n ch\u1ebf v\u1ec1 kh\u00f4ng gian v\u00e0 l\u1eafp \u0111\u1eb7t. K\u1ebft h\u1ee3p c\u00e1c d\u00e0n l\u1ea1nh theo nhu c\u1ea7u c\u00f4ng su\u1ea5t v\u00e0 thi\u1ebft k\u1ebf trang tr\u00ed c\u1ee7a ph\u00f2ng.<\/p>\n<p><a class=\"img-popup\" title=\"\" href=\"https:\/\/sieuthimaylanh.com\/uploads\/product\/02_2023\/thiet-ke-dan-nong-multi-panasonic-inverter-2-0hp-cu-2u18ybz-model-2023.webp\" rel=\"gallery\"><img decoding=\"async\" src=\"https:\/\/sieuthimaylanh.com\/uploads\/product\/02_2023\/thiet-ke-dan-nong-multi-panasonic-inverter-2-0hp-cu-2u18ybz-model-2023.webp\" alt=\"\" \/><\/a><\/p>\n<h2 id=\"C\u00f4ng_su\u1ea5t_l\u00e0m_l\u1ea1nh_r\u1ed9ng\">C\u00f4ng su\u1ea5t l\u00e0m l\u1ea1nh r\u1ed9ng<\/h2>\n<p><strong>D\u00e0n n\u00f3ng Multi Panasonic CU-4U34YBZ<\/strong>\u00a0c\u00f3\u00a0<strong>c\u00f4ng su\u1ea5t l\u00e0m l\u1ea1nh 9.5kW<\/strong>, ch\u1ec9 c\u1ea7n\u00a0<strong>m\u1ed9t d\u00e0n n\u00f3ng duy nh\u1ea5t<\/strong>\u00a0c\u00f3 th\u1ec3 k\u1ebft n\u1ed1i v\u1edbi\u00a0<strong>4 d\u00e0n l\u1ea1nh c\u00f3 d\u1ea3i c\u00f4ng su\u1ea5t l\u00e0m l\u1ea1nh cao h\u01a1n<\/strong>, gi\u00fap linh ho\u1ea1t h\u01a1n trong vi\u1ec7c \u0111i\u1ec1u ch\u1ec9nh ph\u1ea1m vi ho\u1ea1t \u0111\u1ed9ng l\u00e0m l\u1ea1nh theo c\u00e1c nhu c\u1ea7u v\u00e0 s\u1edf th\u00edch kh\u00e1c nhau.<\/p>\n<p><a class=\"img-popup\" title=\"\" href=\"https:\/\/sieuthimaylanh.com\/uploads\/product\/02_2023\/cong-suat-dan-nong-multi-panasonic-inverter-4-0hp-cu-4u34ybz-model-2023.webp\" rel=\"gallery\"><img decoding=\"async\" src=\"https:\/\/sieuthimaylanh.com\/uploads\/product\/02_2023\/cong-suat-dan-nong-multi-panasonic-inverter-4-0hp-cu-4u34ybz-model-2023.webp\" alt=\"\" \/><\/a><\/p>\n<h2 id=\"Ti\u1ebft_ki\u1ec7m_n\u0103ng_l\u01b0\u1ee3ng\">Ti\u1ebft ki\u1ec7m n\u0103ng l\u01b0\u1ee3ng<\/h2>\n<p><strong>D\u00e0n n\u00f3ng Multi Panasonic CU-4U34YBZ<\/strong>\u00a0s\u1eed d\u1ee5ng m\u00f4i ch\u1ea5t l\u1ea1nh R32 th\u00e2n thi\u1ec7n v\u1edbi m\u00f4i tr\u01b0\u1eddng<strong>\u00a0t\u0103ng hi\u1ec7u xu\u1ea5t truy\u1ec1n nhi\u1ec7t<\/strong>, gi\u00fap<strong>\u00a0ti\u1ebft ki\u1ec7m n\u0103ng l\u01b0\u1ee3ng<\/strong>\u00a0v\u00e0\u00a0<strong>ti\u1ebft ki\u1ec7m chi ph\u00ed h\u01a1n<\/strong>, \u0111\u1ed3ng th\u1eddi\u00a0<strong>h\u1ea1n ch\u1ebf \u1ea3nh h\u01b0\u1edfng \u0111\u1ebfn m\u00f4i tr\u01b0\u1eddng<\/strong>.<\/p>\n<p>Ngo\u00e0i ra,\u00a0<strong>c\u00f4ng ngh\u1ec7 bi\u1ebfn t\u1ea7n<\/strong>\u00a0c\u1ee7a Panasonic<strong>\u00a0<\/strong><strong>ki\u1ec3m so\u00e1t nhi\u1ec7t \u0111\u1ed9 m\u1ed9t c\u00e1ch ch\u00ednh x\u00e1c<\/strong>, \u0111em l\u1ea1i s\u1ef1 tho\u1ea3i m\u00e1i nh\u1edd cung c\u1ea5p\u00a0<strong>kh\u1ea3 n\u0103ng l\u00e0m l\u1ea1nh \u1ed5n \u0111\u1ecbnh<\/strong>\u00a0\u0111\u1ed3ng th\u1eddi\u00a0<strong>ti\u1ebft ki\u1ec7m n\u0103ng l\u01b0\u1ee3ng<\/strong>.<\/p>\n<p><a class=\"img-popup\" title=\"\" href=\"https:\/\/sieuthimaylanh.com\/uploads\/product\/02_2023\/tiet-kiem-nang-luong-dan-nong-multi-panasonic-inverter-2-0hp-cu-2u18ybz-model-2023.webp.webp\" rel=\"gallery\"><img decoding=\"async\" src=\"https:\/\/sieuthimaylanh.com\/uploads\/product\/02_2023\/tiet-kiem-nang-luong-dan-nong-multi-panasonic-inverter-2-0hp-cu-2u18ybz-model-2023.webp.webp\" alt=\"\" \/><\/a><\/p>\n<h2 id=\"\u0110\u1ed9_b\u1ec1n_cao\">\u0110\u1ed9 b\u1ec1n cao<\/h2>\n<p><strong>D\u00e0n n\u00f3ng Multi Panasonic CU-4U34YBZ<\/strong>\u00a0c\u00f3 \u0111\u1ed9 b\u1ec1n cao trong th\u1eddi gian d\u00e0i d\u01b0\u1edbi nhi\u1ec1u \u0111i\u1ec1u ki\u1ec7n th\u1eddi ti\u1ebft nh\u1eb1m \u0111\u1ea1t \u0111\u01b0\u1ee3c hi\u1ec7u su\u1ea5t t\u1ed1i \u01b0u.<\/p>\n<ul>\n<li>C\u00e1nh t\u1ea3n nhi\u1ec7t xanh ch\u1ed1ng \u0103n m\u00f2n v\u00e0 ch\u1ed1ng g\u1ec9.<\/li>\n<li>D\u00e0n trao \u0111\u1ed5i nhi\u1ec7t b\u1eb1ng \u0111\u1ed3ng gi\u00fap truy\u1ec1n t\u1ea3i nhi\u1ec7t t\u1ed1t h\u01a1n.<\/li>\n<li>D\u00e0n n\u00f3ng \u0111\u01b0\u1ee3c s\u01a1n ph\u1ee7 ch\u1ed1ng \u0103n m\u00f2n.<\/li>\n<li>Bo m\u1ea1ch ch\u1ed1ng th\u1ea5m n\u01b0\u1edbc (PCB).<\/li>\n<\/ul>\n<p><a class=\"img-popup\" title=\"\" href=\"https:\/\/sieuthimaylanh.com\/uploads\/product\/02_2023\/do-ben-dan-nong-multi-panasonic-inverter-4-0hp-cu-4u34ybz-model-2023.webp\" rel=\"gallery\"><img decoding=\"async\" src=\"https:\/\/sieuthimaylanh.com\/uploads\/product\/02_2023\/do-ben-dan-nong-multi-panasonic-inverter-4-0hp-cu-4u34ybz-model-2023.webp\" alt=\"\" \/><\/a><\/p>\n<h2 id=\"\u01afu_\u0111i\u1ec3m_n\u1ed5i_b\u1eadt\">\u01afu \u0111i\u1ec3m n\u1ed5i b\u1eadt<\/h2>\n<p>&#8211;\u00a0<strong>D\u00e0n n\u00f3ng k\u1ebft n\u1ed1i linh ho\u1ea1t nhi\u1ec1u ch\u1ee7ng lo\u1ea1i d\u00e0n l\u1ea1nh<\/strong>\u00a0\u0111\u1ec3 l\u1ef1a ch\u1ecdn ph\u00f9 h\u1ee3p v\u1edbi c\u00e1c thi\u1ebft k\u1ebf nh\u00e0 \u1edf kh\u00e1c nhau.<\/p>\n<p>&#8211;\u00a0<strong>Nhi\u1ec1u d\u00e0n l\u1ea1nh \u0111\u01b0\u1ee3c k\u1ebft n\u1ed1i \u0111\u1ed9c l\u1eadp v\u1edbi m\u1ed9t d\u00e0n n\u00f3ng<\/strong>, cho ph\u00e9p\u00a0<strong>\u0111i\u1ec1u khi\u1ec3n ri\u00eang t\u1eebng d\u00e0n l\u1ea1nh<\/strong>\u00a0ph\u00f9 h\u1ee3p cho t\u1eebng ph\u00f2ng theo nhu c\u1ea7u.<\/p>\n<p>&#8211;\u00a0<strong>Ti\u1ebft ki\u1ec7m kh\u00f4ng gian\u00a0<\/strong>b\u00ean ngo\u00e0i ng\u00f4i nh\u00e0 ch\u1ec9 v\u1edbi m\u1ed9t d\u00e0n n\u00f3ng. M\u1ed9t gi\u1ea3i ph\u00e1p g\u1ecdn g\u00e0ng, l\u00fd t\u01b0\u1edfng cho c\u00e1c t\u00f2a nh\u00e0 chung c\u01b0 hi\u1ec7n nay.<\/p>\n<p>&#8211;\u00a0<strong>T\u1ea3n nhi\u1ec7t t\u1ed1t h\u01a1n\u00a0<\/strong>duy tr\u00ec hi\u1ec7u qu\u1ea3 cao,\u00a0<strong>tr\u00e1nh \u0111\u01b0\u1ee3c hi\u1ec7n t\u01b0\u1ee3ng qu\u00e1 nhi\u1ec7t, h\u1ea1n ch\u1ebf kh\u1ea3 n\u0103ng l\u00e0m h\u1ecfng ho\u1eb7c gi\u1ea3m tu\u1ed5i th\u1ecd c\u1ee7a d\u00e0n n\u00f3ng<\/strong>.<\/p>\n<p>&#8211;\u00a0<strong>L\u1eafp \u0111\u1eb7t d\u1ec5 d\u00e0ng v\u00e0 linh ho\u1ea1t\u00a0<\/strong>h\u01a1n nh\u1edd d\u00e0n n\u00f3ng \u0111\u01b0\u1ee3c c\u1ea3i ti\u1ebfn, kh\u00f4ng ph\u00e1t sinh b\u1ea5t k\u00ec chi ph\u00ed n\u00e0o cho vi\u1ec7c n\u1ea1p gas v\u00e0o d\u00e0n n\u00f3ng khi l\u1eafp \u0111\u1eb7t l\u1ea7n \u0111\u1ea7u, ngay c\u1ea3 khi chi\u1ec1u d\u00e0i \u0111\u01b0\u1eddng \u1ed1ng \u0111\u00e3 \u0111\u01b0\u1ee3c t\u0103ng c\u01b0\u1eddng.<\/p>\n<p><a class=\"img-popup\" title=\"\" href=\"https:\/\/sieuthimaylanh.com\/uploads\/product\/02_2023\/uu-diem-dan-nong-multi-panasonic-inverter-4-0hp-cu-4u34ybz-model-2023.webp\" rel=\"gallery\"><img decoding=\"async\" src=\"https:\/\/sieuthimaylanh.com\/uploads\/product\/02_2023\/uu-diem-dan-nong-multi-panasonic-inverter-4-0hp-cu-4u34ybz-model-2023.webp\" alt=\"\" \/><\/a><\/p>\n<h2 id=\"Th\u00f4ng_s\u1ed1_k\u1ef9_thu\u1eadt\">Th\u00f4ng s\u1ed1 k\u1ef9 thu\u1eadt<\/h2>\n<p><a class=\"img-popup\" title=\"\" href=\"https:\/\/sieuthimaylanh.com\/uploads\/product\/02_2023\/thong-so-dan-nong-multi-panasonic-inverter-2-0hp-cu-2u18ybz-model-2023.webp\" rel=\"gallery\"><img decoding=\"async\" src=\"https:\/\/sieuthimaylanh.com\/uploads\/product\/02_2023\/thong-so-dan-nong-multi-panasonic-inverter-2-0hp-cu-2u18ybz-model-2023.webp\" alt=\"\" \/><\/a><\/p>\n","protected":false},"excerpt":{"rendered":"<table class=\"table-digitals\">\n<tbody>\n<tr class=\"row-title\">\n<td colspan=\"2\"><strong class=\"row0\">Th\u00f4ng s\u1ed1 k\u1ef9 thu\u1eadt<\/strong><\/td>\n<\/tr>\n<tr class=\"row-item\">\n<td class=\"row0\">Xu\u1ea5t x\u1ee9<\/td>\n<td class=\"row1\">Th\u01b0\u01a1ng hi\u1ec7u : Nh\u1eadt &#8211; S\u1ea3n xu\u1ea5t t\u1ea1i : Malaysia<\/td>\n<\/tr>\n<tr class=\"row-item\">\n<td class=\"row0\">Lo\u1ea1i Gas l\u1ea1nh<\/td>\n<td class=\"row1\">R32<\/td>\n<\/tr>\n<tr class=\"row-item\">\n<td class=\"row0\">Lo\u1ea1i m\u00e1y<\/td>\n<td class=\"row1\">Inverter &#8211; Lo\u1ea1i 1 chi\u1ec1u (ch\u1ec9 l\u00e0m l\u1ea1nh)<\/td>\n<\/tr>\n<tr class=\"row-item\">\n<td class=\"row0\">C\u00f4ng su\u1ea5t l\u00e0m l\u1ea1nh<\/td>\n<td class=\"row1\">4.0 HP (4.0 Ng\u1ef1a) &#8211; 32.400 Btu\/h &#8211; 9.5 kW<\/td>\n<\/tr>\n<tr class=\"row-item\">\n<td class=\"row0\">S\u1eed d\u1ee5ng cho ph\u00f2ng<\/td>\n<td class=\"row1\">M\u1ed9t d\u00e0n n\u00f3ng 4.0Hp k\u1ebft h\u1ee3p t\u1ed1i \u0111a v\u1edbi 4 d\u00e0n l\u1ea1nh (vui l\u00f2ng li\u00ean h\u1ec7 nh\u00e2n vi\u00ean t\u01b0 v\u1ea5n \u0111\u1ec3 bi\u1ebft th\u00eam v\u1ec1 vi\u1ec7c k\u1ebft h\u1ee3p c\u00e1c d\u00e0n l\u1ea1nh v\u00e0 h\u1ec7 s\u1ed1 \u0111\u1ed3ng th\u1eddi c\u1ee7a m\u00e1y)<\/td>\n<\/tr>\n<tr class=\"row-item\">\n<td class=\"row0\">Ngu\u1ed3n \u0111i\u1ec7n (Ph\/V\/Hz)<\/td>\n<td class=\"row1\">1 Pha, 220 &#8211; 240V, 50Hz<\/td>\n<\/tr>\n<tr class=\"row-item\">\n<td class=\"row0\">C\u00f4ng su\u1ea5t ti\u00eau th\u1ee5 \u0111i\u1ec7n<\/td>\n<td class=\"row1\">2.43 kW<\/td>\n<\/tr>\n<tr class=\"row-item\">\n<td class=\"row0\">K\u00edch th\u01b0\u1edbc \u1ed1ng \u0111\u1ed3ng Gas (mm)<\/td>\n<td class=\"row1\">6\/10<\/td>\n<\/tr>\n<tr class=\"row-item\">\n<td class=\"row0\">Chi\u1ec1u d\u00e0i \u1ed1ng gas t\u1ed1i \u0111a (m)<\/td>\n<td class=\"row1\">70m (T\u1ed5ng c\u1ed9ng) \/ 30 m (T\u1eebng ph\u00f2ng)<\/td>\n<\/tr>\n<tr class=\"row-item\">\n<td class=\"row0\">Ch\u00eanh l\u1ec7ch \u0111\u1ed9 cao (t\u1ed1i \u0111a) (m)<\/td>\n<td class=\"row1\">15 m<\/td>\n<\/tr>\n<tr class=\"row-item\">\n<td class=\"row0\">Hi\u1ec7u su\u1ea5t n\u0103ng l\u01b0\u1ee3ng (EER)<\/td>\n<td class=\"row1\">3.91<\/td>\n<\/tr>\n<tr class=\"row-title\">\n<td colspan=\"2\"><strong class=\"row0\">D\u00e0n N\u00f3ng<\/strong><\/td>\n<\/tr>\n<tr class=\"row-item\">\n<td class=\"row0\">Model d\u00e0n n\u00f3ng<\/td>\n<td class=\"row1\">CU-4U34YBZ<\/td>\n<\/tr>\n<tr class=\"row-item\">\n<td class=\"row0\">K\u00edch th\u01b0\u1edbc d\u00e0n n\u00f3ng (mm)<\/td>\n<td class=\"row1\">79.5 x 87.5 x 32 cm<\/td>\n<\/tr>\n<tr class=\"row-item\">\n<td class=\"row0\">Tr\u1ecdng l\u01b0\u1ee3ng d\u00e0n n\u00f3ng (Kg)<\/td>\n<td class=\"row1\">58 Kg<\/td>\n<\/tr>\n<\/tbody>\n<\/table>\n","protected":false},"featured_media":964,"comment_status":"open","ping_status":"closed","template":"","meta":{"wprm-recipe-roundup-name":"","wprm-recipe-roundup-description":""},"product_brand":[],"product_cat":[157],"product_tag":[],"class_list":{"0":"post-962","1":"product","2":"type-product","3":"status-publish","4":"has-post-thumbnail","6":"thuong-hieu-panasonic","7":"product_cat-may-lanh-multi-split","8":"pa_cong-suat-lam-lanh-4-0-hp","10":"first","11":"instock","12":"sale","13":"taxable","14":"shipping-taxable","15":"purchasable","16":"product-type-simple"},"_links":{"self":[{"href":"https:\/\/maylanhlamhoanglong.com\/index.php?rest_route=\/wp\/v2\/product\/962","targetHints":{"allow":["GET"]}}],"collection":[{"href":"https:\/\/maylanhlamhoanglong.com\/index.php?rest_route=\/wp\/v2\/product"}],"about":[{"href":"https:\/\/maylanhlamhoanglong.com\/index.php?rest_route=\/wp\/v2\/types\/product"}],"replies":[{"embeddable":true,"href":"https:\/\/maylanhlamhoanglong.com\/index.php?rest_route=%2Fwp%2Fv2%2Fcomments&post=962"}],"wp:featuredmedia":[{"embeddable":true,"href":"https:\/\/maylanhlamhoanglong.com\/index.php?rest_route=\/wp\/v2\/media\/964"}],"wp:attachment":[{"href":"https:\/\/maylanhlamhoanglong.com\/index.php?rest_route=%2Fwp%2Fv2%2Fmedia&parent=962"}],"wp:term":[{"taxonomy":"product_brand","embeddable":true,"href":"https:\/\/maylanhlamhoanglong.com\/index.php?rest_route=%2Fwp%2Fv2%2Fproduct_brand&post=962"},{"taxonomy":"product_cat","embeddable":true,"href":"https:\/\/maylanhlamhoanglong.com\/index.php?rest_route=%2Fwp%2Fv2%2Fproduct_cat&post=962"},{"taxonomy":"product_tag","embeddable":true,"href":"https:\/\/maylanhlamhoanglong.com\/index.php?rest_route=%2Fwp%2Fv2%2Fproduct_tag&post=962"}],"curies":[{"name":"wp","href":"https:\/\/api.w.org\/{rel}","templated":true}]}}