{"id":947,"date":"2025-03-06T09:52:18","date_gmt":"2025-03-06T02:52:18","guid":{"rendered":"https:\/\/maylanhlamhoanglong.com\/?post_type=product&#038;p=947"},"modified":"2025-03-06T09:52:18","modified_gmt":"2025-03-06T02:52:18","slug":"may-lanh-am-tran-airwell-2hp-amc18f-01m","status":"publish","type":"product","link":"https:\/\/maylanhlamhoanglong.com\/?product=may-lanh-am-tran-airwell-2hp-amc18f-01m","title":{"rendered":"M\u00e1y l\u1ea1nh \u00e2m tr\u1ea7n Airwell 2Hp AMC18F-01M"},"content":{"rendered":"<div class=\"entry-title\">M\u00f4 t\u1ea3 s\u1ea3n ph\u1ea9m<\/div>\n<div class=\"entry entry-content\">\n<div class=\"entry-desc\">\n<p><a class=\"img-popup\" title=\"\" href=\"https:\/\/sieuthimaylanh.com\/uploads\/product\/12_2024\/thuong_hieu_may_lanh_airwell.jpg\" rel=\"gallery\"><img decoding=\"async\" src=\"https:\/\/sieuthimaylanh.com\/uploads\/product\/12_2024\/thuong_hieu_may_lanh_airwell.jpg\" alt=\"\" \/><\/a><\/p>\n<p><strong>M\u00e1y l\u1ea1nh \u00e2m tr\u1ea7n Airwell thi\u1ebft k\u1ebf hi\u1ec7n \u0111\u1ea1i v\u1edbi lu\u1ed3n gi\u00f3 360 \u0111\u1ed9 ph\u00f9 h\u1ee3p nhi\u1ec1u kh\u00f4ng gian n\u1ed9i th\u1ea5t.<\/strong><\/p>\n<p><strong><a class=\"img-popup\" title=\"\" href=\"https:\/\/sieuthimaylanh.com\/uploads\/product\/12_2024\/Phoi_canh_may_lanh_am_tran_airwell.jpg\" rel=\"gallery\"><img decoding=\"async\" src=\"https:\/\/sieuthimaylanh.com\/uploads\/product\/12_2024\/Phoi_canh_may_lanh_am_tran_airwell.jpg\" alt=\"\" \/><\/a><\/strong><\/p>\n<p><strong>C\u00e1c t\u00ednh n\u0103ng ch\u00ednh c\u1ee7a d\u00f2ng m\u00e1y l\u1ea1nh \u00e2m tr\u1ea7n Airwell<\/strong><\/p>\n<ol>\n<li>Ch\u1ebf \u0111\u1ed9 \u0111\u1ea3o gi\u00f3 360 \u0111\u1ed9<\/li>\n<li>M\u00e0n h\u00ecnh hi\u1ec3n th\u1ecb tr\u00ean d\u00e0n l\u1ea1nh.<\/li>\n<li>H\u1ec7 th\u1ed1ng gi\u00f3 t\u01b0\u01a1i c\u00f3 th\u1ec3 k\u1ebft n\u1ed1i v\u00e0o l\u1ed7 c\u00f3 s\u1eb5n tr\u00ean d\u00e0n l\u1ea1nh.<\/li>\n<li>B\u01a1m n\u01b0\u1edbc ng\u01b0ng \u0111\u01b0\u1ee3c t\u00edch h\u1ee3p s\u1eb5n, \u0111\u1ed9 n\u00e2ng \u0111\u01b0\u1eddng \u1ed1ng t\u1eeb 750mm l\u00ean t\u1edbi 1000mm.<\/li>\n<li>C\u00f4ng t\u1eafc t\u1eeb xa, \u0111\u00e8n, chu\u00f4ng b\u00e1o c\u00f3 th\u1ec3 d\u1ec5 d\u00e0ng k\u1ebft n\u1ed1i v\u00e0o ch\u1ebf \u0111\u1ed9 b\u00e1o \u0111\u1ed9ng v\u00e0 xu\u1ea5t ra t\u00edn hi\u1ec7u c\u1ea3nh b\u00e1o.<\/li>\n<li>Ch\u1ebf \u0111\u1ed9 l\u00e0m l\u1ea1nh nhanh (Turbo) \u0111\u01b0\u1ee3c t\u00edch h\u1ee3p s\u1eb5n tr\u00ean \u0111i\u1ec1u khi\u1ec3n t\u1eeb xa.<\/li>\n<li>Golden Fin b\u1ea3o v\u1ec7 ch\u1ed1ng \u0103n m\u00f2n, \u0111\u1ea3m b\u1ea3o \u0111\u1ed9 b\u1ec1n cho c\u1ea3 d\u00e0n n\u00f3ng v\u00e0 d\u00e0n l\u1ea1nh.<\/li>\n<li>B\u01a1m n\u01b0\u1edbc ng\u01b0ng \u0111\u01b0\u1ee3c ch h\u1ee3p s\u1eb5n b\u00ean ngo\u00e0i. Ch\u1ec9 m\u1ea5t 10 ph\u00fat cho thao t\u00e1c l\u1eafp \u0111\u1eb7t thay th\u1ebf.<\/li>\n<li>\u0110\u1ed9 n\u00e2ng \u0111\u01b0\u1eddng \u1ed1ng t\u0103ng t\u1eeb 750mm l\u00ean 1000mm, kh\u1ea3 n\u0103ng tho\u00e1t n\u01b0\u1edbc cao h\u01a1n. Thu\u1eadn ti\u1ec7n khi l\u1eafp \u0111\u1eb7t \u0111\u01b0\u1eddng \u1ed1ng tho\u00e1t n\u01b0\u1edbc trong \u0111i\u1ec1u ki\u1ec7n kh\u00f4ng gian r\u1ed9ng l\u1edbn.<br \/>\n<a class=\"img-popup\" title=\"\" href=\"https:\/\/sieuthimaylanh.com\/uploads\/product\/12_2024\/bom_nuoc_ngung_may_lanh_am_tran_airwell.jpg\" rel=\"gallery\"><img decoding=\"async\" src=\"https:\/\/sieuthimaylanh.com\/uploads\/product\/12_2024\/bom_nuoc_ngung_may_lanh_am_tran_airwell.jpg\" alt=\"\" \/><\/a><\/li>\n<\/ol>\n<p>&nbsp;<\/p>\n<p><strong>Th\u00f4ng s\u1ed1 k\u1ef9 thu\u1eadt d\u00f2ng m\u00e1y l\u1ea1nh \u00e2m tr\u1ea7n mono Airwell<\/strong><\/p>\n<p><strong><a class=\"img-popup\" title=\"\" href=\"https:\/\/sieuthimaylanh.com\/uploads\/product\/12_2024\/thong_so_ky_thuat_may_lanh_am_tran_airwell.jpg\" rel=\"gallery\"><img decoding=\"async\" src=\"https:\/\/sieuthimaylanh.com\/uploads\/product\/12_2024\/thong_so_ky_thuat_may_lanh_am_tran_airwell.jpg\" alt=\"\" \/><\/a><\/strong><\/p>\n<\/div>\n<\/div>\n","protected":false},"excerpt":{"rendered":"<table class=\"table-digitals\">\n<tbody>\n<tr class=\"row-title\">\n<td colspan=\"2\"><strong class=\"row0\">Th\u00f4ng s\u1ed1 k\u1ef9 thu\u1eadt<\/strong><\/td>\n<\/tr>\n<tr class=\"row-item\">\n<td class=\"row0\">Xu\u1ea5t x\u1ee9<\/td>\n<td class=\"row1\">Th\u01b0\u01a1ng hi\u1ec7u Ph\u00e1p, S\u1ea3n xu\u1ea5t t\u1ea1i Th\u00e1i Lan<\/td>\n<\/tr>\n<tr class=\"row-item\">\n<td class=\"row0\">Lo\u1ea1i Gas l\u1ea1nh<\/td>\n<td class=\"row1\">R32<\/td>\n<\/tr>\n<tr class=\"row-item\">\n<td class=\"row0\">Lo\u1ea1i m\u00e1y<\/td>\n<td class=\"row1\">Mono 1 chi\u1ec1u l\u1ea1nh<\/td>\n<\/tr>\n<tr class=\"row-item\">\n<td class=\"row0\">C\u00f4ng su\u1ea5t l\u00e0m l\u1ea1nh<\/td>\n<td class=\"row1\">2Hp ~ 18000 Btu\/h , 5.3kw<\/td>\n<\/tr>\n<tr class=\"row-item\">\n<td class=\"row0\">S\u1eed d\u1ee5ng cho ph\u00f2ng<\/td>\n<td class=\"row1\">D\u01b0\u1edbi 25m2<\/td>\n<\/tr>\n<tr class=\"row-item\">\n<td class=\"row0\">Ngu\u1ed3n \u0111i\u1ec7n (Ph\/V\/Hz)<\/td>\n<td class=\"row1\">1 pha, 220-240V,50Hz<\/td>\n<\/tr>\n<tr class=\"row-item\">\n<td class=\"row0\">C\u00f4ng su\u1ea5t ti\u00eau th\u1ee5 \u0111i\u1ec7n<\/td>\n<td class=\"row1\">1600w ( D\u00f2ng \u0111\u1ecbnh m\u1ee9c 12A)<\/td>\n<\/tr>\n<tr class=\"row-item\">\n<td class=\"row0\">K\u00edch th\u01b0\u1edbc \u1ed1ng \u0111\u1ed3ng Gas (mm)<\/td>\n<td class=\"row1\">6\/12<\/td>\n<\/tr>\n<tr class=\"row-item\">\n<td class=\"row0\">Chi\u1ec1u d\u00e0i \u1ed1ng gas t\u1ed1i \u0111a (m)<\/td>\n<td class=\"row1\">25m<\/td>\n<\/tr>\n<tr class=\"row-item\">\n<td class=\"row0\">Ch\u00eanh l\u1ec7ch \u0111\u1ed9 cao (t\u1ed1i \u0111a) (m)<\/td>\n<td class=\"row1\">15m<\/td>\n<\/tr>\n<tr class=\"row-item\">\n<td class=\"row0\">Hi\u1ec7u su\u1ea5t n\u0103ng l\u01b0\u1ee3ng (EER)<\/td>\n<td class=\"row1\">3.3<\/td>\n<\/tr>\n<tr class=\"row-title\">\n<td colspan=\"2\"><strong class=\"row0\">D\u00e0n L\u1ea1nh<\/strong><\/td>\n<\/tr>\n<tr class=\"row-item\">\n<td class=\"row0\">Model d\u00e0n l\u1ea1nh<\/td>\n<td class=\"row1\">AMC18F-01M<\/td>\n<\/tr>\n<tr class=\"row-item\">\n<td class=\"row0\">K\u00edch th\u01b0\u1edbc d\u00e0n l\u1ea1nh (mm)<\/td>\n<td class=\"row1\">830x830x205 mm<\/td>\n<\/tr>\n<tr class=\"row-item\">\n<td class=\"row0\">Tr\u1ecdng l\u01b0\u1ee3ng d\u00e0n l\u1ea1nh (Kg)<\/td>\n<td class=\"row1\">22.2 \/ 26 Kg ( tr\u1ecdng l\u01b0\u1ee3ng t\u1ecbnh \/ \u0111\u00f3ng g\u00f3i)<\/td>\n<\/tr>\n<tr class=\"row-title\">\n<td colspan=\"2\"><strong class=\"row0\">M\u1eb7t N\u1ea1<\/strong><\/td>\n<\/tr>\n<tr class=\"row-item\">\n<td class=\"row0\">K\u00edch th\u01b0\u1edbc m\u1eb7t n\u1ea1 (mm)<\/td>\n<td class=\"row1\">T-AMC-01 , 950x950x55 mm<\/td>\n<\/tr>\n<tr class=\"row-item\">\n<td class=\"row0\">Tr\u1ecdng l\u01b0\u1ee3ng m\u1eb7t n\u1ea1 (Kg)<\/td>\n<td class=\"row1\">6\/9Kg<\/td>\n<\/tr>\n<tr class=\"row-title\">\n<td colspan=\"2\"><strong class=\"row0\">D\u00e0n N\u00f3ng<\/strong><\/td>\n<\/tr>\n<tr class=\"row-item\">\n<td class=\"row0\">Model d\u00e0n n\u00f3ng<\/td>\n<td class=\"row1\">AMH18F-01M<\/td>\n<\/tr>\n<tr class=\"row-item\">\n<td class=\"row0\">K\u00edch th\u01b0\u1edbc d\u00e0n n\u00f3ng (mm)<\/td>\n<td class=\"row1\">805x330x554 mm<\/td>\n<\/tr>\n<tr class=\"row-item\">\n<td class=\"row0\">Tr\u1ecdng l\u01b0\u1ee3ng d\u00e0n n\u00f3ng (Kg)<\/td>\n<td class=\"row1\">38.9 \/ 41.5 ( tr\u1ecdng l\u01b0\u1ee3ng t\u1ecbnh \/ \u0111\u00f3ng g\u00f3i)<\/td>\n<\/tr>\n<\/tbody>\n<\/table>\n<div class=\"box-option-extra entry\"><em>Di\u1ec7n t\u00edch v\u00e0 kh\u1ed1i kh\u00f4ng kh\u00ed t\u00ednh theo ph\u00f2ng trong \u0111i\u1ec1u ki\u1ec7n l\u00fd t\u01b0\u1edfng, ph\u00f2ng k\u00edn, t\u01b0\u1eddng b\u00ea t\u00f4ng, c\u00e1ch nhi\u1ec7t chu\u1ea9n.<\/em><\/div>\n","protected":false},"featured_media":948,"comment_status":"open","ping_status":"closed","template":"","meta":{"wprm-recipe-roundup-name":"","wprm-recipe-roundup-description":""},"product_brand":[],"product_cat":[116],"product_tag":[],"class_list":{"0":"post-947","1":"product","2":"type-product","3":"status-publish","4":"has-post-thumbnail","6":"thuong-hieu-airwell","7":"product_cat-may-lanh-am-tran","8":"pa_cong-nghe-mono","10":"first","11":"instock","12":"sale","13":"taxable","14":"shipping-taxable","15":"purchasable","16":"product-type-simple"},"_links":{"self":[{"href":"https:\/\/maylanhlamhoanglong.com\/index.php?rest_route=\/wp\/v2\/product\/947","targetHints":{"allow":["GET"]}}],"collection":[{"href":"https:\/\/maylanhlamhoanglong.com\/index.php?rest_route=\/wp\/v2\/product"}],"about":[{"href":"https:\/\/maylanhlamhoanglong.com\/index.php?rest_route=\/wp\/v2\/types\/product"}],"replies":[{"embeddable":true,"href":"https:\/\/maylanhlamhoanglong.com\/index.php?rest_route=%2Fwp%2Fv2%2Fcomments&post=947"}],"wp:featuredmedia":[{"embeddable":true,"href":"https:\/\/maylanhlamhoanglong.com\/index.php?rest_route=\/wp\/v2\/media\/948"}],"wp:attachment":[{"href":"https:\/\/maylanhlamhoanglong.com\/index.php?rest_route=%2Fwp%2Fv2%2Fmedia&parent=947"}],"wp:term":[{"taxonomy":"product_brand","embeddable":true,"href":"https:\/\/maylanhlamhoanglong.com\/index.php?rest_route=%2Fwp%2Fv2%2Fproduct_brand&post=947"},{"taxonomy":"product_cat","embeddable":true,"href":"https:\/\/maylanhlamhoanglong.com\/index.php?rest_route=%2Fwp%2Fv2%2Fproduct_cat&post=947"},{"taxonomy":"product_tag","embeddable":true,"href":"https:\/\/maylanhlamhoanglong.com\/index.php?rest_route=%2Fwp%2Fv2%2Fproduct_tag&post=947"}],"curies":[{"name":"wp","href":"https:\/\/api.w.org\/{rel}","templated":true}]}}