{"id":1603,"date":"2025-03-22T12:25:47","date_gmt":"2025-03-22T05:25:47","guid":{"rendered":"https:\/\/maylanhlamhoanglong.com\/?post_type=product&#038;p=1603"},"modified":"2025-03-22T12:26:08","modified_gmt":"2025-03-22T05:26:08","slug":"may-lanh-am-tran-inverter-aqua-5hp-1u125s1pn1sb-ab125s2lr1fa","status":"publish","type":"product","link":"https:\/\/maylanhlamhoanglong.com\/?product=may-lanh-am-tran-inverter-aqua-5hp-1u125s1pn1sb-ab125s2lr1fa","title":{"rendered":"M\u00e1y l\u1ea1nh \u00e2m tr\u1ea7n inverter Aqua 5Hp 1U125S1PN1SB\/AB125S2LR1FA"},"content":{"rendered":"<div class=\"entry-title\">M\u00f4 t\u1ea3 s\u1ea3n ph\u1ea9m<\/div>\n<div class=\"entry entry-content\">\n<div class=\"entry-desc\">\n<p>M\u00e1y l\u1ea1nh \u00e2m tr\u1ea7n inverter Aqua 5Hp 1U125S1PN1SB\/AB125S2LR1FAph\u00f9 h\u1ee3p ph\u00f2ng kh\u00e1ch, ph\u00f2ng \u0103n, nh\u00e0 h\u00e0ng. h\u1ed9i tr\u01b0\u1eddng v\u1edbi ki\u1ec3u d\u00e1ng m\u1eb7t n\u1ea1 ti\u00eau chu\u1ea9n 950x950mm, di\u1ec7n t\u00edch ph\u00f2ng ti\u00eau chu\u1ea9n c\u00f3 th\u1ec3 \u0111\u1ea1t 75m2<\/p>\n<p><strong>D\u00d2NG M\u00c1Y L\u1ea0NH \u00c2M TR\u1ea6N \u0110A H\u01af\u1edaNG TH\u1ed4I Aqua 5Hp 1U125S1PN1SB\/AB125S2LR1FA<\/strong><br \/>\n<strong>T\u1ed1t Cho S\u1ee9c Kh\u1ecfe v\u1edbi Ch\u1ebf \u0111\u1ed9 t\u1ef1 l\u00e0m s\u1ea1ch<\/strong><br \/>\n\u0110\u00f3ng b\u0103ng thi\u1ebft b\u1ecb bay h\u01a1i nh\u1edd v\u00e0o \u0111\u1ed9 \u1ea9m trong kh\u00f4ng kh\u00ed v\u00e0 lo\u1ea1i b\u1ecf b\u1ee5i b\u1ea9n khi tan ch\u1ea3y kh\u1ed1i b\u0103ng n\u00e0y, d\u1ec5 d\u00e0ng \u0111\u1ea3m b\u1ea3o kh\u00f4ng kh\u00ed trong l\u00e0nh tho\u00e1t ra t\u1eeb m\u00e1y \u0111i\u1ec1u h\u00f2a.<\/p>\n<p><a class=\"img-popup\" title=\"\" href=\"https:\/\/sieuthimaylanh.com\/uploads\/product\/10_2024\/may_lanh_am_tran_aqua_tu_lam_sach.jpg\" rel=\"gallery\"><img decoding=\"async\" src=\"https:\/\/sieuthimaylanh.com\/uploads\/product\/10_2024\/may_lanh_am_tran_aqua_tu_lam_sach.jpg\" alt=\"\" \/><\/a><\/p>\n<p>&nbsp;<\/p>\n<p><strong>M\u00e1y l\u1ea1nh \u00e2m tr\u1ea7n inverter Aqua 5Hp 1U125S1PN1SB\/AB125S2LR1FAc\u00f3 lu\u1ed3n gi\u00f3 c\u1ef1c m\u1ea1nh.<\/strong><br \/>\nC\u00f3 r\u1ea5t nhi\u1ec1u c\u1eeda h\u00e0ng c\u00f3 tr\u1ea7n cao 5 m\u00e9t. M\u00f4 h\u00ecnh n\u00e0y c\u00f3 th\u1ec3 \u0111\u01b0\u1ee3c l\u1eafp \u0111\u1eb7t \u1edf \u0111\u1ed9 cao 4,5m. Gi\u1ea3i ph\u00e1p t\u1ed1t nh\u1ea5t cho c\u1eeda h\u00e0ng c\u00f3 tr\u1ea7n cao.<br \/>\nD\u00f9ng b\u1ed9 \u0111i\u1ec1u khi\u1ec3n c\u00f3 d\u00e2y YR-E17A \u0111\u1ec3 th\u1ef1c hi\u1ec7n c\u00e1c ch\u1ee9c n\u0103ng d\u1ec5 d\u00e0ng.<\/p>\n<p><a class=\"img-popup\" title=\"\" href=\"https:\/\/sieuthimaylanh.com\/uploads\/product\/10_2024\/may_lanh_am_tran_aqua_inverter_luong_gio_cuc_manh.jpg\" rel=\"gallery\"><img decoding=\"async\" src=\"https:\/\/sieuthimaylanh.com\/uploads\/product\/10_2024\/may_lanh_am_tran_aqua_inverter_luong_gio_cuc_manh.jpg\" alt=\"\" \/><\/a><\/p>\n<p><strong>Phin l\u1ecdc HEPA (t\u00f9y ch\u1ecdn) khi mua m\u00e1y l\u1ea1nh \u00e2m tr\u1ea7n Aqua<\/strong><br \/>\nB\u1ee5i m\u1ecbn PM2.5 c\u00f3 \u0111\u01b0\u1eddng k\u00ednh nh\u1ecf h\u01a1n 2.5ym trong kh\u00f4ng kh\u00ed, c\u00f3 t\u00e1c \u0111\u1ed9ng ti\u00eau c\u1ef1c \u0111\u1ebfn ch\u1ea5t l\u01b0\u1ee3ng kh\u00f4ng kh\u00ed v\u00e0 t\u1ea7m nh\u00ecn. B\u1ee5i m\u1ecbn PM2.5 c\u00f3 k\u00edch th\u01b0\u1edbc h\u1ea1t nh\u1ecf, di\u1ec7n t\u00edch l\u1edbn, ho\u1ea1t t\u00ednh m\u1ea1nh, d\u1ec5 mang theo c\u00e1c ch\u1ea5t \u0111\u1ed9c h\u1ea1i (nh\u01b0 kim lo\u1ea1i n\u1eb7ng, vi sinh v\u1eadt&#8230;) th\u1eddi gian t\u1ed3n t\u1ea1i trong kh\u00ed quy\u1ec3n d\u00e0i v\u00e0 qu\u00e3ng \u0111\u01b0\u1eddng v\u1eadn chuy\u1ec3n xa n\u00ean c\u00f3 s\u1ee9c \u1ea3nh h\u01b0\u1edfng \u0111\u1ebfn s\u1ee9c kh\u1ecfe con ng\u01b0\u1eddi v\u00e0 ch\u1ea5t l\u01b0\u1ee3ng m\u00f4i tr\u01b0\u1eddng.<br \/>\nPhin l\u1ecdc HEPA gi\u00fap lo\u1ea1i b\u1ecf b\u1ee5i PM2.5 v\u1edbi hi\u1ec7u su\u1ea5t l\u1ecdc l\u00ean cao l\u00ean \u0111\u1ebfn 99.9% m\u1ed7i hai gi\u1edd.<\/p>\n<p><a class=\"img-popup\" title=\"\" href=\"https:\/\/sieuthimaylanh.com\/uploads\/product\/10_2024\/luoi_loc_bui_min_may_lanh_am_tran_inverte_aqua.jpg\" rel=\"gallery\"><img decoding=\"async\" src=\"https:\/\/sieuthimaylanh.com\/uploads\/product\/10_2024\/luoi_loc_bui_min_may_lanh_am_tran_inverte_aqua.jpg\" alt=\"\" \/><\/a><\/p>\n<p>&nbsp;<\/p>\n<p><strong>Ti\u1ebft Ki\u1ec7m N\u0103ng L\u01b0\u1ee3ng v\u1edbi \u0110\u1ed9ng c\u01a1 qu\u1ea1t DC th\u1ebf h\u1ec7 m\u1edbi trong m\u00e1y l\u1ea1nh \u00e2m tr\u1ea7n Aqua inverter<\/strong><br \/>\nAQUA s\u1eed d\u1ee5ng \u0111\u1ed9ng c\u01a1 qu\u1ea1t DC, so v\u1edbi \u0111\u1ed9ng c\u01a1 qu\u1ea1t AC th\u00f4ng th\u01b0\u1eddng. \u0110\u1ed9ng c\u01a1 qu\u1ea1t DC hi\u1ec7u qu\u1ea3 h\u01a1n, tham kh\u1ea3o b\u1ea3ng nghi\u00ean c\u1ee9u sau \u0111\u00e2y.<\/p>\n<p>&nbsp;<\/p>\n<p><a class=\"img-popup\" title=\"\" href=\"https:\/\/sieuthimaylanh.com\/uploads\/product\/10_2024\/may_lanh_am_tran_inverter_aqua_quat_dc_tiet_kiem_dien_toi_da.jpg\" rel=\"gallery\"><img decoding=\"async\" src=\"https:\/\/sieuthimaylanh.com\/uploads\/product\/10_2024\/may_lanh_am_tran_inverter_aqua_quat_dc_tiet_kiem_dien_toi_da.jpg\" alt=\"\" \/><\/a><\/p>\n<\/div>\n<\/div>\n","protected":false},"excerpt":{"rendered":"<table class=\"table-digitals\">\n<tbody>\n<tr class=\"row-title\">\n<td colspan=\"2\"><strong class=\"row0\">Th\u00f4ng s\u1ed1 k\u1ef9 thu\u1eadt<\/strong><\/td>\n<\/tr>\n<tr class=\"row-item\">\n<td class=\"row0\">Xu\u1ea5t x\u1ee9<\/td>\n<td class=\"row1\">Th\u01b0\u01a1ng hi\u1ec7u Nh\u1eadt , s\u1ea3n xu\u1ea5t t\u1ea1i Trung Qu\u1ed1c<\/td>\n<\/tr>\n<tr class=\"row-item\">\n<td class=\"row0\">Lo\u1ea1i Gas l\u1ea1nh<\/td>\n<td class=\"row1\">R32<\/td>\n<\/tr>\n<tr class=\"row-item\">\n<td class=\"row0\">Lo\u1ea1i m\u00e1y<\/td>\n<td class=\"row1\">Inverter &#8211; Lo\u1ea1i 1 chi\u1ec1u (ch\u1ec9 l\u00e0m l\u1ea1nh)<\/td>\n<\/tr>\n<tr class=\"row-item\">\n<td class=\"row0\">C\u00f4ng su\u1ea5t l\u00e0m l\u1ea1nh<\/td>\n<td class=\"row1\">5Hp ~ 42.600 (15.300-43.600)Btu\/h<\/td>\n<\/tr>\n<tr class=\"row-item\">\n<td class=\"row0\">S\u1eed d\u1ee5ng cho ph\u00f2ng<\/td>\n<td class=\"row1\">d\u01b0\u1edbi 75m2<\/td>\n<\/tr>\n<tr class=\"row-item\">\n<td class=\"row0\">Ngu\u1ed3n \u0111i\u1ec7n (Ph\/V\/Hz)<\/td>\n<td class=\"row1\">3 phase, 380V, 50Hz<\/td>\n<\/tr>\n<tr class=\"row-item\">\n<td class=\"row0\">K\u00edch th\u01b0\u1edbc \u1ed1ng \u0111\u1ed3ng Gas (mm)<\/td>\n<td class=\"row1\">10\/16<\/td>\n<\/tr>\n<tr class=\"row-item\">\n<td class=\"row0\">Chi\u1ec1u d\u00e0i \u1ed1ng gas t\u1ed1i \u0111a (m)<\/td>\n<td class=\"row1\">50m<\/td>\n<\/tr>\n<tr class=\"row-item\">\n<td class=\"row0\">Ch\u00eanh l\u1ec7ch \u0111\u1ed9 cao (t\u1ed1i \u0111a) (m)<\/td>\n<td class=\"row1\">30m<\/td>\n<\/tr>\n<tr class=\"row-item\">\n<td class=\"row0\">Hi\u1ec7u su\u1ea5t n\u0103ng l\u01b0\u1ee3ng CSPF<\/td>\n<td class=\"row1\">4.86<\/td>\n<\/tr>\n<tr class=\"row-title\">\n<td colspan=\"2\"><strong class=\"row0\">D\u00e0n L\u1ea1nh<\/strong><\/td>\n<\/tr>\n<tr class=\"row-item\">\n<td class=\"row0\">Model d\u00e0n l\u1ea1nh<\/td>\n<td class=\"row1\">AB125S2LR1FA<\/td>\n<\/tr>\n<tr class=\"row-item\">\n<td class=\"row0\">K\u00edch th\u01b0\u1edbc d\u00e0n l\u1ea1nh (mm)<\/td>\n<td class=\"row1\">840\/840\/288 mm ( \u0111\u00f3ng g\u00f3i 990\/990\/380 mm)<\/td>\n<\/tr>\n<tr class=\"row-item\">\n<td class=\"row0\">Tr\u1ecdng l\u01b0\u1ee3ng d\u00e0n l\u1ea1nh (Kg)<\/td>\n<td class=\"row1\">32\/38 kg ( tr\u1ecdng l\u01b0\u1ee3ng \/ \u0111\u00f3ng g\u00f3i)<\/td>\n<\/tr>\n<tr class=\"row-title\">\n<td colspan=\"2\"><strong class=\"row0\">M\u1eb7t N\u1ea1<\/strong><\/td>\n<\/tr>\n<tr class=\"row-item\">\n<td class=\"row0\">K\u00edch th\u01b0\u1edbc m\u1eb7t n\u1ea1 (mm)<\/td>\n<td class=\"row1\">950\/950\/50 mm ( \u0111\u00f3ng g\u00f3i 1000\/1000\/110 mm)<br \/>\nmodel m\u1eb7t n\u1ea1: PB-950JB (M\u1eb7t n\u1ea1 ti\u00eau chu\u1ea7n)<br \/>\nPB-950KB (M\u1eb7t n\u1ea1 t\u00f9y ch\u1ecdn)<\/td>\n<\/tr>\n<tr class=\"row-item\">\n<td class=\"row0\">Tr\u1ecdng l\u01b0\u1ee3ng m\u1eb7t n\u1ea1 (Kg)<\/td>\n<td class=\"row1\">6.5\/9 kg ( tr\u1ecdng l\u01b0\u1ee3ng \/ \u0111\u00f3ng g\u00f3i)<\/td>\n<\/tr>\n<tr class=\"row-title\">\n<td colspan=\"2\"><strong class=\"row0\">D\u00e0n N\u00f3ng<\/strong><\/td>\n<\/tr>\n<tr class=\"row-item\">\n<td class=\"row0\">Model d\u00e0n n\u00f3ng<\/td>\n<td class=\"row1\">1U125S1PN1SB<\/td>\n<\/tr>\n<tr class=\"row-item\">\n<td class=\"row0\">K\u00edch th\u01b0\u1edbc d\u00e0n n\u00f3ng (mm)<\/td>\n<td class=\"row1\">950*370*965 mm ( \u0111\u00f3ng g\u00f3i 1050\/450\/1095 mm)<\/td>\n<\/tr>\n<tr class=\"row-item\">\n<td class=\"row0\">Tr\u1ecdng l\u01b0\u1ee3ng d\u00e0n n\u00f3ng (Kg)<\/td>\n<td class=\"row1\">76\/86 kg<\/td>\n<\/tr>\n<\/tbody>\n<\/table>\n","protected":false},"featured_media":1600,"comment_status":"open","ping_status":"closed","template":"","meta":{"wprm-recipe-roundup-name":"","wprm-recipe-roundup-description":""},"product_brand":[],"product_cat":[116],"product_tag":[166],"class_list":{"0":"post-1603","1":"product","2":"type-product","3":"status-publish","4":"has-post-thumbnail","6":"thuong-hieu-aqua","7":"product_cat-may-lanh-am-tran","8":"product_tag-bao-hanh-12-thang","9":"pa_cong-nghe-inverter","10":"pa_may-lanh-am-tran-cassette-5-0-hp-5-5-hp","12":"first","13":"instock","14":"sale","15":"taxable","16":"shipping-taxable","17":"purchasable","18":"product-type-simple"},"_links":{"self":[{"href":"https:\/\/maylanhlamhoanglong.com\/index.php?rest_route=\/wp\/v2\/product\/1603","targetHints":{"allow":["GET"]}}],"collection":[{"href":"https:\/\/maylanhlamhoanglong.com\/index.php?rest_route=\/wp\/v2\/product"}],"about":[{"href":"https:\/\/maylanhlamhoanglong.com\/index.php?rest_route=\/wp\/v2\/types\/product"}],"replies":[{"embeddable":true,"href":"https:\/\/maylanhlamhoanglong.com\/index.php?rest_route=%2Fwp%2Fv2%2Fcomments&post=1603"}],"wp:featuredmedia":[{"embeddable":true,"href":"https:\/\/maylanhlamhoanglong.com\/index.php?rest_route=\/wp\/v2\/media\/1600"}],"wp:attachment":[{"href":"https:\/\/maylanhlamhoanglong.com\/index.php?rest_route=%2Fwp%2Fv2%2Fmedia&parent=1603"}],"wp:term":[{"taxonomy":"product_brand","embeddable":true,"href":"https:\/\/maylanhlamhoanglong.com\/index.php?rest_route=%2Fwp%2Fv2%2Fproduct_brand&post=1603"},{"taxonomy":"product_cat","embeddable":true,"href":"https:\/\/maylanhlamhoanglong.com\/index.php?rest_route=%2Fwp%2Fv2%2Fproduct_cat&post=1603"},{"taxonomy":"product_tag","embeddable":true,"href":"https:\/\/maylanhlamhoanglong.com\/index.php?rest_route=%2Fwp%2Fv2%2Fproduct_tag&post=1603"}],"curies":[{"name":"wp","href":"https:\/\/api.w.org\/{rel}","templated":true}]}}