{"id":1593,"date":"2025-03-22T12:05:58","date_gmt":"2025-03-22T05:05:58","guid":{"rendered":"https:\/\/maylanhlamhoanglong.com\/?post_type=product&#038;p=1593"},"modified":"2025-03-22T12:05:59","modified_gmt":"2025-03-22T05:05:59","slug":"may-lanh-hisense-as-18cr4ryddj01-2hp","status":"publish","type":"product","link":"https:\/\/maylanhlamhoanglong.com\/?product=may-lanh-hisense-as-18cr4ryddj01-2hp","title":{"rendered":"M\u00e1y l\u1ea1nh Hisense AS-18CR4RYDDJ01 2HP"},"content":{"rendered":"<div class=\"entry-title\">M\u00f4 t\u1ea3 s\u1ea3n ph\u1ea9m<\/div>\n<div class=\"entry entry-content\">\n<div class=\"entry-desc\">\n<p><strong>L\u00e0m l\u1ea1nh nhanh ch\u00f3ng<\/strong><br \/>\nT\u1eadn h\u01b0\u1edfng kh\u00ed l\u1ea1nh trong m\u00e1t c\u1ea3 ng\u00e0y<br \/>\nV\u1edbi m\u1ed9t n\u00fat b\u1ea5m, m\u00e1y \u0111i\u1ec1u ho\u00e0 t\u1ea1o ra lu\u1ed3ng kh\u00ed l\u1ea1nh lan to\u1ea3 ngay t\u1ee9c th\u00ec, gi\u00fap b\u1ea1n c\u1ea3m gi\u00e1c s\u1ea3ng kho\u00e1i, th\u01b0 gi\u00e3n.<\/p>\n<p><a class=\"img-popup\" title=\"\" href=\"https:\/\/sieuthimaylanh.com\/uploads\/product\/09_2024\/lam_lanh_nhanh.webp\" rel=\"gallery\"><img decoding=\"async\" src=\"https:\/\/sieuthimaylanh.com\/uploads\/product\/09_2024\/lam_lanh_nhanh.webp\" alt=\"\" \/><\/a><\/p>\n<p><strong>Ch\u1ebf \u0111\u1ed9 ho\u1ea1t \u0111\u1ed9ng th\u00f4ng minh Smart Mode<\/strong><br \/>\nB\u1ea1n ch\u1ec9 c\u1ea7n nh\u1ea5n n\u00fat SMART, m\u00e1y \u0111i\u1ec1u ho\u00e0 Hisense s\u1ebd t\u1ef1 \u0111\u1ed9ng \u0111i\u1ec1u ch\u1ec9nh nhi\u1ec7t \u0111\u1ed9 ph\u00f2ng nh\u1edd c\u00f4ng ngh\u1ec7 Fuzzy Logic. Nhi\u1ec7t \u0111\u1ed9 v\u00e0 t\u1ed1c \u0111\u1ed9 qu\u1ea1t \u0111\u01b0\u1ee3c c\u00e0i \u0111\u1eb7t t\u1ef1 \u0111\u1ed9ng d\u1ef1a tr\u00ean nhi\u1ec7t \u0111\u1ed9 ph\u00f2ng th\u1ef1c t\u1ebf. Nh\u1edd \u0111\u00f3 s\u1ebd gi\u00fap ng\u01b0\u1eddi d\u00f9ng c\u00f3 \u0111\u01b0\u1ee3c c\u1ea3m gi\u00e1c tho\u1ea3i m\u00e1i, d\u1ec5 ch\u1ecbu nh\u1ea5t m\u00e0 kh\u00f4ng c\u1ea7n c\u00e0i \u0111\u1eb7t qu\u00e1 nhi\u1ec1u.<\/p>\n<p><a class=\"img-popup\" title=\"\" href=\"https:\/\/sieuthimaylanh.com\/uploads\/product\/09_2024\/hoat_dong_thong_minh.webp\" rel=\"gallery\"><img decoding=\"async\" src=\"https:\/\/sieuthimaylanh.com\/uploads\/product\/09_2024\/hoat_dong_thong_minh.webp\" alt=\"\" \/><\/a><\/p>\n<p><strong>Ch\u1ebf \u0111\u1ed9 ti\u1ebft ki\u1ec7m \u0111i\u1ec7n Eco Mode<\/strong><br \/>\nL\u00e0m l\u1ea1nh hi\u1ec7u qu\u1ea3 v\u1eabn ti\u1ebft ki\u1ec7m \u0111i\u1ec7n<br \/>\nD\u1ef1a v\u00e0o c\u00f4ng ngh\u1ec7 Inverter ch\u1ebf \u0111\u1ed9 k\u00e9p c\u1ee7a Hisense, kh\u00f4ng c\u1ea7n c\u00e0i \u0111\u1eb7t ph\u1ee9c t\u1ea1p, ch\u1ebf \u0111\u1ed9 ECO c\u00f3 th\u1ec3 ngay l\u1eadp t\u1ee9c chuy\u1ec3n sang ch\u1ebf \u0111\u1ed9 ti\u1ebft ki\u1ec7m n\u0103ng l\u01b0\u1ee3ng \u0111\u1ec3 gi\u1ea3m thi\u1ec3u m\u1ee9c ti\u00eau th\u1ee5 \u0111i\u1ec7n n\u0103ng, c\u00f3 th\u1ec3 ti\u1ebft ki\u1ec7m 30% \u0111i\u1ec7n n\u0103ng so v\u1edbi m\u00e1y \u0111i\u1ec1u ho\u00e0 th\u00f4ng th\u01b0\u1eddng v\u00e0 ti\u1ebft ki\u1ec7m 70% \u0111i\u1ec7n n\u0103ng so v\u1edbi m\u00e1y kh\u00f4ng Inverter.<\/p>\n<p><a class=\"img-popup\" title=\"\" href=\"https:\/\/sieuthimaylanh.com\/uploads\/product\/09_2024\/tiet_kiem_dien.webp\" rel=\"gallery\"><img decoding=\"async\" src=\"https:\/\/sieuthimaylanh.com\/uploads\/product\/09_2024\/tiet_kiem_dien.webp\" alt=\"\" \/><\/a><\/p>\n<p><strong>D\u00e0n t\u1ea3n nhi\u1ec7t \u0111\u1ed3ng m\u1ea1 m\u00e0u v\u00e0ng n\u1ed5i b\u1eadt<\/strong><br \/>\nL\u00e0m b\u1eb1ng 100% h\u1ee3p kim \u0111\u1ed3ng c\u00f3 l\u1edbp ph\u1ee7 ch\u1ed1ng \u0103n m\u00f2n, g\u1ec9 s\u00e9t<br \/>\nC\u00e1nh t\u1ea3n nhi\u1ec7t m\u1ea1 th\u00eam l\u1edbp s\u01a1n v\u00e0ng ch\u1ed1ng \u0103n m\u00f2n c\u1ee7a Hisense c\u00f3 m\u1ee9c \u0111\u1ed9 ch\u1ed1ng \u0103n m\u00f2n t\u1ed1t g\u1ea5p 3-4 l\u1ea7n so v\u1edbi c\u00e1nh t\u1ea3n nhi\u1ec7t th\u00f4ng th\u01b0\u1eddng, hi\u1ec7u qu\u1ea3 trao \u0111\u1ed5i nhi\u1ec7t cao h\u01a1n, ti\u1ebft ki\u1ec7m \u0111i\u1ec7n n\u0103ng h\u01a1n v\u00e0 k\u00e9o d\u00e0i tu\u1ed5i th\u1ecd c\u1ee7a m\u00e1y \u0111i\u1ec1u h\u00f2a.<\/p>\n<p><a class=\"img-popup\" title=\"\" href=\"https:\/\/sieuthimaylanh.com\/uploads\/product\/09_2024\/tan_nhiet_dong_ma_vang.webp\" rel=\"gallery\"><img decoding=\"async\" src=\"https:\/\/sieuthimaylanh.com\/uploads\/product\/09_2024\/tan_nhiet_dong_ma_vang.webp\" alt=\"\" \/><\/a><\/p>\n<\/div>\n<\/div>\n","protected":false},"excerpt":{"rendered":"<table class=\"table-digitals\">\n<tbody>\n<tr class=\"row-title\">\n<td colspan=\"2\"><strong class=\"row0\">Th\u00f4ng s\u1ed1 k\u1ef9 thu\u1eadt<\/strong><\/td>\n<\/tr>\n<tr class=\"row-item\">\n<td class=\"row0\">Xu\u1ea5t x\u1ee9<\/td>\n<td class=\"row1\">Th\u00e1i Lan<\/td>\n<\/tr>\n<tr class=\"row-item\">\n<td class=\"row0\">Lo\u1ea1i Gas l\u1ea1nh<\/td>\n<td class=\"row1\">R32<\/td>\n<\/tr>\n<tr class=\"row-item\">\n<td class=\"row0\">Lo\u1ea1i m\u00e1y<\/td>\n<td class=\"row1\">Mono<\/td>\n<\/tr>\n<tr class=\"row-item\">\n<td class=\"row0\">C\u00f4ng su\u1ea5t l\u00e0m l\u1ea1nh<\/td>\n<td class=\"row1\">2 HP (2 Ng\u1ef1a)<\/td>\n<\/tr>\n<tr class=\"row-item\">\n<td class=\"row0\">S\u1eed d\u1ee5ng cho ph\u00f2ng<\/td>\n<td class=\"row1\">D\u01b0\u1edbi 30m2,<\/td>\n<\/tr>\n<tr class=\"row-item\">\n<td class=\"row0\">Ngu\u1ed3n \u0111i\u1ec7n (Ph\/V\/Hz)<\/td>\n<td class=\"row1\">1 pha, 220V-50Hz<\/p>\n<p>&nbsp;<\/td>\n<\/tr>\n<\/tbody>\n<\/table>\n<ul>\n<li>Ph\u00e1t t\u00e1n kh\u00ed l\u1ea1nh xa \u0111\u1ebfn 18m<\/li>\n<li>L\u00f5i l\u1ecdc b\u1ee5i b\u1ea9n 4 trong 1<\/li>\n<li>D\u00e0n t\u1ea3n nhi\u1ec7t \u0111\u1ed3ng m\u1ea1 s\u01a1n v\u00e0ng ch\u1ed1ng g\u1ec9 s\u00e9t<\/li>\n<li>T\u1ef1 l\u00e0m s\u1ea1ch d\u00e0n l\u1ea1nh<\/li>\n<li>C\u1ea3m bi\u1ebfn th\u00e2n nhi\u1ec7t I Feel<\/li>\n<li>B\u1ea3o h\u00e0nh m\u00e1y n\u00e9n 10 n\u0103m<\/li>\n<\/ul>\n","protected":false},"featured_media":1591,"comment_status":"open","ping_status":"closed","template":"","meta":{"wprm-recipe-roundup-name":"","wprm-recipe-roundup-description":""},"product_brand":[],"product_cat":[115],"product_tag":[166],"class_list":{"0":"post-1593","1":"product","2":"type-product","3":"status-publish","4":"has-post-thumbnail","6":"thuong-hieu-hisense","7":"product_cat-may-lanh-treo-tuong","8":"product_tag-bao-hanh-12-thang","9":"pa_cong-nghe-mono","10":"pa_may-lanh-treo-tuong-2-0-hp","12":"first","13":"instock","14":"sale","15":"taxable","16":"shipping-taxable","17":"purchasable","18":"product-type-simple"},"_links":{"self":[{"href":"https:\/\/maylanhlamhoanglong.com\/index.php?rest_route=\/wp\/v2\/product\/1593","targetHints":{"allow":["GET"]}}],"collection":[{"href":"https:\/\/maylanhlamhoanglong.com\/index.php?rest_route=\/wp\/v2\/product"}],"about":[{"href":"https:\/\/maylanhlamhoanglong.com\/index.php?rest_route=\/wp\/v2\/types\/product"}],"replies":[{"embeddable":true,"href":"https:\/\/maylanhlamhoanglong.com\/index.php?rest_route=%2Fwp%2Fv2%2Fcomments&post=1593"}],"wp:featuredmedia":[{"embeddable":true,"href":"https:\/\/maylanhlamhoanglong.com\/index.php?rest_route=\/wp\/v2\/media\/1591"}],"wp:attachment":[{"href":"https:\/\/maylanhlamhoanglong.com\/index.php?rest_route=%2Fwp%2Fv2%2Fmedia&parent=1593"}],"wp:term":[{"taxonomy":"product_brand","embeddable":true,"href":"https:\/\/maylanhlamhoanglong.com\/index.php?rest_route=%2Fwp%2Fv2%2Fproduct_brand&post=1593"},{"taxonomy":"product_cat","embeddable":true,"href":"https:\/\/maylanhlamhoanglong.com\/index.php?rest_route=%2Fwp%2Fv2%2Fproduct_cat&post=1593"},{"taxonomy":"product_tag","embeddable":true,"href":"https:\/\/maylanhlamhoanglong.com\/index.php?rest_route=%2Fwp%2Fv2%2Fproduct_tag&post=1593"}],"curies":[{"name":"wp","href":"https:\/\/api.w.org\/{rel}","templated":true}]}}