{"id":1582,"date":"2025-03-22T11:35:25","date_gmt":"2025-03-22T04:35:25","guid":{"rendered":"https:\/\/maylanhlamhoanglong.com\/?post_type=product&#038;p=1582"},"modified":"2025-03-22T11:35:25","modified_gmt":"2025-03-22T04:35:25","slug":"may-lanh-am-tran-midea-mcd-18crn1-2-0-hp-2-ngua","status":"publish","type":"product","link":"https:\/\/maylanhlamhoanglong.com\/?product=may-lanh-am-tran-midea-mcd-18crn1-2-0-hp-2-ngua","title":{"rendered":"M\u00e1y l\u1ea1nh \u00e2m tr\u1ea7n Midea MCD-18CRN1 2.0 HP (2 Ng\u1ef1a)"},"content":{"rendered":"<div class=\"entry-title\">M\u00f4 t\u1ea3 s\u1ea3n ph\u1ea9m<\/div>\n<div class=\"entry entry-content\">\n<div class=\"entry-desc\">\n<p><a class=\"img-popup\" title=\"kich-thuoc-may-lanh-am-tran-midea-mcd-18cr-2-0hp\" href=\"https:\/\/sieuthimaylanh.com\/uploads\/product\/01_2018\/kich-thuoc-may-lanh-am-tran-midea-mcd-18cr-2-0hp.jpg\" rel=\"gallery\"><img decoding=\"async\" src=\"https:\/\/sieuthimaylanh.com\/uploads\/product\/01_2018\/kich-thuoc-may-lanh-am-tran-midea-mcd-18cr-2-0hp.jpg\" alt=\"kich-thuoc-may-lanh-am-tran-midea-mcd-18cr-2-0hp\" \/><\/a><\/p>\n<p><strong>D\u00e0n l\u1ea1nh \u00e2m tr\u1ea7n m\u1eb7t n\u1ea1 vu\u00f4ng si\u00eau m\u00f5ng k\u00edch th\u01b0\u1edbc chu\u1ea9n 950mm.<\/strong><\/p>\n<p>C\u00e1c t\u00ednh n\u0103ng ti\u00eau chu\u1ea9n theo m\u00e1y:<\/p>\n<ul>\n<li>Kh\u1eed \u1ea9m \u0111\u1ed9c l\u1eadp.<\/li>\n<li>H\u1eb9n gi\u1edd.<\/li>\n<li>T\u00edch h\u1ee3p b\u01a1m tho\u00e1t n\u01b0\u1edbc.<\/li>\n<li>Ch\u1ee9c n\u0103ng v\u1eadn h\u00e0nh khi ng\u1ee7<\/li>\n<li>Thi\u1ebft k\u1ebf si\u00eau m\u1ecfng ph\u00f9 h\u1ee3p v\u1edbi tr\u1ea7n th\u1ea5p.<\/li>\n<li>M\u1eb7t n\u1ea1 \u0111\u1ea3o gi\u00f3 360 \u0111\u1ed9,<\/li>\n<li>Ch\u1ee9c n\u0103ng t\u1ef1 \u0111\u1ed9ng r\u00e3 \u0111\u00f4ng.<\/li>\n<li>Ch\u1ee9c n\u0103ng t\u1ef1 kh\u1edfi \u0111\u1ed9ng l\u1ea1i khi m\u1ea5t \u0111i\u1ec7n \u0111\u1ed9t ng\u1ed9t.<\/li>\n<li>L\u01b0u l\u01b0\u1ee3ng kh\u00f4ng kh\u00ed g\u00f3c r\u1ed9ng.<\/li>\n<li>Lu\u1ed3ng kh\u00f4ng kh\u00ed trong l\u00e0nh&#8230;<\/li>\n<\/ul>\n<p><a class=\"img-popup\" title=\"am_tran_midea_tieu_chuan\" href=\"https:\/\/sieuthimaylanh.com\/uploads\/product\/08_2017\/am_tran_midea_tieu_chuan.jpg\" rel=\"gallery\"><img decoding=\"async\" src=\"https:\/\/sieuthimaylanh.com\/uploads\/product\/08_2017\/am_tran_midea_tieu_chuan.jpg\" alt=\"am_tran_midea_tieu_chuan\" \/><\/a><\/p>\n<p><strong>Reserved on-off v\u00e0 c\u1ed5ng b\u00e1o \u0111\u1ed9ng<\/strong>\u00a0( t\u00f9y ch\u1ecdn): C\u00f4ng t\u00e1c on- off v\u1edbi c\u1ed5ng d\u00e0nh ri\u00eang, c\u00f4ng t\u1eafc chuy\u1ec5n \u0111\u1ed5i d\u1ec5 d\u00e0ng k\u1ebft n\u1ed1i \u0111\u1ec3 th\u1ef1c hi\u1ec7n \u0111i\u1ec1u khi\u1ec3n t\u1eeb xa.<br \/>\n<strong>B\u00e1o \u0111\u1ed9ng:<\/strong>\u00a0\u0110\u01b0\u1ee3c t\u00edch h\u1ee3p trong m\u1ea1ch PCB cho t\u00ednh hi\u1ec7u \u0111\u00e8n b\u00e1o \u0111\u1ed9ng, l\u00e0m cho vi\u1ec7c thi\u1ebft l\u1eadp \u0111\u00e8n b\u00e1o \u0111\u1ed9ng ho\u1eb7c rung \u0111\u1ed9ng ra b\u00ean ngo\u00e0i m\u1ed9t c\u00e1ch thu\u1eadn l\u1ee3i.<br \/>\n<strong>M\u1eb7t n\u1ea1 d\u1ec5 lau ch\u00f9i\u00a0<\/strong>( t\u00f9y ch\u1ecdn) &amp;\u00a0<strong>m\u1eb7t n\u1ea1 \u0111\u01b0a gi\u00f3 360 \u0111\u1ed9<\/strong>\u00a0gi\u00fap vi\u1ec7c ph\u00e2n ph\u1ed1i l\u01b0\u1ee3ng gi\u00f3 \u0111\u1ebfn t\u1eebng g\u00f3c ph\u00f2ng m\u1ed9t c\u00e1ch h\u1ee3p l\u00fd nh\u1ea5t.<br \/>\n<strong>\u0110i\u1ec1u khi\u1ec3n c\u00f3 d\u00e2y<\/strong>\u00a0v\u1edbi m\u00e0ng h\u00ecnh c\u1ea3m \u1ee9ng v\u00e0 \u0111i\u1ec1u khi\u1ec3n c\u00e1nh qu\u1ea1t \u0111\u1ed9c l\u1eadp ( t\u00f9y ch\u1ecdn).<br \/>\n<strong>M\u00e0n h\u00ecnh c\u1ea3m \u1ee9ng sang tr\u1ecdng<\/strong>\u00a0v\u1edbi ch\u1ee9c n\u0103ng th\u00f4ng b\u00e1o l\u1ed7i h\u1ec7 th\u1ed1ng, Giao di\u1ec7n th\u00e2n thi\u1ec7n d\u1ec5 s\u1eed d\u1ee5ng, n\u1ebfu mu\u1ed1n thay \u0111\u1ed5i h\u01b0\u1edbng gi\u00f3 tr\u1ef1c ti\u1ebfp, c\u00f3 th\u1ec3 \u0111i\u1ec1u khi\u1ec3n c\u00e1nh qu\u1ea1t tr\u1ef1c ti\u1ebfp b\u1eb1ng \u0111i\u1ec1u khi\u1ec3n.<\/p>\n<p><a class=\"img-popup\" title=\"tinh_nang_am_tran_midea\" href=\"https:\/\/sieuthimaylanh.com\/uploads\/product\/08_2017\/tinh_nang_am_tran_midea.jpg\" rel=\"gallery\"><img decoding=\"async\" src=\"https:\/\/sieuthimaylanh.com\/uploads\/product\/08_2017\/tinh_nang_am_tran_midea.jpg\" alt=\"tinh_nang_am_tran_midea\" \/><\/a><\/p>\n<p>Khe tho\u00e1t kh\u00ed g\u00f3c r\u1ed9ng v\u00e0 k\u1ebft h\u1ee3p v\u1edbi t\u1ea5m tho\u00e1t khi 360 \u0111\u1ed9 v\u00e0 \u0111\u00f4ng c\u01a1 xoay t\u1ef1 \u0111\u1ed9ng ( g\u00f3c \u0111\u01b0a kh\u00f4ng kh\u00ed l\u00ean \u0111\u1ebfn 40 \u0111\u1ed9, ph\u00e2n b\u1ed1 \u0111\u1ec1u l\u01b0u l\u01b0\u1ee3ng kh\u00f4ng kh\u00ed \u0111\u1ebfn m\u1ed7i g\u00f3c ph\u00f2ng,<\/p>\n<p>Kh\u00f4ng kh\u00ed trong l\u00e0nh \u0111\u01b0\u1ee3c d\u1eabn v\u00e0o ph\u00f2ng b\u1ea1n, v\u00e0 D\u1ef1 tr\u1eef l\u1ed1i tho\u00e1t kh\u00ed \u0111\u01b0a kh\u00f4ng kh\u00ed trong l\u00e0nh ra c\u1ea3 b\u1ed1n ph\u00eda t\u1edbi c\u00e1c ph\u00f2ng g\u1ea7n \u0111\u00f3.<\/p>\n<p>M\u00e1y \u0111i\u1ec1u h\u00f2a \u00e2m tr\u1ea7n Midea c\u00f2n t\u00edch h\u1ee3p b\u01a1m tho\u00e1t n\u01b0\u1edbc c\u00f3 th\u1ec3 n\u00e2ng n\u01b0\u1edbc ng\u01b0ng t\u1ee5 l\u00ean \u0111\u1ebfn 750mm \u1edf tr\u00ean cao.<\/p>\n<p><a class=\"img-popup\" title=\"uu_viet_am_tran_midea\" href=\"https:\/\/sieuthimaylanh.com\/uploads\/product\/08_2017\/uu_viet_am_tran_midea.jpg\" rel=\"gallery\"><img decoding=\"async\" src=\"https:\/\/sieuthimaylanh.com\/uploads\/product\/08_2017\/uu_viet_am_tran_midea.jpg\" alt=\"uu_viet_am_tran_midea\" \/><\/a><\/p>\n<\/div>\n<\/div>\n","protected":false},"excerpt":{"rendered":"<table class=\"table-digitals\">\n<tbody>\n<tr class=\"row-title\">\n<td colspan=\"2\"><strong class=\"row0\">Th\u00f4ng s\u1ed1 k\u1ef9 thu\u1eadt<\/strong><\/td>\n<\/tr>\n<tr class=\"row-item\">\n<td class=\"row0\">Xu\u1ea5t x\u1ee9<\/td>\n<td class=\"row1\">Th\u01b0\u01a1ng hi\u1ec7u : Trung Qu\u1ed1c &#8211; S\u1ea3n xu\u1ea5t t\u1ea1i : Vi\u1ec7t Nam<\/td>\n<\/tr>\n<tr class=\"row-item\">\n<td class=\"row0\">Lo\u1ea1i Gas l\u1ea1nh<\/td>\n<td class=\"row1\">R410A<\/td>\n<\/tr>\n<tr class=\"row-item\">\n<td class=\"row0\">Lo\u1ea1i m\u00e1y<\/td>\n<td class=\"row1\">Kh\u00f4ng inverter (kh\u00f4ng ti\u1ebft ki\u1ec7m \u0111i\u1ec7n) &#8211; lo\u1ea1i 1 chi\u1ec1u (ch\u1ec9 l\u00e0m l\u1ea1nh)<\/td>\n<\/tr>\n<tr class=\"row-item\">\n<td class=\"row0\">C\u00f4ng su\u1ea5t l\u00e0m l\u1ea1nh<\/td>\n<td class=\"row1\">2.0 Hp (2.0 Ng\u1ef1a) &#8211; 18.000 Btu\/h<\/td>\n<\/tr>\n<tr class=\"row-item\">\n<td class=\"row0\">S\u1eed d\u1ee5ng cho ph\u00f2ng<\/td>\n<td class=\"row1\">Di\u00ea\u0323n ti\u0301ch 24 &#8211; 27 m\u00b2 ho\u1eb7c 72 &#8211; 81 m\u00b3 khi\u0301 (thi\u0301ch h\u01a1\u0323p cho pho\u0300ng kha\u0301ch, v\u0103n pho\u0300ng)<\/td>\n<\/tr>\n<tr class=\"row-item\">\n<td class=\"row0\">Ngu\u1ed3n \u0111i\u1ec7n (Ph\/V\/Hz)<\/td>\n<td class=\"row1\">1 Pha, 220 &#8211; 240 V, 50Hz<\/td>\n<\/tr>\n<tr class=\"row-item\">\n<td class=\"row0\">K\u00edch th\u01b0\u1edbc \u1ed1ng \u0111\u1ed3ng Gas (mm)<\/td>\n<td class=\"row1\">6.35 \/ 12.7<\/td>\n<\/tr>\n<\/tbody>\n<\/table>\n","protected":false},"featured_media":1580,"comment_status":"open","ping_status":"closed","template":"","meta":{"wprm-recipe-roundup-name":"","wprm-recipe-roundup-description":""},"product_brand":[],"product_cat":[116],"product_tag":[166],"class_list":{"0":"post-1582","1":"product","2":"type-product","3":"status-publish","4":"has-post-thumbnail","6":"thuong-hieu-midea","7":"product_cat-may-lanh-am-tran","8":"product_tag-bao-hanh-12-thang","9":"pa_cong-nghe-mono","10":"pa_may-lanh-am-tran-cassette-2-0-hp","12":"first","13":"instock","14":"sale","15":"taxable","16":"shipping-taxable","17":"purchasable","18":"product-type-simple"},"_links":{"self":[{"href":"https:\/\/maylanhlamhoanglong.com\/index.php?rest_route=\/wp\/v2\/product\/1582","targetHints":{"allow":["GET"]}}],"collection":[{"href":"https:\/\/maylanhlamhoanglong.com\/index.php?rest_route=\/wp\/v2\/product"}],"about":[{"href":"https:\/\/maylanhlamhoanglong.com\/index.php?rest_route=\/wp\/v2\/types\/product"}],"replies":[{"embeddable":true,"href":"https:\/\/maylanhlamhoanglong.com\/index.php?rest_route=%2Fwp%2Fv2%2Fcomments&post=1582"}],"wp:featuredmedia":[{"embeddable":true,"href":"https:\/\/maylanhlamhoanglong.com\/index.php?rest_route=\/wp\/v2\/media\/1580"}],"wp:attachment":[{"href":"https:\/\/maylanhlamhoanglong.com\/index.php?rest_route=%2Fwp%2Fv2%2Fmedia&parent=1582"}],"wp:term":[{"taxonomy":"product_brand","embeddable":true,"href":"https:\/\/maylanhlamhoanglong.com\/index.php?rest_route=%2Fwp%2Fv2%2Fproduct_brand&post=1582"},{"taxonomy":"product_cat","embeddable":true,"href":"https:\/\/maylanhlamhoanglong.com\/index.php?rest_route=%2Fwp%2Fv2%2Fproduct_cat&post=1582"},{"taxonomy":"product_tag","embeddable":true,"href":"https:\/\/maylanhlamhoanglong.com\/index.php?rest_route=%2Fwp%2Fv2%2Fproduct_tag&post=1582"}],"curies":[{"name":"wp","href":"https:\/\/api.w.org\/{rel}","templated":true}]}}