{"id":1572,"date":"2025-03-22T11:17:52","date_gmt":"2025-03-22T04:17:52","guid":{"rendered":"https:\/\/maylanhlamhoanglong.com\/?post_type=product&#038;p=1572"},"modified":"2025-03-22T11:17:52","modified_gmt":"2025-03-22T04:17:52","slug":"may-lanh-am-tran-samsung-inverter-ac052tn4dkc-ea-2-0-hp-2-ngua","status":"publish","type":"product","link":"https:\/\/maylanhlamhoanglong.com\/?product=may-lanh-am-tran-samsung-inverter-ac052tn4dkc-ea-2-0-hp-2-ngua","title":{"rendered":"M\u00e1y l\u1ea1nh \u00e2m tr\u1ea7n Samsung Inverter AC052TN4DKC\/EA 2.0 HP (2 Ng\u1ef1a)"},"content":{"rendered":"<h2 id=\"C\u00f4ng_ngh\u1ec7_l\u00e0m_l\u1ea1nh_th\u00f4ng_minh_WindFreeTM\">C\u00f4ng ngh\u1ec7 l\u00e0m l\u1ea1nh th\u00f4ng minh WindFree<sup>TM<\/sup><\/h2>\n<p><a class=\"img-popup\" title=\"\" href=\"https:\/\/sieuthimaylanh.com\/uploads\/product\/06_2021\/cong-nghe-lam-thong-wind-free.jpg\" rel=\"gallery\"><img decoding=\"async\" src=\"https:\/\/sieuthimaylanh.com\/uploads\/product\/06_2021\/cong-nghe-lam-thong-wind-free.jpg\" alt=\"\" \/><\/a><\/p>\n<p>V\u1edbi m\u1eb7t n\u1ea1 thi\u1ebft k\u1ebf h\u00e0ng ch\u1ee5c l\u1ed7 nh\u1ecf Micro &#8211; holes, lu\u1ed3ng gi\u00f3 l\u1ea1nh nh\u1eb9 nh\u00e0ng ph\u00e2n t\u00e1n \u0111\u1ec1u gi\u00fap cho c\u0103n ph\u00f2ng \u0111\u01b0\u1ee3c l\u00e0m m\u00e1t \u00eam d\u1ecbu, t\u1ea1o ra m\u00f4i tr\u01b0\u1eddng t\u0129nh. GI\u00fap lo\u1ea1i b\u1ecf hi\u1ec7n t\u01b0\u1ee3ng kh\u00f3 ch\u1ecbu do gi\u00f3 bu\u1ed1t th\u1ed5i tr\u1ef1c ti\u1ebfp v\u00e0o ng\u01b0\u1eddi.<\/p>\n<h2 id=\"C\u00f4ng_ngh\u1ec7_Digital_Inverter_v\u01b0\u1ee3t_tr\u1ed9i\">C\u00f4ng ngh\u1ec7 Digital Inverter v\u01b0\u1ee3t tr\u1ed9i<\/h2>\n<p><a class=\"img-popup\" title=\"\" href=\"https:\/\/sieuthimaylanh.com\/uploads\/product\/06_2021\/cong-nghe-digital-inverter.jpg\" rel=\"gallery\"><img decoding=\"async\" src=\"https:\/\/sieuthimaylanh.com\/uploads\/product\/06_2021\/cong-nghe-digital-inverter.jpg\" alt=\"\" \/><\/a><\/p>\n<p><strong>M\u00e1y l\u1ea1nh \u00e2m tr\u1ea7n Samsung AC052TN4DKC\/EA\u00a0<\/strong>s\u1eed d\u1ee5ng c\u00f4ng ngh\u1ec7 Digital Inverter gi\u00fap ti\u1ebft ki\u1ec7m n\u0103ng l\u01b0\u1ee3ng cao b\u1eb1ng c\u00e1ch t\u1ef1 \u0111\u1ed9ng \u0111i\u1ec1u ch\u1ec9nh m\u00e1y n\u00e9n v\u00e0 li\u00ean t\u1ee5c th\u00edch \u1ee9ng m\u00f4i tr\u01b0\u1eddng xung quanh. C\u00e1ch v\u1eadn h\u00e0nh v\u01b0\u1ee3t tr\u1ed9i n\u00e0y gi\u00fap l\u00e0m l\u1ea1nh ti\u1ec7n nghi tho\u1ea3i m\u00e1i v\u00e0 gi\u1ea3m m\u1ee9c ti\u00eau th\u1ee5 n\u0103ng l\u01b0\u1ee3ng \u0111\u1ebfn 60%.<\/p>\n<h2 id=\"V\u1eadn_h\u00e0nh_y\u00ean_t\u0129nh\">V\u1eadn h\u00e0nh y\u00ean t\u0129nh<\/h2>\n<p><a class=\"img-popup\" title=\"\" href=\"https:\/\/sieuthimaylanh.com\/uploads\/product\/06_2021\/van-hanh-yen-tinh-1.jpg\" rel=\"gallery\"><img decoding=\"async\" src=\"https:\/\/sieuthimaylanh.com\/uploads\/product\/06_2021\/van-hanh-yen-tinh-1.jpg\" alt=\"\" \/><\/a><\/p>\n<p><strong>M\u00e1y l\u1ea1nh \u00e2m tr\u1ea7n Samsung AC052TN4DKC\/EA\u00a0<\/strong>ch\u1ec9 t\u1ea1o ra \u00e2m thanh kho\u1ea3ng 34 dB (A), \u00edt h\u01a1n \u0111\u00e1ng k\u1ec3 so v\u1edbi ch\u1ebf \u0111\u1ed9 l\u00e0m l\u1ea1nh th\u00f4ng th\u01b0\u1eddng. \u0110\u00e2y l\u00e0 gi\u1ea3i ph\u00e1p ho\u00e0n h\u1ea3o cho nh\u1eefng m\u00f4i tr\u01b0\u1eddng c\u1ea7n s\u1ef1 y\u00ean t\u0129nh nhu th\u01b0 vi\u1ec7n, tr\u01b0\u1eddng h\u1ecdc hay ph\u00f2ng ng\u1ee7.<\/p>\n<h2 id=\"L\u00e0m_l\u1ea1nh_hai_b\u01b0\u1edbc_th\u00f4ng_minh\">L\u00e0m l\u1ea1nh hai b\u01b0\u1edbc th\u00f4ng minh<\/h2>\n<p><a class=\"img-popup\" title=\"\" href=\"https:\/\/sieuthimaylanh.com\/uploads\/product\/06_2021\/lam-lanh-hai-buoc-thong-minh.jpg\" rel=\"gallery\"><img decoding=\"async\" src=\"https:\/\/sieuthimaylanh.com\/uploads\/product\/06_2021\/lam-lanh-hai-buoc-thong-minh.jpg\" alt=\"\" \/><\/a><\/p>\n<p>Khi kh\u1edfi \u0111\u1ed9ng m\u00e1y s\u1ebd ho\u1ea1t \u0111\u1ed9ng theo c\u01a1 ch\u1ebf l\u00e0m l\u1ea1nh ph\u00f2ng \u0111\u1ebfn nhi\u1ec7t \u0111\u1ed9 mong mu\u1ed1n nh\u1ea5t c\u00f3 th\u1ec3, sau \u0111\u00f3 chuy\u1ec3n sang ch\u1ebf \u0111\u1ed9 WindFree<sup>TM<\/sup>\u00a0\u0111\u1ec3 duy tr\u00ec nhi\u1ec7t \u0111\u1ed9 ph\u00f9 h\u1ee3p nh\u1ea5t m\u00e0 v\u1eabn \u0111\u1ea3m b\u1ea3o lu\u1ed3ng kh\u00ed m\u00e1t d\u1ec5 ch\u1ecbu cho ng\u01b0\u1eddi d\u00f9ng. Trong tr\u01b0\u1eddng h\u1ee3p nhi\u1ec7t \u0111\u1ed9 v\u01b0\u1ee3t ra kh\u1ecfi v\u00f9ng ti\u1ec7n nghi, m\u00e1y s\u1ebd t\u1ef1 \u0111\u1ed9ng \u0111i\u1ec1u ch\u1ec9nh l\u1ea1i.<\/p>\n<h2 id=\"L\u1ed7_th\u00f4ng_gi\u00f3_t\u01b0\u01a1i\">L\u1ed7 th\u00f4ng gi\u00f3 t\u01b0\u01a1i<\/h2>\n<p><a class=\"img-popup\" title=\"\" href=\"https:\/\/sieuthimaylanh.com\/uploads\/product\/06_2021\/luu-luong-gio-tuoi.jpg\" rel=\"gallery\"><img decoding=\"async\" src=\"https:\/\/sieuthimaylanh.com\/uploads\/product\/06_2021\/luu-luong-gio-tuoi.jpg\" alt=\"\" \/><\/a><\/p>\n<p>Duy tr\u00ec m\u00f4i tr\u01b0\u1eddng trong nh\u00e0 th\u00f4ng tho\u00e1ng b\u1eb1ng c\u00e1ch \u0111\u01b0a gi\u00f3 t\u01b0\u01a1i v\u00e0o b\u00ean trong ph\u00f2ng, ch\u1ec9 c\u1ea7n k\u1ebft n\u1ed1i tr\u1ef1c ti\u1ebfp \u1ed1ng d\u1eabn gi\u00f3 t\u01b0\u01a1i v\u1edbi l\u1ed7 k\u1ebft n\u1ed1i c\u00f3 s\u1eb5n tr\u00ean d\u00e0n l\u1ea1nh. Vi\u1ec7c l\u01b0u th\u00f4ng gi\u00f3 t\u01b0\u01a1i v\u00e0o trong ph\u00f2ng s\u1ebd ng\u0103n n\u1ea5m m\u1ed1c, vi khu\u1ea9n, v\u00e0 cung c\u1ea5p \u0111\u1ee7 oxy cho ng\u01b0\u1eddi s\u1eed d\u1ee5ng.<\/p>\n<h2 id=\"Gi\u00f3_lan_to\u1ea3_\u0111\u1ebfn_10_m\">Gi\u00f3 lan to\u1ea3 \u0111\u1ebfn 10 m<\/h2>\n<p>C\u00e1nh \u0111\u1ea3o gi\u00f3 c\u1ea3i ti\u1ebfn d\u00e0i 84 mm, l\u1edbn h\u01a1n \u0111\u1ebfn 31% so v\u1edbi lo\u1ea1i th\u00f4ng th\u01b0\u1eddng, gi\u00fap \u0111\u01b0a lu\u1ed3ng gi\u00f3 l\u1ea1nh \u0111i xa 10 m, \u0111\u1ea3m b\u1ea3o ph\u00f2ng lu\u00f4n \u0111\u01b0\u1ee3c l\u00e0m l\u1ea1nh hi\u1ec7u qu\u1ea3 v\u00e0 kh\u00f4ng c\u00f3 &#8220;v\u00f9ng ch\u1ebft&#8221;.<\/p>\n<p><a class=\"img-popup\" title=\"\" href=\"https:\/\/sieuthimaylanh.com\/uploads\/product\/06_2021\/gio-lang-toa-10-m.jpg\" rel=\"gallery\"><img decoding=\"async\" src=\"https:\/\/sieuthimaylanh.com\/uploads\/product\/06_2021\/gio-lang-toa-10-m.jpg\" alt=\"\" \/><\/a><\/p>\n<h2 id=\"Ti\u1ebft_ki\u1ec7m_n\u0103ng_l\u01b0\u1ee3ng\">Ti\u1ebft ki\u1ec7m n\u0103ng l\u01b0\u1ee3ng<\/h2>\n<p>Ch\u1ebf \u0111\u1ed9 WindFree<sup>TM<\/sup>\u00a0gi\u00fap ti\u1ebft ki\u1ec7m \u0111i\u1ec7n n\u0103ng l\u00ean \u0111\u1ebfn 55% so v\u1edbi ch\u1ebf \u0111\u1ed9 l\u00e0m l\u1ea1nh th\u00f4ng th\u01b0\u1eddng, do \u0111\u00f3 b\u1ea1n tho\u1ea3i m\u00e1i t\u1eadn h\u01b0\u1edfng kh\u00f4ng kh\u00ed m\u00e1t l\u1ea1nh m\u00e0 kh\u00f4ng c\u00f2n lo v\u1ec1 ho\u00e1 \u0111\u01a1n ti\u1ec1n \u0111i\u1ec7n.<\/p>\n<h2 id=\"C\u1ea3m_bi\u1ebfn_ph\u00e1t_hi\u1ec7n_chuy\u1ec3n_\u0111\u1ed9ng_(MDS)\">C\u1ea3m bi\u1ebfn ph\u00e1t hi\u1ec7n chuy\u1ec3n \u0111\u1ed9ng (MDS)<\/h2>\n<p><a class=\"img-popup\" title=\"\" href=\"https:\/\/sieuthimaylanh.com\/uploads\/product\/06_2021\/cam-bien-chuyen-dong.jpg\" rel=\"gallery\"><img decoding=\"async\" src=\"https:\/\/sieuthimaylanh.com\/uploads\/product\/06_2021\/cam-bien-chuyen-dong.jpg\" alt=\"\" \/><\/a><\/p>\n<p>Khi kh\u00f4ng c\u00f3 chuy\u1ec3n \u0111\u1ed9ng trong ph\u00f2ng, b\u1ed9 c\u1ea3m bi\u1ebfn ph\u00e1t chuy\u1ec3n \u0111\u1ed9ng MDS s\u1ebd t\u1ef1 chuy\u1ec3n m\u00e1y l\u1ea1nh sang ch\u1ebf \u0111\u1ed9 WindFree<sup>TM<\/sup>\u00a0sau 30 ph\u00fat, v\u00e0 chuy\u1ec3n sang ch\u1ebf \u0111\u1ed9 ch\u1edd sang 60 ph\u00fat. C\u00e1ch v\u1eadn h\u00e0nh n\u00e0y gi\u1ea3m thi\u1ec3u \u0111\u1ebfn 50% \u0111i\u1ec7n n\u0103ng.<\/p>\n<h2 id=\"V\u1ec7_sinh_d\u1ec5_d\u00e0ng\">V\u1ec7 sinh d\u1ec5 d\u00e0ng<\/h2>\n<p><a class=\"img-popup\" title=\"\" href=\"https:\/\/sieuthimaylanh.com\/uploads\/product\/06_2021\/de-dang-ve-sinh.jpg\" rel=\"gallery\"><img decoding=\"async\" src=\"https:\/\/sieuthimaylanh.com\/uploads\/product\/06_2021\/de-dang-ve-sinh.jpg\" alt=\"\" \/><\/a><\/p>\n","protected":false},"excerpt":{"rendered":"<table class=\"table-digitals\">\n<tbody>\n<tr class=\"row-title\">\n<td colspan=\"2\"><strong class=\"row0\">Th\u00f4ng s\u1ed1 k\u1ef9 thu\u1eadt<\/strong><\/td>\n<\/tr>\n<tr class=\"row-item\">\n<td class=\"row0\">Xu\u1ea5t x\u1ee9<\/td>\n<td class=\"row1\">Th\u01b0\u01a1ng hi\u1ec7u : H\u00e0n Qu\u1ed1c &#8211; S\u1ea3n xu\u1ea5t t\u1ea1i : Trung Qu\u1ed1c<\/td>\n<\/tr>\n<tr class=\"row-item\">\n<td class=\"row0\">Lo\u1ea1i Gas l\u1ea1nh<\/td>\n<td class=\"row1\">R-410A<\/td>\n<\/tr>\n<tr class=\"row-item\">\n<td class=\"row0\">Lo\u1ea1i m\u00e1y<\/td>\n<td class=\"row1\">Inverter (ti\u1ebft ki\u1ec7m \u0111i\u1ec7n)<\/td>\n<\/tr>\n<tr class=\"row-item\">\n<td class=\"row0\">C\u00f4ng su\u1ea5t l\u00e0m l\u1ea1nh<\/td>\n<td class=\"row1\">2.0 Hp (2.0 Ng\u1ef1a) &#8211; 17.100 Btu\/h<\/td>\n<\/tr>\n<tr class=\"row-item\">\n<td class=\"row0\">S\u1eed d\u1ee5ng cho ph\u00f2ng<\/td>\n<td class=\"row1\">Di\u00ea\u0323n ti\u0301ch 24 &#8211; 27 m\u00b2 ho\u1eb7c 72 &#8211; 81 m\u00b3 khi\u0301 (thi\u0301ch h\u01a1\u0323p cho pho\u0300ng kha\u0301ch, v\u0103n pho\u0300ng)<\/td>\n<\/tr>\n<tr class=\"row-item\">\n<td class=\"row0\">Ngu\u1ed3n \u0111i\u1ec7n (Ph\/V\/Hz)<\/td>\n<td class=\"row1\">1 pha, 220 &#8211; 240V, 50Hz<\/td>\n<\/tr>\n<tr class=\"row-item\">\n<td class=\"row0\">C\u00f4ng su\u1ea5t ti\u00eau th\u1ee5 \u0111i\u1ec7n<\/td>\n<td class=\"row1\">1.41 kW<\/td>\n<\/tr>\n<tr class=\"row-item\">\n<td class=\"row0\">K\u00edch th\u01b0\u1edbc \u1ed1ng \u0111\u1ed3ng Gas (mm)<\/td>\n<td class=\"row1\">6.35 \/ 12.7<\/td>\n<\/tr>\n<tr class=\"row-item\">\n<td class=\"row0\">Chi\u1ec1u d\u00e0i \u1ed1ng gas t\u1ed1i \u0111a (m)<\/td>\n<td class=\"row1\">30 m<\/td>\n<\/tr>\n<tr class=\"row-item\">\n<td class=\"row0\">Ch\u00eanh l\u1ec7ch \u0111\u1ed9 cao (t\u1ed1i \u0111a) (m)<\/td>\n<td class=\"row1\">20 m<\/td>\n<\/tr>\n<tr class=\"row-item\">\n<td class=\"row0\">Hi\u1ec7u su\u1ea5t n\u0103ng l\u01b0\u1ee3ng (EER)<\/td>\n<td class=\"row1\">3.55<\/td>\n<\/tr>\n<tr class=\"row-title\">\n<td colspan=\"2\"><strong class=\"row0\">D\u00e0n L\u1ea1nh<\/strong><\/td>\n<\/tr>\n<tr class=\"row-item\">\n<td class=\"row0\">Model d\u00e0n l\u1ea1nh<\/td>\n<td class=\"row1\">AC052TN4DKC\/EA<\/td>\n<\/tr>\n<tr class=\"row-item\">\n<td class=\"row0\">K\u00edch th\u01b0\u1edbc d\u00e0n l\u1ea1nh (mm)<\/td>\n<td class=\"row1\">204 x 840 x 840 mm<\/td>\n<\/tr>\n<tr class=\"row-item\">\n<td class=\"row0\">Tr\u1ecdng l\u01b0\u1ee3ng d\u00e0n l\u1ea1nh (Kg)<\/td>\n<td class=\"row1\">14.5 kg<\/td>\n<\/tr>\n<tr class=\"row-title\">\n<td colspan=\"2\"><strong class=\"row0\">D\u00e0n N\u00f3ng<\/strong><\/td>\n<\/tr>\n<tr class=\"row-item\">\n<td class=\"row0\">Model d\u00e0n n\u00f3ng<\/td>\n<td class=\"row1\">AC052TXADKC\/EA<\/td>\n<\/tr>\n<tr class=\"row-item\">\n<td class=\"row0\">K\u00edch th\u01b0\u1edbc d\u00e0n n\u00f3ng (mm)<\/td>\n<td class=\"row1\">638 x 880 x 310 mm<\/td>\n<\/tr>\n<tr class=\"row-item\">\n<td class=\"row0\">Tr\u1ecdng l\u01b0\u1ee3ng d\u00e0n n\u00f3ng (Kg)<\/td>\n<td class=\"row1\">40.5 kg<\/td>\n<\/tr>\n<\/tbody>\n<\/table>\n","protected":false},"featured_media":1566,"comment_status":"open","ping_status":"closed","template":"","meta":{"wprm-recipe-roundup-name":"","wprm-recipe-roundup-description":""},"product_brand":[],"product_cat":[116],"product_tag":[166],"class_list":{"0":"post-1572","1":"product","2":"type-product","3":"status-publish","4":"has-post-thumbnail","6":"thuong-hieu-samsung","7":"product_cat-may-lanh-am-tran","8":"product_tag-bao-hanh-12-thang","9":"pa_cong-nghe-inverter","10":"pa_may-lanh-am-tran-cassette-2-0-hp","12":"first","13":"instock","14":"sale","15":"taxable","16":"shipping-taxable","17":"purchasable","18":"product-type-simple"},"_links":{"self":[{"href":"https:\/\/maylanhlamhoanglong.com\/index.php?rest_route=\/wp\/v2\/product\/1572","targetHints":{"allow":["GET"]}}],"collection":[{"href":"https:\/\/maylanhlamhoanglong.com\/index.php?rest_route=\/wp\/v2\/product"}],"about":[{"href":"https:\/\/maylanhlamhoanglong.com\/index.php?rest_route=\/wp\/v2\/types\/product"}],"replies":[{"embeddable":true,"href":"https:\/\/maylanhlamhoanglong.com\/index.php?rest_route=%2Fwp%2Fv2%2Fcomments&post=1572"}],"wp:featuredmedia":[{"embeddable":true,"href":"https:\/\/maylanhlamhoanglong.com\/index.php?rest_route=\/wp\/v2\/media\/1566"}],"wp:attachment":[{"href":"https:\/\/maylanhlamhoanglong.com\/index.php?rest_route=%2Fwp%2Fv2%2Fmedia&parent=1572"}],"wp:term":[{"taxonomy":"product_brand","embeddable":true,"href":"https:\/\/maylanhlamhoanglong.com\/index.php?rest_route=%2Fwp%2Fv2%2Fproduct_brand&post=1572"},{"taxonomy":"product_cat","embeddable":true,"href":"https:\/\/maylanhlamhoanglong.com\/index.php?rest_route=%2Fwp%2Fv2%2Fproduct_cat&post=1572"},{"taxonomy":"product_tag","embeddable":true,"href":"https:\/\/maylanhlamhoanglong.com\/index.php?rest_route=%2Fwp%2Fv2%2Fproduct_tag&post=1572"}],"curies":[{"name":"wp","href":"https:\/\/api.w.org\/{rel}","templated":true}]}}