{"id":1538,"date":"2025-03-22T09:37:42","date_gmt":"2025-03-22T02:37:42","guid":{"rendered":"https:\/\/maylanhlamhoanglong.com\/?post_type=product&#038;p=1538"},"modified":"2025-03-22T09:38:44","modified_gmt":"2025-03-22T02:38:44","slug":"may-lanh-daikin-9000-btu-1-chieu-inverter-ftkf25xvmv","status":"publish","type":"product","link":"https:\/\/maylanhlamhoanglong.com\/?product=may-lanh-daikin-9000-btu-1-chieu-inverter-ftkf25xvmv","title":{"rendered":"M\u00e1y l\u1ea1nh Daikin 9000 BTU 1 chi\u1ec1u inverter FTKF25ZVMV"},"content":{"rendered":"<p><em>\u0110i\u1ec1u h\u00f2a Daikin FTKF25ZVMV<a href=\"https:\/\/www.dienmayphuckhanh.vn\/dieu-hoa-daikin-ftkf25xvmv\/\">\u00a0<\/a>l\u00e0 m\u1eabu \u0111i\u1ec1u h\u00f2a 1 chi\u1ec1u th\u00f4ng d\u1ee5ng m\u1edbi nh\u1ea5t 2023 c\u1ee7a Daikin. Nh\u1eefng chi\u1ebfc \u0111i\u1ec1u h\u00f2a \u0111\u1ebfn t\u1eeb th\u01b0\u01a1ng hi\u1ec7u Daikin s\u1edf h\u1eefu thi\u1ebft k\u1ebf nh\u1ecf g\u1ecdn c\u00f9ng r\u1ea5t nhi\u1ec1u c\u00f4ng ngh\u1ec7 hi\u1ec7n \u0111\u1ea1i nh\u01b0: Th\u1ed5i gi\u00f3 d\u1ec5 ch\u1ecbu,\u00a0C\u00e1nh t\u1ea3n nhi\u1ec7t d\u00e0n n\u00f3ng ch\u1ed1ng \u0103n m\u00f2n,\u00a0Ch\u1ee9c n\u0103ng h\u00fat \u1ea9m, T\u1ef1 kh\u1edfi \u0111\u1ed9ng l\u1ea1i khi c\u00f3 \u0111i\u1ec7n\u2026.<\/em><\/p>\n<h2>T\u1ed5ng quan thi\u1ebft k\u1ebf \u0111i\u1ec1u h\u00f2a Daikin FTKF25ZVMV<\/h2>\n<p>D\u00e0n l\u1ea1nh:<\/p>\n<p>\u2013 \u0110i\u1ec1u h\u00f2a Daikin 9000BTU 1 chi\u1ec1u FTKF25ZVMV \u0111\u01b0\u1ee3c thi\u1ebft k\u1ebf v\u1edbi gam m\u00e0u tr\u1eafng trung t\u00ednh, c\u00e1c g\u00f3c c\u1ea1nh bo tr\u00f2n m\u1ec1m m\u1ea1i, l\u1edbp v\u1ecf b\u00ean ngo\u00e0i b\u1eb1ng nh\u1ef1a ch\u1eafc ch\u1eafn s\u1ebd l\u00e0m h\u00e0i l\u00f2ng b\u1ea5t k\u1ef3 v\u1ecb gia ch\u1ee7 kh\u00f3 t\u00ednh n\u00e0o.<\/p>\n<p><img decoding=\"async\" src=\"https:\/\/www.dienmayphuckhanh.vn\/wp-content\/uploads\/2023\/01\/dieu-hoa-daikin-ftkf25xvmv.jpg\" sizes=\"(max-width: 700px) 100vw, 700px\" srcset=\"https:\/\/www.dienmayphuckhanh.vn\/wp-content\/uploads\/2023\/01\/dieu-hoa-daikin-ftkf25xvmv.jpg 700w, https:\/\/www.dienmayphuckhanh.vn\/wp-content\/uploads\/2023\/01\/dieu-hoa-daikin-ftkf25xvmv-400x229.jpg 400w, https:\/\/www.dienmayphuckhanh.vn\/wp-content\/uploads\/2023\/01\/dieu-hoa-daikin-ftkf25xvmv-247x141.jpg 247w, https:\/\/www.dienmayphuckhanh.vn\/wp-content\/uploads\/2023\/01\/dieu-hoa-daikin-ftkf25xvmv-510x291.jpg 510w\" alt=\"\u0110i\u1ec1u h\u00f2a Daikin FTKF25XVMV c\u00f3 thi\u1ebft k\u1ebf thanh l\u1ecbch\" data-lazy-sizes=\"(max-width: 700px) 100vw, 700px\" data-lazy-src=\"https:\/\/www.dienmayphuckhanh.vn\/wp-content\/uploads\/2023\/01\/dieu-hoa-daikin-ftkf25xvmv.jpg\" data-lazy-srcset=\"https:\/\/www.dienmayphuckhanh.vn\/wp-content\/uploads\/2023\/01\/dieu-hoa-daikin-ftkf25xvmv.jpg 700w, https:\/\/www.dienmayphuckhanh.vn\/wp-content\/uploads\/2023\/01\/dieu-hoa-daikin-ftkf25xvmv-400x229.jpg 400w, https:\/\/www.dienmayphuckhanh.vn\/wp-content\/uploads\/2023\/01\/dieu-hoa-daikin-ftkf25xvmv-247x141.jpg 247w, https:\/\/www.dienmayphuckhanh.vn\/wp-content\/uploads\/2023\/01\/dieu-hoa-daikin-ftkf25xvmv-510x291.jpg 510w\" data-ll-status=\"loaded\" \/><\/p>\n<p>\u2013 Tr\u00ean d\u00e0n l\u1ea1nh c\u1ee7a m\u00e1y \u0111\u01b0\u1ee3c trang b\u1ecb \u0111\u00e8n b\u00e1o ngu\u1ed3n gi\u00fap b\u1ea1n c\u00f3 th\u1ec3 d\u1ec5 d\u00e0ng quan s\u00e1t ho\u1ea1t \u0111\u1ed9ng c\u1ee7a m\u00e1y.<\/p>\n<p>D\u00e0n n\u00f3ng:<\/p>\n<p>\u2013 D\u00e0n n\u00f3ng \u0111\u01b0\u1ee3c thi\u1ebft k\u1ebf t\u1ed1i gi\u1ea3n \u0111\u1ec3 c\u00f3 k\u00edch th\u01b0\u1edbc nh\u1ecf g\u1ecdn nh\u1ea5t m\u00e0 kh\u00f4ng l\u00e0m gi\u1ea3m ch\u1ea5t l\u01b0\u1ee3ng c\u1ee7a s\u1ea3n ph\u1ea9m. Nh\u1edd v\u1eady, m\u00e0 s\u1ebd gi\u00fap vi\u1ec7c thao t\u00e1c l\u1eafp \u0111\u1eb7t c\u1ee7a k\u1ef9 thu\u1eadt vi\u00ean tr\u1edf n\u00ean d\u1ec5 d\u00e0ng v\u00e0 thu\u1eadn ti\u1ec7n h\u01a1n.<\/p>\n<p>\u2013 C\u00e1nh t\u1ea3n nhi\u1ec7t c\u1ee7a\u00a0\u0111i\u1ec1u h\u00f2a Daikin 2023\u00a0\u0111\u01b0\u1ee3c ph\u1ee7 2 l\u1edbp ch\u1ed1ng \u0103n m\u00f2n n\u00ean c\u00f3 tu\u1ed5i th\u1ecd r\u1ea5t cao. B\u1ea1n c\u00f3 th\u1ec3 l\u1eafp \u0111\u1eb7t m\u00e1y \u1edf m\u1ecdi v\u1ecb tr\u00ed m\u00e0 kh\u00f4ng c\u1ea7n lo l\u1eafng c\u00e1c y\u1ebfu t\u1ed1 b\u00ean ngo\u00e0i \u1ea3nh h\u01b0\u1edfng \u0111\u1ebfn m\u00e1y.<\/p>\n<p><img decoding=\"async\" src=\"https:\/\/www.dienmayphuckhanh.vn\/wp-content\/uploads\/2023\/01\/dieu-hoa-daikin-2023-co-do-ben-cao.jpg\" sizes=\"(max-width: 700px) 100vw, 700px\" srcset=\"https:\/\/www.dienmayphuckhanh.vn\/wp-content\/uploads\/2023\/01\/dieu-hoa-daikin-2023-co-do-ben-cao.jpg 700w, https:\/\/www.dienmayphuckhanh.vn\/wp-content\/uploads\/2023\/01\/dieu-hoa-daikin-2023-co-do-ben-cao-400x229.jpg 400w, https:\/\/www.dienmayphuckhanh.vn\/wp-content\/uploads\/2023\/01\/dieu-hoa-daikin-2023-co-do-ben-cao-247x141.jpg 247w, https:\/\/www.dienmayphuckhanh.vn\/wp-content\/uploads\/2023\/01\/dieu-hoa-daikin-2023-co-do-ben-cao-510x291.jpg 510w\" alt=\"\u0110i\u1ec1u h\u00f2a Daikin 2023 c\u00f3 \u0111\u1ed9 b\u1ec1n cao\" data-lazy-sizes=\"(max-width: 700px) 100vw, 700px\" data-lazy-src=\"https:\/\/www.dienmayphuckhanh.vn\/wp-content\/uploads\/2023\/01\/dieu-hoa-daikin-2023-co-do-ben-cao.jpg\" data-lazy-srcset=\"https:\/\/www.dienmayphuckhanh.vn\/wp-content\/uploads\/2023\/01\/dieu-hoa-daikin-2023-co-do-ben-cao.jpg 700w, https:\/\/www.dienmayphuckhanh.vn\/wp-content\/uploads\/2023\/01\/dieu-hoa-daikin-2023-co-do-ben-cao-400x229.jpg 400w, https:\/\/www.dienmayphuckhanh.vn\/wp-content\/uploads\/2023\/01\/dieu-hoa-daikin-2023-co-do-ben-cao-247x141.jpg 247w, https:\/\/www.dienmayphuckhanh.vn\/wp-content\/uploads\/2023\/01\/dieu-hoa-daikin-2023-co-do-ben-cao-510x291.jpg 510w\" data-ll-status=\"loaded\" \/><\/p>\n<p>\u2013 Daikin FTKF25XVMV\/RKF25XVMV \u0111\u01b0\u1ee3c t\u00edch h\u1ee3p m\u00f4i ch\u1ea5t l\u1ea1nh th\u1ebf h\u1ec7 m\u01b0\u1edbi R32 kh\u00f4ng nh\u1eefng gi\u00fap gia t\u0103ng kh\u1ea3 n\u0103ng l\u00e0m l\u1ea1nh cho m\u00e1y m\u00e0 c\u00f2n gi\u00fap b\u1ea3o v\u1ec7 m\u00f4i tr\u01b0\u1eddng v\u00e0 t\u1ed1t cho s\u1ee9c kh\u1ecfe c\u1ee7a ng\u01b0\u1eddi s\u1eed d\u1ee5ng.<\/p>\n<h3>C\u00f4ng ngh\u1ec7 l\u00e0m l\u1ea1nh c\u1ee7a \u0111i\u1ec1u h\u00f2a Daikin 1 chi\u1ec1u<\/h3>\n<p>\u2013 C\u00f4ng su\u1ea5t l\u00e0m l\u1ea1nh 9000BTU, n\u00ean m\u00e1y \u0111i\u1ec1u h\u00f2a Daikin FTKF25XVMV c\u00f3 kh\u1ea3 n\u0103ng l\u00e0m m\u00e1t cho c\u00e1c c\u0103n ph\u00f2ng c\u00f3 di\u1ec7n t\u00edch t\u1eeb 10 \u2013 15m2 (t\u1eeb 40 \u2013 60m3).<\/p>\n<p><img decoding=\"async\" src=\"https:\/\/www.dienmayphuckhanh.vn\/wp-content\/uploads\/2023\/01\/cong-nghe-coanda.jpg\" sizes=\"(max-width: 700px) 100vw, 700px\" srcset=\"https:\/\/www.dienmayphuckhanh.vn\/wp-content\/uploads\/2023\/01\/cong-nghe-coanda.jpg 700w, https:\/\/www.dienmayphuckhanh.vn\/wp-content\/uploads\/2023\/01\/cong-nghe-coanda-400x229.jpg 400w, https:\/\/www.dienmayphuckhanh.vn\/wp-content\/uploads\/2023\/01\/cong-nghe-coanda-247x141.jpg 247w, https:\/\/www.dienmayphuckhanh.vn\/wp-content\/uploads\/2023\/01\/cong-nghe-coanda-510x291.jpg 510w\" alt=\"C\u00f4ng ngh\u1ec7 Coanda\" data-lazy-sizes=\"(max-width: 700px) 100vw, 700px\" data-lazy-src=\"https:\/\/www.dienmayphuckhanh.vn\/wp-content\/uploads\/2023\/01\/cong-nghe-coanda.jpg\" data-lazy-srcset=\"https:\/\/www.dienmayphuckhanh.vn\/wp-content\/uploads\/2023\/01\/cong-nghe-coanda.jpg 700w, https:\/\/www.dienmayphuckhanh.vn\/wp-content\/uploads\/2023\/01\/cong-nghe-coanda-400x229.jpg 400w, https:\/\/www.dienmayphuckhanh.vn\/wp-content\/uploads\/2023\/01\/cong-nghe-coanda-247x141.jpg 247w, https:\/\/www.dienmayphuckhanh.vn\/wp-content\/uploads\/2023\/01\/cong-nghe-coanda-510x291.jpg 510w\" data-ll-status=\"loaded\" \/><\/p>\n<p>\u2013 N\u1ebfu nh\u01b0 b\u1ea1n \u0111ang kh\u00f3 ch\u1ecbu v\u00ec m\u1ed7i l\u1ea7n mu\u1ed1n s\u1eed d\u1ee5ng \u0111i\u1ec1u h\u00f2a \u0111\u1ec1u ph\u1ea3i ch\u1edd \u0111\u1ee3i r\u1ea5t l\u00e2u \u0111\u1ec3 m\u00e1y l\u00e0m m\u00e1t ph\u00f2ng th\u00ec gi\u1edd \u0111\u00e2y m\u00e1y \u0111i\u1ec1u h\u00f2a Daikin FTKF35XVMV\/RKF35XVMV s\u1ebd gi\u00fap b\u1ea1n gi\u1ea3i quy\u1ebft v\u1ea5n \u0111\u1ec1 n\u00e0y. Nh\u1edd \u0111\u01b0\u1ee3c trang b\u1ecb c\u00f4ng ngh\u1ec7 Power Full m\u00e0 m\u00e1y c\u00f3 th\u1ec3 gi\u1ea3m 1.5 \u0111\u1ed9 nhi\u1ec7t \u0111\u1ed9 ph\u00f2ng ch\u1ec9 sau 3 ph\u00fat ho\u1ea1t \u0111\u1ed9ng. Th\u1eadt l\u00e0 tuy\u1ec7t v\u1eddi \u0111\u00fang kh\u00f4ng n\u00e0o?<\/p>\n<h3>Gi\u1eef kh\u00f4ng gian lu\u00f4n kh\u00f4 tho\u00e1ng khi \u0111\u1ed9 \u1ea9m t\u0103ng cao v\u1edbi ch\u1ebf \u0111\u1ed9 h\u00fat \u1ea9m<\/h3>\n<p>\u2013 Trong nh\u1eefng ng\u00e0y tr\u1eddi m\u01b0a hay n\u1ed3m th\u00ec \u0111\u1ed9 \u1ea9m trong ph\u00f2ng s\u1ebd t\u0103ng r\u1ea5t cao g\u00e2y \u1ea3nh h\u01b0\u1edfng xu\u1ea5t \u0111\u1ebfn s\u1ee9c kh\u1ecfe c\u1ee7a ng\u01b0\u1eddi s\u1eed d\u1ee5ng v\u00e0 l\u00e0m gi\u1ea3m tu\u1ed5i th\u1ecd c\u1ee7a c\u00e1c thi\u1ebft b\u1ecb \u0111i\u1ec7n t\u1eed trong ph\u00f2ng. \u0110\u1ec3 kh\u1eafc ph\u1ee5c t\u00ecnh tr\u1ea1ng n\u00e0y th\u00ec b\u1ea1n ch\u1ec9 c\u1ea7n k\u00edch ho\u1ea1t ch\u1ebf \u0111\u1ed9 h\u00fat \u1ea9m tr\u00ean m\u00e1y \u0111i\u1ec1u h\u00f2a Daikin l\u00e0 \u0111\u01b0\u1ee3c.<\/p>\n<p>\u2013 Ch\u1ebf \u0111\u1ed9 h\u00fat \u1ea9m c\u1ee7a m\u00e1y \u0111i\u1ec1u h\u00f2a Daikin s\u1ebd l\u00e0m gi\u1ea3m b\u1edbt \u0111\u1ed9 \u1ea9m trong kh\u00f4ng kh\u00ed \u0111\u1ec3 gi\u1eef cho ph\u00f2ng lu\u00f4n kh\u00f4 r\u00e1o v\u00e0 tho\u00e3ng \u0111\u00e3ng.<\/p>\n<h3>C\u00f3 gi\u1ea5c ng\u1ee7 ngon v\u1edbi ch\u1ebf \u0111\u1ed9 h\u1eb9n gi\u1edd b\u1eadt t\u1eaft \u0111i\u1ec1u h\u00f2a Daikin FTKF25XVMV<\/h3>\n<p>\u2013 \u0110\u00e3 bao gi\u1edd b\u1ea1n ph\u1ea3i th\u1ee9c d\u1eady l\u00fac n\u1eeda \u0111\u00eam \u0111\u1ec3 t\u1eaft\u00a0\u0111i\u1ec1u h\u00f2a\u00a0\u0111i do qu\u00e1 l\u1ea1nh hay ch\u01b0a? N\u1ebfu c\u00f3 th\u00ec th\u1eadt b\u1ea5t ti\u1ec7n \u0111\u00fang kh\u00f4ng n\u00e0o, n\u00f3 s\u1ebd l\u00e0m gi\u00e1n \u0111o\u1ea1n gi\u1ea5c ng\u1ee7 c\u1ee7a ch\u00fang ta. \u0110\u1eb7c bi\u1ec7t l\u00e0 nh\u1eefng ng\u01b0\u1eddi kh\u00f3 ng\u1ee7 th\u00ec s\u1ebd th\u1eadt kh\u00f3 \u0111\u1ec3 c\u00f3 th\u1ec3 ng\u1ee7 tr\u1edf l\u1ea1i.<\/p>\n<p><img decoding=\"async\" src=\"https:\/\/www.dienmayphuckhanh.vn\/wp-content\/uploads\/2021\/02\/M%E1%BA%B9o-s%E1%BB%AD-d%E1%BB%A5ng-%C4%91i%E1%BB%81u-h%C3%B2a-daikin-ti%E1%BA%BFt-ki%E1%BB%87m-%C4%91i%E1%BB%87n-2.jpg\" sizes=\"(max-width: 700px) 100vw, 700px\" srcset=\"https:\/\/www.dienmayphuckhanh.vn\/wp-content\/uploads\/2021\/02\/M\u1eb9o-s\u1eed-d\u1ee5ng-\u0111i\u1ec1u-h\u00f2a-daikin-ti\u1ebft-ki\u1ec7m-\u0111i\u1ec7n-2.jpg 700w, https:\/\/www.dienmayphuckhanh.vn\/wp-content\/uploads\/2021\/02\/M\u1eb9o-s\u1eed-d\u1ee5ng-\u0111i\u1ec1u-h\u00f2a-daikin-ti\u1ebft-ki\u1ec7m-\u0111i\u1ec7n-2-300x171.jpg 300w, https:\/\/www.dienmayphuckhanh.vn\/wp-content\/uploads\/2021\/02\/M\u1eb9o-s\u1eed-d\u1ee5ng-\u0111i\u1ec1u-h\u00f2a-daikin-ti\u1ebft-ki\u1ec7m-\u0111i\u1ec7n-2-600x343.jpg 600w\" alt=\"s\u1eed d\u1ee5ng ch\u1ebf \u0111\u1ed9 h\u1eb9n gi\u1edd\" data-lazy-sizes=\"(max-width: 700px) 100vw, 700px\" data-lazy-src=\"https:\/\/www.dienmayphuckhanh.vn\/wp-content\/uploads\/2021\/02\/M%E1%BA%B9o-s%E1%BB%AD-d%E1%BB%A5ng-%C4%91i%E1%BB%81u-h%C3%B2a-daikin-ti%E1%BA%BFt-ki%E1%BB%87m-%C4%91i%E1%BB%87n-2.jpg\" data-lazy-srcset=\"https:\/\/www.dienmayphuckhanh.vn\/wp-content\/uploads\/2021\/02\/M\u1eb9o-s\u1eed-d\u1ee5ng-\u0111i\u1ec1u-h\u00f2a-daikin-ti\u1ebft-ki\u1ec7m-\u0111i\u1ec7n-2.jpg 700w, https:\/\/www.dienmayphuckhanh.vn\/wp-content\/uploads\/2021\/02\/M\u1eb9o-s\u1eed-d\u1ee5ng-\u0111i\u1ec1u-h\u00f2a-daikin-ti\u1ebft-ki\u1ec7m-\u0111i\u1ec7n-2-300x171.jpg 300w, https:\/\/www.dienmayphuckhanh.vn\/wp-content\/uploads\/2021\/02\/M\u1eb9o-s\u1eed-d\u1ee5ng-\u0111i\u1ec1u-h\u00f2a-daikin-ti\u1ebft-ki\u1ec7m-\u0111i\u1ec7n-2-600x343.jpg 600w\" data-ll-status=\"loaded\" \/><\/p>\n<p>\u2013 Tuy nhi\u00ean, v\u1edbi m\u00e1y l\u1ea1nh Daikin FTKF25XVMV th\u00ec b\u1ea1n s\u1ebd kh\u00f4ng c\u1ea7n ph\u1ea3i lo l\u1eafng v\u1ec1 v\u1ea5n \u0111\u1ec1 n\u00e0y v\u00ec m\u00e1y \u0111\u00e3 \u0111\u01b0\u1ee3c trang b\u1ecb ch\u1ee9c n\u0103ng h\u1eb9n gi\u1edd b\u1eadt t\u1eaft 24h.<\/p>\n<h3>Ti\u1ebft ki\u1ec7m th\u1eddi gian v\u1edbi ch\u1ee9c n\u0103ng t\u1ef1 kh\u1edfi \u0111\u1ed9ng l\u1ea1i khi c\u00f3 \u0111i\u1ec7n<\/h3>\n<p>\u2013 N\u1ebfu m\u00e1y \u0111i\u1ec1u h\u00f2a Daikin 9000BTU \u0111ang ho\u1ea1t \u0111\u1ed9ng m\u00e0 s\u1ea3y ra s\u1ef1 c\u1ed1 m\u1ea5t \u0111i\u1ec7n \u0111\u1ed9t ng\u1ed9t th\u00ec m\u00e1y s\u1ebd t\u1ef1 \u0111\u1ed9ng ghi nh\u1edb l\u1ea1i c\u00e1c th\u00f4ng s\u1ed1 \u0111\u00f3 v\u00e0 s\u1ebd k\u00edch ho\u1ea1t l\u1ea1i sau khi c\u00f3 \u0111i\u1ec7n tr\u1edf l\u1ea1i. Nh\u1edd v\u1eady, m\u00e0 s\u1ebd gi\u00fap ti\u1ebft ki\u1ec7m th\u1eddi gian cho ng\u01b0\u1eddi s\u1eed d\u1ee5ng.<\/p>\n","protected":false},"excerpt":{"rendered":"<ul>\n<li>\u0110i\u1ec1u h\u00f2a Daikin 9000BTU FTKF25XVMV [<strong>Model m\u1edbi 2023<\/strong>]<\/li>\n<li>1 chi\u1ec1u \u2013 9000 BTU \u2013 Gas R32<\/li>\n<li>Ki\u1ec3u d\u00e1ng nh\u1ecf g\u1ecdn, thanh l\u1ecbch<\/li>\n<li>Lu\u1ed3ng gi\u00f3 tho\u1ea3i m\u00e1i Coanda<\/li>\n<li>Ch\u1ee9c n\u0103ng h\u00fat \u1ea9m gi\u1eef c\u0103n ph\u00f2ng lu\u00f4n kh\u00f4 r\u00e1o<\/li>\n<li>C\u00e1nh t\u1ea3n nhi\u1ec7t d\u00e0n n\u00f3ng ch\u1ed1ng \u0103n m\u00f2n<\/li>\n<\/ul>\n","protected":false},"featured_media":1540,"comment_status":"open","ping_status":"closed","template":"","meta":{"wprm-recipe-roundup-name":"","wprm-recipe-roundup-description":""},"product_brand":[],"product_cat":[115],"product_tag":[166],"class_list":{"0":"post-1538","1":"product","2":"type-product","3":"status-publish","4":"has-post-thumbnail","6":"thuong-hieu-daikin","7":"product_cat-may-lanh-treo-tuong","8":"product_tag-bao-hanh-12-thang","9":"pa_cong-nghe-inverter","10":"pa_cong-suat-lam-lanh-1-hp","11":"pa_may-lanh-treo-tuong-1-0-hp","13":"first","14":"instock","15":"sale","16":"taxable","17":"shipping-taxable","18":"purchasable","19":"product-type-simple"},"_links":{"self":[{"href":"https:\/\/maylanhlamhoanglong.com\/index.php?rest_route=\/wp\/v2\/product\/1538","targetHints":{"allow":["GET"]}}],"collection":[{"href":"https:\/\/maylanhlamhoanglong.com\/index.php?rest_route=\/wp\/v2\/product"}],"about":[{"href":"https:\/\/maylanhlamhoanglong.com\/index.php?rest_route=\/wp\/v2\/types\/product"}],"replies":[{"embeddable":true,"href":"https:\/\/maylanhlamhoanglong.com\/index.php?rest_route=%2Fwp%2Fv2%2Fcomments&post=1538"}],"wp:featuredmedia":[{"embeddable":true,"href":"https:\/\/maylanhlamhoanglong.com\/index.php?rest_route=\/wp\/v2\/media\/1540"}],"wp:attachment":[{"href":"https:\/\/maylanhlamhoanglong.com\/index.php?rest_route=%2Fwp%2Fv2%2Fmedia&parent=1538"}],"wp:term":[{"taxonomy":"product_brand","embeddable":true,"href":"https:\/\/maylanhlamhoanglong.com\/index.php?rest_route=%2Fwp%2Fv2%2Fproduct_brand&post=1538"},{"taxonomy":"product_cat","embeddable":true,"href":"https:\/\/maylanhlamhoanglong.com\/index.php?rest_route=%2Fwp%2Fv2%2Fproduct_cat&post=1538"},{"taxonomy":"product_tag","embeddable":true,"href":"https:\/\/maylanhlamhoanglong.com\/index.php?rest_route=%2Fwp%2Fv2%2Fproduct_tag&post=1538"}],"curies":[{"name":"wp","href":"https:\/\/api.w.org\/{rel}","templated":true}]}}