{"id":1521,"date":"2025-03-17T14:08:53","date_gmt":"2025-03-17T07:08:53","guid":{"rendered":"https:\/\/maylanhlamhoanglong.com\/?post_type=product&#038;p=1521"},"modified":"2025-03-17T14:08:53","modified_gmt":"2025-03-17T07:08:53","slug":"may-lanh-sharp-inverter-2-hp-ah-x18cewc","status":"publish","type":"product","link":"https:\/\/maylanhlamhoanglong.com\/?product=may-lanh-sharp-inverter-2-hp-ah-x18cewc","title":{"rendered":"M\u00e1y l\u1ea1nh Sharp Inverter 2 HP AH-X18CEWC"},"content":{"rendered":"<div id=\"tab-spec\" class=\"tabs col1\">\n<h2 id=\"specification\" class=\"tab-link current\" data-tab=\"tab-1\">Th\u00f4ng s\u1ed1 k\u1ef9 thu\u1eadt<\/h2>\n<\/div>\n<div id=\"tab-1\" class=\"specifications tab-content current\">\n<div id=\"specification-img-334699\" class=\"img-main specification-img \"><img decoding=\"async\" class=\" lazyloaded\" src=\"https:\/\/cdnv2.tgdd.vn\/mwg-static\/dmx\/Products\/Images\/2002\/334699\/Kit\/sharp-inverter-2-hp-ah-x18cewc-note-638755835622147410.jpg\" alt=\"M\u00e1y l\u1ea1nh Sharp Inverter 2 HP AH-X18CEWC\" data-src=\"https:\/\/cdnv2.tgdd.vn\/mwg-static\/dmx\/Products\/Images\/2002\/334699\/Kit\/sharp-inverter-2-hp-ah-x18cewc-note-638755835622147410.jpg\" \/><\/div>\n<div id=\"specification-item-334699\" class=\"specification-item \">\n<div class=\"box-specifi\">\n<h3>Th\u00f4ng tin s\u1ea3n ph\u1ea9m<\/h3>\n<ul class=\"text-specifi active\">\n<li>\n<aside><strong>Lo\u1ea1i m\u00e1y:<\/strong><\/aside>\n<aside><a class=\"tzLink\" href=\"https:\/\/www.dienmayxanh.com\/kinh-nghiem-hay\/may-lanh-1-chieu-khac-gi-may-lanh-2-chieu-638574#1-chieu\" target=\"_blank\" rel=\"noopener\">1 chi\u1ec1u (ch\u1ec9 l\u00e0m l\u1ea1nh)<\/a><\/aside>\n<\/li>\n<li>\n<aside><strong>Inverter:<\/strong><\/aside>\n<aside><a class=\"tzLink\" href=\"https:\/\/www.dienmayxanh.com\/kinh-nghiem-hay\/the-nao-la-may-lanh-inverter-628934\" target=\"_blank\" rel=\"noopener\">C\u00f3 Inverter<\/a><\/aside>\n<\/li>\n<li>\n<aside><a class=\"tzLink\" href=\"https:\/\/www.dienmayxanh.com\/kinh-nghiem-hay\/cach-tinh-cong-suat-may-lanh-phu-hop-voi-dien-tich-544796\" target=\"_blank\" rel=\"noopener\">C\u00f4ng su\u1ea5t l\u00e0m l\u1ea1nh:<\/a><\/aside>\n<aside><span class=\"\">2 HP &#8211; 18.000 BTU<\/span><\/aside>\n<\/li>\n<li>\n<aside><strong>Ph\u1ea1m vi l\u00e0m l\u1ea1nh hi\u1ec7u qu\u1ea3:<\/strong><\/aside>\n<aside><span class=\"\">T\u1eeb 20 &#8211; 30m\u00b2 (t\u1eeb 60 \u0111\u1ebfn 80m\u00b3)<\/span><\/aside>\n<\/li>\n<li>\n<aside><strong>\u0110\u1ed9 \u1ed3n trung b\u00ecnh:<\/strong><\/aside>\n<aside><span class=\"\">42\/22 dB<\/span><\/aside>\n<\/li>\n<li>\n<aside><strong>D\u00f2ng s\u1ea3n ph\u1ea9m:<\/strong><\/aside>\n<aside><span class=\"\">2025<\/span><\/aside>\n<\/li>\n<li>\n<aside><strong>S\u1ea3n xu\u1ea5t t\u1ea1i:<\/strong><\/aside>\n<aside><span class=\"\">Th\u00e1i Lan<\/span><\/aside>\n<\/li>\n<li>\n<aside><strong>Th\u1eddi gian b\u1ea3o h\u00e0nh c\u1ee5c l\u1ea1nh:<\/strong><\/aside>\n<aside><span class=\"\">2 n\u0103m<\/span><\/aside>\n<\/li>\n<li>\n<aside><strong>Th\u1eddi gian b\u1ea3o h\u00e0nh c\u1ee5c n\u00f3ng:<\/strong><\/aside>\n<aside><span class=\"\">M\u00e1y n\u00e9n 10 n\u0103m<\/span><\/aside>\n<\/li>\n<li>\n<aside><strong>Ch\u1ea5t li\u1ec7u d\u00e0n t\u1ea3n nhi\u1ec7t:<\/strong><\/aside>\n<aside><span class=\"\">\u1ed0ng d\u1eabn gas b\u1eb1ng \u0110\u1ed3ng &#8211; L\u00e1 t\u1ea3n nhi\u1ec7t b\u1eb1ng Nh\u00f4m ph\u1ee7 BlueFin<\/span><\/aside>\n<\/li>\n<li>\n<aside><strong>Lo\u1ea1i Gas:<\/strong><\/aside>\n<aside><a class=\"tzLink\" href=\"https:\/\/www.dienmayxanh.com\/kinh-nghiem-hay\/cac-loai-gas-tren-may-lanh-588213#r32\" target=\"_blank\" rel=\"noopener\">R-32<\/a><\/aside>\n<\/li>\n<\/ul>\n<\/div>\n<div class=\"box-specifi\">\n<h3>M\u1ee9c ti\u00eau th\u1ee5 \u0111i\u1ec7n n\u0103ng<\/h3>\n<ul class=\"text-specifi active\">\n<li>\n<aside><strong>Ti\u00eau th\u1ee5 \u0111i\u1ec7n:<\/strong><\/aside>\n<aside><span class=\"\">1.64 kW\/h<\/span><\/aside>\n<\/li>\n<li>\n<aside><a class=\"tzLink\" href=\"https:\/\/www.dienmayxanh.com\/kinh-nghiem-hay\/nhan-nang-luong-tren-may-lanh-706605\" target=\"_blank\" rel=\"noopener\">Nh\u00e3n n\u0103ng l\u01b0\u1ee3ng:<\/a><\/aside>\n<aside><a class=\"tzLink\" href=\"https:\/\/www.dienmayxanh.com\/kinh-nghiem-hay\/hieu-suat-nang-luong-tren-may-lanh-la-gi-855133\" target=\"_blank\" rel=\"noopener\">5 sao (Hi\u1ec7u su\u1ea5t n\u0103ng l\u01b0\u1ee3ng 4.72)<\/a><\/aside>\n<\/li>\n<li>\n<aside><strong>C\u00f4ng ngh\u1ec7 ti\u1ebft ki\u1ec7m \u0111i\u1ec7n:<\/strong><\/aside>\n<aside><a class=\"tzLink\" href=\"https:\/\/www.dienmayxanh.com\/kinh-nghiem-hay\/cong-nghe-j-tech-inverter-tren-may-lanh-sharp-622587#j-tech\" target=\"_blank\" rel=\"noopener\">J-Tech Inverter<\/a><\/aside>\n<\/li>\n<\/ul>\n<\/div>\n<div class=\"box-specifi\">\n<h3>Kh\u1ea3 n\u0103ng l\u1ecdc kh\u00f4ng kh\u00ed<\/h3>\n<ul class=\"text-specifi active\">\n<li>\n<aside><strong>L\u1ecdc b\u1ee5i, kh\u00e1ng khu\u1ea9n, kh\u1eed m\u00f9i:<\/strong><\/aside>\n<aside><a class=\"tzLink\" href=\"https:\/\/www.dienmayxanh.com\/kinh-nghiem-hay\/cong-nghe-khang-khuan-khu-mui-tren-may-lanh-sharp-1081605#polypropylene\" target=\"_blank\" rel=\"noopener\">L\u01b0\u1edbi l\u1ecdc b\u1ee5i polypropylene<\/a><\/aside>\n<\/li>\n<\/ul>\n<\/div>\n<div class=\"box-specifi\">\n<h3>C\u00f4ng ngh\u1ec7 l\u00e0m l\u1ea1nh<\/h3>\n<ul class=\"text-specifi active\">\n<li>\n<aside><strong>Ch\u1ebf \u0111\u1ed9 gi\u00f3:<\/strong><\/aside>\n<aside><span class=\"\">\u0110i\u1ec1u khi\u1ec3n l\u00ean xu\u1ed1ng t\u1ef1 \u0111\u1ed9ng<\/span><\/aside>\n<\/li>\n<li>\n<aside><strong>C\u00f4ng ngh\u1ec7 l\u00e0m l\u1ea1nh nhanh:<\/strong><\/aside>\n<aside><a class=\"tzLink\" href=\"https:\/\/www.dienmayxanh.com\/kinh-nghiem-hay\/cac-che-do-lam-lanh-nhanh-thuong-gap-tren-may-lanh-837183#powerful-jet\" target=\"_blank\" rel=\"noopener\">Super Jet<\/a><\/aside>\n<\/li>\n<\/ul>\n<\/div>\n<div class=\"box-specifi\">\n<h3>Ti\u1ec7n \u00edch<\/h3>\n<ul class=\"text-specifi active\">\n<li>\n<aside><strong>Ti\u1ec7n \u00edch:<\/strong><\/aside>\n<aside><a class=\"tzLink circle\" href=\"https:\/\/www.dienmayxanh.com\/kinh-nghiem-hay\/cac-che-do-thuong-thay-tren-may-lanh-795107#tu-khoi-dong\" target=\"_blank\" rel=\"noopener\">T\u1ef1 kh\u1edfi \u0111\u1ed9ng l\u1ea1i khi c\u00f3 \u0111i\u1ec7n<\/a><a class=\"tzLink circle\" href=\"https:\/\/www.dienmayxanh.com\/kinh-nghiem-hay\/tac-dung-cua-cac-che-do-gio-tren-may-lanh-588239#coanda\" target=\"_blank\" rel=\"noopener\">Lu\u1ed3ng gi\u00f3 tho\u1ea3i m\u00e1i Coanda<\/a><a class=\"tzLink circle\" href=\"https:\/\/www.dienmayxanh.com\/kinh-nghiem-hay\/tac-dung-cua-cac-che-do-gio-tren-may-lanh-588239#breeze\" target=\"_blank\" rel=\"noopener\">Ch\u1ebf \u0111\u1ed9 Breeze (gi\u00f3 t\u1ef1 nhi\u00ean)<\/a><span class=\"circle\">7 t\u00ednh n\u0103ng b\u1ea3o v\u1ec7 an to\u00e0n, b\u1ec1n b\u1ec9<\/span><a class=\"tzLink circle\" href=\"https:\/\/www.dienmayxanh.com\/kinh-nghiem-hay\/tac-dung-cua-cac-che-do-gio-tren-may-lanh-588239#gia-tre-em\" target=\"_blank\" rel=\"noopener\">Th\u1ed5i gi\u00f3 d\u1ec5 ch\u1ecbu (cho tr\u1ebb em, ng\u01b0\u1eddi gi\u00e0)<\/a><a class=\"tzLink circle\" href=\"https:\/\/www.dienmayxanh.com\/kinh-nghiem-hay\/cac-che-do-thuong-thay-tren-may-lanh-795107#hen-gio\" target=\"_blank\" rel=\"noopener\">H\u1eb9n gi\u1edd b\u1eadt t\u1eaft m\u00e1y<\/a><a class=\"tzLink circle\" href=\"https:\/\/www.dienmayxanh.com\/kinh-nghiem-hay\/cac-cong-nghe-noi-bat-tren-may-lanh-sharp-1424787#best-sleep\" target=\"_blank\" rel=\"noopener\">Ch\u1ebf \u0111\u1ed9 ng\u1ee7 \u0111\u00eam Best Sleep<\/a><a class=\"tzLink circle\" href=\"https:\/\/www.dienmayxanh.com\/kinh-nghiem-hay\/cac-cong-nghe-noi-bat-tren-may-lanh-sharp-1424787#baby-sleep\" target=\"_blank\" rel=\"noopener\">Ch\u1ebf \u0111\u1ed9 Baby cho ng\u01b0\u1eddi gi\u00e0, tr\u1ebb nh\u1ecf<\/a><\/aside>\n<\/li>\n<\/ul>\n<\/div>\n<div class=\"box-specifi\">\n<h3>Th\u00f4ng s\u1ed1 k\u00edch th\u01b0\u1edbc\/l\u1eafp \u0111\u1eb7t<\/h3>\n<ul class=\"text-specifi active\">\n<li>\n<aside><strong>K\u00edch th\u01b0\u1edbc &#8211; Kh\u1ed1i l\u01b0\u1ee3ng d\u00e0n l\u1ea1nh:<\/strong><\/aside>\n<aside><span class=\"\">D\u00e0i 87.7 cm &#8211; Cao 29.2 cm &#8211; D\u00e0y 22.2 cm &#8211; N\u1eb7ng 9 kg<\/span><\/aside>\n<\/li>\n<li>\n<aside><strong>K\u00edch th\u01b0\u1edbc &#8211; Kh\u1ed1i l\u01b0\u1ee3ng d\u00e0n n\u00f3ng:<\/strong><\/aside>\n<aside><span class=\"\">D\u00e0i 76 cm &#8211; Cao 54 cm &#8211; D\u00e0y 33.3 cm &#8211; N\u1eb7ng 29 kg<\/span><\/aside>\n<\/li>\n<li>\n<aside><a class=\"tzLink\" href=\"https:\/\/www.dienmayxanh.com\/kinh-nghiem-hay\/nhung-tieu-chuan-ong-dong-khi-lap-dat-dieu-hoa-may-965478#do-dai-ong-dong\" target=\"_blank\" rel=\"noopener\">Chi\u1ec1u d\u00e0i l\u1eafp \u0111\u1eb7t \u1ed1ng \u0111\u1ed3ng:<\/a><\/aside>\n<aside><span class=\"\">T\u1ed1i \u0111a 20m<\/span><\/aside>\n<\/li>\n<li>\n<aside><a class=\"tzLink\" href=\"https:\/\/www.dienmayxanh.com\/kinh-nghiem-hay\/nhung-tieu-chuan-ong-dong-khi-lap-dat-dieu-hoa-may-965478#chenh-lech-dan-nong-dan-lanh\" target=\"_blank\" rel=\"noopener\">Chi\u1ec1u cao l\u1eafp \u0111\u1eb7t t\u1ed1i \u0111a gi\u1eefa c\u1ee5c n\u00f3ng-l\u1ea1nh:<\/a><\/aside>\n<aside><span class=\"\">10m<\/span><\/aside>\n<\/li>\n<li>\n<aside><strong>D\u00f2ng \u0111i\u1ec7n v\u00e0o:<\/strong><\/aside>\n<aside><span class=\"\">D\u00e0n l\u1ea1nh<\/span><\/aside>\n<\/li>\n<li>\n<aside><strong>D\u00f2ng \u0111i\u1ec7n ho\u1ea1t \u0111\u1ed9ng:<\/strong><\/aside>\n<aside><span class=\"\">1 pha<\/span><\/aside>\n<\/li>\n<li>\n<aside><a class=\"tzLink\" href=\"https:\/\/www.dienmayxanh.com\/kinh-nghiem-hay\/nhung-tieu-chuan-ong-dong-khi-lap-dat-dieu-hoa-may-965478#kich-thuoc-ong-dong\" target=\"_blank\" rel=\"noopener\">K\u00edch th\u01b0\u1edbc \u1ed1ng \u0111\u1ed3ng:<\/a><\/aside>\n<aside><span class=\"\">6\/12<\/span><\/aside>\n<\/li>\n<li>\n<aside><strong>S\u1ed1 l\u01b0\u1ee3ng k\u1ebft n\u1ed1i d\u00e0n l\u1ea1nh t\u1ed1i \u0111a:<\/strong><\/aside>\n<aside><span class=\"\">1<\/span><\/aside>\n<\/li>\n<li>\n<aside><strong>H\u00e3ng:<\/strong><\/aside>\n<aside><span class=\"\">Sharp.\u00a0<span class=\"parameter__manu\">Xem th\u00f4ng tin h\u00e3ng<\/span><\/span><\/aside>\n<\/li>\n<\/ul>\n<\/div>\n<\/div>\n<\/div>\n<div class=\"wrap_rating wrap_border\" data-ismb=\"False\" data-objectid=\"334699\" data-objecttype=\"2\" data-irt=\"True\" data-siteid=\"2\" data-urlimg=\"\" data-url=\"http:\/\/www.dienmayxanh.com\/may-lanh\/sharp-inverter-2-hp-ah-x18cewc\" data-title=\"M\u00e1y l\u1ea1nh Sharp Inverter 2 HP AH-X18CEWC\">\n<div class=\"rating-topzone rc-dmx v2\">\n<div class=\"rating-topzonecr-uncmt\"><\/div>\n<\/div>\n<\/div>\n","protected":false},"excerpt":{"rendered":"<p class=\"short-article__title\">\u0110\u1eb7c \u0111i\u1ec3m n\u1ed5i b\u1eadt<\/p>\n<ul>\n<li><strong>M\u00e1y l\u1ea1nh 1 chi\u1ec1u 2 HP<\/strong>\u00a0ph\u00f9 h\u1ee3p cho ph\u00f2ng c\u00f3 di\u1ec7n t\u00edch t\u1eeb 20 &#8211; 30m\u00b2.<\/li>\n<li><strong>J-Tech Inverter<\/strong>\u00a0k\u1ebft h\u1ee3p<strong>\u00a0ch\u1ebf \u0111\u1ed9 Eco<\/strong>\u00a0c\u00f3 kh\u1ea3 n\u0103ng ti\u1ebft ki\u1ec7m \u0111i\u1ec7n hi\u1ec7u qu\u1ea3.<\/li>\n<li><strong>L\u01b0\u1edbi l\u1ecdc b\u1ee5i polypropylene<\/strong>\u00a0lo\u1ea1i b\u1ecf m\u00f9i h\u00f4i, kh\u00e1ng khu\u1ea9n \u0111em l\u1ea1i b\u1ea7u kh\u00f4ng kh\u00ed trong l\u00e0nh.<\/li>\n<li>C\u00f4ng ngh\u1ec7\u00a0<strong>Super Jet\u00a0<\/strong>v\u1edbi \u01b0u \u0111i\u1ec3m l\u00e0m l\u1ea1nh nhanh ch\u00f3ng.<\/li>\n<li>Trang b\u1ecb\u00a0<strong>7 t\u00ednh n\u0103ng b\u1ea3o v\u1ec7<\/strong>\u00a0an to\u00e0n, ng\u01b0\u1eddi d\u00f9ng y\u00ean t\u00e2m khi s\u1eed d\u1ee5ng.<\/li>\n<li><strong>Ch\u1ebf \u0111\u1ed9 Breeze (gi\u00f3 t\u1ef1\u00a0nhi\u00ean)<\/strong>\u00a0t\u1ea1o ra h\u01a1i l\u1ea1nh nh\u1eb9 nh\u00e0ng, mang l\u1ea1i c\u1ea3m gi\u00e1c d\u1ec5 ch\u1ecbu.<\/li>\n<\/ul>\n","protected":false},"featured_media":1519,"comment_status":"open","ping_status":"closed","template":"","meta":{"wprm-recipe-roundup-name":"","wprm-recipe-roundup-description":""},"product_brand":[],"product_cat":[115],"product_tag":[166],"class_list":{"0":"post-1521","1":"product","2":"type-product","3":"status-publish","4":"has-post-thumbnail","6":"thuong-hieu-sharp","7":"product_cat-may-lanh-treo-tuong","8":"product_tag-bao-hanh-12-thang","9":"pa_cong-nghe-inverter-tieu-chuan","10":"pa_cong-suat-lam-lanh-2-0-hp","11":"pa_may-lanh-treo-tuong-2-0-hp","13":"first","14":"instock","15":"sale","16":"taxable","17":"shipping-taxable","18":"purchasable","19":"product-type-simple"},"_links":{"self":[{"href":"https:\/\/maylanhlamhoanglong.com\/index.php?rest_route=\/wp\/v2\/product\/1521","targetHints":{"allow":["GET"]}}],"collection":[{"href":"https:\/\/maylanhlamhoanglong.com\/index.php?rest_route=\/wp\/v2\/product"}],"about":[{"href":"https:\/\/maylanhlamhoanglong.com\/index.php?rest_route=\/wp\/v2\/types\/product"}],"replies":[{"embeddable":true,"href":"https:\/\/maylanhlamhoanglong.com\/index.php?rest_route=%2Fwp%2Fv2%2Fcomments&post=1521"}],"wp:featuredmedia":[{"embeddable":true,"href":"https:\/\/maylanhlamhoanglong.com\/index.php?rest_route=\/wp\/v2\/media\/1519"}],"wp:attachment":[{"href":"https:\/\/maylanhlamhoanglong.com\/index.php?rest_route=%2Fwp%2Fv2%2Fmedia&parent=1521"}],"wp:term":[{"taxonomy":"product_brand","embeddable":true,"href":"https:\/\/maylanhlamhoanglong.com\/index.php?rest_route=%2Fwp%2Fv2%2Fproduct_brand&post=1521"},{"taxonomy":"product_cat","embeddable":true,"href":"https:\/\/maylanhlamhoanglong.com\/index.php?rest_route=%2Fwp%2Fv2%2Fproduct_cat&post=1521"},{"taxonomy":"product_tag","embeddable":true,"href":"https:\/\/maylanhlamhoanglong.com\/index.php?rest_route=%2Fwp%2Fv2%2Fproduct_tag&post=1521"}],"curies":[{"name":"wp","href":"https:\/\/api.w.org\/{rel}","templated":true}]}}