{"id":1518,"date":"2025-03-17T14:04:43","date_gmt":"2025-03-17T07:04:43","guid":{"rendered":"https:\/\/maylanhlamhoanglong.com\/?post_type=product&#038;p=1518"},"modified":"2025-03-17T14:04:44","modified_gmt":"2025-03-17T07:04:44","slug":"may-lanh-sharp-inverter-1-hp-ah-x10cewc","status":"publish","type":"product","link":"https:\/\/maylanhlamhoanglong.com\/?product=may-lanh-sharp-inverter-1-hp-ah-x10cewc","title":{"rendered":"M\u00e1y l\u1ea1nh Sharp Inverter 1 HP AH-X10CEWC"},"content":{"rendered":"<div id=\"tab-spec\" class=\"tabs col1\">\n<h2 id=\"specification\" class=\"tab-link current\" data-tab=\"tab-1\">Th\u00f4ng s\u1ed1 k\u1ef9 thu\u1eadt<\/h2>\n<\/div>\n<div id=\"tab-1\" class=\"specifications tab-content current\">\n<div id=\"specification-img-334605\" class=\"img-main specification-img \"><img decoding=\"async\" class=\" lazyloaded\" src=\"https:\/\/cdnv2.tgdd.vn\/mwg-static\/dmx\/Products\/Images\/2002\/334605\/Kit\/sharp-inverter-1-hp-ah-x10cewc-note-638755808424472282.jpg\" alt=\"M\u00e1y l\u1ea1nh Sharp Inverter 1 HP AH-X10CEWC\" data-src=\"https:\/\/cdnv2.tgdd.vn\/mwg-static\/dmx\/Products\/Images\/2002\/334605\/Kit\/sharp-inverter-1-hp-ah-x10cewc-note-638755808424472282.jpg\" \/><\/div>\n<div id=\"specification-item-334605\" class=\"specification-item \">\n<div class=\"box-specifi\">\n<h3>Th\u00f4ng tin s\u1ea3n ph\u1ea9m<\/h3>\n<ul class=\"text-specifi active\">\n<li>\n<aside><strong>Lo\u1ea1i m\u00e1y:<\/strong><\/aside>\n<aside><a class=\"tzLink\" href=\"https:\/\/www.dienmayxanh.com\/kinh-nghiem-hay\/may-lanh-1-chieu-khac-gi-may-lanh-2-chieu-638574#1-chieu\" target=\"_blank\" rel=\"noopener\">1 chi\u1ec1u (ch\u1ec9 l\u00e0m l\u1ea1nh)<\/a><\/aside>\n<\/li>\n<li>\n<aside><strong>Inverter:<\/strong><\/aside>\n<aside><a class=\"tzLink\" href=\"https:\/\/www.dienmayxanh.com\/kinh-nghiem-hay\/the-nao-la-may-lanh-inverter-628934\" target=\"_blank\" rel=\"noopener\">C\u00f3 Inverter<\/a><\/aside>\n<\/li>\n<li>\n<aside><a class=\"tzLink\" href=\"https:\/\/www.dienmayxanh.com\/kinh-nghiem-hay\/cach-tinh-cong-suat-may-lanh-phu-hop-voi-dien-tich-544796\" target=\"_blank\" rel=\"noopener\">C\u00f4ng su\u1ea5t l\u00e0m l\u1ea1nh:<\/a><\/aside>\n<aside><span class=\"\">1 HP &#8211; 9.000 BTU<\/span><\/aside>\n<\/li>\n<li>\n<aside><strong>Ph\u1ea1m vi l\u00e0m l\u1ea1nh hi\u1ec7u qu\u1ea3:<\/strong><\/aside>\n<aside><span class=\"\">D\u01b0\u1edbi 15m\u00b2 (t\u1eeb 30 \u0111\u1ebfn 45m\u00b3)<\/span><\/aside>\n<\/li>\n<li>\n<aside><strong>\u0110\u1ed9 \u1ed3n trung b\u00ecnh:<\/strong><\/aside>\n<aside><span class=\"\">38\/21 dB<\/span><\/aside>\n<\/li>\n<li>\n<aside><strong>D\u00f2ng s\u1ea3n ph\u1ea9m:<\/strong><\/aside>\n<aside><span class=\"\">2025<\/span><\/aside>\n<\/li>\n<li>\n<aside><strong>S\u1ea3n xu\u1ea5t t\u1ea1i:<\/strong><\/aside>\n<aside><span class=\"\">Th\u00e1i Lan<\/span><\/aside>\n<\/li>\n<li>\n<aside><strong>Th\u1eddi gian b\u1ea3o h\u00e0nh c\u1ee5c l\u1ea1nh:<\/strong><\/aside>\n<aside><span class=\"\">2 n\u0103m<\/span><\/aside>\n<\/li>\n<li>\n<aside><strong>Th\u1eddi gian b\u1ea3o h\u00e0nh c\u1ee5c n\u00f3ng:<\/strong><\/aside>\n<aside><span class=\"\">M\u00e1y n\u00e9n 10 n\u0103m<\/span><\/aside>\n<\/li>\n<li>\n<aside><strong>Ch\u1ea5t li\u1ec7u d\u00e0n t\u1ea3n nhi\u1ec7t:<\/strong><\/aside>\n<aside><span class=\"\">\u1ed0ng d\u1eabn gas b\u1eb1ng \u0110\u1ed3ng &#8211; L\u00e1 t\u1ea3n nhi\u1ec7t b\u1eb1ng Nh\u00f4m ph\u1ee7 BlueFin<\/span><\/aside>\n<\/li>\n<li>\n<aside><strong>Lo\u1ea1i Gas:<\/strong><\/aside>\n<aside><a class=\"tzLink\" href=\"https:\/\/www.dienmayxanh.com\/kinh-nghiem-hay\/cac-loai-gas-tren-may-lanh-588213#r32\" target=\"_blank\" rel=\"noopener\">R-32<\/a><\/aside>\n<\/li>\n<\/ul>\n<\/div>\n<div class=\"box-specifi\">\n<h3>M\u1ee9c ti\u00eau th\u1ee5 \u0111i\u1ec7n n\u0103ng<\/h3>\n<\/div>\n<div class=\"box-specifi\">\n<h3>Kh\u1ea3 n\u0103ng l\u1ecdc kh\u00f4ng kh\u00ed<\/h3>\n<\/div>\n<div class=\"box-specifi\">\n<h3>C\u00f4ng ngh\u1ec7 l\u00e0m l\u1ea1nh<\/h3>\n<\/div>\n<div class=\"box-specifi\">\n<h3>Ti\u1ec7n \u00edch<\/h3>\n<\/div>\n<div class=\"box-specifi\">\n<h3>Th\u00f4ng s\u1ed1 k\u00edch th\u01b0\u1edbc\/l\u1eafp \u0111\u1eb7t<\/h3>\n<\/div>\n<\/div>\n<\/div>\n","protected":false},"excerpt":{"rendered":"<p class=\"short-article__title\">\u0110\u1eb7c \u0111i\u1ec3m n\u1ed5i b\u1eadt<\/p>\n<ul>\n<li><strong>C\u00f4ng su\u1ea5t l\u00e0m l\u1ea1nh 1 HP<\/strong>\u00a0ph\u00f9 h\u1ee3p v\u1edbi kh\u00f4ng gian ph\u00f2ng d\u01b0\u1edbi 15m\u00b2.<\/li>\n<li>C\u00f4ng ngh\u1ec7<strong>\u00a0J-Tech Inverter<\/strong>\u00a0v\u00e0\u00a0<strong>Eco<\/strong>\u00a0ti\u1ebft ki\u1ec7m n\u0103ng l\u01b0\u1ee3ng, v\u1eadn h\u00e0nh \u00eam \u00e1i.<\/li>\n<li>C\u00f4ng ngh\u1ec7\u00a0<strong>Super Jet<\/strong>\u00a0l\u00e0m l\u1ea1nh nhanh, mang l\u1ea1i h\u01a1i l\u1ea1nh t\u1ee9c th\u00ec.<\/li>\n<li><strong>L\u01b0\u1edbi l\u1ecdc b\u1ee5i polypropylene<\/strong>\u00a0gi\u00fap kh\u00e1ng khu\u1ea9n, kh\u1eed m\u00f9i \u0111em \u0111\u1ebfn b\u1ea7u kh\u00f4ng kh\u00ed trong l\u00e0nh.<\/li>\n<li><strong>7 t\u00ednh n\u0103ng b\u1ea3o v\u1ec7<\/strong>\u00a0an to\u00e0n, t\u0103ng \u0111\u1ed9 b\u1ec1n s\u1ea3n ph\u1ea9m.<\/li>\n<li><strong>Ch\u1ebf \u0111\u1ed9 Baby<\/strong>\u00a0mang \u0111\u1ebfn gi\u1ea5c ng\u1ee7 ngon cho tr\u1ebb nh\u1ecf v\u00e0 ng\u01b0\u1eddi gi\u00e0.<\/li>\n<\/ul>\n","protected":false},"featured_media":1519,"comment_status":"open","ping_status":"closed","template":"","meta":{"wprm-recipe-roundup-name":"","wprm-recipe-roundup-description":""},"product_brand":[],"product_cat":[115],"product_tag":[],"class_list":{"0":"post-1518","1":"product","2":"type-product","3":"status-publish","4":"has-post-thumbnail","6":"thuong-hieu-sharp","7":"product_cat-may-lanh-treo-tuong","8":"pa_cong-nghe-inverter-tieu-chuan","9":"pa_cong-suat-lam-lanh-1-hp","10":"pa_may-lanh-treo-tuong-1-0-hp","12":"first","13":"instock","14":"sale","15":"taxable","16":"shipping-taxable","17":"purchasable","18":"product-type-simple"},"_links":{"self":[{"href":"https:\/\/maylanhlamhoanglong.com\/index.php?rest_route=\/wp\/v2\/product\/1518","targetHints":{"allow":["GET"]}}],"collection":[{"href":"https:\/\/maylanhlamhoanglong.com\/index.php?rest_route=\/wp\/v2\/product"}],"about":[{"href":"https:\/\/maylanhlamhoanglong.com\/index.php?rest_route=\/wp\/v2\/types\/product"}],"replies":[{"embeddable":true,"href":"https:\/\/maylanhlamhoanglong.com\/index.php?rest_route=%2Fwp%2Fv2%2Fcomments&post=1518"}],"wp:featuredmedia":[{"embeddable":true,"href":"https:\/\/maylanhlamhoanglong.com\/index.php?rest_route=\/wp\/v2\/media\/1519"}],"wp:attachment":[{"href":"https:\/\/maylanhlamhoanglong.com\/index.php?rest_route=%2Fwp%2Fv2%2Fmedia&parent=1518"}],"wp:term":[{"taxonomy":"product_brand","embeddable":true,"href":"https:\/\/maylanhlamhoanglong.com\/index.php?rest_route=%2Fwp%2Fv2%2Fproduct_brand&post=1518"},{"taxonomy":"product_cat","embeddable":true,"href":"https:\/\/maylanhlamhoanglong.com\/index.php?rest_route=%2Fwp%2Fv2%2Fproduct_cat&post=1518"},{"taxonomy":"product_tag","embeddable":true,"href":"https:\/\/maylanhlamhoanglong.com\/index.php?rest_route=%2Fwp%2Fv2%2Fproduct_tag&post=1518"}],"curies":[{"name":"wp","href":"https:\/\/api.w.org\/{rel}","templated":true}]}}