{"id":1517,"date":"2025-03-17T13:59:32","date_gmt":"2025-03-17T06:59:32","guid":{"rendered":"https:\/\/maylanhlamhoanglong.com\/?post_type=product&#038;p=1517"},"modified":"2025-03-17T13:59:32","modified_gmt":"2025-03-17T06:59:32","slug":"may-lanh-sharp-inverter-2-hp-ah-xp18cmw","status":"publish","type":"product","link":"https:\/\/maylanhlamhoanglong.com\/?product=may-lanh-sharp-inverter-2-hp-ah-xp18cmw","title":{"rendered":"M\u00e1y l\u1ea1nh Sharp Inverter 2 HP AH-XP18CMW"},"content":{"rendered":"<div id=\"tab-spec\" class=\"tabs col1\">\n<h2 id=\"specification\" class=\"tab-link current\" data-tab=\"tab-1\">Th\u00f4ng s\u1ed1 k\u1ef9 thu\u1eadt<\/h2>\n<\/div>\n<div id=\"tab-1\" class=\"specifications tab-content current\">\n<div id=\"specification-img-334702\" class=\"img-main specification-img \"><img decoding=\"async\" class=\" lazyloaded\" src=\"https:\/\/cdnv2.tgdd.vn\/mwg-static\/dmx\/Products\/Images\/2002\/334702\/Kit\/ah-xp18cmw-638773892647131302.jpg\" alt=\"M\u00e1y l\u1ea1nh Sharp Inverter 2 HP AH-XP18CMW\" data-src=\"https:\/\/cdnv2.tgdd.vn\/mwg-static\/dmx\/Products\/Images\/2002\/334702\/Kit\/ah-xp18cmw-638773892647131302.jpg\" \/><\/div>\n<div id=\"specification-item-334702\" class=\"specification-item \">\n<div class=\"box-specifi\">\n<h3>Th\u00f4ng tin s\u1ea3n ph\u1ea9m<\/h3>\n<ul class=\"text-specifi active\">\n<li>\n<aside><strong>Lo\u1ea1i m\u00e1y:<\/strong><\/aside>\n<aside><a class=\"tzLink\" href=\"https:\/\/www.dienmayxanh.com\/kinh-nghiem-hay\/may-lanh-1-chieu-khac-gi-may-lanh-2-chieu-638574#1-chieu\" target=\"_blank\" rel=\"noopener\">1 chi\u1ec1u (ch\u1ec9 l\u00e0m l\u1ea1nh)<\/a><\/aside>\n<\/li>\n<li>\n<aside><strong>Inverter:<\/strong><\/aside>\n<aside><a class=\"tzLink\" href=\"https:\/\/www.dienmayxanh.com\/kinh-nghiem-hay\/the-nao-la-may-lanh-inverter-628934\" target=\"_blank\" rel=\"noopener\">C\u00f3 Inverter<\/a><\/aside>\n<\/li>\n<li>\n<aside><a class=\"tzLink\" href=\"https:\/\/www.dienmayxanh.com\/kinh-nghiem-hay\/cach-tinh-cong-suat-may-lanh-phu-hop-voi-dien-tich-544796\" target=\"_blank\" rel=\"noopener\">C\u00f4ng su\u1ea5t l\u00e0m l\u1ea1nh:<\/a><\/aside>\n<aside><span class=\"\">2 HP &#8211; 18.000 BTU<\/span><\/aside>\n<\/li>\n<li>\n<aside><strong>Ph\u1ea1m vi l\u00e0m l\u1ea1nh hi\u1ec7u qu\u1ea3:<\/strong><\/aside>\n<aside><span class=\"\">T\u1eeb 20 &#8211; 30m\u00b2 (t\u1eeb 60 \u0111\u1ebfn 80m\u00b3)<\/span><\/aside>\n<\/li>\n<li>\n<aside><strong>\u0110\u1ed9 \u1ed3n trung b\u00ecnh:<\/strong><\/aside>\n<aside><span class=\"\">46\/24 dB<\/span><\/aside>\n<\/li>\n<li>\n<aside><strong>D\u00f2ng s\u1ea3n ph\u1ea9m:<\/strong><\/aside>\n<aside><span class=\"\">2025<\/span><\/aside>\n<\/li>\n<li>\n<aside><strong>S\u1ea3n xu\u1ea5t t\u1ea1i:<\/strong><\/aside>\n<aside><span class=\"\">Th\u00e1i Lan<\/span><\/aside>\n<\/li>\n<li>\n<aside><strong>Th\u1eddi gian b\u1ea3o h\u00e0nh c\u1ee5c l\u1ea1nh:<\/strong><\/aside>\n<aside><span class=\"\">2 n\u0103m<\/span><\/aside>\n<\/li>\n<li>\n<aside><strong>Th\u1eddi gian b\u1ea3o h\u00e0nh c\u1ee5c n\u00f3ng:<\/strong><\/aside>\n<aside><span class=\"\">M\u00e1y n\u00e9n 10 n\u0103m<\/span><\/aside>\n<\/li>\n<li>\n<aside><strong>Ch\u1ea5t li\u1ec7u d\u00e0n t\u1ea3n nhi\u1ec7t:<\/strong><\/aside>\n<aside><span class=\"\">\u1ed0ng d\u1eabn gas b\u1eb1ng \u0110\u1ed3ng &#8211; L\u00e1 t\u1ea3n nhi\u1ec7t b\u1eb1ng Nh\u00f4m ph\u1ee7 BlueFin<\/span><\/aside>\n<\/li>\n<li>\n<aside><strong>Lo\u1ea1i Gas:<\/strong><\/aside>\n<aside><a class=\"tzLink\" href=\"https:\/\/www.dienmayxanh.com\/kinh-nghiem-hay\/cac-loai-gas-tren-may-lanh-588213#r32\" target=\"_blank\" rel=\"noopener\">R-32<\/a><\/aside>\n<\/li>\n<\/ul>\n<\/div>\n<\/div>\n<\/div>\n","protected":false},"excerpt":{"rendered":"<p class=\"short-article__title\">\u0110\u1eb7c \u0111i\u1ec3m n\u1ed5i b\u1eadt<\/p>\n<ul>\n<li><strong>M\u00e1y l\u1ea1nh 1 chi\u1ec1u 2 HP<\/strong>\u00a0th\u00edch h\u1ee3p l\u1eafp \u0111\u1eb7t cho ph\u00f2ng<strong>\u00a0t\u1eeb 20 &#8211; 30<\/strong><strong>m\u00b2<\/strong>.<\/li>\n<li>Ti\u1ebft ki\u1ec7m \u0111i\u1ec7n n\u0103ng t\u1ed1i \u0111a v\u1edbi\u00a0<strong>c\u00f4ng ngh\u1ec7 J-Tech Inverter<\/strong>\u00a0k\u1ebft h\u1ee3p\u00a0<strong>Eco<\/strong>.<\/li>\n<li>Ng\u0103n ch\u1eb7n vi khu\u1ea9n v\u00e0 n\u1ea5m m\u1ed1c, kh\u1eed m\u00f9i nh\u1edd\u00a0<strong>c\u00f4ng ngh\u1ec7 Plasmacluster ion<\/strong>.<\/li>\n<li>L\u00e0m l\u1ea1nh nhanh t\u1ee9c th\u00ec v\u1edbi\u00a0<strong>c\u00f4ng ngh\u1ec7 Super Jet<\/strong>.<\/li>\n<li><strong>7 t\u00ednh n\u0103ng b\u1ea3o v\u1ec7<\/strong>, \u0111\u1ea3m b\u1ea3o an to\u00e0n khi s\u1eed d\u1ee5ng.<\/li>\n<li><strong>Ch\u1ebf \u0111\u1ed9 Breeze<\/strong>\u00a0t\u1ea1o h\u01a1i l\u1ea1nh nh\u1eb9 nh\u00e0ng, d\u1ec5 ch\u1ecbu.<\/li>\n<\/ul>\n","protected":false},"featured_media":1515,"comment_status":"open","ping_status":"closed","template":"","meta":{"wprm-recipe-roundup-name":"","wprm-recipe-roundup-description":""},"product_brand":[],"product_cat":[115],"product_tag":[166],"class_list":{"0":"post-1517","1":"product","2":"type-product","3":"status-publish","4":"has-post-thumbnail","6":"thuong-hieu-sharp","7":"product_cat-may-lanh-treo-tuong","8":"product_tag-bao-hanh-12-thang","9":"pa_cong-nghe-inverter","10":"pa_cong-suat-lam-lanh-2-0-hp","11":"pa_may-lanh-treo-tuong-2-0-hp","13":"first","14":"instock","15":"sale","16":"taxable","17":"shipping-taxable","18":"purchasable","19":"product-type-simple"},"_links":{"self":[{"href":"https:\/\/maylanhlamhoanglong.com\/index.php?rest_route=\/wp\/v2\/product\/1517","targetHints":{"allow":["GET"]}}],"collection":[{"href":"https:\/\/maylanhlamhoanglong.com\/index.php?rest_route=\/wp\/v2\/product"}],"about":[{"href":"https:\/\/maylanhlamhoanglong.com\/index.php?rest_route=\/wp\/v2\/types\/product"}],"replies":[{"embeddable":true,"href":"https:\/\/maylanhlamhoanglong.com\/index.php?rest_route=%2Fwp%2Fv2%2Fcomments&post=1517"}],"wp:featuredmedia":[{"embeddable":true,"href":"https:\/\/maylanhlamhoanglong.com\/index.php?rest_route=\/wp\/v2\/media\/1515"}],"wp:attachment":[{"href":"https:\/\/maylanhlamhoanglong.com\/index.php?rest_route=%2Fwp%2Fv2%2Fmedia&parent=1517"}],"wp:term":[{"taxonomy":"product_brand","embeddable":true,"href":"https:\/\/maylanhlamhoanglong.com\/index.php?rest_route=%2Fwp%2Fv2%2Fproduct_brand&post=1517"},{"taxonomy":"product_cat","embeddable":true,"href":"https:\/\/maylanhlamhoanglong.com\/index.php?rest_route=%2Fwp%2Fv2%2Fproduct_cat&post=1517"},{"taxonomy":"product_tag","embeddable":true,"href":"https:\/\/maylanhlamhoanglong.com\/index.php?rest_route=%2Fwp%2Fv2%2Fproduct_tag&post=1517"}],"curies":[{"name":"wp","href":"https:\/\/api.w.org\/{rel}","templated":true}]}}