{"id":1513,"date":"2025-03-17T10:40:59","date_gmt":"2025-03-17T03:40:59","guid":{"rendered":"https:\/\/maylanhlamhoanglong.com\/?post_type=product&#038;p=1513"},"modified":"2025-03-17T10:40:59","modified_gmt":"2025-03-17T03:40:59","slug":"may-lanh-treo-tuong-nagakawa-nis-c18r2t29-2-0-hp-2-0-ngua-inverter","status":"publish","type":"product","link":"https:\/\/maylanhlamhoanglong.com\/?product=may-lanh-treo-tuong-nagakawa-nis-c18r2t29-2-0-hp-2-0-ngua-inverter","title":{"rendered":"M\u00e1y l\u1ea1nh treo t\u01b0\u1eddng Nagakawa NIS-C18R2T29 (2.0 HP &#8211; 2.0 Ng\u1ef1a) Inverter"},"content":{"rendered":"<table class=\"table-digitals\">\n<tbody>\n<tr class=\"row-title\">\n<td colspan=\"2\"><strong class=\"row0\">Th\u00f4ng s\u1ed1 k\u1ef9 thu\u1eadt<\/strong><\/td>\n<\/tr>\n<tr class=\"row-item\">\n<td class=\"row0\">Xu\u1ea5t x\u1ee9<\/td>\n<td class=\"row1\">Malaysia<\/td>\n<\/tr>\n<tr class=\"row-item\">\n<td class=\"row0\">Lo\u1ea1i Gas l\u1ea1nh<\/td>\n<td class=\"row1\">R32<\/td>\n<\/tr>\n<tr class=\"row-item\">\n<td class=\"row0\">Lo\u1ea1i m\u00e1y<\/td>\n<td class=\"row1\">Inverter ( Ti\u1ebft ki\u1ec7m \u0111i\u1ec7n )<\/td>\n<\/tr>\n<tr class=\"row-item\">\n<td class=\"row0\">C\u00f4ng su\u1ea5t l\u00e0m l\u1ea1nh<\/td>\n<td class=\"row1\">2.0hp ( 18000 BTu )<\/td>\n<\/tr>\n<tr class=\"row-item\">\n<td class=\"row0\">S\u1eed d\u1ee5ng cho ph\u00f2ng<\/td>\n<td class=\"row1\">1 Pha ( 220~240V \/1 pha\/ 50 Hz )<\/td>\n<\/tr>\n<tr class=\"row-item\">\n<td class=\"row0\">K\u00edch th\u01b0\u1edbc \u1ed1ng \u0111\u1ed3ng Gas (mm)<\/td>\n<td class=\"row1\">06\/12<\/td>\n<\/tr>\n<tr class=\"row-item\">\n<td class=\"row0\">Chi\u1ec1u d\u00e0i \u1ed1ng gas t\u1ed1i \u0111a (m)<\/td>\n<td class=\"row1\">25<\/td>\n<\/tr>\n<tr class=\"row-item\">\n<td class=\"row0\">Ch\u00eanh l\u1ec7ch \u0111\u1ed9 cao (t\u1ed1i \u0111a) (m)<\/td>\n<td class=\"row1\">10<\/td>\n<\/tr>\n<tr class=\"row-item\">\n<td class=\"row0\">Hi\u1ec7u su\u1ea5t n\u0103ng l\u01b0\u1ee3ng CSPF<\/td>\n<td class=\"row1\">4.57<\/td>\n<\/tr>\n<tr class=\"row-item\">\n<td class=\"row0\">Nh\u00e3n n\u0103ng l\u01b0\u1ee3ng ti\u1ebft ki\u1ec7m \u0111i\u1ec7n<\/td>\n<td class=\"row1\">5 sao<\/td>\n<\/tr>\n<tr class=\"row-title\">\n<td colspan=\"2\"><strong class=\"row0\">D\u00e0n L\u1ea1nh<\/strong><\/td>\n<\/tr>\n<tr class=\"row-item\">\n<td class=\"row0\">K\u00edch th\u01b0\u1edbc d\u00e0n l\u1ea1nh (mm)<\/td>\n<td class=\"row1\">920 x306 x 195<\/td>\n<\/tr>\n<tr class=\"row-item\">\n<td class=\"row0\">Tr\u1ecdng l\u01b0\u1ee3ng d\u00e0n l\u1ea1nh (Kg)<\/td>\n<td class=\"row1\">10.5 Kg<\/td>\n<\/tr>\n<tr class=\"row-title\">\n<td colspan=\"2\"><strong class=\"row0\">D\u00e0n N\u00f3ng<\/strong><\/td>\n<\/tr>\n<tr class=\"row-item\">\n<td class=\"row0\">K\u00edch th\u01b0\u1edbc d\u00e0n n\u00f3ng (mm)<\/td>\n<td class=\"row1\">795 x 549 x 305<\/td>\n<\/tr>\n<tr class=\"row-item\">\n<td class=\"row0\">Tr\u1ecdng l\u01b0\u1ee3ng d\u00e0n n\u00f3ng (Kg)<\/td>\n<td class=\"row1\">25 Kg<\/td>\n<\/tr>\n<\/tbody>\n<\/table>\n","protected":false},"excerpt":{"rendered":"<ul>\n<li>X3 hi\u1ec7u qu\u1ea3 lo\u1ea1i b\u1ecf vi khu\u1ea9n, kh\u00f3i b\u1ee5i \u0111\u1ed9c h\u1ea1i v\u1edbi M\u00e0ng l\u1ecdc \u0111a n\u0103ng NaFin5+<\/li>\n<li>C\u1ea3m bi\u1ebfn I Feel t\u1ef1 \u0111\u1ed9ng \u0111i\u1ec1u ch\u1ec9nh h\u01b0\u1edbng gi\u00f3 m\u00e1t t\u1edbi v\u1ecb tr\u00ed ng\u01b0\u1eddi d\u00f9ng<\/li>\n<li>Ch\u1ebf \u0111\u1ed9 t\u1ef1 \u0111\u1ed9ng (Auto Mode) gi\u00fap ng\u01b0\u1eddi d\u00f9ng kh\u00f4ng c\u1ea7n \u0111i\u1ec1u ch\u1ec9nh c\u00e0i \u0111\u1eb7t<\/li>\n<li>Hi\u1ec3n th\u1ecb nhi\u1ec7t \u0111\u1ed9 tr\u00ean d\u00e0n l\u1ea1nh, d\u1ec5 d\u00e0ng quan s\u00e1t nhi\u1ec7t \u0111\u1ed9<\/li>\n<li>T\u1ef1 \u0111\u1ed9ng chu\u1ea9n \u0111o\u00e1n ph\u00e1t hi\u1ec7n l\u1ed7i<\/li>\n<li>D\u00e0n trao \u0111\u1ed5i nhi\u1ec7t ch\u1ed1ng \u0103n m\u00f2n GoldFin, gi\u00fap b\u1ea3o v\u1ec7 m\u00e1y b\u1ec1n b\u1ec9<\/li>\n<li>Ch\u1ee9c n\u0103ng ho\u1ea1t \u0111\u1ed9ng khi ng\u1ee7 Sleep, ho\u1ea1t \u0111\u1ed9ng v\u1edbi ch\u1ebf \u0111\u1ed9 \u00eam \u00e1i<\/li>\n<li>S\u1eed d\u1ee5ng m\u00f4i ch\u1ea5t l\u1ea1nh th\u1ebf h\u1ec7 m\u1edbi R32 th\u00e2n thi\u1ec7n m\u00f4i tr\u01b0\u1eddng.<\/li>\n<li>H\u1eb9n gi\u1edd t\u1eaft l\u00ean \u0111\u1ebfn 24h<\/li>\n<li><\/li>\n<\/ul>\n","protected":false},"featured_media":1508,"comment_status":"open","ping_status":"closed","template":"","meta":{"wprm-recipe-roundup-name":"","wprm-recipe-roundup-description":""},"product_brand":[],"product_cat":[115],"product_tag":[166],"class_list":{"0":"post-1513","1":"product","2":"type-product","3":"status-publish","4":"has-post-thumbnail","6":"thuong-hieu-nagakawa","7":"product_cat-may-lanh-treo-tuong","8":"product_tag-bao-hanh-12-thang","9":"pa_cong-nghe-inverter","10":"pa_cong-suat-lam-lanh-2-0-hp","11":"pa_may-lanh-treo-tuong-2-0-hp","13":"first","14":"instock","15":"sale","16":"taxable","17":"shipping-taxable","18":"purchasable","19":"product-type-simple"},"_links":{"self":[{"href":"https:\/\/maylanhlamhoanglong.com\/index.php?rest_route=\/wp\/v2\/product\/1513","targetHints":{"allow":["GET"]}}],"collection":[{"href":"https:\/\/maylanhlamhoanglong.com\/index.php?rest_route=\/wp\/v2\/product"}],"about":[{"href":"https:\/\/maylanhlamhoanglong.com\/index.php?rest_route=\/wp\/v2\/types\/product"}],"replies":[{"embeddable":true,"href":"https:\/\/maylanhlamhoanglong.com\/index.php?rest_route=%2Fwp%2Fv2%2Fcomments&post=1513"}],"wp:featuredmedia":[{"embeddable":true,"href":"https:\/\/maylanhlamhoanglong.com\/index.php?rest_route=\/wp\/v2\/media\/1508"}],"wp:attachment":[{"href":"https:\/\/maylanhlamhoanglong.com\/index.php?rest_route=%2Fwp%2Fv2%2Fmedia&parent=1513"}],"wp:term":[{"taxonomy":"product_brand","embeddable":true,"href":"https:\/\/maylanhlamhoanglong.com\/index.php?rest_route=%2Fwp%2Fv2%2Fproduct_brand&post=1513"},{"taxonomy":"product_cat","embeddable":true,"href":"https:\/\/maylanhlamhoanglong.com\/index.php?rest_route=%2Fwp%2Fv2%2Fproduct_cat&post=1513"},{"taxonomy":"product_tag","embeddable":true,"href":"https:\/\/maylanhlamhoanglong.com\/index.php?rest_route=%2Fwp%2Fv2%2Fproduct_tag&post=1513"}],"curies":[{"name":"wp","href":"https:\/\/api.w.org\/{rel}","templated":true}]}}