{"id":1509,"date":"2025-03-17T10:35:27","date_gmt":"2025-03-17T03:35:27","guid":{"rendered":"https:\/\/maylanhlamhoanglong.com\/?post_type=product&#038;p=1509"},"modified":"2025-03-17T10:35:27","modified_gmt":"2025-03-17T03:35:27","slug":"may-lanh-nagakawa-1-0-hp-1-ngua-ns-c09r2t30","status":"publish","type":"product","link":"https:\/\/maylanhlamhoanglong.com\/?product=may-lanh-nagakawa-1-0-hp-1-ngua-ns-c09r2t30","title":{"rendered":"M\u00e1y l\u1ea1nh Nagakawa 1.0 HP (1 Ng\u1ef1a) NS-C09R2T30"},"content":{"rendered":"<p><strong>M\u00e1y l\u1ea1nh Nagakawa (1.0Hp) NS-C09R2T30 model 2023\u00a0<\/strong>v\u1edbi thi\u1ebft k\u1ebf m\u1eb7t s\u01a1n panel b\u00f3ng, nhi\u1ec7t \u0111\u1ed9 hi\u1ec3n th\u1ecb tr\u00ean d\u00e0n l\u1ea1nh d\u1ec5 d\u00e0ng quan s\u00e1t k\u1ec3 c\u1ea3 trong \u0111i\u1ec1u ki\u1ec7n thi\u1ebfu s\u00e1ng.<\/p>\n<p>V\u1edbi\u00a0<strong>c\u00f4ng su\u1ea5t l\u00e0m l\u1ea1nh 1.0 Hp &#8211; 9.000 Btu\u00a0<\/strong>l\u00e0 l\u1ef1a ch\u1ecdn ho\u00e0n h\u1ea3o cho\u00a0<strong>c\u0103n ph\u00f2ng di\u1ec7n t\u00edch nh\u1ecf d\u01b0\u1edbi 15m2\u00a0<\/strong>ph\u00f2ng ng\u1ee7, ph\u00f2ng kh\u00e1ch, ph\u00f2ng l\u00e0m vi\u1ec7c,&#8230;<\/p>\n<h2 id=\"T\u00ednh_n\u0103ng_n\u1ed5i_b\u1eadt\">T\u00ednh n\u0103ng n\u1ed5i b\u1eadt<\/h2>\n<h3 id=\"L\u00e0m_l\u1ea1nh_si\u00eau_nhanh_(Turbo_Mode)\">L\u00e0m l\u1ea1nh si\u00eau nhanh (Turbo Mode)<\/h3>\n<p><strong>C\u00f4ng ngh\u1ec7 l\u00e0m l\u1ea1nh nhanh<\/strong>\u00a0gi\u00fap\u00a0<strong>m\u00e1y l\u1ea1nh Nagakawa NS-C09R2T30<\/strong>\u00a0\u0111\u1ea1t hi\u1ec7u qu\u1ea3<strong>\u00a0l\u00e0m l\u1ea1nh v\u01b0\u1ee3t tr\u1ed9i ch\u1ec9 trong 30 gi\u00e2y<\/strong>, \u0111\u1ea3m b\u1ea3o hi\u1ec7u su\u1ea5t ho\u1ea1t \u0111\u1ed9ng ngay c\u1ea3 khi v\u1eadn h\u00e0nh trong m\u00f4i tr\u01b0\u1eddng c\u00f3 nhi\u1ec7t \u0111\u1ed9 cao l\u00ean \u0111\u1ebfn 43\u2103.<\/p>\n<p>&nbsp;<\/p>\n<h3 id=\"Ti\u1ebft_ki\u1ec7m_\u0111i\u1ec7n_(ECO)\">Ti\u1ebft ki\u1ec7m \u0111i\u1ec7n (ECO)<\/h3>\n<p>Khi ch\u1ebf \u0111\u1ed9 ECO \u0111\u01b0\u1ee3c k\u00edch ho\u1ea1t,\u00a0<strong>m\u00e1y l\u1ea1nh Nagakawa NS-C09R2T30<\/strong>\u00a0ch\u1ec9\u00a0<strong>ho\u1ea1t \u0111\u1ed9ng v\u1edbi kho\u1ea3ng 70% c\u00f4ng su\u1ea5t c\u1ee7a m\u00e1y n\u00e9n<\/strong>. \u0110\u1ed3ng th\u1eddi, nhi\u1ec7t \u0111\u1ed9 s\u1ebd t\u0103ng 2\u2103 sau m\u1ed7i gi\u1edd, m\u00e1y t\u1ef1 \u0111\u1ed9ng l\u00e0m m\u00e1t tr\u1edf l\u1ea1i sao cho ph\u00f9 h\u1ee3p, gi\u00fap<strong>\u00a0ti\u1ebft ki\u1ec7m \u0111i\u1ec7n n\u0103ng ti\u00eau th\u1ee5<\/strong>.<\/p>\n<p>&nbsp;<\/p>\n<h3 id=\"Ch\u1ebf_\u0111\u1ed9_t\u1ef1_\u0111\u1ed9ng_(Auto_Mode)_\">Ch\u1ebf \u0111\u1ed9 t\u1ef1 \u0111\u1ed9ng (Auto Mode)<\/h3>\n<p>V\u1edbi ch\u1ebf \u0111\u1ed9 n\u00e0y,\u00a0<strong>m\u00e1y l\u1ea1nh Nagakawa NS-C09R2T30 t\u1ef1 \u0111i\u1ec1u ch\u1ec9nh ch\u1ebf \u0111\u1ed9 ho\u1ea1t \u0111\u1ed9ng d\u1ef1a tr\u00ean s\u1ef1 thay \u0111\u1ed5i nhi\u1ec7t \u0111\u1ed9 c\u1ee7a m\u00f4i tr\u01b0\u1eddng<\/strong>. Ng\u01b0\u1eddi d\u00f9ng kh\u00f4ng c\u1ea7n \u0111i\u1ec1u ch\u1ec9nh c\u00e0i \u0111\u1eb7t nh\u01b0ng v\u1eabn \u0111\u01b0\u1ee3c t\u1eadn h\u01b0\u1edfng t\u1eebng ph\u00fat gi\u00e2y th\u01b0 th\u00e1i, d\u1ec5 ch\u1ecbu.<\/p>\n<p>&nbsp;<\/p>\n","protected":false},"excerpt":{"rendered":"<table class=\"table-digitals\">\n<tbody>\n<tr class=\"row-title\">\n<td colspan=\"2\"><strong class=\"row0\">Th\u00f4ng s\u1ed1 k\u1ef9 thu\u1eadt<\/strong><\/td>\n<\/tr>\n<tr class=\"row-item\">\n<td class=\"row0\">Xu\u1ea5t x\u1ee9<\/td>\n<td class=\"row1\">Th\u01b0\u01a1ng hi\u1ec7u : Vi\u1ec7t Nam &#8211; S\u1ea3n xu\u1ea5t t\u1ea1i : Malaysia<\/td>\n<\/tr>\n<tr class=\"row-item\">\n<td class=\"row0\">Lo\u1ea1i Gas l\u1ea1nh<\/td>\n<td class=\"row1\">R32<\/td>\n<\/tr>\n<tr class=\"row-item\">\n<td class=\"row0\">Lo\u1ea1i m\u00e1y<\/td>\n<td class=\"row1\">Mono &#8211; Lo\u1ea1i 1 chi\u1ec1u (ch\u1ec9 l\u00e0m l\u1ea1nh)<\/td>\n<\/tr>\n<tr class=\"row-item\">\n<td class=\"row0\">C\u00f4ng su\u1ea5t l\u00e0m l\u1ea1nh<\/td>\n<td class=\"row1\">1.0 HP (1.0 Ng\u1ef1a) &#8211; 9.000 Btu\/h &#8211; 2.64 kW<\/td>\n<\/tr>\n<tr class=\"row-item\">\n<td class=\"row0\">S\u1eed d\u1ee5ng cho ph\u00f2ng<\/td>\n<td class=\"row1\">Di\u1ec7n t\u00edch 12 &#8211; 15 m\u00b2 ho\u1eb7c 36 &#8211; 45 m\u00b3 kh\u00ed (th\u00edch h\u1ee3p cho ph\u00f2ng kh\u00e1ch v\u0103n ph\u00f2ng)<\/td>\n<\/tr>\n<tr class=\"row-item\">\n<td class=\"row0\">Ngu\u1ed3n \u0111i\u1ec7n (Ph\/V\/Hz)<\/td>\n<td class=\"row1\">1 Pha, 220 &#8211; 240 V, 50Hz<\/td>\n<\/tr>\n<tr class=\"row-item\">\n<td class=\"row0\">C\u00f4ng su\u1ea5t ti\u00eau th\u1ee5 \u0111i\u1ec7n<\/td>\n<td class=\"row1\">0.79 kW<\/td>\n<\/tr>\n<tr class=\"row-item\">\n<td class=\"row0\">K\u00edch th\u01b0\u1edbc \u1ed1ng \u0111\u1ed3ng Gas (mm)<\/td>\n<td class=\"row1\">6\/10<\/td>\n<\/tr>\n<tr class=\"row-item\">\n<td class=\"row0\">Chi\u1ec1u d\u00e0i \u1ed1ng gas t\u1ed1i \u0111a (m)<\/td>\n<td class=\"row1\">15 m<\/td>\n<\/tr>\n<tr class=\"row-item\">\n<td class=\"row0\">Ch\u00eanh l\u1ec7ch \u0111\u1ed9 cao (t\u1ed1i \u0111a) (m)<\/td>\n<td class=\"row1\">5 m<\/td>\n<\/tr>\n<tr class=\"row-title\">\n<td colspan=\"2\"><strong class=\"row0\">D\u00e0n L\u1ea1nh<\/strong><\/td>\n<\/tr>\n<tr class=\"row-item\">\n<td class=\"row0\">K\u00edch th\u01b0\u1edbc d\u00e0n l\u1ea1nh (mm)<\/td>\n<td class=\"row1\">27.5 x 79 x 19.2 cm<\/td>\n<\/tr>\n<tr class=\"row-item\">\n<td class=\"row0\">Tr\u1ecdng l\u01b0\u1ee3ng d\u00e0n l\u1ea1nh (Kg)<\/td>\n<td class=\"row1\">8 Kg<\/td>\n<\/tr>\n<tr class=\"row-title\">\n<td colspan=\"2\"><strong class=\"row0\">D\u00e0n N\u00f3ng<\/strong><\/td>\n<\/tr>\n<tr class=\"row-item\">\n<td class=\"row0\">K\u00edch th\u01b0\u1edbc d\u00e0n n\u00f3ng (mm)<\/td>\n<td class=\"row1\">45.9 x 71.2 x\u00a027.6 cm<\/td>\n<\/tr>\n<tr class=\"row-item\">\n<td class=\"row0\">Tr\u1ecdng l\u01b0\u1ee3ng d\u00e0n n\u00f3ng (Kg)<\/td>\n<td class=\"row1\">21 Kg<\/td>\n<\/tr>\n<\/tbody>\n<\/table>\n","protected":false},"featured_media":1510,"comment_status":"open","ping_status":"closed","template":"","meta":{"wprm-recipe-roundup-name":"","wprm-recipe-roundup-description":""},"product_brand":[],"product_cat":[115],"product_tag":[166],"class_list":{"0":"post-1509","1":"product","2":"type-product","3":"status-publish","4":"has-post-thumbnail","6":"thuong-hieu-nagakawa","7":"product_cat-may-lanh-treo-tuong","8":"product_tag-bao-hanh-12-thang","9":"pa_cong-nghe-mono","10":"pa_cong-suat-lam-lanh-1-hp","11":"pa_may-lanh-treo-tuong-1-0-hp","13":"first","14":"instock","15":"sale","16":"taxable","17":"shipping-taxable","18":"purchasable","19":"product-type-simple"},"_links":{"self":[{"href":"https:\/\/maylanhlamhoanglong.com\/index.php?rest_route=\/wp\/v2\/product\/1509","targetHints":{"allow":["GET"]}}],"collection":[{"href":"https:\/\/maylanhlamhoanglong.com\/index.php?rest_route=\/wp\/v2\/product"}],"about":[{"href":"https:\/\/maylanhlamhoanglong.com\/index.php?rest_route=\/wp\/v2\/types\/product"}],"replies":[{"embeddable":true,"href":"https:\/\/maylanhlamhoanglong.com\/index.php?rest_route=%2Fwp%2Fv2%2Fcomments&post=1509"}],"wp:featuredmedia":[{"embeddable":true,"href":"https:\/\/maylanhlamhoanglong.com\/index.php?rest_route=\/wp\/v2\/media\/1510"}],"wp:attachment":[{"href":"https:\/\/maylanhlamhoanglong.com\/index.php?rest_route=%2Fwp%2Fv2%2Fmedia&parent=1509"}],"wp:term":[{"taxonomy":"product_brand","embeddable":true,"href":"https:\/\/maylanhlamhoanglong.com\/index.php?rest_route=%2Fwp%2Fv2%2Fproduct_brand&post=1509"},{"taxonomy":"product_cat","embeddable":true,"href":"https:\/\/maylanhlamhoanglong.com\/index.php?rest_route=%2Fwp%2Fv2%2Fproduct_cat&post=1509"},{"taxonomy":"product_tag","embeddable":true,"href":"https:\/\/maylanhlamhoanglong.com\/index.php?rest_route=%2Fwp%2Fv2%2Fproduct_tag&post=1509"}],"curies":[{"name":"wp","href":"https:\/\/api.w.org\/{rel}","templated":true}]}}