{"id":1484,"date":"2025-03-15T12:58:24","date_gmt":"2025-03-15T05:58:24","guid":{"rendered":"https:\/\/maylanhlamhoanglong.com\/?post_type=product&#038;p=1484"},"modified":"2026-04-09T15:14:24","modified_gmt":"2026-04-09T08:14:24","slug":"may-lanh-funiki-inverter-1-0-hp-1-ngua-hic09tmu","status":"publish","type":"product","link":"https:\/\/maylanhlamhoanglong.com\/?product=may-lanh-funiki-inverter-1-0-hp-1-ngua-hic09tmu","title":{"rendered":"M\u00e1y l\u1ea1nh Funiki Inverter 1.0 HP (1 Ng\u1ef1a) HIC09TMU"},"content":{"rendered":"<p>M\u00e0n h\u00ecnh hi\u1ec3n th\u1ecb nhi\u1ec7t \u0111\u1ed9 tr\u00ean d\u00e0n l\u1ea1nh d\u1ec5 d\u00e0ng quan s\u00e1t.<\/p>\n<p><strong>D\u00e0n n\u00f3ng:<\/strong><\/p>\n<p>&#8211; Thi\u1ebft k\u1ebf h\u00ecnh ch\u1eef nh\u1eadt, v\u1ecf b\u1eb1ng th\u00e9p ch\u1eafc ch\u1eafn.<\/p>\n<p>&#8211;<strong>\u00a0<\/strong>C\u00f3 \u1ed1ng d\u1eabn gas \u0111\u01b0\u1ee3c l\u00e0m b\u1eb1ng \u0111\u1ed3ng v\u1edbi l\u00e1 t\u1ea3n nhi\u1ec7t b\u1eb1ng nh\u00f4m c\u00f3 l\u1edbp b\u1ea3o v\u1ec7\u00a0<strong>Golden Fin<\/strong>\u00a0\u0111\u1ed9 b\u1ec1n cao t\u0103ng tu\u1ed5i th\u1ecd c\u1ee7a m\u00e1y, ch\u1ecbu \u0111\u01b0\u1ee3c \u0111i\u1ec1u ki\u1ec7n th\u1eddi ti\u1ebft kh\u1eafc nghi\u1ec7t nh\u01b0 s\u01b0\u01a1ng mu\u1ed1i, gi\u00f3 bi\u1ec3n hay m\u01b0a b\u00e3o.<\/p>\n<p><a href=\"https:\/\/cdn.tgdd.vn\/Products\/Images\/2002\/272060\/funiki-1-hp-hic09tmust3-061222-025914.jpg\"><img decoding=\"async\" title=\"M\u00e1y l\u1ea1nh Funiki Inverter 1 HP HIC09TMU.ST3 - T\u1ed5ng quan thi\u1ebft k\u1ebf\" src=\"https:\/\/cdn.tgdd.vn\/Products\/Images\/2002\/272060\/funiki-1-hp-hic09tmust3-061222-025914.jpg\" alt=\"M\u00e1y l\u1ea1nh Funiki Inverter 1 HP HIC09TMU.ST3 - T\u1ed5ng quan thi\u1ebft k\u1ebf\" data-src=\"https:\/\/cdn.tgdd.vn\/Products\/Images\/2002\/272060\/funiki-1-hp-hic09tmust3-061222-025914.jpg\" \/><\/a><\/p>\n<h3>C\u00f4ng ngh\u1ec7 l\u00e0m l\u1ea1nh<\/h3>\n<p>&#8211; C\u00f4ng su\u1ea5t l\u00e0m l\u1ea1nh\u00a0<a href=\"https:\/\/dienmaynguyenlinh.com\/may-lanh-funiki-inverter-1-hp-hic09tmu-st3\" target=\"_blank\" rel=\"noopener\"><strong>1\u00a0HP &#8211; 9000 BTU<\/strong><\/a>\u00a0n\u00ean h\u01a1i l\u1ea1nh c\u00f3 th\u1ec3 \u0111\u1ea3m b\u1ea3o cho kh\u00f4ng gian<strong>\u00a0d\u01b0\u1edbi\u00a015m\u00b2.<\/strong><\/p>\n<p>&#8211; Ch\u1ebf \u0111\u1ed9\u00a0<a href=\"https:\/\/dienmaynguyenlinh.com\/may-lanh-funiki-inverter-1-hp-hic09tmu-st3\" target=\"_blank\" rel=\"noopener\">Turbo<\/a>\u00a0gi\u00fap t\u0103ng t\u1ed1c \u0111\u1ed9 l\u00e0m l\u1ea1nh tr\u00e1nh vi\u1ec7c m\u1ea5t th\u1eddi gian ch\u1edd \u0111\u1ee3i m\u00e1y t\u1ea1o ra h\u01a1i l\u1ea1nh.<\/p>\n<p><a href=\"https:\/\/cdn.tgdd.vn\/Products\/Images\/2002\/272060\/funiki-1-hp-hic09tmust3-061222-025920.jpg\"><img decoding=\"async\" title=\"M\u00e1y l\u1ea1nh Funiki Inverter 1 HP HIC09TMU.ST3 - C\u00f4ng ngh\u1ec7 l\u00e0m l\u1ea1nh\" src=\"https:\/\/cdn.tgdd.vn\/Products\/Images\/2002\/272060\/funiki-1-hp-hic09tmust3-061222-025920.jpg\" alt=\"M\u00e1y l\u1ea1nh Funiki Inverter 1 HP HIC09TMU.ST3 - C\u00f4ng ngh\u1ec7 l\u00e0m l\u1ea1nh\" data-src=\"https:\/\/cdn.tgdd.vn\/Products\/Images\/2002\/272060\/funiki-1-hp-hic09tmust3-061222-025920.jpg\" \/><\/a><\/p>\n<h3>C\u01a1 ch\u1ebf th\u1ed5i gi\u00f3<\/h3>\n<p>&#8211; M\u00e1y s\u1eed d\u1ee5ng c\u01a1 ch\u1ebf \u0111i\u1ec1u khi\u1ec3n c\u00e1nh \u0111\u1ea3o gi\u00f3 l\u00ean xu\u1ed1ng, tr\u00e1i ph\u1ea3i t\u00f9y ch\u1ec9nh tay n\u00ean h\u01a1i l\u1ea1nh c\u00f3 th\u1ec3 lan to\u1ea3 \u0111\u1ed3ng \u0111\u1ec1u \u0111\u1ebfn nhi\u1ec1u n\u01a1i trong ph\u00f2ng.<\/p>\n<p><a href=\"https:\/\/cdn.tgdd.vn\/Products\/Images\/2002\/272060\/funiki-1-hp-hic09tmust3-061222-025916.jpg\"><img decoding=\"async\" title=\"M\u00e1y l\u1ea1nh Funiki Inverter 1 HP HIC09TMU.ST3 - C\u01a1 ch\u1ebf th\u1ed5i gi\u00f3\" src=\"https:\/\/cdn.tgdd.vn\/Products\/Images\/2002\/272060\/funiki-1-hp-hic09tmust3-061222-025916.jpg\" alt=\"M\u00e1y l\u1ea1nh Funiki Inverter 1 HP HIC09TMU.ST3 - C\u01a1 ch\u1ebf th\u1ed5i gi\u00f3\" data-src=\"https:\/\/cdn.tgdd.vn\/Products\/Images\/2002\/272060\/funiki-1-hp-hic09tmust3-061222-025916.jpg\" \/><\/a><\/p>\n<h3>C\u00f4ng ngh\u1ec7 ti\u1ebft ki\u1ec7m<\/h3>\n<p>&#8211; C\u00f4ng ngh\u1ec7\u00a0<a href=\"https:\/\/dienmaynguyenlinh.com\/may-lanh-funiki-inverter-1-hp-hic09tmu-st3\" target=\"_blank\" rel=\"noopener\">Inverter<\/a>\u00a0gi\u00fap m\u00e1y l\u1ea1nh ho\u1ea1t \u0111\u1ed9ng \u00eam \u00e1i, ti\u1ebft ki\u1ec7m \u0111i\u1ec7n n\u0103ng v\u1edbi m\u1ee9c ti\u00eau th\u1ee5 ch\u1ec9 0.745 kWh.<\/p>\n<p>&#8211;\u00a0<strong>Ch\u1ebf \u0111\u1ed9 ti\u1ebft ki\u1ec7m n\u0103ng l\u01b0\u1ee3ng Eco<\/strong>\u00a0gi\u00fap m\u00e1y ho\u1ea1t \u0111\u1ed9ng \u1edf m\u1ee9c c\u00f4ng su\u1ea5t trung b\u00ecnh, ti\u1ebft ki\u1ec7m \u0111i\u1ec7n n\u0103ng hi\u1ec7u qu\u1ea3.<\/p>\n<p>&#8211; M\u00e1y l\u1ea1nh \u0111\u1ea1t nh\u00e3n n\u0103ng l\u01b0\u1ee3ng\u00a05 sao (Hi\u1ec7u su\u1ea5t n\u0103ng l\u01b0\u1ee3ng 4.50).<\/p>\n<p><a href=\"https:\/\/cdn.tgdd.vn\/Products\/Images\/2002\/272060\/funiki-1-hp-hic09tmust3-061222-025921.jpg\"><img decoding=\"async\" title=\"M\u00e1y l\u1ea1nh Funiki Inverter 1 HP HIC09TMU.ST3 - C\u00f4ng ngh\u1ec7 ti\u1ebft ki\u1ec7m \u0111i\u1ec7n\" src=\"https:\/\/cdn.tgdd.vn\/Products\/Images\/2002\/272060\/funiki-1-hp-hic09tmust3-061222-025921.jpg\" alt=\"M\u00e1y l\u1ea1nh Funiki Inverter 1 HP HIC09TMU.ST3 - C\u00f4ng ngh\u1ec7 ti\u1ebft ki\u1ec7m \u0111i\u1ec7n\" data-src=\"https:\/\/cdn.tgdd.vn\/Products\/Images\/2002\/272060\/funiki-1-hp-hic09tmust3-061222-025921.jpg\" \/><\/a><\/p>\n<h3>Kh\u1ea3 n\u0103ng l\u1ecdc kh\u00f4ng kh\u00ed<\/h3>\n<p>&#8211;<strong>\u00a0L\u01b0\u1edbi l\u1ecdc Nano b\u1ea1c<\/strong>\u00a0b\u00ean trong d\u00e0n l\u1ea1nh c\u00f3 kh\u1ea3 n\u0103ng lo\u1ea1i b\u1ecf vi khu\u1ea9n m\u1ed9t c\u00e1ch nhanh ch\u00f3ng mang \u0111\u1ebfn kh\u00f4ng gian an to\u00e0n cho ng\u01b0\u1eddi d\u00f9ng.<\/p>\n<p>&#8211;\u00a0<strong>T\u00ednh n\u0103ng t\u1ef1 l\u00e0m s\u1ea1ch<\/strong>\u00a0gi\u00fap m\u00e1y t\u1ef1 v\u1ec7 sinh d\u00e0n l\u1ea1nh, t\u1ea1o ra b\u1ea7u kh\u00f4ng kh\u00ed trong l\u00e0nh, \u0111\u1ed3ng th\u1eddi ti\u1ebft ki\u1ec7m chi ph\u00ed v\u1ec7 sinh m\u00e1y l\u1ea1nh.<\/p>\n<p><a href=\"https:\/\/cdn.tgdd.vn\/Products\/Images\/2002\/272060\/funiki-1-hp-hic09tmust3-061222-025918.jpg\"><img decoding=\"async\" title=\"M\u00e1y l\u1ea1nh Funiki Inverter 1 HP HIC09TMU.ST3 - Kh\u1ea3 n\u0103ng l\u1ecdc kh\u00f4ng kh\u00ed\" src=\"https:\/\/cdn.tgdd.vn\/Products\/Images\/2002\/272060\/funiki-1-hp-hic09tmust3-061222-025918.jpg\" alt=\"M\u00e1y l\u1ea1nh Funiki Inverter 1 HP HIC09TMU.ST3 - Kh\u1ea3 n\u0103ng l\u1ecdc kh\u00f4ng kh\u00ed\" data-src=\"https:\/\/cdn.tgdd.vn\/Products\/Images\/2002\/272060\/funiki-1-hp-hic09tmust3-061222-025918.jpg\" \/><\/a><\/p>\n<h3>\u0110a d\u1ea1ng ti\u1ec7n \u00edch s\u1eed d\u1ee5ng<\/h3>\n<p>&#8211;\u00a0<strong>Ch\u1ebf \u0111\u1ed9 Sleep<\/strong>\u00a0gi\u00fap b\u1ea1n c\u00f3 m\u1ed9t gi\u1ea5c ng\u1ee7 s\u00e2u nh\u1edd v\u00e0o vi\u1ec7c t\u1ef1 \u0111i\u1ec1u ch\u1ec9nh nhi\u1ec7t \u0111\u1ed9 sao cho th\u00edch h\u1ee3p nh\u1ea5t, t\u1ea1o s\u1ef1 tho\u1ea3i m\u00e1i v\u00e0o ban \u0111\u00eam.<\/p>\n<p>&#8211;\u00a0 V\u1edbi t\u00ednh n\u0103ng ch\u1ea9n \u0111o\u00e1n l\u1ed7i, khi m\u00e1y g\u1eb7p l\u1ed7i th\u00ec l\u1ed7i n\u00e0y s\u1ebd \u0111\u01b0\u1ee3c hi\u1ec3n th\u1ecb tr\u00ean d\u00e0n l\u1ea1nh gi\u00fap ng\u01b0\u1eddi d\u00f9ng k\u1ecbp th\u1eddi \u0111i\u1ec1u ch\u1ec9nh, s\u1eeda ch\u1eefa.<\/p>\n<p>&#8211; \u00a0N\u1ebfu b\u1ecb m\u1ea5t \u0111i\u1ec7n \u0111\u1ed9t ng\u1ed9t, ch\u1ee9c n\u0103ng t\u1ef1 kh\u1edfi \u0111\u1ed9ng gi\u00fap m\u00e1y kh\u1edfi \u0111\u1ed9ng sau khi c\u00f3 \u0111i\u1ec7n tr\u1edf l\u1ea1i.<\/p>\n<p><a href=\"https:\/\/cdn.tgdd.vn\/Products\/Images\/2002\/272060\/funiki-1-hp-hic09tmust3-230322-110548.jpg\"><img decoding=\"async\" title=\"M\u00e1y l\u1ea1nh Funiki Inverter 1 HP HIC09TMU.ST3 - Ch\u1ebf \u0111\u1ed9 ng\u1ee7 Sleep\" src=\"https:\/\/cdn.tgdd.vn\/Products\/Images\/2002\/272060\/funiki-1-hp-hic09tmust3-230322-110548.jpg\" alt=\"M\u00e1y l\u1ea1nh Funiki Inverter 1 HP HIC09TMU.ST3 - Ch\u1ebf \u0111\u1ed9 ng\u1ee7 Sleep\" data-src=\"https:\/\/cdn.tgdd.vn\/Products\/Images\/2002\/272060\/funiki-1-hp-hic09tmust3-230322-110548.jpg\" \/><\/a><\/p>\n","protected":false},"excerpt":{"rendered":"<table class=\"table-digitals\">\n<tbody>\n<tr class=\"row-title\">\n<td colspan=\"2\"><strong class=\"row0\">Th\u00f4ng s\u1ed1 k\u1ef9 thu\u1eadt<\/strong><\/td>\n<\/tr>\n<tr class=\"row-item\">\n<td class=\"row0\">Xu\u1ea5t x\u1ee9<\/td>\n<td class=\"row1\">Th\u01b0\u01a1ng hi\u1ec7u: Vi\u1ec7t Nam &#8211; S\u1ea3n xu\u1ea5t t\u1ea1i: Malaysia<\/td>\n<\/tr>\n<tr class=\"row-item\">\n<td class=\"row0\">Lo\u1ea1i Gas l\u1ea1nh<\/td>\n<td class=\"row1\">R32<\/td>\n<\/tr>\n<tr class=\"row-item\">\n<td class=\"row0\">Lo\u1ea1i m\u00e1y<\/td>\n<td class=\"row1\">Inverter &#8211; Lo\u1ea1i 1 chi\u1ec1u l\u1ea1nh (ch\u1ec9 l\u00e0m l\u1ea1nh)<\/td>\n<\/tr>\n<tr class=\"row-item\">\n<td class=\"row0\">C\u00f4ng su\u1ea5t l\u00e0m l\u1ea1nh<\/td>\n<td class=\"row1\">1.0 Hp (1.0 Ng\u1ef1a) ~ 9.000 Btu\/h &#8211; 2.638 kW<\/td>\n<\/tr>\n<tr class=\"row-item\">\n<td class=\"row0\">S\u1eed d\u1ee5ng cho ph\u00f2ng<\/td>\n<td class=\"row1\">Di\u1ec7n t\u00edch 12 &#8211; 15 m\u00b2 ho\u1eb7c 36 &#8211; 45 m\u00b3 kh\u00ed (th\u00edch h\u1ee3p cho ph\u00f2ng kh\u00e1ch, v\u0103n ph\u00f2ng)<\/td>\n<\/tr>\n<tr class=\"row-item\">\n<td class=\"row0\">Ngu\u1ed3n \u0111i\u1ec7n (Ph\/V\/Hz)<\/td>\n<td class=\"row1\">1 Pha, 220 &#8211; 240 V, 50Hz<\/td>\n<\/tr>\n<tr class=\"row-item\">\n<td class=\"row0\">C\u00f4ng su\u1ea5t ti\u00eau th\u1ee5 \u0111i\u1ec7n<\/td>\n<td class=\"row1\">0.745 kW<\/td>\n<\/tr>\n<tr class=\"row-item\">\n<td class=\"row0\">K\u00edch th\u01b0\u1edbc \u1ed1ng \u0111\u1ed3ng Gas (mm)<\/td>\n<td class=\"row1\">6,35 \/ 9,52<\/td>\n<\/tr>\n<tr class=\"row-item\">\n<td class=\"row0\">Chi\u1ec1u d\u00e0i \u1ed1ng gas t\u1ed1i \u0111a (m)<\/td>\n<td class=\"row1\">15 m<\/td>\n<\/tr>\n<tr class=\"row-item\">\n<td class=\"row0\">Ch\u00eanh l\u1ec7ch \u0111\u1ed9 cao (t\u1ed1i \u0111a) (m)<\/td>\n<td class=\"row1\">5 m<\/td>\n<\/tr>\n<tr class=\"row-item\">\n<td class=\"row0\">Hi\u1ec7u su\u1ea5t n\u0103ng l\u01b0\u1ee3ng CSPF<\/td>\n<td class=\"row1\">4.5<\/td>\n<\/tr>\n<tr class=\"row-item\">\n<td class=\"row0\">Nh\u00e3n n\u0103ng l\u01b0\u1ee3ng ti\u1ebft ki\u1ec7m \u0111i\u1ec7n<\/td>\n<td class=\"row1\">5 sao<\/td>\n<\/tr>\n<tr class=\"row-title\">\n<td colspan=\"2\"><strong class=\"row0\">D\u00e0n L\u1ea1nh<\/strong><\/td>\n<\/tr>\n<tr class=\"row-item\">\n<td class=\"row0\">K\u00edch th\u01b0\u1edbc d\u00e0n l\u1ea1nh (mm)<\/td>\n<td class=\"row1\">285 x 715 x 194 mm<\/td>\n<\/tr>\n<tr class=\"row-item\">\n<td class=\"row0\">Tr\u1ecdng l\u01b0\u1ee3ng d\u00e0n l\u1ea1nh (Kg)<\/td>\n<td class=\"row1\">7.4 Kg<\/td>\n<\/tr>\n<tr class=\"row-title\">\n<td colspan=\"2\"><strong class=\"row0\">D\u00e0n N\u00f3ng<\/strong><\/td>\n<\/tr>\n<tr class=\"row-item\">\n<td class=\"row0\">K\u00edch th\u01b0\u1edbc d\u00e0n n\u00f3ng (mm)<\/td>\n<td class=\"row1\">495 x 720 x 270 mm<\/td>\n<\/tr>\n<tr class=\"row-item\">\n<td class=\"row0\">Tr\u1ecdng l\u01b0\u1ee3ng d\u00e0n n\u00f3ng (Kg)<\/td>\n<td class=\"row1\">21.7 Kg<\/td>\n<\/tr>\n<\/tbody>\n<\/table>\n","protected":false},"featured_media":1485,"comment_status":"open","ping_status":"closed","template":"","meta":{"wprm-recipe-roundup-name":"","wprm-recipe-roundup-description":""},"product_brand":[],"product_cat":[115],"product_tag":[166],"class_list":{"0":"post-1484","1":"product","2":"type-product","3":"status-publish","4":"has-post-thumbnail","6":"thuong-hieu-funiki","7":"product_cat-may-lanh-treo-tuong","8":"product_tag-bao-hanh-12-thang","9":"pa_cong-nghe-inverter","10":"pa_cong-suat-lam-lanh-1-hp","11":"pa_may-lanh-treo-tuong-1-0-hp","13":"first","14":"instock","15":"sale","16":"taxable","17":"shipping-taxable","18":"purchasable","19":"product-type-simple"},"_links":{"self":[{"href":"https:\/\/maylanhlamhoanglong.com\/index.php?rest_route=\/wp\/v2\/product\/1484","targetHints":{"allow":["GET"]}}],"collection":[{"href":"https:\/\/maylanhlamhoanglong.com\/index.php?rest_route=\/wp\/v2\/product"}],"about":[{"href":"https:\/\/maylanhlamhoanglong.com\/index.php?rest_route=\/wp\/v2\/types\/product"}],"replies":[{"embeddable":true,"href":"https:\/\/maylanhlamhoanglong.com\/index.php?rest_route=%2Fwp%2Fv2%2Fcomments&post=1484"}],"wp:featuredmedia":[{"embeddable":true,"href":"https:\/\/maylanhlamhoanglong.com\/index.php?rest_route=\/wp\/v2\/media\/1485"}],"wp:attachment":[{"href":"https:\/\/maylanhlamhoanglong.com\/index.php?rest_route=%2Fwp%2Fv2%2Fmedia&parent=1484"}],"wp:term":[{"taxonomy":"product_brand","embeddable":true,"href":"https:\/\/maylanhlamhoanglong.com\/index.php?rest_route=%2Fwp%2Fv2%2Fproduct_brand&post=1484"},{"taxonomy":"product_cat","embeddable":true,"href":"https:\/\/maylanhlamhoanglong.com\/index.php?rest_route=%2Fwp%2Fv2%2Fproduct_cat&post=1484"},{"taxonomy":"product_tag","embeddable":true,"href":"https:\/\/maylanhlamhoanglong.com\/index.php?rest_route=%2Fwp%2Fv2%2Fproduct_tag&post=1484"}],"curies":[{"name":"wp","href":"https:\/\/api.w.org\/{rel}","templated":true}]}}