{"id":1478,"date":"2025-03-15T12:47:21","date_gmt":"2025-03-15T05:47:21","guid":{"rendered":"https:\/\/maylanhlamhoanglong.com\/?post_type=product&#038;p=1478"},"modified":"2025-03-15T12:47:21","modified_gmt":"2025-03-15T05:47:21","slug":"may-lanh-funiki-1-0-hp-1-ngua-hsc09tmu","status":"publish","type":"product","link":"https:\/\/maylanhlamhoanglong.com\/?product=may-lanh-funiki-1-0-hp-1-ngua-hsc09tmu","title":{"rendered":"M\u00e1y l\u1ea1nh Funiki 1.0 HP (1 Ng\u1ef1a) HSC09TMU"},"content":{"rendered":"<h2>Thi\u1ebft k\u1ebf \u0111\u1eb9p m\u1eaft, \u0111\u1ed9c \u0111\u00e1o v\u1edbi \u0111\u00e8n LED hi\u1ec3n th\u1ecb nhi\u1ec7t \u0111\u1ed9<\/h2>\n<p>\u0110i\u1ec1u h\u00f2a Funiki 9000 BTU 1 chi\u1ec1u HSC09TMU m\u00e0u tr\u1eafng, \u0111\u01b0\u1eddng n\u00e9t sang tr\u1ecdng, ki\u1ec3u d\u00e1ng nh\u1ecf g\u1ecdn. M\u00e1y \u0111\u01b0\u1ee3c\u00a0<strong>trang b\u1ecb\u00a0\u0111\u00e8n LED<\/strong>\u00a0hi\u1ec3n th\u1ecb nhi\u1ec7t \u0111\u1ed9 s\u1eafc n\u00e9t gi\u00fap d\u1ec5 d\u00e0ng s\u1eed d\u1ee5ng (Nh\u1eadn bi\u1ebft \u0111\u01b0\u1ee3c m\u00e1y \u0111i\u1ec1u h\u00f2a \u0111ang c\u00e0i \u0111\u1eb7t bao nhi\u00eau \u0111\u1ed9, ti\u1ec7n l\u1ee3i v\u1ec1 \u0111\u00eam khi \u0111\u00e8n LED n\u00e0y c\u00f3 t\u00e1c d\u1ee5ng nh\u01b0 \u0111\u00e8n ng\u1ee7 th\u00f4ng th\u01b0\u1eddng m\u00e0 m\u1ee9c ti\u00eau th\u1ee5 \u0111i\u1ec7n n\u0103ng g\u1ea7n nh\u01b0 b\u1eb1ng kh\u00f4ng ~ 0.5W).<\/p>\n<p><img decoding=\"async\" src=\"https:\/\/banhangtaikho.com.vn\/Images\/Upload\/images\/dieu-hoa-funiki-hien-thi-nhiet-do.jpg\" alt=\"\u0110i\u1ec1u h\u00f2a Funiki thi\u1ebft k\u1ebf \u0111\u1eb9p m\u1eaft, hi\u1ec3n th\u1ecb nhi\u1ec7t \u0111\u1ed9 d\u00e0n l\u1ea1nh\" \/><\/p>\n<h2>L\u00e0m l\u1ea1nh nhanh, m\u00e1t l\u1ea1nh d\u1ec5 ch\u1ecbu cho ph\u00f2ng d\u01b0\u1edbi 15m<sup>2<\/sup><\/h2>\n<p>V\u1edbi c\u00f4ng su\u1ea5t\u00a0<a href=\"https:\/\/banhangtaikho.com.vn\/dieu-hoa\/?loc=9000btu\">\u0111i\u1ec1u h\u00f2a 9000BTU<\/a>\u00a0(1HP),\u00a0M\u00e1y \u0111i\u1ec1u h\u00f2a Funiki 1 chi\u1ec1u HSC09TMU mang \u0111\u1ebfn cho B\u1ea1n t\u1eadn h\u01b0\u1edfng kh\u00f4ng kh\u00ed m\u00e1t ngay t\u1ee9c th\u00ec, ph\u00f9 h\u1ee3p cho di\u1ec7n t\u00edch c\u0103n ph\u00f2ng l\u1eafp \u0111\u1eb7t d\u01b0\u1edbi 15m2: Ph\u00f2ng ng\u1ee7, nh\u00e0 h\u00e0ng, v\u0103n ph\u00f2ng&#8230;<\/p>\n<h2>Tho\u1ea3i m\u00e1i ngh\u1ec9 ng\u01a1i v\u1edbi ch\u1ebf \u0111\u1ed9 ng\u1ee7\u00a0Sleep<\/h2>\n<p>\u0110i\u1ec1u h\u00f2a Funiki HSC09TMU\u00a0\u0111\u01b0\u1ee3c t\u00edch h\u1ee3p t\u00ednh n\u0103ng Sleep, \u0111i\u1ec1u ch\u1ec9nh nhi\u1ec7t \u0111\u1ed9 trong ph\u00f2ng ph\u00f9 h\u1ee3p, bi\u00ean \u0111\u1ed9 dao \u0111\u1ed9ng nhi\u1ec7t nh\u1ecf gi\u00fap b\u1ea1n tho\u1ea3i m\u00e1i, an t\u00e2m ngh\u1ec9 ng\u01a1i, th\u01b0 gi\u00e3n.<\/p>\n<p><strong>=&gt;&gt;&gt; Xem th\u00eam:<\/strong>\u00a0<a href=\"https:\/\/banhangtaikho.com.vn\/tin\/kien-thuc-tieu-dung\/nen-de-dieu-hoa-bao-nhieu-do-tot-cho-suc-khoe-tiet-kiem-dien.htm\"><strong>N\u00ean \u0111\u1ec3 \u0111i\u1ec1u h\u00f2a bao nhi\u00eau \u0111\u1ed9 t\u1ed1t cho s\u1ee9c kh\u1ecfe, ti\u1ebft ki\u1ec7m \u0111i\u1ec7n [B\u00ed K\u00edp]<\/strong><\/a><\/p>\n<h2>T\u1ea5m l\u1ecdc tinh ch\u1ea5t Nano B\u1ea1c<\/h2>\n<p><a href=\"https:\/\/banhangtaikho.com.vn\/dieu-hoa\/funiki\/\">\u0110i\u1ec1u h\u00f2a Funiki<\/a>\u00a0kh\u00f4ng ch\u1ec9 l\u00e0m m\u00e1t th\u00f4ng th\u01b0\u1eddng m\u00e0 c\u00f2n \u0111\u01b0\u1ee3c trang b\u1ecb\u00a0<strong>t\u1ea5m l\u1ecdc kh\u00f4ng kh\u00ed tinh ch\u1ea5t Nano b\u1ea1c<\/strong>, lo\u1ea1i b\u1ecf vi khu\u1ea9n, n\u1ea5m m\u1ed1c, b\u1ee5i b\u1ea9n m\u1ed9t c\u00e1ch hi\u1ec7u qu\u1ea3 \u0111em \u0111\u1ebfn m\u1ed9t m\u00f4i tr\u01b0\u1eddng s\u1ed1ng trong l\u00e0nh, b\u1ea3o v\u1ec7 t\u1ed1t h\u01a1n cho s\u1ee9c kh\u1ecfe c\u1ee7a b\u1ea1n v\u00e0 nh\u1eefng ng\u01b0\u1eddi th\u00e2n y\u00eau.<\/p>\n<p>&nbsp;<\/p>\n<h2>T\u1ef1\u00a0\u0111\u1ed9ng l\u00e0m s\u1ea1ch d\u00e0n l\u1ea1nh i-auto Clean<\/h2>\n<p>Gi\u1edd \u0111\u00e2y v\u1edbi m\u00e1y \u0111i\u1ec1u h\u00f2a Funiki HSC09TMU b\u1ea1n s\u1ebd kh\u00f4ng c\u00f2n s\u1ee3 vi khu\u1ea9n, n\u1ea5m m\u1ed1c&#8230;b\u1edfi v\u00ec m\u00e1y \u0111\u01b0\u1ee3c trang b\u1ecb ch\u1ebf \u0111\u1ed9 t\u1ef1 \u0111\u1ed9ng l\u00e0m s\u1ea1ch d\u00e0n l\u1ea1nh i-auto Clean. Khi ch\u1ecdn ch\u1ebf \u0111\u1ed9 t\u1ef1 l\u00e0m s\u1ea1ch, m\u00e1y s\u1ebd t\u1ef1 v\u1ec7 sinh d\u00e0n l\u1ea1nh v\u00e0 l\u00e0m kh\u00f4 trong v\u00f2ng 2 gi\u1edd mang l\u1ea1i b\u1ea7u kh\u00f4ng kh\u00ed trong l\u00e0nh v\u00e0 an to\u00e0n khi s\u1eed d\u1ee5ng.<\/p>\n<h2>T\u1ef1 \u0111\u1ed9ng kh\u1edfi \u0111\u1ed9ng l\u1ea1i khi c\u00f3 \u0111i\u1ec7n<\/h2>\n<p>\u0110i\u1ec1u n\u00e0y \u0111\u01b0\u1ee3c hi\u1ec3u r\u1eb1ng l\u00e0 khi \u0111i\u1ec1u h\u00f2a \u0111ang s\u1eed d\u1ee5ng m\u00e0 \u0111\u1ed9t ng\u1ed9t m\u1ea5t \u0111i\u1ec7n th\u00ec sau khi c\u00f3 \u0111i\u1ec7n tr\u1edf l\u1ea1i m\u00e1y \u0111i\u1ec1u h\u00f2a s\u1ebd t\u1ef1 ch\u1ea1y \u1edf ch\u1ebf \u0111\u1ed9 c\u00e0i \u0111\u1eb7t tr\u01b0\u1edbc \u0111\u00f3 (Ch\u1ebf \u0111\u1ed9, nhi\u1ec7t \u0111\u1ed9, t\u1ed1c \u0111\u1ed9 gi\u00f3&#8230;).<\/p>\n<h2>V\u00e2n h\u00e0nh \u00eam \u00e1i,\u00a0b\u1ec1n b\u1ec9<\/h2>\n<p>N\u1ebfu so s\u00e1nh v\u1edbi nh\u1eefng h\u00e3ng \u0111i\u1ec1u h\u00f2a c\u00f9ng ph\u00e2n kh\u00fac th\u00ec Funiki HSC09TMU \u0111\u01b0\u1ee3c ng\u01b0\u1eddi ti\u00eau d\u00f9ng v\u00e0 k\u1ef9 thu\u1eadt ng\u00e0nh \u0111i\u1ec7n l\u1ea1nh \u0111\u00e1nh gi\u00e1 kh\u00e1 cao v\u1ec1 ti\u00eau chu\u1ea9n ch\u1ea5t l\u01b0\u1ee3ng: \u0110\u1ee7 c\u00f4ng su\u1ea5t m\u00e1y, m\u00e1y n\u1eb7ng ch\u1eafc ch\u1eafn&#8230;v\u1ec1 ph\u1ea7n c\u1ea5u t\u1ea1o v\u1eadn h\u00e0nh \u0111\u1ed9ng c\u01a1 m\u00e1y n\u00e9n ch\u1ea1y\u00a0b\u1ec1n b\u1ec9, m\u1ea1nh m\u1ebd&#8230;block \u0111\u01b0\u1ee3c b\u1ecdc c\u00e1ch \u00e2m t\u1ed1t t\u1eeb \u0111\u00f3 kh\u00f4ng ch\u1ec9 gi\u00fap t\u0103ng hi\u1ec7u su\u1ea5t l\u00e0m l\u1ea1nh m\u00e0 c\u00f2n ch\u1ea1y \u00eam \u00e1i, gi\u1ea3m b\u1edbt \u0111\u1ed9 \u1ed3n hi\u1ec7u qu\u1ea3.<\/p>\n<h2>\u0110i\u1ec1u h\u00f2a Funiki R32 s\u1eed d\u1ee5ng m\u00f4i ch\u1ea5t l\u1ea1nh ti\u00ean ti\u1ebfn nh\u1ea5t<\/h2>\n<p>Ng\u00e0y nay, Gas R32 l\u00e0 m\u00f4i ch\u1ea5t l\u00e0m l\u1ea1nh ti\u00ean ti\u1ebfn hi\u1ec7n \u0111\u1ea1i nh\u1ea5t \u0111\u01b0\u1ee3c s\u1eed d\u1ee5ng \u1edf m\u00e1y\u00a0<a href=\"https:\/\/banhangtaikho.com.vn\/dieu-hoa\/\">\u0111i\u1ec1u h\u00f2a<\/a>\u00a0kh\u00f4ng kh\u00ed b\u1edfi n\u00f3 \u0111em l\u1ea1i hi\u1ec7u su\u1ea5t l\u00e0m l\u1ea1nh cao, ti\u1ebft ki\u1ec7m \u0111i\u1ec7n n\u0103ng v\u00e0 th\u00e2n thi\u1ec7n v\u1edbi m\u00f4i tr\u01b0\u1eddng. V\u00e0 m\u00e1y \u0111i\u1ec1u h\u00f2a Funiki 9000\u00a01 chi\u1ec1u\u00a0HSC09TMU c\u0169ng \u0111\u01b0\u1ee3c trang b\u1ecb m\u00f4i ch\u1ea5t l\u1ea1nh n\u00e0y v\u00ec th\u1ebf B\u1ea1n s\u1ebd c\u00f3 \u0111\u01b0\u1ee3c c\u01a1 h\u1ed9i tr\u1ea3i nghi\u1ec7m nh\u1eefng \u01b0u \u0111i\u1ec3m tuy\u1ec7t v\u1eddi tr\u00ean.<\/p>\n<p><img decoding=\"async\" src=\"https:\/\/banhangtaikho.com.vn\/Images\/Upload\/images\/dieu-hoa-gas-R32-1.jpg\" alt=\"\u0110i\u1ec1u h\u00f2a Funiki m\u00f4i ch\u1ea5t l\u1ea1nh R32 ti\u00ean ti\u1ebfn\" \/><\/p>\n<h2>B\u1ea3o h\u00e0nh t\u1eadn t\u00e2m, ph\u1ee5c v\u1ee5 t\u1eadn nh\u00e0<\/h2>\n<p>Kh\u00f4ng nh\u1eefng ch\u00fa tr\u1ecdng \u0111\u1ebfn s\u1ea3n ph\u1ea9m m\u00e0 ch\u1ebf \u0111\u1ed9 b\u1ea3o h\u00e0nh c\u1ee7a Funiki c\u0169ng lu\u00f4n \u0111\u01b0\u1ee3c ch\u00fa tr\u1ecdng, \u0111\u1ea3m b\u1ea3o quy\u1ec1n l\u1ee3i c\u1ee7a kh\u00e1ch h\u00e0ng.<\/p>\n<p>Th\u1eddi gian b\u1ea3o h\u00e0nh m\u00e1y \u0111i\u1ec1u h\u00f2a kh\u00f4ng kh\u00ed Funiki ch\u00ednh h\u00e3ng\u00a0l\u00e0\u00a0<strong>24\u00a0th\u00e1ng<\/strong>\u00a0k\u1ec3 t\u1eeb ng\u00e0y mua (30 th\u00e1ng k\u1ec3 t\u1eeb ng\u00e0y s\u1ea3n xu\u1ea5t) ngay t\u1ea1i nh\u00e0 \/ t\u1ea1i ch\u00e2n c\u00f4ng tr\u00ecnh.<\/p>\n","protected":false},"excerpt":{"rendered":"<table class=\"table-digitals\">\n<tbody>\n<tr class=\"row-title\">\n<td colspan=\"2\"><strong class=\"row0\">Th\u00f4ng s\u1ed1 k\u1ef9 thu\u1eadt<\/strong><\/td>\n<\/tr>\n<tr class=\"row-item\">\n<td class=\"row0\">Xu\u1ea5t x\u1ee9<\/td>\n<td class=\"row1\">Th\u01b0\u01a1ng hi\u1ec7u: Vi\u1ec7t Nam &#8211; S\u1ea3n xu\u1ea5t t\u1ea1i: Malaysia<\/td>\n<\/tr>\n<tr class=\"row-item\">\n<td class=\"row0\">Lo\u1ea1i Gas l\u1ea1nh<\/td>\n<td class=\"row1\">R32<\/td>\n<\/tr>\n<tr class=\"row-item\">\n<td class=\"row0\">Lo\u1ea1i m\u00e1y<\/td>\n<td class=\"row1\">Mono &#8211; Lo\u1ea1i 1 chi\u1ec1u l\u1ea1nh<\/td>\n<\/tr>\n<tr class=\"row-item\">\n<td class=\"row0\">C\u00f4ng su\u1ea5t l\u00e0m l\u1ea1nh<\/td>\n<td class=\"row1\">1.0 HP (1.0 Ng\u1ef1a) ~ 9.000 Btu\/h &#8211; 2.638 kW<\/td>\n<\/tr>\n<tr class=\"row-item\">\n<td class=\"row0\">S\u1eed d\u1ee5ng cho ph\u00f2ng<\/td>\n<td class=\"row1\">Di\u1ec7n t\u00edch 12 &#8211; 15 m\u00b2 ho\u1eb7c 36 &#8211; 45 m\u00b3 kh\u00ed (th\u00edch h\u1ee3p cho ph\u00f2ng kh\u00e1ch, v\u0103n ph\u00f2ng)<\/td>\n<\/tr>\n<tr class=\"row-item\">\n<td class=\"row0\">Ngu\u1ed3n \u0111i\u1ec7n (Ph\/V\/Hz)<\/td>\n<td class=\"row1\">1 Pha, 220 &#8211; 240 V, 50Hz<\/td>\n<\/tr>\n<tr class=\"row-item\">\n<td class=\"row0\">C\u00f4ng su\u1ea5t ti\u00eau th\u1ee5 \u0111i\u1ec7n<\/td>\n<td class=\"row1\">0.765 kW<\/td>\n<\/tr>\n<tr class=\"row-item\">\n<td class=\"row0\">K\u00edch th\u01b0\u1edbc \u1ed1ng \u0111\u1ed3ng Gas (mm)<\/td>\n<td class=\"row1\">6,35 \/ 9,52<\/td>\n<\/tr>\n<tr class=\"row-item\">\n<td class=\"row0\">Chi\u1ec1u d\u00e0i \u1ed1ng gas t\u1ed1i \u0111a (m)<\/td>\n<td class=\"row1\">15 m<\/td>\n<\/tr>\n<tr class=\"row-item\">\n<td class=\"row0\">Ch\u00eanh l\u1ec7ch \u0111\u1ed9 cao (t\u1ed1i \u0111a) (m)<\/td>\n<td class=\"row1\">5 m<\/td>\n<\/tr>\n<tr class=\"row-item\">\n<td class=\"row0\">Hi\u1ec7u su\u1ea5t n\u0103ng l\u01b0\u1ee3ng CSPF<\/td>\n<td class=\"row1\">3,66<\/td>\n<\/tr>\n<tr class=\"row-title\">\n<td colspan=\"2\"><strong class=\"row0\">D\u00e0n L\u1ea1nh<\/strong><\/td>\n<\/tr>\n<tr class=\"row-item\">\n<td class=\"row0\">K\u00edch th\u01b0\u1edbc d\u00e0n l\u1ea1nh (mm)<\/td>\n<td class=\"row1\">285 x 805 x 194 mm<\/td>\n<\/tr>\n<tr class=\"row-item\">\n<td class=\"row0\">Tr\u1ecdng l\u01b0\u1ee3ng d\u00e0n l\u1ea1nh (Kg)<\/td>\n<td class=\"row1\">8.3 Kg<\/td>\n<\/tr>\n<tr class=\"row-title\">\n<td colspan=\"2\"><strong class=\"row0\">D\u00e0n N\u00f3ng<\/strong><\/td>\n<\/tr>\n<tr class=\"row-item\">\n<td class=\"row0\">K\u00edch th\u01b0\u1edbc d\u00e0n n\u00f3ng (mm)<\/td>\n<td class=\"row1\">495 x 720 x 270 mm<\/td>\n<\/tr>\n<tr class=\"row-item\">\n<td class=\"row0\">Tr\u1ecdng l\u01b0\u1ee3ng d\u00e0n n\u00f3ng (Kg)<\/td>\n<td class=\"row1\">23.1 Kg<\/td>\n<\/tr>\n<\/tbody>\n<\/table>\n","protected":false},"featured_media":1479,"comment_status":"open","ping_status":"closed","template":"","meta":{"wprm-recipe-roundup-name":"","wprm-recipe-roundup-description":""},"product_brand":[],"product_cat":[115],"product_tag":[166],"class_list":{"0":"post-1478","1":"product","2":"type-product","3":"status-publish","4":"has-post-thumbnail","6":"thuong-hieu-funiki","7":"product_cat-may-lanh-treo-tuong","8":"product_tag-bao-hanh-12-thang","9":"pa_cong-nghe-mono","10":"pa_cong-suat-lam-lanh-1-hp","11":"pa_may-lanh-treo-tuong-1-0-hp","13":"first","14":"instock","15":"sale","16":"taxable","17":"shipping-taxable","18":"purchasable","19":"product-type-simple"},"_links":{"self":[{"href":"https:\/\/maylanhlamhoanglong.com\/index.php?rest_route=\/wp\/v2\/product\/1478","targetHints":{"allow":["GET"]}}],"collection":[{"href":"https:\/\/maylanhlamhoanglong.com\/index.php?rest_route=\/wp\/v2\/product"}],"about":[{"href":"https:\/\/maylanhlamhoanglong.com\/index.php?rest_route=\/wp\/v2\/types\/product"}],"replies":[{"embeddable":true,"href":"https:\/\/maylanhlamhoanglong.com\/index.php?rest_route=%2Fwp%2Fv2%2Fcomments&post=1478"}],"wp:featuredmedia":[{"embeddable":true,"href":"https:\/\/maylanhlamhoanglong.com\/index.php?rest_route=\/wp\/v2\/media\/1479"}],"wp:attachment":[{"href":"https:\/\/maylanhlamhoanglong.com\/index.php?rest_route=%2Fwp%2Fv2%2Fmedia&parent=1478"}],"wp:term":[{"taxonomy":"product_brand","embeddable":true,"href":"https:\/\/maylanhlamhoanglong.com\/index.php?rest_route=%2Fwp%2Fv2%2Fproduct_brand&post=1478"},{"taxonomy":"product_cat","embeddable":true,"href":"https:\/\/maylanhlamhoanglong.com\/index.php?rest_route=%2Fwp%2Fv2%2Fproduct_cat&post=1478"},{"taxonomy":"product_tag","embeddable":true,"href":"https:\/\/maylanhlamhoanglong.com\/index.php?rest_route=%2Fwp%2Fv2%2Fproduct_tag&post=1478"}],"curies":[{"name":"wp","href":"https:\/\/api.w.org\/{rel}","templated":true}]}}