{"id":1450,"date":"2025-03-15T11:33:13","date_gmt":"2025-03-15T04:33:13","guid":{"rendered":"https:\/\/maylanhlamhoanglong.com\/?post_type=product&#038;p=1450"},"modified":"2025-03-15T11:33:13","modified_gmt":"2025-03-15T04:33:13","slug":"dan-nong-trung-tam-lg-arun600lte5-cong-suat-60-hp","status":"publish","type":"product","link":"https:\/\/maylanhlamhoanglong.com\/?product=dan-nong-trung-tam-lg-arun600lte5-cong-suat-60-hp","title":{"rendered":"D\u00c0N N\u00d3NG TRUNG T\u00c2M LG ARUN600LTE5 C\u00d4NG SU\u1ea4T 60 HP"},"content":{"rendered":"<h2>I. M\u00f4 t\u1ea3 d\u00e0n n\u00f3ng \u0111i\u1ec1u h\u00f2a trung t\u00e2m LG Multi V5 \u2013 60HP 2 chi\u1ec1u ARUN600LTE5<\/h2>\n<p><strong><em>D\u00e0n n\u00f3ng LG Multi V5 60HP 2 chi\u1ec1u ARUN600LTE5<\/em><\/strong>\u00a0l\u00e0 h\u1ec7 th\u1ed1ng \u0111i\u1ec1u h\u00f2a\u00a0<a href=\"https:\/\/dieuhoatong.com\/san-pham\/dan-nong-dieu-hoa-trung-tam-daikin-vrv-iv-w-rweyq36tym-345-000btu\/\">kh\u00f4ng kh\u00ed trung t\u00e2m<\/a>. D\u00e0nh cho c\u00e1c t\u00f2a nh\u00e0 th\u01b0\u01a1ng m\u1ea1i, \u1ee9ng d\u1ee5ng c\u00f4ng ngh\u1ec7 \u0111i\u1ec1u ch\u1ec9nh l\u01b0u l\u01b0\u1ee3ng m\u00f4i ch\u1ea5t l\u1ea1nh bi\u1ebfn \u0111\u1ed5i \u0111\u01b0\u1ee3c ph\u00e1t tri\u1ec3n b\u1edfi LG. C\u1ee5c n\u00f3ng \u0111i\u1ec1u h\u00f2a l\u00e0 m\u1ed9t trong 2 Modul ch\u00ednh c\u1ee7a \u0111i\u1ec1u h\u00f2a. C\u1ee5c n\u00f3ng \u0111\u01b0\u1ee3c l\u1eafp \u0111\u1eb7t b\u00ean ngo\u00e0i nh\u00e0 \u0111\u1ec3 x\u1ea3 nhi\u1ec7t ra m\u00f4i tr\u01b0\u1eddng. M\u1ed9t c\u00e1ch c\u01a1 b\u1ea3n l\u00e0 t\u00e1c d\u1ee5ng c\u1ee7a c\u1ee5c n\u00f3ng \u0111i\u1ec1u h\u00f2a l\u00e0 x\u1ea3 nhi\u1ec7t ra m\u00f4i tr\u01b0\u1eddng ngo\u00e0i sau khi m\u00f4i ch\u1ea5t l\u1ea1nh \u0111\u00e3 h\u1ea5p th\u1ee5 nhi\u1ec7t \u0111\u1ed9 t\u1eeb c\u1ee5c l\u1ea1nh.<\/p>\n<p>K\u1ec3 t\u1eeb th\u1eddi \u0111i\u1ec3m LG ra m\u1eaft th\u1ecb tr\u01b0\u1eddng kh\u00f4ng kh\u00ed \u0111i\u1ec1u h\u00f2a d\u00e2n d\u1ee5ng \u0111\u1ea7u ti\u00ean c\u1ee7a H\u00e0n Qu\u1ed1c v\u00e0o nh\u1eefng n\u0103m 1968. C\u00f4ng ty \u0111\u00e3 l\u00e0m vi\u1ec7c li\u00ean t\u1ee5c, t\u0103ng c\u01b0\u1eddng \u0111\u1ed5i m\u1edbi c\u00f4ng ngh\u1ec7 v\u00e0 \u0111\u1ed9 tin c\u1eady c\u1ee7a n\u00f3. Nh\u01b0 m\u1ed9t k\u1ebft qu\u1ea3 c\u1ee7a s\u1ef1 c\u1ea3i ti\u1ebfn b\u1ec1n v\u1eefng, LG\u00a0<a href=\"https:\/\/dieuhoatong.com\/san-pham\/dan-nong-dieu-hoa-trung-tam-1-chieu-daikin-vrv-a-rxq54amym-512-000btu\/\">VRV<\/a>\u00a0\u0111\u00e3 ra m\u1eaft th\u1ebf h\u1ec7 MULTI 5 v\u00e0o n\u0103m 2006 v\u00e0 \u0111\u1ea1t \u0111\u01b0\u1ee3c nhi\u1ec1u th\u00e0nh t\u1ef1u \u0111\u00e1ng k\u1ec3. C\u00f9ng kh\u00e1m ph\u00e1 c\u00f9ng v\u1edbi\u00a0<a href=\"http:\/\/dieuhoatong.com\/\"><strong><em>\u0110i\u1ec1u H\u00f2a T\u1ed5ng<\/em><\/strong><\/a>\u00a0ch\u00fang t\u00f4i ngay sau \u0111\u00e2y.<\/p>\n<h3>1. C\u1ea5u t\u1ea1o c\u1ee7a d\u00e0n n\u00f3ng \u0111i\u1ec1u h\u00f2a trung t\u00e2m LG<\/h3>\n<p>Trong c\u1ee5c n\u00f3ng c\u1ee7a \u0111i\u1ec1u h\u00f2a c\u00f3 m\u1ed9t s\u1ed1 b\u1ed9 ph\u1eadn ch\u00ednh nh\u01b0:\u00a0<a href=\"https:\/\/dieuhoatong.com\/san-pham\/dan-nong-dieu-hoa-trung-tam-daikin-vrv-iv-w-rweyq10tym-95-500btu\/\">D\u00e0n n\u00f3ng \u0111i\u1ec1u h\u00f2a<\/a>, m\u00e1y n\u00e9n, qu\u1ea1t d\u00e0n n\u00f3ng, van ti\u1ebft l\u01b0u, t\u1ee5 \u0111i\u1ec7n \u0111i\u1ec1u h\u00f2a v\u00e0 m\u1ed9t s\u1ed1 b\u1ed9 ph\u1eadn kh\u00e1c. Trong \u0111\u00f3 d\u00e0n n\u00f3ng \u0111i\u1ec1u h\u00f2a ( d\u00e0n l\u00e1 nh\u00f4m \u0111an xen \u1ed1ng \u0111\u1ed3ng ) d\u1eabn nhi\u1ec7t t\u1eeb m\u00f4i ch\u1ea5t \u0111\u1ec3 qu\u1ea1t d\u00e0n n\u00f3ng th\u1ed5i xuy\u00ean qua l\u00e0m m\u00e1t. L\u1ed1c \u0111i\u1ec1u h\u00f2a c\u00f3 t\u00e1c d\u1ee5ng n\u00e9n gas t\u1eeb kh\u00ed sang l\u1ecfng \u0111\u1ea9y qua d\u00e0n n\u00f3ng \u0111\u1ec3 t\u1ea3n nhi\u1ec7t, van ti\u1ebft l\u01b0u gi\u1ea3m \u00e1p gas l\u1ecfng \u0111\u1ec3 h\u1ea5p th\u1ee5 nhi\u1ec7t t\u1ea1i d\u00e0n l\u1ea1nh.<\/p>\n<h3>2. L\u1ee3i \u00edch c\u1ee7a LG Multi V5 \u2013 60HP 2 chi\u1ec1u<\/h3>\n<figure id=\"attachment_1287\" class=\"wp-caption aligncenter\" aria-describedby=\"caption-attachment-1287\"><a href=\"https:\/\/dieuhoatong.com\/wp-content\/uploads\/2022\/04\/Moi-nhat.png\"><img loading=\"lazy\" decoding=\"async\" class=\"size-full wp-image-1287\" src=\"https:\/\/dieuhoatong.com\/wp-content\/uploads\/2022\/04\/Moi-nhat.png\" alt=\"L\u1ee3i \u00edch khi s\u1eed d\u1ee5ng d\u00e0n n\u00f3ng LG\" width=\"600\" height=\"417\" \/><\/a><figcaption id=\"caption-attachment-1287\" class=\"wp-caption-text\">L\u1ee3i \u00edch khi s\u1eed d\u1ee5ng d\u00e0n n\u00f3ng LG<\/figcaption><\/figure>\n<h4>Ch\u1ee7 s\u1edf h\u1eefu t\u00f2a nh\u00e0:<\/h4>\n<ul>\n<li>Qu\u1ea3n l\u00fd hi\u1ec7u qu\u1ea3, gi\u1ea3m chi ph\u00ed. ( Chu\u1ea9n \u0111o\u00e1n ph\u00e1t hi\u1ec7n l\u1ed7i cho ph\u00e9p b\u1ea3o tr\u00ec d\u1ec5 d\u00e0ng. Kh\u00f4ng c\u1ea7n th\u00eam nh\u00e2n l\u1ef1c cho vi\u1ec7c th\u01b0\u1eddng xuy\u00ean b\u1ea3o tr\u00ec. H\u1ec7 th\u1ed1ng \u0111i\u1ec1u khi\u1ec3n \u0111a d\u1ea1ng, chi ph\u00ed b\u1ea3o tr\u00ec l\u00e0 gi\u1ea3m thi\u1ec3u).<\/li>\n<li>\u0110\u1ed9 tin c\u1eady \u1edf m\u1ecdi giai \u0111o\u1ea1n: ( M\u00e1y n\u00e9n bi\u1ebfn t\u1ea7n t\u1ed1i \u01b0u \u0111\u01b0\u1ee3c ph\u00e1t tri\u1ec3n v\u00e0 s\u1ea3n xu\u1ea5t t\u1ea1i H\u00e0n Qu\u1ed1c. V\u00e2y \u0111en \u0111\u1ea1i d\u01b0\u01a1ng ch\u1ed1ng \u0103n m\u00f2ng cho m\u00f4i tr\u01b0\u1eddng kh\u1eafc nghi\u1ec7t. Qu\u1ea3n l\u00fd d\u1ea7u th\u00f4ng minh, c\u00e2n b\u1eb1ng d\u1ea7u v\u00e0 d\u1ea7u ho\u1ea1t \u0111\u1ed9ng tr\u1edf l\u1ea1i, gi\u1ea3m h\u01b0 h\u1ecfng m\u00e1y n\u00e9n).<\/li>\n<li>Gi\u1ea3i ph\u00e1p v\u00e0 ti\u1ec7n nghi t\u00f9y ch\u1ec9nh: T\u00f9y tr\u1ecdn t\u01b0\u01a1ng th\u1ee9c gi\u1eefa b\u01a1m nhi\u1ec7t v\u00e0 nhi\u1ec7t h\u1ec7 th\u1ed1ng ph\u1ee5c h\u1ed9i l\u00e0 c\u00f3 th\u1ec3.<\/li>\n<\/ul>\n<h4>Nh\u00e0 ph\u00e1t tri\u1ec3n v\u00e0 C\u00f4ng ty x\u00e2y d\u1ef1ng:<\/h4>\n<ul>\n<li>Gi\u1ea3i ph\u00e1p xanh: ( \u0110\u01b0\u1ee3c t\u1ed1i \u01b0u h\u00f3a cho ch\u1ee9ng nh\u1eadn LEED \/ BREEAM. Gi\u1ea3i ph\u00e1p n\u0103ng l\u01b0\u1ee3ng t\u00e1i t\u1ea1o \u0111\u01b0\u1ee3c cung c\u1ea5p th\u00f4ng qua \u1ee9ng d\u1ee5ng \u0111\u1ecba nhi\u1ec7t )<\/li>\n<li>T\u1ed1i \u0111a h\u00f3a vi\u1ec7c s\u1eed d\u1ee5ng kh\u00f4ng gian: Dung l\u01b0\u1ee3ng l\u1edbn trong k\u00edch th\u01b0\u1edbc nh\u1ecf g\u1ecdn gi\u00fap t\u0103ng c\u01b0\u1eddng kh\u00f4ng gian s\u1eed d\u1ee5ng.<\/li>\n<li>Gi\u1ea3i ph\u00e1p t\u00f2a nh\u00e0 th\u00f4ng minh: ( T\u00edch h\u1ee3p li\u1ec1n m\u1ea1ch v\u1edbi t\u00f2a nh\u00e0 hi\u1ec7n t\u1ea1i h\u1ec7 th\u1ed1ng qu\u1ea3n l\u00fd. \u0110i\u1ec1u khi\u1ec3n Wi-Fi kh\u1ea3 d\u1ee5ng m\u1ecdi l\u00fac m\u1ecdi n\u01a1i. Qu\u1ea3n l\u00fd v\u00e0 ki\u1ec3m so\u00e1t n\u0103ng l\u01b0\u1ee3ng theo s\u1eed d\u1ee5ng v\u00e0 l\u1eadp k\u1ebf ho\u1eb7c c\u00f3 th\u1ec3 th\u1ef1c hi\u1ec7n \u0111\u01b0\u1ee3c v\u1edbi gi\u1ea3i ph\u00e1p ki\u1ec3m so\u00e1t.<\/li>\n<\/ul>\n<h4>L\u1ee3i \u00edch cho chuy\u00ean gia t\u01b0 v\u1ea5n:<\/h4>\n<ul>\n<li>Gi\u1ea3i ph\u00e1p \u0111a n\u0103ng: L\u00e0m m\u00e1t b\u1eb1ng kh\u00f4ng kh\u00ed, l\u00e0m m\u00e1t b\u1eb1ng n\u01b0\u1edbc, s\u01b0\u1edfi \u1ea5m v\u00e0 \u0111i\u1ec1u khi\u1ec3n b\u1eb1ng kh\u00f4ng kh\u00ed.<\/li>\n<li>H\u1ed7 tr\u1ee3 thi\u1ebft k\u1ebf chuy\u00ean nghi\u1ec7p: Lats ( Gi\u1ea3i ph\u00e1p k\u1ef9 thu\u1eadt m\u00e1y l\u1ea1nh LG ) cho \u01b0\u1edbc t\u00ednh v\u1edbi n\u0103ng l\u01b0\u1ee3ng d\u1ef1 th\u1ea3o. L\u1ef1a ch\u1ecdn m\u00f4 h\u00ecnh, HVAC thi\u1ebft k\u1ebf v\u00e0 thi\u1ebft k\u1ebf 3D. Ph\u00e2n t\u00edch CDF \u0111\u1ec3 \u0111\u1ea3m b\u1ea3o cho c\u00e1c gi\u1ea3i ph\u00e1p ph\u00f9 h\u1ee3p v\u00e0 ng\u0103n ng\u1eeba tr\u1ee5c tr\u1eb7c. M\u00f4 ph\u1ecfng n\u0103ng l\u01b0\u1ee3ng \u0111\u01b0\u1ee3c cung c\u1ea5p \u0111\u1ec3 t\u00ecm ra ph\u01b0\u01a1ng ph\u00e1p t\u1ed1i \u01b0u.<\/li>\n<li>S\u1ef1 thu\u1eadn ti\u1ec7n \u0111\u01b0\u1ee3c t\u1ed1i \u01b0u h\u00f3a v\u1edbi thi\u1ebft k\u1ebf HVAC: Quy tr\u00ecnh thi\u1ebft k\u1ebf HVAC, m\u00f4i tr\u01b0\u1eddng \u0111a d\u1ea1ng, \u0111i\u1ec1u ki\u1ec7n thi\u1ebft k\u1ebf v\u00e0 x\u00e2y d\u1ef1ng \u1ee9ng d\u1ee5ng.<\/li>\n<\/ul>\n<h4>L\u1ee3i \u00edch cho ng\u01b0\u1eddi s\u1eed d\u1ee5ng:<\/h4>\n<ul>\n<li>Ho\u1ea1t \u0111\u1ed9ng ti\u1ebft ki\u1ec7m chi ph\u00ed: Hi\u1ec7u qu\u1ea3 cao \u0111\u01b0\u1ee3c \u0111\u1ea3m b\u1ea3o trong su\u1ed1t qu\u00e1 tr\u00ecnh ho\u1ea1t \u0111\u1ed9ng c\u1ee7a d\u00e0n n\u00f3ng \u0111i\u1ec1u h\u00f2a trung t\u00e2m LG Multi V5 \u2013 60HP 2 chi\u1ec1u ARUN600LTE5.<\/li>\n<li>L\u00e0m m\u00e1t v\u00e0 s\u01b0\u1edfi \u1ea5m tho\u1ea3i m\u00e1i: Ki\u1ec3m so\u00e1t t\u1ea3i th\u00f4ng minh t\u1ed1i \u0111a h\u00f3a m\u1ee9c \u0111\u1ed9 tho\u1ea3i m\u00e1i trong nh\u00e0. \u0110i\u1ec1u khi\u1ec3n c\u1ea3m bi\u1ebfn k\u00e9p mang l\u1ea1i c\u1ea3m gi\u00e1c d\u1ec5 ch\u1ecbu v\u00e0 m\u00f4i tr\u01b0\u1eddng l\u00e0m m\u00e1t v\u00e0 s\u01b0\u1edfi \u1ea5m tho\u1ea3i m\u00e1i. Th\u1eddi gian s\u01b0\u1edfi \u1ea5m li\u00ean t\u1ee5c l\u00e0 11%.<\/li>\n<li>Ch\u1ee9c n\u0103ng thu\u1eadn ti\u1ec7n: Ho\u1ea1t \u0111\u1ed9ng \u00edt ti\u1ebfng \u1ed3n, mang l\u1ea1i c\u1ea3m gi\u00e1c d\u1ec5 ch\u1ecbu cho ng\u01b0\u1eddi d\u00f9ng.<\/li>\n<\/ul>\n<h3>3. \u1ee8ng d\u1ee5ng th\u1ef1c ti\u1ec5n<\/h3>\n<figure id=\"attachment_1284\" class=\"wp-caption aligncenter\" aria-describedby=\"caption-attachment-1284\"><a href=\"https:\/\/dieuhoatong.com\/wp-content\/uploads\/2022\/04\/50.png\"><img loading=\"lazy\" decoding=\"async\" class=\"size-full wp-image-1284\" src=\"https:\/\/dieuhoatong.com\/wp-content\/uploads\/2022\/04\/50.png\" alt=\"\u1ee8ng d\u1ee5ng th\u1ef1c ti\u1ec5n\" width=\"500\" height=\"700\" \/><\/a><\/figure>\n<h2>II. T\u00ednh n\u0103ng ch\u00ednh d\u00e0n n\u00f3ng LG Multi V5 \u2013 60HP 2 chi\u1ec1u ARUN600LTE5<\/h2>\n<h3>1. Ch\u1ed1ng \u0103n m\u00f2n v\u00e2y \u0111en<\/h3>\n<figure id=\"attachment_1281\" class=\"wp-caption aligncenter\" aria-describedby=\"caption-attachment-1281\"><a href=\"https:\/\/dieuhoatong.com\/wp-content\/uploads\/2022\/04\/Muti-v5-2.png\"><img loading=\"lazy\" decoding=\"async\" class=\"size-full wp-image-1281\" src=\"https:\/\/dieuhoatong.com\/wp-content\/uploads\/2022\/04\/Muti-v5-2.png\" alt=\"Ch\u1ed1ng \u0103n m\u00f2n v\u00e2y \u0111en\" width=\"476\" height=\"240\" \/><\/a><figcaption id=\"caption-attachment-1281\" class=\"wp-caption-text\">Ch\u1ed1ng \u0103n m\u00f2n v\u00e2y \u0111en<\/figcaption><\/figure>\n<p>L\u1edbp ph\u1ee7 m\u00e0u \u0111en v\u1edbi nh\u1ef1a Epoxy t\u0103ng c\u01b0\u1eddng \u0111\u01b0\u1ee3c \u00e1p d\u1ee5ng tr\u00ean nhi\u1ec7t b\u1ed9 trao \u0111\u1ed5i. \u0110\u1ec3 b\u1ea3o v\u1ec7 m\u1ea1nh m\u1ebd kh\u1ecfi c\u00e1c ch\u1ea5t \u0103n m\u00f2n kh\u00e1c nhau. B\u00ean ngo\u00e0i c\u00e1c \u0111i\u1ec1u ki\u1ec7n nh\u01b0 \u00f4 nhi\u1ec5m mu\u1ed1i v\u00e0 \u00f4 nhi\u1ec5m kh\u00f4ng kh\u00ed. H\u01a1n n\u1eefa, m\u00e0ng \u01b0a n\u01b0\u1edbc gi\u1eef cho n\u01b0\u1edbc kh\u00f4ng b\u1ecb t\u00edch t\u1ee5 tr\u00ean v\u00e2y c\u1ee7a b\u1ed9 trao \u0111\u1ed5i nhi\u1ec7t. Gi\u1ea3m thi\u1ec3u s\u1ef1 t\u00edch t\u1ee5 h\u01a1i \u1ea9m v\u00e0 cu\u1ed1i c\u00f9ng l\u00e0m cho n\u00f3 th\u1eadm ch\u00ed c\u00f2n ch\u1ed1ng \u0103n m\u00f2n t\u1ed1t h\u01a1n.<\/p>\n<p>Gi\u1ea3i ph\u00e1p ch\u1ed1ng ch\u1ed1ng \u0103n m\u00f2n LG \u0111\u1ea1t ti\u00eau chu\u1ea9n IOS 9227:2017 ASTM B117. Th\u1eed nghi\u1ec7m \u0103n c\u1ea5p t\u1ed1c \u0111\u01b0\u1ee3c th\u1ef1c hi\u1ec7n b\u1edfi m\u1ed9t t\u1ed5 ch\u1ee9c th\u1eed nghi\u1ec7m \u0111\u1ed9c l\u1eadp. V\u00e0 k\u1ebft qu\u1ea3 \u0111\u00e3 \u0111\u01b0\u1ee3c ch\u1ee9ng nh\u1eadn uy tin to\u00e0n c\u1ea7u. \u0110\u00e2y l\u00e0 m\u1ed9t s\u1ef1 c\u1ea3i thi\u1ec7n \u0111\u00e1ng k\u1ec3 v\u1ec1 \u0111\u1ed9 b\u1ec1n. Gi\u00fap k\u00e9o d\u00e0i tu\u1ed5i th\u1ecd c\u1ee7a s\u1ea3n ph\u1ea9m v\u00e0 gi\u1ea3m c\u1ea3 hai chi ph\u00ed v\u1eadn h\u00e0nh v\u00e0 b\u1ea3o tr\u00ec.<\/p>\n<h3>2. Qu\u1ea1t ph\u1ecfng sinh h\u1ecdc<\/h3>\n<figure id=\"attachment_1282\" class=\"wp-caption aligncenter\" aria-describedby=\"caption-attachment-1282\"><a href=\"https:\/\/dieuhoatong.com\/wp-content\/uploads\/2022\/04\/Quat-phong-sinh-hoc-1.png\"><img loading=\"lazy\" decoding=\"async\" class=\"size-full wp-image-1282\" src=\"https:\/\/dieuhoatong.com\/wp-content\/uploads\/2022\/04\/Quat-phong-sinh-hoc-1.png\" alt=\"Qu\u1ea1t ph\u1ecfng sinh h\u1ecdc\" width=\"441\" height=\"255\" \/><\/a><figcaption id=\"caption-attachment-1282\" class=\"wp-caption-text\">Qu\u1ea1t ph\u1ecfng sinh h\u1ecdc<\/figcaption><\/figure>\n<p>Qu\u1ea1t trong d\u00e0n n\u00f3ng c\u1ee7a d\u00e0n n\u00f3ng LG Multi V5 \u2013 60HP 2 chi\u1ec1u ARUN600LTE5 \u0111\u00e3 \u0111\u01b0\u1ee3c n\u00e2ng c\u1ea5p v\u1ec1 t\u00ednh n\u0103ng. M\u1ed9t m\u00f4 h\u00ecnh moire t\u01b0\u01a1ng t\u1ef1 nh\u01b0 m\u00f4 h\u00ecnh b\u00ean ngo\u00e0i c\u1ee7a v\u1ecf s\u00f2 gi\u00fap gi\u1ea3m ti\u1ebfng \u1ed3n. \u0110\u1ed3ng th\u1eddi, kh\u00f4ng gi\u1ed1ng nh\u01b0 nh\u1eefng chi\u1ebfc qu\u1ea1t \u0111\u00e3 \u0111\u01b0\u1ee3c l\u1eafp \u0111\u1eb7t tr\u01b0\u1edbc \u0111\u00f3. C\u00e1c s\u1ea3n ph\u1ea9m t\u1ea1o ra s\u1ef1 ph\u00e2n t\u00e1ch d\u00f2ng ch\u1ea3y do kh\u00f4ng c\u00f3 c\u00e1c h\u1ea1t lao, thi\u1ebft k\u1ebf l\u01b0ng g\u1eadp gh\u1ec1nh. L\u1ea5y c\u1ea3m h\u1ee9ng t\u1eeb nh\u1eefng v\u1ebft s\u01b0ng tr\u00ean l\u01b0ng g\u00f9 t\u1ea5m l\u1eadt c\u1ee7a c\u00e1 voi \u0111\u01b0\u1ee3c \u00e1p d\u1ee5ng nh\u01b0 c\u00e1c n\u1ed1t s\u1ea7n \u1edf m\u1eb7t sau c\u1ee7a c\u00e1c qu\u1ea1t. T\u0103ng n\u0103ng l\u01b0\u1ee3ng gi\u00f3 b\u1eb1ng c\u00e1ch gi\u1ea3m hi\u1ec7n t\u01b0\u1ee3ng bong tr\u00f3c.<\/p>\n<p>Ngo\u00e0i ph\u1ecfng sinh h\u1ecdc qu\u1ea1t d\u1ef1a tr\u00ean c\u00f4ng ngh\u1ec7, t\u1ea5m che m\u1edf r\u1ed9ng c\u1ee7a MULTI V 5. Cho ph\u00e9p \u00e1p su\u1ea5t t\u0129nh v\u00e0 gi\u00fap qu\u1ea1t th\u1ed5i l\u01b0\u1ee3ng kh\u00f4ng kh\u00ed cao h\u01a1n \u0111\u1ec3 \u0111\u1ea1t hi\u1ec7u qu\u1ea3 ho\u1ea1t \u0111\u1ed9ng. V\u1edbi \u0111\u01b0\u1eddng d\u1eabn kh\u00f4ng kh\u00ed r\u1ed9ng h\u01a1n, d\u00f2ng kh\u00ed th\u1ea3i ra \u0111\u01b0\u1ee3c \u1ed5n \u0111\u1ecbnh v\u00e0 \u0111\u1ed9 \u1ed3n gi\u1ea3m.<\/p>\n<p>D\u1ef1a tr\u00ean c\u00f4ng ngh\u1ec7 ph\u1ecfng sinh h\u1ecdc, c\u00e1c qu\u1ea1t c\u1ee7a MULTI V5. L\u00e0m t\u0103ng kh\u00f4ng kh\u00ed t\u1ed1c \u0111\u1ed9 d\u00f2ng ch\u1ea3y 10% so v\u1edbi m\u00f4 h\u00ecnh tr\u01b0\u1edbc \u0111\u00f3. V\u00e0 gi\u1ea3m s\u1ee9c m\u1ea1nh c\u1ee7a n\u00f3 ti\u00eau th\u1ee5 l\u00ean \u0111\u1ebfn 20%. Khi so s\u00e1nh thi\u1ebft k\u1ebf c\u00e1nh qu\u1ea1t tr\u00ean DA V IV. \u0110i\u1ec1u n\u00e0y cu\u1ed1i c\u00f9ng d\u1eabn \u0111\u1ebfn hi\u1ec7u su\u1ea5t t\u1ed1i \u0111a v\u1edbi c\u00f4ng su\u1ea5t l\u1edbn.<\/p>\n<h3>3. Ho\u1ea1t \u0111\u1ed9ng \u00edt ti\u1ebfng \u1ed3n<\/h3>\n<figure id=\"attachment_1276\" class=\"wp-caption aligncenter\" aria-describedby=\"caption-attachment-1276\"><a href=\"https:\/\/dieuhoatong.com\/wp-content\/uploads\/2022\/04\/Hoat-dong-bot.png\"><img loading=\"lazy\" decoding=\"async\" class=\"size-full wp-image-1276\" src=\"https:\/\/dieuhoatong.com\/wp-content\/uploads\/2022\/04\/Hoat-dong-bot.png\" alt=\"Ho\u1ea1t \u0111\u1ed9ng b\u1edbt ti\u1ebfng \u1ed3n\" width=\"600\" height=\"400\" \/><\/a><figcaption id=\"caption-attachment-1276\" class=\"wp-caption-text\">Ho\u1ea1t \u0111\u1ed9ng b\u1edbt ti\u1ebfng \u1ed3n<\/figcaption><\/figure>\n<p>Kh\u00f4ng gi\u1ed1ng nh\u01b0 m\u00f4 h\u00ecnh tr\u01b0\u1edbc \u0111\u00f3 cho ph\u00e9p ho\u1ea1t \u0111\u1ed9ng v\u1edbi ti\u1ebfng \u1ed3n th\u1ea5p ch\u1ec9 v\u00e0o ban \u0111\u00eam sau th\u1eddi gian ph\u00e1n x\u00e9t. Ho\u1ea1t \u0111\u1ed9ng \u00edt ti\u1ebfng \u1ed3n c\u1ee7a MULTI V 5 c\u00f3 th\u1ec3 ho\u1ea1t \u0111\u1ed9ng b\u1ea5t k\u1ec3 th\u1eddi gian nh\u1ea1y c\u1ea3m v\u1edbi ti\u1ebfng \u1ed3n khu v\u1ef1c. Khi s\u1eed d\u1ee5ng, t\u1ed1c \u0111\u1ed9 c\u1ee7a qu\u1ea1t d\u00e0n n\u00f3ng b\u1ecb h\u1ea1n ch\u1ebf trong qu\u00e1 tr\u00ecnh ho\u1ea1t \u0111\u1ed9ng b\u00ecnh th\u01b0\u1eddng.<\/p>\n<h3>4. Ch\u1ea1y th\u1eed nghi\u1ec7m \u0111\u01a1n gi\u1ea3n qua LGMV<\/h3>\n<figure id=\"attachment_1283\" class=\"wp-caption aligncenter\" aria-describedby=\"caption-attachment-1283\"><a href=\"https:\/\/dieuhoatong.com\/wp-content\/uploads\/2022\/04\/Hoat-dong-2.png\"><img loading=\"lazy\" decoding=\"async\" class=\" wp-image-1283\" src=\"https:\/\/dieuhoatong.com\/wp-content\/uploads\/2022\/04\/Hoat-dong-2.png\" alt=\"Ch\u1ea1y th\u1eed nghi\u1ec7m \u0111\u01a1n gi\u1ea3n qua LGMV\" width=\"626\" height=\"401\" \/><\/a><figcaption id=\"caption-attachment-1283\" class=\"wp-caption-text\">Ch\u1ea1y th\u1eed nghi\u1ec7m \u0111\u01a1n gi\u1ea3n qua LGMV<\/figcaption><\/figure>\n<p>\u0110\u1ec3 \u0111\u1ea3m b\u1ea3o r\u1eb1ng s\u1ea3n ph\u1ea9m ho\u1ea1t \u0111\u1ed9ng b\u00ecnh th\u01b0\u1eddng, ti\u1ebfn h\u00e0nh ch\u1ea1y th\u1eed \u0111\u01b0\u1ee3c khuy\u1ebfn kh\u00edch. \u0110\u1ed1i v\u1edbi s\u1ea3n ph\u1ea9m tr\u01b0\u1edbc, k\u1ef9 s\u01b0 chuy\u00ean nghi\u1ec7p nh\u1eadn bi\u1ebft h\u01a1n 40 c\u00e0i \u0111\u1eb7t ch\u1ee9c n\u0103ng kh\u00e1c nhau v\u00e0 h\u01a1n 20 m\u00e3 l\u1ed7i ph\u1ea3i ki\u1ec3m tra c\u00e1c b\u1ed9 ph\u1eadn ch\u00ednh \u0111\u1ec3 \u0111\u1ea3m b\u1ea3o r\u1eb1ng ki\u1ec3m tra \u0111\u00e3 th\u00e0nh c\u00f4ng.<\/p>\n<p>V\u1edbi Mobile LGMV c\u1ee7a MULTI V 5, nhanh ch\u00f3ng v\u00e0 ch\u00ednh x\u00e1c. T\u1ef1 \u0111\u1ed9ng ch\u1ea1y th\u1eed nghi\u1ec7m c\u00f3 th\u1ec3 \u0111\u01b0\u1ee3c th\u1ef1c hi\u1ec7n v\u00e0 tr\u00ecnh c\u00e0i \u0111\u1eb7t chuy\u00ean nghi\u1ec7p ch\u1ea1y ki\u1ec3m tra c\u00f3 th\u1ec3 nh\u1eadn k\u1ebft qu\u1ea3 ki\u1ec3m tra qua email. R\u00fat \u200b\u200bng\u1eafn th\u1eddi gian c\u00e0i \u0111\u1eb7t v\u00e0 t\u0103ng hi\u1ec7u qu\u1ea3 t\u1ed5ng th\u1ec3 trong qu\u00e1 tr\u00ecnh c\u00e0i \u0111\u1eb7t.<\/p>\n<h3>5. Ph\u1ea1m vi ho\u1ea1t \u0111\u1ed9ng r\u1ed9ng h\u01a1n c\u1ee7a d\u00e0n n\u00f3ng LG Multi V5 60HP 2 chi\u1ec1u ARUN600LTE5<\/h3>\n<p>C\u00f3 th\u1ec3 ho\u1ea1t \u0111\u1ed9ng \u1edf c\u00e1c \u0111i\u1ec1u ki\u1ec7n kh\u1eafc nghi\u1ec7t<\/p>\n<figure id=\"attachment_1277\" class=\"wp-caption aligncenter\" aria-describedby=\"caption-attachment-1277\"><a href=\"https:\/\/dieuhoatong.com\/wp-content\/uploads\/2022\/04\/Hoat-dong-1.png\"><img loading=\"lazy\" decoding=\"async\" class=\"size-full wp-image-1277\" src=\"https:\/\/dieuhoatong.com\/wp-content\/uploads\/2022\/04\/Hoat-dong-1.png\" alt=\"C\u00f3 th\u1ec3 ho\u1ea1t \u0111\u1ed9ng t\u1ea1i nhi\u1ec1u n\u01a1i kh\u1eafc nghi\u1ec7t\" width=\"600\" height=\"400\" \/><\/a><figcaption id=\"caption-attachment-1277\" class=\"wp-caption-text\">C\u00f3 th\u1ec3 ho\u1ea1t \u0111\u1ed9ng t\u1ea1i nhi\u1ec1u n\u01a1i kh\u1eafc nghi\u1ec7t<\/figcaption><\/figure>\n<p>V\u1edbi c\u00f4ng ngh\u1ec7 l\u00e0m m\u00e1t bi\u1ebfn t\u1ea7n c\u1ea3i ti\u1ebfn, l\u00e0m m\u00e1t ph\u1ee5 v\u00e0 l\u00e0m m\u00e1t b\u1eb1ng h\u01a1i n\u01b0\u1edbc phun, MULTI V 5 cung c\u1ea5p m\u1ed9t lo\u1ea1t c\u00e1c h\u1ec7 th\u1ed1ng s\u01b0\u1edfi v\u00e0 l\u00e0m m\u00e1t c\u00e1c ho\u1ea1t \u0111\u1ed9ng. N\u00f3 c\u00f3 th\u1ec3 th\u1ef1c hi\u1ec7n c\u00e1c ho\u1ea1t \u0111\u1ed9ng s\u01b0\u1edfi \u1ea5m b\u00ecnh th\u01b0\u1eddng \u1edf nhi\u1ec7t \u0111\u1ed9 th\u1ea5p \u0111\u1ebfn -25 \u00b0 C. Ho\u1ea1t \u0111\u1ed9ng l\u00e0m m\u00e1t ho\u1ea1t \u0111\u1ed9ng \u1edf nhi\u1ec7t \u0111\u1ed9 th\u1ea5p nh\u01b0-15 \u00b0 C ho\u1eb7c cao \u0111\u1ebfn 48 \u00b0 C l\u00e0m cho n\u00f3 tr\u1edf th\u00e0nh m\u1ed9t gi\u1ea3i ph\u00e1p th\u00edch h\u1ee3p cho chuy\u00ean d\u1ee5ng c\u00e1c khu v\u1ef1c nh\u01b0 ph\u00f2ng k\u1ef9 thu\u1eadt. H\u01a1n n\u1eefa, c\u00f4ng ngh\u1ec7 chu tr\u00ecnh c\u1ee7a MULTI V 5 v\u1edbi \u0111\u1ed9 b\u1ec1n n\u00e2ng cao cho ph\u00e9p hi\u1ec7u su\u1ea5t l\u00e0m m\u00e1t t\u1ed1i \u01b0u \u1edf m\u1ee9c cao nhi\u1ec7t \u0111\u1ed9 t\u0103ng l\u00ean \u0111\u1ebfn 48 \u00b0C<\/p>\n","protected":false},"excerpt":{"rendered":"<p>I. M\u00f4 t\u1ea3 d\u00e0n n\u00f3ng \u0111i\u1ec1u h\u00f2a trung t\u00e2m LG Multi V5 \u2013 60HP 2 chi\u1ec1u ARUN600LTE5 D\u00e0n n\u00f3ng LG Multi V5 60HP 2 chi\u1ec1u ARUN600LTE5\u00a0l\u00e0 h\u1ec7 th\u1ed1ng \u0111i\u1ec1u h\u00f2a\u00a0kh\u00f4ng kh\u00ed trung t\u00e2m. D\u00e0nh cho c\u00e1c t\u00f2a nh\u00e0 th\u01b0\u01a1ng m\u1ea1i, \u1ee9ng d\u1ee5ng c\u00f4ng ngh\u1ec7 \u0111i\u1ec1u ch\u1ec9nh l\u01b0u l\u01b0\u1ee3ng m\u00f4i ch\u1ea5t l\u1ea1nh bi\u1ebfn \u0111\u1ed5i \u0111\u01b0\u1ee3c ph\u00e1t&#8230;<\/p>\n","protected":false},"featured_media":1451,"comment_status":"open","ping_status":"closed","template":"","meta":{"wprm-recipe-roundup-name":"","wprm-recipe-roundup-description":""},"product_brand":[],"product_cat":[158],"product_tag":[166],"class_list":{"0":"post-1450","1":"product","2":"type-product","3":"status-publish","4":"has-post-thumbnail","6":"thuong-hieu-lg","7":"product_cat-may-lanh-vrv-vrf","8":"product_tag-bao-hanh-12-thang","10":"first","11":"instock","12":"taxable","13":"shipping-taxable","14":"product-type-simple"},"_links":{"self":[{"href":"https:\/\/maylanhlamhoanglong.com\/index.php?rest_route=\/wp\/v2\/product\/1450","targetHints":{"allow":["GET"]}}],"collection":[{"href":"https:\/\/maylanhlamhoanglong.com\/index.php?rest_route=\/wp\/v2\/product"}],"about":[{"href":"https:\/\/maylanhlamhoanglong.com\/index.php?rest_route=\/wp\/v2\/types\/product"}],"replies":[{"embeddable":true,"href":"https:\/\/maylanhlamhoanglong.com\/index.php?rest_route=%2Fwp%2Fv2%2Fcomments&post=1450"}],"wp:featuredmedia":[{"embeddable":true,"href":"https:\/\/maylanhlamhoanglong.com\/index.php?rest_route=\/wp\/v2\/media\/1451"}],"wp:attachment":[{"href":"https:\/\/maylanhlamhoanglong.com\/index.php?rest_route=%2Fwp%2Fv2%2Fmedia&parent=1450"}],"wp:term":[{"taxonomy":"product_brand","embeddable":true,"href":"https:\/\/maylanhlamhoanglong.com\/index.php?rest_route=%2Fwp%2Fv2%2Fproduct_brand&post=1450"},{"taxonomy":"product_cat","embeddable":true,"href":"https:\/\/maylanhlamhoanglong.com\/index.php?rest_route=%2Fwp%2Fv2%2Fproduct_cat&post=1450"},{"taxonomy":"product_tag","embeddable":true,"href":"https:\/\/maylanhlamhoanglong.com\/index.php?rest_route=%2Fwp%2Fv2%2Fproduct_tag&post=1450"}],"curies":[{"name":"wp","href":"https:\/\/api.w.org\/{rel}","templated":true}]}}