{"id":1430,"date":"2025-03-14T13:57:18","date_gmt":"2025-03-14T06:57:18","guid":{"rendered":"https:\/\/maylanhlamhoanglong.com\/?post_type=product&#038;p=1430"},"modified":"2025-03-14T13:57:18","modified_gmt":"2025-03-14T06:57:18","slug":"may-lanh-am-tran-reetech-inverter-5-0-hp-5-ngua-rgtv48h-ca-bt","status":"publish","type":"product","link":"https:\/\/maylanhlamhoanglong.com\/?product=may-lanh-am-tran-reetech-inverter-5-0-hp-5-ngua-rgtv48h-ca-bt","title":{"rendered":"M\u00e1y l\u1ea1nh \u00e2m tr\u1ea7n Reetech Inverter 5.0 HP (5 Ng\u1ef1a) RGTV48H-CA-BT"},"content":{"rendered":"<p><a class=\"img-popup\" title=\"\" href=\"https:\/\/sieuthimaylanh.com\/uploads\/product\/11_2022\/thiet-ke-may-lanh-am-tran-reetech-inverter-2-0hp-rgtv18h-ca-bt-model-2022.webp\" rel=\"gallery\"><img decoding=\"async\" src=\"https:\/\/sieuthimaylanh.com\/uploads\/product\/11_2022\/thiet-ke-may-lanh-am-tran-reetech-inverter-2-0hp-rgtv18h-ca-bt-model-2022.webp\" alt=\"\" \/><\/a><\/p>\n<h2 id=\"\u01afu_\u0111i\u1ec3m_n\u1ed5i_b\u1eadt_c\u1ee7a_m\u00e1y_l\u1ea1nh_\u00e2m_tr\u1ea7n_Reetech_inverter_(5.0Hp)_RGTV48H-CA-BT_model_2022\">\u01afu \u0111i\u1ec3m n\u1ed5i b\u1eadt c\u1ee7a m\u00e1y l\u1ea1nh \u00e2m tr\u1ea7n Reetech inverter (5.0Hp) RGTV48H-CA-BT model 2022<\/h2>\n<p>&#8211;\u00a0<strong>C\u00f4ng ngh\u1ec7 Inverter<\/strong>\u00a0ti\u1ebft ki\u1ec7m \u0111i\u1ec7n n\u0103ng hi\u1ec7u qu\u1ea3.<\/p>\n<p>&#8211;\u00a0<strong>Ti\u1ebft ki\u1ec7m \u0111i\u1ec7n n\u0103ng<\/strong>\u00a0theo ti\u00eau chu\u1ea9n Ch\u00e2u \u00c2u<\/p>\n<p>&#8211;\u00a0<strong>Ph\u00e2n ph\u1ed1i gi\u00f3 360 \u0111\u1ed9\u00a0<\/strong>lan t\u1ecfa lu\u1ed3ng kh\u00ed l\u1ea1nh \u0111\u1ec1u kh\u1eafp ph\u00f2ng.<\/p>\n<p>&#8211;\u00a0<strong>Bo m\u1ea1ch gi\u1ea3i nhi\u1ec7t<\/strong>\u00a0b\u1eb1ng ga l\u1ea1nh hi\u1ec7u su\u1ea5t cao.<\/p>\n<p>&#8211; T\u00edch h\u1ee3p b\u1ed9<strong>\u00a0\u0111i\u1ec1u khi\u1ec3n trung t\u00e2m l\u00ean t\u1edbi 64 d\u00e0n l\u1ea1nh\u00a0<\/strong>ho\u1eb7c<strong>\u00a0b\u1ed9 \u0111i\u1ec1u khi\u1ec3n nh\u00f3m 4 d\u00e0n l\u1ea1nh.<\/strong><\/p>\n<p>&#8211;\u00a0<strong>M\u00e1y n\u00e9n Dual\u00a0<\/strong>c\u00f4ng ngh\u1ec7 inverter v\u1eadn h\u00e0nh \u00eam \u00e1i, b\u1ec1n b\u1ec9.<\/p>\n<p>&#8211; Nhi\u1ec7t \u0111\u1ed9 ho\u1ea1t \u0111\u1ed9ng \u1edf ch\u1ebf \u0111\u1ed9 l\u00e0m l\u1ea1nh \u0111\u01b0\u1ee3c\u00a0<strong>t\u0103ng l\u00ean 50\u02daC<\/strong>. Nhi\u1ec7t \u0111\u1ed9 th\u1ea5p nh\u1ea5t l\u00e0\u00a0<strong>-15\u02daC<\/strong>.<\/p>\n<p>&nbsp;<\/p>\n<h2 id=\"T\u00ednh_n\u0103ng_\u0111\u1eb7c_tr\u01b0ng_c\u1ee7a_m\u00e1y_l\u1ea1nh_\u00e2m_tr\u1ea7n_Reetech_inverter_RGTV48H-CA-BT\">T\u00ednh n\u0103ng \u0111\u1eb7c tr\u01b0ng c\u1ee7a m\u00e1y l\u1ea1nh \u00e2m tr\u1ea7n Reetech inverter RGTV48H-CA-BT<\/h2>\n<p>&#8211; Thi\u1ebft k\u1ebf nh\u1ecf g\u1ecdn, ph\u00f9 h\u1ee3p l\u1eafp kh\u00f4ng gian tr\u1ea7n h\u1eb9p.<\/p>\n<p>&#8211; D\u1ec5 d\u00e0ng l\u1eafp \u0111\u1eb7t, v\u1eadn h\u00e0nh &amp; b\u1ea3o d\u01b0\u1ee1ng.<\/p>\n<p>&#8211; Ch\u1ebf \u0111\u1ed9 l\u00e0m l\u1ea1nh nhanh, ho\u1ea1t \u0111\u1ed9ng t\u1ef1 \u0111\u1ed9ng &amp; \u00eam d\u1ecbu.<\/p>\n<p>&#8211; Ch\u1ed1ng c\u00e1c t\u00e1c nh\u00e2n \u0103n m\u00f2n &amp; ch\u1ecbu \u0111\u01b0\u1ee3c m\u00f4i tr\u01b0\u1eddng v\u00f9ng bi\u1ec3n.<\/p>\n<p>&#8211; C\u00e1nh \u0111\u1ea3o gi\u00f3 t\u1ef1 \u0111\u1ed9ng.<\/p>\n<p>&#8211; T\u1ef1 \u0111\u1ed9ng x\u1ea3 b\u0103ng.<\/p>\n<p>&#8211; H\u1eb9n gi\u1edd ho\u1ea1t \u0111\u1ed9ng &amp; t\u1ef1 \u0111\u1ed9ng kh\u1edfi \u0111\u1ed9ng l\u1ea1i khi c\u00f3 \u0111i\u1ec7n.<\/p>\n<p>&#8211; Ch\u1ee9c n\u0103ng t\u1ef1 ch\u1ea9n \u0111o\u00e1n h\u1ecfng h\u00f3c v\u00e0 t\u1ef1 \u0111\u1ed9ng b\u1ea3o v\u1ec7.<\/p>\n<p>&#8211; 3 t\u1ed1c \u0111\u1ed9 qu\u1ea1t k\u00e8m ch\u1ee9c n\u0103ng t\u1ef1 \u0111\u1ed9ng \u0111i\u1ec1u ch\u1ec9nh.<\/p>\n<p>&#8211; T\u00edch h\u1ee3p b\u01a1m n\u01b0\u1edbc ng\u01b0ng t\u1ee5 &amp; c\u1eeda c\u1ea5p gi\u00f3 t\u01b0\u01a1i.<\/p>\n<p>&#8211; Ch\u1ebf \u0111\u1ed9 l\u00e0m l\u1ea1nh v\u00e0 s\u01b0\u1edfi \u1ea9m (t\u00f9y ch\u1ecdn).<\/p>\n<p>&#8211; Ho\u1ea1t \u0111\u1ed9ng \u00eam \u00e1i kh\u00f4ng g\u00e2y ti\u1ebfng \u1ed3n.<\/p>\n<p>&#8211; Duy tr\u00ec nhi\u1ec7t \u0111\u1ed9 \u1ed5n \u0111\u1ecbnh.<\/p>\n<p>&#8211; M\u00f4i ch\u1ea5t R32 th\u00e2n thi\u1ec7n v\u1edbi m\u00f4i tr\u01b0\u1eddng.<\/p>\n<p>&#8211; S\u1eed d\u1ee5ng \u0111i\u1ec7n 3 pha ph\u00f9 h\u1ee3p cho kinh doanh, s\u1ea3n xu\u1ea5t, kinh doanh d\u1ecbch v\u1ee5, khu c\u00f4ng nghi\u1ec7p.<\/p>\n","protected":false},"excerpt":{"rendered":"<table class=\"table-digitals\">\n<tbody>\n<tr class=\"row-title\">\n<td colspan=\"2\"><strong class=\"row0\">Th\u00f4ng s\u1ed1 k\u1ef9 thu\u1eadt<\/strong><\/td>\n<\/tr>\n<tr class=\"row-item\">\n<td class=\"row0\">Xu\u1ea5t x\u1ee9<\/td>\n<td class=\"row1\">Th\u01b0\u01a1ng hi\u1ec7u : Vi\u1ec7t Nam &#8211; S\u1ea3n xu\u1ea5t t\u1ea1i : Th\u00e1i Lan<\/td>\n<\/tr>\n<tr class=\"row-item\">\n<td class=\"row0\">Lo\u1ea1i Gas l\u1ea1nh<\/td>\n<td class=\"row1\">R410A<\/td>\n<\/tr>\n<tr class=\"row-item\">\n<td class=\"row0\">Lo\u1ea1i m\u00e1y<\/td>\n<td class=\"row1\">Inverter &#8211; Lo\u1ea1i 2 chi\u1ec1u (L\u00e0m l\u1ea1nh \/ S\u01b0\u1edfi \u1ea5m)<\/td>\n<\/tr>\n<tr class=\"row-item\">\n<td class=\"row0\">C\u00f4ng su\u1ea5t l\u00e0m l\u1ea1nh<\/td>\n<td class=\"row1\">5.0 Hp (5.0 Ng\u1ef1a) ~ 48.000 Btu\/h &#8211; 14 kW<\/td>\n<\/tr>\n<tr class=\"row-item\">\n<td class=\"row0\">C\u00f4ng su\u1ea5t s\u01b0\u1edfi \u1ea5m<\/td>\n<td class=\"row1\">15.2 kW<\/td>\n<\/tr>\n<tr class=\"row-item\">\n<td class=\"row0\">S\u1eed d\u1ee5ng cho ph\u00f2ng<\/td>\n<td class=\"row1\">Di\u00ea\u0323n ti\u0301ch 64 &#8211; 67 m\u00b2 ho\u1eb7c 192 &#8211; 201 m\u00b3 kh\u00ed (thi\u0301ch h\u01a1\u0323p cho pho\u0300ng kha\u0301ch, v\u0103n pho\u0300ng)<\/td>\n<\/tr>\n<tr class=\"row-item\">\n<td class=\"row0\">Ngu\u1ed3n \u0111i\u1ec7n (Ph\/V\/Hz)<\/td>\n<td class=\"row1\">3 pha, 380 &#8211; 415V, 50Hz<\/td>\n<\/tr>\n<tr class=\"row-item\">\n<td class=\"row0\">C\u00f4ng su\u1ea5t ti\u00eau th\u1ee5 \u0111i\u1ec7n<\/td>\n<td class=\"row1\">L\u00e0m l\u1ea1nh: 4.85 kW &#8211; S\u01b0\u1edfi \u1ea5m: 4.82 kW<\/td>\n<\/tr>\n<tr class=\"row-item\">\n<td class=\"row0\">K\u00edch th\u01b0\u1edbc \u1ed1ng \u0111\u1ed3ng Gas (mm)<\/td>\n<td class=\"row1\">10\/16<\/td>\n<\/tr>\n<tr class=\"row-item\">\n<td class=\"row0\">Chi\u1ec1u d\u00e0i \u1ed1ng gas t\u1ed1i \u0111a (m)<\/td>\n<td class=\"row1\">50 m<\/td>\n<\/tr>\n<tr class=\"row-item\">\n<td class=\"row0\">Ch\u00eanh l\u1ec7ch \u0111\u1ed9 cao (t\u1ed1i \u0111a) (m)<\/td>\n<td class=\"row1\">20 m<\/td>\n<\/tr>\n<tr class=\"row-title\">\n<td colspan=\"2\"><strong class=\"row0\">D\u00e0n L\u1ea1nh<\/strong><\/td>\n<\/tr>\n<tr class=\"row-item\">\n<td class=\"row0\">Model d\u00e0n l\u1ea1nh<\/td>\n<td class=\"row1\">RGTV48H-CA-BT<\/td>\n<\/tr>\n<tr class=\"row-item\">\n<td class=\"row0\">K\u00edch th\u01b0\u1edbc d\u00e0n l\u1ea1nh (mm)<\/td>\n<td class=\"row1\">84 x 28.5 x 84 cm<\/td>\n<\/tr>\n<tr class=\"row-item\">\n<td class=\"row0\">Tr\u1ecdng l\u01b0\u1ee3ng d\u00e0n l\u1ea1nh (Kg)<\/td>\n<td class=\"row1\">32 Kg<\/td>\n<\/tr>\n<tr class=\"row-title\">\n<td colspan=\"2\"><strong class=\"row0\">M\u1eb7t N\u1ea1<\/strong><\/td>\n<\/tr>\n<tr class=\"row-item\">\n<td class=\"row0\">K\u00edch th\u01b0\u1edbc m\u1eb7t n\u1ea1 (mm)<\/td>\n<td class=\"row1\">95 x 95 x 5 cm<\/td>\n<\/tr>\n<tr class=\"row-title\">\n<td colspan=\"2\"><strong class=\"row0\">D\u00e0n N\u00f3ng<\/strong><\/td>\n<\/tr>\n<tr class=\"row-item\">\n<td class=\"row0\">Model d\u00e0n n\u00f3ng<\/td>\n<td class=\"row1\">RCV48H-CAG-BT<\/td>\n<\/tr>\n<tr class=\"row-item\">\n<td class=\"row0\">K\u00edch th\u01b0\u1edbc d\u00e0n n\u00f3ng (mm)<\/td>\n<td class=\"row1\">101.5 x 143 x 45 cm<\/td>\n<\/tr>\n<tr class=\"row-item\">\n<td class=\"row0\">Tr\u1ecdng l\u01b0\u1ee3ng d\u00e0n n\u00f3ng (Kg)<\/td>\n<td class=\"row1\">109 Kg<\/td>\n<\/tr>\n<\/tbody>\n<\/table>\n","protected":false},"featured_media":1428,"comment_status":"open","ping_status":"closed","template":"","meta":{"wprm-recipe-roundup-name":"","wprm-recipe-roundup-description":""},"product_brand":[],"product_cat":[116],"product_tag":[166],"class_list":{"0":"post-1430","1":"product","2":"type-product","3":"status-publish","4":"has-post-thumbnail","6":"thuong-hieu-reetech","7":"product_cat-may-lanh-am-tran","8":"product_tag-bao-hanh-12-thang","9":"pa_cong-nghe-inverter","10":"pa_cong-suat-lam-lanh-5-0-hp","11":"pa_may-lanh-am-tran-cassette-5-0-hp-5-5-hp","13":"first","14":"instock","15":"sale","16":"taxable","17":"shipping-taxable","18":"purchasable","19":"product-type-simple"},"_links":{"self":[{"href":"https:\/\/maylanhlamhoanglong.com\/index.php?rest_route=\/wp\/v2\/product\/1430","targetHints":{"allow":["GET"]}}],"collection":[{"href":"https:\/\/maylanhlamhoanglong.com\/index.php?rest_route=\/wp\/v2\/product"}],"about":[{"href":"https:\/\/maylanhlamhoanglong.com\/index.php?rest_route=\/wp\/v2\/types\/product"}],"replies":[{"embeddable":true,"href":"https:\/\/maylanhlamhoanglong.com\/index.php?rest_route=%2Fwp%2Fv2%2Fcomments&post=1430"}],"wp:featuredmedia":[{"embeddable":true,"href":"https:\/\/maylanhlamhoanglong.com\/index.php?rest_route=\/wp\/v2\/media\/1428"}],"wp:attachment":[{"href":"https:\/\/maylanhlamhoanglong.com\/index.php?rest_route=%2Fwp%2Fv2%2Fmedia&parent=1430"}],"wp:term":[{"taxonomy":"product_brand","embeddable":true,"href":"https:\/\/maylanhlamhoanglong.com\/index.php?rest_route=%2Fwp%2Fv2%2Fproduct_brand&post=1430"},{"taxonomy":"product_cat","embeddable":true,"href":"https:\/\/maylanhlamhoanglong.com\/index.php?rest_route=%2Fwp%2Fv2%2Fproduct_cat&post=1430"},{"taxonomy":"product_tag","embeddable":true,"href":"https:\/\/maylanhlamhoanglong.com\/index.php?rest_route=%2Fwp%2Fv2%2Fproduct_tag&post=1430"}],"curies":[{"name":"wp","href":"https:\/\/api.w.org\/{rel}","templated":true}]}}