{"id":1411,"date":"2025-03-14T10:12:11","date_gmt":"2025-03-14T03:12:11","guid":{"rendered":"https:\/\/maylanhlamhoanglong.com\/?post_type=product&#038;p=1411"},"modified":"2025-03-14T10:12:11","modified_gmt":"2025-03-14T03:12:11","slug":"may-lanh-treo-tuong-casper-gc-09is35-1-0-hp-1-0-ngua-inverter","status":"publish","type":"product","link":"https:\/\/maylanhlamhoanglong.com\/?product=may-lanh-treo-tuong-casper-gc-09is35-1-0-hp-1-0-ngua-inverter","title":{"rendered":"M\u00e1y l\u1ea1nh treo t\u01b0\u1eddng Casper GC-09IS35 (1.0 HP &#8211; 1.0 Ng\u1ef1a) Inverter"},"content":{"rendered":"<h2 id=\"C\u00f4ng_ngh\u1ec7_n\u1ed5i_b\u1eadt\">C\u00f4ng ngh\u1ec7 n\u1ed5i b\u1eadt<\/h2>\n<h3 id=\"C\u00f4ng_ngh\u1ec7_i-Saving\">C\u00f4ng ngh\u1ec7 i-Saving<\/h3>\n<p><strong>C\u00f4ng ngh\u1ec7 i-Saving\u00a0<\/strong>c\u00f9ng c\u01a1 ch\u1ebf v\u1eadn h\u00e0nh th\u00f4ng minh<strong>,\u00a0<\/strong>gi\u00fap m\u00e1y \u0111i\u1ec1u ch\u1ec9nh nhi\u1ec7t \u0111\u1ed9 c\u00e0i \u0111\u1eb7t theo \u0111\u01b0\u1eddng h\u00ecnh sin thay v\u00ec \u0111\u01b0\u1eddng th\u1eb3ng nh\u01b0 truy\u1ec1n th\u1ed1ng. Khi nhi\u1ec7t \u0111\u1ed9 m\u00f4i tr\u01b0\u1eddng xung quanh \u0111\u1ea1t t\u1edbi nhi\u1ec7t \u0111\u1ed9 c\u00e0i \u0111\u1eb7t, m\u00e1y n\u00e9n s\u1ebd t\u1ef1 \u0111\u1ed9ng gi\u1ea3m t\u1ea7n s\u1ed1 ho\u1ea1t \u0111\u1ed9ng xu\u1ed1ng m\u1ee9c th\u1ea5p nh\u1ea5t, gi\u00fap gi\u1ea3m \u0111i\u1ec7n n\u0103ng ti\u00eau th\u1ee5 xu\u1ed1ng m\u1ee9c t\u1ed1i thi\u1ec3u\u00a0<strong>ch\u1ec9 t\u1eeb 4.000\u0111<\/strong>.<\/p>\n<p><a class=\"img-popup\" title=\"\" href=\"https:\/\/sieuthimaylanh.com\/uploads\/product\/04_2023\/i-saving-may-lanh-casper-inverter-1-5-hp-1-5-ngua-gc-12is35-model-2023.jpg\" rel=\"gallery\"><img decoding=\"async\" src=\"https:\/\/sieuthimaylanh.com\/uploads\/product\/04_2023\/i-saving-may-lanh-casper-inverter-1-5-hp-1-5-ngua-gc-12is35-model-2023.jpg\" alt=\"\" \/><\/a><\/p>\n<h3 id=\"Auto-Clean_-_c\u01a1_ch\u1ebf_t\u1ef1_l\u00e0m_s\u1ea1ch\">Auto-Clean &#8211; c\u01a1 ch\u1ebf t\u1ef1 l\u00e0m s\u1ea1ch<\/h3>\n<p>Khi kh\u1edfi \u0111\u1ed9ng<strong>\u00a0ch\u1ebf \u0111\u1ed9 Auto-clean<\/strong>\u00a0tr\u00ean\u00a0<strong>m\u00e1y l\u1ea1nh Casper GC-09IS35<\/strong>, m\u00e1y l\u1ea1nh s\u1ebd t\u1ef1 \u0111\u1ed9ng k\u00edch ho\u1ea1t ch\u1ebf \u0111\u1ed9 t\u1ef1 l\u00e0m s\u1ea1ch trong v\u00f2ng 20 ph\u00fat v\u1edbi 5 b\u01b0\u1edbc:<\/p>\n<ol>\n<li>\u0110\u00f3ng b\u0103ng.<\/li>\n<li>R\u00e3 b\u0103ng.<\/li>\n<li>Cu\u1ed1n tr\u00f4i.<\/li>\n<li>L\u00e0m n\u00f3ng s\u1ea5y kh\u00f4.<\/li>\n<li>Qu\u1ea1t t\u1ef1 \u0111\u1ed9ng kh\u00f4 h\u01a1i \u1ea9m.<\/li>\n<\/ol>\n<p>Gi\u00fap ng\u0103n ng\u1eeba s\u1ef1 h\u00ecnh th\u00e0nh vi khu\u1ea9n, n\u1ea5m m\u1ed1c trong d\u00e0n l\u1ea1nh, mang \u0111\u1ebfn kh\u00f4ng gian s\u1ed1ng trong l\u00e0nh h\u01a1n.<\/p>\n<h3 id=\"Ch\u1ebf_\u0111\u1ed9_Super_l\u00e0m_l\u1ea1nh_nhanh_ch\u00f3ng\">Ch\u1ebf \u0111\u1ed9 Turbo<\/h3>\n<p>Khi<strong>\u00a0ch\u1ebf \u0111\u1ed9 Turbo<\/strong>\u00a0\u0111\u01b0\u1ee3c k\u00edch ho\u1ea1t,<strong>\u00a0<\/strong>m\u00e1y l\u1ea1nh s\u1ebd s\u1ebd ho\u1ea1t \u0111\u1ed9ng \u1edf c\u1ea5p \u0111\u1ed9 th\u1ed5i gi\u00f3 cao nh\u1ea5t mang \u0111\u1ebfn hi\u1ec7u qu\u1ea3<strong>\u00a0l\u00e0m m\u00e1t r\u1ea5t nhanh<\/strong>\u00a0<strong>ch\u1ec9 trong 30 gi\u00e2<\/strong>y gi\u00fap b\u1ea1n t\u1eadn h\u01b0\u1edfng ngay b\u1ea7u kh\u00f4ng kh\u00ed d\u1ec5 ch\u1ecbu m\u00e1t m\u1ebb.<\/p>\n<p><a class=\"img-popup\" title=\"\" href=\"https:\/\/sieuthimaylanh.com\/uploads\/product\/04_2023\/turbo-may-lanh-casper-inverter-1-5-hp-1-5-ngua-gc-12is35-model-2023.jpg\" rel=\"gallery\"><img decoding=\"async\" src=\"https:\/\/sieuthimaylanh.com\/uploads\/product\/04_2023\/turbo-may-lanh-casper-inverter-1-5-hp-1-5-ngua-gc-12is35-model-2023.jpg\" alt=\"\" \/><\/a><\/p>\n<h3 id=\"C\u1ea3m_Bi\u1ebfn_Th\u00e2n_Nhi\u1ec7t_IFeel\">C\u1ea3m Bi\u1ebfn Th\u00e2n Nhi\u1ec7t IFeel<\/h3>\n<p>Khi k\u00edch ho\u1ea1t ch\u1ee9c n\u0103ng iFeel,\u00a0<strong>m\u00e1y l\u1ea1nh Casper GC-09IS35<\/strong>\u00a0s\u1ebd t\u1ef1 \u0111\u1ed9ng \u0111i\u1ec1u ch\u1ec9nh t\u0103ng ho\u1eb7c gi\u1ea3m nhi\u1ec7t \u0111\u1ed9 c\u00e0i \u0111\u1eb7t d\u1ef1a theo c\u01a1 ch\u1ebf c\u1ea3m \u1ee9ng nhi\u1ec7t th\u00f4ng minh, gi\u00fap \u0111\u1ea3m b\u1ea3o nhi\u1ec7t \u0111\u1ed9 ph\u00f2ng kh\u00f4ng ch\u00eanh l\u1ec7ch v\u1edbi nhi\u1ec7t \u0111\u1ed9 xung quanh c\u01a1 th\u1ec3 ng\u01b0\u1eddi d\u00f9ng, tr\u00e1nh c\u1ea3m l\u1ea1nh.<\/p>\n<h3 id=\"L\u1ecdc_Kh\u00ed_3_Trong_1\">L\u1ecdc Kh\u00ed 3 Trong 1<\/h3>\n<p><strong>M\u00e1y l\u1ea1nh Casper GC-09IS35\u00a0<\/strong>c\u00f2n \u0111\u01b0\u1ee3c trang b\u1ecb\u00a0<strong>t\u1ea5m l\u1ecdc 3 trong 1\u00a0<\/strong>gi\u00fap lo\u1ea1i b\u1ecf c\u00e1c formaldehyde g\u00e2y h\u1ea1i, kh\u1eed m\u00f9i, t\u1ea1o c\u1ea3m gi\u00e1c tho\u1ea3i m\u00e1i cho ng\u01b0\u1eddi s\u1eed d\u1ee5ng:<\/p>\n<p>&#8211; T\u1ea5m l\u1ecdc m\u00e0u \u0111\u1ecf: s\u1eed d\u1ee5ng ch\u1ea5t li\u1ec7u PU polyurethane, t\u1ea1o ch\u1ea5t x\u00fac t\u00e1c, g\u00e2y ra ph\u1ea3n \u1ee9ng ho\u00e1 h\u1ecdc gi\u1eefa c\u00e1c formaldehyde g\u00e2y h\u1ea1i v\u00e0 O2, gi\u00fap ph\u00e2n h\u1ee7y ho\u00e0n to\u00e0n formaldehyde trong kh\u00f4ng kh\u00ed<\/p>\n<p>&#8211; T\u1ea5m l\u1ecdc m\u00e0u \u0111en: T\u1ea5m l\u1ecdc than ho\u1ea1t t\u00ednh gi\u00fap l\u1ecdc c\u00e1c h\u1ea1t b\u1ee5i r\u1ea5t nh\u1ecf v\u00e0 gi\u00fap kh\u1eed m\u00f9i kh\u00f3 ch\u1ecbu trong kh\u00f4ng kh\u00ed.<\/p>\n<p>&#8211; T\u1ea5m l\u1ecdc c\u00f3 m\u00e0u v\u00e0ng: T\u1ea5m l\u1ecdc c\u00f3 ch\u1ee9a Acid ascorbic (Vitamin C) gi\u00fap kh\u00f4ng kh\u00ed \u0111i qua t\u1ea5m l\u1ecdc ph\u00e1t t\u00e1n vitamin C c\u00f9ng lu\u1ed3ng gi\u00f3 \u0111\u01b0a v\u00e0o kh\u00f4ng gian ph\u00f2ng.<\/p>\n<p><a class=\"img-popup\" title=\"\" href=\"https:\/\/sieuthimaylanh.com\/uploads\/product\/04_2023\/loc-khi-may-lanh-casper-inverter-1-5-hp-1-5-ngua-gc-12is35-model-2023.jpg\" rel=\"gallery\"><img decoding=\"async\" src=\"https:\/\/sieuthimaylanh.com\/uploads\/product\/04_2023\/loc-khi-may-lanh-casper-inverter-1-5-hp-1-5-ngua-gc-12is35-model-2023.jpg\" alt=\"\" \/><\/a><\/p>\n<h3 id=\"C\u01a1_ch\u1ebf_v\u1eadn_h\u00e0nh_si\u00eau_t\u0129nh_l\u1eb7ng\">C\u01a1 ch\u1ebf v\u1eadn h\u00e0nh si\u00eau t\u0129nh l\u1eb7ng<\/h3>\n<p>V\u1edbi\u00a0<strong>c\u01a1 ch\u1ebf v\u1eadn h\u00e0nh si\u00eau t\u0129nh l\u1eb7ng<\/strong>, \u0111\u1ed9 \u1ed3n \u0111\u1ed9ng c\u01a1 c\u1ee7a\u00a0<strong>m\u00e1y l\u1ea1nh Casper GC-09IS35<\/strong>\u00a0trong qu\u00e1 tr\u00ecnh v\u1eadn h\u00e0nh \u0111\u01b0\u1ee3c gi\u1ea3m xu\u1ed1ng m\u1ee9c t\u1ed1i \u0111a, \u0111em \u0111\u1ebfn cho ng\u01b0\u1eddi s\u1eed d\u1ee5ng tr\u1ea3i nghi\u1ec7m y\u00ean t\u0129nh, th\u01b0 gi\u00e3n h\u01a1n.<\/p>\n<h2 id=\"D\u00e0n_t\u1ea3n_nhi\u1ec7t_\u0111\u1ed3ng_m\u1ea1_v\u00e0ng\">D\u00e0n t\u1ea3n nhi\u1ec7t \u0111\u1ed3ng m\u1ea1 v\u00e0ng<\/h2>\n<p>D\u00e0n tr\u1ea3n nhi\u1ec7t c\u1ee7a<strong>\u00a0m\u00e1y l\u1ea1nh Casper GC-09IS35<\/strong>\u00a0c\u00f2n \u0111\u01b0\u1ee3c ph\u1ee7 l\u1edbp m\u1ea1 v\u00e0ng gi\u00fap t\u0103ng kh\u1ea3 n\u0103ng ch\u1ecbu \u0111\u1ef1ng c\u00e1c t\u00e1c nh\u00e2n \u0103n m\u00f2n nh\u01b0: N\u01b0\u1edbc mu\u1ed1i, m\u01b0a, c\u00e1c ch\u1ea5t \u0103n m\u00f2n kh\u00e1c\u2026, \u0111\u1ea9y l\u00f9i s\u1ef1 sinh s\u00f4i c\u1ee7a vi khu\u1ea9n v\u00e0 l\u00e0m t\u0103ng hi\u1ec7u n\u0103ng trao \u0111\u1ed5i nhi\u1ec7t c\u0169ng nh\u01b0 tu\u1ed5i th\u1ecd c\u1ee7a s\u1ea3n ph\u1ea9m.<\/p>\n<p><a class=\"img-popup\" title=\"\" href=\"https:\/\/sieuthimaylanh.com\/uploads\/product\/04_2023\/dan-nong-may-lanh-casper-inverter-1-5-hp-1-5-ngua-gc-12is35-model-2023.jpg\" rel=\"gallery\"><img decoding=\"async\" src=\"https:\/\/sieuthimaylanh.com\/uploads\/product\/04_2023\/dan-nong-may-lanh-casper-inverter-1-5-hp-1-5-ngua-gc-12is35-model-2023.jpg\" alt=\"\" \/><\/a><\/p>\n<h2 id=\"M\u00f4i_ch\u1ea5t_l\u1ea1nh_R32\">M\u00f4i ch\u1ea5t l\u1ea1nh R32<\/h2>\n<p><strong>M\u00e1y l\u1ea1nh Casper GC-09IS35<\/strong>\u00a0s\u1eed d\u1ee5ng m\u00f4i ch\u1ea5t l\u1ea1nh R32 &#8211; m\u00f4i ch\u1ea5t l\u1ea1nh th\u1ebf h\u1ec7 m\u1edbi mang l\u1ea1i:<\/p>\n<p>&#8211;\u00a0<strong>C\u00f4ng su\u1ea5t l\u00e0m m\u00e1t cao h\u01a1n v\u00e0 gi\u1ea3m chi ph\u00ed n\u0103ng l\u01b0\u1ee3ng.<\/strong><\/p>\n<p>Ngo\u00e0i ra, m\u00f4i ch\u1ea5t l\u1ea1nh n\u00e0y c\u0169ng kh\u00f4ng ch\u1ee9a ch\u1ea5t g\u00e2y suy gi\u1ea3m t\u1ea7ng Ozone &amp; kh\u00f4ng t\u00e1c \u0111\u1ed9ng nhi\u1ec1u \u0111\u1ebfn t\u00ecnh tr\u1ea1ng n\u00f3ng l\u00ean to\u00e0n c\u1ea7u, do \u0111\u00f3 th\u00e2n thi\u1ec7n v\u1edbi m\u00f4i tr\u01b0\u1eddng.<\/p>\n","protected":false},"excerpt":{"rendered":"<table class=\"table-digitals\">\n<tbody>\n<tr class=\"row-title\">\n<td colspan=\"2\"><strong class=\"row0\">Th\u00f4ng s\u1ed1 k\u1ef9 thu\u1eadt<\/strong><\/td>\n<\/tr>\n<tr class=\"row-item\">\n<td class=\"row0\">Xu\u1ea5t x\u1ee9<\/td>\n<td class=\"row1\">Th\u01b0\u01a1ng hi\u1ec7u: Th\u00e1i Lan &#8211; S\u1ea3n xu\u1ea5t t\u1ea1i: Th\u00e1i Lan<\/td>\n<\/tr>\n<tr class=\"row-item\">\n<td class=\"row0\">Lo\u1ea1i Gas l\u1ea1nh<\/td>\n<td class=\"row1\">R32<\/td>\n<\/tr>\n<tr class=\"row-item\">\n<td class=\"row0\">Lo\u1ea1i m\u00e1y<\/td>\n<td class=\"row1\">Inverter &#8211; Lo\u1ea1i 1 chi\u1ec1u (ch\u1ec9 l\u00e0m l\u1ea1nh)<\/td>\n<\/tr>\n<tr class=\"row-item\">\n<td class=\"row0\">C\u00f4ng su\u1ea5t l\u00e0m l\u1ea1nh<\/td>\n<td class=\"row1\">1.0 HP (1.0 Ng\u1ef1a) &#8211; 9.000 Btu\/h<\/td>\n<\/tr>\n<tr class=\"row-item\">\n<td class=\"row0\">S\u1eed d\u1ee5ng cho ph\u00f2ng<\/td>\n<td class=\"row1\">Di\u1ec7n t\u00edch 12 &#8211; 15 m\u00b2 ho\u1eb7c 36 &#8211; 45 m\u00b3 kh\u00ed (th\u00edch h\u1ee3p cho ph\u00f2ng kh\u00e1ch v\u0103n ph\u00f2ng)<\/td>\n<\/tr>\n<tr class=\"row-item\">\n<td class=\"row0\">Ngu\u1ed3n \u0111i\u1ec7n (Ph\/V\/Hz)<\/td>\n<td class=\"row1\">1 Pha, 220 &#8211; 240V, 50Hz<\/td>\n<\/tr>\n<tr class=\"row-item\">\n<td class=\"row0\">C\u00f4ng su\u1ea5t ti\u00eau th\u1ee5 \u0111i\u1ec7n<\/td>\n<td class=\"row1\">0.87 kW<\/td>\n<\/tr>\n<tr class=\"row-item\">\n<td class=\"row0\">K\u00edch th\u01b0\u1edbc \u1ed1ng \u0111\u1ed3ng Gas (mm)<\/td>\n<td class=\"row1\">6\/10<\/td>\n<\/tr>\n<tr class=\"row-item\">\n<td class=\"row0\">Ch\u00eanh l\u1ec7ch \u0111\u1ed9 cao (t\u1ed1i \u0111a) (m)<\/td>\n<td class=\"row1\">10 m<\/td>\n<\/tr>\n<tr class=\"row-item\">\n<td class=\"row0\">Hi\u1ec7u su\u1ea5t n\u0103ng l\u01b0\u1ee3ng CSPF<\/td>\n<td class=\"row1\">4.59<\/td>\n<\/tr>\n<tr class=\"row-item\">\n<td class=\"row0\">Nh\u00e3n n\u0103ng l\u01b0\u1ee3ng ti\u1ebft ki\u1ec7m \u0111i\u1ec7n<\/td>\n<td class=\"row1\">5 sao<\/td>\n<\/tr>\n<tr class=\"row-title\">\n<td colspan=\"2\"><strong class=\"row0\">D\u00e0n L\u1ea1nh<\/strong><\/td>\n<\/tr>\n<tr class=\"row-item\">\n<td class=\"row0\">K\u00edch th\u01b0\u1edbc d\u00e0n l\u1ea1nh (mm)<\/td>\n<td class=\"row1\">29.1 x 76.3\u00d7 20.2 cm<\/td>\n<\/tr>\n<tr class=\"row-item\">\n<td class=\"row0\">Tr\u1ecdng l\u01b0\u1ee3ng d\u00e0n l\u1ea1nh (Kg)<\/td>\n<td class=\"row1\">8 Kg<\/td>\n<\/tr>\n<tr class=\"row-title\">\n<td colspan=\"2\"><strong class=\"row0\">D\u00e0n N\u00f3ng<\/strong><\/td>\n<\/tr>\n<tr class=\"row-item\">\n<td class=\"row0\">K\u00edch th\u01b0\u1edbc d\u00e0n n\u00f3ng (mm)<\/td>\n<td class=\"row1\">45.5 x 70.3 \u00d7 23.3 cm<\/td>\n<\/tr>\n<tr class=\"row-item\">\n<td class=\"row0\">Tr\u1ecdng l\u01b0\u1ee3ng d\u00e0n n\u00f3ng (Kg)<\/td>\n<td class=\"row1\">17.5 Kg<\/td>\n<\/tr>\n<\/tbody>\n<\/table>\n","protected":false},"featured_media":1412,"comment_status":"open","ping_status":"closed","template":"","meta":{"wprm-recipe-roundup-name":"","wprm-recipe-roundup-description":""},"product_brand":[],"product_cat":[115],"product_tag":[166],"class_list":{"0":"post-1411","1":"product","2":"type-product","3":"status-publish","4":"has-post-thumbnail","6":"thuong-hieu-casper","7":"product_cat-may-lanh-treo-tuong","8":"product_tag-bao-hanh-12-thang","9":"pa_cong-nghe-inverter-cao-cap","10":"pa_cong-suat-lam-lanh-1-hp","11":"pa_may-lanh-treo-tuong-1-0-hp","13":"first","14":"instock","15":"sale","16":"taxable","17":"shipping-taxable","18":"purchasable","19":"product-type-simple"},"_links":{"self":[{"href":"https:\/\/maylanhlamhoanglong.com\/index.php?rest_route=\/wp\/v2\/product\/1411","targetHints":{"allow":["GET"]}}],"collection":[{"href":"https:\/\/maylanhlamhoanglong.com\/index.php?rest_route=\/wp\/v2\/product"}],"about":[{"href":"https:\/\/maylanhlamhoanglong.com\/index.php?rest_route=\/wp\/v2\/types\/product"}],"replies":[{"embeddable":true,"href":"https:\/\/maylanhlamhoanglong.com\/index.php?rest_route=%2Fwp%2Fv2%2Fcomments&post=1411"}],"wp:featuredmedia":[{"embeddable":true,"href":"https:\/\/maylanhlamhoanglong.com\/index.php?rest_route=\/wp\/v2\/media\/1412"}],"wp:attachment":[{"href":"https:\/\/maylanhlamhoanglong.com\/index.php?rest_route=%2Fwp%2Fv2%2Fmedia&parent=1411"}],"wp:term":[{"taxonomy":"product_brand","embeddable":true,"href":"https:\/\/maylanhlamhoanglong.com\/index.php?rest_route=%2Fwp%2Fv2%2Fproduct_brand&post=1411"},{"taxonomy":"product_cat","embeddable":true,"href":"https:\/\/maylanhlamhoanglong.com\/index.php?rest_route=%2Fwp%2Fv2%2Fproduct_cat&post=1411"},{"taxonomy":"product_tag","embeddable":true,"href":"https:\/\/maylanhlamhoanglong.com\/index.php?rest_route=%2Fwp%2Fv2%2Fproduct_tag&post=1411"}],"curies":[{"name":"wp","href":"https:\/\/api.w.org\/{rel}","templated":true}]}}