{"id":1409,"date":"2025-03-14T10:05:51","date_gmt":"2025-03-14T03:05:51","guid":{"rendered":"https:\/\/maylanhlamhoanglong.com\/?post_type=product&#038;p=1409"},"modified":"2025-03-14T10:05:51","modified_gmt":"2025-03-14T03:05:51","slug":"may-lanh-treo-tuong-casper-qc-12is36-1-5-hp-1-5-ngua-inverter","status":"publish","type":"product","link":"https:\/\/maylanhlamhoanglong.com\/?product=may-lanh-treo-tuong-casper-qc-12is36-1-5-hp-1-5-ngua-inverter","title":{"rendered":"M\u00e1y l\u1ea1nh treo t\u01b0\u1eddng Casper QC-12IS36 (1.5 HP &#8211; 1.5 Ng\u1ef1a) Inverter"},"content":{"rendered":"<p>\u0110i\u1ec1u ho\u00e0 inverter EcoPrime mang l\u1ea1i l\u00e0n kh\u00ed m\u1ec1m kh\u00f4ng gi\u00f3 bu\u1ed1t SilkAir n\u00e2ng niu s\u1ee9c kho\u1ebb c\u1ee7a to\u00e0n gia \u0111\u00ecnh. Ti\u1ebft ki\u1ec7m \u0111i\u1ec7n t\u1ed1i \u01b0u ch\u1ec9 t\u1eeb 4.000 \u0111\u1ed3ng\/\u0111\u00eam ( trong \u0111i\u1ec1u ki\u1ec7n th\u1ef1c nghi\u1ec7m l\u00fd t\u01b0\u1edfng c\u1ee7a nh\u00e0 s\u1ea3n xu\u00e2t).<\/p>\n<p><a class=\"img-popup\" title=\"\" href=\"https:\/\/sieuthimaylanh.com\/uploads\/product\/09_2024\/kien_truc.jpg\" rel=\"gallery\"><img decoding=\"async\" src=\"https:\/\/sieuthimaylanh.com\/uploads\/product\/09_2024\/kien_truc.jpg\" alt=\"\" \/><\/a><\/p>\n<p><strong>Ti\u1ec1n \u0111i\u1ec7n ch\u1ec9 t\u1eeb 4,000\u0111\/\u0111\u00eam*<\/strong><\/p>\n<p>M\u00e1y n\u00e9n Advanced Inverter, \u0111\u01b0\u1ee3c v\u1eadn h\u00e0nh th\u00f4ng minh b\u1edfi c\u00f4ng ngh\u1ec7 i-Saving, \u0111i\u1ec1u ch\u1ec9nh nhi\u1ec7t \u0111\u1ed9 c\u00e0i \u0111\u1eb7t theo \u0111\u01b0\u1eddng h\u00ecnh sin thay v\u00ec \u0111\u01b0\u1eddng th\u1eb3ng nh\u01b0 truy\u1ec1n th\u1ed1ng.<br \/>\nKhi nhi\u1ec7t \u0111\u1ed9 m\u00f4i tr\u01b0\u1eddng xung quanh \u0111\u1ea1t t\u1edbi nhi\u1ec7t \u0111\u1ed9 c\u00e0i \u0111\u1eb7t, m\u00e1y n\u00e9n s\u1ebd t\u1ef1 \u0111\u1ed9ng gi\u1ea3m t\u1ea7n s\u1ed1 ho\u1ea1t \u0111\u1ed9ng xu\u1ed1ng m\u1ee9c th\u1ea5p nh\u1ea5t, gi\u00fap gi\u1ea3m \u0111i\u1ec7n n\u0103ng ti\u00eau th\u1ee5 xu\u1ed1ng m\u1ee9c t\u1ed1i thi\u1ec3u.<\/p>\n<p><a class=\"img-popup\" title=\"\" href=\"https:\/\/sieuthimaylanh.com\/uploads\/product\/09_2024\/qc-isave.jpg\" rel=\"gallery\"><img decoding=\"async\" src=\"https:\/\/sieuthimaylanh.com\/uploads\/product\/09_2024\/qc-isave.jpg\" alt=\"\" \/><\/a><\/p>\n<p><strong>Ch\u1ebf \u0111\u1ed9 iSave ti\u1ebft ki\u1ec7m \u0111i\u1ec7n v\u1edbi m\u1ed9t n\u00fat b\u1ea5m<\/strong><\/p>\n<p>Ch\u1ebf \u0111\u1ed9 iSave c\u00f3 th\u1ec3 \u0111\u01b0\u1ee3c k\u00edch ho\u1ea1t ch\u1ec9 v\u1edbi m\u1ed9t n\u00fat b\u1ea5m, \u0111em l\u1ea1i hi\u1ec7u qu\u1ea3 ti\u1ebft ki\u1ec7m \u0111i\u1ec7n t\u1ed1i \u0111a trong qu\u00e1 tr\u00ecnh s\u1eed d\u1ee5ng. Khi \u0111\u01b0\u1ee3c b\u1eadt l\u00ean, thi\u1ebft b\u1ecb t\u1ef1 \u0111\u1ed9ng \u0111\u01b0\u1ee3c \u0111\u01b0a v\u1ec1 c\u00e1c c\u00e0i \u0111\u1eb7t sau:<br \/>\n\u2013 \u0110i\u1ec1u ch\u1ec9nh m\u1ee9c nhi\u1ec7t \u0111\u1ed9 v\u1ec1 28 \u0111\u1ed9 C<br \/>\n\u2013 C\u1eeda gi\u00f3 m\u1edf 90 \u0111\u1ed9 h\u01b0\u1edbng t\u1eeb tr\u00ean xu\u1ed1ng<br \/>\n\u2013 T\u1ed1c \u0111\u1ed9 gi\u00f3 trung b\u00ecnh.<\/p>\n<p>&nbsp;<\/p>\n<p><strong>Kh\u00ed m\u1ec1m SilkAir<\/strong><\/p>\n<p><strong><a class=\"img-popup\" title=\"\" href=\"https:\/\/sieuthimaylanh.com\/uploads\/product\/09_2024\/468x264-EcoPrime.jpg\" rel=\"gallery\"><img decoding=\"async\" src=\"https:\/\/sieuthimaylanh.com\/uploads\/product\/09_2024\/468x264-EcoPrime.jpg\" alt=\"\" \/><\/a><\/strong><\/p>\n<p>T\u00ednh n\u0103ng SilkAir khu\u1ebfch t\u00e1n kh\u00f4ng kh\u00ed m\u00e1t nh\u1eb9 nh\u00e0ng qua h\u00e0ng ng\u00e0n l\u1ed7 kh\u00ed micropores si\u00eau nh\u1ecf gi\u00fap gi\u1ea3m c\u1ea3m gi\u00e1c l\u1ea1nh bu\u1ed1t khi s\u1eed d\u1ee5ng \u0111i\u1ec1u ho\u00e0, \u0111\u1ed3ng th\u1eddi t\u1ed1i \u01b0u \u0111\u1ed9 \u1ed3n khi ho\u1ea1t \u0111\u1ed9ng. Kh\u00ed m\u1ec1m SilkAir \u0111\u00e1p \u1ee9ng \u0111\u01b0\u1ee3c nhu c\u1ea7u s\u1eed d\u1ee5ng cho c\u00e1c gia \u0111\u00ecnh \u0111a th\u1ebf h\u1ec7, \u0111\u1eb7c bi\u1ec7t v\u1edbi nh\u1eefng gia \u0111\u00ecnh c\u00f3 ng\u01b0\u1eddi gi\u00e0 v\u00e0 tr\u1ebb em c\u1ea7n \u01b0u ti\u00ean s\u1ee9c kho\u1ebb h\u00e0ng \u0111\u1ea7u.<\/p>\n<p><strong>BabyCare \u2013 Kh\u1ebd n\u00e2ng gi\u1ea5c b\u00e9<\/strong><\/p>\n<p>Ch\u1ebf \u0111\u1ed9 BabyCare t\u1eadn d\u1ee5ng s\u1ef1 ho\u1ea1t \u0111\u1ed9ng nh\u1eb9 nh\u00e0ng c\u1ee7a SilkAir, duy tr\u00ec kh\u1ea3 n\u0103ng v\u1eadn h\u00e0nh \u00eam \u00e1i v\u00e0 t\u1ea1o lu\u1ed3ng kh\u00ed m\u00e1t \u00eam d\u1ecbu, \u0111\u01b0a tr\u1ebb nh\u1ecf v\u00e0o gi\u1ea5c ng\u1ee7 ngon v\u00e0 th\u1ee9c d\u1eady s\u1ea3ng kho\u00e1i.<\/p>\n<p><a class=\"img-popup\" title=\"\" href=\"https:\/\/sieuthimaylanh.com\/uploads\/product\/09_2024\/baby-care-web.jpg\" rel=\"gallery\"><img decoding=\"async\" src=\"https:\/\/sieuthimaylanh.com\/uploads\/product\/09_2024\/baby-care-web.jpg\" alt=\"\" \/><\/a><\/p>\n<p><strong>Thi\u1ebft k\u1ebf d\u1ec5 d\u00e0ng l\u1eafp \u0111\u1eb7t EasyCare<\/strong><\/p>\n<p>V\u1edbi thi\u1ebft k\u1ebf nguy\u00ean kh\u1ed1i, m\u1eb7t d\u01b0\u1edbi th\u00e1o r\u1eddi, h\u1ea1n ch\u1ebf t\u1ed1i \u0111a c\u00e1c \u1ed1c v\u00edt, \u0111i\u1ec1u ho\u00e0 Casper EcoPrime gi\u00fap th\u1ee3 l\u1eafp \u0111\u1eb7t v\u00e0 k\u1ef9 thu\u1eadt vi\u00ean thao t\u00e1c d\u1ec5 d\u00e0ng h\u01a1n, ti\u1ebft ki\u1ec7m th\u1eddi gian v\u00e0 t\u0103ng hi\u1ec7u su\u1ea5t c\u00f4ng vi\u1ec7c.<br \/>\nB\u00ean c\u1ea1nh \u0111\u00f3, vi\u1ec7c gi\u1ea3m thi\u1ec3u th\u1eddi gian l\u1eafp \u0111\u1eb7t c\u0169ng gi\u00fap Qu\u00fd kh\u00e1ch h\u00e0ng nhanh ch\u00f3ng t\u1eadn h\u01b0\u1edfng s\u1ef1 t\u01b0\u01a1i m\u00e1t gi\u1eefa c\u00e1i h\u00e8 n\u00f3ng b\u1ee9c.<\/p>\n<p><a class=\"img-popup\" title=\"\" href=\"https:\/\/sieuthimaylanh.com\/uploads\/product\/09_2024\/QC-EasyCare.jpg\" rel=\"gallery\"><img decoding=\"async\" src=\"https:\/\/sieuthimaylanh.com\/uploads\/product\/09_2024\/QC-EasyCare.jpg\" alt=\"\" \/><\/a><\/p>\n<p><strong>L\u00e0m l\u1ea1nh nhanh Turbo<\/strong><\/p>\n<p><a class=\"img-popup\" title=\"\" href=\"https:\/\/sieuthimaylanh.com\/uploads\/product\/09_2024\/Ecoprime-Turbo.jpg\" rel=\"gallery\"><img decoding=\"async\" src=\"https:\/\/sieuthimaylanh.com\/uploads\/product\/09_2024\/Ecoprime-Turbo.jpg\" alt=\"\" \/><\/a><\/p>\n<p>K\u00edch ho\u1ea1t ch\u1ebf \u0111\u1ed9 Turbo, \u0111i\u1ec1u h\u00f2a s\u1ebd ho\u1ea1t \u0111\u1ed9ng \u1edf c\u1ea5p \u0111\u1ed9 th\u1ed5i gi\u00f3 cao nh\u1ea5t mang \u0111\u1ebfn hi\u1ec7u qu\u1ea3 l\u00e0m m\u00e1t r\u1ea5t nhanh ch\u1ec9 trong 30 gi\u00e2y gi\u00fap b\u1ea1n t\u1eadn h\u01b0\u1edfng ngay b\u1ea7u kh\u00f4ng kh\u00ed d\u1ec5 ch\u1ecbu m\u00e1t m\u1ebb.<\/p>\n<p><strong>T\u1ef1 l\u00e0m s\u1ea1ch iClean<\/strong><\/p>\n<p>Khi ch\u1ecdn ch\u1ee9c n\u0103ng iClean, ngay l\u1eadp t\u1ee9c \u0111i\u1ec1u h\u00f2a s\u1ebd t\u1ef1 \u0111\u1ed9ng k\u00edch ho\u1ea1t ch\u1ebf \u0111\u1ed9 t\u1ef1 l\u00e0m s\u1ea1ch trong v\u00f2ng 20 ph\u00fat v\u1edbi 5 b\u01b0\u1edbc:<br \/>\n1. \u0110\u00f3ng b\u0103ng<br \/>\n2. R\u00e3 b\u0103ng<br \/>\n3. Cu\u1ed1n tr\u00f4i<br \/>\n4. L\u00e0m n\u00f3ng s\u1ea5y kh\u00f4<br \/>\n5. Qu\u1ea1t t\u1ef1 \u0111\u1ed9ng kh\u00f4 h\u01a1i \u1ea9m<br \/>\ngi\u00fap ng\u0103n ng\u1eeba s\u1ef1 h\u00ecnh th\u00e0nh vi khu\u1ea9n, n\u1ea5m m\u1ed1c trong d\u00e0n l\u1ea1nh, mang \u0111\u1ebfn kh\u00f4ng gian s\u1ed1ng trong l\u00e0nh h\u01a1n.<\/p>\n<p><a class=\"img-popup\" title=\"\" href=\"https:\/\/sieuthimaylanh.com\/uploads\/product\/09_2024\/Ecoprime-I-Clean.jpg\" rel=\"gallery\"><img decoding=\"async\" src=\"https:\/\/sieuthimaylanh.com\/uploads\/product\/09_2024\/Ecoprime-I-Clean.jpg\" alt=\"\" \/><\/a><\/p>\n","protected":false},"excerpt":{"rendered":"<table class=\"table-digitals\">\n<tbody>\n<tr class=\"row-title\">\n<td colspan=\"2\"><strong class=\"row0\">Th\u00f4ng s\u1ed1 k\u1ef9 thu\u1eadt<\/strong><\/td>\n<\/tr>\n<tr class=\"row-item\">\n<td class=\"row0\">Xu\u1ea5t x\u1ee9<\/td>\n<td class=\"row1\">Th\u00e1i Lan<\/td>\n<\/tr>\n<tr class=\"row-item\">\n<td class=\"row0\">Lo\u1ea1i Gas l\u1ea1nh<\/td>\n<td class=\"row1\">R32<\/td>\n<\/tr>\n<tr class=\"row-item\">\n<td class=\"row0\">Lo\u1ea1i m\u00e1y<\/td>\n<td class=\"row1\">Inverter<\/td>\n<\/tr>\n<tr class=\"row-item\">\n<td class=\"row0\">C\u00f4ng su\u1ea5t l\u00e0m l\u1ea1nh<\/td>\n<td class=\"row1\">1.5Hp, 12,200 BTU\/h (2,720 &#8211; 13,600)<\/td>\n<\/tr>\n<tr class=\"row-item\">\n<td class=\"row0\">S\u1eed d\u1ee5ng cho ph\u00f2ng<\/td>\n<td class=\"row1\">d\u01b0\u1edbi 20m2<\/td>\n<\/tr>\n<tr class=\"row-item\">\n<td class=\"row0\">Ngu\u1ed3n \u0111i\u1ec7n (Ph\/V\/Hz)<\/td>\n<td class=\"row1\">1 pha, 220-240V,50Hz<\/td>\n<\/tr>\n<tr class=\"row-item\">\n<td class=\"row0\">C\u00f4ng su\u1ea5t ti\u00eau th\u1ee5 \u0111i\u1ec7n<\/td>\n<td class=\"row1\">1,400 W (400 &#8211; 1,600)<\/td>\n<\/tr>\n<tr class=\"row-item\">\n<td class=\"row0\">K\u00edch th\u01b0\u1edbc \u1ed1ng \u0111\u1ed3ng Gas (mm)<\/td>\n<td class=\"row1\">6.35\/9.52mm<\/td>\n<\/tr>\n<tr class=\"row-item\">\n<td class=\"row0\">Chi\u1ec1u d\u00e0i \u1ed1ng gas t\u1ed1i \u0111a (m)<\/td>\n<td class=\"row1\">20m<\/td>\n<\/tr>\n<tr class=\"row-item\">\n<td class=\"row0\">Ch\u00eanh l\u1ec7ch \u0111\u1ed9 cao (t\u1ed1i \u0111a) (m)<\/td>\n<td class=\"row1\">10m<\/td>\n<\/tr>\n<tr class=\"row-item\">\n<td class=\"row0\">Hi\u1ec7u su\u1ea5t n\u0103ng l\u01b0\u1ee3ng CSPF<\/td>\n<td class=\"row1\">4.21<\/td>\n<\/tr>\n<tr class=\"row-item\">\n<td class=\"row0\">Nh\u00e3n n\u0103ng l\u01b0\u1ee3ng ti\u1ebft ki\u1ec7m \u0111i\u1ec7n<\/td>\n<td class=\"row1\">5 sao<\/td>\n<\/tr>\n<tr class=\"row-item\">\n<td class=\"row0\">T\u00ednh n\u0103ng \u0111\u1eb7c bi\u1ec7t<\/td>\n<td class=\"row1\">BabyCare, iClean, iFeel, iSaving, Kh\u00ed m\u1ec1m SilkAir, L\u00e0m l\u1ea1nh nhanh Turbo, Thi\u1ebft k\u1ebf EasyCare<\/td>\n<\/tr>\n<tr class=\"row-title\">\n<td colspan=\"2\"><strong class=\"row0\">D\u00e0n L\u1ea1nh<\/strong><\/td>\n<\/tr>\n<tr class=\"row-item\">\n<td class=\"row0\">K\u00edch th\u01b0\u1edbc d\u00e0n l\u1ea1nh (mm)<\/td>\n<td class=\"row1\">768 x 200 x 299mm (RxSxC)<\/td>\n<\/tr>\n<tr class=\"row-title\">\n<td colspan=\"2\"><strong class=\"row0\">D\u00e0n N\u00f3ng<\/strong><\/td>\n<\/tr>\n<tr class=\"row-item\">\n<td class=\"row0\">K\u00edch th\u01b0\u1edbc d\u00e0n n\u00f3ng (mm)<\/td>\n<td class=\"row1\">703x233x455mm (RxSxC)<\/td>\n<\/tr>\n<\/tbody>\n<\/table>\n","protected":false},"featured_media":1408,"comment_status":"open","ping_status":"closed","template":"","meta":{"wprm-recipe-roundup-name":"","wprm-recipe-roundup-description":""},"product_brand":[],"product_cat":[115],"product_tag":[166],"class_list":{"0":"post-1409","1":"product","2":"type-product","3":"status-publish","4":"has-post-thumbnail","6":"thuong-hieu-casper","7":"product_cat-may-lanh-treo-tuong","8":"product_tag-bao-hanh-12-thang","9":"pa_cong-nghe-inverter-tieu-chuan","10":"pa_cong-suat-lam-lanh-1-5-hp","11":"pa_may-lanh-treo-tuong-1-5-hp","13":"first","14":"instock","15":"sale","16":"taxable","17":"shipping-taxable","18":"purchasable","19":"product-type-simple"},"_links":{"self":[{"href":"https:\/\/maylanhlamhoanglong.com\/index.php?rest_route=\/wp\/v2\/product\/1409","targetHints":{"allow":["GET"]}}],"collection":[{"href":"https:\/\/maylanhlamhoanglong.com\/index.php?rest_route=\/wp\/v2\/product"}],"about":[{"href":"https:\/\/maylanhlamhoanglong.com\/index.php?rest_route=\/wp\/v2\/types\/product"}],"replies":[{"embeddable":true,"href":"https:\/\/maylanhlamhoanglong.com\/index.php?rest_route=%2Fwp%2Fv2%2Fcomments&post=1409"}],"wp:featuredmedia":[{"embeddable":true,"href":"https:\/\/maylanhlamhoanglong.com\/index.php?rest_route=\/wp\/v2\/media\/1408"}],"wp:attachment":[{"href":"https:\/\/maylanhlamhoanglong.com\/index.php?rest_route=%2Fwp%2Fv2%2Fmedia&parent=1409"}],"wp:term":[{"taxonomy":"product_brand","embeddable":true,"href":"https:\/\/maylanhlamhoanglong.com\/index.php?rest_route=%2Fwp%2Fv2%2Fproduct_brand&post=1409"},{"taxonomy":"product_cat","embeddable":true,"href":"https:\/\/maylanhlamhoanglong.com\/index.php?rest_route=%2Fwp%2Fv2%2Fproduct_cat&post=1409"},{"taxonomy":"product_tag","embeddable":true,"href":"https:\/\/maylanhlamhoanglong.com\/index.php?rest_route=%2Fwp%2Fv2%2Fproduct_tag&post=1409"}],"curies":[{"name":"wp","href":"https:\/\/api.w.org\/{rel}","templated":true}]}}