{"id":1346,"date":"2025-03-12T13:04:57","date_gmt":"2025-03-12T06:04:57","guid":{"rendered":"https:\/\/maylanhlamhoanglong.com\/?post_type=product&#038;p=1346"},"modified":"2025-03-12T13:04:57","modified_gmt":"2025-03-12T06:04:57","slug":"may-lanh-giau-tran-noi-ong-gio-inverter-3hp-30000btu-hikawa-hi-dc30at-ho-dc30at","status":"publish","type":"product","link":"https:\/\/maylanhlamhoanglong.com\/?product=may-lanh-giau-tran-noi-ong-gio-inverter-3hp-30000btu-hikawa-hi-dc30at-ho-dc30at","title":{"rendered":"M\u00e1y l\u1ea1nh gi\u1ea5u tr\u1ea7n n\u1ed1i \u1ed1ng gi\u00f3 inverter 3HP (30000Btu) HIKAWA HI-DC30AT\/HO-DC30AT"},"content":{"rendered":"<p class=\"text-center\"><img decoding=\"async\" title=\"dieu-hoa-am-tran-noi-ong-gio-hikawa\" src=\"\/public\/upload\/sanpham\/tinh%20nang%20san%20pham\/dieu-hoa-am-tran-noi-ong-gio-hikawa.jpg?1711012752623\" alt=\"dieu-hoa-am-tran-noi-ong-gio-hikawa\" \/><\/p>\n<p><span style=\"font-weight: 400;\">V\u1edbi mong mu\u1ed1n mang l\u1ea1i tr\u1ea3i nghi\u1ec7m t\u1ed1t nh\u1ea5t cho ng\u01b0\u1eddi ti\u00eau d\u00f9ng, HIKAWA \u0111\u00e3 t\u00edch h\u1ee3p r\u1ea5t nhi\u1ec1u t\u00ednh n\u0103ng \u01b0u vi\u1ec7t, k\u1ebft h\u1ee3p c\u00e1c c\u00f4ng ngh\u1ec7 ti\u00ean ti\u1ebfn nh\u1ea5t trong s\u1ea3n ph\u1ea9m \u0111i\u1ec1u h\u00f2a HIKAWA, mang t\u1edbi s\u1ef1 an t\u00e2m, ti\u1ec7n nghi, tho\u1ea3i m\u00e1i nh\u1ea5t khi s\u1eed d\u1ee5ng.<\/span><\/p>\n<p class=\"text-center\"><img decoding=\"async\" title=\"cong-nghe-xanh-tiet-kiem-dien\" src=\"\/public\/upload\/sanpham\/tinh%20nang%20san%20pham\/cong-nghe-xanh-tiet-kiem-dien.jpg?1711012756984\" alt=\"cong-nghe-xanh-tiet-kiem-dien\" \/><\/p>\n<h3 id=\"mcetoc_1hpfj52op1\"><strong>Ti\u1ebft ki\u1ec7m n\u0103ng l\u01b0\u1ee3ng \u0111\u1ebfn 71% v\u1edbi C\u00f4ng ngh\u1ec7 Xanh<\/strong><\/h3>\n<p><span style=\"font-weight: 400;\">\u0110i\u1ec1u h\u00f2a HIKAWA \u0111\u01b0\u1ee3c trang b\u1ecb\u00a0<\/span><strong>chip GENIUS<\/strong><span style=\"font-weight: 400;\">\u00a0cho ph\u00e9p thu th\u1eadp t\u00edn hi\u1ec7u v\u00e0 x\u1eed l\u00fd d\u1eef li\u1ec7u ch\u00ednh x\u00e1c, gi\u00fap m\u00e1y n\u00e9n ho\u1ea1t \u0111\u1ed9ng hi\u1ec7u qu\u1ea3 h\u01a1n. V\u1edbi thu\u1eadt to\u00e1n \u0111i\u1ec1u khi\u1ec3n n\u00e0y \u0111i\u1ec1u ho\u00e0 HIKAWA\u00a0<\/span><strong>ti\u1ebft ki\u1ec7m \u0111\u1ebfn 71% n\u0103ng l\u01b0\u1ee3ng<\/strong><span style=\"font-weight: 400;\">.<\/span><\/p>\n<p><span style=\"font-weight: 400;\">\u0110i\u1ec1u h\u00f2a HIKAWA c\u00f2n c\u00f3 ch\u1ebf \u0111\u1ed9 Eco. Ch\u1ebf \u0111\u1ed9 Eco l\u00e0 t\u00ednh n\u0103ng ti\u1ebft ki\u1ec7m \u0111i\u1ec7n n\u0103ng, \u0111\u1ea3m b\u1ea3o kh\u00f4ng kh\u00ed trong ph\u00f2ng lu\u00f4n trong l\u00e0nh, gi\u00fap m\u00e1y ho\u1ea1t \u0111\u1ed9ng \u00eam \u00e1i \u0111\u1ec3 mang \u0111\u1ebfn s\u1ef1 tho\u1ea3i m\u00e1i. Khi s\u1eed d\u1ee5ng ch\u1ebf \u0111\u1ed9 Eco m\u00e1y l\u1ea1nh, b\u1ea1n c\u00f3 th\u1ec3 ti\u1ebft ki\u1ec7m \u0111\u1ebfn 50% \u0111i\u1ec7n n\u0103ng.\u00a0<\/span><\/p>\n<h3 id=\"mcetoc_1hpfj52op2\"><strong>Ti\u1ebft ki\u1ec7m \u0111i\u1ec7n v\u1edbi C\u00f4ng ngh\u1ec7 Inverter<\/strong><\/h3>\n<p><span style=\"font-weight: 400;\">\u0110i\u1ec1u h\u00f2a HIKAWA t\u00edch h\u1ee3p c\u00f4ng ngh\u1ec7 INVERTER gi\u00fap duy tr\u00ec nhi\u1ec7t \u0111\u1ed9 \u1ed5n \u0111\u1ecbnh trong kho\u1ea3ng \u00b10.5 \u0111\u1ed9 C, v\u1edbi t\u1ea7n s\u1ed1 m\u00e1y n\u00e9n dao \u0111\u1ed9ng \u1edf m\u1ee9c th\u1ea5p nh\u1ea5t.<\/span><\/p>\n<h3 id=\"mcetoc_1hpfj52op3\"><strong>H\u1ec7 th\u1ed1ng c\u00e1nh qu\u1ea1t gi\u1ea3m l\u01b0\u1ee3ng \u0111i\u1ec7n n\u0103ng ti\u00eau th\u1ee5 t\u1edbi 31%\u00a0<\/strong><\/h3>\n<p><span style=\"font-weight: 400;\">D\u1ef1a tr\u00ean nguy\u00ean l\u00fd sinh h\u1ecdc, h\u1ec7 th\u1ed1ng c\u00e1nh qu\u1ea1t tr\u00ean \u0111i\u1ec1u h\u00f2a HIKAWA \u0111\u01b0\u1ee3c thi\u1ebft k\u1ebf \u0111\u1ec3 c\u00f3 th\u1ec3 ho\u1ea1t \u0111\u1ed9ng hi\u1ec7u qu\u1ea3 ch\u1ed1ng l\u1ea1i l\u1ef1c c\u1ea3n c\u1ee7a kh\u00f4ng kh\u00ed v\u00e0 gi\u1ea3m ti\u1ebfng \u1ed3n. C\u00f9ng v\u1edbi \u0111\u01b0\u1eddng d\u1eabn kh\u00ed \u0111\u01b0\u1ee3c t\u1ed1i \u01b0u h\u00f3a, \u0111i\u1ec1u h\u00f2a HIKAWA mang l\u1ea1i c\u00f9ng m\u1ed9t l\u01b0u l\u01b0\u1ee3ng gi\u00f3 v\u1edbi m\u1ee9c ti\u00eau th\u1ee5 n\u0103ng l\u01b0\u1ee3ng \u00edt h\u01a1n 30%.<\/span><\/p>\n<p class=\"text-center\"><img decoding=\"async\" title=\"lam-lanh-nhanh-lanh-sau\" src=\"\/public\/upload\/sanpham\/tinh%20nang%20san%20pham\/lam-lanh-nhanh-lanh-sau.png?1711012764064\" alt=\"lam-lanh-nhanh-lanh-sau\" \/><\/p>\n<h3 id=\"mcetoc_1hpfj52op4\"><strong>L\u00e0m l\u1ea1nh v\u00e0 s\u01b0\u1edfi \u1ea5m nhanh v\u1edbi C\u00f4ng ngh\u1ec7 Sprint\u00a0<\/strong><\/h3>\n<p><span style=\"font-weight: 400;\">L\u00e0 m\u1ed9t c\u00f4ng ngh\u1ec7 k\u00edch ho\u1ea1t ti\u00ean ti\u1ebfn,\u00a0<\/span><strong>C\u00f4ng ngh\u1ec7 Sprint\u00a0<\/strong><span style=\"font-weight: 400;\">ti\u00ean ti\u1ebfn gi\u00fap m\u00e1y n\u00e9n \u0111\u1ea1t t\u1ea7n s\u1ed1 t\u1ed1i \u0111a ngay sau khi kh\u1edfi \u0111\u1ed9ng v\u00e0 cung c\u1ea5p kh\u1ea3 n\u0103ng l\u00e0m m\u00e1t\/s\u01b0\u1edfi \u1ea5m nhanh ch\u00f3ng.<\/span><\/p>\n<p><span style=\"font-weight: 400;\">Ngo\u00e0i ra, \u0111i\u1ec1u ho\u00e0 HIKAWA s\u1eed d\u1ee5ng c\u00f4ng ngh\u1ec7 bi\u1ebfn t\u1ea7n s\u1ed1 c\u00f4ng ngh\u1ec7 cao \u0111\u1ec3 kh\u1edfi \u0111\u1ed9ng m\u00e1y n\u00e9n, t\u1ea1o ra m\u1ed9t lu\u1ed3ng kh\u00f4ng kh\u00ed m\u00e1t l\u1ea1nh trong th\u1eddi gian c\u1ef1c ng\u1eafn, mang l\u1ea1i c\u1ea3m gi\u00e1c tho\u1ea3i m\u00e1i t\u1ee9c th\u00ec cho ng\u01b0\u1eddi s\u1eed d\u1ee5ng.<\/span><\/p>\n<p><span style=\"font-weight: 400;\">Ngo\u00e0i ra Ch\u1ebf \u0111\u1ed9 Turbo tr\u00ean \u0111i\u1ec1u khi\u1ec3n s\u1ebd k\u00edch ho\u1ea1t kh\u1ea3 n\u0103ng l\u00e0m l\u1ea1nh nhanh, gi\u00fap kh\u00f4ng gian ph\u00f2ng nhanh ch\u00f3ng \u0111\u1ea1t \u0111\u01b0\u1ee3c nhi\u1ec7t \u0111\u1ed9 mong mu\u1ed1n v\u00e0 mang l\u1ea1i c\u1ea3m gi\u00e1c d\u1ec5 ch\u1ecbu cho ng\u01b0\u1eddi d\u00f9ng.<\/span><\/p>\n<p class=\"text-center\"><img decoding=\"async\" title=\"vi-loc-khang-khuan-6-lop\" src=\"\/public\/upload\/sanpham\/tinh%20nang%20san%20pham\/vi-loc-khang-khuan-6-lop.jpg?1711012771263\" alt=\"vi-loc-khang-khuan-6-lop\" \/><\/p>\n<h3 id=\"mcetoc_1hpfj52op5\"><strong>Kh\u00f4ng kh\u00ed lu\u00f4n trong l\u00e0nh v\u1edbi C\u00f4ng ngh\u1ec7 ADVANCED AIR GUARDIAN v\u00e0 H\u1ec7 th\u1ed1ng vi l\u1ecdc si\u00eau kh\u00e1ng khu\u1ea9n<\/strong><\/h3>\n<p><strong>C\u00f4ng ngh\u1ec7 ADVANCED AIR GUARDIAN<\/strong><span style=\"font-weight: 400;\">\u00a0gi\u1eef an to\u00e0n cho gia \u0111\u00ecnh b\u1ea1n b\u1eb1ng c\u00e1ch gi\u1ea3i ph\u00f3ng h\u00e0ng ngh\u00ecn t\u1ef7 ion d\u01b0\u01a1ng v\u00e0 \u00e2m \u0111\u1ec3 ti\u00eau di\u1ec7t hi\u1ec7u qu\u1ea3 vi khu\u1ea9n, vi r\u00fat v\u00e0 c\u00e1c ph\u1ea7n t\u1eed c\u00f3 h\u1ea1i kh\u00e1c.\u00a0<\/span><\/p>\n<p><span style=\"font-weight: 400;\">C\u00f9ng v\u1edbi \u0111\u00f3, \u0111i\u1ec1u h\u00f2a HIKAWA \u0111\u1ec1u \u0111\u01b0\u1ee3c trang b\u1ecb<\/span><strong>\u00a0H\u1ec7 th\u1ed1ng vi l\u1ecdc si\u00eau kh\u00e1ng khu\u1ea9n 6 l\u1edbp\u00a0<\/strong><span style=\"font-weight: 400;\">gi\u00fap lo\u1ea1i b\u1ecf c\u00e1c ch\u1ea5t \u0111\u1ed9c h\u1ea1i, mang \u0111\u1ebfn ngu\u1ed3n kh\u00f4ng kh\u00ed trong l\u00e0nh, s\u1ea1ch s\u1ebd cho b\u1ea1n. Vi l\u1ecdc kh\u00e1ng khu\u1ea9n 6 l\u1edbp l\u00e0m s\u1ea1ch kh\u00f4ng kh\u00ed l\u00ean \u0111\u1ebfn 80%, t\u0103ng 50% hi\u1ec7u qu\u1ea3 ch\u1ed1ng b\u1ee5i. S\u00e1u l\u1edbp m\u00e0ng l\u1ecdc bao g\u1ed3m:<\/span><\/p>\n<ul>\n<li style=\"font-weight: 400;\"><span style=\"font-weight: 400;\">Bio Filter\u00a0<\/span><\/li>\n<li style=\"font-weight: 400;\"><span style=\"font-weight: 400;\">B\u1ed9 l\u1ecdc Vitamin C<\/span><\/li>\n<li style=\"font-weight: 400;\"><span style=\"font-weight: 400;\">B\u1ed9 l\u1ecdc x\u00fac t\u00e1c l\u1ea1nh\u00a0<\/span><\/li>\n<li style=\"font-weight: 400;\"><span style=\"font-weight: 400;\">B\u1ed9 l\u1ecdc Ion<\/span><\/li>\n<li style=\"font-weight: 400;\"><span style=\"font-weight: 400;\">B\u1ed9 l\u1ecdc HAF 5,3M<\/span><\/li>\n<li style=\"font-weight: 400;\"><span style=\"font-weight: 400;\">B\u1ed9 l\u1ecdc Nano<\/span><\/li>\n<\/ul>\n<p><span style=\"font-weight: 400;\">\u0110i\u1ec1u h\u00f2a HIKAWA c\u00f2n c\u00f3 T\u00ednh n\u0103ng t\u1ef1 \u0111\u1ed9ng l\u00e0m s\u1ea1ch th\u00f4ng minh. D\u00e0n l\u1ea1nh c\u00f3 th\u1ec3 quay qu\u1ea1t theo h\u01b0\u1edbng ng\u01b0\u1ee3c l\u1ea1i \u0111\u1ec3 lo\u1ea1i b\u1ecf n\u01b0\u1edbc ng\u01b0ng t\u1ee5 \u0111\u1ec3 t\u1ef1 l\u00e0m s\u1ea1ch \u1edf ch\u1ebf \u0111\u1ed9 T\u1eaft, ng\u0103n ng\u1eeba hi\u1ec7u qu\u1ea3 vi khu\u1ea9n v\u00e0 n\u1ea5m m\u1ed1c sinh s\u00f4i. Nh\u1edd t\u00ednh n\u0103ng n\u00e0y b\u1ea7u kh\u00f4ng kh\u00ed s\u1ebd trong l\u00e0nh h\u01a1n, b\u1ea3o v\u1ec7 s\u1ee9c kh\u1ecfe c\u1ee7a ng\u01b0\u1eddi d\u00f9ng nhi\u1ec1u h\u01a1n.<\/span><\/p>\n<p class=\"text-center\"><img decoding=\"async\" title=\"dan-tan-nhiet-ma-vang\" src=\"\/public\/upload\/sanpham\/tinh%20nang%20san%20pham\/dan-tan-nhiet-ma-vang.png?1711012778967\" alt=\"dan-tan-nhiet-ma-vang\" \/><\/p>\n<h3 id=\"mcetoc_1hpfj52op6\"><strong>Ho\u1ea1t \u0111\u1ed9ng b\u1ec1n b\u1ec9 v\u1edbi C\u00f4ng ngh\u1ec7 Golden Fin \u2013 D\u00e0n t\u1ea3n nhi\u1ec7t m\u1ea1 v\u00e0ng, V\u1eadt li\u1ec7u Epoxy v\u00e0 \u1ed0ng d\u1eabn nhi\u1ec7t ti\u00ean ti\u1ebfn<\/strong><\/h3>\n<p><strong>C\u00f4ng ngh\u1ec7 Golden Fin<\/strong><span style=\"font-weight: 400;\">\u00a0c\u00f3 kh\u1ea3 n\u0103ng ch\u1ed1ng g\u1ec9 n\u01b0\u1edbc, ng\u0103n ng\u1eeba oxi ho\u00e1, vi khu\u1ea9n sinh s\u00f4i, ch\u1ed1ng \u0103n m\u00f2n mu\u1ed1i bi\u1ec3n v\u00e0 c\u00e1c y\u1ebfu t\u1ed1 \u0103n m\u00f2n kh\u00e1c t\u1ed1t h\u01a1n so v\u1edbi d\u00e0n t\u1ea3n nhi\u1ec7t m\u00e0u xanh th\u00f4ng th\u01b0\u1eddng d\u00e0nh cho b\u1ed9 trao \u0111\u1ed5i nhi\u1ec7t \u0111\u1ec3 mang l\u1ea1i hi\u1ec7u su\u1ea5t l\u00e0m m\u00e1t \u1ed5n \u0111\u1ecbnh h\u01a1n trong th\u1eddi gian d\u00e0i h\u01a1n.<\/span><\/p>\n<p><span style=\"font-weight: 400;\">\u0110\u00e2y ch\u00ednh l\u00e0 c\u00f4ng ngh\u1ec7 ti\u1ebfn b\u1ed9 v\u01b0\u1ee3t b\u1eadc trong vi\u1ec7c n\u00e2ng cao ch\u1ea5t l\u01b0\u1ee3ng v\u00e0 tu\u1ed5i th\u1ecd m\u00e1y.\u00a0<\/span><\/p>\n<p><span style=\"font-weight: 400;\">Th\u1eed nghi\u1ec7m chu tr\u00ecnh kh\u00f4 \u01b0\u1edbt 3000 l\u1ea7n (t\u01b0\u01a1ng \u0111\u01b0\u01a1ng 15 n\u0103m ho\u1ea1t \u0111\u1ed9ng) d\u00e0n t\u1ea3n nhi\u1ec7t v\u1eabn ho\u1ea1t \u0111\u1ed9ng b\u1ec1n b\u1ec9 v\u00e0 ch\u01b0a c\u00f3 d\u1ea5u hi\u1ec7u b\u1ecb han r\u1ec9, oxi ho\u00e1.<\/span><\/p>\n<p><span style=\"font-weight: 400;\">H\u1ec7 th\u1ed1ng t\u1ea3n nhi\u1ec7t c\u1ee7a m\u00e1y \u0111i\u1ec1u ho\u00e0 HIKAWA \u0111\u01b0\u1ee3c l\u00e0m b\u1eb1ng\u00a0<\/span><strong>v\u1eadt li\u1ec7u Epoxy<\/strong><span style=\"font-weight: 400;\">\u00a0ch\u1ed1ng \u0103n m\u00f2n, c\u00f3 l\u1edbp ch\u1ed1ng \u0103n m\u00f2n d\u00e0y h\u01a1n 50% so v\u1edbi d\u00e0n t\u1ea3n nhi\u1ec7t th\u00f4ng th\u01b0\u1eddng, gi\u00fap t\u0103ng \u0111\u1ed9 b\u1ec1n c\u1ee7a m\u00e1y.<\/span><\/p>\n<p><span style=\"font-weight: 400;\">M\u00e1y \u0111i\u1ec1u ho\u00e0 HIKAWA c\u0169ng t\u00edch h\u1ee3p \u1ed0ng d\u1eabn nhi\u1ec7t ti\u00ean ti\u1ebfn. V\u1edbi s\u1ed1 l\u01b0\u1ee3ng r\u00e3nh b\u00ean trong \u1ed1ng t\u0103ng t\u1eeb 45 \u0111\u1ebfn 54 so v\u1edbi \u1ed1ng d\u1eabn nhi\u1ec7t th\u00f4ng th\u01b0\u1eddng, m\u1edf r\u1ed9ng di\u1ec7n t\u00edch trao \u0111\u1ed5i nhi\u1ec7t v\u00e0 t\u0103ng hi\u1ec7u su\u1ea5t truy\u1ec1n nhi\u1ec7t l\u00ean \u0111\u1ebfn 7,3%. \u0110i\u1ec1u n\u00e0y s\u1ebd c\u1ea3i thi\u1ec7n \u0111\u00e1ng k\u1ec3 kh\u1ea3 n\u0103ng truy\u1ec1n nhi\u1ec7t, t\u1eeb \u0111\u00f3 gi\u1ea3m thi\u1ec3u hao m\u00f2n trong qu\u00e1 tr\u00ecnh truy\u1ec1n nhi\u1ec7t c\u1ee7a \u0111i\u1ec1u ho\u00e0 HIKAWA.<\/span><\/p>\n<p class=\"text-center\"><img decoding=\"async\" title=\"hop-dieu-khien-chong-chay-dien-tu\" src=\"\/public\/upload\/sanpham\/tinh%20nang%20san%20pham\/hop-dieu-khien-chong-chay-dien-tu.jpg?1711012787926\" alt=\"hop-dieu-khien-chong-chay-dien-tu\" \/><\/p>\n<h3 id=\"mcetoc_1hpfj52op7\"><strong>S\u1eed d\u1ee5ng an to\u00e0n c\u00f9ng H\u1ed9p \u0111i\u1ec1u khi\u1ec3n \u0111i\u1ec7n t\u1eed ch\u1ed1ng ch\u00e1y<\/strong><\/h3>\n<p><span style=\"font-weight: 400;\">\u0110\u01b0a \u0111\u1ebfn s\u1ef1 an t\u00e2m khi s\u1eed d\u1ee5ng cho kh\u00e1ch h\u00e0ng, HIKAWA t\u00edch h\u1ee3p h\u1ec7 th\u1ed1ng ch\u1ed1ng ch\u00e1y \u0111i\u1ec7n t\u1eed, \u0111i\u1ec1u khi\u1ec3n ho\u1ea1t \u0111\u1ed9ng c\u1ee7a m\u00e1y \u0111i\u1ec1u h\u00f2a, \u0111\u1ea3m b\u1ea3o an to\u00e0n khi ch\u1ea5t l\u00e0m l\u1ea1nh b\u1ecb r\u00f2 r\u1ec9. H\u1ed9p \u0111i\u1ec1u khi\u1ec3n \u0111i\u1ec7n s\u1eed d\u1ee5ng v\u1eadt li\u1ec7u ABS c\u00f3 ch\u1ec9 s\u1ed1 ch\u1ed1ng ch\u00e1y 5VA, b\u1ec1 m\u1eb7t b\u00ean ngo\u00e0i \u0111\u01b0\u1ee3c ph\u1ee7 b\u1eb1ng t\u1ea5m kim lo\u1ea1i gi\u00fap c\u00e1ch ly h\u1ed9p \u0111i\u1ec1u khi\u1ec3n \u0111i\u1ec7n kh\u1ecfi l\u1eeda.<\/span><\/p>\n<h3 id=\"mcetoc_1hpfj52op8\"><strong>Ho\u1ea1t \u0111\u1ed9ng \u00eam \u00e1i, gi\u1ea3m ti\u1ebfng \u1ed3n v\u1edbi Thi\u1ebft k\u1ebf t\u1ed1i \u01b0u<\/strong><\/h3>\n<p><span style=\"font-weight: 400;\">M\u00e1y n\u00e9n trong \u0111i\u1ec1u ho\u00e0 HIKAWA \u0111\u01b0\u1ee3c thi\u1ebft k\u1ebf t\u1ed1i \u01b0u nh\u1eb1m gi\u1ea3m thi\u1ec3u ti\u1ebfng \u1ed3n do rung \u0111\u1ed9ng. Ngo\u00e0i ra, l\u1edbp c\u00e1ch \u00e2m d\u00e0y 7mm bao quanh m\u00e1y n\u00e9n khi\u1ebfn \u0111i\u1ec1u ho\u00e0 HIKAWA c\u00f3 th\u1ec3 \u0111\u1ea1t \u0111\u1ed9 \u1ed3n \u1edf m\u1ee9c th\u1ea5p nh\u1ea5t l\u00e0 41 dB.<\/span><\/p>\n<p><span style=\"font-weight: 400;\">\u1ed0ng gi\u00f3 \u0111\u01b0\u1ee3c thi\u1ebft k\u1ebf \u0111\u1ec3 th\u00edch \u1ee9ng v\u1edbi qu\u1ea1t gi\u00f3, cho ph\u00e9p lu\u1ed3ng kh\u00f4ng kh\u00ed ra v\u00e0o \u00eam \u00e1i h\u01a1n v\u00e0 gi\u1ea3m ma s\u00e1t kh\u00f4ng kh\u00ed tr\u00ean d\u00e0n l\u1ea1nh (indoor), gi\u00fap gi\u1ea3m thi\u1ec3u h\u1ea7u h\u1ebft ti\u1ebfng \u1ed3n lu\u1ed3ng gi\u00f3 g\u00e2y ra t\u1eeb d\u00e0n l\u1ea1nh (indoor).<\/span><\/p>\n<p class=\"text-center\"><img decoding=\"async\" title=\"tien-ich-nang-cao\" src=\"\/public\/upload\/sanpham\/tinh%20nang%20san%20pham\/tien-ich-nang-cao.jpg?1711012795358\" alt=\"tien-ich-nang-cao\" \/><\/p>\n<h3 id=\"mcetoc_1hpfj52op9\"><strong>T\u00edch h\u1ee3p nhi\u1ec1u ch\u1ee9c n\u0103ng n\u00e2ng cao<\/strong><\/h3>\n<p><span style=\"font-weight: 400;\">\u0110i\u1ec1u h\u00f2a HIKAWA t\u00edch h\u1ee3p nhi\u1ec1u t\u00ednh n\u0103ng n\u00e2ng cao, gi\u00fap cho tr\u1ea3i nghi\u1ec7m c\u1ee7a ng\u01b0\u1eddi ti\u00eau d\u00f9ng \u0111\u1ed1i v\u1edbi chi\u1ebfc \u0111i\u1ec1u h\u00f2a t\u1ed1t h\u01a1n, th\u00e2n thi\u1ec7n h\u01a1n v\u00e0 \u0111\u00e1p \u1ee9ng nhi\u1ec1u nhu c\u1ea7u c\u1ee7a ng\u01b0\u1eddi ti\u00eau d\u00f9ng h\u01a1n.\u00a0<\/span><\/p>\n<p><span style=\"font-weight: 400;\">M\u1ed9t s\u1ed1 ch\u1ee9c n\u0103ng c\u00f3 th\u1ec3 k\u1ec3 \u0111\u1ebfn nh\u01b0 C\u00f4ng ngh\u1ec7 \u0111\u1ea3o gi\u00f3 3D (C\u1eeda gi\u00f3 tr\u00ean d\u00e0n l\u1ea1nh (indoor) \u0111i\u1ec1u ho\u00e0 HIKAWA \u0111\u1ecbnh h\u01b0\u1edbng di chuy\u1ec3n t\u1ef1 \u0111\u1ed9ng theo c\u1ea3 chi\u1ec1u ngang v\u00e0 chi\u1ec1u d\u1ecdc, h\u01b0\u1edbng lu\u1ed3ng gi\u00f3 \u0111i kh\u1eafp m\u1ecdi ng\u00f3c ng\u00e1ch c\u1ee7a c\u0103n ph\u00f2ng); Ch\u1ebf \u0111\u1ed9 Sleep; Ch\u1ee9c n\u0103ng h\u1eb9n gi\u1edd b\u1eadt t\u1eaft m\u00e1y,&#8230;<\/span><\/p>\n<h2 id=\"mcetoc_1hpfj52opa\"><strong>B\u1ea3o h\u00e0nh HIKAWA &#8211; t\u1eadn t\u00e2m, chu \u0111\u00e1o, chuy\u00ean nghi\u1ec7p<\/strong><\/h2>\n<p><span style=\"font-weight: 400;\">Ch\u1ebf \u0111\u1ed9 b\u1ea3o h\u00e0nh c\u1ee7a h\u00e3ng \u0111i\u1ec1u ho\u00e0 HIKAWA bao g\u1ed3m:<\/span><\/p>\n<ul>\n<li style=\"font-weight: 400;\"><span style=\"font-weight: 400;\">B\u1ea3o h\u00e0nh 05 n\u0103m \u0111\u1ed1i v\u1edbi m\u00e1y n\u00e9n tr\u00ean d\u00e0n n\u00f3ng (outdoor).<\/span><\/li>\n<li style=\"font-weight: 400;\"><span style=\"font-weight: 400;\">B\u1ea3o h\u00e0nh 24 th\u00e1ng to\u00e0n b\u1ed9 m\u00e1y \u0111\u1ed1i v\u1edbi d\u00e0n n\u00f3ng (outdoor) v\u00e0 d\u00e0n l\u1ea1nh (indoor).<\/span><\/li>\n<li style=\"font-weight: 400;\"><span style=\"font-weight: 400;\">X\u1eed l\u00fd b\u1ea3o h\u00e0nh trong 24 gi\u1edd k\u1ec3 t\u1eeb khi c\u00f3 ph\u00e1t sinh s\u1ef1 v\u1ee5 b\u1ea3o h\u00e0nh.<\/span><\/li>\n<\/ul>\n<p><span style=\"font-weight: 400;\">HIKAWA c\u00f3 h\u1ec7 th\u1ed1ng trung t\u00e2m b\u1ea3o h\u00e0nh l\u00ean t\u1edbi\u00a0<\/span><strong>200 Trung t\u00e2m<\/strong><span style=\"font-weight: 400;\">\u00a0kh\u1eafp c\u1ea3 n\u01b0\u1edbc, \u0111\u01b0\u1ee3c \u0111i\u1ec1u ph\u1ed1i b\u1edfi 3 Trung t\u00e2m \u0111i\u1ec1u h\u00e0nh t\u1ea1i B\u1eafc &#8211; Trung &#8211; Nam, \u0111\u1ea3m b\u1ea3o t\u1ed1c \u0111\u1ed9 b\u1ea3o h\u00e0nh lu\u00f4n nhanh nh\u1ea5t v\u00e0 k\u1ecbp th\u1eddi nh\u1ea5t.<\/span><\/p>\n<p><span style=\"font-weight: 400;\">Ngo\u00e0i ra, HIKAWA c\u00f2n x\u00e2y d\u1ef1ng v\u00e0 ph\u00e1t tri\u1ec3n h\u1ec7 th\u1ed1ng b\u1ea3o h\u00e0nh \u0111i\u1ec7n t\u1eed, \u1ee9ng d\u1ee5ng C\u00f4ng ngh\u1ec7 s\u1ed1 hi\u1ec7n \u0111\u1ea1i v\u00e0o quy tr\u00ecnh, x\u00e2y d\u1ef1ng h\u1ec7 th\u1ed1ng CSKH t\u1ef1 \u0111\u1ed9ng. Kh\u00e1ch h\u00e0ng c\u00f3 th\u1ec3 g\u1eedi y\u00eau c\u1ea7u b\u1ea3o h\u00e0nh \u0111a k\u00eanh: Hotline, Zalo, App B\u1ea3o h\u00e0nh \u0111i\u1ec7n t\u1eed, Website,..\u00a0<\/span><\/p>\n<p><span style=\"font-weight: 400;\">V\u1edbi t\u00f4n ch\u1ec9\u00a0<\/span><strong>&#8220;\u0110\u1ed3ng h\u00e0nh v\u00e0 tr\u00e1ch nhi\u1ec7m \u0111\u1ebfn c\u00f9ng&#8221;,<\/strong><span style=\"font-weight: 400;\">\u00a0c\u00e1c s\u1ea3n ph\u1ea9m c\u1ee7a HIKAWA kh\u00f4ng ch\u1ec9 \u0111\u01b0\u1ee3c ch\u00fa tr\u1ecdng \u0111\u1ea7u t\u01b0 c\u00f4ng ngh\u1ec7 s\u1ea3n xu\u1ea5t m\u00e0 c\u00f2n \u0111i k\u00e8m v\u1edbi c\u00e1c d\u1ecbch v\u1ee5 b\u1ea3o h\u00e0nh ch\u1ea5t l\u01b0\u1ee3ng. H\u1ec7 th\u1ed1ng b\u1ea3o h\u00e0nh v\u1edbi ch\u00ednh s\u00e1ch \u01b0u vi\u1ec7t c\u1ee7a HIKAWA gi\u00fap ng\u01b0\u1eddi d\u00f9ng c\u00f3 \u0111\u01b0\u1ee3c s\u1ef1 an t\u00e2m v\u00e0 ti\u1ec7n l\u1ee3i nh\u1ea5t khi s\u1eed d\u1ee5ng.<\/span><\/p>\n","protected":false},"excerpt":{"rendered":"<table class=\"table-digitals\">\n<tbody>\n<tr class=\"row-title\">\n<td colspan=\"2\"><strong class=\"row0\">Th\u00f4ng s\u1ed1 k\u1ef9 thu\u1eadt<\/strong><\/td>\n<\/tr>\n<tr class=\"row-item\">\n<td class=\"row0\">Xu\u1ea5t x\u1ee9<\/td>\n<td class=\"row1\">S\u1ea3n xu\u1ea5t t\u1ea1i: Th\u00e1i Lan<\/td>\n<\/tr>\n<tr class=\"row-item\">\n<td class=\"row0\">Lo\u1ea1i Gas l\u1ea1nh<\/td>\n<td class=\"row1\">R32<\/td>\n<\/tr>\n<tr class=\"row-item\">\n<td class=\"row0\">Lo\u1ea1i m\u00e1y<\/td>\n<td class=\"row1\">Inverter &#8211; Lo\u1ea1i 1 chi\u1ec1u (ch\u1ec9 l\u00e0m l\u1ea1nh)<\/td>\n<\/tr>\n<tr class=\"row-item\">\n<td class=\"row0\">C\u00f4ng su\u1ea5t l\u00e0m l\u1ea1nh<\/td>\n<td class=\"row1\">3.0 Hp (3.0 Ng\u1ef1a) &#8211; 30,000 Btu\/h<\/td>\n<\/tr>\n<tr class=\"row-item\">\n<td class=\"row0\">S\u1eed d\u1ee5ng cho ph\u00f2ng<\/td>\n<td class=\"row1\">Di\u00ea\u0323n ti\u0301ch 36 &#8211; 40 m\u00b2 ho\u1eb7c 108 &#8211; 120 m\u00b3 khi\u0301 (thi\u0301ch h\u01a1\u0323p cho pho\u0300ng kha\u0301ch, v\u0103n pho\u0300ng)<\/td>\n<\/tr>\n<tr class=\"row-item\">\n<td class=\"row0\">Ngu\u1ed3n \u0111i\u1ec7n (Ph\/V\/Hz)<\/td>\n<td class=\"row1\">1 Pha, 220 &#8211; 240 V, 50Hz<\/td>\n<\/tr>\n<tr class=\"row-item\">\n<td class=\"row0\">C\u00f4ng su\u1ea5t ti\u00eau th\u1ee5 \u0111i\u1ec7n<\/td>\n<td class=\"row1\">2.55 kW<\/td>\n<\/tr>\n<tr class=\"row-item\">\n<td class=\"row0\">K\u00edch th\u01b0\u1edbc \u1ed1ng \u0111\u1ed3ng Gas (mm)<\/td>\n<td class=\"row1\">10\/16<\/td>\n<\/tr>\n<tr class=\"row-item\">\n<td class=\"row0\">Chi\u1ec1u d\u00e0i \u1ed1ng gas t\u1ed1i \u0111a (m)<\/td>\n<td class=\"row1\">50 m<\/td>\n<\/tr>\n<tr class=\"row-item\">\n<td class=\"row0\">Ch\u00eanh l\u1ec7ch \u0111\u1ed9 cao (t\u1ed1i \u0111a) (m)<\/td>\n<td class=\"row1\">25 m<\/td>\n<\/tr>\n<tr class=\"row-title\">\n<td colspan=\"2\"><strong class=\"row0\">D\u00e0n L\u1ea1nh<\/strong><\/td>\n<\/tr>\n<tr class=\"row-item\">\n<td class=\"row0\">Model d\u00e0n l\u1ea1nh<\/td>\n<td class=\"row1\">HI-DC30AT<\/td>\n<\/tr>\n<tr class=\"row-item\">\n<td class=\"row0\">K\u00edch th\u01b0\u1edbc d\u00e0n l\u1ea1nh (mm)<\/td>\n<td class=\"row1\">24.5 x 100 x 45 cm<\/td>\n<\/tr>\n<tr class=\"row-item\">\n<td class=\"row0\">Tr\u1ecdng l\u01b0\u1ee3ng d\u00e0n l\u1ea1nh (Kg)<\/td>\n<td class=\"row1\">32 Kg<\/td>\n<\/tr>\n<tr class=\"row-title\">\n<td colspan=\"2\"><strong class=\"row0\">D\u00e0n N\u00f3ng<\/strong><\/td>\n<\/tr>\n<tr class=\"row-item\">\n<td class=\"row0\">Model d\u00e0n n\u00f3ng<\/td>\n<td class=\"row1\">HO-DC30AT<\/td>\n<\/tr>\n<tr class=\"row-item\">\n<td class=\"row0\">K\u00edch th\u01b0\u1edbc d\u00e0n n\u00f3ng (mm)<\/td>\n<td class=\"row1\">70 x 90 x 35 cm<\/td>\n<\/tr>\n<tr class=\"row-item\">\n<td class=\"row0\">Tr\u1ecdng l\u01b0\u1ee3ng d\u00e0n n\u00f3ng (Kg)<\/td>\n<td class=\"row1\">50 Kg<\/td>\n<\/tr>\n<\/tbody>\n<\/table>\n","protected":false},"featured_media":1341,"comment_status":"open","ping_status":"closed","template":"","meta":{"wprm-recipe-roundup-name":"","wprm-recipe-roundup-description":""},"product_brand":[],"product_cat":[117],"product_tag":[167],"class_list":{"0":"post-1346","1":"product","2":"type-product","3":"status-publish","4":"has-post-thumbnail","6":"thuong-hieu-hikawa","7":"product_cat-may-lanh-giau-tran-ong-gio","8":"product_tag-bao-hanh-24-thang","9":"pa_cong-nghe-inverter","10":"pa_cong-suat-lam-lanh-3-0-hp","11":"pa_may-lanh-giau-tran-3-0-hp","13":"first","14":"instock","15":"sale","16":"taxable","17":"shipping-taxable","18":"purchasable","19":"product-type-simple"},"_links":{"self":[{"href":"https:\/\/maylanhlamhoanglong.com\/index.php?rest_route=\/wp\/v2\/product\/1346","targetHints":{"allow":["GET"]}}],"collection":[{"href":"https:\/\/maylanhlamhoanglong.com\/index.php?rest_route=\/wp\/v2\/product"}],"about":[{"href":"https:\/\/maylanhlamhoanglong.com\/index.php?rest_route=\/wp\/v2\/types\/product"}],"replies":[{"embeddable":true,"href":"https:\/\/maylanhlamhoanglong.com\/index.php?rest_route=%2Fwp%2Fv2%2Fcomments&post=1346"}],"wp:featuredmedia":[{"embeddable":true,"href":"https:\/\/maylanhlamhoanglong.com\/index.php?rest_route=\/wp\/v2\/media\/1341"}],"wp:attachment":[{"href":"https:\/\/maylanhlamhoanglong.com\/index.php?rest_route=%2Fwp%2Fv2%2Fmedia&parent=1346"}],"wp:term":[{"taxonomy":"product_brand","embeddable":true,"href":"https:\/\/maylanhlamhoanglong.com\/index.php?rest_route=%2Fwp%2Fv2%2Fproduct_brand&post=1346"},{"taxonomy":"product_cat","embeddable":true,"href":"https:\/\/maylanhlamhoanglong.com\/index.php?rest_route=%2Fwp%2Fv2%2Fproduct_cat&post=1346"},{"taxonomy":"product_tag","embeddable":true,"href":"https:\/\/maylanhlamhoanglong.com\/index.php?rest_route=%2Fwp%2Fv2%2Fproduct_tag&post=1346"}],"curies":[{"name":"wp","href":"https:\/\/api.w.org\/{rel}","templated":true}]}}