{"id":1332,"date":"2025-03-12T12:23:48","date_gmt":"2025-03-12T05:23:48","guid":{"rendered":"https:\/\/maylanhlamhoanglong.com\/?post_type=product&#038;p=1332"},"modified":"2025-03-12T12:23:48","modified_gmt":"2025-03-12T05:23:48","slug":"may-lanh-giau-tran-noi-ong-gio-airwell-4hp-inverter-amd36d-01t-3-pha","status":"publish","type":"product","link":"https:\/\/maylanhlamhoanglong.com\/?product=may-lanh-giau-tran-noi-ong-gio-airwell-4hp-inverter-amd36d-01t-3-pha","title":{"rendered":"M\u00e1y l\u1ea1nh gi\u1ea5u tr\u1ea7n n\u1ed1i \u1ed1ng gi\u00f3 Airwell 4Hp Inverter- AMD36D-01T &#8211; 3 pha"},"content":{"rendered":"<p><strong>M\u00e1y l\u1ea1nh gi\u1ea5u tr\u1ea7n n\u1ed1i \u1ed1ng gi\u00f3 Airwell s\u1eed d\u1ee5ng gas R32 b\u1ea3o v\u1ec7 m\u00f4i tr\u01b0\u1eddng<\/strong><\/p>\n<p><strong><a class=\"img-popup\" title=\"\" href=\"https:\/\/sieuthimaylanh.com\/uploads\/product\/12_2024\/may_lanh_giau_tran_noi_ong_gio_airwell_inverter.jpg\" rel=\"gallery\"><img decoding=\"async\" src=\"https:\/\/sieuthimaylanh.com\/uploads\/product\/12_2024\/may_lanh_giau_tran_noi_ong_gio_airwell_inverter.jpg\" alt=\"\" \/><\/a><\/strong><\/p>\n<p><strong>T\u00ednh n\u0103ng M\u00e1y l\u1ea1nh gi\u1ea5u tr\u1ea7n n\u1ed1i \u1ed1ng gi\u00f3 Airwell inverter ti\u1ebft ki\u1ec7m \u0111i\u1ec7n.<\/strong><\/p>\n<ol>\n<li>Ch\u1ebf \u0111\u1ed9 ho\u1ea1t \u0111\u1ed9ng \u00eam \u00e1i, y\u00ean t\u0129nh.<\/li>\n<li>D\u00e0n l\u1ea1nh gi\u1ea5u tr\u1ea7n ph\u00f9 h\u1ee3p v\u1edbi t\u1ea5t c\u1ea3 c\u00e1c lo\u1ea1i kh\u00f4ng gian ki\u1ebfn tr\u00fac.<\/li>\n<li>\u00c1p su\u1ea5t t\u0129nh 25 &#8211; 160Pa.<\/li>\n<li>B\u01a1m n\u01b0\u1edbc ng\u01b0ng \u0111\u01b0\u1ee3c t\u00edch h\u1ee3p s\u1eb5n, \u0111\u1ed9 n\u00e2ng \u0111\u01b0\u1eddng \u1ed1ng 750mm.<\/li>\n<li>C\u00f4ng t\u1eafc t\u1eeb xa, \u0111\u00e8n, chu\u00f4ng b\u00e1o c\u00f3 th\u1ec3 d\u1ec5 d\u00e0ng k\u1ebft n\u1ed1i v\u00e0o ch\u1ebf \u0111\u1ed9 b\u00e1o \u0111\u1ed9ng v\u00e0 xu\u1ea5t ra t\u00edn hi\u1ec7u c\u1ea3nh b\u00e1o.<\/li>\n<li>Ch\u1ebf \u0111\u1ed9 l\u00e0m l\u1ea1nh nhanh (Turbo) \u0111\u01b0\u1ee3c t\u00edch h\u1ee3p s\u1eb5n tr\u00ean \u0111i\u1ec1u khi\u1ec3n t\u1eeb xa.<\/li>\n<li>Golden Fin b\u1ea3o v\u1ec7 ch\u1ed1ng \u0103n m\u00f2n, \u0111\u1ea3m b\u1ea3o \u0111\u1ed9 b\u1ec1n cho c\u1ea3 d\u00e0n n\u00f3ng v\u00e0 d\u00e0n l\u1ea1nh.<\/li>\n<li>Ph\u1ea1m vi nhi\u1ec7t \u0111\u1ed9 ho\u1ea1t \u0111\u1ed9ng r\u1ed9ng: 17\uff5e32\u00b0C (d\u00e0n l\u1ea1nh)18\uff5e43\u00b0C (d\u00e0n n\u00f3ng)<\/li>\n<\/ol>\n<p><a class=\"img-popup\" title=\"\" href=\"https:\/\/sieuthimaylanh.com\/uploads\/product\/12_2024\/he_thong_may_lanh_giau_tran_noi_ong_gio_airwell.jpg\" rel=\"gallery\"><img decoding=\"async\" src=\"https:\/\/sieuthimaylanh.com\/uploads\/product\/12_2024\/he_thong_may_lanh_giau_tran_noi_ong_gio_airwell.jpg\" alt=\"\" \/><\/a><\/p>\n<p>&nbsp;<\/p>\n<ol>\n<li><strong>Ch\u1ebf \u0111\u1ed9 t\u1ef1 \u0111\u1ed9ng \u0111i\u1ec1u ch\u1ec9nh \u00e1p su\u1ea5t t\u0129nnh ngo\u00e0i (ESP) duy tr\u00ec l\u01b0u l\u01b0\u1ee3ng gi\u00f3 ph\u00f9 h\u1ee3p.<\/strong><\/li>\n<li><strong>C\u1ed9t \u00e1p l\u00ean t\u1edbi 160Pa thu\u1eadn ti\u1ec7n khi l\u1eafp \u0111\u1eb7t \u0111\u01b0\u1eddng \u1ed1ng gi\u00f3 d\u00e0i.<\/strong><\/li>\n<\/ol>\n<p><a class=\"img-popup\" title=\"\" href=\"https:\/\/sieuthimaylanh.com\/uploads\/product\/12_2024\/bang_cot_ap_may_lanh_giau_tran_noi_ong_gio_airwell_inverter.jpg\" rel=\"gallery\"><img decoding=\"async\" src=\"https:\/\/sieuthimaylanh.com\/uploads\/product\/12_2024\/bang_cot_ap_may_lanh_giau_tran_noi_ong_gio_airwell_inverter.jpg\" alt=\"\" \/><\/a><\/p>\n<p><strong>M\u00e1y l\u1ea1nh M\u00e1y l\u1ea1nh gi\u1ea5u tr\u1ea7n n\u1ed1i \u1ed1ng gi\u00f3 Airwell ph\u00f9 h\u1ee3p m\u1ecdi kh\u00f4ng gian n\u1ed9i th\u1ea5t. ( h\u00ecnh minh h\u1ecda)<\/strong><\/p>\n<p><a class=\"img-popup\" title=\"\" href=\"https:\/\/sieuthimaylanh.com\/uploads\/product\/12_2024\/phoi_canh_may_lanh_giau_tran_noi_ong_gio_airwell.jpg\" rel=\"gallery\"><img decoding=\"async\" src=\"https:\/\/sieuthimaylanh.com\/uploads\/product\/12_2024\/phoi_canh_may_lanh_giau_tran_noi_ong_gio_airwell.jpg\" alt=\"\" \/><\/a><\/p>\n<p><strong>Th\u00f4ng s\u1ed1 k\u1ef9 thu\u1eadt m\u00e1y l\u1ea1nh gi\u1ea5u tr\u1ea7n n\u1ed1i \u1ed1ng gi\u00f3 Airwell Inverter ti\u1ebft ki\u1ec7m \u0111i\u1ec7n<\/strong><\/p>\n<p><strong><a class=\"img-popup\" title=\"\" href=\"https:\/\/sieuthimaylanh.com\/uploads\/product\/12_2024\/thong_so_ky_thuat_may_lanh_giau_tran_airwell_inverter.jpg\" rel=\"gallery\"><img decoding=\"async\" src=\"https:\/\/sieuthimaylanh.com\/uploads\/product\/12_2024\/thong_so_ky_thuat_may_lanh_giau_tran_airwell_inverter.jpg\" alt=\"\" \/><\/a><\/strong><\/p>\n","protected":false},"excerpt":{"rendered":"<table class=\"table-digitals\">\n<tbody>\n<tr class=\"row-title\">\n<td colspan=\"2\"><strong class=\"row0\">Th\u00f4ng s\u1ed1 k\u1ef9 thu\u1eadt<\/strong><\/td>\n<\/tr>\n<tr class=\"row-item\">\n<td class=\"row0\">Xu\u1ea5t x\u1ee9<\/td>\n<td class=\"row1\">S\u1ea3n xu\u1ea5t t\u1ea1i Th\u00e1i Lan<\/td>\n<\/tr>\n<tr class=\"row-item\">\n<td class=\"row0\">Lo\u1ea1i Gas l\u1ea1nh<\/td>\n<td class=\"row1\">R32<\/td>\n<\/tr>\n<tr class=\"row-item\">\n<td class=\"row0\">Lo\u1ea1i m\u00e1y<\/td>\n<td class=\"row1\">Inverter &#8211; Lo\u1ea1i 2 chi\u1ec1u (L\u00e0m l\u1ea1nh &#8211; S\u01b0\u1edfi \u1ea5m)<\/td>\n<\/tr>\n<tr class=\"row-item\">\n<td class=\"row0\">C\u00f4ng su\u1ea5t l\u00e0m l\u1ea1nh<\/td>\n<td class=\"row1\">4Hp &#8211; 36000 Btu\/h (9,300~40,200)<\/td>\n<\/tr>\n<tr class=\"row-item\">\n<td class=\"row0\">C\u00f4ng su\u1ea5t s\u01b0\u1edfi \u1ea5m<\/td>\n<td class=\"row1\">39000 Btu\/h (9,500~43,800)<\/td>\n<\/tr>\n<tr class=\"row-item\">\n<td class=\"row0\">Ngu\u1ed3n \u0111i\u1ec7n (Ph\/V\/Hz)<\/td>\n<td class=\"row1\">3 Pha, 380-415V, 50Hz<\/td>\n<\/tr>\n<tr class=\"row-item\">\n<td class=\"row0\">C\u00f4ng su\u1ea5t ti\u00eau th\u1ee5 \u0111i\u1ec7n<\/td>\n<td class=\"row1\">D\u00f2ng \u0111\u1ecbnh m\u1ee9c 10 A<\/td>\n<\/tr>\n<tr class=\"row-item\">\n<td class=\"row0\">K\u00edch th\u01b0\u1edbc \u1ed1ng \u0111\u1ed3ng Gas (mm)<\/td>\n<td class=\"row1\">10\/16<\/td>\n<\/tr>\n<tr class=\"row-item\">\n<td class=\"row0\">Chi\u1ec1u d\u00e0i \u1ed1ng gas t\u1ed1i \u0111a (m)<\/td>\n<td class=\"row1\">75<\/td>\n<\/tr>\n<tr class=\"row-item\">\n<td class=\"row0\">Ch\u00eanh l\u1ec7ch \u0111\u1ed9 cao (t\u1ed1i \u0111a) (m)<\/td>\n<td class=\"row1\">30<\/td>\n<\/tr>\n<tr class=\"row-title\">\n<td colspan=\"2\"><strong class=\"row0\">D\u00e0n L\u1ea1nh<\/strong><\/td>\n<\/tr>\n<tr class=\"row-item\">\n<td class=\"row0\">Model d\u00e0n l\u1ea1nh<\/td>\n<td class=\"row1\">AMD36D-01T<\/td>\n<\/tr>\n<tr class=\"row-item\">\n<td class=\"row0\">K\u00edch th\u01b0\u1edbc d\u00e0n l\u1ea1nh (mm)<\/td>\n<td class=\"row1\">1360x774x249 mm<\/td>\n<\/tr>\n<tr class=\"row-item\">\n<td class=\"row0\">Tr\u1ecdng l\u01b0\u1ee3ng d\u00e0n l\u1ea1nh (Kg)<\/td>\n<td class=\"row1\">40.5\/48.2 Kg<\/td>\n<\/tr>\n<tr class=\"row-title\">\n<td colspan=\"2\"><strong class=\"row0\">D\u00e0n N\u00f3ng<\/strong><\/td>\n<\/tr>\n<tr class=\"row-item\">\n<td class=\"row0\">Model d\u00e0n n\u00f3ng<\/td>\n<td class=\"row1\">AMH36D-01T2<\/td>\n<\/tr>\n<tr class=\"row-item\">\n<td class=\"row0\">K\u00edch th\u01b0\u1edbc d\u00e0n n\u00f3ng (mm)<\/td>\n<td class=\"row1\">946x410x810 mm<\/td>\n<\/tr>\n<tr class=\"row-item\">\n<td class=\"row0\">Tr\u1ecdng l\u01b0\u1ee3ng d\u00e0n n\u00f3ng (Kg)<\/td>\n<td class=\"row1\">75.5\/80 Kg ( t\u1ecbnh\/ \u0111\u00f3ng g\u00f3i)<\/td>\n<\/tr>\n<\/tbody>\n<\/table>\n","protected":false},"featured_media":1130,"comment_status":"open","ping_status":"closed","template":"","meta":{"wprm-recipe-roundup-name":"","wprm-recipe-roundup-description":""},"product_brand":[],"product_cat":[117],"product_tag":[166],"class_list":{"0":"post-1332","1":"product","2":"type-product","3":"status-publish","4":"has-post-thumbnail","6":"thuong-hieu-airwell","7":"product_cat-may-lanh-giau-tran-ong-gio","8":"product_tag-bao-hanh-12-thang","9":"pa_cong-nghe-inverter","10":"pa_cong-suat-lam-lanh-4-0-hp","11":"pa_may-lanh-giau-tran-4-0-hp","13":"first","14":"instock","15":"sale","16":"taxable","17":"shipping-taxable","18":"purchasable","19":"product-type-simple"},"_links":{"self":[{"href":"https:\/\/maylanhlamhoanglong.com\/index.php?rest_route=\/wp\/v2\/product\/1332","targetHints":{"allow":["GET"]}}],"collection":[{"href":"https:\/\/maylanhlamhoanglong.com\/index.php?rest_route=\/wp\/v2\/product"}],"about":[{"href":"https:\/\/maylanhlamhoanglong.com\/index.php?rest_route=\/wp\/v2\/types\/product"}],"replies":[{"embeddable":true,"href":"https:\/\/maylanhlamhoanglong.com\/index.php?rest_route=%2Fwp%2Fv2%2Fcomments&post=1332"}],"wp:featuredmedia":[{"embeddable":true,"href":"https:\/\/maylanhlamhoanglong.com\/index.php?rest_route=\/wp\/v2\/media\/1130"}],"wp:attachment":[{"href":"https:\/\/maylanhlamhoanglong.com\/index.php?rest_route=%2Fwp%2Fv2%2Fmedia&parent=1332"}],"wp:term":[{"taxonomy":"product_brand","embeddable":true,"href":"https:\/\/maylanhlamhoanglong.com\/index.php?rest_route=%2Fwp%2Fv2%2Fproduct_brand&post=1332"},{"taxonomy":"product_cat","embeddable":true,"href":"https:\/\/maylanhlamhoanglong.com\/index.php?rest_route=%2Fwp%2Fv2%2Fproduct_cat&post=1332"},{"taxonomy":"product_tag","embeddable":true,"href":"https:\/\/maylanhlamhoanglong.com\/index.php?rest_route=%2Fwp%2Fv2%2Fproduct_tag&post=1332"}],"curies":[{"name":"wp","href":"https:\/\/api.w.org\/{rel}","templated":true}]}}