{"id":1325,"date":"2025-03-12T09:22:21","date_gmt":"2025-03-12T02:22:21","guid":{"rendered":"https:\/\/maylanhlamhoanglong.com\/?post_type=product&#038;p=1325"},"modified":"2025-03-12T09:22:21","modified_gmt":"2025-03-12T02:22:21","slug":"may-lanh-panasonic-inverter-cs-xu9bkh-8-1hp","status":"publish","type":"product","link":"https:\/\/maylanhlamhoanglong.com\/?product=may-lanh-panasonic-inverter-cs-xu9bkh-8-1hp","title":{"rendered":"M\u00e1y l\u1ea1nh Panasonic Inverter CS-XU9BKH-8 1Hp"},"content":{"rendered":"<p><strong>M\u00e1y l\u1ea1nh Panasonic CS-XU9BKH-8 1Hp Cao c\u1ea5p<\/strong>\u00a0s\u1edf h\u1eefu thi\u1ebft k\u1ebf sang tr\u1ecdng, s\u1eafc m\u00e0u tr\u1eafng tinh t\u1ebf, s\u1ebd l\u00e0m t\u0103ng ph\u1ea7n sang tr\u1ecdng cho kh\u00f4ng gian n\u1ed9i th\u1ea5t c\u1ee7a c\u0103n ph\u00f2ng.<\/p>\n<p>V\u1edbi<strong>\u00a0c\u00f4ng su\u1ea5t 1.0Hp &#8211; 8.700 Btu<\/strong>, \u0111\u00e1p \u1ee9ng nhu c\u1ea7u\u00a0<strong>l\u00e0m l\u1ea1nh hi\u1ec7u qu\u1ea3 trong ph\u1ea1m vi d\u01b0\u1edbi 15 m2<\/strong>\u00a0ph\u00f9 h\u1ee3p v\u1edbi nh\u1eefng kh\u00f4ng gian nh\u01b0\u00a0<strong>ph\u00f2ng ng\u1ee7, ph\u00f2ng kh\u00e1ch, ph\u00f2ng h\u1ecdp nh\u1ecf,&#8230;<\/strong><\/p>\n<p><strong><a class=\"img-popup\" title=\"\" href=\"https:\/\/sieuthimaylanh.com\/uploads\/product\/01_2023\/thiet-ke-may-lanh-panasonic-inverter-cao-cap-1-0hp-cu-cs-xu9zkh-8-model-2023.webp\" rel=\"gallery\"><img decoding=\"async\" src=\"https:\/\/sieuthimaylanh.com\/uploads\/product\/01_2023\/thiet-ke-may-lanh-panasonic-inverter-cao-cap-1-0hp-cu-cs-xu9zkh-8-model-2023.webp\" alt=\"\" \/><\/a><\/strong><\/p>\n<h2 id=\"L\u1ecdc_s\u1ea1ch_kh\u00f4ng_kh\u00ed\">L\u1ecdc s\u1ea1ch kh\u00f4ng kh\u00ed<\/h2>\n<h3 id=\"C\u00f4ng_ngh\u1ec7_nanoe\u2122_X_th\u1ebf_h\u1ec7_III\">C\u00f4ng ngh\u1ec7 nanoe\u2122 X th\u1ebf h\u1ec7 III<\/h3>\n<p><strong>C\u00f4ng ngh\u1ec7 nanoe\u2122 X th\u1ebf h\u1ec7 III<\/strong>\u00a0c\u00f3 th\u1ec3 t\u1ea1o ra s\u1ed1\u00a0<strong>l\u01b0\u1ee3ng g\u1ed1c Hydroxyl g\u1ea5p 100 l\u1ea7n<\/strong>\u00a0so v\u1edbi th\u1ebf h\u1ec7 \u0111\u1ea7u ti\u00ean\u00a0<strong>nanoe\u2122 X<\/strong>. \u0110i\u1ec1u n\u00e0y gi\u00fap \u1ee9c ch\u1ebf hi\u1ec7u qu\u1ea3 c\u00e1c ch\u1ea5t \u00f4 nhi\u1ec5m v\u00e0 kh\u1eed m\u00f9i h\u00f4i v\u1edbi t\u1ed1c \u0111\u1ed9 nhanh h\u01a1n, \u1ee9c ch\u1ebf hi\u1ec7u qu\u1ea3 c\u00e1c t\u00e1c nh\u00e2n \u00f4 nhi\u1ec5m, gi\u00fap b\u1ea1n c\u00f3 m\u1ed9t kh\u00f4ng gian tho\u00e1ng m\u00e1t v\u00e0 trong l\u00e0nh h\u01a1n.<\/p>\n<h4>L\u1ee3i \u00edch c\u1ee7a c\u00f4ng ngh\u1ec7 nanoe X th\u1ebf h\u1ec7 3:<\/h4>\n<p>&#8211;\u00a0<strong>\u1ee8c ch\u1ebf vi r\u00fat nhanh h\u01a1n 4 l\u1ea7n<\/strong>\u00a0so v\u1edbi nanoe X th\u1ebf h\u1ec7 II.<\/p>\n<p>&#8211;\u00a0<strong>\u1ee8c ch\u1ebf 5 lo\u1ea1i ch\u1ea5t \u00f4 nhi\u1ec5m<\/strong>, kh\u1eed m\u00f9i hi\u1ec7u qu\u1ea3.<\/p>\n<p>&#8211;\u00a0<strong>T\u0103ng c\u01b0\u1eddng gi\u1eef \u1ea9m<\/strong>\u00a0cho da v\u00e0 t\u00f3c.<\/p>\n<p>&#8211;<strong>\u00a0\u1ee8c ch\u1ebf t\u1edbi 99.7%<\/strong>\u00a0vi-r\u00fat\u00a0<strong>SARS-CoV-2<\/strong>.<\/p>\n<p><a class=\"img-popup\" title=\"\" href=\"https:\/\/sieuthimaylanh.com\/uploads\/product\/01_2023\/nanoe-tmx-may-lanh-panasonic-inverter-cao-cap-1-0hp-cu-cs-xu9zkh-8-model-2023.webp\" rel=\"gallery\"><img decoding=\"async\" src=\"https:\/\/sieuthimaylanh.com\/uploads\/product\/01_2023\/nanoe-tmx-may-lanh-panasonic-inverter-cao-cap-1-0hp-cu-cs-xu9zkh-8-model-2023.webp\" alt=\"\" \/><\/a><\/p>\n<h3 id=\"C\u00f4ng_ngh\u1ec7_Inside_Cleaning\">C\u00f4ng ngh\u1ec7 Inside Cleaning<\/h3>\n<p><strong>C\u00f4ng ngh\u1ec7 Inside Cleaning &#8211; V\u1ec7 sinh b\u00ean trong d\u00e0n l\u1ea1nh<\/strong>\u00a0m\u1edbi \u0111\u01b0\u1ee3c c\u1ea3i ti\u1ebfn tr\u00ean\u00a0<strong>m\u00e1y l\u1ea1nh Panasonic CS-XU9BKH-8<\/strong>\u00a0thu\u1eadn ti\u1ec7n h\u01a1n cho ng\u01b0\u1eddi d\u00f9ng c\u00f3 th\u1ec3 d\u1ec5 d\u00e0ng k\u00edch ho\u1ea1t t\u00f9y theo nhu c\u1ea7u. Kh\u00f4ng nh\u1eefng th\u1ebf, ch\u1ee9c n\u0103ng n\u00e0y gi\u00fap<strong>\u00a0lo\u1ea1i b\u1ecf \u1ea9m b\u00ean trong d\u00e0n l\u1ea1nh<\/strong>, v\u00e0 gi\u1ea3i ph\u00f3ng\u00a0<strong>nanoe\u2122 X<\/strong>\u00a0\u0111\u1ec3 \u1ee9c ch\u1ebf s\u1ef1 ph\u00e1t tri\u1ec3n c\u1ee7a c\u00e1c ch\u1ea5t \u00f4 nhi\u1ec5m.<\/p>\n<p><strong>Qu\u1ea1t l\u1ed3ng s\u00f3c \u0111\u01b0\u1ee3c c\u1ea3i ti\u1ebfn v\u1edbi l\u1edbp ph\u1ee7 ch\u1ed1ng b\u00e1m b\u1ee5i<\/strong>, duy tr\u00ec \u0111\u01b0\u1ee3c m\u1ee9c \u0111\u1ed9 s\u1ea1ch t\u1ed1i \u01b0u.<\/p>\n<p><a class=\"img-popup\" title=\"\" href=\"https:\/\/sieuthimaylanh.com\/uploads\/product\/01_2023\/inside-cleaning-may-lanh-panasonic-inverter-cao-cap-1-0hp-cu-cs-xu9zkh-8-model-2023.webp\" rel=\"gallery\"><img decoding=\"async\" src=\"https:\/\/sieuthimaylanh.com\/uploads\/product\/01_2023\/inside-cleaning-may-lanh-panasonic-inverter-cao-cap-1-0hp-cu-cs-xu9zkh-8-model-2023.webp\" alt=\"\" \/><\/a><\/p>\n<h3 id=\"Lo\u1ea1i_b\u1ecf_b\u1ee5i_m\u1ecbn_(PM2.5)\">Lo\u1ea1i b\u1ecf b\u1ee5i m\u1ecbn (PM2.5)<\/h3>\n<p>V\u1edbi\u00a0<strong>hi\u1ec7u qu\u1ea3 lo\u1ea1i b\u1ecf b\u1ee5i 99%<\/strong>,\u00a0<strong>nanoe-G\u00a0<\/strong>gi\u1ea3i ph\u00f3ng c\u00e1c ion \u00e2m \u0111\u1ec3 b\u1eaft gi\u1eef c\u00e1c h\u1ea1t b\u1ee5i m\u1ecbn nh\u1ecf nh\u01b0 PM2.5, sau \u0111\u00f3 \u0111\u01b0a ch\u00fang v\u1ec1 l\u01b0\u1edbi l\u1ecdc v\u00e0 mang l\u1ea1i kh\u00f4ng gian s\u1ed1ng s\u1ea1ch s\u1ebd v\u00e0 t\u01b0\u01a1i m\u00e1t.<\/p>\n<h2 id=\"Kh\u1ea3_n\u0103ng_k\u1ebft_n\u1ed1i\">Kh\u1ea3 n\u0103ng k\u1ebft n\u1ed1i<\/h2>\n<p><strong>\u1ee8ng d\u1ee5ng Panasonic Comfort Cloud\u00a0<\/strong>tr\u00ean\u00a0<strong>m\u00e1y l\u1ea1nh Panasonic CS-XU9BKH-8\u00a0<\/strong>gi\u00fap ng\u01b0\u1eddi d\u00f9ng c\u00f3 th\u1ec3 d\u1ec5 d\u00e0ng k\u1ebft n\u1ed1i v\u00e0 \u0111i\u1ec1u khi\u1ec3n m\u00e1y l\u1ea1nh \u1edf c\u00f9ng 1 \u0111\u1ecba \u0111i\u1ec3m, ho\u1eb7c nhi\u1ec1u \u0111i\u1ec3m t\u1eeb b\u1ea5t k\u1ef3 \u0111\u00e2u, m\u1ecdi l\u00fac m\u1ecdi n\u01a1i.<\/p>\n<h4>L\u1ee3i \u00edch c\u1ee7a \u1ee9ng d\u1ee5ng Panasonic Comfort Cloud<\/h4>\n<p>&#8211;\u00a0<strong>Theo d\u00f5i m\u1ee9c ti\u00eau th\u1ee5 \u0111i\u1ec7n n\u0103ng<\/strong>: Xem m\u1ee9c ti\u00eau th\u1ee5 \u0111i\u1ec7n n\u0103ng c\u1ee7a t\u1eebng thi\u1ebft b\u1ecb b\u1eb1ng c\u00e1ch so s\u00e1nh d\u1ef1a tr\u00ean c\u01a1 s\u1edf s\u1eed d\u1ee5ng h\u00e0ng ng\u00e0y, h\u00e0ng tu\u1ea7n, h\u00e0ng th\u00e1ng v\u00e0 h\u00e0ng n\u0103m.<\/p>\n<p>&#8211;\u00a0<strong>L\u00e0m s\u1ea1ch kh\u00f4ng kh\u00ed v\u1edbi nanoe\u2122 X<\/strong>: B\u1eadt ch\u1ebf \u0111\u1ed9 nanoeTM X v\u1edbi M\u1ede\/T\u1eaeT ch\u1ebf \u0111\u1ed9 l\u00e0m m\u00e1t \u0111\u1ed9c l\u1eadp \u0111\u1ec3 t\u1eadn h\u01b0\u1edfng ng\u00f4i nh\u00e0 s\u1ea1ch s\u1ebd v\u00e0 trong l\u00e0nh c\u00f9ng nh\u1eefng ng\u01b0\u1eddi th\u00e2n y\u00eau.<\/p>\n<p>&#8211;<strong>\u00a0M\u00f4 ph\u1ecfng nanoe\u2122 X<\/strong>: Xem ph\u1ea1m vi bao ph\u1ee7 c\u1ee7a nanoe\u2122 X trong kh\u00f4ng gian th\u00f4ng qua m\u00f4 ph\u1ecfng.<\/p>\n<p>&#8211;\u00a0<strong>Thi\u1ebft l\u1eadp an to\u00e0n v\u00e0 d\u1ec5 d\u00e0ng h\u01a1n v\u1edbi k\u1ebft n\u1ed1i \u0111\u01b0\u1ee3c c\u1ea3i ti\u1ebfn<\/strong>: Ch\u1ee9c n\u0103ng k\u1ebft n\u1ed1i Wi-Fi t\u00edch h\u1ee3p s\u1eb5n \u0111\u01b0\u1ee3c c\u1ea3i ti\u1ebfn m\u1edbi gi\u00fap k\u1ebft n\u1ed1i v\u1edbi \u1ee9ng d\u1ee5ng Panasonic Comfort Cloud d\u1ec5 d\u00e0ng v\u00e0 nhanh h\u01a1n b\u1eb1ng c\u00e1ch qu\u00e9t m\u00e3 QR.<\/p>\n<p><a class=\"img-popup\" title=\"\" href=\"https:\/\/sieuthimaylanh.com\/uploads\/product\/01_2023\/kha-nang-ket-noi-may-lanh-panasonic-inverter-cao-cap-1-0hp-cu-cs-xu9zkh-8-model-2023.webp\" rel=\"gallery\"><img decoding=\"async\" src=\"https:\/\/sieuthimaylanh.com\/uploads\/product\/01_2023\/kha-nang-ket-noi-may-lanh-panasonic-inverter-cao-cap-1-0hp-cu-cs-xu9zkh-8-model-2023.webp\" alt=\"\" \/><\/a><\/p>\n<h2 id=\"Duy_tr\u00ec_s\u1ef1_tho\u1ea3i_m\u00e1i\">Duy tr\u00ec s\u1ef1 tho\u1ea3i m\u00e1i<\/h2>\n<p><strong>C\u1ea3m bi\u1ebfn \u0111\u1ed9 \u1ea9m<\/strong>\u00a0tr\u00ean\u00a0<strong>m\u00e1y l\u1ea1nh Panasonic CU\/CS-XU9BKH-8<\/strong>\u00a0gi\u00fap ng\u01b0\u1eddi d\u00f9ng ki\u1ec3m so\u00e1t v\u00e0 \u0111i\u1ec1u ch\u1ec9nh\u00a0<strong>m\u1ee9c \u0111\u1ed9 \u1ea9m t\u01b0\u01a1ng \u0111\u1ed1i d\u01b0\u1edbi 60% ho\u1eb7c 55%<\/strong>\u00a0khi m\u1edf\u00a0<strong>ch\u1ebf \u0111\u1ed9 Dry (kh\u00f4) ho\u1eb7c iAUTO-X.<\/strong><\/p>\n<p><strong>Ch\u1ebf \u0111\u1ed9 Dry (kh\u00f4) k\u1ebft h\u1ee3p v\u1edbi c\u1ea3m bi\u1ec3n \u0111\u1ed9 \u1ea9m<\/strong>\u00a0cho ph\u00e9p\u00a0<strong>m\u00e1y l\u1ea1nh Panasonic CU\/CS-XU9BKH-8<\/strong>\u00a0c\u00f3 th\u1ec3 nh\u1eadn d\u1eef li\u1ec7u ch\u00ednh x\u00e1c v\u1ec1 t\u00ecnh tr\u1ea1ng \u0111\u1ed9 \u1ea9m trong ph\u00f2ng \u0111\u1ec3 gi\u1ea3m v\u00e0<strong>\u00a0\u0111i\u1ec1u ch\u1ec9nh \u0111\u1ed9 \u1ea9m xu\u1ed1ng d\u01b0\u1edbi 55%<\/strong>\u00a0m\u1ed9t c\u00e1ch hi\u1ec7u qu\u1ea3, lo\u1ea1i b\u1ecf \u0111\u1ed9 \u1ea9m d\u01b0 th\u1eeba trong ph\u00f2ng, \u0111\u1ed3ng th\u1eddi ng\u0103n ng\u1eeba t\u00ecnh tr\u1ea1ng qu\u00e1 l\u1ea1nh.<\/p>\n<p><strong>iAUTO-X<\/strong>\u00a0gi\u00fap\u00a0<strong>l\u00e0m m\u00e1t nhanh h\u01a1n 25%<\/strong>\u00a0nh\u1edd\u00a0<strong>c\u00f4ng ngh\u1ec7 t\u0103ng c\u01b0\u1eddng nhi\u1ec7t (P-TECh)<\/strong>\u00a0c\u1ee7a Panasonic, cho ph\u00e9p m\u00e1y n\u00e9n nhanh ch\u00f3ng \u0111\u1ea1t t\u1ea7n s\u1ed1 t\u1ed1i \u0111a ngay khi kh\u1edfi \u0111\u1ed9ng.<\/p>\n<p><strong>C\u00e1nh \u0111\u1ea3o gi\u00f3 AEROWINGs<\/strong>\u00a0t\u1ea1o ra lu\u1ed3ng gi\u00f3 th\u1ed5i nhanh, t\u1eadp trung v\u00e0 xa h\u01a1n nh\u1edd hai c\u00e1nh \u0111\u1ea3o gi\u00f3 c\u00f3 \u0111\u1ed9ng c\u01a1 \u0111\u1ed9c l\u1eadp.<\/p>\n<p><a class=\"img-popup\" title=\"\" href=\"https:\/\/sieuthimaylanh.com\/uploads\/product\/01_2023\/duy-tri-thoai-mai-may-lanh-panasonic-inverter-cao-cap-1-0hp-cu-cs-xu9zkh-8-model-2023.webp\" rel=\"gallery\"><img decoding=\"async\" src=\"https:\/\/sieuthimaylanh.com\/uploads\/product\/01_2023\/duy-tri-thoai-mai-may-lanh-panasonic-inverter-cao-cap-1-0hp-cu-cs-xu9zkh-8-model-2023.webp\" alt=\"\" \/><\/a><\/p>\n<h2 id=\"Ti\u1ebft_ki\u1ec7m_n\u0103ng_l\u01b0\u1ee3ng\">Ti\u1ebft ki\u1ec7m n\u0103ng l\u01b0\u1ee3ng<\/h2>\n<p><strong>C\u00f4ng ngh\u1ec7 Inverter\u00a0<\/strong>\u0111\u01b0\u1ee3c \u1ee9ng d\u1ee5ng tr\u00ean\u00a0<strong>m\u00e1y l\u1ea1nh Panasonic CS-XU9BKH-8\u00a0<\/strong>ki\u1ec3m so\u00e1t nhi\u1ec7t \u0111\u1ed9 ch\u00ednh x\u00e1c gi\u00fap duy tr\u00ec s\u1ef1 tho\u1ea3i m\u00e1i m\u00e0 v\u1eabn ti\u1ebft ki\u1ec7m \u0111i\u1ec7n n\u0103ng.<\/p>\n<p><strong>Ch\u1ebf \u0111\u1ed9 ECO\u00a0<\/strong>t\u00edch h\u1ee3p\u00a0<strong>\u0111i\u1ec1u khi\u1ec3n tr\u00ed tu\u1ec7 nh\u00e2n t\u1ea1o (A.I)<\/strong>\u00a0lu\u00f4n ti\u1ebfp nh\u1eadn, h\u1ecdc h\u1ecfi v\u00e0 \u0111i\u1ec1u ch\u1ec9nh m\u1ee9c ECO t\u1ed1i \u01b0u \u0111\u1ec3 mang l\u1ea1i s\u1ef1 c\u00e2n b\u1eb1ng ho\u00e0n h\u1ea3o nh\u1ea5t gi\u1eefa ti\u1ebft ki\u1ec7m \u0111i\u1ec7n n\u0103ng m\u00e0 v\u1eabn duy tr\u00ec c\u1ea3m gi\u00e1c m\u00e1t l\u1ea1nh tho\u1ea3i m\u00e1i.<\/p>\n<p><a class=\"img-popup\" title=\"\" href=\"https:\/\/sieuthimaylanh.com\/uploads\/product\/01_2023\/tiet-kiem-nang-luong-may-lanh-panasonic-inverter-cao-cap-1-0hp-cu-cs-xu9zkh-8-model-2023.webp\" rel=\"gallery\"><img decoding=\"async\" src=\"https:\/\/sieuthimaylanh.com\/uploads\/product\/01_2023\/tiet-kiem-nang-luong-may-lanh-panasonic-inverter-cao-cap-1-0hp-cu-cs-xu9zkh-8-model-2023.webp\" alt=\"\" \/><\/a><\/p>\n","protected":false},"excerpt":{"rendered":"<table class=\"table-digitals\">\n<tbody>\n<tr class=\"row-title\">\n<td colspan=\"2\"><strong class=\"row0\">Th\u00f4ng s\u1ed1 k\u1ef9 thu\u1eadt<\/strong><\/td>\n<\/tr>\n<tr class=\"row-item\">\n<td class=\"row0\">Xu\u1ea5t x\u1ee9<\/td>\n<td class=\"row1\">Th\u01b0\u01a1ng hi\u1ec7u: Nh\u1eadt &#8211; S\u1ea3n xu\u1ea5t t\u1ea1i: Malaysia<\/td>\n<\/tr>\n<tr class=\"row-item\">\n<td class=\"row0\">Lo\u1ea1i Gas l\u1ea1nh<\/td>\n<td class=\"row1\">R-32<\/td>\n<\/tr>\n<tr class=\"row-item\">\n<td class=\"row0\">Lo\u1ea1i m\u00e1y<\/td>\n<td class=\"row1\">Inverter &#8211; lo\u1ea1i 1 chi\u1ec1u (ch\u1ec9 l\u00e0m l\u1ea1nh)<\/td>\n<\/tr>\n<tr class=\"row-item\">\n<td class=\"row0\">C\u00f4ng su\u1ea5t l\u00e0m l\u1ea1nh<\/td>\n<td class=\"row1\">1.0 HP (1.0 Ng\u1ef1a) &#8211; 8.700 Btu\/h &#8211; 2.55 kW<\/td>\n<\/tr>\n<tr class=\"row-item\">\n<td class=\"row0\">S\u1eed d\u1ee5ng cho ph\u00f2ng<\/td>\n<td class=\"row1\">Di\u1ec7n t\u00edch 12 &#8211; 15 m\u00b2 ho\u1eb7c 36 &#8211; 45 m\u00b3 kh\u00ed (th\u00edch h\u1ee3p cho ph\u00f2ng kh\u00e1ch v\u0103n ph\u00f2ng)<\/td>\n<\/tr>\n<tr class=\"row-item\">\n<td class=\"row0\">Ngu\u1ed3n \u0111i\u1ec7n (Ph\/V\/Hz)<\/td>\n<td class=\"row1\">1 Pha, 220V &#8211; 50Hz<\/td>\n<\/tr>\n<tr class=\"row-item\">\n<td class=\"row0\">C\u00f4ng su\u1ea5t ti\u00eau th\u1ee5 \u0111i\u1ec7n<\/td>\n<td class=\"row1\">0.65 kW<\/td>\n<\/tr>\n<tr class=\"row-item\">\n<td class=\"row0\">K\u00edch th\u01b0\u1edbc \u1ed1ng \u0111\u1ed3ng Gas (mm)<\/td>\n<td class=\"row1\">6\/10<\/td>\n<\/tr>\n<tr class=\"row-item\">\n<td class=\"row0\">Chi\u1ec1u d\u00e0i \u1ed1ng gas t\u1ed1i \u0111a (m)<\/td>\n<td class=\"row1\">20 m<\/td>\n<\/tr>\n<tr class=\"row-item\">\n<td class=\"row0\">Ch\u00eanh l\u1ec7ch \u0111\u1ed9 cao (t\u1ed1i \u0111a) (m)<\/td>\n<td class=\"row1\">15 m<\/td>\n<\/tr>\n<tr class=\"row-item\">\n<td class=\"row0\">Hi\u1ec7u su\u1ea5t n\u0103ng l\u01b0\u1ee3ng CSPF<\/td>\n<td class=\"row1\">6.16<\/td>\n<\/tr>\n<tr class=\"row-item\">\n<td class=\"row0\">Nh\u00e3n n\u0103ng l\u01b0\u1ee3ng ti\u1ebft ki\u1ec7m \u0111i\u1ec7n<\/td>\n<td class=\"row1\">5 sao<\/td>\n<\/tr>\n<tr class=\"row-title\">\n<td colspan=\"2\"><strong class=\"row0\">D\u00e0n L\u1ea1nh<\/strong><\/td>\n<\/tr>\n<tr class=\"row-item\">\n<td class=\"row0\">Model d\u00e0n l\u1ea1nh<\/td>\n<td class=\"row1\">CS-XU9BKH-8<\/td>\n<\/tr>\n<tr class=\"row-item\">\n<td class=\"row0\">K\u00edch th\u01b0\u1edbc d\u00e0n l\u1ea1nh (mm)<\/td>\n<td class=\"row1\">29.5 x 87 x 22.9 cm<\/td>\n<\/tr>\n<tr class=\"row-item\">\n<td class=\"row0\">Tr\u1ecdng l\u01b0\u1ee3ng d\u00e0n l\u1ea1nh (Kg)<\/td>\n<td class=\"row1\">10 Kg<\/td>\n<\/tr>\n<tr class=\"row-title\">\n<td colspan=\"2\"><strong class=\"row0\">D\u00e0n N\u00f3ng<\/strong><\/td>\n<\/tr>\n<tr class=\"row-item\">\n<td class=\"row0\">Model d\u00e0n n\u00f3ng<\/td>\n<td class=\"row1\">CU-XU9BKH-8<\/td>\n<\/tr>\n<tr class=\"row-item\">\n<td class=\"row0\">K\u00edch th\u01b0\u1edbc d\u00e0n n\u00f3ng (mm)<\/td>\n<td class=\"row1\">51.1 x 65 x 23 cm<\/td>\n<\/tr>\n<tr class=\"row-item\">\n<td class=\"row0\">Tr\u1ecdng l\u01b0\u1ee3ng d\u00e0n n\u00f3ng (Kg)<\/td>\n<td class=\"row1\">18 Kg<\/td>\n<\/tr>\n<\/tbody>\n<\/table>\n","protected":false},"featured_media":1326,"comment_status":"open","ping_status":"closed","template":"","meta":{"wprm-recipe-roundup-name":"","wprm-recipe-roundup-description":""},"product_brand":[],"product_cat":[115],"product_tag":[166],"class_list":{"0":"post-1325","1":"product","2":"type-product","3":"status-publish","4":"has-post-thumbnail","6":"thuong-hieu-panasonic","7":"product_cat-may-lanh-treo-tuong","8":"product_tag-bao-hanh-12-thang","9":"pa_cong-nghe-inverter-cao-cap","10":"pa_cong-suat-lam-lanh-1-hp","11":"pa_may-lanh-treo-tuong-1-0-hp","12":"pa_wifi-co-wifi","14":"first","15":"instock","16":"sale","17":"taxable","18":"shipping-taxable","19":"purchasable","20":"product-type-simple"},"_links":{"self":[{"href":"https:\/\/maylanhlamhoanglong.com\/index.php?rest_route=\/wp\/v2\/product\/1325","targetHints":{"allow":["GET"]}}],"collection":[{"href":"https:\/\/maylanhlamhoanglong.com\/index.php?rest_route=\/wp\/v2\/product"}],"about":[{"href":"https:\/\/maylanhlamhoanglong.com\/index.php?rest_route=\/wp\/v2\/types\/product"}],"replies":[{"embeddable":true,"href":"https:\/\/maylanhlamhoanglong.com\/index.php?rest_route=%2Fwp%2Fv2%2Fcomments&post=1325"}],"wp:featuredmedia":[{"embeddable":true,"href":"https:\/\/maylanhlamhoanglong.com\/index.php?rest_route=\/wp\/v2\/media\/1326"}],"wp:attachment":[{"href":"https:\/\/maylanhlamhoanglong.com\/index.php?rest_route=%2Fwp%2Fv2%2Fmedia&parent=1325"}],"wp:term":[{"taxonomy":"product_brand","embeddable":true,"href":"https:\/\/maylanhlamhoanglong.com\/index.php?rest_route=%2Fwp%2Fv2%2Fproduct_brand&post=1325"},{"taxonomy":"product_cat","embeddable":true,"href":"https:\/\/maylanhlamhoanglong.com\/index.php?rest_route=%2Fwp%2Fv2%2Fproduct_cat&post=1325"},{"taxonomy":"product_tag","embeddable":true,"href":"https:\/\/maylanhlamhoanglong.com\/index.php?rest_route=%2Fwp%2Fv2%2Fproduct_tag&post=1325"}],"curies":[{"name":"wp","href":"https:\/\/api.w.org\/{rel}","templated":true}]}}