{"id":1297,"date":"2025-03-11T11:26:41","date_gmt":"2025-03-11T04:26:41","guid":{"rendered":"https:\/\/maylanhlamhoanglong.com\/?post_type=product&#038;p=1297"},"modified":"2025-03-11T11:26:41","modified_gmt":"2025-03-11T04:26:41","slug":"may-lanh-tu-dung-lg-apnq100lfa0-10-0-hp-10-ngua","status":"publish","type":"product","link":"https:\/\/maylanhlamhoanglong.com\/?product=may-lanh-tu-dung-lg-apnq100lfa0-10-0-hp-10-ngua","title":{"rendered":"M\u00e1y l\u1ea1nh t\u1ee7 \u0111\u1ee9ng LG APNQ100LFA0 10.0 HP (10 Ng\u1ef1a)"},"content":{"rendered":"<h3 id=\"?\"><a class=\"img-popup\" title=\"\" href=\"https:\/\/sieuthimaylanh.com\/uploads\/product\/03_2023\/may-lanh-tu-dung-lg-apnq100lfa0-10-0hp.jpg\" rel=\"gallery\"><img decoding=\"async\" src=\"https:\/\/sieuthimaylanh.com\/uploads\/product\/03_2023\/may-lanh-tu-dung-lg-apnq100lfa0-10-0hp.jpg\" alt=\"\" \/><\/a><\/h3>\n<h3 id=\"Thi\u1ebft_k\u1ebf_sang_tr\u1ecdng_v\u00e0_\u0111\u1eb3ng_c\u1ea5p\">Thi\u1ebft k\u1ebf sang tr\u1ecdng v\u00e0 \u0111\u1eb3ng c\u1ea5p<\/h3>\n<p>M\u00e1y \u0111i\u1ec1u h\u00f2a t\u1ee7 \u0111\u1ee9ng m\u1edbi c\u1ee7a\u00a0<strong>m\u00e1y l\u1ea1nh t\u1ee7 \u0111\u1ee9ng LG<\/strong>\u00a0l\u00e0 s\u1ea3n ph\u1ea9m l\u00fd t\u01b0\u1edfng cho n\u1ed9i th\u1ea5t phong c\u00e1ch hi\u1ec7n \u0111\u1ea1i trong v\u0103n ph\u00f2ng ho\u1eb7c nh\u00e0 h\u00e0ng c\u1ee7a b\u1ea1n.<\/p>\n<p><a class=\"img-popup\" title=\"may-lanh-tu-dung-lg-apnq24gs1a3-2-5hp-2\" href=\"https:\/\/sieuthimaylanh.com\/uploads\/product\/09_2020\/may-lanh-tu-dung-lg-apnq24gs1a3-2-5hp-2.jpg\" rel=\"gallery\"><img decoding=\"async\" src=\"https:\/\/sieuthimaylanh.com\/uploads\/product\/09_2020\/may-lanh-tu-dung-lg-apnq24gs1a3-2-5hp-2.jpg\" alt=\"may-lanh-tu-dung-lg-apnq24gs1a3-2-5hp-2\" \/><\/a><\/p>\n<p><strong>M\u1eb7t n\u1ea1 m\u00e1y l\u1ea1nh c\u00f3 k\u1ebft c\u1ea5u r\u1ea5t c\u00e1 t\u00ednh v\u00e0 sang tr\u1ecdng:<\/strong><\/p>\n<p><strong><a class=\"img-popup\" title=\"may-lanh-tu-dung-lg-apnq24gs1a3-2-5hp-2-1\" href=\"https:\/\/sieuthimaylanh.com\/uploads\/product\/09_2020\/may-lanh-tu-dung-lg-apnq24gs1a3-2-5hp-2-1.jpg\" rel=\"gallery\"><img decoding=\"async\" src=\"https:\/\/sieuthimaylanh.com\/uploads\/product\/09_2020\/may-lanh-tu-dung-lg-apnq24gs1a3-2-5hp-2-1.jpg\" alt=\"may-lanh-tu-dung-lg-apnq24gs1a3-2-5hp-2-1\" \/><\/a><\/strong><\/p>\n<h3 id=\"Lu\u1ed3ng_gi\u00f3_th\u1ed5i_m\u1ea1nh_m\u1ebd\">Lu\u1ed3ng gi\u00f3 th\u1ed5i m\u1ea1nh m\u1ebd<\/h3>\n<p>M\u00e1y \u0111i\u1ec1u h\u00f2a kh\u00f4ng kh\u00ed t\u1ee7 \u0111\u1ee9ng m\u1edbi c\u1ee7a LG ho\u1ea1t \u0111\u1ed9ng r\u1ea5t hi\u1ec7u qu\u1ea3 \u1edf nh\u1eefng khu v\u1ef1c r\u1ed9ng l\u1edbn nh\u1edd c\u00f4ng su\u1ea5t l\u00e0m l\u1ea1nh m\u1ea1nh m\u1ebd. T\u1ed1c \u0111\u1ed9 v\u00e0 l\u01b0u l\u01b0\u1ee3ng th\u1ed5i gi\u00f3 m\u1ea1nh m\u1ebd, lu\u1ed3ng gi\u00f3 c\u00f3 th\u1ec3 \u0111\u01b0\u1ee3c th\u1ed5i ra xa kh\u1ecfi m\u00e1y \u0111i\u1ec1u h\u00f2a kh\u00f4ng kh\u00ed t\u1edbi 20 m.<\/p>\n<p><a class=\"img-popup\" title=\"may-lanh-tu-dung-lg-apnq24gs1a3-2-5hp-3\" href=\"https:\/\/sieuthimaylanh.com\/uploads\/product\/09_2020\/may-lanh-tu-dung-lg-apnq24gs1a3-2-5hp-3.jpg\" rel=\"gallery\"><img decoding=\"async\" src=\"https:\/\/sieuthimaylanh.com\/uploads\/product\/09_2020\/may-lanh-tu-dung-lg-apnq24gs1a3-2-5hp-3.jpg\" alt=\"may-lanh-tu-dung-lg-apnq24gs1a3-2-5hp-3\" \/><\/a><\/p>\n<h3 id=\"C\u00f4ng_su\u1ea5t_l\u00e0m_l\u1ea1nh_m\u1ea1nh_m\u1ebd_v\u00e0_nhanh_ch\u00f3ng\">C\u00f4ng su\u1ea5t l\u00e0m l\u1ea1nh m\u1ea1nh m\u1ebd v\u00e0 nhanh ch\u00f3ng<\/h3>\n<p><a class=\"img-popup\" title=\"may-lanh-tu-dung-lg-apnq24gs1a3-2-5hp-4\" href=\"https:\/\/sieuthimaylanh.com\/uploads\/product\/09_2020\/may-lanh-tu-dung-lg-apnq24gs1a3-2-5hp-4.jpg\" rel=\"gallery\"><img decoding=\"async\" src=\"https:\/\/sieuthimaylanh.com\/uploads\/product\/09_2020\/may-lanh-tu-dung-lg-apnq24gs1a3-2-5hp-4.jpg\" alt=\"may-lanh-tu-dung-lg-apnq24gs1a3-2-5hp-4\" \/><\/a><\/p>\n<h3 id=\"L\u00e0m_l\u1ea1nh_hi\u1ec7u_qu\u1ea3\">L\u00e0m l\u1ea1nh hi\u1ec7u qu\u1ea3<\/h3>\n<p>Ch\u1ee9c n\u0103ng l\u00e0m l\u1ea1nh nhanh \u0111i\u1ec1u ch\u1ec9nh g\u00f3c th\u1ed5i gi\u00f3 t\u1ed1i \u01b0u, nh\u1edd \u0111\u00f3 \u0111\u1ea3m b\u1ea3o n\u0103ng su\u1ea5t l\u00e0m l\u1ea1nh nhanh ch\u00f3ng v\u00e0 m\u1ea1nh m\u1ebd h\u01a1n. Ch\u1ebf \u0111\u1ed9 l\u00e0m l\u1ea1nh nhanh d\u1ec5 d\u00e0ng<\/p>\n<p><a class=\"img-popup\" title=\"may-lanh-tu-dung-lg-apnq24gs1a3-2-5hp-5\" href=\"https:\/\/sieuthimaylanh.com\/uploads\/product\/09_2020\/may-lanh-tu-dung-lg-apnq24gs1a3-2-5hp-5.jpg\" rel=\"gallery\"><img decoding=\"async\" src=\"https:\/\/sieuthimaylanh.com\/uploads\/product\/09_2020\/may-lanh-tu-dung-lg-apnq24gs1a3-2-5hp-5.jpg\" alt=\"may-lanh-tu-dung-lg-apnq24gs1a3-2-5hp-5\" \/><\/a><\/p>\n<p><strong>Ph\u00e2n ph\u1ed1i l\u01b0\u1ee3ng gi\u00f3 m\u1ea1nh m\u1ebd v\u00e0 \u0111\u1ed3ng \u0111\u1ec1u:<\/strong><\/p>\n<p><a class=\"img-popup\" title=\"may-lanh-tu-dung-lg-apnq24gs1a3-2-5hp-6-1\" href=\"https:\/\/sieuthimaylanh.com\/uploads\/product\/09_2020\/may-lanh-tu-dung-lg-apnq24gs1a3-2-5hp-6-1.jpg\" rel=\"gallery\"><img decoding=\"async\" src=\"https:\/\/sieuthimaylanh.com\/uploads\/product\/09_2020\/may-lanh-tu-dung-lg-apnq24gs1a3-2-5hp-6-1.jpg\" alt=\"may-lanh-tu-dung-lg-apnq24gs1a3-2-5hp-6-1\" \/><\/a><\/p>\n<h3 id=\"4_h\u01b0\u1edbng_gi\u00f3_t\u1ef1_\u0111\u1ed9ng_(c\u00f4ng_ngh\u1ec7_qu\u1ea1t_m\u1edbi)\">4 h\u01b0\u1edbng gi\u00f3 t\u1ef1 \u0111\u1ed9ng (c\u00f4ng ngh\u1ec7 qu\u1ea1t m\u1edbi)<\/h3>\n<p>S\u1eed d\u1ee5ng qu\u1ea1t c\u00f4ng ngh\u1ec7 m\u1edbi, m\u00e1y l\u1ea1nh LG t\u1ee7 \u0111\u1ee9ng t\u1ea1o ra lu\u1ed3ng kh\u00ed th\u1ed5i m\u1ea1nh m\u1ebd v\u00e0 \u0111\u1ed9 \u1ed3n th\u1ea5p.<\/p>\n<p><a class=\"img-popup\" title=\"may-lanh-tu-dung-lg-apnq24gs1a3-2-5hp-6\" href=\"https:\/\/sieuthimaylanh.com\/uploads\/product\/09_2020\/may-lanh-tu-dung-lg-apnq24gs1a3-2-5hp-6.jpg\" rel=\"gallery\"><img decoding=\"async\" src=\"https:\/\/sieuthimaylanh.com\/uploads\/product\/09_2020\/may-lanh-tu-dung-lg-apnq24gs1a3-2-5hp-6.jpg\" alt=\"may-lanh-tu-dung-lg-apnq24gs1a3-2-5hp-6\" \/><\/a><\/p>\n<h3 id=\"D\u00e0n_trao_\u0111\u1ed5i_nhi\u1ec7t_Golfin_h\u1ea1n_ch\u1ebf_\u0103n_m\u00f2n\">D\u00e0n trao \u0111\u1ed5i nhi\u1ec7t Golfin h\u1ea1n ch\u1ebf \u0103n m\u00f2n<\/h3>\n<p>L\u1edbp ph\u1ee7 \u0111\u1eb7c bi\u1ec7t m\u00e0u v\u00e0ng tr\u00ean c\u00e1nh t\u1ea3n nhi\u1ec7t c\u1ee7a b\u1ed9 trao \u0111\u1ed5i nhi\u1ec7t gi\u00fap ng\u0103n ng\u1eeba t\u00ecnh tr\u1ea1ng \u0103n m\u00f2n, k\u00e9o d\u00e0i tu\u1ed5i th\u1ecd c\u1ee7a thi\u1ebft b\u1ecb.<\/p>\n<p><a class=\"img-popup\" title=\"may-lanh-tu-dung-lg-apnq24gs1a3-2-5hp-7_1\" href=\"https:\/\/sieuthimaylanh.com\/uploads\/product\/09_2020\/may-lanh-tu-dung-lg-apnq24gs1a3-2-5hp-7_1.jpg\" rel=\"gallery\"><img decoding=\"async\" src=\"https:\/\/sieuthimaylanh.com\/uploads\/product\/09_2020\/may-lanh-tu-dung-lg-apnq24gs1a3-2-5hp-7_1.jpg\" alt=\"may-lanh-tu-dung-lg-apnq24gs1a3-2-5hp-7_1\" \/><\/a><\/p>\n<h3 id=\"Th\u00f4ng_s\u1ed1_k\u1ef9_thu\u1eadt\">Th\u00f4ng s\u1ed1 k\u1ef9 thu\u1eadt<\/h3>\n<p><a class=\"img-popup\" title=\"may-lanh-tu-dung-lg-apnq24gs1a3-2-5hp-8_1\" href=\"https:\/\/sieuthimaylanh.com\/uploads\/product\/09_2020\/may-lanh-tu-dung-lg-apnq24gs1a3-2-5hp-8_1.jpg\" rel=\"gallery\"><img decoding=\"async\" src=\"https:\/\/sieuthimaylanh.com\/uploads\/product\/09_2020\/may-lanh-tu-dung-lg-apnq24gs1a3-2-5hp-8_1.jpg\" alt=\"may-lanh-tu-dung-lg-apnq24gs1a3-2-5hp-8_1\" \/><\/a><\/p>\n","protected":false},"excerpt":{"rendered":"<table class=\"table-digitals\">\n<tbody>\n<tr class=\"row-title\">\n<td colspan=\"2\"><strong class=\"row0\">Th\u00f4ng s\u1ed1 k\u1ef9 thu\u1eadt<\/strong><\/td>\n<\/tr>\n<tr class=\"row-item\">\n<td class=\"row0\">Xu\u1ea5t x\u1ee9<\/td>\n<td class=\"row1\">Th\u01b0\u01a1ng hi\u1ec7u : Ha\u0300n Qu\u00f4\u0301c &#8211; S\u1ea3n xu\u1ea5t t\u1ea1i : H\u00e0n Qu\u1ed1c<\/td>\n<\/tr>\n<tr class=\"row-item\">\n<td class=\"row0\">Lo\u1ea1i Gas l\u1ea1nh<\/td>\n<td class=\"row1\">R410A<\/td>\n<\/tr>\n<tr class=\"row-item\">\n<td class=\"row0\">Lo\u1ea1i m\u00e1y<\/td>\n<td class=\"row1\">M\u00e1y l\u1ea1nh th\u01b0\u1eddng ( Mono) &#8211; lo\u1ea1i 1 chi\u1ec1u (ch\u1ec9 l\u00e0m l\u1ea1nh)<\/td>\n<\/tr>\n<tr class=\"row-item\">\n<td class=\"row0\">C\u00f4ng su\u1ea5t l\u00e0m l\u1ea1nh<\/td>\n<td class=\"row1\">10.0 Hp (10.0 Ng\u1ef1a) &#8211; 93.000 Btu\/h<\/td>\n<\/tr>\n<tr class=\"row-item\">\n<td class=\"row0\">S\u1eed d\u1ee5ng cho ph\u00f2ng<\/td>\n<td class=\"row1\">Di\u00ea\u0323n ti\u0301ch 130 &#8211; 134 m\u00b2 ho\u1eb7c 390 &#8211; 402 m\u00b3 khi\u0301 (thi\u0301ch h\u01a1\u0323p cho pho\u0300ng kha\u0301ch, v\u0103n pho\u0300ng)<\/td>\n<\/tr>\n<tr class=\"row-item\">\n<td class=\"row0\">Ngu\u1ed3n \u0111i\u1ec7n (Ph\/V\/Hz)<\/td>\n<td class=\"row1\">3 Pha, 380 &#8211; 415 V, 50Hz<\/td>\n<\/tr>\n<tr class=\"row-item\">\n<td class=\"row0\">C\u00f4ng su\u1ea5t ti\u00eau th\u1ee5 \u0111i\u1ec7n<\/td>\n<td class=\"row1\">11,5 kW<\/td>\n<\/tr>\n<tr class=\"row-item\">\n<td class=\"row0\">K\u00edch th\u01b0\u1edbc \u1ed1ng \u0111\u1ed3ng Gas (mm)<\/td>\n<td class=\"row1\">9.52 \/ 22.2<\/td>\n<\/tr>\n<tr class=\"row-item\">\n<td class=\"row0\">Chi\u1ec1u d\u00e0i \u1ed1ng gas t\u1ed1i \u0111a (m)<\/td>\n<td class=\"row1\">50 (m)<\/td>\n<\/tr>\n<tr class=\"row-item\">\n<td class=\"row0\">Ch\u00eanh l\u1ec7ch \u0111\u1ed9 cao (t\u1ed1i \u0111a) (m)<\/td>\n<td class=\"row1\">30 (m)<\/td>\n<\/tr>\n<tr class=\"row-title\">\n<td colspan=\"2\"><strong class=\"row0\">D\u00e0n L\u1ea1nh<\/strong><\/td>\n<\/tr>\n<tr class=\"row-item\">\n<td class=\"row0\">K\u00edch th\u01b0\u1edbc d\u00e0n l\u1ea1nh (mm)<\/td>\n<td class=\"row1\">1880 x 1050 x 495 (mm)<\/td>\n<\/tr>\n<tr class=\"row-item\">\n<td class=\"row0\">Tr\u1ecdng l\u01b0\u1ee3ng d\u00e0n l\u1ea1nh (Kg)<\/td>\n<td class=\"row1\">113 (Kg)<\/td>\n<\/tr>\n<tr class=\"row-title\">\n<td colspan=\"2\"><strong class=\"row0\">D\u00e0n N\u00f3ng<\/strong><\/td>\n<\/tr>\n<tr class=\"row-item\">\n<td class=\"row0\">K\u00edch th\u01b0\u1edbc d\u00e0n n\u00f3ng (mm)<\/td>\n<td class=\"row1\">1625 x 1090 x 380 (mm)<\/td>\n<\/tr>\n<tr class=\"row-item\">\n<td class=\"row0\">Tr\u1ecdng l\u01b0\u1ee3ng d\u00e0n n\u00f3ng (Kg)<\/td>\n<td class=\"row1\">143 (Kg)<\/td>\n<\/tr>\n<\/tbody>\n<\/table>\n","protected":false},"featured_media":1298,"comment_status":"open","ping_status":"closed","template":"","meta":{"wprm-recipe-roundup-name":"","wprm-recipe-roundup-description":""},"product_brand":[],"product_cat":[118],"product_tag":[166],"class_list":{"0":"post-1297","1":"product","2":"type-product","3":"status-publish","4":"has-post-thumbnail","6":"thuong-hieu-lg","7":"product_cat-may-lanh-tu-dung","8":"product_tag-bao-hanh-12-thang","9":"pa_cong-nghe-inverter","10":"pa_may-lanh-tu-dung-10-hp","12":"first","13":"instock","14":"sale","15":"taxable","16":"shipping-taxable","17":"purchasable","18":"product-type-simple"},"_links":{"self":[{"href":"https:\/\/maylanhlamhoanglong.com\/index.php?rest_route=\/wp\/v2\/product\/1297","targetHints":{"allow":["GET"]}}],"collection":[{"href":"https:\/\/maylanhlamhoanglong.com\/index.php?rest_route=\/wp\/v2\/product"}],"about":[{"href":"https:\/\/maylanhlamhoanglong.com\/index.php?rest_route=\/wp\/v2\/types\/product"}],"replies":[{"embeddable":true,"href":"https:\/\/maylanhlamhoanglong.com\/index.php?rest_route=%2Fwp%2Fv2%2Fcomments&post=1297"}],"wp:featuredmedia":[{"embeddable":true,"href":"https:\/\/maylanhlamhoanglong.com\/index.php?rest_route=\/wp\/v2\/media\/1298"}],"wp:attachment":[{"href":"https:\/\/maylanhlamhoanglong.com\/index.php?rest_route=%2Fwp%2Fv2%2Fmedia&parent=1297"}],"wp:term":[{"taxonomy":"product_brand","embeddable":true,"href":"https:\/\/maylanhlamhoanglong.com\/index.php?rest_route=%2Fwp%2Fv2%2Fproduct_brand&post=1297"},{"taxonomy":"product_cat","embeddable":true,"href":"https:\/\/maylanhlamhoanglong.com\/index.php?rest_route=%2Fwp%2Fv2%2Fproduct_cat&post=1297"},{"taxonomy":"product_tag","embeddable":true,"href":"https:\/\/maylanhlamhoanglong.com\/index.php?rest_route=%2Fwp%2Fv2%2Fproduct_tag&post=1297"}],"curies":[{"name":"wp","href":"https:\/\/api.w.org\/{rel}","templated":true}]}}