{"id":1266,"date":"2025-03-10T23:26:02","date_gmt":"2025-03-10T16:26:02","guid":{"rendered":"https:\/\/maylanhlamhoanglong.com\/?post_type=product&#038;p=1266"},"modified":"2025-03-10T23:26:02","modified_gmt":"2025-03-10T16:26:02","slug":"may-lanh-comfee-inverter-1-hp-cfs-10vcb1-2025","status":"publish","type":"product","link":"https:\/\/maylanhlamhoanglong.com\/?product=may-lanh-comfee-inverter-1-hp-cfs-10vcb1-2025","title":{"rendered":"M\u00e1y l\u1ea1nh Comfee Inverter 1 HP CFS-10VCB1 2025"},"content":{"rendered":"<h3>T\u1ed5ng quan thi\u1ebft k\u1ebf<\/h3>\n<p>D\u00e0n l\u1ea1nh<\/p>\n<p>\u2013 Comfee CFS-10VCB1 c\u00f3 v\u1ebb ngo\u00e0i \u0111\u01b0\u1ee3c thi\u1ebft k\u1ebf tinh t\u1ebf, gam m\u00e0u tr\u1eafng trang nh\u00e3, ph\u00f9 h\u1ee3p v\u1edbi nhi\u1ec1u phong c\u00e1ch thi\u1ebft k\u1ebf n\u1ed9i th\u1ea5t kh\u00e1c nhau. V\u1ecf m\u00e1y b\u1eb1ng nh\u1ef1a ch\u1ea5t l\u01b0\u1ee3ng t\u1ed1t, h\u1ea1n ch\u1ebf r\u1ea1n n\u1ee9t trong qu\u00e1 tr\u00ecnh s\u1eed d\u1ee5ng.<\/p>\n<p>\u2013 T\u00edch h\u1ee3p\u00a0<strong>m\u00e0n h\u00ecnh LCD hi\u1ec3n th\u1ecb nhi\u1ec7t \u0111\u1ed9<\/strong>\u00a0r\u00f5 r\u00e0ng cho ng\u01b0\u1eddi d\u00f9ng ki\u1ec3m tra nhi\u1ec7t \u0111\u1ed9 d\u1ec5 d\u00e0ng b\u1ea5t c\u1ee9 l\u00fac n\u00e0o ch\u1ec9 v\u1edbi c\u1eed \u0111\u1ed9ng ng\u1ea9ng \u0111\u1ea7u l\u00ean nh\u00ecn.<\/p>\n<p>D\u00e0n n\u00f3ng<\/p>\n<p>\u2013 Ki\u1ec3u d\u00e1ng t\u1ed1i gi\u1ea3n, c\u00f3 c\u00f9ng s\u1eafc tr\u1eafng thanh l\u1ecbch v\u1edbi d\u00e0n l\u1ea1nh, v\u1ecf ngo\u00e0i l\u00e0m t\u1eeb nh\u00f4m s\u01a1n c\u00e1ch \u0111i\u1ec7n \u0111\u1ea3m b\u1ea3o an to\u00e0n khi ti\u1ebfp x\u00fac, ch\u1ea5t li\u1ec7u b\u1ec1n b\u1ec9, ch\u1ecbu \u0111\u01b0\u1ee3c l\u1ef1c t\u00e1c \u0111\u1ed9ng t\u1ed1t.<\/p>\n<p>\u2013\u00a0<strong>\u1ed0ng d\u1eabn gas b\u1eb1ng \u0111\u1ed3ng<\/strong>,\u00a0<strong>l\u00e1 t\u1ea3n nhi\u1ec7t nh\u00f4m<\/strong>\u00a0<strong>ph\u1ee7 l\u1edbp Golden Coating<\/strong>\u00a0gi\u00fap t\u0103ng c\u01b0\u1eddng b\u1ea3o v\u1ec7 d\u00e0n t\u1ea3n nhi\u1ec7t, ch\u1ed1ng \u0103n m\u00f2n b\u1edfi c\u00e1c nh\u00e2n t\u1ed1 b\u00ean ngo\u00e0i, h\u1ea1n ch\u1ebf \u0111\u01b0\u1ee3c s\u1ef1 ph\u00e1t tri\u1ec3n, t\u00edch t\u1ee5 c\u1ee7a vi khu\u1ea9n, n\u1ea5m m\u1ed1c, \u0111\u1ea3m b\u1ea3o hi\u1ec7u su\u1ea5t v\u00e0 tu\u1ed5i th\u1ecd thi\u1ebft b\u1ecb t\u1ed1i \u01b0u.<\/p>\n<p><a class=\"preventdefault\" href=\"https:\/\/cdn.tgdd.vn\/Products\/2002\/320984\/comfee-inverter-1-hp-cfs-10vcb1-2-1020x570.jpg\"><img loading=\"lazy\" decoding=\"async\" class=\" ls-is-cached lazyloaded\" title=\"M\u00e1y l\u1ea1nh Comfee Inverter 1 HP CFS-10VCB1 - T\u1ed5ng quan thi\u1ebft k\u1ebf\" src=\"https:\/\/cdn.tgdd.vn\/Products\/2002\/320984\/comfee-inverter-1-hp-cfs-10vcb1-2-1020x570.jpg\" alt=\"M\u00e1y l\u1ea1nh Comfee Inverter 1 HP CFS-10VCB1 - T\u1ed5ng quan thi\u1ebft k\u1ebf\" width=\"1020\" height=\"570\" data-src=\"https:\/\/cdn.tgdd.vn\/Products\/2002\/320984\/comfee-inverter-1-hp-cfs-10vcb1-2-1020x570.jpg\" \/><\/a><\/p>\n<p><em>*H\u00ecnh \u1ea3nh ch\u1ec9 mang t\u00ednh ch\u1ea5t minh h\u1ecda s\u1ea3n ph\u1ea9m<\/em><\/p>\n<h3>C\u00f4ng ngh\u1ec7 l\u00e0m l\u1ea1nh<\/h3>\n<p>\u2013 C\u00f4ng su\u1ea5t l\u00e0m l\u1ea1nh\u00a0<strong>1 HP \u2013 10.000 BTU<\/strong>\u00a0\u0111\u00e1p \u1ee9ng nhu c\u1ea7u s\u1eed d\u1ee5ng trong ph\u1ea1m vi d\u01b0\u1edbi 15m\u00b2 (t\u1eeb 30 \u0111\u1ebfn 45m\u00b3).<\/p>\n<p>\u2013 M\u1eabu m\u00e1y l\u1ea1nh n\u00e0y \u0111\u01b0\u1ee3c h\u1ed7 tr\u1ee3 c\u00f4ng ngh\u1ec7 l\u00e0m l\u1ea1nh nhanh\u00a0<strong>High Power<\/strong>\u00a0n\u00e2ng cao t\u1ed1c \u0111\u1ed9 l\u00e0m l\u1ea1nh gi\u00fap m\u1ecdi ng\u01b0\u1eddi sinh ho\u1ea1t trong ph\u00f2ng c\u1ea3m nh\u1eadn \u0111\u01b0\u1ee3c kh\u00f4ng kh\u00ed m\u00e1t m\u1ebb ngay t\u1ee9c th\u00ec.<\/p>\n<p><a class=\"preventdefault\" href=\"https:\/\/cdn.tgdd.vn\/Products\/2002\/320984\/comfee-inverter-1-hp-cfs-10vcb1-6-1020x570.jpg\"><img loading=\"lazy\" decoding=\"async\" class=\" lazyloaded\" title=\"M\u00e1y l\u1ea1nh Comfee Inverter 1 HP CFS-10VCB1 - C\u00f4ng ngh\u1ec7 l\u00e0m l\u1ea1nh\" src=\"https:\/\/cdn.tgdd.vn\/Products\/2002\/320984\/comfee-inverter-1-hp-cfs-10vcb1-6-1020x570.jpg\" alt=\"M\u00e1y l\u1ea1nh Comfee Inverter 1 HP CFS-10VCB1 - C\u00f4ng ngh\u1ec7 l\u00e0m l\u1ea1nh\" width=\"1020\" height=\"570\" data-src=\"https:\/\/cdn.tgdd.vn\/Products\/2002\/320984\/comfee-inverter-1-hp-cfs-10vcb1-6-1020x570.jpg\" \/><\/a><\/p>\n<p><em>*H\u00ecnh \u1ea3nh ch\u1ec9 mang t\u00ednh ch\u1ea5t minh h\u1ecda s\u1ea3n ph\u1ea9m<\/em><\/p>\n<h3>C\u00f4ng ngh\u1ec7 ti\u1ebft ki\u1ec7m \u0111i\u1ec7n<\/h3>\n<p>\u2013 C\u00f4ng ngh\u1ec7 bi\u1ebfn t\u1ea7n inverter v\u00e0 b\u1ed5 x\u1eed l\u00ed E-max cho m\u00e1y n\u00e9n v\u1eadn h\u00e0nh tr\u01a1n tru, \u1ed5n \u0111\u1ecbnh, t\u1ed1i \u01b0u hi\u1ec7u su\u1ea5t v\u00e0 h\u1ea1n ch\u1ebf hao ph\u00ed \u0111i\u1ec7n n\u0103ng cho gia \u0111\u00ecnh.<\/p>\n<p>\u2013 Ch\u1ebf \u0111\u1ed9 Ecokhi k\u00edch ho\u1ea1t thi\u1ebft b\u1ecb s\u1ebd ho\u1ea1t \u0111\u1ed9ng v\u1edbi m\u1ee9c ti\u00eau th\u1ee5 \u0111i\u1ec7n n\u0103ng th\u1ea5p, ti\u1ebft ki\u1ec7m n\u0103ng l\u01b0\u1ee3ng l\u00ean t\u1edbi 71% so v\u1edbi c\u00e1c m\u00e1y l\u1ea1nh th\u00f4ng th\u01b0\u1eddng kh\u00e1c.\u00a0<strong>Ch\u1ebf \u0111\u1ed9\u00a0Gear<\/strong>\u00a0v\u1edbi 3 m\u1ee9c c\u00f4ng su\u1ea5t thi\u1ebft l\u1eadp 100%, 75% v\u00e0 50% cho b\u1ea1n t\u00f9y ch\u1ecdn \u0111\u1ec3 ph\u00f9 h\u1ee3p v\u1edbi s\u1ed1 l\u01b0\u1ee3ng ng\u01b0\u1eddi, kh\u00f4ng gian v\u00e0 nhu c\u1ea7u ho\u1ea1t \u0111\u1ed9ng t\u1eeb \u0111\u00f3 gi\u00fap tr\u00e1nh \u0111\u01b0\u1ee3c tr\u01b0\u1eddng h\u1ee3p l\u00e3ng ph\u00ed \u0111i\u1ec7n n\u0103ng.<\/p>\n<p>\u2013 Nh\u00e3n n\u0103ng l\u01b0\u1ee3ng<strong>\u00a05 sao<\/strong>\u00a0(hi\u1ec7u su\u1ea5t n\u0103ng l\u01b0\u1ee3ng 6.01).<\/p>\n<p><a class=\"preventdefault\" href=\"https:\/\/cdn.tgdd.vn\/Products\/2002\/320984\/comfee-inverter-1-hp-cfs-10vcb1-3-1020x570.jpg\"><img loading=\"lazy\" decoding=\"async\" class=\" ls-is-cached lazyloaded\" title=\"M\u00e1y l\u1ea1nh Comfee Inverter 1 HP CFS-10VCB1 - C\u00f4ng ngh\u1ec7 ti\u1ebft ki\u1ec7m \u0111i\u1ec7n\" src=\"https:\/\/cdn.tgdd.vn\/Products\/2002\/320984\/comfee-inverter-1-hp-cfs-10vcb1-3-1020x570.jpg\" alt=\"M\u00e1y l\u1ea1nh Comfee Inverter 1 HP CFS-10VCB1 - C\u00f4ng ngh\u1ec7 ti\u1ebft ki\u1ec7m \u0111i\u1ec7n\" width=\"1020\" height=\"570\" data-src=\"https:\/\/cdn.tgdd.vn\/Products\/2002\/320984\/comfee-inverter-1-hp-cfs-10vcb1-3-1020x570.jpg\" \/><\/a><\/p>\n<p><em>*H\u00ecnh \u1ea3nh ch\u1ec9 mang t\u00ednh ch\u1ea5t minh h\u1ecda s\u1ea3n ph\u1ea9m<\/em><\/p>\n<h3>C\u01a1 ch\u1ebf th\u1ed5i gi\u00f3<\/h3>\n<p>\u2013 Th\u1ed5i gi\u00f3 theo c\u01a1 ch\u1ebf\u00a0<strong>\u0111i\u1ec1u khi\u1ec3n l\u00ean xu\u1ed1ng t\u1ef1 \u0111\u1ed9ng\u00a0<\/strong>lan t\u1ecfa kh\u00ed l\u1ea1nh r\u1ed9ng \u0111\u1ec3 b\u1ea1n l\u00e0m vi\u1ec7c, ngh\u1ec9 ng\u01a1i hay vui ch\u01a1i trong ph\u00f2ng lu\u00f4n \u1edf tr\u1ea1ng th\u00e1i tho\u1ea3i m\u00e1i.<\/p>\n<p>\u2013 C\u1ea3m bi\u1ebfn nhi\u1ec7t \u0111\u1ed9 Follow Me: th\u00f4ng qua c\u1ea3m bi\u1ebfn t\u00edch h\u1ee3p tr\u00ean remote, m\u00e1y l\u1ea1nh Comfee nh\u1eadn bi\u1ebft nhi\u1ec7t \u0111\u1ed9 c\u1ee7a m\u00f4i tr\u01b0\u1eddng quanh \u0111i\u1ec1u khi\u1ec3n t\u1eeb xa, t\u1ef1 \u0111\u1ed9ng \u0111i\u1ec1u ch\u1ec9nh sao qua nhi\u1ec7t \u0111\u1ed9 quanh remote \u0111\u1ea1t t\u1edbi m\u1ee9c nhi\u1ec7t \u0111\u1ed9 b\u1ea1n \u0111\u00e3 thi\u1ebft l\u1eadp.<\/p>\n<p><a class=\"preventdefault\" href=\"https:\/\/cdn.tgdd.vn\/Products\/2002\/320984\/comfee-inverter-1-hp-cfs-10vcb1-4-1020x570.jpg\"><img loading=\"lazy\" decoding=\"async\" class=\" lazyloaded\" title=\"M\u00e1y l\u1ea1nh Comfee Inverter 1 HP CFS-10VCB1 - C\u01a1 ch\u1ebf th\u1ed5i gi\u00f3\" src=\"https:\/\/cdn.tgdd.vn\/Products\/2002\/320984\/comfee-inverter-1-hp-cfs-10vcb1-4-1020x570.jpg\" alt=\"M\u00e1y l\u1ea1nh Comfee Inverter 1 HP CFS-10VCB1 - C\u01a1 ch\u1ebf th\u1ed5i gi\u00f3\" width=\"1020\" height=\"570\" data-src=\"https:\/\/cdn.tgdd.vn\/Products\/2002\/320984\/comfee-inverter-1-hp-cfs-10vcb1-4-1020x570.jpg\" \/><\/a><\/p>\n<p><em>*H\u00ecnh \u1ea3nh ch\u1ec9 mang t\u00ednh ch\u1ea5t minh h\u1ecda s\u1ea3n ph\u1ea9m<\/em><\/p>\n","protected":false},"excerpt":{"rendered":"<p>T\u1ed5ng quan thi\u1ebft k\u1ebf D\u00e0n l\u1ea1nh \u2013 Comfee CFS-10VCB1 c\u00f3 v\u1ebb ngo\u00e0i \u0111\u01b0\u1ee3c thi\u1ebft k\u1ebf tinh t\u1ebf, gam m\u00e0u tr\u1eafng trang nh\u00e3, ph\u00f9 h\u1ee3p v\u1edbi nhi\u1ec1u phong c\u00e1ch thi\u1ebft k\u1ebf n\u1ed9i th\u1ea5t kh\u00e1c nhau. V\u1ecf m\u00e1y b\u1eb1ng nh\u1ef1a ch\u1ea5t l\u01b0\u1ee3ng t\u1ed1t, h\u1ea1n ch\u1ebf r\u1ea1n n\u1ee9t trong qu\u00e1 tr\u00ecnh s\u1eed d\u1ee5ng. \u2013 T\u00edch h\u1ee3p\u00a0m\u00e0n h\u00ecnh LCD&#8230;<\/p>\n","protected":false},"featured_media":1268,"comment_status":"open","ping_status":"closed","template":"","meta":{"wprm-recipe-roundup-name":"","wprm-recipe-roundup-description":""},"product_brand":[],"product_cat":[115],"product_tag":[167],"class_list":{"0":"post-1266","1":"product","2":"type-product","3":"status-publish","4":"has-post-thumbnail","6":"thuong-hieu-comfee","7":"product_cat-may-lanh-treo-tuong","8":"product_tag-bao-hanh-24-thang","9":"pa_cong-nghe-inverter-cao-cap","10":"pa_cong-suat-lam-lanh-1-hp","11":"pa_may-lanh-treo-tuong-1-0-hp","13":"first","14":"instock","15":"sale","16":"taxable","17":"shipping-taxable","18":"purchasable","19":"product-type-simple"},"_links":{"self":[{"href":"https:\/\/maylanhlamhoanglong.com\/index.php?rest_route=\/wp\/v2\/product\/1266","targetHints":{"allow":["GET"]}}],"collection":[{"href":"https:\/\/maylanhlamhoanglong.com\/index.php?rest_route=\/wp\/v2\/product"}],"about":[{"href":"https:\/\/maylanhlamhoanglong.com\/index.php?rest_route=\/wp\/v2\/types\/product"}],"replies":[{"embeddable":true,"href":"https:\/\/maylanhlamhoanglong.com\/index.php?rest_route=%2Fwp%2Fv2%2Fcomments&post=1266"}],"wp:featuredmedia":[{"embeddable":true,"href":"https:\/\/maylanhlamhoanglong.com\/index.php?rest_route=\/wp\/v2\/media\/1268"}],"wp:attachment":[{"href":"https:\/\/maylanhlamhoanglong.com\/index.php?rest_route=%2Fwp%2Fv2%2Fmedia&parent=1266"}],"wp:term":[{"taxonomy":"product_brand","embeddable":true,"href":"https:\/\/maylanhlamhoanglong.com\/index.php?rest_route=%2Fwp%2Fv2%2Fproduct_brand&post=1266"},{"taxonomy":"product_cat","embeddable":true,"href":"https:\/\/maylanhlamhoanglong.com\/index.php?rest_route=%2Fwp%2Fv2%2Fproduct_cat&post=1266"},{"taxonomy":"product_tag","embeddable":true,"href":"https:\/\/maylanhlamhoanglong.com\/index.php?rest_route=%2Fwp%2Fv2%2Fproduct_tag&post=1266"}],"curies":[{"name":"wp","href":"https:\/\/api.w.org\/{rel}","templated":true}]}}