{"id":1253,"date":"2025-03-10T22:47:15","date_gmt":"2025-03-10T15:47:15","guid":{"rendered":"https:\/\/maylanhlamhoanglong.com\/?post_type=product&#038;p=1253"},"modified":"2025-03-10T22:47:15","modified_gmt":"2025-03-10T15:47:15","slug":"may-lanh-treo-tuong-reetech-rtv9-tc-bi-1-0-hp-1-0-ngua-inverter","status":"publish","type":"product","link":"https:\/\/maylanhlamhoanglong.com\/?product=may-lanh-treo-tuong-reetech-rtv9-tc-bi-1-0-hp-1-0-ngua-inverter","title":{"rendered":"M\u00e1y l\u1ea1nh treo t\u01b0\u1eddng Reetech RTV9-TC-BI (1.0 HP &#8211; 1.0 Ng\u1ef1a) Inverter"},"content":{"rendered":"<h2 id=\"T\u00ednh_n\u0103ng_n\u1ed5i_b\u1eadt:\">T\u00ednh n\u0103ng n\u1ed5i b\u1eadt:<\/h2>\n<ul>\n<li>DC inverter hi\u1ec7u su\u1ea5t cao, k\u1ebft h\u1ee3p v\u1edbi vi\u1ec7c t\u1ed1i \u01b0u h\u00f3a c\u00f4ng ngh\u1ec7 \u0111i\u1ec1u khi\u1ec3n t\u0103ng hi\u1ec7u qu\u1ea3 s\u1eed d\u1ee5ng n\u0103ng l\u01b0\u1ee3ng.<\/li>\n<li>C\u00f4ng ngh\u1ec7 bi\u1ebfn t\u1ea7n (inverter) ti\u00ean ti\u1ebfn gi\u00fap ki\u1ec3m so\u00e1t ch\u00ednh x\u00e1c nhi\u1ec7t \u0111\u1ed9, gi\u1ea3m ti\u00eau th\u1ee5 \u0111i\u1ec7n n\u0103ng, gi\u1ea3m ti\u1ebfng \u1ed3n, mang l\u1ea1i s\u1ef1 tho\u1ea3i m\u00e1i v\u00e0 gi\u00fap ti\u1ebft ki\u1ec7m t\u1ed1i \u0111a chi ph\u00ed.<\/li>\n<li>Ch\u1ee9c n\u0103ng ti\u1ebft ki\u1ec7m \u0111i\u1ec7n Eco t\u1ef1 \u0111\u1ed9ng \u0111i\u1ec1u ch\u1ec9nh nhi\u1ec7t \u0111\u1ed9 c\u00e0i \u0111\u1eb7t t\u0103ng 1\u00b0C.<\/li>\n<li>H\u1ec7 th\u1ed1ng l\u00e0m l\u1ea1nh si\u00eau nhanh Power Cooling gi\u00fap gi\u1ea3m nhanh ch\u00f3ng nhi\u1ec7t \u0111\u1ed9 trong ph\u00f2ng.<\/li>\n<li>C\u00f4ng ngh\u1ec7 Wifi mang l\u1ea1i s\u1ef1 ti\u1ec7n nghi cho ng\u01b0\u1eddi s\u1eed d\u1ee5ng (t\u00f9y ch\u1ecdn).<\/li>\n<li>Ch\u1ebf \u0111\u1ed9 ch\u1edd si\u00eau ti\u1ebft ki\u1ec7m.<\/li>\n<li>Ch\u1ebf \u0111\u1ed9 ng\u1ee7.<\/li>\n<li>C\u00e1nh \u0111\u1ea3o gi\u00f3 t\u1ef1 \u0111\u1ed9ng.<\/li>\n<li>H\u1eb9n gi\u1edd ho\u1ea1t \u0111\u1ed9ng &amp; t\u1ef1 \u0111\u1ed9ng kh\u1edfi \u0111\u1ed9ng l\u1ea1i khi c\u00f3 \u0111i\u1ec7n.<\/li>\n<li>Ch\u1ee9c n\u0103ng t\u1ef1 ch\u1ea9n \u0111o\u00e1n h\u1ecfng h\u00f3c v\u00e0 t\u1ef1 \u0111\u1ed9ng b\u1ea3o v\u1ec7.<\/li>\n<li>3 t\u1ed1c \u0111\u1ed9 qu\u1ea1t k\u00e8m ch\u1ee9c n\u0103ng t\u1ef1 \u0111\u1ed9ng \u0111i\u1ec1u ch\u1ec9nh.<\/li>\n<li>\u0110\u1eb7c bi\u1ec7t v\u1edbi phin l\u1ecdc 6 trong 1 gi\u00fap kh\u00e1ng khu\u1ea9n, kh\u1eed m\u00f9i t\u1ea1o m\u00f4i tr\u01b0\u1eddng trong l\u00e0nh cho kh\u00f4ng gian \u0111i\u1ec1u h\u00f2a\u00a0<em>(Phin l\u1ecdc Quang x\u00fac t\u00e1c &#8211; Photocatalyst, Phin l\u1ecdc Ion b\u1ea1c &#8211; Silver Ion, Phin l\u1ecdc Cacbon ho\u1ea1t t\u00ednh &#8211; Active carbon, Phin l\u1ecdc Tr\u00e0 xanh &#8211; Catechin, phin l\u1ecdc Vitamin C, Phin l\u1ecdc Ch\u1ea5t x\u00fac t\u00e1c &#8211; Catalyst).<\/em><\/li>\n<\/ul>\n","protected":false},"excerpt":{"rendered":"<table class=\"table-digitals\">\n<tbody>\n<tr class=\"row-title\">\n<td colspan=\"2\"><strong class=\"row0\">Th\u00f4ng s\u1ed1 k\u1ef9 thu\u1eadt<\/strong><\/td>\n<\/tr>\n<tr class=\"row-item\">\n<td class=\"row0\">Xu\u1ea5t x\u1ee9<\/td>\n<td class=\"row1\">Th\u01b0\u01a1ng hi\u1ec7u : Vi\u00ea\u0323t Nam &#8211; S\u1ea3n xu\u1ea5t t\u1ea1i : Th\u00e1i Lan<\/td>\n<\/tr>\n<tr class=\"row-item\">\n<td class=\"row0\">Lo\u1ea1i Gas l\u1ea1nh<\/td>\n<td class=\"row1\">R32<\/td>\n<\/tr>\n<tr class=\"row-item\">\n<td class=\"row0\">Lo\u1ea1i m\u00e1y<\/td>\n<td class=\"row1\">Inverter &#8211; lo\u1ea1i 1 chi\u1ec1u (ch\u1ec9 l\u00e0m l\u1ea1nh)<\/td>\n<\/tr>\n<tr class=\"row-item\">\n<td class=\"row0\">C\u00f4ng su\u1ea5t l\u00e0m l\u1ea1nh<\/td>\n<td class=\"row1\">1.0 Hp (1.0 Ng\u1ef1a) &#8211; 9.000 Btu\/h<\/td>\n<\/tr>\n<tr class=\"row-item\">\n<td class=\"row0\">S\u1eed d\u1ee5ng cho ph\u00f2ng<\/td>\n<td class=\"row1\">Di\u1ec7n t\u00edch 12 &#8211; 15 m\u00b2 ho\u1eb7c 36 &#8211; 45 m\u00b3 kh\u00ed (th\u00edch h\u1ee3p cho ph\u00f2ng ng\u1ee7)<\/td>\n<\/tr>\n<tr class=\"row-item\">\n<td class=\"row0\">Ngu\u1ed3n \u0111i\u1ec7n (Ph\/V\/Hz)<\/td>\n<td class=\"row1\">1 Pha, 220 &#8211; 240V, 50Hz<\/td>\n<\/tr>\n<tr class=\"row-item\">\n<td class=\"row0\">C\u00f4ng su\u1ea5t ti\u00eau th\u1ee5 \u0111i\u1ec7n<\/td>\n<td class=\"row1\">0.8 kW<\/td>\n<\/tr>\n<tr class=\"row-item\">\n<td class=\"row0\">K\u00edch th\u01b0\u1edbc \u1ed1ng \u0111\u1ed3ng Gas (mm)<\/td>\n<td class=\"row1\">6.4 \/ 9.5<\/td>\n<\/tr>\n<tr class=\"row-item\">\n<td class=\"row0\">Chi\u1ec1u d\u00e0i \u1ed1ng gas t\u1ed1i \u0111a (m)<\/td>\n<td class=\"row1\">15 m<\/td>\n<\/tr>\n<tr class=\"row-item\">\n<td class=\"row0\">Ch\u00eanh l\u1ec7ch \u0111\u1ed9 cao (t\u1ed1i \u0111a) (m)<\/td>\n<td class=\"row1\">5 m<\/td>\n<\/tr>\n<tr class=\"row-item\">\n<td class=\"row0\">Hi\u1ec7u su\u1ea5t n\u0103ng l\u01b0\u1ee3ng CSPF<\/td>\n<td class=\"row1\">4.42<\/td>\n<\/tr>\n<tr class=\"row-item\">\n<td class=\"row0\">Nh\u00e3n n\u0103ng l\u01b0\u1ee3ng ti\u1ebft ki\u1ec7m \u0111i\u1ec7n<\/td>\n<td class=\"row1\">5 sao<\/td>\n<\/tr>\n<tr class=\"row-title\">\n<td colspan=\"2\"><strong class=\"row0\">D\u00e0n L\u1ea1nh<\/strong><\/td>\n<\/tr>\n<tr class=\"row-item\">\n<td class=\"row0\">Model d\u00e0n l\u1ea1nh<\/td>\n<td class=\"row1\">RTV9-TC-BI<\/td>\n<\/tr>\n<tr class=\"row-item\">\n<td class=\"row0\">K\u00edch th\u01b0\u1edbc d\u00e0n l\u1ea1nh (mm)<\/td>\n<td class=\"row1\">255 x 700 x 190 mm<\/td>\n<\/tr>\n<tr class=\"row-item\">\n<td class=\"row0\">Tr\u1ecdng l\u01b0\u1ee3ng d\u00e0n l\u1ea1nh (Kg)<\/td>\n<td class=\"row1\">6.5 Kg<\/td>\n<\/tr>\n<tr class=\"row-title\">\n<td colspan=\"2\"><strong class=\"row0\">D\u00e0n N\u00f3ng<\/strong><\/td>\n<\/tr>\n<tr class=\"row-item\">\n<td class=\"row0\">Model d\u00e0n n\u00f3ng<\/td>\n<td class=\"row1\">RCV9-TC-BI<\/td>\n<\/tr>\n<tr class=\"row-item\">\n<td class=\"row0\">K\u00edch th\u01b0\u1edbc d\u00e0n n\u00f3ng (mm)<\/td>\n<td class=\"row1\">500 x 775 x 290 mm<\/td>\n<\/tr>\n<tr class=\"row-item\">\n<td class=\"row0\">Tr\u1ecdng l\u01b0\u1ee3ng d\u00e0n n\u00f3ng (Kg)<\/td>\n<td class=\"row1\">21 Kg<\/td>\n<\/tr>\n<\/tbody>\n<\/table>\n","protected":false},"featured_media":1254,"comment_status":"open","ping_status":"closed","template":"","meta":{"wprm-recipe-roundup-name":"","wprm-recipe-roundup-description":""},"product_brand":[],"product_cat":[115],"product_tag":[167],"class_list":{"0":"post-1253","1":"product","2":"type-product","3":"status-publish","4":"has-post-thumbnail","6":"thuong-hieu-reetech","7":"product_cat-may-lanh-treo-tuong","8":"product_tag-bao-hanh-24-thang","9":"pa_cong-nghe-inverter","10":"pa_cong-suat-lam-lanh-1-hp","11":"pa_may-lanh-treo-tuong-1-0-hp","13":"first","14":"instock","15":"sale","16":"taxable","17":"shipping-taxable","18":"purchasable","19":"product-type-simple"},"_links":{"self":[{"href":"https:\/\/maylanhlamhoanglong.com\/index.php?rest_route=\/wp\/v2\/product\/1253","targetHints":{"allow":["GET"]}}],"collection":[{"href":"https:\/\/maylanhlamhoanglong.com\/index.php?rest_route=\/wp\/v2\/product"}],"about":[{"href":"https:\/\/maylanhlamhoanglong.com\/index.php?rest_route=\/wp\/v2\/types\/product"}],"replies":[{"embeddable":true,"href":"https:\/\/maylanhlamhoanglong.com\/index.php?rest_route=%2Fwp%2Fv2%2Fcomments&post=1253"}],"wp:featuredmedia":[{"embeddable":true,"href":"https:\/\/maylanhlamhoanglong.com\/index.php?rest_route=\/wp\/v2\/media\/1254"}],"wp:attachment":[{"href":"https:\/\/maylanhlamhoanglong.com\/index.php?rest_route=%2Fwp%2Fv2%2Fmedia&parent=1253"}],"wp:term":[{"taxonomy":"product_brand","embeddable":true,"href":"https:\/\/maylanhlamhoanglong.com\/index.php?rest_route=%2Fwp%2Fv2%2Fproduct_brand&post=1253"},{"taxonomy":"product_cat","embeddable":true,"href":"https:\/\/maylanhlamhoanglong.com\/index.php?rest_route=%2Fwp%2Fv2%2Fproduct_cat&post=1253"},{"taxonomy":"product_tag","embeddable":true,"href":"https:\/\/maylanhlamhoanglong.com\/index.php?rest_route=%2Fwp%2Fv2%2Fproduct_tag&post=1253"}],"curies":[{"name":"wp","href":"https:\/\/api.w.org\/{rel}","templated":true}]}}