{"id":1248,"date":"2025-03-10T22:07:10","date_gmt":"2025-03-10T15:07:10","guid":{"rendered":"https:\/\/maylanhlamhoanglong.com\/?post_type=product&#038;p=1248"},"modified":"2025-03-10T22:07:10","modified_gmt":"2025-03-10T15:07:10","slug":"may-lanh-inverter-hisense-2-5hp-as-24tr4rxb00","status":"publish","type":"product","link":"https:\/\/maylanhlamhoanglong.com\/?product=may-lanh-inverter-hisense-2-5hp-as-24tr4rxb00","title":{"rendered":"M\u00e1y l\u1ea1nh inverter Hisense 2.5Hp &#8211; AS-24TR4RXB00"},"content":{"rendered":"<p><strong>L\u00e0m l\u1ea1nh nhanh ch\u00f3ng<\/strong><br \/>\nT\u1eadn h\u01b0\u1edfng kh\u00ed l\u1ea1nh trong m\u00e1t c\u1ea3 ng\u00e0y<br \/>\nV\u1edbi m\u1ed9t n\u00fat b\u1ea5m, m\u00e1y \u0111i\u1ec1u ho\u00e0 t\u1ea1o ra lu\u1ed3ng kh\u00ed l\u1ea1nh lan to\u1ea3 ngay t\u1ee9c th\u00ec, gi\u00fap b\u1ea1n c\u1ea3m gi\u00e1c s\u1ea3ng kho\u00e1i, th\u01b0 gi\u00e3n.<\/p>\n<p><a class=\"img-popup\" title=\"\" href=\"https:\/\/sieuthimaylanh.com\/uploads\/product\/09_2024\/lam_lanh_nhanh.webp\" rel=\"gallery\"><img decoding=\"async\" src=\"https:\/\/sieuthimaylanh.com\/uploads\/product\/09_2024\/lam_lanh_nhanh.webp\" alt=\"\" \/><\/a><\/p>\n<p><strong>Ch\u1ebf \u0111\u1ed9 ho\u1ea1t \u0111\u1ed9ng th\u00f4ng minh Smart Mode<\/strong><br \/>\nB\u1ea1n ch\u1ec9 c\u1ea7n nh\u1ea5n n\u00fat SMART, m\u00e1y \u0111i\u1ec1u ho\u00e0 Hisense s\u1ebd t\u1ef1 \u0111\u1ed9ng \u0111i\u1ec1u ch\u1ec9nh nhi\u1ec7t \u0111\u1ed9 ph\u00f2ng nh\u1edd c\u00f4ng ngh\u1ec7 Fuzzy Logic. Nhi\u1ec7t \u0111\u1ed9 v\u00e0 t\u1ed1c \u0111\u1ed9 qu\u1ea1t \u0111\u01b0\u1ee3c c\u00e0i \u0111\u1eb7t t\u1ef1 \u0111\u1ed9ng d\u1ef1a tr\u00ean nhi\u1ec7t \u0111\u1ed9 ph\u00f2ng th\u1ef1c t\u1ebf. Nh\u1edd \u0111\u00f3 s\u1ebd gi\u00fap ng\u01b0\u1eddi d\u00f9ng c\u00f3 \u0111\u01b0\u1ee3c c\u1ea3m gi\u00e1c tho\u1ea3i m\u00e1i, d\u1ec5 ch\u1ecbu nh\u1ea5t m\u00e0 kh\u00f4ng c\u1ea7n c\u00e0i \u0111\u1eb7t qu\u00e1 nhi\u1ec1u.<\/p>\n<p><a class=\"img-popup\" title=\"\" href=\"https:\/\/sieuthimaylanh.com\/uploads\/product\/09_2024\/hoat_dong_thong_minh.webp\" rel=\"gallery\"><img decoding=\"async\" src=\"https:\/\/sieuthimaylanh.com\/uploads\/product\/09_2024\/hoat_dong_thong_minh.webp\" alt=\"\" \/><\/a><\/p>\n<p><strong>Ch\u1ebf \u0111\u1ed9 ti\u1ebft ki\u1ec7m \u0111i\u1ec7n Eco Mode<\/strong><br \/>\nL\u00e0m l\u1ea1nh hi\u1ec7u qu\u1ea3 v\u1eabn ti\u1ebft ki\u1ec7m \u0111i\u1ec7n<br \/>\nD\u1ef1a v\u00e0o c\u00f4ng ngh\u1ec7 Inverter ch\u1ebf \u0111\u1ed9 k\u00e9p c\u1ee7a Hisense, kh\u00f4ng c\u1ea7n c\u00e0i \u0111\u1eb7t ph\u1ee9c t\u1ea1p, ch\u1ebf \u0111\u1ed9 ECO c\u00f3 th\u1ec3 ngay l\u1eadp t\u1ee9c chuy\u1ec3n sang ch\u1ebf \u0111\u1ed9 ti\u1ebft ki\u1ec7m n\u0103ng l\u01b0\u1ee3ng \u0111\u1ec3 gi\u1ea3m thi\u1ec3u m\u1ee9c ti\u00eau th\u1ee5 \u0111i\u1ec7n n\u0103ng, c\u00f3 th\u1ec3 ti\u1ebft ki\u1ec7m 30% \u0111i\u1ec7n n\u0103ng so v\u1edbi m\u00e1y \u0111i\u1ec1u ho\u00e0 th\u00f4ng th\u01b0\u1eddng v\u00e0 ti\u1ebft ki\u1ec7m 70% \u0111i\u1ec7n n\u0103ng so v\u1edbi m\u00e1y kh\u00f4ng Inverter.<\/p>\n<p><a class=\"img-popup\" title=\"\" href=\"https:\/\/sieuthimaylanh.com\/uploads\/product\/09_2024\/tiet_kiem_dien.webp\" rel=\"gallery\"><img decoding=\"async\" src=\"https:\/\/sieuthimaylanh.com\/uploads\/product\/09_2024\/tiet_kiem_dien.webp\" alt=\"\" \/><\/a><\/p>\n<p><strong>D\u00e0n t\u1ea3n nhi\u1ec7t \u0111\u1ed3ng m\u1ea1 m\u00e0u v\u00e0ng n\u1ed5i b\u1eadt<\/strong><br \/>\nL\u00e0m b\u1eb1ng 100% h\u1ee3p kim \u0111\u1ed3ng c\u00f3 l\u1edbp ph\u1ee7 ch\u1ed1ng \u0103n m\u00f2n, g\u1ec9 s\u00e9t<br \/>\nC\u00e1nh t\u1ea3n nhi\u1ec7t m\u1ea1 th\u00eam l\u1edbp s\u01a1n v\u00e0ng ch\u1ed1ng \u0103n m\u00f2n c\u1ee7a Hisense c\u00f3 m\u1ee9c \u0111\u1ed9 ch\u1ed1ng \u0103n m\u00f2n t\u1ed1t g\u1ea5p 3-4 l\u1ea7n so v\u1edbi c\u00e1nh t\u1ea3n nhi\u1ec7t th\u00f4ng th\u01b0\u1eddng, hi\u1ec7u qu\u1ea3 trao \u0111\u1ed5i nhi\u1ec7t cao h\u01a1n, ti\u1ebft ki\u1ec7m \u0111i\u1ec7n n\u0103ng h\u01a1n v\u00e0 k\u00e9o d\u00e0i tu\u1ed5i th\u1ecd c\u1ee7a m\u00e1y \u0111i\u1ec1u h\u00f2a.<\/p>\n<p><a class=\"img-popup\" title=\"\" href=\"https:\/\/sieuthimaylanh.com\/uploads\/product\/09_2024\/tan_nhiet_dong_ma_vang.webp\" rel=\"gallery\"><img decoding=\"async\" src=\"https:\/\/sieuthimaylanh.com\/uploads\/product\/09_2024\/tan_nhiet_dong_ma_vang.webp\" alt=\"\" \/><\/a><\/p>\n<p><strong>T\u00ednh n\u0103ng t\u1ef1 l\u00e0m s\u1ea1ch d\u00e0n l\u1ea1nh<\/strong><br \/>\nL\u00e0m s\u1ea1ch kh\u00ed l\u1ea1nh, v\u1eadn h\u00e0nh t\u1ed1i \u01b0u<br \/>\nTh\u00f4ng qua m\u1ed9t n\u00fat nh\u1ea5n Clean, ho\u1ea1t \u0111\u1ed9ng v\u1edbi c\u01a1 ch\u1ebf \u0111\u00f3ng b\u0103ng d\u00e0n trao \u0111\u1ed5i nhi\u1ec7t \u0111\u1ec3 thu gom b\u1ee5i b\u1ea9n, sau \u0111\u00f3 l\u00e0m tan b\u0103ng \u0111\u1ec3 n\u01b0\u1edbc cu\u1ed1n tr\u00f4i b\u1ee5i b\u1ea9n ra ngo\u00e0i, gi\u00fap lo\u1ea1i b\u1ecf b\u1ee5i b\u1ea9n v\u00e0 vi khu\u1ea9n<\/p>\n<p><a class=\"img-popup\" title=\"\" href=\"https:\/\/sieuthimaylanh.com\/uploads\/product\/09_2024\/tu_lam_sach_dan_lanh.webp\" rel=\"gallery\"><img decoding=\"async\" src=\"https:\/\/sieuthimaylanh.com\/uploads\/product\/09_2024\/tu_lam_sach_dan_lanh.webp\" alt=\"\" \/><\/a><\/p>\n<p><strong>Ch\u1ebf \u0111\u1ed9 ng\u1ee7 ngon Sleep Mode<\/strong><br \/>\nMang \u0111\u1ebfn gi\u1ea5c ng\u1ee7 tr\u1ecdn v\u1eb9n<br \/>\n\u0110i\u1ec1u ch\u1ec9nh nhi\u1ec7t \u0111\u1ed9 \u1edf 4 ch\u1ebf \u0111\u1ed9 ng\u1ee7 ph\u00f9 h\u1ee3p cho t\u1eebng \u0111\u1ed1i t\u01b0\u1ee3ng trong gia \u0111\u00ecnh: Ch\u1ebf \u0111\u1ed9 th\u00f4ng th\u01b0\u1eddng, Ng\u01b0\u1eddi l\u1edbn tu\u1ed5i, Ng\u01b0\u1eddi l\u1edbn v\u00e0 Tr\u1ebb em. Gi\u00fap gi\u1ea5c ng\u1ee7 s\u00e2u h\u01a1n, ch\u00ecm v\u00e0o gi\u1ea5c ng\u1ee7 nhanh h\u01a1n v\u00e0 nhi\u1ec7t \u0111\u1ed9 \u1ed5n \u0111\u1ecbnh.<\/p>\n<p><a class=\"img-popup\" title=\"\" href=\"https:\/\/sieuthimaylanh.com\/uploads\/product\/09_2024\/che_do_ngu_ngon_hisense.webp\" rel=\"gallery\"><img decoding=\"async\" src=\"https:\/\/sieuthimaylanh.com\/uploads\/product\/09_2024\/che_do_ngu_ngon_hisense.webp\" alt=\"\" \/><\/a><\/p>\n<p><strong>L\u00f5i l\u1ecdc b\u1ee5i m\u1ecbn v\u00e0 vi khu\u1ea9n 4 trong 1<\/strong><br \/>\nB\u1ea3o v\u1ec7 s\u1ee9c kh\u1ecfe gia \u0111\u00ecnh<br \/>\nS\u1ef1 k\u1ebft h\u1ee3p c\u1ee7a 4 lo\u1ea1i b\u1ed9 l\u1ecdc kh\u00e1c nhau c\u00f3 th\u1ec3 lo\u1ea1i b\u1ecf hi\u1ec7u qu\u1ea3 t\u1ea5t c\u1ea3 c\u00e1c lo\u1ea1i b\u1ee5i b\u1ea9n, vi khu\u1ea9n, n\u1ea5m m\u1ed1c v\u00e0 m\u00f9i h\u00f4i trong kh\u00f4ng kh\u00ed, gi\u00fap l\u00e0m s\u1ea1ch kh\u00f4ng kh\u00ed trong nh\u00e0, b\u1ea3o v\u1ec7 s\u1ee9c kh\u1ecfe gia \u0111\u00ecnh.<\/p>\n<p><a class=\"img-popup\" title=\"\" href=\"https:\/\/sieuthimaylanh.com\/uploads\/product\/09_2024\/loc_bui_nam_moc.webp\" rel=\"gallery\"><img decoding=\"async\" src=\"https:\/\/sieuthimaylanh.com\/uploads\/product\/09_2024\/loc_bui_nam_moc.webp\" alt=\"\" \/><\/a><\/p>\n<p><strong>Ph\u00e1t t\u00e1n kh\u00ed l\u1ea1nh xa \u0111\u1ebfn 18m<\/strong><br \/>\nKh\u00f4ng gian m\u00e1t l\u1ea1nh t\u01b0\u01a1i m\u1edbi<br \/>\nM\u00e1y \u0111i\u1ec1u ho\u00e0 c\u00f3 th\u1ec3 cung c\u1ea5p kh\u00f4ng kh\u00ed \u1edf kho\u1ea3ng c\u00e1ch si\u00eau xa 18m, t\u1ea1o ra m\u00f4i tr\u01b0\u1eddng tho\u1ea3i m\u00e1i h\u01a1n nh\u1edd nhi\u1ec7t \u0111\u1ed9 \u0111\u1ed3ng \u0111\u1ec1u \u1edf m\u1ecdi ng\u00f5 ng\u00e1ch c\u1ee7a c\u0103n ph\u00f2ng \u0111\u1ec3 t\u1ea1o kh\u00f4ng gian lu\u00f4n tr\u00e0n ng\u1eadp s\u1ef1 m\u00e1t m\u1ebb v\u00e0 th\u01b0 gi\u00e3n.<\/p>\n<p><a class=\"img-popup\" title=\"\" href=\"https:\/\/sieuthimaylanh.com\/uploads\/product\/09_2024\/gio_manh_den_18m.webp\" rel=\"gallery\"><img decoding=\"async\" src=\"https:\/\/sieuthimaylanh.com\/uploads\/product\/09_2024\/gio_manh_den_18m.webp\" alt=\"\" \/><\/a><\/p>\n<p><strong>Ch\u1ebf \u0111\u1ed9 c\u1ea3m bi\u1ebfn th\u00e2n nhi\u1ec7t I Feel<\/strong><br \/>\nT\u1ed1i \u01b0u ti\u00eau hao \u0111i\u1ec7n n\u0103ng<br \/>\nK\u00edch ho\u1ea1t ch\u1ee9c n\u0103ng I FEEL, m\u00e1y \u0111i\u1ec1u h\u00f2a s\u1ebd t\u1ef1 \u0111\u1ed9ng \u0111i\u1ec1u ch\u1ec9nh t\u0103ng ho\u1eb7c gi\u1ea3m nhi\u1ec7t \u0111\u1ed9 c\u00e0i \u0111\u1eb7t d\u1ef1a theo c\u01a1 ch\u1ebf c\u1ea3m \u1ee9ng nhi\u1ec7t th\u00f4ng minh, gi\u00fap \u0111\u1ea3m b\u1ea3o nhi\u1ec7t \u0111\u1ed9 ph\u00f2ng kh\u00f4ng ch\u00eanh l\u1ec7ch v\u1edbi nhi\u1ec7t \u0111\u1ed9 xung quanh c\u01a1 th\u1ec3 ng\u01b0\u1eddi d\u00f9ng, t\u1ed1i \u01b0u ti\u00eau hao \u0111i\u1ec7n n\u0103ng.<\/p>\n<p><a class=\"img-popup\" title=\"\" href=\"https:\/\/sieuthimaylanh.com\/uploads\/product\/09_2024\/cam_bien_than_nhiet_i_feel.webp\" rel=\"gallery\"><img decoding=\"async\" src=\"https:\/\/sieuthimaylanh.com\/uploads\/product\/09_2024\/cam_bien_than_nhiet_i_feel.webp\" alt=\"\" \/><\/a><\/p>\n<p><strong>Ch\u1ebf \u0111\u1ed9 y\u00ean t\u0129nh Quiet Mode<\/strong><br \/>\n\u00c1p d\u1ee5ng c\u00f4ng ngh\u1ec7 \u0111i\u1ec1u khi\u1ec3n ti\u00ean ti\u1ebfn, \u0111\u1ed9ng c\u01a1 ho\u1ea1t \u0111\u1ed9ng \u00eam \u00e1i v\u00e0 c\u00e1c \u1ed1ng d\u1eabn kh\u00ed \u0111\u01b0\u1ee3c t\u1ed1i \u01b0u h\u00f3a \u0111\u1ec3 kh\u00f4ng l\u00e0m t\u0103ng ti\u1ebfng \u1ed3n, \u0111\u1ed3ng th\u1eddi \u0111\u1ea1t \u0111\u01b0\u1ee3c \u0111\u1ed9 y\u00ean t\u0129nh c\u1ef1c cao \u1edf ch\u1ebf \u0111\u1ed9 im l\u1eb7ng, cho ph\u00e9p ng\u01b0\u1eddi d\u00f9ng c\u00f3 m\u1ed9t b\u1ea7u kh\u00f4ng kh\u00ed y\u00ean t\u0129nh v\u00e0 tho\u1ea3i m\u00e1i ngay c\u1ea3 l\u00fac ng\u1ee7.<\/p>\n<p><a class=\"img-popup\" title=\"\" href=\"https:\/\/sieuthimaylanh.com\/uploads\/product\/09_2024\/hoat_dong_yen_tinh.webp\" rel=\"gallery\"><img decoding=\"async\" src=\"https:\/\/sieuthimaylanh.com\/uploads\/product\/09_2024\/hoat_dong_yen_tinh.webp\" alt=\"\" \/><\/a><\/p>\n","protected":false},"excerpt":{"rendered":"<table class=\"table-digitals\">\n<tbody>\n<tr class=\"row-title\">\n<td colspan=\"2\"><strong class=\"row0\">Th\u00f4ng s\u1ed1 k\u1ef9 thu\u1eadt<\/strong><\/td>\n<\/tr>\n<tr class=\"row-item\">\n<td class=\"row0\">Xu\u1ea5t x\u1ee9<\/td>\n<td class=\"row1\">S\u1ea3n xu\u1ea5t t\u1ea1i Trung Qu\u1ed1c<\/td>\n<\/tr>\n<tr class=\"row-item\">\n<td class=\"row0\">Lo\u1ea1i Gas l\u1ea1nh<\/td>\n<td class=\"row1\">R32<\/td>\n<\/tr>\n<tr class=\"row-item\">\n<td class=\"row0\">Lo\u1ea1i m\u00e1y<\/td>\n<td class=\"row1\">Inverter ti\u1ebft ki\u1ec7m \u0111i\u1ec7n.<\/td>\n<\/tr>\n<tr class=\"row-item\">\n<td class=\"row0\">C\u00f4ng su\u1ea5t l\u00e0m l\u1ea1nh<\/td>\n<td class=\"row1\">2.5Hp<\/td>\n<\/tr>\n<tr class=\"row-item\">\n<td class=\"row0\">Ngu\u1ed3n \u0111i\u1ec7n (Ph\/V\/Hz)<\/td>\n<td class=\"row1\">1pha &#8211; 220-240V \/ 50Hz<\/td>\n<\/tr>\n<\/tbody>\n<\/table>\n","protected":false},"featured_media":1245,"comment_status":"open","ping_status":"closed","template":"","meta":{"wprm-recipe-roundup-name":"","wprm-recipe-roundup-description":""},"product_brand":[],"product_cat":[115],"product_tag":[],"class_list":{"0":"post-1248","1":"product","2":"type-product","3":"status-publish","4":"has-post-thumbnail","6":"thuong-hieu-hisense","7":"product_cat-may-lanh-treo-tuong","8":"pa_cong-nghe-inverter","9":"pa_cong-suat-lam-lanh-2-5-hp","10":"pa_may-lanh-treo-tuong-2-5-hp","12":"first","13":"instock","14":"sale","15":"taxable","16":"shipping-taxable","17":"purchasable","18":"product-type-simple"},"_links":{"self":[{"href":"https:\/\/maylanhlamhoanglong.com\/index.php?rest_route=\/wp\/v2\/product\/1248","targetHints":{"allow":["GET"]}}],"collection":[{"href":"https:\/\/maylanhlamhoanglong.com\/index.php?rest_route=\/wp\/v2\/product"}],"about":[{"href":"https:\/\/maylanhlamhoanglong.com\/index.php?rest_route=\/wp\/v2\/types\/product"}],"replies":[{"embeddable":true,"href":"https:\/\/maylanhlamhoanglong.com\/index.php?rest_route=%2Fwp%2Fv2%2Fcomments&post=1248"}],"wp:featuredmedia":[{"embeddable":true,"href":"https:\/\/maylanhlamhoanglong.com\/index.php?rest_route=\/wp\/v2\/media\/1245"}],"wp:attachment":[{"href":"https:\/\/maylanhlamhoanglong.com\/index.php?rest_route=%2Fwp%2Fv2%2Fmedia&parent=1248"}],"wp:term":[{"taxonomy":"product_brand","embeddable":true,"href":"https:\/\/maylanhlamhoanglong.com\/index.php?rest_route=%2Fwp%2Fv2%2Fproduct_brand&post=1248"},{"taxonomy":"product_cat","embeddable":true,"href":"https:\/\/maylanhlamhoanglong.com\/index.php?rest_route=%2Fwp%2Fv2%2Fproduct_cat&post=1248"},{"taxonomy":"product_tag","embeddable":true,"href":"https:\/\/maylanhlamhoanglong.com\/index.php?rest_route=%2Fwp%2Fv2%2Fproduct_tag&post=1248"}],"curies":[{"name":"wp","href":"https:\/\/api.w.org\/{rel}","templated":true}]}}