{"id":1243,"date":"2025-03-10T21:53:37","date_gmt":"2025-03-10T14:53:37","guid":{"rendered":"https:\/\/maylanhlamhoanglong.com\/?post_type=product&#038;p=1243"},"modified":"2025-03-10T21:53:37","modified_gmt":"2025-03-10T14:53:37","slug":"may-lanh-treo-tuong-aqua-aqa-rv24qa2-2-5-hp-2-5-ngua-inverter","status":"publish","type":"product","link":"https:\/\/maylanhlamhoanglong.com\/?product=may-lanh-treo-tuong-aqua-aqa-rv24qa2-2-5-hp-2-5-ngua-inverter","title":{"rendered":"M\u00e1y l\u1ea1nh treo t\u01b0\u1eddng Aqua AQA-RV24QA2 (2.5 HP &#8211; 2.5 Ng\u1ef1a) Inverter"},"content":{"rendered":"<p><strong>M\u00e1y l\u1ea1nh Aqua inverter 2.5 HP AQA-RV24QA2 model 2024<\/strong>\u00a0l\u00e0 d\u00f2ng m\u00e1y l\u1ea1nh inverter th\u1ebf h\u1ec7 m\u1edbi \u0111\u01b0\u1ee3c trang b\u1ecb nh\u1eefng t\u00ednh n\u0103ng \u0111\u01b0\u1ee3c c\u1ea3i ti\u1ebfn v\u00e0 n\u00e2ng c\u1ea5p ph\u00f9 h\u1ee3p nhu c\u1ea7u hi\u1ec7n \u0111\u1ea1i. Kh\u00f4ng ch\u1ec9 ti\u1ebft ki\u1ec7m \u0111i\u1ec7n h\u01a1n m\u00e0 c\u00f2n t\u00edch h\u1ee3p c\u00f4ng ngh\u1ec7 l\u1ecdc kh\u00ed cao c\u1ea5p\u00a0<strong>UVC Pro\u00a0<\/strong>s\u1eed d\u1ee5ng\u00a0<strong>tia c\u1ef1c t\u00edm UVC v\u1edbi b\u01b0\u1edbc s\u00f3ng ng\u1eafn 264 nm<\/strong>, chi\u1ebfu tr\u1ef1c ti\u1ebfp tr\u00ean b\u1ec1 m\u1eb7t d\u00e0n l\u1ea1nh gi\u00fap:<\/p>\n<ul>\n<li>\u1ee8c ch\u1ebf vi khu\u1ea9n, virus v\u00e0 n\u1ea5m m\u1ed1c \u0111\u1ebfn h\u01a1n 99%.<\/li>\n<li>Di\u1ec7t khu\u1ea9n kh\u1eed tr\u00f9ng hi\u1ec7u qu\u1ea3.<\/li>\n<li>T\u1ea1o c\u00e1c Ion t\u0103ng c\u01b0\u1eddng kh\u1ea3 n\u0103ng l\u1ecdc s\u1ea1ch kh\u00f4ng kh\u00ed, an to\u00e0n cho s\u1ee9c kh\u1ecfe.<\/li>\n<li>Lo\u1ea1i b\u1ecf m\u00f9i h\u00f4i th\u01b0\u1eddng g\u1eb7p nh\u01b0 m\u00f9i thu\u1ed1c l\u00e1, \u0111\u1ed3 \u0103n,&#8230; mang l\u1ea1i c\u1ea3m gi\u00e1c tho\u1ea3i m\u00e1i d\u1ec5 ch\u1ecbu.<\/li>\n<\/ul>\n<p>Ngo\u00e0i ra\u00a0<strong>m\u00e1y l\u1ea1nh Aqua inverter AQA-RV24QA2\u00a0<\/strong>c\u00f2n \u0111\u01b0\u1ee3c trang b\u1ecb\u00a0<strong>ch\u1ebf \u0111\u1ed9 t\u1ef1 l\u00e0m s\u1ea1ch Self Clean 3 b\u01b0\u1edbc<\/strong>, gi\u00fap n\u00e2ng cao \u0111\u1ed9 b\u1ec1n s\u1ea3n ph\u1ea9m v\u00e0 cho hi\u1ec7u qu\u1ea3 l\u00e0m m\u00e1t v\u01b0\u1ee3t tr\u1ed9i.<\/p>\n<p><a class=\"img-popup\" title=\"\" href=\"https:\/\/sieuthimaylanh.com\/uploads\/product\/01_2024\/may-lanh-aqua-inverter-2-5-hp-aqa-rv24qa2-model-2024-uvc-pro.jpg\" rel=\"gallery\"><img decoding=\"async\" src=\"https:\/\/sieuthimaylanh.com\/uploads\/product\/01_2024\/may-lanh-aqua-inverter-2-5-hp-aqa-rv24qa2-model-2024-uvc-pro.jpg\" alt=\"\" \/><\/a><\/p>\n<h4>M\u1ed9t s\u1ed1 \u0111\u1eb7t \u0111i\u1ec3m n\u1ed5i b\u1eadt c\u1ee7a m\u00e1y l\u1ea1nh Aqua inverter 2.5 HP AQA-RV24QA2 model 2024<\/h4>\n<ol>\n<li><strong>C\u00f4ng ngh\u1ec7 UVC Pro\u00a0<\/strong>gi\u00fap di\u1ec7t h\u01a1n 99% virus trong kh\u00f4ng kh\u00ed.<\/li>\n<li><strong>Ch\u1ebf \u0111\u1ed9 ECO<\/strong>\u00a0\u0111em l\u1ea1i kh\u1ea3 n\u0103ng ti\u1ebft ki\u1ec7m \u0111i\u1ec7n t\u1ed1i \u01b0u v\u1edbi 3 c\u1ea5p \u0111\u1ed9, ti\u1ebft ki\u1ec7m n\u0103ng l\u01b0\u1ee3ng ch\u1ee7 \u0111\u1ed9ng \u0111\u1ebfn 60%.<\/li>\n<li><strong>T\u00ednh n\u0103ng Self Clean<\/strong>\u00a0l\u00e0m s\u1ea1ch d\u00e0n l\u1ea1nh t\u1ef1 \u0111\u1ed9ng v\u1edbi 3 b\u01b0\u1edbc chuy\u00ean s\u00e2u.<\/li>\n<li><strong>T\u00ednh n\u0103ng Turbo\u00a0<\/strong>kh\u1ea3 n\u0103ng l\u00e0m m\u00e1t nhanh h\u01a1n 47% gi\u00fap lu\u1ed3ng gi\u00f3 th\u1ed5i xa l\u00ean \u0111\u1ebfn 20m.<\/li>\n<li><strong>C\u00e1nh \u0111\u1ea3o gi\u00f3 c\u1ee7a m\u00e1y l\u1ea1nh<\/strong>\u00a0c\u00f3 th\u1ec3 t\u1ef1 \u0111\u1ed9ng \u0111i\u1ec1u ch\u1ec9nh tr\u00e1i ph\u1ea3i v\u00e0 l\u00ean xu\u1ed1ng.<\/li>\n<li><strong>Ch\u1ebf \u0111\u1ed9 Sleep Mode<\/strong>\u00a0t\u1ef1 \u0111\u1ed9ng \u0111i\u1ec1u ch\u1ec9nh nhi\u1ec7t \u0111\u1ed9 trong c\u0103n ph\u00f2ng theo nhi\u1ec7t \u0111\u1ed9 c\u1ee7a c\u01a1 th\u1ec3.<\/li>\n<li><strong>C\u1ea5p ngu\u1ed3n d\u00e0n n\u00f3ng &amp; d\u00e0n l\u1ea1nh<\/strong><strong>\u00a0<\/strong>ph\u00f9 h\u1ee3p v\u1edbi m\u1ecdi \u0111i\u1ec1u ki\u1ec7n l\u1eafp \u0111\u1eb7t.<\/li>\n<li><strong>Thi\u1ebft k\u1ebf ch\u1ed1ng \u0103n m\u00f2n<\/strong>\u00a0\u1edf c\u1ea3 d\u00e0n n\u00f3ng l\u1eabn d\u00e0n l\u1ea1nh.<\/li>\n<li><strong>B\u1ea3o h\u00e0nh\u00a0<\/strong>12 n\u0103m m\u00e1y n\u00e9n, v\u00e0 2 n\u0103m d\u00e0n l\u1ea1nh.<\/li>\n<li><strong>C\u00f4ng su\u1ea5t l\u00e0m l\u1ea1nh 22.000 Btu\/h<\/strong>\u00a0ph\u00f9 h\u1ee3p cho nh\u1eefng kh\u00f4ng gian nh\u01b0 ph\u00f2ng ng\u1ee7, ph\u00f2ng kh\u00e1ch, ph\u00f2ng h\u1ecdp nh\u1ecf,&#8230; 31 &#8211; 35 m\u00b2.<\/li>\n<li><strong>L\u00e1 t\u1ea3n nhi\u1ec7t b\u1eb1ng nh\u00f4m c\u00f3 l\u1edbp ph\u1ee7 BlueFin<\/strong>\u00a0n\u00e2ng cao hi\u1ec7u qu\u1ea3 trao \u0111\u1ed5i nhi\u1ec7t gi\u1eefa d\u00e0n n\u00f3ng v\u00e0 d\u00e0n l\u1ea1nh.<\/li>\n<li><strong>S\u1ea3n xu\u1ea5t t\u1ea1i\u00a0<\/strong>Th\u00e1i Lan.<\/li>\n<\/ol>\n<p><a class=\"img-popup\" title=\"\" href=\"https:\/\/sieuthimaylanh.com\/uploads\/product\/01_2024\/uu-diem-may-lanh-aqua-inverter-2-5-hp-aqa-rv24qa2-model-2024.jpg\" rel=\"gallery\"><img decoding=\"async\" src=\"https:\/\/sieuthimaylanh.com\/uploads\/product\/01_2024\/uu-diem-may-lanh-aqua-inverter-2-5-hp-aqa-rv24qa2-model-2024.jpg\" alt=\"\" \/><\/a><\/p>\n","protected":false},"excerpt":{"rendered":"<table class=\"table-digitals\">\n<tbody>\n<tr class=\"row-title\">\n<td colspan=\"2\"><strong class=\"row0\">Th\u00f4ng s\u1ed1 k\u1ef9 thu\u1eadt<\/strong><\/td>\n<\/tr>\n<tr class=\"row-item\">\n<td class=\"row0\">Xu\u1ea5t x\u1ee9<\/td>\n<td class=\"row1\">Th\u00e1i Lan<\/td>\n<\/tr>\n<tr class=\"row-item\">\n<td class=\"row0\">Lo\u1ea1i Gas l\u1ea1nh<\/td>\n<td class=\"row1\">R32<\/td>\n<\/tr>\n<tr class=\"row-item\">\n<td class=\"row0\">Lo\u1ea1i m\u00e1y<\/td>\n<td class=\"row1\">Inverter &#8211; Lo\u1ea1i 1 chi\u1ec1u l\u1ea1nh (ch\u1ec9 l\u00e0m l\u1ea1nh)<\/td>\n<\/tr>\n<tr class=\"row-item\">\n<td class=\"row0\">C\u00f4ng su\u1ea5t l\u00e0m l\u1ea1nh<\/td>\n<td class=\"row1\">2.5 Hp (2.5 Ng\u1ef1a) &#8211; 22.000 Btu\/h<\/td>\n<\/tr>\n<tr class=\"row-item\">\n<td class=\"row0\">S\u1eed d\u1ee5ng cho ph\u00f2ng<\/td>\n<td class=\"row1\">Di\u00ea\u0323n ti\u0301ch 31 &#8211; 35 m\u00b2 ho\u1eb7c 93 &#8211; 105 m\u00b3 khi\u0301 (thi\u0301ch h\u01a1\u0323p cho pho\u0300ng kha\u0301ch v\u0103n pho\u0300ng)<\/td>\n<\/tr>\n<tr class=\"row-item\">\n<td class=\"row0\">Ngu\u1ed3n \u0111i\u1ec7n (Ph\/V\/Hz)<\/td>\n<td class=\"row1\">1 Pha, 220 &#8211; 240 V, 50Hz<\/td>\n<\/tr>\n<tr class=\"row-item\">\n<td class=\"row0\">C\u00f4ng su\u1ea5t ti\u00eau th\u1ee5 \u0111i\u1ec7n<\/td>\n<td class=\"row1\">1.93 kW\/h<\/td>\n<\/tr>\n<tr class=\"row-item\">\n<td class=\"row0\">K\u00edch th\u01b0\u1edbc \u1ed1ng \u0111\u1ed3ng Gas (mm)<\/td>\n<td class=\"row1\">6\/12<\/td>\n<\/tr>\n<tr class=\"row-item\">\n<td class=\"row0\">Chi\u1ec1u d\u00e0i \u1ed1ng gas t\u1ed1i \u0111a (m)<\/td>\n<td class=\"row1\">25 m<\/td>\n<\/tr>\n<tr class=\"row-item\">\n<td class=\"row0\">Ch\u00eanh l\u1ec7ch \u0111\u1ed9 cao (t\u1ed1i \u0111a) (m)<\/td>\n<td class=\"row1\">15 m<\/td>\n<\/tr>\n<tr class=\"row-item\">\n<td class=\"row0\">Hi\u1ec7u su\u1ea5t n\u0103ng l\u01b0\u1ee3ng CSPF<\/td>\n<td class=\"row1\">4.53<\/td>\n<\/tr>\n<tr class=\"row-item\">\n<td class=\"row0\">Nh\u00e3n n\u0103ng l\u01b0\u1ee3ng ti\u1ebft ki\u1ec7m \u0111i\u1ec7n<\/td>\n<td class=\"row1\">5 sao<\/td>\n<\/tr>\n<tr class=\"row-title\">\n<td colspan=\"2\"><strong class=\"row0\">D\u00e0n L\u1ea1nh<\/strong><\/td>\n<\/tr>\n<tr class=\"row-item\">\n<td class=\"row0\">Model d\u00e0n l\u1ea1nh<\/td>\n<td class=\"row1\">AQA-RV24QA2<\/td>\n<\/tr>\n<tr class=\"row-item\">\n<td class=\"row0\">K\u00edch th\u01b0\u1edbc d\u00e0n l\u1ea1nh (mm)<\/td>\n<td class=\"row1\">318 x 975 x 220 mm<\/td>\n<\/tr>\n<tr class=\"row-item\">\n<td class=\"row0\">Tr\u1ecdng l\u01b0\u1ee3ng d\u00e0n l\u1ea1nh (Kg)<\/td>\n<td class=\"row1\">10.5 Kg<\/td>\n<\/tr>\n<tr class=\"row-title\">\n<td colspan=\"2\"><strong class=\"row0\">D\u00e0n N\u00f3ng<\/strong><\/td>\n<\/tr>\n<tr class=\"row-item\">\n<td class=\"row0\">K\u00edch th\u01b0\u1edbc d\u00e0n n\u00f3ng (mm)<\/td>\n<td class=\"row1\">642 x 820 x 306 mm<\/td>\n<\/tr>\n<tr class=\"row-item\">\n<td class=\"row0\">Tr\u1ecdng l\u01b0\u1ee3ng d\u00e0n n\u00f3ng (Kg)<\/td>\n<td class=\"row1\">36 Kg<\/td>\n<\/tr>\n<\/tbody>\n<\/table>\n","protected":false},"featured_media":1239,"comment_status":"open","ping_status":"closed","template":"","meta":{"wprm-recipe-roundup-name":"","wprm-recipe-roundup-description":""},"product_brand":[],"product_cat":[115],"product_tag":[166],"class_list":{"0":"post-1243","1":"product","2":"type-product","3":"status-publish","4":"has-post-thumbnail","6":"thuong-hieu-aqua","7":"product_cat-may-lanh-treo-tuong","8":"product_tag-bao-hanh-12-thang","9":"pa_cong-nghe-inverter","10":"pa_cong-suat-lam-lanh-2-5-hp","11":"pa_may-lanh-treo-tuong-2-5-hp","13":"first","14":"instock","15":"sale","16":"taxable","17":"shipping-taxable","18":"purchasable","19":"product-type-simple"},"_links":{"self":[{"href":"https:\/\/maylanhlamhoanglong.com\/index.php?rest_route=\/wp\/v2\/product\/1243","targetHints":{"allow":["GET"]}}],"collection":[{"href":"https:\/\/maylanhlamhoanglong.com\/index.php?rest_route=\/wp\/v2\/product"}],"about":[{"href":"https:\/\/maylanhlamhoanglong.com\/index.php?rest_route=\/wp\/v2\/types\/product"}],"replies":[{"embeddable":true,"href":"https:\/\/maylanhlamhoanglong.com\/index.php?rest_route=%2Fwp%2Fv2%2Fcomments&post=1243"}],"wp:featuredmedia":[{"embeddable":true,"href":"https:\/\/maylanhlamhoanglong.com\/index.php?rest_route=\/wp\/v2\/media\/1239"}],"wp:attachment":[{"href":"https:\/\/maylanhlamhoanglong.com\/index.php?rest_route=%2Fwp%2Fv2%2Fmedia&parent=1243"}],"wp:term":[{"taxonomy":"product_brand","embeddable":true,"href":"https:\/\/maylanhlamhoanglong.com\/index.php?rest_route=%2Fwp%2Fv2%2Fproduct_brand&post=1243"},{"taxonomy":"product_cat","embeddable":true,"href":"https:\/\/maylanhlamhoanglong.com\/index.php?rest_route=%2Fwp%2Fv2%2Fproduct_cat&post=1243"},{"taxonomy":"product_tag","embeddable":true,"href":"https:\/\/maylanhlamhoanglong.com\/index.php?rest_route=%2Fwp%2Fv2%2Fproduct_tag&post=1243"}],"curies":[{"name":"wp","href":"https:\/\/api.w.org\/{rel}","templated":true}]}}