{"id":1235,"date":"2025-03-10T21:31:35","date_gmt":"2025-03-10T14:31:35","guid":{"rendered":"https:\/\/maylanhlamhoanglong.com\/?post_type=product&#038;p=1235"},"modified":"2025-03-10T21:31:36","modified_gmt":"2025-03-10T14:31:36","slug":"may-lanh-lg-inverter-2-5hp-iec24g1-co-wifi","status":"publish","type":"product","link":"https:\/\/maylanhlamhoanglong.com\/?product=may-lanh-lg-inverter-2-5hp-iec24g1-co-wifi","title":{"rendered":"M\u00e1y l\u1ea1nh LG inverter 2.5hp IEC24G1 c\u00f3 WIFI"},"content":{"rendered":"<h2>Thi\u1ebft k\u1ebf m\u1edbi cao c\u1ea5p,\u00a0\u0111\u00e8n LED hi\u1ec3n th\u1ecb th\u00f4ng minh<\/h2>\n<p>Ph\u1ea3i kh\u1eb3ng \u0111\u1ecbnh r\u1eb1ng LG \u0111\u00e3 mang \u0111\u1ebfn cho ng\u01b0\u1eddi ti\u00eau d\u00f9ng nh\u1eefng s\u1ea3n ph\u1ea9m m\u1edbi m\u00e1y\u00a0<a href=\"https:\/\/banhangtaikho.com.vn\/dieu-hoa\/lg\/\" target=\"_blank\" rel=\"noopener\">\u0111i\u1ec1u h\u00f2a LG<\/a>\u00a0v\u1edbi thi\u1ebft k\u1ebf d\u00e0n l\u1ea1nh cao c\u1ea5p, hi\u1ec7n \u0111\u1ea1i, t\u1eebng \u0111\u01b0\u1eddng n\u00e9t tinh t\u1ebf h\u00e0i h\u00f2a v\u1edbi m\u1ecdi kh\u00f4ng gian n\u1ed9i th\u1ea5t.<\/p>\n<p>V\u1edbi c\u00f4ng su\u1ea5t 18000BTU, \u0111i\u1ec1u h\u00f2a\u00a0LG inverter IEC18G1 ph\u00f9 h\u1ee3p\u00a0<strong>l\u1eafp \u0111\u1eb7t cho ph\u00f2ng c\u00f3 di\u1ec7n t\u00edch d\u01b0\u1edbi 30m<sup>2<\/sup><\/strong>: Ph\u00f2ng kh\u00e1ch, ph\u00f2ng h\u1ecdp , nh\u00e0 h\u00e0ng&#8230;<\/p>\n<h2>\u0110i\u1ec1u h\u00f2a LG\u00a0DUAL inverter ti\u1ebft ki\u1ec7m \u0111i\u1ec7n n\u0103ng t\u1edbi 70%<\/h2>\n<p>\u0110i\u1ec1u h\u00f2a LG 18000 BTU 1 chi\u1ec1u IEC18G1 \u0111\u01b0\u1ee3c trang b\u1ecb c\u00f4ng ngh\u1ec7 m\u00e1y n\u00e9n dual inverter. Nh\u1edd \u0111\u00f3 m\u00e1y\u00a0<a href=\"https:\/\/banhangtaikho.com.vn\/dieu-hoa\/\">\u0111i\u1ec1u h\u00f2a<\/a>\u00a0kh\u00f4ng ch\u1ec9 ti\u1ebft ki\u1ec7m \u0111i\u1ec7n n\u0103ng r\u1ea5t cao t\u1edbi 70% m\u00e0 v\u1eadn h\u00e0nh b\u1ec1n b\u1ec9 v\u00e0 ho\u1ea1t \u0111\u1ed9ng \u00eam \u00e1i mang \u0111\u1ebfn cho b\u1ea1n ph\u00fat gi\u00e2y th\u1ef1c s\u1ef1 th\u01b0 gi\u00e3n d\u1ec5 ch\u1ecbu.<\/p>\n<p><img decoding=\"async\" src=\"https:\/\/banhangtaikho.com.vn\/Images\/Upload\/images\/dieu-hoa-lg-inverter.jpg\" alt=\"\u0110i\u1ec1u h\u00f2a LG dual inverter ti\u1ebft ki\u1ec7m \u0111i\u1ec7n 70%\" \/><\/p>\n<h2>T\u1ef1 \u0111\u1ed9ng l\u00e0m s\u1ea1ch mang\u00a0\u0111\u1ebfn b\u1ea7u kh\u00f4ng kh\u00ed trong l\u00e0nh<\/h2>\n<p>M\u00e1y \u0111i\u1ec1u h\u00f2a LG 18000BTU 1 chi\u1ec1u inverter IEC18G1 ngo\u00e0i vi\u1ec7c trang b\u1ecb t\u1ea5m l\u1ecdc b\u1ee5i th\u00f4 v\u00e0 b\u1ee5i m\u1ecbn gi\u00fap l\u1ecdc kh\u00f4ng kh\u00ed ngay t\u1eeb kh\u00e2u \u0111\u1ea7u v\u00e0o\u00a0th\u00ec m\u00e1y c\u00f2n\u00a0\u0111\u01b0\u1ee3c t\u00edch h\u1ee3p ch\u1ee9c n\u0103ng t\u1ef1 \u0111\u1ed9ng l\u00e0m s\u1ea1ch auto cleaning.\u00a0V\u1edbi ch\u1ee9c n\u0103ng t\u1ef1 \u0111\u1ed9ng l\u00e0m s\u1ea1ch ti\u00ean ti\u1ebfn ng\u0103n ch\u1eb7n s\u1ef1 h\u00ecnh th\u00e0nh c\u1ee7a c\u00e1c vi khu\u1ea9n v\u00e0 n\u1ea5m m\u1ed1c tr\u00ean d\u00e0n t\u1ea3n nhi\u1ec7t, \u0111em \u0111\u1ebfn cho b\u1ea1n lu\u1ed3ng kh\u00f4ng kh\u00ed trong l\u00e0nh.<\/p>\n<p><img decoding=\"async\" src=\"https:\/\/banhangtaikho.com.vn\/Images\/Upload\/images\/dieu-hoa-lg-tu-dong-lam-sach-dan-lanh.jpg\" alt=\"\u0111i\u1ec1u h\u00f2a lg auto cleaning t\u1ef1 \u0111\u1ed9ng l\u00e0m s\u1ea1ch d\u00e0n l\u1ea1nh\" \/><\/p>\n<blockquote><p>Nguy\u00ean nh\u00e2n ch\u00ednh g\u00e2y ra nh\u1eefng m\u00f9i h\u00f4i kh\u00f3 ch\u1ecbu t\u1eeb \u0111i\u1ec1u h\u00f2a nhi\u1ec7t \u0111\u1ed9 ch\u00ednh l\u00e0 c\u00e1c lo\u1ea1i vi khu\u1ea9n v\u00e0 n\u1ea5m m\u1ed1c h\u00ecnh th\u00e0nh t\u1eeb m\u00f4i tr\u01b0\u1eddng \u1ea9m \u01b0\u1edbt tr\u00ean d\u00e0n t\u1ea3n nhi\u1ec7t sau m\u1ed7i l\u1ea7n s\u1eed d\u1ee5ng.<\/p><\/blockquote>\n<p><strong>=&gt;&gt;&gt; Xem th\u00eam:<\/strong>\u00a0<strong><a href=\"https:\/\/banhangtaikho.com.vn\/tin\/kien-thuc-tieu-dung\/huong-dan-cach-ve-sinh-bao-duong-dieu-hoa-lg.htm\">H\u01b0\u1edbng d\u1eabn c\u00e1ch v\u1ec7 sinh \u0111i\u1ec1u h\u00f2a LG t\u1ea1i nh\u00e0 [Chu\u1ea9n h\u00e3ng]<\/a><\/strong><\/p>\n<h2>D\u00e0n n\u00f3ng \u0111i\u1ec1u h\u00f2a LG 100% \u0111\u1ed3ng nguy\u00ean ch\u1ea5t<\/h2>\n<p>LG c\u00f3 b\u01b0\u1edbc c\u1ea3i ti\u1ebfn m\u1ea1nh m\u1ebd, \u0111\u1ed9t ph\u00e1 kh\u00f4ng ch\u1ec9 \u1edf thi\u1ebft k\u1ebf s\u1ea3n ph\u1ea9m, t\u00edch h\u1ee3p c\u00f4ng ngh\u1ec7 inverter cho t\u1ea5t c\u1ea3 s\u1ea3n ph\u1ea9m m\u00e0 d\u00e0n n\u00f3ng \u0111\u1ec1u s\u1eed d\u1ee5ng d\u00e0n \u0111\u1ed3ng. Gi\u00fap t\u0103ng tu\u1ed5i th\u1ecd c\u1ee7a s\u1ea3n ph\u1ea9m, hi\u1ec7u su\u1ea5t l\u00e0m l\u1ea1nh cao h\u01a1n. \u0110\u1eb7c bi\u1ec7t ch\u1ed1ng oxy h\u00f3a, \u0103n m\u00f2n c\u1ee7a n\u01b0\u1edbc m\u01b0a, mu\u1ed1i bi\u1ec3n.<\/p>\n<p><img decoding=\"async\" src=\"https:\/\/banhangtaikho.com.vn\/Images\/Upload\/images\/lap-dat-dieu-hoa-1.jpg\" alt=\"L\u1eafp \u0111\u1eb7t \u0111i\u1ec1u h\u00f2a lg\" \/><\/p>\n<p><strong>H\u01a1n n\u1eefa,<\/strong>\u00a0d\u1ea3n t\u1ea3n nhi\u1ec7t m\u1ea1 v\u00e0ng Gold Fin b\u1ea3o v\u1ec7 b\u1ec1 m\u1eb7t d\u00e0n t\u1ea3n nhi\u1ec7t, h\u1ea1n ch\u1ebf qu\u00e1 tr\u00ecnh \u0103n m\u00f2n, n\u00e2ng cao tu\u1ed5i th\u1ecd c\u1ee7a s\u1ea3n ph\u1ea9m<\/p>\n<h2>\u0110i\u1ec1u h\u00f2a LG s\u1eed d\u1ee5ng m\u00f4i ch\u1ea5t l\u1ea1nh gas R32 m\u1edbi nh\u1ea5t<\/h2>\n<p><img decoding=\"async\" src=\"https:\/\/banhangtaikho.com.vn\/Images\/Upload\/images\/dieu-hoa-gas-R32-1.jpg\" alt=\"\u0110i\u1ec1u h\u00f2a lg gas R32 hi\u1ec7u su\u1ea5t cao, th\u00e2n thi\u1ec7n m\u00f4i tr\u01b0\u1eddng\" \/><\/p>\n<p>Ch\u1ec9 c\u1ea7n m\u1ed9t l\u01b0\u1ee3ng nh\u1ecf m\u00f4i ch\u1ea5t l\u1ea1nh so v\u1edbi R410, m\u00f4i ch\u1ea5t l\u1ea1nh R32 c\u00f3 th\u1ec3 \u0111\u1ea1t \u0111\u01b0\u1ee3c hi\u1ec7u qu\u1ea3 cao, gi\u00fap gi\u1ea3m nguy c\u01a1 n\u00f3ng l\u00ean c\u1ee7a to\u00e0n c\u1ea7u v\u00e0 kh\u00f4ng ph\u00e1 h\u1ee7y t\u1ea7ng ozone. T\u1ef7 l\u1ec7 n\u00e9n m\u00f4i ch\u1ea5t l\u1ea1nh R32 l\u00e0m t\u0103ng c\u00f4ng su\u1ea5t so v\u1edbi m\u00f4i ch\u1ea5t R22, R410 gi\u00fap c\u1ea3i thi\u1ec7n hi\u1ec7u su\u1ea5t l\u00e0m m\u00e1t.<\/p>\n","protected":false},"excerpt":{"rendered":"<table class=\"table-digitals\">\n<tbody>\n<tr class=\"row-title\">\n<td colspan=\"2\"><strong class=\"row0\">Th\u00f4ng s\u1ed1 k\u1ef9 thu\u1eadt<\/strong><\/td>\n<\/tr>\n<tr class=\"row-item\">\n<td class=\"row0\">Xu\u1ea5t x\u1ee9<\/td>\n<td class=\"row1\">Th\u00e1i Lan<\/td>\n<\/tr>\n<tr class=\"row-item\">\n<td class=\"row0\">Lo\u1ea1i Gas l\u1ea1nh<\/td>\n<td class=\"row1\">R32<\/td>\n<\/tr>\n<tr class=\"row-item\">\n<td class=\"row0\">Lo\u1ea1i m\u00e1y<\/td>\n<td class=\"row1\">Inverter &#8211; Lo\u1ea1i 1 chi\u1ec1u l\u1ea1nh (ch\u1ec9 l\u00e0m l\u1ea1nh)<\/td>\n<\/tr>\n<tr class=\"row-item\">\n<td class=\"row0\">C\u00f4ng su\u1ea5t l\u00e0m l\u1ea1nh<\/td>\n<td class=\"row1\">2.5 HP (2.5 Ng\u1ef1a)<\/td>\n<\/tr>\n<tr class=\"row-item\">\n<td class=\"row0\">S\u1eed d\u1ee5ng cho ph\u00f2ng<\/td>\n<td class=\"row1\">Di\u00ea\u0323n ti\u0301ch 31 &#8211; 35 m\u00b2 ho\u1eb7c 93 &#8211; 105 m\u00b3 khi\u0301 (thi\u0301ch h\u01a1\u0323p cho pho\u0300ng kha\u0301ch v\u0103n pho\u0300ng)<\/td>\n<\/tr>\n<tr class=\"row-item\">\n<td class=\"row0\">Ngu\u1ed3n \u0111i\u1ec7n (Ph\/V\/Hz)<\/td>\n<td class=\"row1\">1 Pha, 220 &#8211; 240 V, 50Hz<\/td>\n<\/tr>\n<tr class=\"row-item\">\n<td class=\"row0\">C\u00f4ng su\u1ea5t ti\u00eau th\u1ee5 \u0111i\u1ec7n<\/td>\n<td class=\"row1\">2060 \/ 240 W<\/td>\n<\/tr>\n<tr class=\"row-item\">\n<td class=\"row0\">K\u00edch th\u01b0\u1edbc \u1ed1ng \u0111\u1ed3ng Gas (mm)<\/td>\n<td class=\"row1\">6\/12<\/td>\n<\/tr>\n<tr class=\"row-item\">\n<td class=\"row0\">Chi\u1ec1u d\u00e0i \u1ed1ng gas t\u1ed1i \u0111a (m)<\/td>\n<td class=\"row1\">30m<\/td>\n<\/tr>\n<tr class=\"row-item\">\n<td class=\"row0\">Ch\u00eanh l\u1ec7ch \u0111\u1ed9 cao (t\u1ed1i \u0111a) (m)<\/td>\n<td class=\"row1\">20m<\/td>\n<\/tr>\n<tr class=\"row-item\">\n<td class=\"row0\">Hi\u1ec7u su\u1ea5t n\u0103ng l\u01b0\u1ee3ng CSPF<\/td>\n<td class=\"row1\">4.49<\/td>\n<\/tr>\n<tr class=\"row-item\">\n<td class=\"row0\">Nh\u00e3n n\u0103ng l\u01b0\u1ee3ng ti\u1ebft ki\u1ec7m \u0111i\u1ec7n<\/td>\n<td class=\"row1\">5 sao<\/td>\n<\/tr>\n<tr class=\"row-item\">\n<td class=\"row0\">T\u00ednh n\u0103ng \u0111\u1eb7c bi\u1ec7t<\/td>\n<td class=\"row1\">Lu\u1ed3n gi\u00f3 2 chi\u1ec1u, t\u1ef1 l\u00e0m s\u1ea1ch. qu\u1ea3n l\u00fd ti\u1ebft ki\u1ec7m n\u0103ng l\u01b0\u1ee3ng qua app. wifi t\u00edch h\u1ee3p s\u1eb3n.<\/td>\n<\/tr>\n<tr class=\"row-title\">\n<td colspan=\"2\"><strong class=\"row0\">D\u00e0n L\u1ea1nh<\/strong><\/td>\n<\/tr>\n<tr class=\"row-item\">\n<td class=\"row0\">K\u00edch th\u01b0\u1edbc d\u00e0n l\u1ea1nh (mm)<\/td>\n<td class=\"row1\">345 x 998 x 210 mm<\/td>\n<\/tr>\n<tr class=\"row-item\">\n<td class=\"row0\">Tr\u1ecdng l\u01b0\u1ee3ng d\u00e0n l\u1ea1nh (Kg)<\/td>\n<td class=\"row1\">11 Kg<\/td>\n<\/tr>\n<tr class=\"row-title\">\n<td colspan=\"2\"><strong class=\"row0\">D\u00e0n N\u00f3ng<\/strong><\/td>\n<\/tr>\n<tr class=\"row-item\">\n<td class=\"row0\">K\u00edch th\u01b0\u1edbc d\u00e0n n\u00f3ng (mm)<\/td>\n<td class=\"row1\">650 x 870 x 330 mm<\/td>\n<\/tr>\n<tr class=\"row-item\">\n<td class=\"row0\">Tr\u1ecdng l\u01b0\u1ee3ng d\u00e0n n\u00f3ng (Kg)<\/td>\n<td class=\"row1\">42,7 Kg<\/td>\n<\/tr>\n<\/tbody>\n<\/table>\n","protected":false},"featured_media":1232,"comment_status":"open","ping_status":"closed","template":"","meta":{"wprm-recipe-roundup-name":"","wprm-recipe-roundup-description":""},"product_brand":[],"product_cat":[115],"product_tag":[],"class_list":{"0":"post-1235","1":"product","2":"type-product","3":"status-publish","4":"has-post-thumbnail","6":"thuong-hieu-lg","7":"product_cat-may-lanh-treo-tuong","8":"pa_cong-nghe-inverter","9":"pa_cong-suat-lam-lanh-2-5-hp","10":"pa_may-lanh-treo-tuong-2-5-hp","11":"pa_wifi-co-wifi","13":"first","14":"instock","15":"taxable","16":"shipping-taxable","17":"product-type-simple"},"_links":{"self":[{"href":"https:\/\/maylanhlamhoanglong.com\/index.php?rest_route=\/wp\/v2\/product\/1235","targetHints":{"allow":["GET"]}}],"collection":[{"href":"https:\/\/maylanhlamhoanglong.com\/index.php?rest_route=\/wp\/v2\/product"}],"about":[{"href":"https:\/\/maylanhlamhoanglong.com\/index.php?rest_route=\/wp\/v2\/types\/product"}],"replies":[{"embeddable":true,"href":"https:\/\/maylanhlamhoanglong.com\/index.php?rest_route=%2Fwp%2Fv2%2Fcomments&post=1235"}],"wp:featuredmedia":[{"embeddable":true,"href":"https:\/\/maylanhlamhoanglong.com\/index.php?rest_route=\/wp\/v2\/media\/1232"}],"wp:attachment":[{"href":"https:\/\/maylanhlamhoanglong.com\/index.php?rest_route=%2Fwp%2Fv2%2Fmedia&parent=1235"}],"wp:term":[{"taxonomy":"product_brand","embeddable":true,"href":"https:\/\/maylanhlamhoanglong.com\/index.php?rest_route=%2Fwp%2Fv2%2Fproduct_brand&post=1235"},{"taxonomy":"product_cat","embeddable":true,"href":"https:\/\/maylanhlamhoanglong.com\/index.php?rest_route=%2Fwp%2Fv2%2Fproduct_cat&post=1235"},{"taxonomy":"product_tag","embeddable":true,"href":"https:\/\/maylanhlamhoanglong.com\/index.php?rest_route=%2Fwp%2Fv2%2Fproduct_tag&post=1235"}],"curies":[{"name":"wp","href":"https:\/\/api.w.org\/{rel}","templated":true}]}}