{"id":1231,"date":"2025-03-10T21:23:04","date_gmt":"2025-03-10T14:23:04","guid":{"rendered":"https:\/\/maylanhlamhoanglong.com\/?post_type=product&#038;p=1231"},"modified":"2025-03-10T21:23:04","modified_gmt":"2025-03-10T14:23:04","slug":"may-lanh-lg-inverter-1-hp-iec09g1-co-wifi","status":"publish","type":"product","link":"https:\/\/maylanhlamhoanglong.com\/?product=may-lanh-lg-inverter-1-hp-iec09g1-co-wifi","title":{"rendered":"M\u00e1y l\u1ea1nh LG Inverter 1 HP IEC09G1 c\u00f3 Wifi"},"content":{"rendered":"<p class=\"w-pd-i-c-head\">B\u00e0i vi\u1ebft \u0110i\u1ec1u h\u00f2a LG 9.000BTU 1 chi\u1ec1u IEC09G1<\/p>\n<div class=\"cl\"><\/div>\n<p>M\u00e1y\u00a0<a href=\"https:\/\/banhangtaikho.com.vn\/dieu-hoa\/lg\/iec09g1.htm\">\u0111i\u1ec1u h\u00f2a LG IEC09G1<\/a>\u00a09000BTU 1 chi\u1ec1u\u00a0inverter s\u1eed d\u1ee5ng m\u00f4i ch\u1ea5t l\u00e0m l\u1ea1nh m\u1edbi gas R32\u00a0nh\u1eadp kh\u1ea9u ch\u00ednh h\u00e3ng Th\u00e1i Lan v\u1edbi th\u1eddi gian b\u1ea3o h\u00e0nh to\u00e0n b\u1ed9 s\u1ea3n ph\u1ea9m 2 n\u0103m v\u00e0 m\u00e1y n\u00e9n 10 n\u0103m\u00a0<strong>model m\u1edbi nh\u1ea5t ra m\u1eaft n\u0103m 2025<\/strong>.<\/p>\n<p><img decoding=\"async\" src=\"https:\/\/banhangtaikho.com.vn\/Images\/Product\/iec09g1-8Ioc4h.jpg\" alt=\"LG IEC09G1, \u0110i\u1ec1u h\u00f2a LG 9000 BTU 1 chi\u1ec1u inverter gi\u00e1 r\u1ebb 2025\" \/><\/p>\n<p><em><strong>(\u0110i\u1ec1u h\u00f2a LG IEC09G1 thay th\u1ebf cho model V10WIN1)<\/strong><\/em><\/p>\n<h2>Thi\u1ebft k\u1ebf \u0111\u1eb9p m\u1eaft, m\u00e0u tr\u1eafng tinh t\u1ebf<\/h2>\n<p>M\u00e1y\u00a0<a href=\"https:\/\/banhangtaikho.com.vn\/dieu-hoa\/lg\/?loc=9000btu\">\u0111i\u1ec1u h\u00f2a LG 9000BTU<\/a>\u00a0IEC09G1 kh\u00f4ng ch\u1ec9 ti\u1ebft k\u1ebf v\u1edbi \u0111\u1eb9p m\u1eaft \u0111\u01b0\u1eddng n\u00e9t tinh t\u1ebf, m\u00e0u tr\u1eafng s\u00e1ng tr\u1eafng b\u00f3ng h\u00e0i h\u00f2a v\u1edbi m\u1ecdi kh\u00f4ng gian n\u1ed9i th\u1ea5t. C\u00f4ng su\u1ea5t 9000BTU (1HP), \u0110i\u1ec1u h\u00f2a LG V10ENW\u00a0<strong>ph\u00f9 h\u1ee3p l\u1eafp \u0111\u1eb7t cho ph\u00f2ng c\u00f3 di\u1ec7n t\u00edch d\u01b0\u1edbi 15m<sup>2<\/sup><\/strong>.<\/p>\n<h2>\u0110i\u1ec1u h\u00f2a LG Dual\u00a0inverter ti\u1ebft ki\u1ec7m \u0111i\u1ec7n l\u00ean \u0111\u1ebfn 70%<\/h2>\n<p>LG lu\u00f4n ti\u00ean phong mang l\u1ea1i cho ng\u01b0\u1eddi ti\u00eau d\u00f9ng nh\u1eefng s\u1ea3n ph\u1ea9m t\u1ed1t nh\u1ea5t, ti\u1ebft ki\u1ec7m chi ph\u00ed ti\u1ec1n \u0111i\u1ec7n\u00a0s\u1eed d\u1ee5ng h\u00e0ng. V\u1edbi m\u00e1y\u00a0<a href=\"https:\/\/banhangtaikho.com.vn\/dieu-hoa\/lg\/\">\u0111i\u1ec1u h\u00f2a LG<\/a>\u00a0inverter\u00a0kh\u00f4ng ch\u1ec9 gi\u00fap B\u1ea1n ti\u1ebft ki\u1ec7m ti\u1ec1n \u0111i\u1ec7n h\u00e0ng th\u00e1ng t\u1edbi 70% so v\u1edbi m\u00e1y \u0111i\u1ec1u h\u00f2a th\u00f4ng th\u01b0\u1eddng m\u00e0 m\u00e1y v\u1eadn h\u00e0nh si\u00eau \u00eam \u00e1i, c\u0169ng nh\u01b0 ch\u00eanh l\u1ec7ch nhi\u1ec7t \u0111\u1ed9 th\u1ea5p mang \u0111\u1ebfn s\u1ef1 tho\u1ea3i m\u00e1i c\u1ef1c k\u1ef3 d\u1ec5 ch\u1ecbu.<\/p>\n<p>V\u1edbi m\u1ee9c ti\u1ebft ki\u1ec7m n\u00e0y, b\u1ea1n ho\u00e0n to\u00e0n tho\u1ea3i m\u00e1i kh\u00f4ng ph\u1ea3i c\u00f3 b\u1ea5t k\u1ef3 lo l\u1eafng g\u00ec v\u1ec1 chi ph\u00ed ti\u1ec1n \u0111i\u1ec7n h\u00e0ng th\u00e1ng.<\/p>\n<p><img decoding=\"async\" src=\"https:\/\/banhangtaikho.com.vn\/Images\/Upload\/images\/lg-inverter-tiet-kiem-dien.jpg\" alt=\"\u0110i\u1ec1u h\u00f2a LG dual inverter ti\u1ebft ki\u1ec7m \u0111i\u1ec7n 70%\" \/><\/p>\n<h2>T\u1ef1 \u0111\u1ed9ng l\u00e0m s\u1ea1ch<\/h2>\n<p>V\u1edbi t\u00ecnh tr\u1ea1ng \u00f4 nhi\u1ec5m kh\u00f4ng kh\u00ed \u0111\u00e1ng b\u00e1o \u0111\u1ed9ng nh\u01b0 hi\u1ec7n nay (\u0111\u1eb7c bi\u1ec7t l\u00e0 c\u00e1c TP. H\u00e0 N\u1ed9i, TP. HCM) g\u00e2y \u1ea3nh h\u01b0\u1edfng nghi\u00eam tr\u1ecdng \u0111\u1ebfn s\u1ee9c kh\u1ecfe. Th\u00ec v\u1edbi \u0111i\u1ec1u h\u00f2a LG 9000BTU 1 chi\u1ec1u\u00a0IEC09G1 b\u1ea1n s\u1ebd ho\u00e0n to\u00e0n y\u00ean t\u00e2m kh\u00f4ng gian trong ph\u00f2ng s\u1ebd th\u1ef1c s\u1ef1 trong l\u00e0nh v\u00e0 an to\u00e0n cho ch\u00ednh b\u1ea1n &amp; nh\u1eefng ng\u01b0\u1eddi th\u00e2n th\u01b0\u01a1ng nh\u1ea5t.<\/p>\n<p><img decoding=\"async\" src=\"https:\/\/banhangtaikho.com.vn\/Images\/Upload\/images\/lap-dat-dieu-hoa.jpg\" alt=\"L\u1eafp \u0111\u1eb7t \u0111i\u1ec1u h\u00f2a lg\" \/><\/p>\n<p>Ch\u1ee9c n\u0103ng t\u1ef1 \u0111\u1ed9ng l\u00e0m s\u1ea1ch ti\u00ean ti\u1ebfn ng\u0103n ch\u1eb7n s\u1ef1 h\u00ecnh th\u00e0nh c\u00e1c\u00a0vi khu\u1ea9n v\u00e0 n\u1ea5m m\u1ed1c\u00a0tr\u00ean d\u00e0n\u00a0 t\u1ea3n nhi\u1ec7t, \u0111em \u0111\u1ebfn cho b\u1ea1n\u00a0lu\u1ed3ng\u00a0kh\u00f4ng kh\u00ed trong l\u00e0nh.<\/p>\n<h2>LG v\u1eadn h\u00e0nh \u00eam \u00e1i<\/h2>\n<p>K\u1ec3 t\u1eeb n\u0103m 2017 v\u1ec1 tr\u01b0\u1edbc th\u00ec m\u00e1y \u0111i\u1ec1u h\u00f2a LG khi s\u1eed d\u1ee5ng \u0111\u1ed9 \u1ed3n h\u01a1i cao g\u00e2y ra c\u1ea3m gi\u00e1c c\u1ef1c k\u1ef3 kh\u00f3 ch\u1ecbu cho ng\u01b0\u1eddi s\u1eed d\u1ee5ng.\u00a0Hi\u1ec3u \u0111\u01b0\u1ee3c v\u1ea5n \u0111\u1ec1 g\u1eb7p ph\u1ea3i k\u1ec3 t\u1eeb 1\/2018 LG \u0111\u00e3 kh\u1eafc ph\u1ee5c \u0111\u01b0\u1ee3c nh\u01b0\u1ee3c \u0111i\u1ec3m tr\u00ean mang \u0111\u1ebfn kh\u00f4ng gian y\u00ean t\u0129nh th\u1ef1c s\u1ef1 tho\u1ea3i m\u00e1i cho ng\u01b0\u1eddi ti\u00eau d\u00f9ng.<\/p>\n<p>H\u01a1n n\u1eefa v\u1edbi ch\u1ebf \u0111\u1ed9 ng\u1ee7 \u0111\u00eam m\u00e1y \u0111i\u1ec1u h\u00f2a LG 9000 BTU IEC09G1 s\u1ebd t\u1ef1 \u0111\u1ed9ng \u0111i\u1ec1u ch\u1ec9nh gi\u1ea3m \u0111\u1ed9 \u1ed3n \u0111\u1ed9ng c\u01a1 v\u1eadn h\u00e0nh xu\u1ed1ng m\u1ee9c th\u1ea5p nh\u1ea5t, gi\u00fap b\u1ea1n t\u1eadn h\u01b0\u1edfng gi\u1ea5c ng\u1ee7 ngon v\u00e0 s\u00e2u trong kh\u00f4ng gian y\u00ean t\u0129nh.<\/p>\n<p><strong>=&gt;&gt;&gt; Xem th\u00eam:\u00a0<\/strong><a href=\"https:\/\/banhangtaikho.com.vn\/tin\/kien-thuc-tieu-dung\/cach-hen-gio-dieu-hoa-lg.htm\"><strong>C\u00e1ch h\u1eb9n gi\u1edd \u0111i\u1ec1u h\u00f2a LG [T\u1eaft \/ B\u1eadt] tr\u1ebb con c\u0169ng l\u00e0m \u0111\u01b0\u1ee3c<\/strong><\/a><\/p>\n<h2>D\u00e0n t\u1ea3n nhi\u1ec7t m\u1ea1 v\u00e0ng &#8211; GoldFin<\/h2>\n<p>LG l\u00e0 h\u00e3ng\u00a0<a href=\"https:\/\/banhangtaikho.com.vn\/dieu-hoa\/\">\u0111i\u1ec1u h\u00f2a<\/a>\u00a0ti\u00ean phong trong vi\u1ec7c s\u1eed d\u1ee5ng d\u00e0n nhi\u1ec7t m\u1ea1 v\u00e0ng. L\u1edbp ph\u1ee7 \u0111\u1eb7c bi\u1ec7t m\u00e0u v\u00e0ng, b\u1ea3o v\u1ec7 b\u1ec1 m\u1eb7t d\u00e0n t\u1ea3n nhi\u1ec7t, h\u1ea1n ch\u1ebf qu\u00e1\u00a0tr\u00ecnh \u0103n m\u00f2n, n\u00e2ng cao tu\u1ed5i th\u1ecd s\u1ea3n ph\u1ea9m.<\/p>\n<p><img decoding=\"async\" src=\"https:\/\/banhangtaikho.com.vn\/Images\/Upload\/images\/lg-tan-nhiet.jpg\" alt=\"\u0110i\u1ec1u h\u00f2a LG d\u00e0n \u0111\u1ed3ng, c\u00e1nh t\u1ea3n nhi\u1ec7t m\u1ea1 v\u00e0ng ch\u1ed1ng \u0103n m\u00f2n\" \/><\/p>\n<p>V\u00ec th\u1ebf b\u1ea1n d\u1ec5 d\u00e0ng nh\u1eadn th\u1ea5y\u00a0m\u00e1y \u0111i\u1ec1u h\u00f2a LG xu\u1ea5t hi\u1ec7n \u1edf m\u1ecdi n\u01a1i.\u00a0\u0110\u1eb7c bi\u1ec7t LG l\u00e0 s\u1ea3n ph\u1ea9m lu\u00f4n \u0111\u01b0\u1ee3c \u01b0u ti\u00ean l\u1ef1a ch\u1ecdn l\u1eafp \u0111\u1eb7t cho khu v\u1ef1c kh\u00e1ch s\u1ea1n, nh\u00e0 ngh\u1ec9 ven bi\u1ec3n n\u01a1i m\u00e0 c\u00f3\u00a0\u0111\u1ed9 \u0103n m\u00f2n cao nh\u1ea5t.<\/p>\n<h2>S\u1eed d\u1ee5ng gas R32 th\u00e2n thi\u1ec7n m\u00f4i tr\u01b0\u1eddng<\/h2>\n<p>Gas R32 m\u00f4i ch\u1ea5t l\u1ea1nh ti\u00ean ti\u1ebfn nh\u1ea5t: Kh\u00f4ng ph\u00e1 h\u1ee7y t\u1ea7ng \u00f4 z\u00f4n + Gi\u1ea3m t\u00e1c nh\u00e2n g\u00e2y n\u00f3ng l\u00ean to\u00e0n c\u1ea7u + T\u0103ng c\u01b0\u1eddng hi\u1ec7u su\u1ea5t s\u1eed d\u1ee5ng n\u0103ng l\u01b0\u1ee3ng.<\/p>\n","protected":false},"excerpt":{"rendered":"<ul>\n<li>Dual Inverter\u2122 v\u1eadn h\u00e0nh \u00eam \u00e1i v\u00e0 ti\u1ebft ki\u1ec7m \u0111i\u1ec7n<\/li>\n<li>Ti\u1ebft ki\u1ebfm n\u0103ng l\u01b0\u1ee3ng k\u1ebft h\u1ee3p c\u1ea3 ph\u1ea7n c\u1ee9ng v\u00e0 ph\u1ea7n m\u1ec1m th\u00f4ng minh qua app tr\u1ef1c quan tr\u00ean \u0111i\u1ec7n tho\u1ea1i c\u1ee7a b\u1ea1n.<\/li>\n<li>L\u00e0m l\u1ea1nh nhanh qua b\u1ed9 \u0111i\u1ec1u khi\u1ec3n inverter v\u00e0 c\u00f4ng ngh\u1ec7 t\u1ef1 l\u00e0m s\u1ea1ch d\u00e0n l\u1ea1nh, \u0111\u1ea3m b\u1ea3o hi\u1ec7u qu\u1ea3 l\u1ea1nh t\u1ed1t nh\u1ea5t<\/li>\n<li>B\u1ea3o h\u00e0nh 10 n\u0103m m\u00e1y n\u00e9n k\u00e9p Dual Inverter compressor\u2122<\/li>\n<li>Gold Fin\u2122 b\u1ea3o v\u1ec7 d\u00e0n n\u00f3ng lu\u00f4n b\u1ec1n b\u1ec9 v\u00e0 lu\u00f4n \u0111\u1ea1t hi\u1ec7u qu\u1ea3 t\u1ed1t nh\u1ea5t.<\/li>\n<li>\n<table class=\"table-digitals\">\n<tbody>\n<tr class=\"row-title\">\n<td colspan=\"2\"><strong class=\"row0\">Th\u00f4ng s\u1ed1 k\u1ef9 thu\u1eadt<\/strong><\/td>\n<\/tr>\n<tr class=\"row-item\">\n<td class=\"row0\">Xu\u1ea5t x\u1ee9<\/td>\n<td class=\"row1\">Th\u00e1i Lan<\/td>\n<\/tr>\n<tr class=\"row-item\">\n<td class=\"row0\">Lo\u1ea1i Gas l\u1ea1nh<\/td>\n<td class=\"row1\">R32<\/td>\n<\/tr>\n<tr class=\"row-item\">\n<td class=\"row0\">Lo\u1ea1i m\u00e1y<\/td>\n<td class=\"row1\">Inverter &#8211; Lo\u1ea1i 1 chi\u1ec1u l\u1ea1nh (ch\u1ec9 l\u00e0m l\u1ea1nh)<\/td>\n<\/tr>\n<tr class=\"row-item\">\n<td class=\"row0\">C\u00f4ng su\u1ea5t l\u00e0m l\u1ea1nh<\/td>\n<td class=\"row1\">1.0 HP (1.0 Ng\u1ef1a) &#8211; 3050W<\/td>\n<\/tr>\n<tr class=\"row-item\">\n<td class=\"row0\">S\u1eed d\u1ee5ng cho ph\u00f2ng<\/td>\n<td class=\"row1\">Di\u1ec7n t\u00edch 12 &#8211; 15 m\u00b2 ho\u1eb7c 36 &#8211; 45 m\u00b3 kh\u00ed<\/td>\n<\/tr>\n<tr class=\"row-item\">\n<td class=\"row0\">Ngu\u1ed3n \u0111i\u1ec7n (Ph\/V\/Hz)<\/td>\n<td class=\"row1\">1 Pha, 220 &#8211; 240 V, 50Hz<\/td>\n<\/tr>\n<tr class=\"row-item\">\n<td class=\"row0\">C\u00f4ng su\u1ea5t ti\u00eau th\u1ee5 \u0111i\u1ec7n<\/td>\n<td class=\"row1\">840 \/ 200W (\u0110\u1ecbnh m\u1ee9c\/ t\u1ed1i thi\u1ec3u)<\/td>\n<\/tr>\n<tr class=\"row-item\">\n<td class=\"row0\">K\u00edch th\u01b0\u1edbc \u1ed1ng \u0111\u1ed3ng Gas (mm)<\/td>\n<td class=\"row1\">6.35 \/ 9.52<\/td>\n<\/tr>\n<tr class=\"row-item\">\n<td class=\"row0\">Chi\u1ec1u d\u00e0i \u1ed1ng gas t\u1ed1i \u0111a (m)<\/td>\n<td class=\"row1\">15m<\/td>\n<\/tr>\n<tr class=\"row-item\">\n<td class=\"row0\">Ch\u00eanh l\u1ec7ch \u0111\u1ed9 cao (t\u1ed1i \u0111a) (m)<\/td>\n<td class=\"row1\">7m<\/td>\n<\/tr>\n<tr class=\"row-item\">\n<td class=\"row0\">Hi\u1ec7u su\u1ea5t n\u0103ng l\u01b0\u1ee3ng CSPF<\/td>\n<td class=\"row1\">4.28<\/td>\n<\/tr>\n<tr class=\"row-item\">\n<td class=\"row0\">Nh\u00e3n n\u0103ng l\u01b0\u1ee3ng ti\u1ebft ki\u1ec7m \u0111i\u1ec7n<\/td>\n<td class=\"row1\">5 sao<\/td>\n<\/tr>\n<tr class=\"row-title\">\n<td colspan=\"2\"><strong class=\"row0\">D\u00e0n L\u1ea1nh<\/strong><\/td>\n<\/tr>\n<tr class=\"row-item\">\n<td class=\"row0\">K\u00edch th\u01b0\u1edbc d\u00e0n l\u1ea1nh (mm)<\/td>\n<td class=\"row1\">837 x 308 x 189 mm<\/td>\n<\/tr>\n<tr class=\"row-item\">\n<td class=\"row0\">Tr\u1ecdng l\u01b0\u1ee3ng d\u00e0n l\u1ea1nh (Kg)<\/td>\n<td class=\"row1\">8.0 Kg<\/td>\n<\/tr>\n<tr class=\"row-title\">\n<td colspan=\"2\"><strong class=\"row0\">D\u00e0n N\u00f3ng<\/strong><\/td>\n<\/tr>\n<tr class=\"row-item\">\n<td class=\"row0\">K\u00edch th\u01b0\u1edbc d\u00e0n n\u00f3ng (mm)<\/td>\n<td class=\"row1\">495 x 717 x 230 mm<\/td>\n<\/tr>\n<tr class=\"row-item\">\n<td class=\"row0\">Tr\u1ecdng l\u01b0\u1ee3ng d\u00e0n n\u00f3ng (Kg)<\/td>\n<td class=\"row1\">20.1 Kg<\/td>\n<\/tr>\n<\/tbody>\n<\/table>\n<\/li>\n<\/ul>\n","protected":false},"featured_media":1232,"comment_status":"open","ping_status":"closed","template":"","meta":{"wprm-recipe-roundup-name":"","wprm-recipe-roundup-description":""},"product_brand":[],"product_cat":[115],"product_tag":[166],"class_list":{"0":"post-1231","1":"product","2":"type-product","3":"status-publish","4":"has-post-thumbnail","6":"thuong-hieu-lg","7":"product_cat-may-lanh-treo-tuong","8":"product_tag-bao-hanh-12-thang","9":"pa_cong-nghe-inverter","10":"pa_cong-suat-lam-lanh-1-hp","11":"pa_may-lanh-treo-tuong-1-0-hp","12":"pa_wifi-co-wifi","14":"first","15":"instock","16":"sale","17":"taxable","18":"shipping-taxable","19":"purchasable","20":"product-type-simple"},"_links":{"self":[{"href":"https:\/\/maylanhlamhoanglong.com\/index.php?rest_route=\/wp\/v2\/product\/1231","targetHints":{"allow":["GET"]}}],"collection":[{"href":"https:\/\/maylanhlamhoanglong.com\/index.php?rest_route=\/wp\/v2\/product"}],"about":[{"href":"https:\/\/maylanhlamhoanglong.com\/index.php?rest_route=\/wp\/v2\/types\/product"}],"replies":[{"embeddable":true,"href":"https:\/\/maylanhlamhoanglong.com\/index.php?rest_route=%2Fwp%2Fv2%2Fcomments&post=1231"}],"wp:featuredmedia":[{"embeddable":true,"href":"https:\/\/maylanhlamhoanglong.com\/index.php?rest_route=\/wp\/v2\/media\/1232"}],"wp:attachment":[{"href":"https:\/\/maylanhlamhoanglong.com\/index.php?rest_route=%2Fwp%2Fv2%2Fmedia&parent=1231"}],"wp:term":[{"taxonomy":"product_brand","embeddable":true,"href":"https:\/\/maylanhlamhoanglong.com\/index.php?rest_route=%2Fwp%2Fv2%2Fproduct_brand&post=1231"},{"taxonomy":"product_cat","embeddable":true,"href":"https:\/\/maylanhlamhoanglong.com\/index.php?rest_route=%2Fwp%2Fv2%2Fproduct_cat&post=1231"},{"taxonomy":"product_tag","embeddable":true,"href":"https:\/\/maylanhlamhoanglong.com\/index.php?rest_route=%2Fwp%2Fv2%2Fproduct_tag&post=1231"}],"curies":[{"name":"wp","href":"https:\/\/api.w.org\/{rel}","templated":true}]}}