{"id":1221,"date":"2025-03-10T19:02:50","date_gmt":"2025-03-10T12:02:50","guid":{"rendered":"https:\/\/maylanhlamhoanglong.com\/?post_type=product&#038;p=1221"},"modified":"2025-03-10T19:02:50","modified_gmt":"2025-03-10T12:02:50","slug":"may-lanh-daikin-inverter-2-0hp-ftkb50wavmv","status":"publish","type":"product","link":"https:\/\/maylanhlamhoanglong.com\/?product=may-lanh-daikin-inverter-2-0hp-ftkb50wavmv","title":{"rendered":"M\u00e1y l\u1ea1nh Daikin inverter 2.0Hp FTKB50WAVMV"},"content":{"rendered":"<h1 class=\"prod-name\">T\u00ednh n\u0103ng n\u1ed5i b\u1eadt c\u1ee7a \u0111i\u1ec1u h\u00f2a Daikin d\u00f2ng FTKF m\u1edbi nh\u1ea5t<\/h1>\n<div>\n<p>M\u00e1y l\u1ea1nh Daikin d\u00f2ng FTKF l\u00e0 d\u00f2ng s\u1ea3n ph\u1ea9m m\u1edbi nh\u1ea5t \u0111\u01b0\u1ee3c ra m\u1eaft n\u0103m 2023, v\u1eady m\u00e1y l\u1ea1nh Daikin d\u00f2ng FTKF c\u00f3 \u0111i\u1ec3m g\u00ec n\u1ed5i b\u1eadt h\u00e3y c\u00f9ng \u0110i\u1ec7n m\u00e1y AZ t\u00ecm hi\u1ec3u d\u01b0\u1edbi b\u00e0i vi\u1ebft sau nh\u00e9<\/p>\n<p><strong>\u0110i\u1ec1u h\u00f2a Daikin d\u00f2ng FTKF<\/strong>\u00a0ra m\u1eaft n\u0103m 2023 \u0111\u01b0\u1ee3c s\u1ea3n xu\u1ea5t t\u1ea1i Vi\u1ec7t Nam v\u1edbi 4 model cho 4 d\u1ea3i c\u00f4ng su\u1ea5t l\u00e0 9000, 12000, 18000, 24000, l\u00e0 d\u00f2ng s\u1ea3n ph\u1ea9m \u0111i\u1ec1u h\u00f2a trang b\u1ecb c\u00f4ng ngh\u1ec7 inverter v\u1edbi 1 chi\u1ec1u l\u1ea1nh<\/p>\n<p><strong>T\u00ednh n\u0103ng n\u1ed5i b\u1eadt c\u1ee7a \u0111i\u1ec1u h\u00f2a Daikin d\u00f2ng FTKF<\/strong><\/p>\n<p><strong>1, C\u00f4ng ngh\u1ec7 Streamer \u2013 C\u00f4ng ngh\u1ec7 Daikin<\/strong><\/p>\n<p>\u2022 Streamer l\u00e0 c\u00f4ng ngh\u1ec7 l\u00e0m s\u1ea1ch kh\u00f4ng kh\u00ed \u0111\u1ed9c quy\u1ec1n c\u1ee7a Daikin<br \/>\n\u2022 C\u01a1 ch\u1ebf gi\u1ea3i ph\u00f3ng c\u00e1c electron t\u1ed1c \u0111\u1ed9 cao va ch\u1ea1m v\u1edbi oxy, nito, h\u01a1i n\u01b0\u1edbc trong kh\u00f4ng kh\u00ed t\u1ea1o ra c\u00e1c ph\u1ea7n t\u1eed c\u00f3 t\u00ednh ph\u00e2n h\u1ee7y m\u1ea1nh m\u1ebd.<br \/>\n\u2022 T\u00e1c \u0111\u1ed9ng \u1ee9c ch\u1ebf c\u00e1c ch\u1ea5t g\u00e2y m\u00f9i, c\u00e1c t\u00e1c nh\u00e2n g\u00e2y \u00f4 nhi\u1ec5m nh\u01b0 vi khu\u1ea9n, vi r\u00fat, n\u1ea5m m\u1ed1c, ph\u1ea5n hoa, m\u1ea1t b\u1ee5i v\u00e0 b\u1ee5i PM2.5 trong c\u00e1c th\u00e0nh ph\u1ea7n g\u00e2y d\u1ecb \u1ee9ng<\/p>\n<p><strong>2, Phin l\u1ecdc Enzyme Blue k\u1ebft h\u1ee3p PM2.5<\/strong><\/p>\n<p>Phin l\u1ecdc 2 l\u1edbp v\u1edbi s\u1ef1 k\u1ebft h\u1ee3p ch\u1ee9c n\u0103ng c\u1ee7a 2 lo\u1ea1i phin l\u1ecdc Enzyme Blue v\u00e0 phin l\u1ecdc PM2.5 mang l\u1ea1i hi\u1ec7u qu\u1ea3 k\u00e9p v\u1eeba gi\u00fap lo\u1ea1i b\u1ecf c\u00e1c t\u00e1c nh\u00e2n g\u00e2y m\u00f9i, ch\u1ea5t\u00a0g\u00e2y d\u1ecb \u1ee9ng, n\u1ea5m m\u1ed1c, vi khu\u1ea9n, virus, v\u1eeba gi\u00fap lo\u1ea1i b\u1ecf c\u00e1c h\u1ea1t b\u1ee5i m\u1ecbn PM2.5 gi\u00fap tinh l\u1ecdc kh\u00f4ng kh\u00ed.<\/p>\n<p><img loading=\"lazy\" decoding=\"async\" class=\"size-full wp-image-7093 lazy-load-active\" src=\"https:\/\/dienlanhlepham.vn\/wp-content\/uploads\/2023\/06\/enzymblue-555-2.jpg\" sizes=\"auto, (max-width: 1110px) 100vw, 1110px\" srcset=\"https:\/\/dienlanhlepham.vn\/wp-content\/uploads\/2023\/06\/enzymblue-555-2.jpg 1110w, https:\/\/dienlanhlepham.vn\/wp-content\/uploads\/2023\/06\/enzymblue-555-2-300x162.jpg 300w, https:\/\/dienlanhlepham.vn\/wp-content\/uploads\/2023\/06\/enzymblue-555-2-1024x554.jpg 1024w, https:\/\/dienlanhlepham.vn\/wp-content\/uploads\/2023\/06\/enzymblue-555-2-768x415.jpg 768w, https:\/\/dienlanhlepham.vn\/wp-content\/uploads\/2023\/06\/enzymblue-555-2-600x324.jpg 600w\" alt=\"\" width=\"1110\" height=\"600\" data-src=\"https:\/\/dienlanhlepham.vn\/wp-content\/uploads\/2023\/06\/enzymblue-555-2.jpg\" data-srcset=\"https:\/\/dienlanhlepham.vn\/wp-content\/uploads\/2023\/06\/enzymblue-555-2.jpg 1110w, https:\/\/dienlanhlepham.vn\/wp-content\/uploads\/2023\/06\/enzymblue-555-2-300x162.jpg 300w, https:\/\/dienlanhlepham.vn\/wp-content\/uploads\/2023\/06\/enzymblue-555-2-1024x554.jpg 1024w, https:\/\/dienlanhlepham.vn\/wp-content\/uploads\/2023\/06\/enzymblue-555-2-768x415.jpg 768w, https:\/\/dienlanhlepham.vn\/wp-content\/uploads\/2023\/06\/enzymblue-555-2-600x324.jpg 600w\" \/><\/p>\n<p><strong>3, Ch\u1ed1ng n\u1ea5m m\u1ed1c v\u1edbi c\u00f4ng ngh\u1ec7 Streamer<\/strong><\/p>\n<p>Khi ng\u01b0ng ch\u1ee9c n\u0103ng l\u00e0m l\u1ea1nh ho\u1eb7c kh\u1eed \u1ea9m, m\u00e1y s\u1ebd t\u1ef1 \u0111\u1ed9ng ho\u1ea1t \u0111\u1ed9ng \u1edf ch\u1ebf \u0111\u1ed9 ch\u1ec9 ch\u1ea1y qu\u1ea1t trong 1 gi\u1edd \u0111\u1ec3 l\u00e0m kh\u00f4 b\u00ean trong \u0110i\u1ec1u ho\u00e0 nh\u1eb1m l\u00e0m gi\u1ea3m s\u1ef1 ph\u00e1t sinh n\u1ea5m m\u1ed1c v\u00e0 c\u00e1c m\u00f9i kh\u00f3 ch\u1ecbu, \u0111em l\u1ea1i lu\u1ed3ng kh\u00f4ng kh\u00ed m\u00e1t m\u1ebb , ngo\u00e0i ra c\u00f2n gi\u00fap duy tr\u00ec hi\u1ec7u su\u1ea5t v\u00e0 tu\u1ed5i th\u1ecd c\u1ee7a \u0110i\u1ec1u ho\u00e0.<br \/>\nB\u00ean c\u1ea1nh \u0111\u00f3 Lu\u1ed3ng \u0111i\u1ec7n Streamer ph\u00f3ng ra v\u00f4 hi\u1ec7u h\u00f3a c\u00e1c ch\u1ea5t \u0111\u1ed9c h\u1ea1i nh\u01b0 vi r\u00fat, n\u1ea5m m\u1ed1c v\u00e0 c\u00e1c ch\u1ea5t g\u00e2y d\u1ecb \u1ee9ng.<\/p>\n<p><img loading=\"lazy\" decoding=\"async\" class=\"size-full wp-image-7094 lazy-load-active\" src=\"https:\/\/dienlanhlepham.vn\/wp-content\/uploads\/2023\/06\/streamer-moldproof-5551-2.jpg\" sizes=\"auto, (max-width: 1110px) 100vw, 1110px\" srcset=\"https:\/\/dienlanhlepham.vn\/wp-content\/uploads\/2023\/06\/streamer-moldproof-5551-2.jpg 1110w, https:\/\/dienlanhlepham.vn\/wp-content\/uploads\/2023\/06\/streamer-moldproof-5551-2-300x162.jpg 300w, https:\/\/dienlanhlepham.vn\/wp-content\/uploads\/2023\/06\/streamer-moldproof-5551-2-1024x554.jpg 1024w, https:\/\/dienlanhlepham.vn\/wp-content\/uploads\/2023\/06\/streamer-moldproof-5551-2-768x415.jpg 768w, https:\/\/dienlanhlepham.vn\/wp-content\/uploads\/2023\/06\/streamer-moldproof-5551-2-600x324.jpg 600w\" alt=\"\" width=\"1110\" height=\"600\" data-src=\"https:\/\/dienlanhlepham.vn\/wp-content\/uploads\/2023\/06\/streamer-moldproof-5551-2.jpg\" data-srcset=\"https:\/\/dienlanhlepham.vn\/wp-content\/uploads\/2023\/06\/streamer-moldproof-5551-2.jpg 1110w, https:\/\/dienlanhlepham.vn\/wp-content\/uploads\/2023\/06\/streamer-moldproof-5551-2-300x162.jpg 300w, https:\/\/dienlanhlepham.vn\/wp-content\/uploads\/2023\/06\/streamer-moldproof-5551-2-1024x554.jpg 1024w, https:\/\/dienlanhlepham.vn\/wp-content\/uploads\/2023\/06\/streamer-moldproof-5551-2-768x415.jpg 768w, https:\/\/dienlanhlepham.vn\/wp-content\/uploads\/2023\/06\/streamer-moldproof-5551-2-600x324.jpg 600w\" \/><\/p>\n<p><strong>4, Lu\u1ed3ng gi\u00f3 tho\u1ea3i m\u00e1i Coanda<\/strong><\/p>\n<p>Lu\u1ed3ng gi\u00f3 Coanda \u0111\u1ed9c \u0111\u00e1o gi\u00fap th\u1ed5i gi\u00f3 h\u01b0\u1edbng l\u00ean tr\u00ean, \u0111i d\u1ecdc theo tr\u1ea7n, \u0111\u01b0a gi\u00f3 \u0111\u1ebfn c\u00e1c g\u00f3c c\u1ee7a ph\u00f2ng mang l\u1ea1i kh\u00f4ng gian tho\u1ea3i m\u00e1i, tr\u00e1nh gi\u00f3 th\u1ed5i tr\u1ef1c ti\u1ebfp v\u00e0o ng\u01b0\u1eddi.<\/p>\n<p>Lu\u1ed3ng gi\u00f3 Coanda tr\u00ean m\u00e1y \u0111i\u1ec1u h\u00f2a Daikin \u0111\u01b0\u1ee3c t\u1ea1o ra v\u1eadn d\u1ee5ng t\u1eeb hi\u1ec7n t\u01b0\u1ee3ng khoa h\u1ecdc Coanda, khi\u1ebfn lu\u1ed3ng h\u01a1i l\u1ea1nh ph\u1ea3 ra t\u1eeb mi\u1ec7ng gi\u00f3 \u0111\u01b0\u1ee3c \u0111\u1ea9y l\u00ean tr\u1ea7n nh\u00e0 r\u1ed3i nh\u1ecbp nh\u00e0ng t\u1ecfa xu\u1ed1ng, bao ph\u1ee7 to\u00e0n b\u1ed9 kh\u1eafp gian ph\u00f2ng.<\/p>\n<p><strong>5, C\u00f4ng ngh\u1ec7 inverter ti\u1ebft ki\u1ec7m \u0111i\u1ec7n n\u0103ng<\/strong><\/p>\n<p>M\u00e1y n\u00e9n swing v\u00e0 \u0111\u1ed9ng c\u01a1 DC t\u1eeb tr\u1edf gi\u00fap ti\u1ebft ki\u1ec7m d\u00e0i h\u1ea1n b\u1eb1ng vi\u1ec7c gi\u1ea3m h\u00f3a \u0111\u01a1n ti\u1ec1n \u0111i\u1ec7n \u0111\u00e1ng k\u1ec3 so v\u1edbi c\u00e1c d\u00f2ng m\u00e1y kh\u00f4ng c\u00f3 ch\u1ee9c n\u0103ng INVERTER. \u0110\u1ed3ng th\u1eddi, c\u1ea3i ti\u1ebfn \u0111\u1ed9 \u1ed3n M\u00e1y l\u1ea1nh v\u00e0 \u0110i\u1ec1u ho\u00e0 gi\u00fap m\u00e1y ho\u1ea1t \u0111\u1ed9ng \u00eam \u00e1i, duy tr\u00ec nhi\u1ec7t \u0111\u1ed9 \u1ed5n \u0111\u1ecbnh v\u00e0 \u0111\u1ea1t c\u00f4ng su\u1ea5t t\u1ed1i \u01b0u.<\/p>\n<p><img loading=\"lazy\" decoding=\"async\" class=\"size-full wp-image-7095 lazy-load-active\" src=\"https:\/\/dienlanhlepham.vn\/wp-content\/uploads\/2023\/06\/inverter-555-at-2x-801-2.jpg\" sizes=\"auto, (max-width: 1111px) 100vw, 1111px\" srcset=\"https:\/\/dienlanhlepham.vn\/wp-content\/uploads\/2023\/06\/inverter-555-at-2x-801-2.jpg 1111w, https:\/\/dienlanhlepham.vn\/wp-content\/uploads\/2023\/06\/inverter-555-at-2x-801-2-300x162.jpg 300w, https:\/\/dienlanhlepham.vn\/wp-content\/uploads\/2023\/06\/inverter-555-at-2x-801-2-1024x553.jpg 1024w, https:\/\/dienlanhlepham.vn\/wp-content\/uploads\/2023\/06\/inverter-555-at-2x-801-2-768x415.jpg 768w, https:\/\/dienlanhlepham.vn\/wp-content\/uploads\/2023\/06\/inverter-555-at-2x-801-2-600x324.jpg 600w\" alt=\"\" width=\"1111\" height=\"600\" data-src=\"https:\/\/dienlanhlepham.vn\/wp-content\/uploads\/2023\/06\/inverter-555-at-2x-801-2.jpg\" data-srcset=\"https:\/\/dienlanhlepham.vn\/wp-content\/uploads\/2023\/06\/inverter-555-at-2x-801-2.jpg 1111w, https:\/\/dienlanhlepham.vn\/wp-content\/uploads\/2023\/06\/inverter-555-at-2x-801-2-300x162.jpg 300w, https:\/\/dienlanhlepham.vn\/wp-content\/uploads\/2023\/06\/inverter-555-at-2x-801-2-1024x553.jpg 1024w, https:\/\/dienlanhlepham.vn\/wp-content\/uploads\/2023\/06\/inverter-555-at-2x-801-2-768x415.jpg 768w, https:\/\/dienlanhlepham.vn\/wp-content\/uploads\/2023\/06\/inverter-555-at-2x-801-2-600x324.jpg 600w\" \/><\/p>\n<p><strong>6, Ch\u1ebf \u0111\u1ed9 l\u00e0m l\u1ea1nh nhanh PowerFul<\/strong><\/p>\n<p>h\u1ee9c n\u0103ng L\u00e0m l\u1ea1nh nhanh- Powerful s\u1ebd gi\u00fap t\u0103ng c\u01b0\u1eddng kh\u1ea3 n\u0103ng l\u00e0m l\u1ea1nh, m\u00e1y \u0111i\u1ec1u h\u00f2a kh\u00f4ng kh\u00ed s\u1ebd \u0111\u01b0\u1ee3c v\u1eadn h\u00e0nh b\u1eb1ng t\u0103ng t\u1ed1c \u0111\u1ed9 quay c\u1ee7a qu\u1ea1t \u0110i\u1ec1u ho\u00e0 v\u00e0 t\u1ea7n s\u1ed1 c\u1ee7a m\u00e1y n\u00e9n l\u00ean t\u1ed1i \u0111a gi\u00fap nhanh ch\u00f3ng \u0111\u1ea1t nhi\u1ec7t \u0111\u1ed9 c\u00e0i \u0111\u1eb7t, gi\u00fap b\u1ea1n s\u1ea3ng kho\u00e1i t\u1ee9c th\u00ec.<\/p>\n<p>\u0110\u1ec3 l\u00e0m cho ng\u01b0\u1eddi d\u00f9ng s\u1edbm c\u1ea3m th\u1ea5y m\u00e1t m\u1ebb b\u1eb1ng c\u00e1ch t\u0103ng l\u01b0\u1ee3ng l\u01b0u l\u01b0\u1ee3ng gi\u00f3 \u1edf ch\u1ebf \u0111\u1ed9 L\u00e0m l\u1ea1nh nhanh, gi\u00fap th\u00fac \u0111\u1ea9y qu\u00e1 tr\u00ecnh b\u1ed1c h\u01a1i tr\u00ean b\u1ec1 m\u1eb7t c\u01a1 th\u1ec3 v\u00e0 c\u00f3 \u0111\u01b0\u1ee3c c\u1ea3m gi\u00e1c m\u00e1t m\u1ebb nhanh h\u01a1n.<\/p>\n<p>Nhi\u1ec7t \u0111\u1ed9 c\u1ee7a b\u1ec1 m\u1eb7t c\u01a1 th\u1ec3 c\u00f3 th\u1ec3 \u0111\u01b0\u1ee3c h\u1ea1 xu\u1ed1ng b\u1eb1ng c\u00e1ch lo\u1ea1i b\u1ecf nhi\u1ec7t c\u1ee7a c\u01a1 th\u1ec3 khi m\u1ed3 h\u00f4i tr\u00ean b\u1ec1 m\u1eb7t c\u01a1 th\u1ec3 bay h\u01a1i<\/p>\n<p><img loading=\"lazy\" decoding=\"async\" class=\"size-full wp-image-7096 lazy-load-active\" src=\"https:\/\/dienlanhlepham.vn\/wp-content\/uploads\/2023\/06\/powerful-at-2x-80-2.jpg\" sizes=\"auto, (max-width: 1116px) 100vw, 1116px\" srcset=\"https:\/\/dienlanhlepham.vn\/wp-content\/uploads\/2023\/06\/powerful-at-2x-80-2.jpg 1116w, https:\/\/dienlanhlepham.vn\/wp-content\/uploads\/2023\/06\/powerful-at-2x-80-2-300x166.jpg 300w, https:\/\/dienlanhlepham.vn\/wp-content\/uploads\/2023\/06\/powerful-at-2x-80-2-1024x566.jpg 1024w, https:\/\/dienlanhlepham.vn\/wp-content\/uploads\/2023\/06\/powerful-at-2x-80-2-768x425.jpg 768w, https:\/\/dienlanhlepham.vn\/wp-content\/uploads\/2023\/06\/powerful-at-2x-80-2-600x332.jpg 600w\" alt=\"\" width=\"1116\" height=\"617\" data-src=\"https:\/\/dienlanhlepham.vn\/wp-content\/uploads\/2023\/06\/powerful-at-2x-80-2.jpg\" data-srcset=\"https:\/\/dienlanhlepham.vn\/wp-content\/uploads\/2023\/06\/powerful-at-2x-80-2.jpg 1116w, https:\/\/dienlanhlepham.vn\/wp-content\/uploads\/2023\/06\/powerful-at-2x-80-2-300x166.jpg 300w, https:\/\/dienlanhlepham.vn\/wp-content\/uploads\/2023\/06\/powerful-at-2x-80-2-1024x566.jpg 1024w, https:\/\/dienlanhlepham.vn\/wp-content\/uploads\/2023\/06\/powerful-at-2x-80-2-768x425.jpg 768w, https:\/\/dienlanhlepham.vn\/wp-content\/uploads\/2023\/06\/powerful-at-2x-80-2-600x332.jpg 600w\" \/><\/p>\n<p><strong>7, \u0110i\u1ec1u h\u00f2a Daikin d\u00f2ng FTKF v\u1edbi \u0111\u1ed9 b\u1ec1n cao<\/strong><\/p>\n<p>\u0110\u01b0\u1ee3c trang b\u1ecb m\u1ed9t m\u1ea1ch \u0111i\u1ec7n t\u1eed c\u00f3 \u0111\u1ed9 b\u1ec1n cao c\u00f3 th\u1ec3 ch\u1ecbu \u0111\u01b0\u1ee3c \u0111i\u1ec7n \u00e1p l\u00ean \u0111\u1ebfn 440V<\/p>\n<p>Cho ph\u00e9p ho\u1ea1t \u0111\u1ed9ng tr\u00ean m\u1ed9t ph\u1ea1m vi r\u1ed9ng \u0111i\u1ec7n \u00e1p \u1edf nh\u1eefng khu v\u1ef1c c\u00f3 ngu\u1ed3n \u0111i\u1ec7n kh\u00f4ng \u1ed5n \u0111\u1ecbnh.<\/p>\n<p>Kh\u00f4ng c\u1ea7n ph\u1ea3i l\u1eafp th\u00eam b\u1ed9 \u1ed5n \u00e1p \u0111i\u1ec7n.<\/p>\n<p>Khi \u0111i\u1ec7n \u00e1p cao h\u01a1n ho\u1eb7c th\u1ea5p h\u01a1n ph\u1ea1m vi c\u00f3 th\u1ec3 ho\u1ea1t \u0111\u1ed9ng, h\u1ec7 th\u1ed1ng \u0111i\u1ec1u h\u00f2a kh\u00f4ng kh\u00ed s\u1ebd t\u1ef1 \u0111\u1ed9ng ng\u1eaft.<\/p>\n<p>Ho\u1ea1t \u0111\u1ed9ng \u1edf 150V \u0111\u1ebfn 264V v\u00e0 c\u00f3 th\u1ec3 ch\u1ecbu \u0111\u01b0\u1ee3c \u0111\u1ebfn 440 V \u0111\u1ed1i v\u1edbi \u0111i\u1ec7n \u00e1p 1 pha.<\/p>\n<p><strong>8, Trang b\u1ecb d\u00e0n t\u1ea3n nhi\u1ec7t \u1ed1ng \u0111\u1ed3ng c\u00e1nh nh\u00f4m ch\u1ed1ng \u0103n m\u00f2n<\/strong><\/p>\n<p>C\u00e1c c\u00e1nh trao \u0111\u1ed5i nhi\u1ec7t c\u1ee7a M\u00e1y l\u1ea1nh \u0111\u01b0\u1ee3c s\u01a1n ph\u1ee7 2 l\u1edbp t\u0129nh \u0111i\u1ec7n:<\/p>\n<p>L\u1edbp nh\u1ef1a acrylic ch\u1ed1ng \u0103n m\u00f2n<\/p>\n<p>L\u1edbp ch\u1ed1ng th\u1ea5m n\u01b0\u1edbc \u0111\u1ec3 t\u0103ng kh\u1ea3 n\u0103ng ch\u1ed1ng m\u01b0a axit v\u00e0 s\u1ef1 \u0103n m\u00f2n c\u1ee7a mu\u1ed1i.<\/p>\n<p><em>M\u00e1y l\u1ea1nh<\/em>\u00a0Daikin FTKF35XVMV\u00a0c\u00f4ng su\u1ea5t 12000BTU ph\u00f9 h\u1ee3p cho ph\u00f2ng &lt;20m2<\/p>\n<p><strong>9, Ho\u1ea1t \u0111\u1ed9ng \u00eam \u00e1i v\u1edbi \u0111\u1ed9 \u1ed3n th\u1ea5p cho M\u00e1y l\u1ea1nh v\u00e0 \u0110i\u1ec1u ho\u00e0<\/strong><\/p>\n<p>Khi ch\u1ecdn ch\u1ebf \u0111\u1ed9 \u201c\u201dHo\u1ea1t \u0111\u1ed9ng \u00eam\u201d\u201d, \u00e2m thanh v\u1eadn h\u00e0nh c\u1ee7a \u0110i\u1ec1u ho\u00e0 gi\u1ea3m xu\u1ed1ng m\u1ee9c Y\u00caN T\u0128NH v\u00e0 \u00e2m thanh v\u1eadn h\u00e0nh c\u1ee7a M\u00e1y l\u1ea1nh c\u0169ng \u0111\u01b0\u1ee3c gi\u1ea3m xu\u1ed1ng, gi\u00fap mang l\u1ea1i gi\u1ea5c ng\u1ee7 ngon.<br \/>\n\u2022 \u00c2m thanh v\u1eadn h\u00e0nh \u0110i\u1ec1u ho\u00e0 19 db(A) nh\u01b0 ti\u1ebfng l\u00e1 r\u01a1i<\/p>\n<p><em>M\u00e1y l\u1ea1nh Daikin 9000BTU 1 chi\u1ec1u inverter FTKF25XVMV\u00a0ho\u1ea1t \u0111\u1ed9ng \u00eam \u00e1i v\u1edbi \u0111\u1ed9 \u1ed3n ch\u1ec9 19dB<\/em><\/p>\n<p><strong>10, D\u00e0n t\u1ea3n nhi\u1ec7t Microchannel ch\u1ed1ng \u0103n m\u00f2n<\/strong><\/p>\n<p>D\u00e0n t\u1ea3n nhi\u1ec7t nh\u00f4m th\u00f4ng th\u01b0\u1eddng \u0111\u01b0\u1ee3c bao ph\u1ee7 b\u1edfi k\u1ebdm \u0111\u1ec3 b\u1ea3o v\u1ec7 v\u1eadt li\u1ec7u nh\u00f4m b\u00ean trong. Tuy nhi\u00ean ph\u1ea7n nh\u00f4m \u0111\u01b0\u1ee3c bao ph\u1ee7 v\u1eabn c\u00f3 th\u1ec3 b\u1ecb \u0103n m\u00f2n.<br \/>\nDaikin ph\u00e1t tri\u1ec3n d\u00e0n trao \u0111\u1ed5i nhi\u1ec7t vi \u1ed1ng (Microchannel) \u0111\u01b0\u1ee3c c\u1ea5u t\u1ea1o b\u1edfi nh\u1eefng c\u00e1nh t\u1ea3n nhi\u1ec7t b\u1eb1ng h\u1ee3p kim nh\u00f4m k\u1ebft n\u1ed1i v\u1edbi c\u00e1c vi \u1ed1ng song song, gi\u00fap t\u0103ng kh\u1ea3 n\u0103ng truy\u1ec1n nhi\u1ec7t v\u00e0 gi\u1ea3m \u0111\u1ed9 \u0103n m\u00f2n so v\u1edbi c\u00e1nh t\u1ea3n nhi\u1ec7t th\u00f4ng th\u01b0\u1eddng.<br \/>\nS\u1ef1 b\u1ec1n b\u1ec9 c\u1ee7a d\u00e0n t\u1ea3n nhi\u1ec7t Microchannel \u0111\u00e3 \u0111\u01b0\u1ee3c ch\u1ee9ng minh khi v\u01b0\u1ee3t qua c\u00e1c th\u00ed nghi\u1ec7m phun dung d\u1ecbch mu\u1ed1i trong 2.000 gi\u1edd m\u00e0 v\u1eabn kh\u00f4ng b\u1ecb x\u00ec do \u0103n m\u00f2n. (*)<\/p>\n<p><em>(*) Th\u00ed nghi\u1ec7m \u0111\u01b0\u1ee3c th\u1ef1c hi\u1ec7n b\u1edfi Trung t\u00e2m nghi\u00ean c\u1ee9u v\u00e0 ph\u00e1t tri\u1ec3n Daikin Th\u00e1i Lan.\u00a0(Ch\u1ec9 c\u00f3 tr\u00ean d\u00f2ng FTKF60)<\/em><\/p>\n<p><em>\u0110i\u1ec1u h\u00f2a Daikin 21000BTU 1 chi\u1ec1u inverter\u00a0FTKF60XVMV\u00a0trang b\u1ecb d\u00e0n t\u1ea3n nhi\u1ec7t Microchannel ch\u1ed1ng \u0103n m\u00f2n<\/em><\/p>\n<p><strong>11, H\u1ed7 tr\u1ee3 \u0111i\u1ec1u khi\u1ec3n \u0111i\u1ec1u h\u00f2a qua Wifi ( t\u00f9y ch\u1ecdn )<\/strong><\/p>\n<p>\u1ee8ng d\u1ee5ng D-Mobile tr\u00ean \u0111i\u1ec7n tho\u1ea1i th\u00f4ng minh cho ph\u00e9p b\u1ea1n qu\u1ea3n l\u00fd m\u00e1y \u0111i\u1ec1u h\u00f2a kh\u00f4ng kh\u00ed t\u1eeb b\u1ea5t c\u1ee9 n\u01a1i \u0111\u00e2u th\u00f4ng qua m\u1ea1ng internet, gi\u00fap duy tr\u00ec kh\u00f4ng gian tho\u1ea3i m\u00e1i ti\u1ec7n nghi cho ng\u00f4i nh\u00e0 c\u1ee7a b\u1ea1n \u0111\u1ed3ng th\u1eddi ti\u1ebft ki\u1ec7m \u0111i\u1ec7n n\u0103ng.<\/p>\n<p>V\u1edbi \u1ee9ng d\u1ee5ng ti\u1ec7n l\u1ee3i n\u00e0y, b\u1ea1n c\u00f3 th\u1ec3 \u0111i\u1ec1u khi\u1ec3n nh\u1eefng ch\u1ee9c n\u0103ng ch\u00ednh y\u1ebfu nh\u01b0 B\u1eadt\/T\u1eaft, ch\u1ebf \u0111\u1ed9 ho\u1ea1t \u0111\u1ed9ng v\u00e0 c\u00e0i \u0111\u1eb7t nhi\u1ec7t \u0111\u1ed9 c\u0169ng nh\u01b0 nh\u1eefng t\u00ednh n\u0103ng ti\u00ean ti\u1ebfn h\u01a1n nh\u01b0 l\u1eadp l\u1ecbch h\u00e0ng tu\u1ea7n. \u1ee8ng d\u1ee5ng c\u00f2n cho ph\u00e9p b\u1ea1n theo d\u00f5i h\u1ec7 th\u1ed1ng \u0111i\u1ec1u h\u00f2a \u0111\u1ea3m b\u1ea3o m\u00e1y ho\u1ea1t \u0111\u1ed9ng nh\u01b0 b\u1ea1n mong mu\u1ed1n.<\/p>\n<p>\u0110\u1ec3 s\u1eed d\u1ee5ng \u1ee9ng d\u1ee5ng \u0111\u1ec1u khi\u1ec3n th\u00f4ng minh D-Mobile, FTKF-X series c\u1ea7n th\u00eam ph\u1ee5 ki\u1ec7n g\u1ed3m: Remote Control PC-board set (BRP067A42) v\u00e0 B\u1ed9 chuy\u1ec3n \u0111\u1ed5i k\u1ebft n\u1ed1i m\u1ea1ng LAN kh\u00f4ng d\u00e2y (BRP072C42)<\/p>\n<p><strong>12, H\u1ed7 tr\u1ee3 \u0111i\u1ec1u khi\u1ec3n b\u1eb1ng gi\u1ecdng n\u00f3i ( T\u00f9y ch\u1ecdn)<\/strong><\/p>\n<p>Ngo\u00e0i ra ch\u00fang ta c\u00f3 th\u1ec3 s\u1eed d\u1ee5ng t\u00ednh n\u0103ng \u0111i\u1ec1u khi\u1ec3n b\u1eb1ng gi\u1ecdng n\u00f3i tr\u00ean Daikin Mobile Controller th\u00f4ng qua \u1ee9ng d\u1ee5ng Google Assistant ho\u1eb7c Amazon Alexa<\/p>\n<p>\u0110\u1ec3 s\u1eed d\u1ee5ng \u0111\u1ea7y \u0111\u1ee7 t\u00ednh n\u0103ng \u0111i\u1ec1u khi\u1ec3n b\u1eb1ng gi\u1ecdng n\u00f3i, vui l\u00f2ng l\u01b0u \u00fd r\u1eb1ng phi\u00ean b\u1ea3n Daikin Mobile Controler Application (D-Mobile) ph\u1ea3i l\u00e0 1.16.0 tr\u1edf l\u00ean \u0111\u1ed1i v\u1edbi BRP072C42 v\u00e0 BRP072C42-1 ph\u1ea3i l\u00e0 1.19.0 tr\u1edf l\u00ean \u0111\u1ed1i v\u1edbi BRP084C42 v\u00e0 BRP084C44.<\/p>\n<p><img loading=\"lazy\" decoding=\"async\" class=\"size-full wp-image-7097 lazy-load-active\" src=\"https:\/\/dienlanhlepham.vn\/wp-content\/uploads\/2023\/06\/dmobile-google-alexa-at-2x-80-2.jpg\" sizes=\"auto, (max-width: 1110px) 100vw, 1110px\" srcset=\"https:\/\/dienlanhlepham.vn\/wp-content\/uploads\/2023\/06\/dmobile-google-alexa-at-2x-80-2.jpg 1110w, https:\/\/dienlanhlepham.vn\/wp-content\/uploads\/2023\/06\/dmobile-google-alexa-at-2x-80-2-300x162.jpg 300w, https:\/\/dienlanhlepham.vn\/wp-content\/uploads\/2023\/06\/dmobile-google-alexa-at-2x-80-2-1024x554.jpg 1024w, https:\/\/dienlanhlepham.vn\/wp-content\/uploads\/2023\/06\/dmobile-google-alexa-at-2x-80-2-768x415.jpg 768w, https:\/\/dienlanhlepham.vn\/wp-content\/uploads\/2023\/06\/dmobile-google-alexa-at-2x-80-2-600x324.jpg 600w\" alt=\"\" width=\"1110\" height=\"600\" data-src=\"https:\/\/dienlanhlepham.vn\/wp-content\/uploads\/2023\/06\/dmobile-google-alexa-at-2x-80-2.jpg\" data-srcset=\"https:\/\/dienlanhlepham.vn\/wp-content\/uploads\/2023\/06\/dmobile-google-alexa-at-2x-80-2.jpg 1110w, https:\/\/dienlanhlepham.vn\/wp-content\/uploads\/2023\/06\/dmobile-google-alexa-at-2x-80-2-300x162.jpg 300w, https:\/\/dienlanhlepham.vn\/wp-content\/uploads\/2023\/06\/dmobile-google-alexa-at-2x-80-2-1024x554.jpg 1024w, https:\/\/dienlanhlepham.vn\/wp-content\/uploads\/2023\/06\/dmobile-google-alexa-at-2x-80-2-768x415.jpg 768w, https:\/\/dienlanhlepham.vn\/wp-content\/uploads\/2023\/06\/dmobile-google-alexa-at-2x-80-2-600x324.jpg 600w\" \/><\/p>\n<p>Tr\u00ean \u0111\u00e2y l\u00e0 12 t\u00ednh n\u0103ng n\u1ed5i b\u1eadt c\u00f3 tr\u00ean\u00a0<em>M\u00e1y l\u1ea1nh<\/em>\u00a0Daikin d\u00f2ng FTKF m\u1edbi nh\u1ea5t, hi v\u1ecdng s\u1ebd gi\u00fap cho kh\u00e1ch h\u00e0ng c\u00f3 \u0111\u01b0\u1ee3c s\u1ef1 l\u1ef1a ch\u1ecdn \u01b0ng \u00fd khi mua\u00a0<em>M\u00e1y l\u1ea1nh<\/em>\u00a0Daikin<\/p>\n<\/div>\n","protected":false},"excerpt":{"rendered":"<table class=\"table-digitals\">\n<tbody>\n<tr class=\"row-title\">\n<td colspan=\"2\"><strong class=\"row0\">Th\u00f4ng s\u1ed1 k\u1ef9 thu\u1eadt<\/strong><\/td>\n<\/tr>\n<tr class=\"row-item\">\n<td class=\"row0\">Xu\u1ea5t x\u1ee9<\/td>\n<td class=\"row1\">Th\u01b0\u01a1ng hi\u1ec7u: Nh\u1eadt &#8211; S\u1ea3n xu\u1ea5t t\u1ea1i: Vi\u1ec7t Nam<\/td>\n<\/tr>\n<tr class=\"row-item\">\n<td class=\"row0\">Lo\u1ea1i Gas l\u1ea1nh<\/td>\n<td class=\"row1\">R32<\/td>\n<\/tr>\n<tr class=\"row-item\">\n<td class=\"row0\">Lo\u1ea1i m\u00e1y<\/td>\n<td class=\"row1\">Inverter &#8211; Lo\u1ea1i 1 chi\u1ec1u (ch\u1ec9 l\u00e0m l\u1ea1nh)<\/td>\n<\/tr>\n<tr class=\"row-item\">\n<td class=\"row0\">C\u00f4ng su\u1ea5t l\u00e0m l\u1ea1nh<\/td>\n<td class=\"row1\">2.0 Hp (2.0 Ng\u1ef1a) &#8211; 17.100 Btu\/h<\/td>\n<\/tr>\n<tr class=\"row-item\">\n<td class=\"row0\">S\u1eed d\u1ee5ng cho ph\u00f2ng<\/td>\n<td class=\"row1\">Di\u00ea\u0323n ti\u0301ch 24 &#8211; 30 m\u00b2 ho\u1eb7c 72 &#8211; 90 m\u00b3 khi\u0301 (thi\u0301ch h\u01a1\u0323p cho pho\u0300ng ng\u1ee7)<\/td>\n<\/tr>\n<tr class=\"row-item\">\n<td class=\"row0\">Ngu\u1ed3n \u0111i\u1ec7n (Ph\/V\/Hz)<\/td>\n<td class=\"row1\">1 Pha 220 &#8211; 240 V 50Hz<\/td>\n<\/tr>\n<tr class=\"row-item\">\n<td class=\"row0\">C\u00f4ng su\u1ea5t ti\u00eau th\u1ee5 \u0111i\u1ec7n<\/td>\n<td class=\"row1\">1,8 kW<\/td>\n<\/tr>\n<tr class=\"row-item\">\n<td class=\"row0\">K\u00edch th\u01b0\u1edbc \u1ed1ng \u0111\u1ed3ng Gas (mm)<\/td>\n<td class=\"row1\">6.4 \/ 12.7<\/td>\n<\/tr>\n<tr class=\"row-item\">\n<td class=\"row0\">Chi\u1ec1u d\u00e0i \u1ed1ng gas t\u1ed1i \u0111a (m)<\/td>\n<td class=\"row1\">30 m<\/td>\n<\/tr>\n<tr class=\"row-item\">\n<td class=\"row0\">Ch\u00eanh l\u1ec7ch \u0111\u1ed9 cao (t\u1ed1i \u0111a) (m)<\/td>\n<td class=\"row1\">20 m<\/td>\n<\/tr>\n<tr class=\"row-item\">\n<td class=\"row0\">Hi\u1ec7u su\u1ea5t n\u0103ng l\u01b0\u1ee3ng CSPF<\/td>\n<td class=\"row1\">4.83<\/td>\n<\/tr>\n<tr class=\"row-item\">\n<td class=\"row0\">Nh\u00e3n n\u0103ng l\u01b0\u1ee3ng ti\u1ebft ki\u1ec7m \u0111i\u1ec7n<\/td>\n<td class=\"row1\">5 sao<\/td>\n<\/tr>\n<tr class=\"row-title\">\n<td colspan=\"2\"><strong class=\"row0\">D\u00e0n L\u1ea1nh<\/strong><\/td>\n<\/tr>\n<tr class=\"row-item\">\n<td class=\"row0\">Model d\u00e0n l\u1ea1nh<\/td>\n<td class=\"row1\">FTKB50YVMV<\/td>\n<\/tr>\n<tr class=\"row-item\">\n<td class=\"row0\">K\u00edch th\u01b0\u1edbc d\u00e0n l\u1ea1nh (mm)<\/td>\n<td class=\"row1\">285 \u00d7 770 \u00d7 242 mm<\/td>\n<\/tr>\n<tr class=\"row-item\">\n<td class=\"row0\">Tr\u1ecdng l\u01b0\u1ee3ng d\u00e0n l\u1ea1nh (Kg)<\/td>\n<td class=\"row1\">8 Kg<\/td>\n<\/tr>\n<tr class=\"row-title\">\n<td colspan=\"2\"><strong class=\"row0\">D\u00e0n N\u00f3ng<\/strong><\/td>\n<\/tr>\n<tr class=\"row-item\">\n<td class=\"row0\">Model d\u00e0n n\u00f3ng<\/td>\n<td class=\"row1\">RKB50YVMV<\/td>\n<\/tr>\n<tr class=\"row-item\">\n<td class=\"row0\">K\u00edch th\u01b0\u1edbc d\u00e0n n\u00f3ng (mm)<\/td>\n<td class=\"row1\">550 \u00d7 675 \u00d7 284 mm<\/td>\n<\/tr>\n<tr class=\"row-item\">\n<td class=\"row0\">Tr\u1ecdng l\u01b0\u1ee3ng d\u00e0n n\u00f3ng (Kg)<\/td>\n<td class=\"row1\">26 Kg<\/td>\n<\/tr>\n<\/tbody>\n<\/table>\n","protected":false},"featured_media":1223,"comment_status":"open","ping_status":"closed","template":"","meta":{"wprm-recipe-roundup-name":"","wprm-recipe-roundup-description":""},"product_brand":[],"product_cat":[115],"product_tag":[166],"class_list":{"0":"post-1221","1":"product","2":"type-product","3":"status-publish","4":"has-post-thumbnail","6":"thuong-hieu-daikin","7":"product_cat-may-lanh-treo-tuong","8":"product_tag-bao-hanh-12-thang","9":"pa_cong-nghe-inverter","10":"pa_cong-suat-lam-lanh-2-0-hp","11":"pa_may-lanh-treo-tuong-2-0-hp","13":"first","14":"instock","15":"sale","16":"taxable","17":"shipping-taxable","18":"purchasable","19":"product-type-simple"},"_links":{"self":[{"href":"https:\/\/maylanhlamhoanglong.com\/index.php?rest_route=\/wp\/v2\/product\/1221","targetHints":{"allow":["GET"]}}],"collection":[{"href":"https:\/\/maylanhlamhoanglong.com\/index.php?rest_route=\/wp\/v2\/product"}],"about":[{"href":"https:\/\/maylanhlamhoanglong.com\/index.php?rest_route=\/wp\/v2\/types\/product"}],"replies":[{"embeddable":true,"href":"https:\/\/maylanhlamhoanglong.com\/index.php?rest_route=%2Fwp%2Fv2%2Fcomments&post=1221"}],"wp:featuredmedia":[{"embeddable":true,"href":"https:\/\/maylanhlamhoanglong.com\/index.php?rest_route=\/wp\/v2\/media\/1223"}],"wp:attachment":[{"href":"https:\/\/maylanhlamhoanglong.com\/index.php?rest_route=%2Fwp%2Fv2%2Fmedia&parent=1221"}],"wp:term":[{"taxonomy":"product_brand","embeddable":true,"href":"https:\/\/maylanhlamhoanglong.com\/index.php?rest_route=%2Fwp%2Fv2%2Fproduct_brand&post=1221"},{"taxonomy":"product_cat","embeddable":true,"href":"https:\/\/maylanhlamhoanglong.com\/index.php?rest_route=%2Fwp%2Fv2%2Fproduct_cat&post=1221"},{"taxonomy":"product_tag","embeddable":true,"href":"https:\/\/maylanhlamhoanglong.com\/index.php?rest_route=%2Fwp%2Fv2%2Fproduct_tag&post=1221"}],"curies":[{"name":"wp","href":"https:\/\/api.w.org\/{rel}","templated":true}]}}