{"id":1218,"date":"2025-03-10T16:44:39","date_gmt":"2025-03-10T09:44:39","guid":{"rendered":"https:\/\/maylanhlamhoanglong.com\/?post_type=product&#038;p=1218"},"modified":"2025-03-10T16:46:06","modified_gmt":"2025-03-10T09:46:06","slug":"may-lanh-general-asga09bmta-1-0-hp-1-ngua","status":"publish","type":"product","link":"https:\/\/maylanhlamhoanglong.com\/?product=may-lanh-general-asga09bmta-1-0-hp-1-ngua","title":{"rendered":"M\u00e1y l\u1ea1nh General ASGA09BMTA 1.0 HP (1 Ng\u1ef1a)"},"content":{"rendered":"<div class=\"entry-title\">M\u00f4 t\u1ea3 s\u1ea3n ph\u1ea9m<\/div>\n<div class=\"entry entry-content\">\n<div class=\"entry-desc\">\n<p><strong>T\u00ednh n\u0103ng:<\/strong><\/p>\n<p><strong><a class=\"img-popup\" title=\"tinh_nang_may_lanh_general\" href=\"https:\/\/sieuthimaylanh.com\/uploads\/product\/08_2017\/tinh_nang_may_lanh_general.jpg\" rel=\"gallery\"><img decoding=\"async\" src=\"https:\/\/sieuthimaylanh.com\/uploads\/product\/08_2017\/tinh_nang_may_lanh_general.jpg\" alt=\"tinh_nang_may_lanh_general\" \/><\/a><\/strong><\/p>\n<ul>\n<li>Ch\u1ebf \u0111\u1ed9 t\u1ef1 \u0111\u1ed9ng M\u00e1y s\u1ebd t\u1ef1 \u0111\u1ed9ng chuy\u1ec3n gi\u1eefa ch\u1ebf \u0111\u1ed9 l\u00e0m m\u00e1t v\u00e0 s\u01b0\u1edfi \u1ea5m (ho\u1eb7c kh\u00f4) d\u1ef1a tr\u00ean c\u00e0i \u0111\u1eb7t nhi\u1ec7t \u0111\u1ed9 v\u00e0 nhi\u1ec7t \u0111\u1ed9 ph\u00f2ng.<\/li>\n<li>\u0110\u1ea3o gi\u00f3 t\u1ef1 \u0111\u1ed9ng l\u00ean\/xu\u1ed1ng C\u00e1c n\u1eafp l\u00ean\/xu\u1ed1ng t\u1ef1 \u0111\u1ed9ng xoay l\u00ean v\u00e0 xu\u1ed1ng Ch\u1ee9c n\u0103ng n\u00e0y t\u1ef1 \u0111\u1ed9ng di chuy\u1ec3n c\u00e1nh \u0111\u1ea3o gi\u00f3 theo chi\u1ec1u l\u00ean\/xu\u1ed1ng \u0111\u1ec3 ph\u00e2n b\u1ed1 gi\u1edb \u0111\u1ec1u kh\u1eafp c\u0103n ph\u00f2ng.<\/li>\n<li>T\u1ef1 \u0111\u1ed9ng kh\u1edfi \u0111\u1ed9ng l\u1ea1i Trong tr\u01b0\u1eddng h\u1ee3p m\u1ea5t \u0111i\u1ec7n \u0111\u1ed9t ng\u1ed9t, khi ngu\u1ed3n \u0111i\u1ec7n \u0111\u01b0\u1ee3c ph\u1ee5c h\u1ed3i \u0111i\u1ec1u h\u00f2a kh\u00f4ng kh\u00ed s\u1ebd t\u1ef1 \u0111\u1ed9ng kh\u1edfi \u0111\u1ed9ng l\u1ea1i \u1edf ch\u1ebf \u0111\u1ed9 ho\u1ea1t \u0111\u1ed9ng gi\u1ed1ng nh\u01b0 tr\u01b0\u1edbc.<\/li>\n<li>H\u1eb9n gi\u1edd ng\u1ee7 : M\u00e1y c\u00f3 b\u1ed9 x\u1eed l\u00fd s\u1ebd gi\u1ea3m d\u1ea7n nhi\u1ec7t \u0111\u1ed9 ph\u00f2ng m\u1ed9t c\u00e1ch t\u1ef1 \u0111\u1ed9ng \u0111\u1ec3 c\u00f3 th\u1ec3 \u0111em l\u1ea1i cho ng\u01b0\u1eddi d\u00f9ng gi\u1ea5c ng\u1ee7 m\u1ed9t \u0111\u00eam tho\u1ea3i m\u00e1i.<\/li>\n<li>T\u1ea5m ch\u1eafn c\u00f3 th\u1ec3 r\u1eeda \u0111\u01b0\u1ee3c Do t\u1ea5m ch\u1eafn m\u1eb7t tr\u01b0\u1edbc c\u00f3 th\u1ec3 \u0111\u01b0\u1ee3c th\u00e1o ra, n\u00ean vi\u1ec7c b\u1ea3o d\u01b0\u1ee1ng s\u1ebd v\u00f4 c\u00f9ng d\u1ec5 d\u00e0ng.<\/li>\n<li>S\u1eed d\u1ee5ng m\u00f4i ch\u1ea5t l\u1ea1nh ( Gas l\u1ea1nh) ti\u00ean ti\u1ebfn nh\u1ea5t th\u1ebf gi\u1edbi R32 th\u00e2n thi\u1ec7n m\u00f4i tr\u01b0\u1eddng, an to\u00e0n v\u00e0 t\u0103ng c\u01b0\u1eddng hi\u1ec7u qu\u1ea3 l\u00e0m l\u1ea1nh.<\/li>\n<\/ul>\n<p><strong>Thi\u1ebft k\u1ebf nh\u1ecf g\u1ecdn hi\u1ec7u qu\u1ea3 cao:\u00a0<\/strong>Thi\u1ebft k\u1ebf sang tr\u1ecdng g\u1ecdn g\u00e0n t\u0103ng hi\u1ec7u n\u0103ng v\u1edbi c\u00f4ng ngh\u1ec7 hi\u1ec7n \u0111\u1ea1i t\u1eeb Fujitsu Nh\u1eadt B\u1ea3n<\/p>\n<p><strong><a class=\"img-popup\" title=\"may_lanh_general_thiet_ke_nho_gon\" href=\"https:\/\/sieuthimaylanh.com\/uploads\/product\/08_2017\/may_lanh_general_thiet_ke_nho_gon.jpg\" rel=\"gallery\"><img decoding=\"async\" src=\"https:\/\/sieuthimaylanh.com\/uploads\/product\/08_2017\/may_lanh_general_thiet_ke_nho_gon.jpg\" alt=\"may_lanh_general_thiet_ke_nho_gon\" \/><\/a><\/strong><\/p>\n<p><strong>Ch\u1ebf \u0111\u1ed9 h\u1eb9n gi\u1edd thu\u1eadn ti\u1ec7n h\u01a1n:\u00a0<\/strong>T\u1ef1 \u0111\u1ed9ng h\u00f3a theo ch\u01b0\u01a1ng tr\u00ecnh h\u1eb9n gi\u1edd gi\u00fap cho ng\u01b0\u1eddi d\u00f9ng thu\u1eadn ti\u1ec7n nh\u1ea5t khi s\u1eed d\u1ee5ng.<\/p>\n<p><a class=\"img-popup\" title=\"hen_gio_may_lanh_general\" href=\"https:\/\/sieuthimaylanh.com\/uploads\/product\/08_2017\/hen_gio_may_lanh_general.jpg\" rel=\"gallery\"><img decoding=\"async\" src=\"https:\/\/sieuthimaylanh.com\/uploads\/product\/08_2017\/hen_gio_may_lanh_general.jpg\" alt=\"hen_gio_may_lanh_general\" \/><\/a><\/p>\n<p><strong>Lu\u1ed3ng kh\u00f4ng kh\u00ed tho\u1ea3i m\u00e1i h\u01a1n:\u00a0<\/strong>C\u00f4n g ngh\u1ec7 m\u1edbi , thi\u1ebft k\u1ebf m\u1edbi t\u1ed1i \u01b0u lu\u1ed3ng kh\u00ed th\u1ed5i xa h\u01a1n, gi\u00fap l\u1ea1nh nhanh v\u00e0 \u0111\u1ec1u kh\u1eafp ph\u00f2ng.<\/p>\n<p><a class=\"img-popup\" title=\"may_lanh_general_thiet_ke_nho_gon_1\" href=\"https:\/\/sieuthimaylanh.com\/uploads\/product\/08_2017\/may_lanh_general_thiet_ke_nho_gon_1.jpg\" rel=\"gallery\"><img decoding=\"async\" src=\"https:\/\/sieuthimaylanh.com\/uploads\/product\/08_2017\/may_lanh_general_thiet_ke_nho_gon_1.jpg\" alt=\"may_lanh_general_thiet_ke_nho_gon_1\" \/><\/a><\/p>\n<p><strong>Th\u00f4ng s\u1ed1 k\u1ef9 thu\u1eadt chi ti\u1ebft m\u00e1y l\u1ea1nh General ASGA09BMTA-A:<\/strong><\/p>\n<p><a class=\"img-popup\" title=\"May_lanh_general_thong_so_asga09bmta\" href=\"https:\/\/sieuthimaylanh.com\/uploads\/product\/08_2017\/May_lanh_general_thong_so_asga09bmta.jpg\" rel=\"gallery\"><img decoding=\"async\" src=\"https:\/\/sieuthimaylanh.com\/uploads\/product\/08_2017\/May_lanh_general_thong_so_asga09bmta.jpg\" alt=\"May_lanh_general_thong_so_asga09bmta\" \/><\/a><\/p>\n<\/div>\n<\/div>\n","protected":false},"excerpt":{"rendered":"<table class=\"table-digitals\">\n<tbody>\n<tr class=\"row-title\">\n<td colspan=\"2\"><strong class=\"row0\">Th\u00f4ng s\u1ed1 k\u1ef9 thu\u1eadt<\/strong><\/td>\n<\/tr>\n<tr class=\"row-item\">\n<td class=\"row0\">Xu\u1ea5t x\u1ee9<\/td>\n<td class=\"row1\">C\u00f4ng ngh\u1ec7 Nh\u1eadt &#8211; S\u1ea3n xu\u1ea5t t\u1ea1i : Th\u00e1i Lan<\/td>\n<\/tr>\n<tr class=\"row-item\">\n<td class=\"row0\">Lo\u1ea1i Gas l\u1ea1nh<\/td>\n<td class=\"row1\">R32<\/td>\n<\/tr>\n<tr class=\"row-item\">\n<td class=\"row0\">Lo\u1ea1i m\u00e1y<\/td>\n<td class=\"row1\">Kh\u00f4ng inverter (kh\u00f4ng ti\u1ebft ki\u1ec7m \u0111i\u1ec7n) &#8211; lo\u1ea1i 1 chi\u1ec1u (ch\u1ec9 l\u00e0m l\u1ea1nh)<\/td>\n<\/tr>\n<tr class=\"row-item\">\n<td class=\"row0\">C\u00f4ng su\u1ea5t l\u00e0m l\u1ea1nh<\/td>\n<td class=\"row1\">1.0 Hp (1.0 Ng\u1ef1a) &#8211; 8.700 Btu\/h<\/td>\n<\/tr>\n<tr class=\"row-item\">\n<td class=\"row0\">S\u1eed d\u1ee5ng cho ph\u00f2ng<\/td>\n<td class=\"row1\">Di\u1ec7n t\u00edch 12 &#8211; 15 m\u00b2 ho\u1eb7c 36 &#8211; 45 m\u00b3 kh\u00ed (th\u00edch h\u1ee3p cho ph\u00f2ng kh\u00e1ch, v\u0103n ph\u00f2ng)<\/td>\n<\/tr>\n<tr class=\"row-item\">\n<td class=\"row0\">Ngu\u1ed3n \u0111i\u1ec7n (Ph\/V\/Hz)<\/td>\n<td class=\"row1\">1 Pha, 220 &#8211; 240 V, 50Hz<\/td>\n<\/tr>\n<tr class=\"row-item\">\n<td class=\"row0\">C\u00f4ng su\u1ea5t ti\u00eau th\u1ee5 \u0111i\u1ec7n<\/td>\n<td class=\"row1\">0,79 kW<\/td>\n<\/tr>\n<tr class=\"row-item\">\n<td class=\"row0\">K\u00edch th\u01b0\u1edbc \u1ed1ng \u0111\u1ed3ng Gas (mm)<\/td>\n<td class=\"row1\">6.35 \/ 9.52<\/td>\n<\/tr>\n<tr class=\"row-item\">\n<td class=\"row0\">Chi\u1ec1u d\u00e0i \u1ed1ng gas t\u1ed1i \u0111a (m)<\/td>\n<td class=\"row1\">15 (m)<\/td>\n<\/tr>\n<tr class=\"row-item\">\n<td class=\"row0\">Ch\u00eanh l\u1ec7ch \u0111\u1ed9 cao (t\u1ed1i \u0111a) (m)<\/td>\n<td class=\"row1\">5 (m)<\/td>\n<\/tr>\n<tr class=\"row-item\">\n<td class=\"row0\">Hi\u1ec7u su\u1ea5t n\u0103ng l\u01b0\u1ee3ng CSPF<\/td>\n<td class=\"row1\">3.62<\/td>\n<\/tr>\n<tr class=\"row-item\">\n<td class=\"row0\">Hi\u1ec7u su\u1ea5t n\u0103ng l\u01b0\u1ee3ng (EER)<\/td>\n<td class=\"row1\">3.23<\/td>\n<\/tr>\n<tr class=\"row-item\">\n<td class=\"row0\">Nh\u00e3n n\u0103ng l\u01b0\u1ee3ng ti\u1ebft ki\u1ec7m \u0111i\u1ec7n<\/td>\n<td class=\"row1\">3 sao<\/td>\n<\/tr>\n<tr class=\"row-title\">\n<td colspan=\"2\"><strong class=\"row0\">D\u00e0n L\u1ea1nh<\/strong><\/td>\n<\/tr>\n<tr class=\"row-item\">\n<td class=\"row0\">K\u00edch th\u01b0\u1edbc d\u00e0n l\u1ea1nh (mm)<\/td>\n<td class=\"row1\">262 x 820 x 206 (mm)<\/td>\n<\/tr>\n<tr class=\"row-item\">\n<td class=\"row0\">Tr\u1ecdng l\u01b0\u1ee3ng d\u00e0n l\u1ea1nh (Kg)<\/td>\n<td class=\"row1\">7,5 (Kg)<\/td>\n<\/tr>\n<tr class=\"row-title\">\n<td colspan=\"2\"><strong class=\"row0\">D\u00e0n N\u00f3ng<\/strong><\/td>\n<\/tr>\n<tr class=\"row-item\">\n<td class=\"row0\">K\u00edch th\u01b0\u1edbc d\u00e0n n\u00f3ng (mm)<\/td>\n<td class=\"row1\">540 x 680 x 252 (mm)<\/td>\n<\/tr>\n<tr class=\"row-item\">\n<td class=\"row0\">Tr\u1ecdng l\u01b0\u1ee3ng d\u00e0n n\u00f3ng (Kg)<\/td>\n<td class=\"row1\">23 (Kg)<\/td>\n<\/tr>\n<\/tbody>\n<\/table>\n","protected":false},"featured_media":1219,"comment_status":"open","ping_status":"closed","template":"","meta":{"wprm-recipe-roundup-name":"","wprm-recipe-roundup-description":""},"product_brand":[],"product_cat":[115],"product_tag":[166],"class_list":{"0":"post-1218","1":"product","2":"type-product","3":"status-publish","4":"has-post-thumbnail","6":"thuong-hieu-general-fujitsu","7":"product_cat-may-lanh-treo-tuong","8":"product_tag-bao-hanh-12-thang","9":"pa_cong-nghe-inverter","10":"pa_cong-suat-lam-lanh-1-hp","11":"pa_may-lanh-treo-tuong-1-0-hp","13":"first","14":"instock","15":"sale","16":"taxable","17":"shipping-taxable","18":"purchasable","19":"product-type-simple"},"_links":{"self":[{"href":"https:\/\/maylanhlamhoanglong.com\/index.php?rest_route=\/wp\/v2\/product\/1218","targetHints":{"allow":["GET"]}}],"collection":[{"href":"https:\/\/maylanhlamhoanglong.com\/index.php?rest_route=\/wp\/v2\/product"}],"about":[{"href":"https:\/\/maylanhlamhoanglong.com\/index.php?rest_route=\/wp\/v2\/types\/product"}],"replies":[{"embeddable":true,"href":"https:\/\/maylanhlamhoanglong.com\/index.php?rest_route=%2Fwp%2Fv2%2Fcomments&post=1218"}],"wp:featuredmedia":[{"embeddable":true,"href":"https:\/\/maylanhlamhoanglong.com\/index.php?rest_route=\/wp\/v2\/media\/1219"}],"wp:attachment":[{"href":"https:\/\/maylanhlamhoanglong.com\/index.php?rest_route=%2Fwp%2Fv2%2Fmedia&parent=1218"}],"wp:term":[{"taxonomy":"product_brand","embeddable":true,"href":"https:\/\/maylanhlamhoanglong.com\/index.php?rest_route=%2Fwp%2Fv2%2Fproduct_brand&post=1218"},{"taxonomy":"product_cat","embeddable":true,"href":"https:\/\/maylanhlamhoanglong.com\/index.php?rest_route=%2Fwp%2Fv2%2Fproduct_cat&post=1218"},{"taxonomy":"product_tag","embeddable":true,"href":"https:\/\/maylanhlamhoanglong.com\/index.php?rest_route=%2Fwp%2Fv2%2Fproduct_tag&post=1218"}],"curies":[{"name":"wp","href":"https:\/\/api.w.org\/{rel}","templated":true}]}}