{"id":1210,"date":"2025-03-10T15:13:57","date_gmt":"2025-03-10T08:13:57","guid":{"rendered":"https:\/\/maylanhlamhoanglong.com\/?post_type=product&#038;p=1210"},"modified":"2025-03-10T15:14:18","modified_gmt":"2025-03-10T08:14:18","slug":"may-lanh-am-tran-lg-inverter-3-0-hp-3-ngua-ztnq30gnle0-4-huong-thoi","status":"publish","type":"product","link":"https:\/\/maylanhlamhoanglong.com\/?product=may-lanh-am-tran-lg-inverter-3-0-hp-3-ngua-ztnq30gnle0-4-huong-thoi","title":{"rendered":"M\u00e1y l\u1ea1nh \u00e2m tr\u1ea7n LG Inverter 3.0 HP (3 Ng\u1ef1a) ZTNQ30GNLE0 &#8211; 4 h\u01b0\u1edbng th\u1ed5i"},"content":{"rendered":"<p><strong><a href=\"https:\/\/maylanhhailongvan.vn\/may-lanh\/am-tran-lg\/\">M\u00e1y l\u1ea1nh \u00e2m tr\u1ea7n LG<\/a>\u00a0ZTNQ18GTLA0 Inverter \u2013 Gas R32 \u2013 2.0hp \u2013 2.0 ng\u1ef1a<\/strong><\/p>\n<p>&nbsp;<\/p>\n<p><strong>THI\u1ebeT K\u1ebe GI\u00c0NH GI\u1ea2I TH\u01af\u1edeNG REDDOT N\u00c2NG T\u1ea6M SANG TR\u1eccNG CHO N\u1ed8I TH\u1ea4T C\u1ee6A B\u1ea0N<\/strong><\/p>\n<p>&nbsp;<\/p>\n<p>M\u1eb7t n\u1ea1 nh\u1ecf g\u1ecdn v\u00e0 bo tr\u00f2n gi\u00fap s\u1ea3n ph\u1ea9m c\u00f3 th\u1ec3 l\u1eafp \u0111\u1eb7t v\u1eeba v\u1eb7n v\u00e0o tr\u1ea7n nh\u00e0.<\/p>\n<p>M\u00e1y \u0111i\u1ec1u h\u00f2a \u2013 l\u1ecdc kh\u00f4ng kh\u00ed hai trong m\u1ed9t:\u00a0Tr\u1ea3i qua 5 b\u01b0\u1edbc trong quy tr\u00ecnh l\u00e0m s\u1ea1ch kh\u00f4ng kh\u00ed lo\u1ea1i b\u1ecf b\u1ee5i si\u00eau m\u1ecbn, m\u00f9i kh\u00f3 ch\u1ecbu v\u00e0 vi khu\u1ea9n tr\u00f9ng \u0111\u1ec3 \u0111\u1ea3m b\u1ea3o m\u1ed9t m\u00f4i tr\u01b0\u1eddng s\u1ed1ng trong s\u1ea1ch, v\u00e0 l\u00e0nh m\u1ea1nh.<\/p>\n<p>&nbsp;<\/p>\n<p><img loading=\"lazy\" decoding=\"async\" src=\"https:\/\/maylanhhailongvan.vn\/upload\/images\/may%20lanh%20am%20tran%20LG%20ZTNQ%201%20huong%20thoi%203.PNG\" alt=\"may lanh am tran LG 1 huong thoi\" width=\"850\" height=\"534\" \/><\/p>\n<p>&nbsp;<\/p>\n<p>&nbsp;<\/p>\n<p><strong>KI\u1ebeM SO\u00c1T LU\u1ed2NG GI\u00d3 T\u1ef0 \u00d0\u1ed8NG 4 CHI\u1ec0U<\/strong><\/p>\n<p>&nbsp;<\/p>\n<p>Ch\u1ee9c n\u0103ng \u0111i\u1ec1u khi\u1ec3n L\u00ean \/ Xu\u1ed1ng \/ Tr\u00e1i \/ Ph\u1ea3i t\u1ef1 \u0111\u1ed9ng gi\u00fap ph\u00e2n ph\u1ed1i l\u01b0\u1ee3ng gi\u00f3 \u0111\u1ed3ng \u0111\u1ec1u.<\/p>\n<p>&nbsp;<\/p>\n<p><strong>PH\u00c2N PH\u1ed0I L\u01af\u1ee2NG GI\u00d3 \u00d0\u1ed2NG \u00d0\u1ec0U<\/strong><\/p>\n<p>&nbsp;<\/p>\n<p><img loading=\"lazy\" decoding=\"async\" src=\"https:\/\/maylanhhailongvan.vn\/upload\/images\/may%20lanh%20am%20tran%20LG%20ZTNQ%201%20huong%20thoi%205.PNG\" alt=\"may lanh am tran LG 1 huong thoi 2\" width=\"850\" height=\"470\" \/><\/p>\n","protected":false},"excerpt":{"rendered":"<table class=\"table-digitals\">\n<tbody>\n<tr class=\"row-title\">\n<td colspan=\"2\"><strong class=\"row0\">Th\u00f4ng s\u1ed1 k\u1ef9 thu\u1eadt<\/strong><\/td>\n<\/tr>\n<tr class=\"row-item\">\n<td class=\"row0\">Xu\u1ea5t x\u1ee9<\/td>\n<td class=\"row1\">Th\u01b0\u01a1ng hi\u1ec7u: H\u00e0n Qu\u1ed1c &#8211; S\u1ea3n xu\u1ea5t t\u1ea1i: Th\u00e1i Lan<\/td>\n<\/tr>\n<tr class=\"row-item\">\n<td class=\"row0\">Lo\u1ea1i Gas l\u1ea1nh<\/td>\n<td class=\"row1\">R32<\/td>\n<\/tr>\n<tr class=\"row-item\">\n<td class=\"row0\">Lo\u1ea1i m\u00e1y<\/td>\n<td class=\"row1\">Inverter &#8211; Lo\u1ea1i 1 chi\u1ec1u (ch\u1ec9 l\u00e0m l\u1ea1nh)<\/td>\n<\/tr>\n<tr class=\"row-item\">\n<td class=\"row0\">C\u00f4ng su\u1ea5t l\u00e0m l\u1ea1nh<\/td>\n<td class=\"row1\">3.0 HP (3.0 Ng\u1ef1a) &#8211; 32.000 Btu\/h &#8211; 9.37 kW<\/td>\n<\/tr>\n<tr class=\"row-item\">\n<td class=\"row0\">S\u1eed d\u1ee5ng cho ph\u00f2ng<\/td>\n<td class=\"row1\">Di\u00ea\u0323n ti\u0301ch 36 &#8211; 40 m\u00b2 ho\u1eb7c 108 &#8211; 120 m\u00b3 khi\u0301 (thi\u0301ch h\u01a1\u0323p cho pho\u0300ng kha\u0301ch, v\u0103n pho\u0300ng)<\/td>\n<\/tr>\n<tr class=\"row-item\">\n<td class=\"row0\">Ngu\u1ed3n \u0111i\u1ec7n (Ph\/V\/Hz)<\/td>\n<td class=\"row1\">1 Pha, 220 &#8211; 240 V, 50Hz \/ 60Hz<\/td>\n<\/tr>\n<tr class=\"row-item\">\n<td class=\"row0\">C\u00f4ng su\u1ea5t ti\u00eau th\u1ee5 \u0111i\u1ec7n<\/td>\n<td class=\"row1\">3.05 kW<\/td>\n<\/tr>\n<tr class=\"row-item\">\n<td class=\"row0\">K\u00edch th\u01b0\u1edbc \u1ed1ng \u0111\u1ed3ng Gas (mm)<\/td>\n<td class=\"row1\">10\/16<\/td>\n<\/tr>\n<tr class=\"row-item\">\n<td class=\"row0\">Chi\u1ec1u d\u00e0i \u1ed1ng gas t\u1ed1i \u0111a (m)<\/td>\n<td class=\"row1\">50 m<\/td>\n<\/tr>\n<tr class=\"row-item\">\n<td class=\"row0\">Ch\u00eanh l\u1ec7ch \u0111\u1ed9 cao (t\u1ed1i \u0111a) (m)<\/td>\n<td class=\"row1\">30 m<\/td>\n<\/tr>\n<tr class=\"row-item\">\n<td class=\"row0\">Hi\u1ec7u su\u1ea5t n\u0103ng l\u01b0\u1ee3ng (EER)<\/td>\n<td class=\"row1\">3.07<\/td>\n<\/tr>\n<tr class=\"row-title\">\n<td colspan=\"2\"><strong class=\"row0\">D\u00e0n L\u1ea1nh<\/strong><\/td>\n<\/tr>\n<tr class=\"row-item\">\n<td class=\"row0\">Model d\u00e0n l\u1ea1nh<\/td>\n<td class=\"row1\">ZTNQ30GNLE0<\/td>\n<\/tr>\n<tr class=\"row-item\">\n<td class=\"row0\">K\u00edch th\u01b0\u1edbc d\u00e0n l\u1ea1nh (mm)<\/td>\n<td class=\"row1\">84 x 24.6 x 84 cm<\/td>\n<\/tr>\n<tr class=\"row-item\">\n<td class=\"row0\">Tr\u1ecdng l\u01b0\u1ee3ng d\u00e0n l\u1ea1nh (Kg)<\/td>\n<td class=\"row1\">25 Kg<\/td>\n<\/tr>\n<tr class=\"row-title\">\n<td colspan=\"2\"><strong class=\"row0\">M\u1eb7t N\u1ea1<\/strong><\/td>\n<\/tr>\n<tr class=\"row-item\">\n<td class=\"row0\">K\u00edch th\u01b0\u1edbc m\u1eb7t n\u1ea1 (mm)<\/td>\n<td class=\"row1\">95 x 3.5 x 95 cm<\/td>\n<\/tr>\n<tr class=\"row-item\">\n<td class=\"row0\">Tr\u1ecdng l\u01b0\u1ee3ng m\u1eb7t n\u1ea1 (Kg)<\/td>\n<td class=\"row1\">6.3 Kg<\/td>\n<\/tr>\n<tr class=\"row-title\">\n<td colspan=\"2\"><strong class=\"row0\">D\u00e0n N\u00f3ng<\/strong><\/td>\n<\/tr>\n<tr class=\"row-item\">\n<td class=\"row0\">Model d\u00e0n n\u00f3ng<\/td>\n<td class=\"row1\">ZUAC1<\/td>\n<\/tr>\n<tr class=\"row-item\">\n<td class=\"row0\">K\u00edch th\u01b0\u1edbc d\u00e0n n\u00f3ng (mm)<\/td>\n<td class=\"row1\">65 x 87 x 33 cm<\/td>\n<\/tr>\n<tr class=\"row-item\">\n<td class=\"row0\">Tr\u1ecdng l\u01b0\u1ee3ng d\u00e0n n\u00f3ng (Kg)<\/td>\n<td class=\"row1\">41.5 Kg<\/td>\n<\/tr>\n<\/tbody>\n<\/table>\n","protected":false},"featured_media":1208,"comment_status":"open","ping_status":"closed","template":"","meta":{"wprm-recipe-roundup-name":"","wprm-recipe-roundup-description":""},"product_brand":[],"product_cat":[116],"product_tag":[167],"class_list":{"0":"post-1210","1":"product","2":"type-product","3":"status-publish","4":"has-post-thumbnail","6":"thuong-hieu-lg","7":"product_cat-may-lanh-am-tran","8":"product_tag-bao-hanh-24-thang","9":"pa_cong-nghe-inverter","10":"pa_cong-suat-lam-lanh-3-0-hp","11":"pa_may-lanh-am-tran-cassette-3-0-hp","13":"first","14":"instock","15":"sale","16":"taxable","17":"shipping-taxable","18":"purchasable","19":"product-type-simple"},"_links":{"self":[{"href":"https:\/\/maylanhlamhoanglong.com\/index.php?rest_route=\/wp\/v2\/product\/1210","targetHints":{"allow":["GET"]}}],"collection":[{"href":"https:\/\/maylanhlamhoanglong.com\/index.php?rest_route=\/wp\/v2\/product"}],"about":[{"href":"https:\/\/maylanhlamhoanglong.com\/index.php?rest_route=\/wp\/v2\/types\/product"}],"replies":[{"embeddable":true,"href":"https:\/\/maylanhlamhoanglong.com\/index.php?rest_route=%2Fwp%2Fv2%2Fcomments&post=1210"}],"wp:featuredmedia":[{"embeddable":true,"href":"https:\/\/maylanhlamhoanglong.com\/index.php?rest_route=\/wp\/v2\/media\/1208"}],"wp:attachment":[{"href":"https:\/\/maylanhlamhoanglong.com\/index.php?rest_route=%2Fwp%2Fv2%2Fmedia&parent=1210"}],"wp:term":[{"taxonomy":"product_brand","embeddable":true,"href":"https:\/\/maylanhlamhoanglong.com\/index.php?rest_route=%2Fwp%2Fv2%2Fproduct_brand&post=1210"},{"taxonomy":"product_cat","embeddable":true,"href":"https:\/\/maylanhlamhoanglong.com\/index.php?rest_route=%2Fwp%2Fv2%2Fproduct_cat&post=1210"},{"taxonomy":"product_tag","embeddable":true,"href":"https:\/\/maylanhlamhoanglong.com\/index.php?rest_route=%2Fwp%2Fv2%2Fproduct_tag&post=1210"}],"curies":[{"name":"wp","href":"https:\/\/api.w.org\/{rel}","templated":true}]}}