{"id":1159,"date":"2025-03-10T09:39:34","date_gmt":"2025-03-10T02:39:34","guid":{"rendered":"https:\/\/maylanhlamhoanglong.com\/?post_type=product&#038;p=1159"},"modified":"2025-03-10T09:39:34","modified_gmt":"2025-03-10T02:39:34","slug":"may-lanh-am-tran-toshiba-inverter-2-0-hp-2-ngua-rav-gv1801ap-v","status":"publish","type":"product","link":"https:\/\/maylanhlamhoanglong.com\/?product=may-lanh-am-tran-toshiba-inverter-2-0-hp-2-ngua-rav-gv1801ap-v","title":{"rendered":"M\u00e1y l\u1ea1nh \u00e2m tr\u1ea7n Toshiba Inverter 2.0 HP (2 Ng\u1ef1a) RAV-GV1801AP-V"},"content":{"rendered":"<div class=\"entry-title\">M\u00f4 t\u1ea3 s\u1ea3n ph\u1ea9m<\/div>\n<div class=\"entry entry-content\">\n<div class=\"entry-desc\">\n<h2>Nh\u1eefng t\u00ednh n\u0103ng n\u1ed5i b\u1eadt c\u1ee7a m\u00e1y l\u1ea1nh \u00e2m tr\u1ea7n Toshiba inverter (2.0Hp) RAV-GV1801AP-V<\/h2>\n<p>Ki\u1ec3u d\u00e1ng nh\u1ecf g\u1ecdn v\u1edbi\u00a0<strong>chi\u1ec1u cao ch\u1ec9 319 mm,<\/strong>\u00a0c\u00f3 th\u1ec3 d\u1ec5 d\u00e0ng l\u1eafp \u0111\u1eb7t cho nh\u1eefng\u00a0<strong>kh\u00f4ng gian c\u00f3 tr\u1ea7n th\u1ea5p<\/strong>.<\/p>\n<p><strong>C\u00f4ng su\u1ea5t l\u00e0m l\u1ea1nh 2.0Hp<\/strong>\u00a0ph\u00f9 h\u1ee3p cho c\u00e1c kh\u00f4ng gian ph\u00f2ng\u00a0<strong>25 &#8211; 30 m\u00b2.<\/strong><\/p>\n<p><strong>C\u00f4ng ngh\u1ec7 inverter<\/strong>\u00a0ho\u1ea1t \u0111\u1ed9ng theo nguy\u00ean l\u00fd \u0111i\u1ec1u ch\u1ec9nh c\u00f4ng su\u1ea5t m\u00e1y n\u00e9n theo bi\u1ebfn \u0111\u1ed9ng c\u1ee7a nhi\u1ec7t \u0111\u1ed9 ph\u00f2ng gi\u00fap \u0111\u1ed9ng c\u01a1 m\u00e1y ho\u1ea1t \u0111\u1ed9ng \u00eam \u00e1i, l\u00e0m l\u1ea1nh nhanh v\u00e0 \u0111\u1ec1u, ti\u1ebft ki\u1ec7m \u0111i\u1ec7n n\u0103ng t\u1ed1i \u01b0u.<\/p>\n<p><strong>C\u00e1nh \u0111\u1ea3o gi\u00f3 4 chi\u1ec1u\u00a0<\/strong>t\u1ea1o ra lu\u1ed3ng kh\u00ed l\u1ea1nh \u0111\u01b0\u1ee3c ph\u00e2n t\u00e1n \u0111\u1ed3ng \u0111\u1ec1u \u0111\u1ebfn m\u1ecdi v\u1ecb tr\u00ed trong kh\u00f4ng gian trong ph\u00f2ng.<\/p>\n<p>\u1ee8ng d\u1ee5ng<strong>\u00a0t\u1ea5m l\u1ecdc vi khu\u1ea9n b\u00ean trong d\u00e0n l\u1ea1nh<\/strong>\u00a0gi\u00fap lo\u1ea1i b\u1ecf hi\u1ec7u qu\u1ea3 b\u1ee5i b\u1ea9n, vi khu\u1ea9n v\u00e0 c\u00e1c ch\u1ea5t g\u00e2y d\u1ecb \u1ee9ng c\u00f3 trong kh\u00f4ng kh\u00ed.<\/p>\n<p>T\u00edch h\u1ee3p\u00a0<strong>b\u01a1m tho\u00e1t n\u01b0\u1edbc<\/strong>\u00a0ti\u00eau chu\u1ea9n nh\u00e0 m\u00e1y theo<strong>\u00a0chi\u1ec1u cao l\u00ean t\u1edbi 850 mm\u00a0<\/strong>v\u1edbi ch\u1ea5t \u1ee9c ch\u1ebf t\u0103ng tr\u01b0\u1edfng vi khu\u1ea9n trong h\u1ec7 th\u1ed1ng tho\u00e1t n\u01b0\u1edbc c\u1ee7a m\u00e1y l\u1ea1nh.<\/p>\n<p><strong>T\u1ef1 kh\u1edfi \u0111\u1ed9ng l\u1ea1i khi c\u00f3 \u0111i\u1ec7n\u00a0<\/strong>s\u1ebd t\u1ef1 \u0111\u1ed9ng ghi nh\u1edb c\u00e1c c\u00e0i \u0111\u1eb7t hi\u1ec7n t\u1ea1i nh\u01b0 nhi\u1ec7t \u0111\u1ed9, h\u01b0\u1edbng gi\u00f3,\u2026 v\u00e0 khi c\u00f3 \u0111i\u1ec7n l\u1ea1i, m\u00e1y s\u1ebd t\u1ef1 thi\u1ebft l\u1eadp l\u1ea1i c\u00e1c th\u00f4ng s\u1ed1 \u0111\u00e3 ghi nh\u1edb tr\u01b0\u1edbc \u0111\u00f3 m\u00e0 kh\u00f4ng c\u1ea7n s\u1ef1 can thi\u1ec7p t\u1eeb ng\u01b0\u1eddi d\u00f9ng.<\/p>\n<p>S\u1eed d\u1ee5ng\u00a0<strong>gas R32<\/strong>\u00a0l\u00e0 m\u00f4i ch\u1ea5t \u0111\u01b0\u1ee3c s\u1eed d\u1ee5ng ph\u1ed5 bi\u1ebfn nh\u1ea5t hi\u1ec7n nay v\u1edbi nhi\u1ec1u \u01b0u \u0111i\u1ec3m nh\u01b0 l\u00e0m l\u1ea1nh s\u00e2u, l\u00e0m l\u1ea1nh nhanh, th\u00e2n thi\u1ec7n v\u1edbi m\u00f4i tr\u01b0\u1eddng, kh\u00f4ng ph\u00e1t th\u1ea3i ch\u1ea5t g\u00e2y n\u00ean hi\u1ec7u \u1ee9ng nh\u00e0 k\u00ednh\u2026<\/p>\n<p><a class=\"img-popup\" title=\"\" href=\"https:\/\/sieuthimaylanh.com\/uploads\/product\/10_2022\/uu-diem-may-lanh-am-tran-toshiba-inverter-2-0hp-rav-gv1801ap-v.jpg\" rel=\"gallery\"><img decoding=\"async\" src=\"https:\/\/sieuthimaylanh.com\/uploads\/product\/10_2022\/uu-diem-may-lanh-am-tran-toshiba-inverter-2-0hp-rav-gv1801ap-v.jpg\" alt=\"\" \/><\/a><\/p>\n<\/div>\n<\/div>\n","protected":false},"excerpt":{"rendered":"<table class=\"table-digitals\">\n<tbody>\n<tr class=\"row-title\">\n<td colspan=\"2\"><strong class=\"row0\">Th\u00f4ng s\u1ed1 k\u1ef9 thu\u1eadt<\/strong><\/td>\n<\/tr>\n<tr class=\"row-item\">\n<td class=\"row0\">Xu\u1ea5t x\u1ee9<\/td>\n<td class=\"row1\">Th\u01b0\u01a1ng hi\u1ec7u: Nh\u1eadt &#8211; S\u1ea3n xu\u1ea5t t\u1ea1i: Th\u00e1i Lan<\/td>\n<\/tr>\n<tr class=\"row-item\">\n<td class=\"row0\">Lo\u1ea1i Gas l\u1ea1nh<\/td>\n<td class=\"row1\">R32<\/td>\n<\/tr>\n<tr class=\"row-item\">\n<td class=\"row0\">Lo\u1ea1i m\u00e1y<\/td>\n<td class=\"row1\">Inverter &#8211; lo\u1ea1i 1 chi\u1ec1u (ch\u1ec9 l\u00e0m l\u1ea1nh)<\/td>\n<\/tr>\n<tr class=\"row-item\">\n<td class=\"row0\">C\u00f4ng su\u1ea5t l\u00e0m l\u1ea1nh<\/td>\n<td class=\"row1\">2.0 HP (2.0 Ng\u1ef1a) &#8211; 18.000 Btu\/h<\/td>\n<\/tr>\n<tr class=\"row-item\">\n<td class=\"row0\">S\u1eed d\u1ee5ng cho ph\u00f2ng<\/td>\n<td class=\"row1\">Di\u1ec7n t\u00edch 25 &#8211; 30 m\u00b2 ho\u1eb7c 90 &#8211; 100 m\u00b3 kh\u00ed (thi\u0301ch h\u01a1\u0323p cho pho\u0300ng kha\u0301ch, v\u0103n pho\u0300ng)<\/td>\n<\/tr>\n<tr class=\"row-item\">\n<td class=\"row0\">Ngu\u1ed3n \u0111i\u1ec7n (Ph\/V\/Hz)<\/td>\n<td class=\"row1\">1 Pha, 220 V, 50Hz<\/td>\n<\/tr>\n<tr class=\"row-title\">\n<td colspan=\"2\"><strong class=\"row0\">D\u00e0n L\u1ea1nh<\/strong><\/td>\n<\/tr>\n<tr class=\"row-item\">\n<td class=\"row0\">Model d\u00e0n l\u1ea1nh<\/td>\n<td class=\"row1\">RAV-GV1801AP-V<\/td>\n<\/tr>\n<tr class=\"row-title\">\n<td colspan=\"2\"><strong class=\"row0\">D\u00e0n N\u00f3ng<\/strong><\/td>\n<\/tr>\n<tr class=\"row-item\">\n<td class=\"row0\">Model d\u00e0n n\u00f3ng<\/td>\n<td class=\"row1\">RAV-GE1801UP-V<\/td>\n<\/tr>\n<\/tbody>\n<\/table>\n","protected":false},"featured_media":1160,"comment_status":"open","ping_status":"closed","template":"","meta":{"wprm-recipe-roundup-name":"","wprm-recipe-roundup-description":""},"product_brand":[],"product_cat":[116],"product_tag":[],"class_list":{"0":"post-1159","1":"product","2":"type-product","3":"status-publish","4":"has-post-thumbnail","6":"thuong-hieu-toshiba","7":"product_cat-may-lanh-am-tran","8":"pa_cong-nghe-inverter","9":"pa_cong-suat-lam-lanh-2-0-hp","11":"first","12":"instock","13":"sale","14":"taxable","15":"shipping-taxable","16":"purchasable","17":"product-type-simple"},"_links":{"self":[{"href":"https:\/\/maylanhlamhoanglong.com\/index.php?rest_route=\/wp\/v2\/product\/1159","targetHints":{"allow":["GET"]}}],"collection":[{"href":"https:\/\/maylanhlamhoanglong.com\/index.php?rest_route=\/wp\/v2\/product"}],"about":[{"href":"https:\/\/maylanhlamhoanglong.com\/index.php?rest_route=\/wp\/v2\/types\/product"}],"replies":[{"embeddable":true,"href":"https:\/\/maylanhlamhoanglong.com\/index.php?rest_route=%2Fwp%2Fv2%2Fcomments&post=1159"}],"wp:featuredmedia":[{"embeddable":true,"href":"https:\/\/maylanhlamhoanglong.com\/index.php?rest_route=\/wp\/v2\/media\/1160"}],"wp:attachment":[{"href":"https:\/\/maylanhlamhoanglong.com\/index.php?rest_route=%2Fwp%2Fv2%2Fmedia&parent=1159"}],"wp:term":[{"taxonomy":"product_brand","embeddable":true,"href":"https:\/\/maylanhlamhoanglong.com\/index.php?rest_route=%2Fwp%2Fv2%2Fproduct_brand&post=1159"},{"taxonomy":"product_cat","embeddable":true,"href":"https:\/\/maylanhlamhoanglong.com\/index.php?rest_route=%2Fwp%2Fv2%2Fproduct_cat&post=1159"},{"taxonomy":"product_tag","embeddable":true,"href":"https:\/\/maylanhlamhoanglong.com\/index.php?rest_route=%2Fwp%2Fv2%2Fproduct_tag&post=1159"}],"curies":[{"name":"wp","href":"https:\/\/api.w.org\/{rel}","templated":true}]}}