{"id":1157,"date":"2025-03-10T09:30:03","date_gmt":"2025-03-10T02:30:03","guid":{"rendered":"https:\/\/maylanhlamhoanglong.com\/?post_type=product&#038;p=1157"},"modified":"2025-03-10T09:30:04","modified_gmt":"2025-03-10T02:30:04","slug":"may-lanh-am-tran-airwell-4hp-inverter-amc36d-01t-3-pha","status":"publish","type":"product","link":"https:\/\/maylanhlamhoanglong.com\/?product=may-lanh-am-tran-airwell-4hp-inverter-amc36d-01t-3-pha","title":{"rendered":"M\u00e1y l\u1ea1nh \u00e2m tr\u1ea7n Airwell 4Hp Inverter AMC36D-01T &#8211; 3 Pha"},"content":{"rendered":"<div class=\"entry-title\">M\u00f4 t\u1ea3 s\u1ea3n ph\u1ea9m<\/div>\n<div class=\"entry entry-content\">\n<div class=\"entry-desc\">\n<p><a class=\"img-popup\" title=\"\" href=\"https:\/\/sieuthimaylanh.com\/uploads\/product\/12_2024\/thuong_hieu_may_lanh_airwell.jpg\" rel=\"gallery\"><img decoding=\"async\" src=\"https:\/\/sieuthimaylanh.com\/uploads\/product\/12_2024\/thuong_hieu_may_lanh_airwell.jpg\" alt=\"\" \/><\/a><\/p>\n<p><strong>M\u00e1y l\u1ea1nh \u00e2m tr\u1ea7n Airwell thi\u1ebft k\u1ebf hi\u1ec7n \u0111\u1ea1i v\u1edbi lu\u1ed3n gi\u00f3 360 \u0111\u1ed9 ph\u00f9 h\u1ee3p nhi\u1ec1u kh\u00f4ng gian n\u1ed9i th\u1ea5t.<\/strong><\/p>\n<p><strong><a class=\"img-popup\" title=\"\" href=\"https:\/\/sieuthimaylanh.com\/uploads\/product\/12_2024\/Phoi_canh_may_lanh_am_tran_airwell.jpg\" rel=\"gallery\"><img decoding=\"async\" src=\"https:\/\/sieuthimaylanh.com\/uploads\/product\/12_2024\/Phoi_canh_may_lanh_am_tran_airwell.jpg\" alt=\"\" \/><\/a><\/strong><\/p>\n<p><strong>C\u00e1c t\u00ednh n\u0103ng ch\u00ednh c\u1ee7a d\u00f2ng m\u00e1y l\u1ea1nh \u00e2m tr\u1ea7n Airwell<\/strong><\/p>\n<ol>\n<li>Ch\u1ebf \u0111\u1ed9 \u0111\u1ea3o gi\u00f3 360 \u0111\u1ed9<\/li>\n<li>M\u00e0n h\u00ecnh hi\u1ec3n th\u1ecb tr\u00ean d\u00e0n l\u1ea1nh.<\/li>\n<li>H\u1ec7 th\u1ed1ng gi\u00f3 t\u01b0\u01a1i c\u00f3 th\u1ec3 k\u1ebft n\u1ed1i v\u00e0o l\u1ed7 c\u00f3 s\u1eb5n tr\u00ean d\u00e0n l\u1ea1nh.<\/li>\n<li>B\u01a1m n\u01b0\u1edbc ng\u01b0ng \u0111\u01b0\u1ee3c t\u00edch h\u1ee3p s\u1eb5n, \u0111\u1ed9 n\u00e2ng \u0111\u01b0\u1eddng \u1ed1ng t\u1eeb 750mm l\u00ean t\u1edbi 1000mm.<\/li>\n<li>C\u00f4ng t\u1eafc t\u1eeb xa, \u0111\u00e8n, chu\u00f4ng b\u00e1o c\u00f3 th\u1ec3 d\u1ec5 d\u00e0ng k\u1ebft n\u1ed1i v\u00e0o ch\u1ebf \u0111\u1ed9 b\u00e1o \u0111\u1ed9ng v\u00e0 xu\u1ea5t ra t\u00edn hi\u1ec7u c\u1ea3nh b\u00e1o.<\/li>\n<li>Ch\u1ebf \u0111\u1ed9 l\u00e0m l\u1ea1nh nhanh (Turbo) \u0111\u01b0\u1ee3c t\u00edch h\u1ee3p s\u1eb5n tr\u00ean \u0111i\u1ec1u khi\u1ec3n t\u1eeb xa.<\/li>\n<li>Golden Fin b\u1ea3o v\u1ec7 ch\u1ed1ng \u0103n m\u00f2n, \u0111\u1ea3m b\u1ea3o \u0111\u1ed9 b\u1ec1n cho c\u1ea3 d\u00e0n n\u00f3ng v\u00e0 d\u00e0n l\u1ea1nh.<\/li>\n<li>B\u01a1m n\u01b0\u1edbc ng\u01b0ng \u0111\u01b0\u1ee3c ch h\u1ee3p s\u1eb5n b\u00ean ngo\u00e0i. Ch\u1ec9 m\u1ea5t 10 ph\u00fat cho thao t\u00e1c l\u1eafp \u0111\u1eb7t thay th\u1ebf.<\/li>\n<li>\u0110\u1ed9 n\u00e2ng \u0111\u01b0\u1eddng \u1ed1ng t\u0103ng t\u1eeb 750mm l\u00ean 1000mm, kh\u1ea3 n\u0103ng tho\u00e1t n\u01b0\u1edbc cao h\u01a1n. Thu\u1eadn ti\u1ec7n khi l\u1eafp \u0111\u1eb7t \u0111\u01b0\u1eddng \u1ed1ng tho\u00e1t n\u01b0\u1edbc trong \u0111i\u1ec1u ki\u1ec7n kh\u00f4ng gian r\u1ed9ng l\u1edbn.<br \/>\n<a class=\"img-popup\" title=\"\" href=\"https:\/\/sieuthimaylanh.com\/uploads\/product\/12_2024\/bom_nuoc_ngung_may_lanh_am_tran_airwell.jpg\" rel=\"gallery\"><img decoding=\"async\" src=\"https:\/\/sieuthimaylanh.com\/uploads\/product\/12_2024\/bom_nuoc_ngung_may_lanh_am_tran_airwell.jpg\" alt=\"\" \/><\/a><\/li>\n<\/ol>\n<p>&nbsp;<\/p>\n<p><strong>Th\u00f4ng s\u1ed1 k\u1ef9 thu\u1eadt d\u00f2ng m\u00e1y l\u1ea1nh \u00e2m tr\u1ea7n Inverter Airwell<\/strong><\/p>\n<p><strong><a class=\"img-popup\" title=\"\" href=\"https:\/\/sieuthimaylanh.com\/uploads\/product\/12_2024\/thong_so_ky_thuat_may_lanh_am_tran_airwell_inverter.jpg\" rel=\"gallery\"><img decoding=\"async\" src=\"https:\/\/sieuthimaylanh.com\/uploads\/product\/12_2024\/thong_so_ky_thuat_may_lanh_am_tran_airwell_inverter.jpg\" alt=\"\" \/><\/a><\/strong><\/p>\n<\/div>\n<\/div>\n","protected":false},"excerpt":{"rendered":"<p>M\u00f4 t\u1ea3 s\u1ea3n ph\u1ea9m M\u00e1y l\u1ea1nh \u00e2m tr\u1ea7n Airwell thi\u1ebft k\u1ebf hi\u1ec7n \u0111\u1ea1i v\u1edbi lu\u1ed3n gi\u00f3 360 \u0111\u1ed9 ph\u00f9 h\u1ee3p nhi\u1ec1u kh\u00f4ng gian n\u1ed9i th\u1ea5t. C\u00e1c t\u00ednh n\u0103ng ch\u00ednh c\u1ee7a d\u00f2ng m\u00e1y l\u1ea1nh \u00e2m tr\u1ea7n Airwell Ch\u1ebf \u0111\u1ed9 \u0111\u1ea3o gi\u00f3 360 \u0111\u1ed9 M\u00e0n h\u00ecnh hi\u1ec3n th\u1ecb tr\u00ean d\u00e0n l\u1ea1nh. H\u1ec7 th\u1ed1ng gi\u00f3 t\u01b0\u01a1i c\u00f3 th\u1ec3&#8230;<\/p>\n","protected":false},"featured_media":948,"comment_status":"open","ping_status":"closed","template":"","meta":{"wprm-recipe-roundup-name":"","wprm-recipe-roundup-description":""},"product_brand":[],"product_cat":[116],"product_tag":[167],"class_list":{"0":"post-1157","1":"product","2":"type-product","3":"status-publish","4":"has-post-thumbnail","6":"thuong-hieu-airwell","7":"product_cat-may-lanh-am-tran","8":"product_tag-bao-hanh-24-thang","9":"pa_cong-nghe-inverter","10":"pa_cong-suat-lam-lanh-4-0-hp","12":"first","13":"instock","14":"sale","15":"taxable","16":"shipping-taxable","17":"purchasable","18":"product-type-simple"},"_links":{"self":[{"href":"https:\/\/maylanhlamhoanglong.com\/index.php?rest_route=\/wp\/v2\/product\/1157","targetHints":{"allow":["GET"]}}],"collection":[{"href":"https:\/\/maylanhlamhoanglong.com\/index.php?rest_route=\/wp\/v2\/product"}],"about":[{"href":"https:\/\/maylanhlamhoanglong.com\/index.php?rest_route=\/wp\/v2\/types\/product"}],"replies":[{"embeddable":true,"href":"https:\/\/maylanhlamhoanglong.com\/index.php?rest_route=%2Fwp%2Fv2%2Fcomments&post=1157"}],"wp:featuredmedia":[{"embeddable":true,"href":"https:\/\/maylanhlamhoanglong.com\/index.php?rest_route=\/wp\/v2\/media\/948"}],"wp:attachment":[{"href":"https:\/\/maylanhlamhoanglong.com\/index.php?rest_route=%2Fwp%2Fv2%2Fmedia&parent=1157"}],"wp:term":[{"taxonomy":"product_brand","embeddable":true,"href":"https:\/\/maylanhlamhoanglong.com\/index.php?rest_route=%2Fwp%2Fv2%2Fproduct_brand&post=1157"},{"taxonomy":"product_cat","embeddable":true,"href":"https:\/\/maylanhlamhoanglong.com\/index.php?rest_route=%2Fwp%2Fv2%2Fproduct_cat&post=1157"},{"taxonomy":"product_tag","embeddable":true,"href":"https:\/\/maylanhlamhoanglong.com\/index.php?rest_route=%2Fwp%2Fv2%2Fproduct_tag&post=1157"}],"curies":[{"name":"wp","href":"https:\/\/api.w.org\/{rel}","templated":true}]}}