{"id":1148,"date":"2025-03-08T12:04:54","date_gmt":"2025-03-08T05:04:54","guid":{"rendered":"https:\/\/maylanhlamhoanglong.com\/?post_type=product&#038;p=1148"},"modified":"2025-03-08T12:04:55","modified_gmt":"2025-03-08T05:04:55","slug":"may-lanh-am-tran-5-5hp-48000btu-hikawa-hi-cc50mt-ho-cc50mt-3-pha","status":"publish","type":"product","link":"https:\/\/maylanhlamhoanglong.com\/?product=may-lanh-am-tran-5-5hp-48000btu-hikawa-hi-cc50mt-ho-cc50mt-3-pha","title":{"rendered":"M\u00e1y l\u1ea1nh \u00e2m tr\u1ea7n 5.5HP (48000Btu) HIKAWA HI-CC50MT\/HO-CC50MT &#8211; 3 pha"},"content":{"rendered":"<h2 id=\"Thi\u1ebft_k\u1ebf_m\u00e1y_l\u1ea1nh_\u00e2m_tr\u1ea7n_5.5HP_HIKAWA_HI-CC50MT\/HO-CC50MT_-_3_pha\">Thi\u1ebft k\u1ebf m\u00e1y l\u1ea1nh \u00e2m tr\u1ea7n 5.5HP HIKAWA HI-CC50MT\/HO-CC50MT &#8211; 3 pha<\/h2>\n<p><strong>M\u00e1y l\u1ea1nh \u00e2m tr\u1ea7n 5.5HP (48000Btu) HIKAWA HI-CC50MT\/HO-CC50MT &#8211; 3 pha<\/strong>\u00a0s\u1edf h\u1eefu thi\u1ebft k\u1ebf \u00e2m tr\u1ea7n hi\u1ec7n \u0111\u1ea1i, d\u1ec5 k\u1ebft h\u1ee3p v\u1edbi kh\u00f4ng gian, linh ho\u1ea1t trong l\u1eafp \u0111\u1eb7t c\u00e1c kh\u00f4ng gian tr\u1ea7n th\u1ea5p nh\u1edd<strong>\u00a0\u0111\u1ed9 d\u00e0y ch\u1ec9 288mm.<\/strong><\/p>\n<p>C\u00f4ng su\u1ea5t l\u1edbn t\u1ea1o ra l\u01b0u\u00a0<em>l\u01b0\u1ee3ng gi\u00f3 trong nh\u00e0 1900 m3\/h<\/em>, m\u00e1t \u0111\u1ed3ng \u0111\u1ec1u m\u1ecdi ng\u00f3c ng\u00e1ch ngay c\u1ea3 trong kh\u00f4ng gian r\u1ed9ng l\u1edbn nh\u01b0 c\u00e1c ph\u00f2ng h\u1ed9i h\u1ecdp ho\u1eb7c c\u00f9ng l\u00fac nhi\u1ec1u ph\u00f2ng nh\u1ecf.<\/p>\n<p>M\u1eb7t panel \u0111\u01b0\u1ee3c thi\u1ebft k\u1ebf d\u1ec5 d\u00e0ng th\u00e1o r\u1eddi, gi\u00fap ti\u1ebft ki\u1ec7m th\u1eddi gian v\u1ec7 sinh v\u00e0 b\u1ea3o d\u01b0\u1ee1ng.<\/p>\n<p><a class=\"img-popup\" title=\"\" href=\"https:\/\/sieuthimaylanh.com\/uploads\/product\/12_2023\/may-lanh-am-tran-2hp-18000btu-hikawa-hi-cc20mt-ho-cc20mt-thiet-ke.jpg\" rel=\"gallery\"><img decoding=\"async\" src=\"https:\/\/sieuthimaylanh.com\/uploads\/product\/12_2023\/may-lanh-am-tran-2hp-18000btu-hikawa-hi-cc20mt-ho-cc20mt-thiet-ke.jpg\" alt=\"\" \/><\/a><\/p>\n<h2 id=\"\u01afu_\u0111i\u1ec3m_n\u1ed5i_b\u1eadt_m\u00e1y_l\u1ea1nh_\u00e2m_tr\u1ea7n_5.5HP_HIKAWA_HI-CC50MT\/HO-CC50MT_-_3_pha\">\u01afu \u0111i\u1ec3m n\u1ed5i b\u1eadt m\u00e1y l\u1ea1nh \u00e2m tr\u1ea7n 5.5HP HIKAWA HI-CC50MT\/HO-CC50MT &#8211; 3 pha<\/h2>\n<p>&#8211;\u00a0<strong>C\u00f4ng ngh\u1ec7 \u0111\u1ea3o gi\u00f3 3D<\/strong>\u00a0t\u1ef1 \u0111\u1ed9ng lu\u00e2n chuy\u1ec3n lu\u1ed3ng gi\u00f3 theo c\u1ea3 chi\u1ec1u ngang v\u00e0 chi\u1ec1u d\u1ecdc, \u0111em \u0111\u1ebfn kh\u00f4ng kh\u00ed t\u01b0\u01a1i m\u00e1t v\u00e0 c\u00e2n b\u1eb1ng t\u1edbi t\u1eebng ng\u00f3c ng\u00e1ch trong kh\u00f4ng gian.<\/p>\n<p>&#8211;<strong>\u00a0Ch\u1ebf \u0111\u1ed9 Turbo<\/strong>\u00a0t\u0103ng kh\u1ea3 n\u0103ng l\u00e0m l\u1ea1nh nhanh, t\u1ea1o ra l\u01b0u l\u01b0\u1ee3ng kh\u00ed l\u1edbn, gi\u00fap kh\u00f4ng gian ph\u00f2ng nhanh ch\u00f3ng \u0111\u1ea1t \u0111\u01b0\u1ee3c nhi\u1ec7t \u0111\u1ed9 mong mu\u1ed1n.<\/p>\n<p>&#8211;\u00a0<strong>Thi\u1ebft k\u1ebf 4 c\u1eeda gi\u00f3<\/strong>\u00a0l\u00e0m m\u00e1t kh\u00f4ng kh\u00ed ph\u00f2ng r\u1ed9ng d\u1ef1a v\u00e0o k\u1ebft n\u1ed1i v\u1edbi h\u1ec7 th\u1ed1ng \u1ed1ng gi\u00f3 n\u1ed1i tr\u1ef1c ti\u1ebfp v\u1edbi m\u00e1y t\u1ea1o n\u00ean b\u1ea7u kh\u00f4ng kh\u00ed tho\u1ea3i m\u00e1i, th\u01b0 gi\u00e3n cho c\u0103n ph\u00f2ng.<\/p>\n<p>&#8211;\u00a0<strong>Thi\u1ebft k\u1ebf c\u00e1nh qu\u1ea1t t\u1ed1i \u01b0u<\/strong>\u00a0nh\u1eb1m ch\u1ed1ng l\u1ea1i l\u1ef1c c\u1ea3n c\u1ee7a lu\u1ed3ng kh\u00f4ng kh\u00ed gi\u00fap gi\u1ea3m thi\u1ec3u t\u1ed1i \u0111a ti\u1ebfng \u1ed3n trong qu\u00e1 tr\u00ecnh ho\u1ea1t \u0111\u1ed9ng.<\/p>\n<p>&#8211;\u00a0<strong>\u1ed0ng d\u1eabn nhi\u1ec7t \u0111\u01b0\u1ee3c thi\u1ebft k\u1ebf c\u1ea3i ti\u1ebfn k\u1ebft h\u1ee3p v\u1edbi t\u1ed1c \u0111\u1ed9 qu\u1ea1t t\u0103ng \u00e1p<\/strong>\u00a0mang l\u1ea1i lu\u1ed3ng gi\u00f3 m\u1ea1nh h\u01a1n \u1edf t\u1ed1c \u0111\u1ed9 \u2265 0,3m\/s, v\u1edbi kho\u1ea3ng c\u00e1ch v\u01b0\u01a1n xa l\u00ean \u0111\u1ebfn 12m.<\/p>\n<p>&#8211;\u00a0<strong>Vi l\u1ecdc kh\u00e1ng khu\u1ea9n 6 l\u1edbp<\/strong>\u00a0l\u00e0m s\u1ea1ch ph\u1ea5n hoa l\u00ean \u0111\u1ebfn 80%, t\u0103ng hi\u1ec7u qu\u1ea3 ch\u1ed1ng b\u1ee5i \u0111\u1ebfn 50% \u0111\u1ea3m b\u1ea3o kh\u00f4ng kh\u00ed trong v\u0103n ph\u00f2ng lu\u00f4n trong l\u00e0nh s\u1ea1ch khu\u1ea9n.<\/p>\n<p>&#8211; Trang b\u1ecb\u00a0<strong>b\u01a1m tho\u00e1t n\u01b0\u1edbc ng\u01b0ng t\u1ee5 \u00e1p su\u1ea5t \u0111\u1ea9y l\u00ean t\u1edbi 750mm<\/strong>, kh\u00f4ng ch\u1ec9 \u0111\u1ea3m b\u1ea3o hi\u1ec7u su\u1ea5t ho\u1ea1t \u0111\u1ed9ng t\u1ed1t m\u00e0 c\u00f2n d\u1ec5 d\u00e0ng l\u1eafp \u0111\u1eb7t \u0111\u01b0\u1eddng \u1ed1ng trong m\u1ecdi \u0111i\u1ec1u ki\u1ec7n kh\u00f4ng gian th\u1ea5p h\u1eb9p nh\u1ea5t.<\/p>\n<p>&#8211;\u00a0<strong>D\u00e0n t\u1ea3n nhi\u1ec7t GoldenFin m\u1ea1 v\u00e0ng\u00a0<\/strong>ch\u1ed1ng \u0103n m\u00f2n, mang \u0111\u1ebfn s\u1ef1 b\u1ec1n b\u1ec9 v\u00e0 l\u00e2u d\u00e0i cho s\u1ea3n ph\u1ea9m, th\u00e1ch th\u1ee9c m\u1ecdi \u0111i\u1ec1u ki\u1ec7n th\u1eddi ti\u1ebft kh\u1eafc nghi\u1ec7t.<\/p>\n<p>&#8211;\u00a0<strong>H\u1ed9p \u0111i\u1ec1u khi\u1ec3n \u0111i\u1ec7n ch\u1ed1ng ch\u00e1y<\/strong>\u00a0s\u1eed d\u1ee5ng v\u1eadt li\u1ec7u ABS c\u00f3 \u0111\u1ecbnh m\u1ee9c ch\u1ed1ng ch\u00e1y 5VA v\u00e0 b\u1ec1 m\u1eb7t ngo\u00e0i \u0111\u01b0\u1ee3c ph\u1ee7 b\u1eb1ng t\u1ea5m kim lo\u1ea1i gi\u00fap c\u00e1ch ly h\u1ed9p \u0111i\u1ec1u khi\u1ec3n \u0111i\u1ec7n v\u1edbi l\u1eeda.<\/p>\n<p><a class=\"img-popup\" title=\"\" href=\"https:\/\/sieuthimaylanh.com\/uploads\/product\/12_2023\/may-lanh-am-tran-2hp-18000btu-hikawa-hi-cc20mt-ho-cc20mt-uu-diem.jpg\" rel=\"gallery\"><img decoding=\"async\" src=\"https:\/\/sieuthimaylanh.com\/uploads\/product\/12_2023\/may-lanh-am-tran-2hp-18000btu-hikawa-hi-cc20mt-ho-cc20mt-uu-diem.jpg\" alt=\"\" \/><\/a><\/p>\n","protected":false},"excerpt":{"rendered":"<section id=\"single-body-top\" class=\"single-body\">\n<aside class=\"content-col content-left\">\n<div class=\"content-inner\">\n<div class=\"box-entry box-short\">\n<ul>\n<li>C\u00f4ng su\u1ea5t: 48000 Btu\/h<\/li>\n<li>S\u1eed d\u1ee5ng \u0111i\u1ec7n 3 pha.<\/li>\n<li>S\u1ea3n xu\u1ea5t t\u1ea1i Th\u00e1i Lan<\/li>\n<li>B\u1ea3o h\u00e0nh: B\u1ea3o h\u00e0nh m\u00e1y n\u00e9n 5 n\u0103m; b\u1ea3o h\u00e0nh to\u00e0n b\u1ed9 m\u00e1y 24 th\u00e1ng; x\u1eed l\u00fd b\u1ea3o h\u00e0nh trong 24 gi\u1edd.<\/li>\n<\/ul>\n<\/div>\n<\/div>\n<\/aside>\n<aside class=\"content-col content-right\">\n<div class=\"content-inner\">\n<form class=\"box-info\" accept-charset=\"utf-8\" action=\"https:\/\/sieuthimaylanh.com\/gio-hang.html\" method=\"post\">\n<h1>M\u00e1y l\u1ea1nh \u00e2m tr\u1ea7n 5.5HP (48000Btu) HIKAWA HI-CC50MT\/HO-CC50MT &#8211; 3 pha<\/h1>\n<div class=\"box-price-html\">\n<ul class=\"price-text\">\n<li class=\"price\"><ins>Lh: 0902 820 616<\/ins><\/li>\n<\/ul>\n<\/div>\n<div class=\"box-category-link box-term-link\">Danh m\u1ee5c:<a href=\"https:\/\/sieuthimaylanh.com\/may-lanh-am-tran.html\">M\u00e1y l\u1ea1nh \u00e2m tr\u1ea7n<\/a><\/div>\n<div class=\"box-product-group\">\n<ul class=\"items\">\n<li><a href=\"https:\/\/sieuthimaylanh.com\/may-lanh-am-tran-2hp-18000btu-hikawa-hi-cc20mt-ho-cc20mt.html\"><span class=\"item-name\">2.0 HP<\/span><span class=\"item-desc\">Ph\u00f2ng 24 &#8211; 30m<sup>2<\/sup><\/span><\/a><\/li>\n<li><a href=\"https:\/\/sieuthimaylanh.com\/may-lanh-am-tran-2-5hp-24000btu-hikawa-hi-cc25mt-ho-cc25mt.html\"><span class=\"item-name\">2.0 HP<\/span><span class=\"item-desc\">Ph\u00f2ng 30 &#8211; 35m<sup>2<\/sup><\/span><\/a><\/li>\n<li><a href=\"https:\/\/sieuthimaylanh.com\/may-lanh-am-tran-3hp-30000btu-hikawa-hi-cc30mt-ho-cc30mt.html\"><span class=\"item-name\">3.0 HP<\/span><span class=\"item-desc\">Ph\u00f2ng 36 &#8211; 40m<sup>2<\/sup><\/span><\/a><\/li>\n<li><a href=\"https:\/\/sieuthimaylanh.com\/may-lanh-am-tran-4hp-36000btu-hikawa-hi-cc40mtx-ho-cc40mtx-3-pha.html\"><span class=\"item-name\">4.0 HP<\/span><span class=\"item-desc\">Ph\u00f2ng 50 &#8211; 54m<sup>2<\/sup><\/span><\/a><\/li>\n<li><a class=\"active\" href=\"https:\/\/sieuthimaylanh.com\/may-lanh-am-tran-5-5hp-48000btu-hikawa-hi-cc50mt-ho-cc50mt-3-pha.html\"><span class=\"item-name\">5.5 HP<\/span><span class=\"item-desc\">Ph\u00f2ng 64 &#8211; 67m<sup>2<\/sup><\/span><\/a><\/li>\n<li><a href=\"https:\/\/sieuthimaylanh.com\/may-lanh-am-tran-6hp-60000btu-hikawa-hi-cc60mt-ho-cc60mt-3-pha.html\"><span class=\"item-name\">6.0 HP<\/span><span class=\"item-desc\">Ph\u00f2ng 77 &#8211; 80m<sup>2<\/sup><\/span><\/a><\/li>\n<\/ul>\n<\/div>\n<div class=\"box-buttons stock-1\">\n<div class=\"button-action button-phone\"><a href=\"tel:0902820616.html\" target=\"\"><strong>0902 820 616<\/strong>Lh gi\u00e1 t\u1ed1t h\u01a1n<\/a><a href=\"tel:0909811373.html\" target=\"_self\"><strong>0909 811 373<\/strong>Lh gi\u00e1 t\u1ed1t h\u01a1n<\/a><a href=\"tel:0909721499.html\" target=\"_self\"><strong>0909721499<\/strong>Lh gi\u00e1 t\u1ed1t h\u01a1n<\/a><a href=\"tel:0906 585 585.html\" target=\"_self\"><strong>0906 585 585<\/strong>Lh gi\u00e1 t\u1ed1t h\u01a1n<\/a><\/div>\n<\/div>\n<div class=\"box-address\">\n<ul class=\"icons locations\">\n<li class=\"icon-intro\"><span style=\"color: #3399ff;\"><b>Hotline h\u1ed7 tr\u1ee3 KH ngo\u00e0i gi\u1edd: 0909 721 499<\/b><\/span><\/li>\n<li class=\"icon-intro\"><strong>H\u1ed7 tr\u1ee3 tr\u1ea3 g\u00f3p l\u00e3i su\u1ea5t th\u1ea5p, qu\u1eb9t th\u1ebb t\u1eadn n\u01a1i.<\/strong><\/li>\n<li class=\"icon-map\"><strong>M\u1edf c\u1eeda t\u1eeb 08 &#8211; 18h c\u1ea3 T7, CN.\u00a0<\/strong><\/li>\n<li class=\"icon-warranty\">B\u1ea3o h\u00e0nh ch\u00ednh h\u00e3ng, h\u1ec7 th\u1ed1ng tr\u1ea1m BH\u00a0to\u00e0n qu\u1ed1c t\u1eadn nh\u00e0 qu\u00fd kh\u00e1ch:\u00a0<b>2 n\u0103m th\u00e2n m\u00e1y, 5 n\u0103m m\u00e1y n\u00e9n.<br \/>\n<a href=\"https:\/\/sieuthimaylanh.com\/bao-hanh.html\">Xem \u0111i\u1ec3m b\u1ea3o h\u00e0nh<\/a><\/b><\/li>\n<li class=\"icon-camket\">Cam k\u1ebft s\u1ea3n ph\u1ea9m ch\u00ednh h\u00e3ng\u00a0<strong>\u00a0m\u1edbi 100%<\/strong>.\u00a0<strong>B\u1ed3i th\u01b0\u1eddng 200% n\u1ebfu ph\u00e1t hi\u1ec7n m\u00e1y kh\u00f4ng ch\u00ednh h\u00e3ng.<\/strong><\/li>\n<li class=\"icon-vanchuyen\"><strong>Mi\u1ec5n ph\u00ed<\/strong>\u00a0v\u1eadn chuy\u1ec3n n\u1ed9i th\u00e0nh\u00a0TP.\u00a0HCM.<br \/>\nH\u1ed7 tr\u1ee3 giao h\u00e0ng l\u1eafp \u0111\u1eb7t nhanh theo y\u00eau c\u1ea7u.<br \/>\n<a href=\"https:\/\/sieuthimaylanh.com\/giao-hang-may-lanh-di-tinh-nhanh.html\" target=\"_blank\" rel=\"noopener\"><strong>GIAO H\u00c0NG T\u1ec8NH NHANH 24H.<\/strong><\/a><\/li>\n<li class=\"icon-kythuatvien\">K\u1ef9 thu\u1eadt \u0111\u00e0o t\u1ea1o t\u1eeb h\u00e3ng, ch\u1ec9 s\u1eed d\u1ee5ng \u1ed1ng \u0111\u1ed3ng d\u00e0y &gt;0.71mm, nh\u1eadp ch\u00ednh h\u00e3ng\u00a0Malaysia, d\u00e2y \u0111i\u1ec7n Cadivi,&#8230;<\/li>\n<li class=\"icon-intro\">Th\u00f9ng m\u00e1y l\u1ea1nh nguy\u00ean \u0111ai &#8211; nguy\u00ean ki\u1ec7n theo ti\u00eau chu\u1ea9n NSX<\/li>\n<li class=\"icon-intro\"><strong>H\u1ed7 tr\u1ee3 thi\u1ebft k\u1ebf b\u1ea3n v\u1ebd k\u1ef9 thu\u1eadt\u00a0<\/strong>AutoCAD cho h\u1ec7 th\u1ed1ng l\u1ea1nh KH.<\/li>\n<li class=\"icon-intro\"><strong>UY T\u00cdN TR\u00caN 20 N\u0102M TRONG NGH\u00c0NH \u0110I\u1ec6N L\u1ea0NH.<\/strong><\/li>\n<\/ul>\n<p class=\"icon-intro\">\n<\/div>\n<\/form>\n<\/div>\n<\/aside>\n<\/section>\n<section id=\"single-body-bottom\" class=\"single-body\">\n<aside class=\"content-col content-left\">\n<div class=\"content-inner\">\n<section id=\"box-digitals\" class=\"box-digitals widget\">\n<table class=\"table-digitals\">\n<tbody>\n<tr class=\"row-title\">\n<td colspan=\"2\"><strong class=\"row0\">Th\u00f4ng s\u1ed1 k\u1ef9 thu\u1eadt<\/strong><\/td>\n<\/tr>\n<tr class=\"row-item\">\n<td class=\"row0\">Xu\u1ea5t x\u1ee9<\/td>\n<td class=\"row1\">S\u1ea3n xu\u1ea5t t\u1ea1i: Th\u00e1i Lan<\/td>\n<\/tr>\n<tr class=\"row-item\">\n<td class=\"row0\">Lo\u1ea1i Gas l\u1ea1nh<\/td>\n<td class=\"row1\">R32<\/td>\n<\/tr>\n<tr class=\"row-item\">\n<td class=\"row0\">Lo\u1ea1i m\u00e1y<\/td>\n<td class=\"row1\">Mono &#8211; Lo\u1ea1i 1 chi\u1ec1u (ch\u1ec9 l\u00e0m l\u1ea1nh)<\/td>\n<\/tr>\n<tr class=\"row-item\">\n<td class=\"row0\">C\u00f4ng su\u1ea5t l\u00e0m l\u1ea1nh<\/td>\n<td class=\"row1\">5.5 Hp (5.5 Ng\u1ef1a) &#8211; 48,000 Btu\/h<\/td>\n<\/tr>\n<tr class=\"row-item\">\n<td class=\"row0\">S\u1eed d\u1ee5ng cho ph\u00f2ng<\/td>\n<td class=\"row1\">Di\u00ea\u0323n ti\u0301ch 64 &#8211; 67 m\u00b2 ho\u1eb7c 192 &#8211; 201 m\u00b3 khi\u0301 (thi\u0301ch h\u01a1\u0323p cho pho\u0300ng kha\u0301ch, v\u0103n pho\u0300ng)<\/td>\n<\/tr>\n<tr class=\"row-item\">\n<td class=\"row0\">Ngu\u1ed3n \u0111i\u1ec7n (Ph\/V\/Hz)<\/td>\n<td class=\"row1\">3 Pha, 380 &#8211; 415 V, 50Hz<\/td>\n<\/tr>\n<tr class=\"row-item\">\n<td class=\"row0\">C\u00f4ng su\u1ea5t ti\u00eau th\u1ee5 \u0111i\u1ec7n<\/td>\n<td class=\"row1\">4.67 kW<\/td>\n<\/tr>\n<tr class=\"row-item\">\n<td class=\"row0\">K\u00edch th\u01b0\u1edbc \u1ed1ng \u0111\u1ed3ng Gas (mm)<\/td>\n<td class=\"row1\">10\/16<\/td>\n<\/tr>\n<tr class=\"row-item\">\n<td class=\"row0\">Chi\u1ec1u d\u00e0i \u1ed1ng gas t\u1ed1i \u0111a (m)<\/td>\n<td class=\"row1\">50 m<\/td>\n<\/tr>\n<tr class=\"row-item\">\n<td class=\"row0\">Ch\u00eanh l\u1ec7ch \u0111\u1ed9 cao (t\u1ed1i \u0111a) (m)<\/td>\n<td class=\"row1\">30 m<\/td>\n<\/tr>\n<tr class=\"row-title\">\n<td colspan=\"2\"><strong class=\"row0\">D\u00e0n L\u1ea1nh<\/strong><\/td>\n<\/tr>\n<tr class=\"row-item\">\n<td class=\"row0\">Model d\u00e0n l\u1ea1nh<\/td>\n<td class=\"row1\">HI-CC50MT<\/td>\n<\/tr>\n<tr class=\"row-item\">\n<td class=\"row0\">K\u00edch th\u01b0\u1edbc d\u00e0n l\u1ea1nh (mm)<\/td>\n<td class=\"row1\">28.8 x 84 x 84 cm<\/td>\n<\/tr>\n<tr class=\"row-item\">\n<td class=\"row0\">Tr\u1ecdng l\u01b0\u1ee3ng d\u00e0n l\u1ea1nh (Kg)<\/td>\n<td class=\"row1\">29 Kg<\/td>\n<\/tr>\n<tr class=\"row-title\">\n<td colspan=\"2\"><strong class=\"row0\">M\u1eb7t N\u1ea1<\/strong><\/td>\n<\/tr>\n<tr class=\"row-item\">\n<td class=\"row0\">K\u00edch th\u01b0\u1edbc m\u1eb7t n\u1ea1 (mm)<\/td>\n<td class=\"row1\">5.5 x 95 x 95 cm<\/td>\n<\/tr>\n<tr class=\"row-item\">\n<td class=\"row0\">Tr\u1ecdng l\u01b0\u1ee3ng m\u1eb7t n\u1ea1 (Kg)<\/td>\n<td class=\"row1\">5.3 Kg<\/td>\n<\/tr>\n<tr class=\"row-title\">\n<td colspan=\"2\"><strong class=\"row0\">D\u00e0n N\u00f3ng<\/strong><\/td>\n<\/tr>\n<tr class=\"row-item\">\n<td class=\"row0\">Model d\u00e0n n\u00f3ng<\/td>\n<td class=\"row1\">HO-CC50MT<\/td>\n<\/tr>\n<tr class=\"row-item\">\n<td class=\"row0\">K\u00edch th\u01b0\u1edbc d\u00e0n n\u00f3ng (mm)<\/td>\n<td class=\"row1\">80.5 x 97 x 39.5 cm<\/td>\n<\/tr>\n<tr class=\"row-item\">\n<td class=\"row0\">Tr\u1ecdng l\u01b0\u1ee3ng d\u00e0n n\u00f3ng (Kg)<\/td>\n<td class=\"row1\">72 Kg<\/td>\n<\/tr>\n<\/tbody>\n<\/table>\n<\/section>\n<\/div>\n<\/aside>\n<\/section>\n","protected":false},"featured_media":1149,"comment_status":"open","ping_status":"closed","template":"","meta":{"wprm-recipe-roundup-name":"","wprm-recipe-roundup-description":""},"product_brand":[],"product_cat":[116],"product_tag":[167],"class_list":{"0":"post-1148","1":"product","2":"type-product","3":"status-publish","4":"has-post-thumbnail","6":"thuong-hieu-hikawa","7":"product_cat-may-lanh-am-tran","8":"product_tag-bao-hanh-24-thang","9":"pa_cong-nghe-mono","10":"pa_cong-suat-lam-lanh-5-0-hp","12":"first","13":"instock","14":"sale","15":"taxable","16":"shipping-taxable","17":"purchasable","18":"product-type-simple"},"_links":{"self":[{"href":"https:\/\/maylanhlamhoanglong.com\/index.php?rest_route=\/wp\/v2\/product\/1148","targetHints":{"allow":["GET"]}}],"collection":[{"href":"https:\/\/maylanhlamhoanglong.com\/index.php?rest_route=\/wp\/v2\/product"}],"about":[{"href":"https:\/\/maylanhlamhoanglong.com\/index.php?rest_route=\/wp\/v2\/types\/product"}],"replies":[{"embeddable":true,"href":"https:\/\/maylanhlamhoanglong.com\/index.php?rest_route=%2Fwp%2Fv2%2Fcomments&post=1148"}],"wp:featuredmedia":[{"embeddable":true,"href":"https:\/\/maylanhlamhoanglong.com\/index.php?rest_route=\/wp\/v2\/media\/1149"}],"wp:attachment":[{"href":"https:\/\/maylanhlamhoanglong.com\/index.php?rest_route=%2Fwp%2Fv2%2Fmedia&parent=1148"}],"wp:term":[{"taxonomy":"product_brand","embeddable":true,"href":"https:\/\/maylanhlamhoanglong.com\/index.php?rest_route=%2Fwp%2Fv2%2Fproduct_brand&post=1148"},{"taxonomy":"product_cat","embeddable":true,"href":"https:\/\/maylanhlamhoanglong.com\/index.php?rest_route=%2Fwp%2Fv2%2Fproduct_cat&post=1148"},{"taxonomy":"product_tag","embeddable":true,"href":"https:\/\/maylanhlamhoanglong.com\/index.php?rest_route=%2Fwp%2Fv2%2Fproduct_tag&post=1148"}],"curies":[{"name":"wp","href":"https:\/\/api.w.org\/{rel}","templated":true}]}}