{"id":1138,"date":"2025-03-08T11:40:47","date_gmt":"2025-03-08T04:40:47","guid":{"rendered":"https:\/\/maylanhlamhoanglong.com\/?post_type=product&#038;p=1138"},"modified":"2025-11-12T15:59:04","modified_gmt":"2025-11-12T08:59:04","slug":"may-lanh-treo-tuong-toshiba-ras-h13s4kcv2g-v-1-5-hp-1-5-ngua-inverter","status":"publish","type":"product","link":"https:\/\/maylanhlamhoanglong.com\/?product=may-lanh-treo-tuong-toshiba-ras-h13s4kcv2g-v-1-5-hp-1-5-ngua-inverter","title":{"rendered":"M\u00e1y l\u1ea1nh treo t\u01b0\u1eddng Toshiba RAS-H13S4KCV2G-V (1.5 HP &#8211; 1.5 Ng\u1ef1a) Inverter"},"content":{"rendered":"<p><strong>M\u00e1y l\u1ea1nh Toshiba inverter 1.5HP RAS-H13S4KCV2G-V model 2024<\/strong>\u00a0l\u00e0 d\u00f2ng\u00a0<em>m\u00e1y l\u1ea1nh ti\u1ebft ki\u1ec7m \u0111i\u1ec7n ti\u00eau chu\u1ea9n\u00a0<\/em>\u0111\u01b0\u1ee3c trang b\u1ecb nh\u1eefng c\u00f4ng ngh\u1ec7 v\u00e0 t\u00ednh n\u0103ng kh\u00f4ng ch\u1ec9<em>\u00a0<\/em>v\u1eadn h\u00e0nh \u00eam \u00e1i, ti\u1ebft ki\u1ec7m \u0111i\u1ec7n n\u0103ng, m\u00e0 c\u00f2n c\u00f2n\u00a0<em>ho\u1ea1t \u0111\u1ed9ng nh\u01b0 m\u1ed9t m\u00e1y l\u1ecdc kh\u00f4ng kh\u00ed t\u00e1i t\u1ea1o ngu\u1ed3n kh\u00ed s\u1ea1ch<\/em>\u00a0trong l\u00e0nh \u0111\u1ec3 b\u1ea1n ngh\u1ec9 ng\u01a1i tho\u1ea3i m\u00e1i tr\u1ecdn v\u1eb9n.<\/p>\n<p>Khi s\u1eed d\u1ee5ng\u00a0<strong>m\u00e1y l\u1ea1nh Toshiba RAS-H13S4KCV2G-V\u00a0<\/strong>ng\u01b0\u1eddi d\u00f9ng c\u00f3 th\u1ec3<strong>\u00a0<\/strong>an t\u00e2m th\u01b0 gi\u00e3n v\u1edbi v\u1edbi\u00a0<strong>b\u1ed9 ba c\u00f4ng ngh\u1ec7 \u0111\u1ed9c quy\u1ec1n<\/strong>, th\u1ea5u hi\u1ec3u m\u1ecdi nhu c\u1ea7u \u0111\u1ec3 tho\u1ea3i m\u00e1i t\u1eadn h\u01b0\u1edfng kh\u00f4ng gian m\u00e1t kh\u1ecfe:<\/p>\n<p><strong>1. C\u00f4ng ngh\u1ec7 \u0111\u1ed9c quy\u1ec1n Magic Coil<\/strong>\u00a0v\u1edbi l\u1edbp ph\u1ee7 \u0111\u1eb7c bi\u1ec7t tr\u00ean c\u1ea3 d\u00e0n n\u00f3ng v\u00e0 d\u00e0n l\u1ea1nh, t\u1ef1 \u0111\u1ed9ng cu\u1ed1n tr\u00f4i m\u1ecdi b\u1ee5i b\u1ea9n, vi khu\u1ea9n, n\u1ea5m m\u1ed1c, gi\u1eef cho m\u00e1y l\u1ea1nh:<\/p>\n<ul>\n<li>Gi\u1ea3m \u0111i\u1ec7n n\u0103ng ti\u00eau th\u1ee5.<\/li>\n<li>N\u00e2ng cao hi\u1ec7u su\u1ea5t l\u00e0m l\u1ea1nh nhanh.<\/li>\n<li>T\u1ed1i \u01b0u kh\u1ea3 n\u0103ng l\u1ecdc kh\u00ed.<\/li>\n<li>Ti\u1ebft ki\u1ec7m chi ph\u00ed v\u1ec7 sinh, b\u1ea3o tr\u00ec thi\u1ebft b\u1ecb.<\/li>\n<\/ul>\n<p><strong>2. C\u00f4ng ngh\u1ec7 tinh l\u1ecdc kh\u00f4ng kh\u00ed Ultra Fresh\u00a0<\/strong>\u0111\u01b0\u1ee3c trang b\u1ecb 2 b\u1ed9 l\u1ecdc ti\u00ean ti\u1ebfn:<\/p>\n<ul>\n<li><em>M\u00e0ng l\u1ecdc b\u1ee5i PM2.5<\/em>\u00a0c\u00f3 kh\u1ea3 n\u0103ng l\u1ecdc s\u1ea1ch b\u1ee5i b\u1ea9n m\u00e0 m\u1eaft th\u01b0\u1eddng kh\u00f4ng th\u1ec3 nh\u00ecn th\u1ea5y \u0111\u01b0\u1ee3c nh\u01b0 kh\u00f3i thu\u1ed1c, hi\u1ec7u qu\u1ea3 tr\u00ean\u00a0<em>94%<\/em>.<\/li>\n<li><em>Leuconostoc enzym<\/em>\u00a0c\u00f3 kh\u1ea3 n\u0103ng kh\u00e1ng khu\u1ea9n, kh\u00e1ng vi-r\u00fat, \u0111\u1eb7c bi\u1ec7t l\u00e0 vi-r\u00fat c\u00fam gia c\u1ea7m (H5N1), gi\u1ea3m s\u1ed1 l\u01b0\u1ee3ng vi khu\u1ea9n v\u00e0 vi-r\u00fat sinh s\u00f4i, \u1ee9c ch\u1ebf vi khu\u1ea9n l\u00ean t\u1edbi\u00a0<em>99.9%<\/em>, \u0111\u1ea3m b\u1ea3o an to\u00e0n cho s\u1ee9c kh\u1ecfe.<\/li>\n<\/ul>\n<p>3.\u00a0<strong>C\u00f4ng ngh\u1ec7 Hybrid Inverter<\/strong>\u00a0v\u1edbi b\u1ed9 \u0111i\u1ec1u khi\u1ec3n trang b\u1ecb 2 m\u00f4-\u0111un \u0111i\u1ec1u khi\u1ec3n ri\u00eang bi\u1ec7t gi\u00fap l\u00e0m l\u1ea1nh \u1ed5n \u0111\u1ecbnh, nhanh ch\u00f3ng, thi\u1ebft b\u1ecb v\u1eadn h\u00e0nh b\u1ec1n b\u1ec9, tu\u1ed5i th\u1ecd cao trong khi gi\u1ea3m \u0111i\u1ec7n n\u0103ng ti\u00eau th\u1ee5 \u0111\u00e1ng k\u1ec3 h\u1eb1ng th\u00e1ng ch\u1ec9<em>\u00a01.18 kW\/h.<\/em><\/p>\n<p><em><a class=\"img-popup\" title=\"\" href=\"https:\/\/sieuthimaylanh.com\/uploads\/product\/01_2024\/may-lanh-toshiba-inverter-1-hp-ras-h10s4kcvg-v-model-2024-cong-nghe.jpg\" rel=\"gallery\"><img decoding=\"async\" src=\"https:\/\/sieuthimaylanh.com\/uploads\/product\/01_2024\/may-lanh-toshiba-inverter-1-hp-ras-h10s4kcvg-v-model-2024-cong-nghe.jpg\" alt=\"\" \/><\/a><\/em><\/p>\n<h4>M\u1ed9t s\u1ed1 \u0111\u1eb7t \u0111i\u1ec3m n\u1ed5i b\u1eadt kh\u00e1c c\u1ee7a m\u00e1y l\u1ea1nh Toshiba inverter 1.5 HP RAS-H13S4KCV2G-V model 2024<\/h4>\n<ul>\n<li><strong>Ch\u1ebf \u0111\u1ed9 Eco<\/strong>\u00a0s\u1ebd t\u0103ng nhi\u1ec7t \u0111\u1ed9 c\u00e0i \u0111\u1eb7t 1\u00b0C sau m\u1ed7i gi\u1edd, c\u00f3 th\u1ec3 t\u0103ng t\u1ed1i \u0111a 2\u00b0C t\u1edbi khi t\u1eaft m\u00e1y, ti\u1ebft ki\u1ec7m \u0111i\u1ec7n l\u00ean \u0111\u1ebfn 25%.<\/li>\n<li><strong>Nh\u00e3n n\u0103ng l\u01b0\u1ee3ng<\/strong>:\u00a0<em>5 sao (hi\u1ec7u su\u1ea5t n\u0103ng l\u01b0\u1ee3ng 4.62).<\/em><\/li>\n<li><strong>Ch\u1ebf \u0111\u1ed9 Hi Power\u00a0<\/strong>t\u1ef1 \u0111i\u1ec1u ch\u1ec9nh lu\u1ed3ng gi\u00f3, nhanh ch\u00f3ng \u0111\u1ea1t \u0111\u01b0\u1ee3c nhi\u1ec7t \u0111\u1ed9 theo c\u00e0i \u0111\u1eb7t mong mu\u1ed1n c\u1ee7a ng\u01b0\u1eddi d\u00f9ng.<\/li>\n<li>C\u01a1 ch\u1ebf\u00a0<strong>\u0111i\u1ec1u khi\u1ec3n l\u00ean xu\u1ed1ng t\u1ef1 \u0111\u1ed9ng<\/strong>, t\u1ea1o ra lu\u1ed3ng gi\u00f3 th\u1ed5i tr\u00e0n kh\u1eafp kh\u00f4ng gian ph\u00f2ng.<\/li>\n<li><strong>B\u1ed9 l\u1ecdc ch\u1ed1ng n\u1ea5m m\u1ed1c<\/strong>\u00a0c\u00f3 kh\u1ea3 n\u0103ng l\u1ecdc b\u1ee5i b\u1ea9n, ch\u1ea5t g\u00e2y d\u1ecb \u1ee9ng. L\u01b0\u1edbi l\u1ecdc c\u00f3 th\u1ec3 d\u1ec5 d\u00e0ng th\u00e1o l\u1eafp \u0111\u1ec3 v\u1ec7 sinh.<\/li>\n<li><strong>Ch\u1ebf \u0111\u1ed9 t\u1ef1 l\u00e0m s\u1ea1ch th\u00f4ng minh\u00a0<\/strong>t\u1ef1 s\u1ea5y kh\u00f4 d\u00e0n l\u1ea1nh trong 30 ph\u00fat sau khi t\u1eaft m\u00e1y tr\u00e1nh n\u1ea5m m\u1ed1c, vi khu\u1ea9n ph\u00e1t tri\u1ec3n, sinh s\u00f4i.<\/li>\n<li><strong>Ch\u1ebf \u0111\u1ed9 ch\u1ec9 s\u1eed d\u1ee5ng qu\u1ea1t Fan Only<\/strong>\u00a0bi\u1ebfn m\u00e1y l\u1ea1nh th\u00e0nh qu\u1ea1t th\u1ed5i gi\u00f3 th\u00f4ng th\u01b0\u1eddng \u0111\u1ec3 l\u00e0m m\u00e1t thay v\u00ec l\u00e0m l\u1ea1nh.<\/li>\n<li><strong>Ch\u1ee9c n\u0103ng h\u00fat \u1ea9m<\/strong>\u00a0s\u1ebd h\u00fat \u0111\u1ed9 \u1ea9m trong kh\u00f4ng kh\u00ed ph\u00f9 h\u1ee3p cho nh\u1eefng ng\u00e0y m\u01b0a ho\u1eb7c \u0111\u1ed9 \u1ea9m cao.<\/li>\n<li><strong>C\u00f4ng su\u1ea5t l\u00e0m l\u1ea1nh 12000 Btu\/h<\/strong>\u00a0ph\u00f9 h\u1ee3p cho nh\u1eefng kh\u00f4ng gian nh\u01b0 ph\u00f2ng ng\u1ee7, ph\u00f2ng kh\u00e1ch, ph\u00f2ng h\u1ecdp nh\u1ecf,&#8230; 16 &#8211; 20m2.<\/li>\n<li><strong>H\u1eb9n gi\u1edd b\u1eadt t\u1eaft m\u00e1y<\/strong>\u00a0d\u1ec5 d\u00e0ng qu\u1ea3n l\u00fd th\u1eddi gian s\u1eed d\u1ee5ng m\u00e1y t\u00f9y theo nhu c\u1ea7u, tr\u00e1nh l\u00e3ng ph\u00ed \u0111i\u1ec7n n\u0103ng.<\/li>\n<li><strong>S\u1ea3n xu\u1ea5t t\u1ea1i\u00a0<\/strong>Th\u00e1i Lan.<\/li>\n<\/ul>\n<p><a class=\"img-popup\" title=\"\" href=\"https:\/\/sieuthimaylanh.com\/uploads\/product\/01_2024\/may-lanh-toshiba-inverter-1-hp-ras-h10s4kcvg-v-model-2024-uu-diem.jpg\" rel=\"gallery\"><img decoding=\"async\" src=\"https:\/\/sieuthimaylanh.com\/uploads\/product\/01_2024\/may-lanh-toshiba-inverter-1-hp-ras-h10s4kcvg-v-model-2024-uu-diem.jpg\" alt=\"\" \/><\/a><\/p>\n","protected":false},"excerpt":{"rendered":"<table class=\"table-digitals\">\n<tbody>\n<tr class=\"row-title\">\n<td colspan=\"2\"><strong class=\"row0\">Th\u00f4ng s\u1ed1 k\u1ef9 thu\u1eadt<\/strong><\/td>\n<\/tr>\n<tr class=\"row-item\">\n<td class=\"row0\">Xu\u1ea5t x\u1ee9<\/td>\n<td class=\"row1\">Th\u01b0\u01a1ng hi\u1ec7u: Nh\u1eadt B\u1ea3n &#8211; S\u1ea3n xu\u1ea5t t\u1ea1i: Th\u00e1i Lan<\/td>\n<\/tr>\n<tr class=\"row-item\">\n<td class=\"row0\">Lo\u1ea1i Gas l\u1ea1nh<\/td>\n<td class=\"row1\">R32<\/td>\n<\/tr>\n<tr class=\"row-item\">\n<td class=\"row0\">Lo\u1ea1i m\u00e1y<\/td>\n<td class=\"row1\">Inverter &#8211; Lo\u1ea1i 1 chi\u1ec1u (ch\u1ec9 l\u00e0m l\u1ea1nh)<\/td>\n<\/tr>\n<tr class=\"row-item\">\n<td class=\"row0\">C\u00f4ng su\u1ea5t l\u00e0m l\u1ea1nh<\/td>\n<td class=\"row1\">1.5 Hp (1.5 Ng\u1ef1a) &#8211; 12.000 Btu\/h &#8211; 3.52 kW<\/td>\n<\/tr>\n<tr class=\"row-item\">\n<td class=\"row0\">S\u1eed d\u1ee5ng cho ph\u00f2ng<\/td>\n<td class=\"row1\">Di\u1ec7n t\u00edch 16 &#8211; 20 m\u00b2 ho\u1eb7c 48 &#8211; 60 m\u00b3 kh\u00ed (th\u00edch h\u1ee3p cho ph\u00f2ng kh\u00e1ch, v\u0103n ph\u00f2ng)<\/td>\n<\/tr>\n<tr class=\"row-item\">\n<td class=\"row0\">Ngu\u1ed3n \u0111i\u1ec7n (Ph\/V\/Hz)<\/td>\n<td class=\"row1\">1 Pha, 220V, 50Hz<\/td>\n<\/tr>\n<tr class=\"row-item\">\n<td class=\"row0\">C\u00f4ng su\u1ea5t ti\u00eau th\u1ee5 \u0111i\u1ec7n<\/td>\n<td class=\"row1\">1.18 kWh<\/td>\n<\/tr>\n<tr class=\"row-item\">\n<td class=\"row0\">K\u00edch th\u01b0\u1edbc \u1ed1ng \u0111\u1ed3ng Gas (mm)<\/td>\n<td class=\"row1\">6\/10<\/td>\n<\/tr>\n<tr class=\"row-item\">\n<td class=\"row0\">Chi\u1ec1u d\u00e0i \u1ed1ng gas t\u1ed1i \u0111a (m)<\/td>\n<td class=\"row1\">15 m<\/td>\n<\/tr>\n<tr class=\"row-item\">\n<td class=\"row0\">Ch\u00eanh l\u1ec7ch \u0111\u1ed9 cao (t\u1ed1i \u0111a) (m)<\/td>\n<td class=\"row1\">12 m<\/td>\n<\/tr>\n<tr class=\"row-item\">\n<td class=\"row0\">Hi\u1ec7u su\u1ea5t n\u0103ng l\u01b0\u1ee3ng CSPF<\/td>\n<td class=\"row1\">4,62<\/td>\n<\/tr>\n<tr class=\"row-item\">\n<td class=\"row0\">Nh\u00e3n n\u0103ng l\u01b0\u1ee3ng ti\u1ebft ki\u1ec7m \u0111i\u1ec7n<\/td>\n<td class=\"row1\">5 sao<\/td>\n<\/tr>\n<tr class=\"row-title\">\n<td colspan=\"2\"><strong class=\"row0\">D\u00e0n L\u1ea1nh<\/strong><\/td>\n<\/tr>\n<tr class=\"row-item\">\n<td class=\"row0\">Model d\u00e0n l\u1ea1nh<\/td>\n<td class=\"row1\">RAS-H13S4KCV2G-V<\/td>\n<\/tr>\n<tr class=\"row-item\">\n<td class=\"row0\">K\u00edch th\u01b0\u1edbc d\u00e0n l\u1ea1nh (mm)<\/td>\n<td class=\"row1\">288 x 770 x 225 mm<\/td>\n<\/tr>\n<tr class=\"row-item\">\n<td class=\"row0\">Tr\u1ecdng l\u01b0\u1ee3ng d\u00e0n l\u1ea1nh (Kg)<\/td>\n<td class=\"row1\">9 Kg<\/td>\n<\/tr>\n<tr class=\"row-title\">\n<td colspan=\"2\"><strong class=\"row0\">D\u00e0n N\u00f3ng<\/strong><\/td>\n<\/tr>\n<tr class=\"row-item\">\n<td class=\"row0\">K\u00edch th\u01b0\u1edbc d\u00e0n n\u00f3ng (mm)<\/td>\n<td class=\"row1\">530 x 660 x 240 mm<\/td>\n<\/tr>\n<tr class=\"row-item\">\n<td class=\"row0\">Tr\u1ecdng l\u01b0\u1ee3ng d\u00e0n n\u00f3ng (Kg)<\/td>\n<td class=\"row1\">21 Kg<\/td>\n<\/tr>\n<\/tbody>\n<\/table>\n","protected":false},"featured_media":1137,"comment_status":"open","ping_status":"closed","template":"","meta":{"wprm-recipe-roundup-name":"","wprm-recipe-roundup-description":""},"product_brand":[],"product_cat":[115],"product_tag":[],"class_list":{"0":"post-1138","1":"product","2":"type-product","3":"status-publish","4":"has-post-thumbnail","6":"thuong-hieu-toshiba","7":"product_cat-may-lanh-treo-tuong","8":"pa_cong-nghe-inverter","9":"pa_cong-suat-lam-lanh-1-5-hp","11":"first","12":"instock","13":"sale","14":"taxable","15":"shipping-taxable","16":"purchasable","17":"product-type-simple"},"_links":{"self":[{"href":"https:\/\/maylanhlamhoanglong.com\/index.php?rest_route=\/wp\/v2\/product\/1138","targetHints":{"allow":["GET"]}}],"collection":[{"href":"https:\/\/maylanhlamhoanglong.com\/index.php?rest_route=\/wp\/v2\/product"}],"about":[{"href":"https:\/\/maylanhlamhoanglong.com\/index.php?rest_route=\/wp\/v2\/types\/product"}],"replies":[{"embeddable":true,"href":"https:\/\/maylanhlamhoanglong.com\/index.php?rest_route=%2Fwp%2Fv2%2Fcomments&post=1138"}],"wp:featuredmedia":[{"embeddable":true,"href":"https:\/\/maylanhlamhoanglong.com\/index.php?rest_route=\/wp\/v2\/media\/1137"}],"wp:attachment":[{"href":"https:\/\/maylanhlamhoanglong.com\/index.php?rest_route=%2Fwp%2Fv2%2Fmedia&parent=1138"}],"wp:term":[{"taxonomy":"product_brand","embeddable":true,"href":"https:\/\/maylanhlamhoanglong.com\/index.php?rest_route=%2Fwp%2Fv2%2Fproduct_brand&post=1138"},{"taxonomy":"product_cat","embeddable":true,"href":"https:\/\/maylanhlamhoanglong.com\/index.php?rest_route=%2Fwp%2Fv2%2Fproduct_cat&post=1138"},{"taxonomy":"product_tag","embeddable":true,"href":"https:\/\/maylanhlamhoanglong.com\/index.php?rest_route=%2Fwp%2Fv2%2Fproduct_tag&post=1138"}],"curies":[{"name":"wp","href":"https:\/\/api.w.org\/{rel}","templated":true}]}}