{"id":1054,"date":"2025-03-07T12:12:21","date_gmt":"2025-03-07T05:12:21","guid":{"rendered":"https:\/\/maylanhlamhoanglong.com\/?post_type=product&#038;p=1054"},"modified":"2025-03-07T12:12:21","modified_gmt":"2025-03-07T05:12:21","slug":"may-lanh-treo-tuong-panasonic-cu-cs-xpu12xkh-8-1-5-hp-1-5-ngua-inverter","status":"publish","type":"product","link":"https:\/\/maylanhlamhoanglong.com\/?product=may-lanh-treo-tuong-panasonic-cu-cs-xpu12xkh-8-1-5-hp-1-5-ngua-inverter","title":{"rendered":"M\u00e1y l\u1ea1nh treo t\u01b0\u1eddng Panasonic CU\/CS-XPU12XKH-8 (1.5 HP &#8211; 1.5 Ng\u1ef1a) Inverter"},"content":{"rendered":"<div class=\"entry-title\">M\u00f4 t\u1ea3 s\u1ea3n ph\u1ea9m<\/div>\n<div class=\"entry entry-content\">\n<div class=\"entry-desc\">\n<p><a class=\"img-popup\" title=\"may-lanh-panasonic-xpu12wkh-1-5hp-inverter-gas-r32-4\" href=\"https:\/\/sieuthimaylanh.com\/uploads\/product\/03_2020\/may-lanh-panasonic-xpu12wkh-1-5hp-inverter-gas-r32-4.jpg\" rel=\"gallery\"><img loading=\"lazy\" decoding=\"async\" src=\"https:\/\/sieuthimaylanh.com\/uploads\/product\/03_2020\/may-lanh-panasonic-xpu12wkh-1-5hp-inverter-gas-r32-4.jpg\" alt=\"may-lanh-panasonic-xpu12wkh-1-5hp-inverter-gas-r32-4\" width=\"1000\" height=\"546\" \/><\/a><\/p>\n<p>&nbsp;<\/p>\n<p><strong>Ch\u1ebf \u0111\u1ed9 Eco c\u00e2n b\u1eb1ng th\u00f4ng minh gi\u1eefa ti\u1ebft ki\u1ec7m n\u0103ng l\u01b0\u1ee3ng v\u00e0 s\u1ef1 tho\u1ea3i m\u00e1i<\/strong><\/p>\n<p>Nh\u1edd v\u00e0o ch\u1ebf \u0111\u1ed9 ECO m\u1edbi c\u1ee7a\u00a0<strong>M\u00e1y l\u1ea1nh Panasonic XPU12XKH (1.5Hp) Inverter Gas R32<\/strong>\u00a0v\u1edbi c\u00f4ng ngh\u1ec7 Tr\u00ed tu\u1ec7 nh\u00e2n t\u1ea1o (Artificial Intelligence, A.I.) Ki\u1ec3m so\u00e1t nhi\u1ec7t \u0111\u1ed9 m\u00f4i tr\u01b0\u1eddng ph\u00f2ng c\u1ee7a b\u1ea1n. Ti\u1ebft ki\u1ec7m n\u0103ng l\u01b0\u1ee3ng \u0111\u01b0\u1ee3c t\u1ed1i \u0111a h\u00f3a trong m\u1ed7i m\u00f4i tr\u01b0\u1eddng ph\u00f2ng v\u00ec n\u00f3 t\u1ef1 \u0111\u1ed9ng \u0111i\u1ec1u ch\u1ec9nh v\u1ec1 m\u1ee9c ECO t\u1ed1i \u01b0u d\u1ef1a tr\u00ean c\u00e1c \u0111i\u1ec1u ki\u1ec7n t\u1ea3i nhi\u1ec7t v\u00e0 c\u00f4ng su\u1ea5t \u0111i\u1ec1u h\u00f2a.<\/p>\n<p>&nbsp;<\/p>\n<p><a class=\"img-popup\" title=\"may-lanh-panasonic-xpu12wkh-1-5hp-inverter-gas-r32-5\" href=\"https:\/\/sieuthimaylanh.com\/uploads\/product\/03_2020\/may-lanh-panasonic-xpu12wkh-1-5hp-inverter-gas-r32-5.jpg\" rel=\"gallery\"><img loading=\"lazy\" decoding=\"async\" src=\"https:\/\/sieuthimaylanh.com\/uploads\/product\/03_2020\/may-lanh-panasonic-xpu12wkh-1-5hp-inverter-gas-r32-5.jpg\" alt=\"may-lanh-panasonic-xpu12wkh-1-5hp-inverter-gas-r32-5\" width=\"900\" height=\"572\" \/><\/a><\/p>\n<p>&nbsp;<\/p>\n<p><strong>L\u00e0m m\u00e1t nhanh v\u00e0 tr\u1ef1c ti\u1ebfp v\u1edbi lu\u1ed3ng kh\u00f4ng kh\u00ed d\u00e0i Big Flap<\/strong><\/p>\n<p>V\u1edbi c\u00e1nh l\u1edbn ph\u00eda d\u01b0\u1edbi m\u00e1y lan t\u1ecfa \u0111\u1ec1u ra kh\u1eafp ph\u00f2ng mang l\u1ea1i c\u1ea3m gi\u00e1c kh\u00f4ng qu\u00e1 l\u1ea1nh m\u1ed7i khi m\u00e1y v\u1eadn h\u00e0nh.<\/p>\n<p><strong>M\u00e1y l\u1ea1nh Panasonic XPU12XKH Inverter<\/strong>\u00a0c\u00f3 c\u00f4ng su\u1ea5t l\u00e0m l\u1ea1nh\u00a0<strong>12.000 Btu\/h<\/strong>\u00a0(Di\u1ec7n t\u00edch 16 &#8211; 20 m\u00b2 ho\u1eb7c 48 &#8211; 60 m\u00b3 kh\u00ed) v\u00e0 c\u00f4ng su\u1ea5t ti\u00eau th\u1ee5 \u0111i\u1ec7n\u00a0<strong>1.020 kW<\/strong>\u00a0t\u1ed1i \u01b0u h\u00f3a ti\u1ec1n \u0111i\u1ec7n h\u01a1n so v\u1edbi c\u00e1c d\u00f2ng kh\u00f4ng c\u00f3 Inverter.<\/p>\n<p>&nbsp;<\/p>\n<p><a class=\"img-popup\" title=\"may-lanh-panasonic-xpu12wkh-1-5hp-inverter-gas-r32-6\" href=\"https:\/\/sieuthimaylanh.com\/uploads\/product\/03_2020\/may-lanh-panasonic-xpu12wkh-1-5hp-inverter-gas-r32-6.jpg\" rel=\"gallery\"><img loading=\"lazy\" decoding=\"async\" src=\"https:\/\/sieuthimaylanh.com\/uploads\/product\/03_2020\/may-lanh-panasonic-xpu12wkh-1-5hp-inverter-gas-r32-6.jpg\" alt=\"may-lanh-panasonic-xpu12wkh-1-5hp-inverter-gas-r32-6\" width=\"900\" height=\"464\" \/><\/a><\/p>\n<p>&nbsp;<\/p>\n<p><strong>Ch\u1ebf \u0111\u1ed9 Powerful l\u00e0m l\u1ea1nh t\u1ee9c th\u00ec<\/strong><\/p>\n<p>Ch\u1ebf \u0111\u1ed9 Powerful l\u00e0m m\u00e1t ph\u00f2ng nhanh h\u01a1n 18%* t\u1eeb khi b\u1ea1n b\u1eadt \u0111i\u1ec1u h\u00f2a. T\u1eadn h\u01b0\u1edfng kh\u00f4ng kh\u00ed m\u00e1t tho\u1ea3i m\u00e1i t\u1ee9c th\u00ec, ngay c\u1ea3 v\u00e0o nh\u1eefng ng\u00e0y n\u00f3ng.<\/p>\n<p>&nbsp;<\/p>\n<p><a class=\"img-popup\" title=\"may-lanh-panasonic-xpu12wkh-1-5hp-inverter-gas-r32-7\" href=\"https:\/\/sieuthimaylanh.com\/uploads\/product\/03_2020\/may-lanh-panasonic-xpu12wkh-1-5hp-inverter-gas-r32-7.jpg\" rel=\"gallery\"><img loading=\"lazy\" decoding=\"async\" src=\"https:\/\/sieuthimaylanh.com\/uploads\/product\/03_2020\/may-lanh-panasonic-xpu12wkh-1-5hp-inverter-gas-r32-7.jpg\" alt=\"may-lanh-panasonic-xpu12wkh-1-5hp-inverter-gas-r32-7\" width=\"900\" height=\"464\" \/><\/a><\/p>\n<p>&nbsp;<\/p>\n<p><strong>C\u00f4ng ngh\u1ec7 Inverter c\u1ee7a Panasonic<\/strong><\/p>\n<p>C\u00f4ng ngh\u1ec7 Inverter c\u1ee7a\u00a0<strong>m\u00e1y l\u1ea1nh Panasonic<\/strong>\u00a0gi\u00fap gi\u1ea3m thi\u1ec3u \u0111i\u1ec7n n\u0103ng ti\u00eau th\u1ee5 b\u1eb1ng c\u00e1ch thay \u0111\u1ed5i t\u1ed1c \u0111\u1ed9 c\u1ee7a m\u00e1y n\u00e9n kh\u00ed theo s\u1ef1 thay \u0111\u1ed5i nhi\u1ec7t \u0111\u1ed9 nh\u1eb1m gi\u1ea3m thi\u1ec3u s\u1ef1 dao \u0111\u1ed9ng nhi\u1ec7t \u0111\u1ed9 \u0111\u1ec3 b\u1ea1n tho\u1ea3i m\u00e1i t\u1eadn h\u01b0\u1edfng l\u00e0n kh\u00ed m\u00e1t m\u1ebb.<\/p>\n<p>&nbsp;<\/p>\n<div class=\"embed-iframe embed-responsive embed-responsive-16by9\"><iframe loading=\"lazy\" src=\"https:\/\/www.youtube.com\/embed\/PebiEQ-A8u4?feature=emb_logo\" width=\"560\" height=\"314\" allowfullscreen=\"allowfullscreen\" data-mce-fragment=\"1\"><\/iframe><\/div>\n<p>&nbsp;<\/p>\n<p><strong>T\u1ef1 \u0111\u1ed9ng l\u1ecdc kh\u00f4ng kh\u00ed trong 24h<\/strong><\/p>\n<p>C\u00e1c h\u1ea1t nanoe\u2122X g\u1ed1c n\u01b0\u1edbc c\u00f3 th\u1ec3 l\u00e0m gi\u1ea3m m\u00f9i h\u00f4i \u0111\u1eadm v\u00e0 ng\u0103n ch\u1eb7n c\u00e1c ch\u1ea5t \u00f4 nhi\u1ec5m c\u00f3 h\u1ea1i nh\u01b0 vi khu\u1ea9n v\u00e0 vi-r\u00fat, n\u1ea5m m\u1ed1c, ch\u1ea5t g\u00e2y d\u1ecb \u1ee9ng, ph\u1ea5n hoa v\u00e0 c\u00e1c ch\u1ea5t \u0111\u1ed9c h\u1ea1i. C\u00e1c h\u1ea1t nanoe\u2122 X th\u1eadm ch\u00ed c\u00f2n c\u00f3 th\u1ec3 gi\u1eef \u1ea9m cho da v\u00e0 t\u00f3c. nanoe-G c\u00f3 c\u00e1c ion \u00e2m c\u00f3 th\u1ec3 lo\u1ea1i b\u1ecf hi\u1ec7u qu\u1ea3 c\u00e1c h\u1ea1t b\u1ee5i nh\u1ecf nh\u01b0 PM2.5.<\/p>\n<p>&nbsp;<\/p>\n<p><a class=\"img-popup\" title=\"may-lanh-panasonic-xpu12wkh-1-5hp-inverter-gas-r32-8\" href=\"https:\/\/sieuthimaylanh.com\/uploads\/product\/03_2020\/may-lanh-panasonic-xpu12wkh-1-5hp-inverter-gas-r32-8.jpg\" rel=\"gallery\"><img loading=\"lazy\" decoding=\"async\" src=\"https:\/\/sieuthimaylanh.com\/uploads\/product\/03_2020\/may-lanh-panasonic-xpu12wkh-1-5hp-inverter-gas-r32-8.jpg\" alt=\"may-lanh-panasonic-xpu12wkh-1-5hp-inverter-gas-r32-8\" width=\"900\" height=\"464\" \/><\/a><\/p>\n<p>nanoe\u2122G gi\u00fap c\u1ea3i thi\u1ec7n kh\u00f4ng kh\u00ed trong c\u0103n ph\u00f2ng, lo\u1ea1i b\u1ecf c\u00e1c h\u1ea1t b\u1ee5i (PM2.5) \u0111i v\u00e0o nh\u00e0 theo c\u00e1c v\u1ecb kh\u00e1ch.<\/p>\n<p>&nbsp;<\/p>\n<p><a class=\"img-popup\" title=\"may-lanh-panasonic-xpu12wkh-1-5hp-inverter-gas-r32-9\" href=\"https:\/\/sieuthimaylanh.com\/uploads\/product\/03_2020\/may-lanh-panasonic-xpu12wkh-1-5hp-inverter-gas-r32-9.jpg\" rel=\"gallery\"><img loading=\"lazy\" decoding=\"async\" src=\"https:\/\/sieuthimaylanh.com\/uploads\/product\/03_2020\/may-lanh-panasonic-xpu12wkh-1-5hp-inverter-gas-r32-9.jpg\" alt=\"may-lanh-panasonic-xpu12wkh-1-5hp-inverter-gas-r32-9\" width=\"900\" height=\"464\" \/><\/a><\/p>\n<\/div>\n<\/div>\n","protected":false},"excerpt":{"rendered":"<table class=\"table-digitals\">\n<tbody>\n<tr class=\"row-title\">\n<td colspan=\"2\"><strong class=\"row0\">Th\u00f4ng s\u1ed1 k\u1ef9 thu\u1eadt<\/strong><\/td>\n<\/tr>\n<tr class=\"row-item\">\n<td class=\"row0\">Xu\u1ea5t x\u1ee9<\/td>\n<td class=\"row1\">Th\u01b0\u01a1ng hi\u1ec7u: Nh\u1eadt &#8211; S\u1ea3n xu\u1ea5t t\u1ea1i: Malaysia<\/td>\n<\/tr>\n<tr class=\"row-item\">\n<td class=\"row0\">Lo\u1ea1i Gas l\u1ea1nh<\/td>\n<td class=\"row1\">R32<\/td>\n<\/tr>\n<tr class=\"row-item\">\n<td class=\"row0\">Lo\u1ea1i m\u00e1y<\/td>\n<td class=\"row1\">Inverter (ti\u1ebft ki\u1ec7m \u0111i\u1ec7n) &#8211; Lo\u1ea1i 1 chi\u1ec1u (ch\u1ec9 l\u00e0m l\u1ea1nh)<\/td>\n<\/tr>\n<tr class=\"row-item\">\n<td class=\"row0\">C\u00f4ng su\u1ea5t l\u00e0m l\u1ea1nh<\/td>\n<td class=\"row1\">1.5 Hp (1.5 Ng\u1ef1a) &#8211; 12.000 Btu\/h<\/td>\n<\/tr>\n<tr class=\"row-item\">\n<td class=\"row0\">S\u1eed d\u1ee5ng cho ph\u00f2ng<\/td>\n<td class=\"row1\">Di\u1ec7n t\u00edch 16 &#8211; 20 m\u00b2 ho\u1eb7c 48 &#8211; 60 m\u00b3 kh\u00ed (th\u00edch h\u1ee3p cho ph\u00f2ng kh\u00e1ch, v\u0103n ph\u00f2ng)<\/td>\n<\/tr>\n<tr class=\"row-item\">\n<td class=\"row0\">Ngu\u1ed3n \u0111i\u1ec7n (Ph\/V\/Hz)<\/td>\n<td class=\"row1\">1 Pha, 220 &#8211; 240 V, 50Hz<\/td>\n<\/tr>\n<tr class=\"row-item\">\n<td class=\"row0\">C\u00f4ng su\u1ea5t ti\u00eau th\u1ee5 \u0111i\u1ec7n<\/td>\n<td class=\"row1\">1.020 kW<\/td>\n<\/tr>\n<tr class=\"row-item\">\n<td class=\"row0\">K\u00edch th\u01b0\u1edbc \u1ed1ng \u0111\u1ed3ng Gas (mm)<\/td>\n<td class=\"row1\">6.32 \/ 9.52<\/td>\n<\/tr>\n<tr class=\"row-item\">\n<td class=\"row0\">Chi\u1ec1u d\u00e0i \u1ed1ng gas t\u1ed1i \u0111a (m)<\/td>\n<td class=\"row1\">20 (m)<\/td>\n<\/tr>\n<tr class=\"row-item\">\n<td class=\"row0\">Ch\u00eanh l\u1ec7ch \u0111\u1ed9 cao (t\u1ed1i \u0111a) (m)<\/td>\n<td class=\"row1\">15 (m)<\/td>\n<\/tr>\n<tr class=\"row-item\">\n<td class=\"row0\">Hi\u1ec7u su\u1ea5t n\u0103ng l\u01b0\u1ee3ng CSPF<\/td>\n<td class=\"row1\">4.97<\/td>\n<\/tr>\n<tr class=\"row-item\">\n<td class=\"row0\">Nh\u00e3n n\u0103ng l\u01b0\u1ee3ng ti\u1ebft ki\u1ec7m \u0111i\u1ec7n<\/td>\n<td class=\"row1\">5 sao<\/td>\n<\/tr>\n<tr class=\"row-title\">\n<td colspan=\"2\"><strong class=\"row0\">D\u00e0n L\u1ea1nh<\/strong><\/td>\n<\/tr>\n<tr class=\"row-item\">\n<td class=\"row0\">Model d\u00e0n l\u1ea1nh<\/td>\n<td class=\"row1\">CS-XPU12XKH-8<\/td>\n<\/tr>\n<tr class=\"row-item\">\n<td class=\"row0\">K\u00edch th\u01b0\u1edbc d\u00e0n l\u1ea1nh (mm)<\/td>\n<td class=\"row1\">290 x 799 x 197 (mm)<\/td>\n<\/tr>\n<tr class=\"row-item\">\n<td class=\"row0\">Tr\u1ecdng l\u01b0\u1ee3ng d\u00e0n l\u1ea1nh (Kg)<\/td>\n<td class=\"row1\">8 (Kg)<\/td>\n<\/tr>\n<tr class=\"row-title\">\n<td colspan=\"2\"><strong class=\"row0\">D\u00e0n N\u00f3ng<\/strong><\/td>\n<\/tr>\n<tr class=\"row-item\">\n<td class=\"row0\">Model d\u00e0n n\u00f3ng<\/td>\n<td class=\"row1\">CU-XPU12XKH-8<\/td>\n<\/tr>\n<tr class=\"row-item\">\n<td class=\"row0\">K\u00edch th\u01b0\u1edbc d\u00e0n n\u00f3ng (mm)<\/td>\n<td class=\"row1\">542 x 780 x 289 (mm)<\/td>\n<\/tr>\n<tr class=\"row-item\">\n<td class=\"row0\">Tr\u1ecdng l\u01b0\u1ee3ng d\u00e0n n\u00f3ng (Kg)<\/td>\n<td class=\"row1\">28 (Kg)<\/td>\n<\/tr>\n<\/tbody>\n<\/table>\n","protected":false},"featured_media":1052,"comment_status":"open","ping_status":"closed","template":"","meta":{"wprm-recipe-roundup-name":"","wprm-recipe-roundup-description":""},"product_brand":[],"product_cat":[115],"product_tag":[],"class_list":{"0":"post-1054","1":"product","2":"type-product","3":"status-publish","4":"has-post-thumbnail","6":"thuong-hieu-panasonic","7":"product_cat-may-lanh-treo-tuong","8":"pa_cong-nghe-inverter","9":"pa_cong-suat-lam-lanh-1-5-hp","11":"first","12":"instock","13":"sale","14":"taxable","15":"shipping-taxable","16":"purchasable","17":"product-type-simple"},"_links":{"self":[{"href":"https:\/\/maylanhlamhoanglong.com\/index.php?rest_route=\/wp\/v2\/product\/1054","targetHints":{"allow":["GET"]}}],"collection":[{"href":"https:\/\/maylanhlamhoanglong.com\/index.php?rest_route=\/wp\/v2\/product"}],"about":[{"href":"https:\/\/maylanhlamhoanglong.com\/index.php?rest_route=\/wp\/v2\/types\/product"}],"replies":[{"embeddable":true,"href":"https:\/\/maylanhlamhoanglong.com\/index.php?rest_route=%2Fwp%2Fv2%2Fcomments&post=1054"}],"wp:featuredmedia":[{"embeddable":true,"href":"https:\/\/maylanhlamhoanglong.com\/index.php?rest_route=\/wp\/v2\/media\/1052"}],"wp:attachment":[{"href":"https:\/\/maylanhlamhoanglong.com\/index.php?rest_route=%2Fwp%2Fv2%2Fmedia&parent=1054"}],"wp:term":[{"taxonomy":"product_brand","embeddable":true,"href":"https:\/\/maylanhlamhoanglong.com\/index.php?rest_route=%2Fwp%2Fv2%2Fproduct_brand&post=1054"},{"taxonomy":"product_cat","embeddable":true,"href":"https:\/\/maylanhlamhoanglong.com\/index.php?rest_route=%2Fwp%2Fv2%2Fproduct_cat&post=1054"},{"taxonomy":"product_tag","embeddable":true,"href":"https:\/\/maylanhlamhoanglong.com\/index.php?rest_route=%2Fwp%2Fv2%2Fproduct_tag&post=1054"}],"curies":[{"name":"wp","href":"https:\/\/api.w.org\/{rel}","templated":true}]}}