{"id":1044,"date":"2025-03-07T11:36:32","date_gmt":"2025-03-07T04:36:32","guid":{"rendered":"https:\/\/maylanhlamhoanglong.com\/?post_type=product&#038;p=1044"},"modified":"2025-03-07T11:36:54","modified_gmt":"2025-03-07T04:36:54","slug":"may-lanh-treo-tuong-reetech-rt24-df-bt-2-5-hp-2-5-ngua","status":"publish","type":"product","link":"https:\/\/maylanhlamhoanglong.com\/?product=may-lanh-treo-tuong-reetech-rt24-df-bt-2-5-hp-2-5-ngua","title":{"rendered":"M\u00e1y l\u1ea1nh treo t\u01b0\u1eddng Reetech RT24-DF-BT (2.5 HP &#8211; 2.5 Ng\u1ef1a)"},"content":{"rendered":"<h2 id=\"Thi\u1ebft_k\u1ebf\">Thi\u1ebft k\u1ebf<\/h2>\n<p><strong>M\u00e1y l\u1ea1nh treo t\u01b0\u1eddng Reetech RT24-DF-BT (2.5 HP &#8211; 2.5 Ng\u1ef1a)\u00a0<\/strong>s\u1edf h\u1eefu thi\u1ebft k\u1ebf nh\u1ecf g\u1ecdn, v\u1edbi s\u1eafc m\u00e0u tr\u1eafng tinh t\u1ebf ph\u00f9 h\u1ee3p v\u1edbi m\u1ecdi kh\u00f4ng gian \u0111\u1eb7t c\u0169ng nh\u01b0 thu\u1eadn ti\u1ec7n cho vi\u1ec7c l\u1eafp \u0111\u1eb7t, v\u1eadn chuy\u1ec3n. Ngo\u00e0i ra, m\u1eb7t tr\u01b0\u1edbc c\u1ee7a m\u00e1y t\u00edch h\u1ee3p m\u00e0n h\u00ecnh hi\u1ec3n th\u1ecb nhi\u1ec7t \u0111\u1ed9, gi\u00fap cho ng\u01b0\u1eddi d\u00f9ng d\u1ec5 d\u00e0ng quan s\u00e1t v\u00e0o ban \u0111\u00eam v\u00e0 thu\u1eadn ti\u1ec7n \u0111i\u1ec1u ch\u1ec9nh nhi\u1ec7t \u0111\u1ed9 th\u00edch h\u1ee3p.<\/p>\n<p><strong>M\u00e1y l\u1ea1nh Reetech RT24-DF-BT\u00a0<\/strong>c\u00f3\u00a0<strong>c\u00f4ng su\u1ea5t 2.5Hp &#8211; 24.000 BTU &#8211; 7.03 kW<\/strong>\u00a0s\u1ebd l\u00e0 s\u1ef1 l\u1ef1a ch\u1ecdn ph\u00f9 h\u1ee3p cho c\u00e1c kh\u00f4ng gian nh\u1ecf c\u00f3 di\u1ec7n t\u00edch\u00a0<strong>31 &#8211; 35<\/strong><strong>\u00a0m2\u00a0<\/strong>nh\u01b0 ph\u00f2ng ng\u1ee7, ph\u00f2ng l\u00e0m vi\u1ec7c, ph\u00f2ng kh\u00e1ch&#8230;<\/p>\n<p><a class=\"img-popup\" title=\"\" href=\"https:\/\/sieuthimaylanh.com\/uploads\/product\/11_2022\/thiet-ke-may-lanh-reetech-2-5hp-rt24-df-bt-model-2022.jpg\" rel=\"gallery\"><img decoding=\"async\" src=\"https:\/\/sieuthimaylanh.com\/uploads\/product\/11_2022\/thiet-ke-may-lanh-reetech-2-5hp-rt24-df-bt-model-2022.jpg\" alt=\"\" \/><\/a><\/p>\n<h2 id=\"Ch\u1ebf_\u0111\u1ed9_l\u00e0m_l\u1ea1nh_nhanh_Turbo\">Ch\u1ebf \u0111\u1ed9 l\u00e0m l\u1ea1nh nhanh Turbo<\/h2>\n<p>V\u1edbi\u00a0<strong>t\u00ednh n\u0103ng l\u00e0m l\u1ea1nh nhanh Turbo<\/strong>\u00a0tr\u00ean\u00a0<strong>m\u00e1y l\u1ea1nh Reetech RT24-DF-BT\u00a0<\/strong>gi\u00fap m\u00e1y l\u1ea1nh ho\u1ea1t \u0111\u1ed9ng t\u1ed1i \u0111a c\u00f4ng su\u1ea5t ngay l\u1eadp t\u1ee9c, l\u00e0m l\u1ea1nh \u0111\u1ebfn m\u1ee9c nhi\u1ec7t c\u00e0i \u0111\u1eb7t nhanh ch\u00f3ng, ng\u01b0\u1eddi d\u00f9ng s\u1ebd c\u1ea3m nh\u1eadn nhanh \u0111\u01b0\u1ee3c lu\u1ed3ng gi\u00f3 m\u00e1t l\u1ea1nh ch\u1ec9 trong th\u1eddi gian ng\u1eafn.<\/p>\n<p><a class=\"img-popup\" title=\"\" href=\"https:\/\/sieuthimaylanh.com\/uploads\/product\/11_2022\/lam-lanh-nhanh-may-lanh-reetech-1-0hp-rt9-df-bt-model-2022.jpg\" rel=\"gallery\"><img decoding=\"async\" src=\"https:\/\/sieuthimaylanh.com\/uploads\/product\/11_2022\/lam-lanh-nhanh-may-lanh-reetech-1-0hp-rt9-df-bt-model-2022.jpg\" alt=\"\" \/><\/a><\/p>\n<h2 id=\"T\u00ednh_n\u0103ng_anti-fungus_-_T\u00ednh_n\u0103ng_Health\">T\u00ednh n\u0103ng anti-fungus &#8211; T\u00ednh n\u0103ng Health<\/h2>\n<p><strong>M\u00e1y l\u1ea1nh Reetech RT24-DF-BT<\/strong>\u00a0c\u00f2n \u0111\u01b0\u1ee3c\u00a0<strong>t\u00edch h\u1ee3p t\u00ednh n\u0103ng anti-fungus\u00a0<\/strong>l\u00e0 ch\u1ee9c n\u0103ng ch\u1ed1ng n\u1ea5m m\u1ed1c, kh\u00f4ng ch\u1ec9 mang \u0111\u1ebfn lu\u1ed3n kh\u00f4ng kh\u00ed m\u00e1t l\u1ea1nh cho gia \u0111\u00ecnh b\u1ea1n m\u00e0 c\u00f2n ch\u1ed1ng m\u1ed1c hi\u1ec7u qu\u1ea3, ph\u00f9 h\u1ee3p cho nh\u1eefng ai b\u1ecb b\u1ec7nh v\u1ec1 \u0111\u01b0\u1eddng h\u00f4 h\u1ea5p.<\/p>\n<p>Ngo\u00e0i ra<strong>,<\/strong>\u00a0m\u00e1y l\u1ea1nh c\u00f2n s\u1edf h\u1eefu<strong>\u00a0t\u00ednh n\u0103ng Health,\u00a0<\/strong>\u0111\u00e2y l\u00e0 m\u1ed9t trong nh\u1eefng ch\u1ebf \u0111\u1ed9 \u0111\u1eb7c bi\u1ec7t c\u1ee7a m\u00e1y c\u00f3 kh\u1ea3 n\u0103ng kh\u1eed m\u00f9i v\u00e0 l\u00e0m s\u1ea1ch kh\u00f4ng kh\u00ed mang \u0111\u1ebfn kh\u00f4ng gian trong l\u00e0nh cho b\u1ea1n.<\/p>\n<p><a class=\"img-popup\" title=\"\" href=\"https:\/\/sieuthimaylanh.com\/uploads\/product\/11_2022\/tinh-nang-health-may-lanh-reetech-1-0hp-rt9-df-bt-model-2022.jpg\" rel=\"gallery\"><img decoding=\"async\" src=\"https:\/\/sieuthimaylanh.com\/uploads\/product\/11_2022\/tinh-nang-health-may-lanh-reetech-1-0hp-rt9-df-bt-model-2022.jpg\" alt=\"\" \/><\/a><\/p>\n<h2 id=\"T\u1ef1_\u0111\u1ed9ng_l\u00e0m_s\u1ea1ch_d\u00e0n_l\u1ea1nh\">T\u1ef1 \u0111\u1ed9ng l\u00e0m s\u1ea1ch d\u00e0n l\u1ea1nh<\/h2>\n<p>Nhi\u1ec1u ng\u01b0\u1eddi d\u00f9ng khi s\u1eed d\u1ee5ng m\u00e1y l\u1ea1nh th\u01b0\u1eddng qu\u00ean \u0111i vi\u1ec7c b\u1ea3o d\u01b0\u1ee1ng v\u00e0 v\u1ec7 sinh m\u00e1y l\u1ea1nh \u0111\u1ecbnh k\u1ef3, \u0111i\u1ec1u n\u00e0y khi\u1ebfn m\u00e1y ho\u1ea1t \u0111\u1ed9ng y\u1ebfu d\u1ea7n v\u00e0 \u1ea3nh h\u01b0\u1edfng \u0111\u1ebfn \u0111\u1ed9 b\u1ec1n b\u1ec9 c\u1ee7a m\u00e1y. Nh\u01b0ng v\u1edbi\u00a0<strong>m\u00e1y l\u1ea1nh Reetech RT24-DF-BT<\/strong>\u00a0b\u1ea1n ch\u1ec9 c\u1ea7n<strong>\u00a0nh\u1ea5n n\u00fat iClean tr\u00ean Remote<\/strong>, ngay l\u1eadp t\u1ee9c m\u00e1y l\u1ea1nh s\u1ebd t\u1ef1 \u0111\u1ed9ng l\u00e0m s\u1ea1ch d\u00e0n l\u1ea1nh, gi\u00fap cho ch\u1ea5t l\u01b0\u1ee3ng kh\u00f4ng kh\u00ed \u0111\u01b0\u1ee3c \u0111\u1ea3m b\u1ea3o v\u00e0 gia t\u0103ng cao kh\u1ea3 n\u0103ng ti\u1ebft ki\u1ec7m \u0111i\u1ec7n n\u0103ng.<\/p>\n<p><a class=\"img-popup\" title=\"\" href=\"https:\/\/sieuthimaylanh.com\/uploads\/product\/11_2022\/tu-lam-sach-may-lanh-reetech-1-0hp-rt9-df-bt-model-2022.jpg\" rel=\"gallery\"><img decoding=\"async\" src=\"https:\/\/sieuthimaylanh.com\/uploads\/product\/11_2022\/tu-lam-sach-may-lanh-reetech-1-0hp-rt9-df-bt-model-2022.jpg\" alt=\"\" \/><\/a><\/p>\n","protected":false},"excerpt":{"rendered":"<p>Thi\u1ebft k\u1ebf M\u00e1y l\u1ea1nh treo t\u01b0\u1eddng Reetech RT24-DF-BT (2.5 HP &#8211; 2.5 Ng\u1ef1a)\u00a0s\u1edf h\u1eefu thi\u1ebft k\u1ebf nh\u1ecf g\u1ecdn, v\u1edbi s\u1eafc m\u00e0u tr\u1eafng tinh t\u1ebf ph\u00f9 h\u1ee3p v\u1edbi m\u1ecdi kh\u00f4ng gian \u0111\u1eb7t c\u0169ng nh\u01b0 thu\u1eadn ti\u1ec7n cho vi\u1ec7c l\u1eafp \u0111\u1eb7t, v\u1eadn chuy\u1ec3n. Ngo\u00e0i ra, m\u1eb7t tr\u01b0\u1edbc c\u1ee7a m\u00e1y t\u00edch h\u1ee3p m\u00e0n h\u00ecnh hi\u1ec3n th\u1ecb nhi\u1ec7t \u0111\u1ed9,&#8230;<\/p>\n","protected":false},"featured_media":1041,"comment_status":"open","ping_status":"closed","template":"","meta":{"wprm-recipe-roundup-name":"","wprm-recipe-roundup-description":""},"product_brand":[],"product_cat":[115],"product_tag":[],"class_list":{"0":"post-1044","1":"product","2":"type-product","3":"status-publish","4":"has-post-thumbnail","6":"thuong-hieu-reetech","7":"product_cat-may-lanh-treo-tuong","8":"pa_cong-nghe-mono","9":"pa_cong-suat-lam-lanh-2-5-hp","11":"first","12":"instock","13":"sale","14":"taxable","15":"shipping-taxable","16":"purchasable","17":"product-type-simple"},"_links":{"self":[{"href":"https:\/\/maylanhlamhoanglong.com\/index.php?rest_route=\/wp\/v2\/product\/1044","targetHints":{"allow":["GET"]}}],"collection":[{"href":"https:\/\/maylanhlamhoanglong.com\/index.php?rest_route=\/wp\/v2\/product"}],"about":[{"href":"https:\/\/maylanhlamhoanglong.com\/index.php?rest_route=\/wp\/v2\/types\/product"}],"replies":[{"embeddable":true,"href":"https:\/\/maylanhlamhoanglong.com\/index.php?rest_route=%2Fwp%2Fv2%2Fcomments&post=1044"}],"wp:featuredmedia":[{"embeddable":true,"href":"https:\/\/maylanhlamhoanglong.com\/index.php?rest_route=\/wp\/v2\/media\/1041"}],"wp:attachment":[{"href":"https:\/\/maylanhlamhoanglong.com\/index.php?rest_route=%2Fwp%2Fv2%2Fmedia&parent=1044"}],"wp:term":[{"taxonomy":"product_brand","embeddable":true,"href":"https:\/\/maylanhlamhoanglong.com\/index.php?rest_route=%2Fwp%2Fv2%2Fproduct_brand&post=1044"},{"taxonomy":"product_cat","embeddable":true,"href":"https:\/\/maylanhlamhoanglong.com\/index.php?rest_route=%2Fwp%2Fv2%2Fproduct_cat&post=1044"},{"taxonomy":"product_tag","embeddable":true,"href":"https:\/\/maylanhlamhoanglong.com\/index.php?rest_route=%2Fwp%2Fv2%2Fproduct_tag&post=1044"}],"curies":[{"name":"wp","href":"https:\/\/api.w.org\/{rel}","templated":true}]}}