{"id":1035,"date":"2025-03-07T11:07:55","date_gmt":"2025-03-07T04:07:55","guid":{"rendered":"https:\/\/maylanhlamhoanglong.com\/?post_type=product&#038;p=1035"},"modified":"2025-03-07T11:39:45","modified_gmt":"2025-03-07T04:39:45","slug":"may-lanh-airwell-aw-18id-inverter-2hp","status":"publish","type":"product","link":"https:\/\/maylanhlamhoanglong.com\/?product=may-lanh-airwell-aw-18id-inverter-2hp","title":{"rendered":"M\u00e1y l\u1ea1nh AIRWELL AW-18ID Inverter 2Hp"},"content":{"rendered":"<ul>\n<li><\/li>\n<li>\n<section id=\"box-desc\" class=\"box-entry box-desc widget\">\n<div class=\"entry-title\">M\u00f4 t\u1ea3 s\u1ea3n ph\u1ea9m<\/div>\n<div class=\"entry entry-content\">\n<div class=\"entry-desc\">\n<p>M\u00e1y l\u1ea1nh d\u00e2n d\u1ee5ng Airwell inverter (1 chi\u1ec1u l\u1ea1nh) AW-18ID mang \u0111\u1ebfn tr\u1ea3i nghi\u1ec7m t\u1ed1t nh\u1ea5t cho ng\u01b0\u1eddi ti\u00eau d\u00f9ng b\u1eb1ng vi\u1ec7c cung c\u1ea5p m\u1ed9t gi\u1ea3i ph\u00e1p kh\u00f4ng kh\u00ed kh\u00f4ng ch\u1ec9 th\u00e2n thi\u1ec7n v\u1edbi m\u00f4i tr\u01b0\u1eddng m\u00e0 c\u00f2n t\u1eadp trung mang \u0111\u1ebfn nh\u1eefng c\u00f4ng ngh\u1ec7 \u01b0u vi\u1ec7t \u0111\u00e1p \u1ee9ng nhu c\u1ea7u th\u1ef1c s\u1ef1 c\u1ee7a ng\u01b0\u1eddi ti\u00eau d\u00f9ng.<\/p>\n<p>C\u00f4ng su\u1ea5t l\u00e0m l\u1ea1nh 18,357 Btu\/h linh ho\u1ea1t trong thi\u1ebft k\u1ebf thanh l\u1ecbch ph\u00f9 h\u1ee3p m\u1ecdi kh\u00f4ng gian n\u1ed9i th\u1ea5t, l\u1eafp \u0111\u1eb7t kh\u00f4ng gian l\u1edbp h\u1ecdc &#8211; v\u0103n ph\u00f2ng t\u1eeb nh\u1ecf \u0111\u1ebfn v\u1eeba ho\u1eb7c ph\u00f9 h\u1ee3p nhi\u1ec1u di\u1ec7n t\u00edch ph\u00f2ng trong c\u0103n h\u1ed9, c\u00f3 di\u1ec7n t\u00edch d\u01b0\u1edbi 30m2<\/p>\n<p><a class=\"img-popup\" title=\"\" href=\"https:\/\/sieuthimaylanh.com\/uploads\/product\/09_2024\/phoi_canh_may_lanh_treo_tuong_airwell_inverter.jpg\" rel=\"gallery\"><img decoding=\"async\" src=\"https:\/\/sieuthimaylanh.com\/uploads\/product\/09_2024\/phoi_canh_may_lanh_treo_tuong_airwell_inverter.jpg\" alt=\"\" \/><\/a><\/p>\n<p><strong>C\u00f4ng ngh\u1ec7 inverter th\u1ebf h\u1ec7 m\u1edbi<\/strong><br \/>\n\u0110\u1ea1t m\u1ee9c nh\u00e3n n\u0103ng l\u01b0\u1ee3ng 5 sao, m\u00e1y l\u1ea1nh Airwell inverter AW-18ID c\u00f3 ch\u1ec9 s\u1ed1 \u0111\u1ea1t chu\u1ea9n 4.76. Kh\u00f4ng ch\u1ec9 \u0111em l\u1ea1i s\u1ef1 tho\u1ea3i m\u00e1i v\u00e0 ti\u1ec7n nghi cho ng\u01b0\u1eddi d\u00f9ng m\u00e0 c\u00f2n t\u1ed1i \u01b0u h\u00f3a \u0111\u01a1n ti\u1ec1n \u0111i\u1ec7n lu\u00f4n th\u1ea5p h\u01a1n h\u01a1n c\u00e1c lo\u1ea1i m\u00e1y th\u00f4ng th\u01b0\u1eddng.<\/p>\n<p>\u0110\u1ed3ng th\u1eddi, c\u1ea3i ti\u1ebfn \u0111\u1ed9 \u1ed3n d\u00e0n n\u00f3ng v\u00e0 d\u00e0n l\u1ea1nh gi\u00fap m\u00e1y ho\u1ea1t \u0111\u1ed9ng \u00eam \u00e1i, duy tr\u00ec nhi\u1ec7t \u0111\u1ed9 \u1ed5n \u0111\u1ecbnh v\u00e0 \u0111\u1ea1t c\u00f4ng su\u1ea5t t\u1ed1i \u01b0u.<\/p>\n<p>L\u1ee3i \u00edch c\u1ee7a c\u00f4ng ngh\u1ec7 inverter:<br \/>\n&#8211; L\u00e0m l\u1ea1nh nhanh ch\u00f3ng.<\/p>\n<p>&#8211; Hi\u1ec7u su\u1ea5t s\u1eed d\u1ee5ng t\u1ed1i \u01b0u.<\/p>\n<p>&nbsp;<\/p>\n<p><a class=\"img-popup\" title=\"\" href=\"https:\/\/sieuthimaylanh.com\/uploads\/product\/09_2024\/cong_nghe_inverter_tao_khong_khi_lanh_de_chiu_tiet_kiem_dien_toi_da.jpg\" rel=\"gallery\"><img decoding=\"async\" src=\"https:\/\/sieuthimaylanh.com\/uploads\/product\/09_2024\/cong_nghe_inverter_tao_khong_khi_lanh_de_chiu_tiet_kiem_dien_toi_da.jpg\" alt=\"\" \/><\/a><\/p>\n<p>&nbsp;<\/p>\n<p><strong>H\u1ec7 th\u1ed1ng l\u1ecdc k\u00e9p tr\u00ean m\u00e1y l\u1ea1nh Airwell<\/strong><br \/>\nNgo\u00e0i c\u00f4ng ngh\u1ec7 inverter, m\u00e1y l\u1ea1nh Airwell inverter AW-18ID c\u00f2n \u0111\u01b0\u1ee3c trang b\u1ecb b\u1ed9 l\u01b0\u1edbi l\u1ecdc m\u1edbi, gi\u00fap gia t\u0103ng kh\u1ea3 n\u0103ng l\u1ecdc b\u1ee5i v\u00e0 kh\u1eed m\u00f9i. B\u1ed9 l\u1ecdc k\u00e9p n\u00e0y g\u1ed3m 2 l\u1edbp, bao g\u1ed3m:<\/p>\n<p>B\u1ed9 l\u1ecdc Vitamin C gi\u1ea3i ph\u00f3ng c\u00e1c vitamin C v\u00e0 \u201cb\u1eaft\u201d c\u00e1c h\u1ea1t b\u1ee5i nh\u1ecf, kh\u00f3i v\u00e0 l\u00f4ng th\u00fa, h\u1ea1n ch\u1ebf c\u00e1c ph\u1ea3n \u1ee9ng d\u1ecb \u1ee9ng.<br \/>\nB\u1ed9 l\u1ecdc than ho\u1ea1t t\u00ednh c\u00f3 kh\u1ea3 n\u0103ng h\u1ea5p th\u1ee5 m\u00f9i v\u00e0 h\u00fat \u1ea9m 1 c\u00e1ch t\u1ef1 nhi\u00ean, ng\u0103n c\u1ea3n kh\u00f4ng kh\u00ed \u0111\u1ed9c v\u00e0o ph\u00f2ng t\u1ed1t h\u01a1n l\u1ecdc th\u01b0\u1eddng.<br \/>\n\u01afu \u0111i\u1ec3m c\u1ee7a h\u1ec7 th\u1ed1ng l\u1ecdc k\u00e9p:<br \/>\n&#8211; L\u1ecdc b\u1ee5i, kh\u00e1ng khu\u1ea9n, kh\u1eed m\u00f9i.<\/p>\n<p>&#8211; Lo\u1ea1i b\u1ecf vi khu\u1ea9n v\u00e0 di\u1ec7t n\u1ea5m m\u1ed1c.<\/p>\n<p>&#8211; C\u1ea3i thi\u1ec7n l\u00e0n da v\u00e0 tr\u1ea3 l\u1ea1i b\u1ea7u kh\u00f4ng kh\u00ed trong l\u00e0nh.<\/p>\n<p><a class=\"img-popup\" title=\"\" href=\"https:\/\/sieuthimaylanh.com\/uploads\/product\/09_2024\/he_thong_loc_kep_may_lanh_airwell.jpg\" rel=\"gallery\"><img decoding=\"async\" src=\"https:\/\/sieuthimaylanh.com\/uploads\/product\/09_2024\/he_thong_loc_kep_may_lanh_airwell.jpg\" alt=\"\" \/><\/a><\/p>\n<p><strong>C\u00f4ng ngh\u1ec7 \u0111\u1ea3o gi\u00f3 3D<\/strong><br \/>\nC\u00e1nh \u0111\u1ea3o gi\u00f3 c\u1ee7a m\u00e1y l\u1ea1nh Airwell inverter AW-18ID c\u00f3 th\u1ec3 t\u1ef1 \u0111\u1ed9ng di chuy\u1ec3n l\u00ean, xu\u1ed1ng, tr\u00e1i, ph\u1ea3i v\u1edbi g\u00f3c c\u00e1nh qu\u1ea1t m\u1edf r\u1ed9ng 60 \u0111\u1ed9 l\u00ean xu\u1ed1ng v\u00e0 80 \u0111\u1ed9 tr\u00e1i ph\u1ea3i, gi\u00fap:<\/p>\n<p>&#8211; L\u01b0u th\u00f4ng kh\u00f4ng kh\u00ed t\u1ed1i \u01b0u, m\u1edf r\u1ed9ng v\u00f9ng kh\u00f4ng gian l\u00e0m m\u00e1t \u0111\u1ec3 b\u1ea1n c\u00f3 c\u1ea3m gi\u00e1c th\u01b0 th\u00e1i t\u1ed1i \u0111a.<\/p>\n<p>&#8211; Lu\u1ed3ng gi\u00f3 th\u1ed5i xa \u0111\u1ebfn 12m.<\/p>\n<p>&#8211; T\u0103ng hi\u1ec7u su\u1ea5t l\u00e0m l\u1ea1nh, tr\u00e1nh th\u1ed5i gi\u00f3 tr\u1ef1c ti\u1ebfp v\u00e0o ng\u01b0\u1eddi.<\/p>\n<p><strong>D\u00e0n t\u1ea3n nhi\u1ec7t m\u1ea1 v\u00e0ng<\/strong><br \/>\nD\u00e0n trao \u0111\u1ed5i nhi\u1ec7t c\u1ee7a m\u00e1y l\u1ea1nh Airwell inverter AW-18ID s\u1eed d\u1ee5ng 100% \u1ed1ng \u0111\u1ed3ng v\u1edbi l\u1edbp ph\u1ee7 m\u1ea1 v\u00e0ng \u0111\u1ed9c \u0111\u00e1o c\u00f3 kh\u1ea3 n\u0103ng:<\/p>\n<p>&#8211; Ch\u1ed1ng oxy h\u00f3a v\u00e0 ch\u1ed1ng \u0103n m\u00f2n cao, ph\u00f9 h\u1ee3p v\u1edbi nhi\u1ec1u \u0111i\u1ec1u ki\u1ec7n m\u00f4i tr\u01b0\u1eddng kh\u00e1c nhau.<\/p>\n<p>&#8211; \u0110\u1ed9 b\u1ec1n cao, hi\u1ec7u su\u1ea5t l\u00e0m vi\u1ec7c \u1ed5n \u0111\u1ecbnh v\u00e0 cho hi\u1ec7u qu\u1ea3 v\u1eadn h\u00e0nh v\u01b0\u1ee3t tr\u1ed9i.<\/p>\n<p>&#8211; \u0110\u1ea9y l\u00f9i s\u1ef1 sinh s\u00f4i c\u1ee7a vi khu\u1ea9n v\u00e0 l\u00e0m t\u0103ng hi\u1ec7u n\u0103ng trao \u0111\u1ed5i nhi\u1ec7t c\u0169ng nh\u01b0 tu\u1ed5i th\u1ecd c\u1ee7a s\u1ea3n ph\u1ea9m.<\/p>\n<p><a class=\"img-popup\" title=\"\" href=\"https:\/\/sieuthimaylanh.com\/uploads\/product\/09_2024\/dan_nong_son_ma_chong_an_mon_may_lanh_airwell.jpg\" rel=\"gallery\"><img decoding=\"async\" src=\"https:\/\/sieuthimaylanh.com\/uploads\/product\/09_2024\/dan_nong_son_ma_chong_an_mon_may_lanh_airwell.jpg\" alt=\"\" \/><\/a><\/p>\n<p><strong>Nh\u1eefng t\u00ednh n\u0103ng n\u1ed5i b\u1eadt kh\u00e1c<\/strong><br \/>\n&#8211; C\u1ea3m bi\u1ebfn I FEEL: C\u00f3 kh\u1ea3 n\u0103ng c\u1ea3m bi\u1ebfn ch\u00ednh x\u00e1c v\u1ecb tr\u00ed c\u1ee7a b\u1ea1n trong ph\u00f2ng, t\u1eeb \u0111\u00f3 t\u1ef1 \u0111\u1ed9ng \u0111i\u1ec1u ch\u1ec9nh t\u0103ng\/gi\u1ea3m nhi\u1ec7t \u0111\u1ed9 \u0111\u1ec3 cung c\u1ea5p nhi\u1ec7t \u0111\u1ed9 c\u00e0i \u0111\u1eb7t ch\u00ednh x\u00e1c nh\u1ea5t cho ng\u01b0\u1eddi d\u00f9ng.<\/p>\n<p>&#8211; Ch\u1ebf \u0111\u1ed9 ban \u0111\u00eam: Gi\u00fap c\u00e2n b\u1eb1ng nhi\u1ec7t \u0111\u1ed9 gi\u1eefa m\u00f4i tr\u01b0\u1eddng b\u00ean ngo\u00e0i v\u00e0 nhi\u1ec7t \u0111\u1ed9 c\u01a1 th\u1ec3, t\u1ef1 \u0111\u1ed9ng t\u0103ng nhi\u1ec7t \u0111\u1ed9 v\u00e0 duy tr\u00ec nhi\u1ec7t \u0111\u1ed9 th\u00edch h\u1ee3p su\u1ed1t c\u1ea3 \u0111\u00eam, gi\u1ea3m thi\u1ec3u t\u00ecnh tr\u1ea1ng l\u1ea1nh bu\u1ed1t khi n\u1eb1m ng\u1ee7 trong ph\u00f2ng m\u00e1y l\u1ea1nh, nh\u1edd \u0111\u00f3 mang l\u1ea1i c\u1ea3m gi\u00e1c tho\u1ea3i m\u00e1i cho ng\u01b0\u1eddi d\u00f9ng.<\/p>\n<p>&#8211; Ch\u1ebf \u0111\u1ed9 Super quite (Si\u00eau y\u00ean t\u0129nh): C\u00f3 kh\u1ea3 n\u0103ng \u0111i\u1ec1u ch\u1ec9nh t\u1ed1c \u0111\u1ed9 c\u1ee7a \u0111\u1ed9ng c\u01a1 xu\u1ed1ng m\u1ee9c th\u1ea5p nh\u1ea5t \u0111\u1ec3 gi\u1ea3m ti\u1ebfng \u1ed3n ph\u00e1t ra khi \u0111i\u1ec1u h\u00f2a ho\u1ea1t \u0111\u1ed9ng.<\/p>\n<p>&#8211; H\u1eb9n gi\u1edd b\u1eadt t\u1eaft m\u00e1y: ng\u01b0\u1eddi d\u00f9ng kh\u00f4ng c\u1ea7n t\u1ec9nh gi\u1ea5c n\u1eeda \u0111\u00eam \u0111\u1ec3 \u0111i\u1ec1u ch\u1ec9nh l\u1ea1i m\u1ee9c nhi\u1ec7t \u0111\u1ed9, tr\u00e1nh t\u00ecnh tr\u1ea1ng gi\u1ea5c ng\u1ee7 c\u1ee7a b\u1ea1n b\u1ecb gi\u00e1n \u0111o\u1ea1n.<\/p>\n<p>&#8211; T\u1ef1 kh\u1edfi \u0111\u1ed9ng l\u1ea1i khi c\u00f3 \u0111i\u1ec7n: m\u00e1y s\u1ebd t\u1ef1 \u0111\u1ed9ng l\u01b0u l\u1ea1i c\u00e0i \u0111\u1eb7t c\u1ee7a b\u1ea1n khi g\u1eb7p s\u1ef1 c\u1ed1 m\u1ea5t \u0111i\u1ec7n, sau \u0111\u00f3 s\u1ebd t\u1ef1 kh\u00f4i ph\u1ee5c l\u1ea1i khi c\u00f3 \u0111i\u1ec7n tr\u1edf l\u1ea1i.<\/p>\n<p>&#8211; Ch\u1ee9c n\u0103ng kh\u00f3a \u0111i\u1ec1u khi\u1ec3n: \u0110\u00e2y l\u00e0 1 ch\u1ee9c n\u0103ng h\u1eefu \u00edch, gi\u00fap ng\u01b0\u1eddi s\u1eed d\u1ee5ng c\u00f3 th\u1ec3 ki\u1ec3m so\u00e1t \u0111\u01b0\u1ee3c s\u1ef1 ngh\u1ecbch ng\u1ee3m, ph\u00e1 ph\u00e1ch c\u1ee7a tr\u1ebb em trong qu\u00e1 tr\u00ecnh s\u1eed d\u1ee5ng m\u00e1y l\u1ea1nh.<\/p>\n<p><a class=\"img-popup\" title=\"\" href=\"https:\/\/sieuthimaylanh.com\/uploads\/product\/09_2024\/tinh_nang_may_lanh_airwell.jpg\" rel=\"gallery\"><img decoding=\"async\" src=\"https:\/\/sieuthimaylanh.com\/uploads\/product\/09_2024\/tinh_nang_may_lanh_airwell.jpg\" alt=\"\" \/><\/a><\/p>\n<p><strong>D\u00e0n n\u00f3ng &amp; \u0110i\u1ec1u khi\u1ec3n t\u1eeb xa m\u00e1y l\u1ea1nh treo t\u01b0\u1eddng Airwell th\u1ebf h\u1ec7 m\u1edbi.<\/strong><\/p>\n<p><a class=\"img-popup\" title=\"\" href=\"https:\/\/sieuthimaylanh.com\/uploads\/product\/09_2024\/remote_may_lanh_airwell_inverter.jpg\" rel=\"gallery\"><img decoding=\"async\" src=\"https:\/\/sieuthimaylanh.com\/uploads\/product\/09_2024\/remote_may_lanh_airwell_inverter.jpg\" alt=\"\" \/><\/a><\/p>\n<p><strong>Th\u00f4ng s\u1ed1 k\u1ef9 thu\u1eadt m\u00e1y l\u1ea1nh airwell treo t\u01b0\u1eddng inverter<\/strong><\/p>\n<p><a class=\"img-popup\" title=\"\" href=\"https:\/\/sieuthimaylanh.com\/uploads\/product\/09_2024\/thong_so_ky_thuat_may_lanh_airwell_treo_tuong_inverter.jpg\" rel=\"gallery\"><img decoding=\"async\" src=\"https:\/\/sieuthimaylanh.com\/uploads\/product\/09_2024\/thong_so_ky_thuat_may_lanh_airwell_treo_tuong_inverter.jpg\" alt=\"\" \/><\/a><\/p>\n<\/div>\n<\/div>\n<\/section>\n<div id=\"ws-box-reviews\" class=\"ws-box-reviews\"><\/div>\n<\/li>\n<\/ul>\n","protected":false},"excerpt":{"rendered":"<ul>\n<li>Model s\u1ea3n ph\u1ea9m: AW-18ID-1\/AW-18OD-1<\/li>\n<li>C\u00f4ng su\u1ea5t 2Hp ph\u00f9 h\u1ee3p ph\u00f2ng d\u01b0\u1edbi 30m2<\/li>\n<li>C\u00f4ng ngh\u1ec7<strong>\u00a0inverter\u00a0<\/strong>th\u1ebf h\u1ec7 m\u1edbi.<\/li>\n<li>L\u00e0m m\u00e1t nhanh, \u0111\u1ec1u kh\u1eafp ph\u00f2ng.<\/li>\n<li>Ho\u1ea1t \u0111\u1ed9ng b\u1ec1n b\u1ec9, ti\u1ebft ki\u1ec7m \u0111i\u1ec7n n\u0103ng.<\/li>\n<li>Ch\u1ebf \u0111\u1ed9 Ng\u1ee7 Ngon cho gi\u1ea5c ng\u1ee7 s\u00e2u, s\u1ea3ng kho\u00e1i.<\/li>\n<li>S\u1ea3n xu\u1ea5t ti\u00eau chu\u1ea9n ch\u1ea5t l\u01b0\u1ee3ng cao t\u1ea1i Th\u00e1i Lan.<\/li>\n<li>\n<table class=\"table-digitals\">\n<tbody>\n<tr class=\"row-title\">\n<td colspan=\"2\"><strong class=\"row0\">Th\u00f4ng s\u1ed1 k\u1ef9 thu\u1eadt<\/strong><\/td>\n<\/tr>\n<tr class=\"row-item\">\n<td class=\"row0\">Xu\u1ea5t x\u1ee9<\/td>\n<td class=\"row1\">Th\u00e1i Lan<\/td>\n<\/tr>\n<tr class=\"row-item\">\n<td class=\"row0\">Lo\u1ea1i Gas l\u1ea1nh<\/td>\n<td class=\"row1\">R32<\/td>\n<\/tr>\n<tr class=\"row-item\">\n<td class=\"row0\">Lo\u1ea1i m\u00e1y<\/td>\n<td class=\"row1\">Inverter<\/td>\n<\/tr>\n<tr class=\"row-item\">\n<td class=\"row0\">C\u00f4ng su\u1ea5t l\u00e0m l\u1ea1nh<\/td>\n<td class=\"row1\">2Hp (2 Ng\u1ef1a) &#8211; 18.357 Btu\/h<\/td>\n<\/tr>\n<tr class=\"row-item\">\n<td class=\"row0\">S\u1eed d\u1ee5ng cho ph\u00f2ng<\/td>\n<td class=\"row1\">D\u01b0\u1edbi 30m2<\/td>\n<\/tr>\n<tr class=\"row-item\">\n<td class=\"row0\">Ngu\u1ed3n \u0111i\u1ec7n (Ph\/V\/Hz)<\/td>\n<td class=\"row1\">1 Pha, 220 V, 50Hz<\/td>\n<\/tr>\n<tr class=\"row-item\">\n<td class=\"row0\">K\u00edch th\u01b0\u1edbc \u1ed1ng \u0111\u1ed3ng Gas (mm)<\/td>\n<td class=\"row1\">06\/12<\/td>\n<\/tr>\n<tr class=\"row-item\">\n<td class=\"row0\">Hi\u1ec7u su\u1ea5t n\u0103ng l\u01b0\u1ee3ng CSPF<\/td>\n<td class=\"row1\">4.76<\/td>\n<\/tr>\n<tr class=\"row-item\">\n<td class=\"row0\">Nh\u00e3n n\u0103ng l\u01b0\u1ee3ng ti\u1ebft ki\u1ec7m \u0111i\u1ec7n<\/td>\n<td class=\"row1\">5 Sao<\/td>\n<\/tr>\n<tr class=\"row-title\">\n<td colspan=\"2\"><strong class=\"row0\">D\u00e0n L\u1ea1nh<\/strong><\/td>\n<\/tr>\n<tr class=\"row-item\">\n<td class=\"row0\">Model d\u00e0n l\u1ea1nh<\/td>\n<td class=\"row1\">AW-18ID-1<\/td>\n<\/tr>\n<tr class=\"row-item\">\n<td class=\"row0\">K\u00edch th\u01b0\u1edbc d\u00e0n l\u1ea1nh (mm)<\/td>\n<td class=\"row1\">957x302x213 mm<\/td>\n<\/tr>\n<tr class=\"row-item\">\n<td class=\"row0\">Tr\u1ecdng l\u01b0\u1ee3ng d\u00e0n l\u1ea1nh (Kg)<\/td>\n<td class=\"row1\">10.85 kg<\/td>\n<\/tr>\n<tr class=\"row-title\">\n<td colspan=\"2\"><strong class=\"row0\">D\u00e0n N\u00f3ng<\/strong><\/td>\n<\/tr>\n<tr class=\"row-item\">\n<td class=\"row0\">Model d\u00e0n n\u00f3ng<\/td>\n<td class=\"row1\">AW-18OD-1<\/td>\n<\/tr>\n<tr class=\"row-item\">\n<td class=\"row0\">K\u00edch th\u01b0\u1edbc d\u00e0n n\u00f3ng (mm)<\/td>\n<td class=\"row1\">765x555x303 mm<\/td>\n<\/tr>\n<tr class=\"row-item\">\n<td class=\"row0\">Tr\u1ecdng l\u01b0\u1ee3ng d\u00e0n n\u00f3ng (Kg)<\/td>\n<td class=\"row1\">27.2 kg<\/td>\n<\/tr>\n<\/tbody>\n<\/table>\n<\/li>\n<\/ul>\n","protected":false},"featured_media":1045,"comment_status":"open","ping_status":"closed","template":"","meta":{"wprm-recipe-roundup-name":"","wprm-recipe-roundup-description":""},"product_brand":[],"product_cat":[115],"product_tag":[],"class_list":{"0":"post-1035","1":"product","2":"type-product","3":"status-publish","4":"has-post-thumbnail","6":"thuong-hieu-airwell","7":"product_cat-may-lanh-treo-tuong","8":"pa_cong-nghe-inverter","9":"pa_cong-suat-lam-lanh-2-0-hp","11":"first","12":"instock","13":"sale","14":"taxable","15":"shipping-taxable","16":"purchasable","17":"product-type-simple"},"_links":{"self":[{"href":"https:\/\/maylanhlamhoanglong.com\/index.php?rest_route=\/wp\/v2\/product\/1035","targetHints":{"allow":["GET"]}}],"collection":[{"href":"https:\/\/maylanhlamhoanglong.com\/index.php?rest_route=\/wp\/v2\/product"}],"about":[{"href":"https:\/\/maylanhlamhoanglong.com\/index.php?rest_route=\/wp\/v2\/types\/product"}],"replies":[{"embeddable":true,"href":"https:\/\/maylanhlamhoanglong.com\/index.php?rest_route=%2Fwp%2Fv2%2Fcomments&post=1035"}],"wp:featuredmedia":[{"embeddable":true,"href":"https:\/\/maylanhlamhoanglong.com\/index.php?rest_route=\/wp\/v2\/media\/1045"}],"wp:attachment":[{"href":"https:\/\/maylanhlamhoanglong.com\/index.php?rest_route=%2Fwp%2Fv2%2Fmedia&parent=1035"}],"wp:term":[{"taxonomy":"product_brand","embeddable":true,"href":"https:\/\/maylanhlamhoanglong.com\/index.php?rest_route=%2Fwp%2Fv2%2Fproduct_brand&post=1035"},{"taxonomy":"product_cat","embeddable":true,"href":"https:\/\/maylanhlamhoanglong.com\/index.php?rest_route=%2Fwp%2Fv2%2Fproduct_cat&post=1035"},{"taxonomy":"product_tag","embeddable":true,"href":"https:\/\/maylanhlamhoanglong.com\/index.php?rest_route=%2Fwp%2Fv2%2Fproduct_tag&post=1035"}],"curies":[{"name":"wp","href":"https:\/\/api.w.org\/{rel}","templated":true}]}}