{"id":1021,"date":"2025-03-07T10:35:41","date_gmt":"2025-03-07T03:35:41","guid":{"rendered":"https:\/\/maylanhlamhoanglong.com\/?post_type=product&#038;p=1021"},"modified":"2025-03-11T16:41:19","modified_gmt":"2025-03-11T09:41:19","slug":"may-lanh-1hp-9000btu-hikawa-mono-hi-nc10m-ho-nc10m","status":"publish","type":"product","link":"https:\/\/maylanhlamhoanglong.com\/?product=may-lanh-1hp-9000btu-hikawa-mono-hi-nc10m-ho-nc10m","title":{"rendered":"M\u00e1y l\u1ea1nh 1HP (9000Btu) HIKAWA Mono HI-NC10M\/HO-NC10M"},"content":{"rendered":"<p><strong>M\u00e1y l\u1ea1nh 1HP (9000Btu) HIKAWA Mono HI-NC10M\/HO-NC10M<\/strong>\u00a0s\u1edf h\u1eefu thi\u1ebft k\u1ebf \u0111\u1eb9p, tinh g\u1ecdn \u00edt chi\u1ebfm nhi\u1ec1u di\u1ec7n t\u00edch kh\u00f4ng ch\u1ec9 mang \u0111\u1ebfn t\u00ednh th\u1ea9m m\u1ef9 cho kh\u00f4ng gian m\u00e0 c\u00f2n ph\u00e2n ph\u1ed1i kh\u00f4ng kh\u00ed \u0111\u1ec1u v\u00e0 s\u1eed d\u1ee5ng kh\u00f4ng gian hi\u1ec7u qu\u1ea3.<\/p>\n<p>V\u1edbi\u00a0<strong>c\u00f4ng su\u1ea5t 9.000 BTU,\u00a0<\/strong>linh ho\u1ea1t trong thi\u1ebft k\u1ebf v\u00e0 l\u1eafp \u0111\u1eb7t, ph\u00f9 h\u1ee3p v\u1edbi kh\u00f4ng gian l\u1edbp h\u1ecdc ho\u1eb7c v\u0103n ph\u00f2ng t\u1eeb nh\u1ecf \u0111\u1ebfn v\u1eeba.<\/p>\n<p><a class=\"img-popup\" title=\"\" href=\"https:\/\/sieuthimaylanh.com\/uploads\/product\/12_2023\/may-lanh-1hp-9000btu-hikawa-mono-hi-nc10m-ho-nc10m-thiet-ke.jpg\" rel=\"gallery\"><img decoding=\"async\" src=\"https:\/\/sieuthimaylanh.com\/uploads\/product\/12_2023\/may-lanh-1hp-9000btu-hikawa-mono-hi-nc10m-ho-nc10m-thiet-ke.jpg\" alt=\"\" \/><\/a><\/p>\n<h2 id=\"C\u00f4ng_ngh\u1ec7_&amp;_t\u00ednh_n\u0103ng_m\u00e1y_l\u1ea1nh_1HP_HIKAWA_Mono_HI-NC10M\/HO-NC10M\">C\u00f4ng ngh\u1ec7 &amp; t\u00ednh n\u0103ng m\u00e1y l\u1ea1nh 1HP HIKAWA Mono HI-NC10M\/HO-NC10M<\/h2>\n<table class=\"table_responsive\" border=\"1\" cellspacing=\"0\" cellpadding=\"10\">\n<thead>\n<tr>\n<td><strong>C\u00f4ng ngh\u1ec7 \u0111\u1ea3o gi\u00f3 3D<\/strong><\/td>\n<td><strong>Ch\u1ebf \u0111\u1ed9 Turbo<\/strong><\/td>\n<td><strong>H\u1ec7 th\u1ed1ng l\u1ecdc k\u00e9p<\/strong><\/td>\n<td><strong>Ch\u1ebf \u0111\u1ed9 Sleep<\/strong><\/td>\n<td><strong>C\u00f4ng ngh\u1ec7 Golden Fin<\/strong><\/td>\n<\/tr>\n<\/thead>\n<tbody>\n<tr>\n<td><strong>T\u1ef1 \u0111\u1ed9ng h\u01b0\u1edbng lu\u1ed3ng gi\u00f3 di chuy\u1ec3n theo c\u1ea3 chi\u1ec1u ngang v\u00e0 chi\u1ec1u d\u1ecdc<\/strong>, \u0111\u1ec1u kh\u1eafp m\u1ecdi ng\u00f3c ng\u00e1ch c\u1ee7a c\u0103n ph\u00f2ng.<\/td>\n<td><strong>L\u00e0m l\u1ea1nh nhanh ch\u00f3ng ch\u1ec9 trong 30 gi\u00e2y<\/strong>, \u0111\u1ea1t \u0111\u01b0\u1ee3c nhi\u1ec7t \u0111\u1ed9 mong mu\u1ed1n nhanh ch\u00f3ng, \u0111\u1ea3m b\u1ea3o duy tr\u00ec nhi\u1ec7t \u0111\u1ed9 l\u00fd t\u01b0\u1edfng b\u1ea5t k\u1ec3 th\u1eddi ti\u1ebft.<\/td>\n<td><strong>Vi l\u1ecdc kh\u00e1ng khu\u1ea9n 6 l\u1edbp l\u00e0m s\u1ea1ch ph\u1ea5n hoa l\u00ean \u0111\u1ebfn 80%<\/strong>,\u00a0<strong>ch\u1ed1ng b\u1ee5i th\u00eam 50%<\/strong>, gi\u1ea3m thi\u1ec3u s\u1ef1 l\u00e2y lan c\u1ee7a c\u00e1c vi khu\u1ea9n c\u00f3 h\u1ea1i v\u00e0 virus trong kh\u00f4ng gian c\u0103n ph\u00f2ng.<\/td>\n<td><strong>Duy tr\u00ec nhi\u1ec7t \u0111\u1ed9 ph\u00f2ng \u1ed5n \u0111\u1ecbnh<\/strong>\u00a0\u0111\u1ec3 b\u1ea3o v\u1ec7 gi\u1ea5c ng\u1ee7.<\/td>\n<td><strong>D\u00e0n t\u1ea3n nhi\u1ec7t ch\u1ed1ng \u0103n m\u00f2n v\u1edbi l\u1edbp ph\u1ee7 m\u1ea1 v\u00e0ng \u0111\u1ed9c \u0111\u00e1o<\/strong>, ch\u1ed1ng l\u1ea1i m\u00f4i tr\u01b0\u1eddng kh\u1eafc nghi\u1ec7t nh\u01b0 m\u01b0a v\u00e0 kh\u00f4ng kh\u00ed m\u1eb7n, ng\u0103n ch\u1eb7n s\u1ef1 ph\u00e1t tri\u1ec3n c\u1ee7a vi khu\u1ea9n, t\u0103ng hi\u1ec7u su\u1ea5t nhi\u1ec7t v\u00e0 s\u1ef1 b\u1ec1n b\u1ec9.<\/td>\n<\/tr>\n<\/tbody>\n<\/table>\n<p>&nbsp;<\/p>\n<p><a class=\"img-popup\" title=\"\" href=\"https:\/\/sieuthimaylanh.com\/uploads\/product\/12_2023\/may-lanh-1hp-9000btu-hikawa-mono-hi-nc10m-ho-nc10m-cong-nghe.jpg\" rel=\"gallery\"><img decoding=\"async\" src=\"https:\/\/sieuthimaylanh.com\/uploads\/product\/12_2023\/may-lanh-1hp-9000btu-hikawa-mono-hi-nc10m-ho-nc10m-cong-nghe.jpg\" alt=\"\" \/><\/a><\/p>\n<h2 id=\"Nh\u1eefng_\u01b0u_\u0111i\u1ec3m_n\u1ed5i_b\u1eadt_kh\u00e1c_c\u1ee7a_m\u00e1y_l\u1ea1nh_1HP_HIKAWA_Mono_HI-NC10M\/HO-NC10M\">Nh\u1eefng \u01b0u \u0111i\u1ec3m n\u1ed5i b\u1eadt kh\u00e1c c\u1ee7a m\u00e1y l\u1ea1nh 1HP HIKAWA Mono HI-NC10M\/HO-NC10M<\/h2>\n<p>&#8211;\u00a0<strong>M\u00e1y n\u00e9n \u0111\u01b0\u1ee3c bao b\u1ecdc b\u1edfi l\u1edbp c\u00e1ch \u00e2m d\u00e0y 7mm<\/strong>, gi\u00fap m\u00e1y c\u00f3 th\u1ec3 \u0111\u1ea1t \u0111\u1ed9 \u1ed3n \u1edf m\u1ee9c th\u1ea5p nh\u1ea5t l\u00e0 41 dB.<\/p>\n<p>&#8211;\u00a0<strong>\u1ed0ng d\u1eabn nhi\u1ec7t\u00a0<\/strong>\u0111\u01b0\u1ee3c c\u1ea3i ti\u1ebfn\u00a0<em>t\u0103ng hi\u1ec7u su\u1ea5t truy\u1ec1n nhi\u1ec7t l\u00ean \u0111\u1ebfn 7,3%<\/em>. Gi\u1ea3m thi\u1ec3u hao m\u00f2n n\u0103ng l\u01b0\u1ee3ng trong qu\u00e1 tr\u00ecnh truy\u1ec1n nhi\u1ec7t c\u1ee7a m\u00e1y.<\/p>\n<p>&#8211;\u00a0<strong>C\u00e1nh qu\u1ea1t<\/strong>\u00a0v\u00e0\u00a0<strong>\u0111\u01b0\u1eddng d\u1eabn kh\u00ed<\/strong>\u00a0\u0111\u01b0\u1ee3c t\u1ed1i \u01b0u ho\u00e1,<strong>\u00a0<\/strong>hi\u1ec7u qu\u1ea3 ch\u1ed1ng l\u1ea1i l\u1ef1c c\u1ea3n c\u1ee7a kh\u00f4ng kh\u00ed &amp; gi\u1ea3m ti\u1ebfng \u1ed3n, v\u00e0 gi\u1ea3m\u00a0<strong>m\u1ee9c ti\u00eau th\u1ee5 n\u0103ng l\u01b0\u1ee3ng \u00edt h\u01a1n 30%<\/strong>.<\/p>\n<p>&#8211;\u00a0<strong>Thi\u1ebft k\u1ebf \u1ed1ng d\u1eabn nhi\u1ec7t\u00a0<\/strong>t\u1ed1i \u01b0u ho\u00e1 k\u1ebft h\u1ee3p v\u1edbi t\u1ed1c \u0111\u1ed9 qu\u1ea1t t\u0103ng \u00e1p mang l\u1ea1i\u00a0<strong>lu\u1ed3ng gi\u00f3 m\u1ea1nh h\u01a1n \u1edf t\u1ed1c \u0111\u1ed9 \u2265 0,3m\/s, th\u1ed5i xa l\u00ean \u0111\u1ebfn 12m.<\/strong><\/p>\n<p>&#8211;\u00a0<strong>H\u1ed9p \u0111i\u1ec1u khi\u1ec3n \u0111i\u1ec7n s\u1eed<\/strong>\u00a0d\u1ee5ng v\u1eadt li\u1ec7u ABS c\u00f3 \u0111\u1ecbnh m\u1ee9c ch\u1ed1ng ch\u00e1y 5VA v\u00e0 b\u1ec1 m\u1eb7t ngo\u00e0i \u0111\u01b0\u1ee3c ph\u1ee7 b\u1eb1ng t\u1ea5m kim lo\u1ea1i gi\u00fap c\u00e1ch ly h\u1ed9p \u0111i\u1ec1u khi\u1ec3n \u0111i\u1ec7n v\u1edbi l\u1eeda.<\/p>\n<p><a class=\"img-popup\" title=\"\" href=\"https:\/\/sieuthimaylanh.com\/uploads\/product\/12_2023\/may-lanh-1hp-9000btu-hikawa-mono-hi-nc10m-ho-nc10m-uu-diem.jpg\" rel=\"gallery\"><img decoding=\"async\" src=\"https:\/\/sieuthimaylanh.com\/uploads\/product\/12_2023\/may-lanh-1hp-9000btu-hikawa-mono-hi-nc10m-ho-nc10m-uu-diem.jpg\" alt=\"\" \/><\/a><\/p>\n","protected":false},"excerpt":{"rendered":"<table class=\"table-digitals\">\n<tbody>\n<tr class=\"row-title\">\n<td colspan=\"2\"><strong class=\"row0\">Th\u00f4ng s\u1ed1 k\u1ef9 thu\u1eadt<\/strong><\/td>\n<\/tr>\n<tr class=\"row-item\">\n<td class=\"row0\">Xu\u1ea5t x\u1ee9<\/td>\n<td class=\"row1\">S\u1ea3n xu\u1ea5t t\u1ea1i: Th\u00e1i Lan<\/td>\n<\/tr>\n<tr class=\"row-item\">\n<td class=\"row0\">Lo\u1ea1i Gas l\u1ea1nh<\/td>\n<td class=\"row1\">R32<\/td>\n<\/tr>\n<tr class=\"row-item\">\n<td class=\"row0\">Lo\u1ea1i m\u00e1y<\/td>\n<td class=\"row1\">Mono &#8211; Lo\u1ea1i 1 chi\u1ec1u l\u1ea1nh (ch\u1ec9 l\u00e0m l\u1ea1nh)<\/td>\n<\/tr>\n<tr class=\"row-item\">\n<td class=\"row0\">C\u00f4ng su\u1ea5t l\u00e0m l\u1ea1nh<\/td>\n<td class=\"row1\">1.0 Hp (1.0 Ng\u1ef1a) &#8211; 9.000 Btu\/h<\/td>\n<\/tr>\n<tr class=\"row-item\">\n<td class=\"row0\">S\u1eed d\u1ee5ng cho ph\u00f2ng<\/td>\n<td class=\"row1\">Di\u1ec7n t\u00edch 12 &#8211; 15 m\u00b2 ho\u1eb7c 36 &#8211; 45 m\u00b3 kh\u00ed (th\u00edch h\u1ee3p cho ph\u00f2ng kh\u00e1ch, v\u0103n ph\u00f2ng)<\/td>\n<\/tr>\n<tr class=\"row-item\">\n<td class=\"row0\">Ngu\u1ed3n \u0111i\u1ec7n (Ph\/V\/Hz)<\/td>\n<td class=\"row1\">1 Pha, 220 &#8211; 240 V, 50Hz<\/td>\n<\/tr>\n<tr class=\"row-item\">\n<td class=\"row0\">C\u00f4ng su\u1ea5t ti\u00eau th\u1ee5 \u0111i\u1ec7n<\/td>\n<td class=\"row1\">0.765 kW<\/td>\n<\/tr>\n<tr class=\"row-item\">\n<td class=\"row0\">K\u00edch th\u01b0\u1edbc \u1ed1ng \u0111\u1ed3ng Gas (mm)<\/td>\n<td class=\"row1\">6\/10<\/td>\n<\/tr>\n<tr class=\"row-item\">\n<td class=\"row0\">Chi\u1ec1u d\u00e0i \u1ed1ng gas t\u1ed1i \u0111a (m)<\/td>\n<td class=\"row1\">20 m<\/td>\n<\/tr>\n<tr class=\"row-item\">\n<td class=\"row0\">Ch\u00eanh l\u1ec7ch \u0111\u1ed9 cao (t\u1ed1i \u0111a) (m)<\/td>\n<td class=\"row1\">8 m<\/td>\n<\/tr>\n<tr class=\"row-title\">\n<td colspan=\"2\"><strong class=\"row0\">D\u00e0n L\u1ea1nh<\/strong><\/td>\n<\/tr>\n<tr class=\"row-item\">\n<td class=\"row0\">Model d\u00e0n l\u1ea1nh<\/td>\n<td class=\"row1\">HI-NC10M<\/td>\n<\/tr>\n<tr class=\"row-item\">\n<td class=\"row0\">K\u00edch th\u01b0\u1edbc d\u00e0n l\u1ea1nh (mm)<\/td>\n<td class=\"row1\">28.5 x 80.5 x 19.4 cm<\/td>\n<\/tr>\n<tr class=\"row-item\">\n<td class=\"row0\">Tr\u1ecdng l\u01b0\u1ee3ng d\u00e0n l\u1ea1nh (Kg)<\/td>\n<td class=\"row1\">8.3 Kg<\/td>\n<\/tr>\n<tr class=\"row-title\">\n<td colspan=\"2\"><strong class=\"row0\">D\u00e0n N\u00f3ng<\/strong><\/td>\n<\/tr>\n<tr class=\"row-item\">\n<td class=\"row0\">Model d\u00e0n n\u00f3ng<\/td>\n<td class=\"row1\">HO-NC10M<\/td>\n<\/tr>\n<tr class=\"row-item\">\n<td class=\"row0\">K\u00edch th\u01b0\u1edbc d\u00e0n n\u00f3ng (mm)<\/td>\n<td class=\"row1\">49.5 x 72 x 27 cm<\/td>\n<\/tr>\n<tr class=\"row-item\">\n<td class=\"row0\">Tr\u1ecdng l\u01b0\u1ee3ng d\u00e0n n\u00f3ng (Kg)<\/td>\n<td class=\"row1\">23.1 Kg<\/td>\n<\/tr>\n<\/tbody>\n<\/table>\n","protected":false},"featured_media":1317,"comment_status":"open","ping_status":"closed","template":"","meta":{"wprm-recipe-roundup-name":"","wprm-recipe-roundup-description":""},"product_brand":[],"product_cat":[115],"product_tag":[167],"class_list":{"0":"post-1021","1":"product","2":"type-product","3":"status-publish","4":"has-post-thumbnail","6":"thuong-hieu-hikawa","7":"product_cat-may-lanh-treo-tuong","8":"product_tag-bao-hanh-24-thang","9":"pa_cong-nghe-mono","10":"pa_cong-suat-lam-lanh-1-hp","12":"first","13":"instock","14":"sale","15":"taxable","16":"shipping-taxable","17":"purchasable","18":"product-type-simple"},"_links":{"self":[{"href":"https:\/\/maylanhlamhoanglong.com\/index.php?rest_route=\/wp\/v2\/product\/1021","targetHints":{"allow":["GET"]}}],"collection":[{"href":"https:\/\/maylanhlamhoanglong.com\/index.php?rest_route=\/wp\/v2\/product"}],"about":[{"href":"https:\/\/maylanhlamhoanglong.com\/index.php?rest_route=\/wp\/v2\/types\/product"}],"replies":[{"embeddable":true,"href":"https:\/\/maylanhlamhoanglong.com\/index.php?rest_route=%2Fwp%2Fv2%2Fcomments&post=1021"}],"wp:featuredmedia":[{"embeddable":true,"href":"https:\/\/maylanhlamhoanglong.com\/index.php?rest_route=\/wp\/v2\/media\/1317"}],"wp:attachment":[{"href":"https:\/\/maylanhlamhoanglong.com\/index.php?rest_route=%2Fwp%2Fv2%2Fmedia&parent=1021"}],"wp:term":[{"taxonomy":"product_brand","embeddable":true,"href":"https:\/\/maylanhlamhoanglong.com\/index.php?rest_route=%2Fwp%2Fv2%2Fproduct_brand&post=1021"},{"taxonomy":"product_cat","embeddable":true,"href":"https:\/\/maylanhlamhoanglong.com\/index.php?rest_route=%2Fwp%2Fv2%2Fproduct_cat&post=1021"},{"taxonomy":"product_tag","embeddable":true,"href":"https:\/\/maylanhlamhoanglong.com\/index.php?rest_route=%2Fwp%2Fv2%2Fproduct_tag&post=1021"}],"curies":[{"name":"wp","href":"https:\/\/api.w.org\/{rel}","templated":true}]}}