{"id":1019,"date":"2025-03-07T10:30:11","date_gmt":"2025-03-07T03:30:11","guid":{"rendered":"https:\/\/maylanhlamhoanglong.com\/?post_type=product&#038;p=1019"},"modified":"2025-03-07T10:30:11","modified_gmt":"2025-03-07T03:30:11","slug":"may-lanh-inverter-2hp-18000btu-hikawa-hi-vc20a-k-vc20a","status":"publish","type":"product","link":"https:\/\/maylanhlamhoanglong.com\/?product=may-lanh-inverter-2hp-18000btu-hikawa-hi-vc20a-k-vc20a","title":{"rendered":"M\u00e1y l\u1ea1nh Inverter 2HP (18000Btu) HIKAWA HI-VC20A\/K-VC20A"},"content":{"rendered":"<h2 id=\"Thi\u1ebft_k\u1ebf_m\u00e1y_l\u1ea1nh_Inverter_2HP_(18000Btu)_HIKAWA_HI-VC20A\/K-VC20A\">Thi\u1ebft k\u1ebf m\u00e1y l\u1ea1nh Inverter 2HP (18000Btu) HIKAWA HI-VC20A\/K-VC20A<\/h2>\n<p><strong>M\u00e1y l\u1ea1nh Inverter 2HP (18000Btu) HIKAWA HI-VC20A\/K-VC20A<\/strong>\u00a0s\u1edf h\u1eefu thi\u1ebft k\u1ebf g\u1ecdn g\u00e0ng, ti\u1ebft ki\u1ec7m kh\u00f4ng gian v\u00e0 \u0111\u1eb7c bi\u1ec7t v\u1edbi c\u00f4ng su\u1ea5t\u00a0<strong>18.000 BTU,\u00a0<\/strong>linh ho\u1ea1t trong thi\u1ebft k\u1ebf v\u00e0 l\u1eafp \u0111\u1eb7t kh\u00f4ng gian l\u1edbp h\u1ecdc &#8211; v\u0103n ph\u00f2ng t\u1eeb nh\u1ecf \u0111\u1ebfn v\u1eeba ho\u1eb7c ph\u00f9 h\u1ee3p nhi\u1ec1u di\u1ec7n t\u00edch ph\u00f2ng trong c\u0103n h\u1ed9.<\/p>\n<p><a class=\"img-popup\" title=\"\" href=\"https:\/\/sieuthimaylanh.com\/uploads\/product\/12_2023\/may-lanh-inverter-1hp-9000btu-hikawa-hi-vc10a-k-vc10a-thiet-ke.jpg\" rel=\"gallery\"><img decoding=\"async\" src=\"https:\/\/sieuthimaylanh.com\/uploads\/product\/12_2023\/may-lanh-inverter-1hp-9000btu-hikawa-hi-vc10a-k-vc10a-thiet-ke.jpg\" alt=\"\" \/><\/a><\/p>\n<h2 id=\"C\u00f4ng_ngh\u1ec7_&amp;_t\u00ednh_n\u0103ng_m\u00e1y_l\u1ea1nh_Inverter_2HP_(18000Btu)_HIKAWA_HI-VC20A\/K-VC20A\">C\u00f4ng ngh\u1ec7 &amp; t\u00ednh n\u0103ng m\u00e1y l\u1ea1nh Inverter 2HP (18000Btu) HIKAWA HI-VC20A\/K-VC20A<\/h2>\n<table class=\"table_responsive\" border=\"1\" cellspacing=\"0\" cellpadding=\"10\">\n<thead>\n<tr>\n<td>C\u00f4ng ngh\u1ec7<\/td>\n<td>T\u00ednh n\u0103ng<\/td>\n<\/tr>\n<\/thead>\n<tbody>\n<tr>\n<td>&#8211;\u00a0<strong>C\u00f4ng ngh\u1ec7 xanh k\u1ebft h\u1ee3p v\u1edbi bi\u1ebfn t\u1ea7n c\u00f4ng ngh\u1ec7 cao<\/strong>\u00a0\u0111i\u1ec1u khi\u1ec3n m\u00e1y n\u00e9n gi\u00fap<em>\u00a0ti\u1ebft ki\u1ec7m \u0111i\u1ec7n tr\u00ean 8 gi\u1edd<\/em>\u00a0so v\u1edbi c\u00e1c m\u00e1y l\u1ea1nh th\u00f4ng th\u01b0\u1eddng kh\u00e1c,\u00a0<em>s\u1eed d\u1ee5ng hi\u1ec7u qu\u1ea3 98% \u0111i\u1ec7n \u0111\u1ea7u v\u00e0o.<\/em><\/p>\n<p>&#8211;\u00a0<strong>H\u1ec7 th\u1ed1ng bi\u1ebfn t\u1ea7n DC 3D\u00a0<\/strong>l\u00e0 s\u1ef1 k\u1ebft h\u1ee3p chi\u1ec1u d\u1ecdc \u2013 ngang, ch\u1ee9c n\u0103ng xoay t\u1ef1 \u0111\u1ed9ng \u0111\u1ea3m b\u1ea3o ph\u00e2n ph\u1ed1i \u0111\u1ec1u kh\u00f4ng kh\u00ed trong ph\u00f2ng.<\/p>\n<p>&#8211;\u00a0<strong>Vi l\u1ecdc kh\u00e1ng khu\u1ea9n 6 l\u1edbp\u00a0<\/strong><em>l\u00e0m s\u1ea1ch kh\u00f4ng kh\u00ed l\u00ean \u0111\u1ebfn 80%, t\u0103ng 50% hi\u1ec7u qu\u1ea3 ch\u1ed1ng b\u1ee5i<\/em>, gi\u1ea3m thi\u1ec3u s\u1ef1 l\u00e2y lan c\u1ee7a c\u00e1c vi khu\u1ea9n c\u00f3 h\u1ea1i v\u00e0 virus trong kh\u00f4ng gian c\u0103n ph\u00f2ng.<\/p>\n<p>&#8211;\u00a0<strong>C\u00f4ng ngh\u1ec7 Golden Fin\u00a0<\/strong>v\u1edbi l\u1edbp ph\u1ee7 m\u1ea1 v\u00e0ng \u0111\u1ed9c \u0111\u00e1o \u0111\u01b0\u1ee3c ph\u1ee7 tr\u00ean d\u00e0n t\u1ea3n nhi\u1ec7t, ch\u1ed1ng l\u1ea1i m\u00f4i tr\u01b0\u1eddng kh\u1eafc nghi\u1ec7t nh\u01b0 m\u01b0a v\u00e0 kh\u00f4ng kh\u00ed m\u1eb7n, ng\u0103n ch\u1eb7n s\u1ef1 ph\u00e1t tri\u1ec3n c\u1ee7a vi khu\u1ea9n, t\u0103ng hi\u1ec7u su\u1ea5t nhi\u1ec7t v\u00e0 s\u1ef1 b\u1ec1n b\u1ec9.<\/td>\n<td>&#8211;\u00a0<strong>Ch\u1ebf \u0111\u1ed9 Eco\u00a0<\/strong>c\u00f3 kh\u1ea3 n\u0103ng c\u1ea3m bi\u1ebfn \u0111\u01b0\u1ee3c nhi\u1ec7t \u0111\u1ed9, s\u1ef1 chuy\u1ec3n \u0111\u1ed9ng \u00e1nh s\u00e1ng, t\u1eeb \u0111\u00f3 \u0111i\u1ec1u ch\u1ec9nh nhi\u1ec7t \u0111\u1ed9 v\u00e0 c\u00f4ng su\u1ea5t ho\u1ea1t \u0111\u1ed9ng c\u1ee7a m\u00e1y n\u00e9n,\u00a0<em>gi\u00fap<\/em>\u00a0<em>gi\u1ea3m hao ph\u00ed 50% \u0111i\u1ec7n n\u0103ng<\/em>.<\/p>\n<p>&#8211;\u00a0<strong>Ch\u1ebf \u0111\u1ed9 l\u00e0m l\u1ea1nh si\u00eau t\u1ed1c<\/strong><strong>\u00a0Turbo\u00a0<\/strong>ch\u1ec9 30s ph\u1ee7 l\u1ea1nh kh\u1eafp ph\u00f2ng.<\/p>\n<p>&#8211;\u00a0<strong>Ch\u1ee9c n\u0103ng b\u1ed9 nh\u1edb Louver\u00a0<\/strong>t\u1ef1 \u0111\u1ed9ng ghi nh\u1edb khi b\u1ea1n b\u1eaft \u0111\u1ea7u thi\u1ebft b\u1ecb l\u1ea7n sau, g\u00f3c c\u1eeda gi\u00f3 ngang s\u1ebd t\u1ef1 \u0111\u1ed9ng di chuy\u1ec3n \u0111\u1ebfn c\u00f9ng m\u1ed9t v\u1ecb tr\u00ed nh\u01b0 b\u1ea1n \u0111\u00e3 \u0111\u01b0\u1ee3c l\u1ea7n tr\u01b0\u1edbc.<\/p>\n<p>&#8211;\u00a0<strong>Ch\u1ebf \u0111\u1ed9 Sleep\u00a0<\/strong>t\u1ef1 \u0111i\u1ec1u ch\u1ec9nh nhi\u1ec7t \u0111\u1ed9 v\u00e0 qu\u1ea1t gi\u00f3 \u0111\u1ec3 mang \u0111\u1ebfn gi\u1ea5c ng\u1ee7 ngon nh\u1ea5t.<\/td>\n<\/tr>\n<\/tbody>\n<\/table>\n<p><a class=\"img-popup\" title=\"\" href=\"https:\/\/sieuthimaylanh.com\/uploads\/product\/12_2023\/may-lanh-inverter-1hp-9000btu-hikawa-hi-vc10a-k-vc10a-cong-nghe.jpg\" rel=\"gallery\"><img decoding=\"async\" src=\"https:\/\/sieuthimaylanh.com\/uploads\/product\/12_2023\/may-lanh-inverter-1hp-9000btu-hikawa-hi-vc10a-k-vc10a-cong-nghe.jpg\" alt=\"\" \/><\/a><\/p>\n<h2 id=\"Nh\u1eefng_\u01b0u_\u0111i\u1ec3m_n\u1ed5i_b\u1eadt_kh\u00e1c_c\u1ee7a_m\u00e1y_l\u1ea1nh_Inverter_2HP_(18000Btu)_HIKAWA_HI-VC20A\/K-VC20A\">Nh\u1eefng \u01b0u \u0111i\u1ec3m n\u1ed5i b\u1eadt kh\u00e1c c\u1ee7a m\u00e1y l\u1ea1nh Inverter 2HP (18000Btu) HIKAWA HI-VC20A\/K-VC20A<\/h2>\n<p>&#8211;\u00a0<strong>Ch\u1ebf \u0111\u1ed9 Dry<\/strong>\u00a0gi\u00fap ki\u1ec3m so\u00e1t \u0111\u1ed9 \u1ea9m mang l\u1ea1i s\u1ef1 kh\u00f4 tho\u00e1ng cho kh\u00f4ng gian nh\u00e0, tr\u00e1nh \u0111\u1ed9 \u1ea9m cao g\u00e2y \u1ea3nh h\u01b0\u1edfng \u0111\u1ebfn s\u1ee9c kh\u1ecfe.<\/p>\n<p>&#8211;\u00a0<strong>Ch\u1ebf \u0111\u1ed9 h\u1eb9n gi\u1edd\u00a0<\/strong>l\u1eadp tr\u00ecnh th\u1eddi gian ho\u1ea1t \u0111\u1ed9ng c\u1ee7a m\u00e1y trong kho\u1ea3ng th\u1eddi gian 24 gi\u1edd, gi\u00fap ti\u1ebft ki\u1ec7m n\u0103ng l\u01b0\u1ee3ng v\u00e0 t\u1ea1o ra m\u00f4i tr\u01b0\u1eddng tho\u1ea3i m\u00e1i tr\u01b0\u1edbc khi b\u1ea1n \u0111\u1ebfn nh\u00e0 ho\u1eb7c th\u1ee9c d\u1eady.<\/p>\n<p>&#8211;\u00a0<strong>\u1ed0ng d\u1eabn nhi\u1ec7t t\u0103ng s\u1ed1 l\u01b0\u1ee3ng r\u00e3nh b\u00ean trong t\u1eeb 45 l\u1ebfn 54\u00a0<\/strong>gi\u00fap m\u1edf r\u1ed9ng di\u1ec7n t\u00edch trao \u0111\u1ed5i nhi\u1ec7t v\u00e0\u00a0<strong>t\u0103ng hi\u1ec7u su\u1ea5t truy\u1ec1n nhi\u1ec7t l\u00ean \u0111\u1ebfn 7,3%<\/strong>.<\/p>\n<p>&#8211;\u00a0<strong>2 c\u00e1ch k\u1ebft n\u1ed1i tho\u00e1t n\u01b0\u1edbc<\/strong>\u00a0d\u1ec5 d\u00e0ng c\u00e0i \u0111\u1eb7t c\u0169ng nh\u01b0 c\u00f3 th\u1ec3 k\u1ebft n\u1ed1i \u1ed1ng tho\u00e1t n\u01b0\u1edbc \u1edf c\u1ea3 hai b\u00ean tr\u00e1i v\u00e0 ph\u1ea3i d\u00e0n l\u1ea1nh.<\/p>\n<p>&#8211;\u00a0<strong>H\u1ed9p \u0111i\u1ec1u khi\u1ec3n \u0111i\u1ec7n s\u1eed<\/strong>\u00a0d\u1ee5ng v\u1eadt li\u1ec7u ABS c\u00f3 \u0111\u1ecbnh m\u1ee9c ch\u1ed1ng ch\u00e1y 5VA v\u00e0 b\u1ec1 m\u1eb7t ngo\u00e0i \u0111\u01b0\u1ee3c ph\u1ee7 b\u1eb1ng t\u1ea5m kim lo\u1ea1i gi\u00fap c\u00e1ch ly h\u1ed9p \u0111i\u1ec1u khi\u1ec3n \u0111i\u1ec7n v\u1edbi l\u1eeda.<\/p>\n<p><a class=\"img-popup\" title=\"\" href=\"https:\/\/sieuthimaylanh.com\/uploads\/product\/12_2023\/may-lanh-inverter-1hp-9000btu-hikawa-hi-vc10a-k-vc10a-uu-diem.jpg\" rel=\"gallery\"><img decoding=\"async\" src=\"https:\/\/sieuthimaylanh.com\/uploads\/product\/12_2023\/may-lanh-inverter-1hp-9000btu-hikawa-hi-vc10a-k-vc10a-uu-diem.jpg\" alt=\"\" \/><\/a><\/p>\n","protected":false},"excerpt":{"rendered":"<ul>\n<li>C\u00f4ng su\u1ea5t 18000 BTU\/h.<\/li>\n<li>C\u00f4ng ngh\u1ec7 inverter<\/li>\n<li>L\u00e0m m\u00e1t nhanh, \u0111\u1ec1u kh\u1eafp ph\u00f2ng.<\/li>\n<li>Ho\u1ea1t \u0111\u1ed9ng b\u1ec1n b\u1ec9, ti\u1ebft ki\u1ec7m \u0111i\u1ec7n n\u0103ng.<\/li>\n<li>Ch\u1ebf \u0111\u1ed9 Ng\u1ee7 Ngon cho gi\u1ea5c ng\u1ee7 s\u00e2u, s\u1ea3ng kho\u00e1i.<\/li>\n<li>B\u1ea3o h\u00e0nh:<b>\u00a0<\/b>B\u1ea3o h\u00e0nh m\u00e1y n\u00e9n 5 n\u0103m; b\u1ea3o h\u00e0nh to\u00e0n b\u1ed9 m\u00e1y 24 th\u00e1ng; x\u1eed l\u00fd b\u1ea3o h\u00e0nh trong 24 gi\u1edd.<\/li>\n<\/ul>\n<table class=\"table-digitals\">\n<tbody>\n<tr class=\"row-title\">\n<td colspan=\"2\"><strong class=\"row0\">Th\u00f4ng s\u1ed1 k\u1ef9 thu\u1eadt<\/strong><\/td>\n<\/tr>\n<tr class=\"row-item\">\n<td class=\"row0\">Xu\u1ea5t x\u1ee9<\/td>\n<td class=\"row1\">S\u1ea3n xu\u1ea5t t\u1ea1i: Th\u00e1i Lan<\/td>\n<\/tr>\n<tr class=\"row-item\">\n<td class=\"row0\">Lo\u1ea1i Gas l\u1ea1nh<\/td>\n<td class=\"row1\">R32<\/td>\n<\/tr>\n<tr class=\"row-item\">\n<td class=\"row0\">Lo\u1ea1i m\u00e1y<\/td>\n<td class=\"row1\">Inverter &#8211; Lo\u1ea1i 1 chi\u1ec1u l\u1ea1nh (ch\u1ec9 l\u00e0m l\u1ea1nh)<\/td>\n<\/tr>\n<tr class=\"row-item\">\n<td class=\"row0\">C\u00f4ng su\u1ea5t l\u00e0m l\u1ea1nh<\/td>\n<td class=\"row1\">2.0 Hp (2.0 Ng\u1ef1a) &#8211; 18.000 Btu\/h<\/td>\n<\/tr>\n<tr class=\"row-item\">\n<td class=\"row0\">S\u1eed d\u1ee5ng cho ph\u00f2ng<\/td>\n<td class=\"row1\">Di\u1ec7n t\u00edch 24 &#8211; 30 m\u00b2 ho\u1eb7c 72 &#8211; 90 m\u00b3 kh\u00ed (th\u00edch h\u1ee3p cho ph\u00f2ng kh\u00e1ch, v\u0103n ph\u00f2ng)<\/td>\n<\/tr>\n<tr class=\"row-item\">\n<td class=\"row0\">Ngu\u1ed3n \u0111i\u1ec7n (Ph\/V\/Hz)<\/td>\n<td class=\"row1\">1 Pha, 220 &#8211; 240 V, 50Hz<\/td>\n<\/tr>\n<tr class=\"row-item\">\n<td class=\"row0\">C\u00f4ng su\u1ea5t ti\u00eau th\u1ee5 \u0111i\u1ec7n<\/td>\n<td class=\"row1\">1.748 kW\/h<\/td>\n<\/tr>\n<tr class=\"row-item\">\n<td class=\"row0\">K\u00edch th\u01b0\u1edbc \u1ed1ng \u0111\u1ed3ng Gas (mm)<\/td>\n<td class=\"row1\">6\/12<\/td>\n<\/tr>\n<tr class=\"row-item\">\n<td class=\"row0\">Chi\u1ec1u d\u00e0i \u1ed1ng gas t\u1ed1i \u0111a (m)<\/td>\n<td class=\"row1\">30 m<\/td>\n<\/tr>\n<tr class=\"row-item\">\n<td class=\"row0\">Ch\u00eanh l\u1ec7ch \u0111\u1ed9 cao (t\u1ed1i \u0111a) (m)<\/td>\n<td class=\"row1\">20 m<\/td>\n<\/tr>\n<tr class=\"row-title\">\n<td colspan=\"2\"><strong class=\"row0\">D\u00e0n L\u1ea1nh<\/strong><\/td>\n<\/tr>\n<tr class=\"row-item\">\n<td class=\"row0\">Model d\u00e0n l\u1ea1nh<\/td>\n<td class=\"row1\">HI-VC20A<\/td>\n<\/tr>\n<tr class=\"row-item\">\n<td class=\"row0\">K\u00edch th\u01b0\u1edbc d\u00e0n l\u1ea1nh (mm)<\/td>\n<td class=\"row1\">30.2 x 95.7 x 21.3 cm<\/td>\n<\/tr>\n<tr class=\"row-item\">\n<td class=\"row0\">Tr\u1ecdng l\u01b0\u1ee3ng d\u00e0n l\u1ea1nh (Kg)<\/td>\n<td class=\"row1\">10.85 Kg<\/td>\n<\/tr>\n<tr class=\"row-title\">\n<td colspan=\"2\"><strong class=\"row0\">D\u00e0n N\u00f3ng<\/strong><\/td>\n<\/tr>\n<tr class=\"row-item\">\n<td class=\"row0\">Model d\u00e0n n\u00f3ng<\/td>\n<td class=\"row1\">K-VC20A<\/td>\n<\/tr>\n<tr class=\"row-item\">\n<td class=\"row0\">K\u00edch th\u01b0\u1edbc d\u00e0n n\u00f3ng (mm)<\/td>\n<td class=\"row1\">55.5 x 76.5 x 30.3 cm<\/td>\n<\/tr>\n<tr class=\"row-item\">\n<td class=\"row0\">Tr\u1ecdng l\u01b0\u1ee3ng d\u00e0n n\u00f3ng (Kg)<\/td>\n<td class=\"row1\">27.2 Kg<\/td>\n<\/tr>\n<\/tbody>\n<\/table>\n","protected":false},"featured_media":1010,"comment_status":"open","ping_status":"closed","template":"","meta":{"wprm-recipe-roundup-name":"","wprm-recipe-roundup-description":""},"product_brand":[],"product_cat":[115],"product_tag":[],"class_list":{"0":"post-1019","1":"product","2":"type-product","3":"status-publish","4":"has-post-thumbnail","6":"thuong-hieu-hikawa","7":"product_cat-may-lanh-treo-tuong","8":"pa_cong-nghe-inverter","9":"pa_cong-suat-lam-lanh-2-0-hp","11":"first","12":"instock","13":"sale","14":"taxable","15":"shipping-taxable","16":"purchasable","17":"product-type-simple"},"_links":{"self":[{"href":"https:\/\/maylanhlamhoanglong.com\/index.php?rest_route=\/wp\/v2\/product\/1019","targetHints":{"allow":["GET"]}}],"collection":[{"href":"https:\/\/maylanhlamhoanglong.com\/index.php?rest_route=\/wp\/v2\/product"}],"about":[{"href":"https:\/\/maylanhlamhoanglong.com\/index.php?rest_route=\/wp\/v2\/types\/product"}],"replies":[{"embeddable":true,"href":"https:\/\/maylanhlamhoanglong.com\/index.php?rest_route=%2Fwp%2Fv2%2Fcomments&post=1019"}],"wp:featuredmedia":[{"embeddable":true,"href":"https:\/\/maylanhlamhoanglong.com\/index.php?rest_route=\/wp\/v2\/media\/1010"}],"wp:attachment":[{"href":"https:\/\/maylanhlamhoanglong.com\/index.php?rest_route=%2Fwp%2Fv2%2Fmedia&parent=1019"}],"wp:term":[{"taxonomy":"product_brand","embeddable":true,"href":"https:\/\/maylanhlamhoanglong.com\/index.php?rest_route=%2Fwp%2Fv2%2Fproduct_brand&post=1019"},{"taxonomy":"product_cat","embeddable":true,"href":"https:\/\/maylanhlamhoanglong.com\/index.php?rest_route=%2Fwp%2Fv2%2Fproduct_cat&post=1019"},{"taxonomy":"product_tag","embeddable":true,"href":"https:\/\/maylanhlamhoanglong.com\/index.php?rest_route=%2Fwp%2Fv2%2Fproduct_tag&post=1019"}],"curies":[{"name":"wp","href":"https:\/\/api.w.org\/{rel}","templated":true}]}}