{"id":988,"date":"2025-03-06T14:55:51","date_gmt":"2025-03-06T07:55:51","guid":{"rendered":"https:\/\/maylanhlamhoanglong.com\/?page_id=988"},"modified":"2025-03-13T13:17:29","modified_gmt":"2025-03-13T06:17:29","slug":"chinh-sach-quy-dinh-chung","status":"publish","type":"page","link":"https:\/\/maylanhlamhoanglong.com\/?page_id=988","title":{"rendered":"Ch\u00ednh s\u00e1ch, quy \u0111\u1ecbnh chung"},"content":{"rendered":"<ul>\n<li style=\"list-style-type: none;\">\n<ul>\n<li>Ch\u00ednh s\u00e1ch, quy \u0111\u1ecbnh \u0111\u1ed5i tr\u1ea3 h\u00e0ng.<\/li>\n<\/ul>\n<\/li>\n<\/ul>\n<p>Ch\u00ednh s\u00e1ch \u0111\u1ed5i &#8211; tr\u1ea3 h\u00e0ng<br \/>\nCh\u00ednh s\u00e1ch \u0111\u1ed5i &#8211; tr\u1ea3 s\u1ea3n ph\u1ea9m nh\u01b0 sau:<\/p>\n<p>I. Kh\u00e1ch h\u00e0ng \u0111\u01b0\u1ee3c \u0111\u1ed5i ho\u1eb7c tr\u1ea3 s\u1ea3n ph\u1ea9m trong c\u00e1c tr\u01b0\u1eddng h\u1ee3p sau:<\/p>\n<p>S\u1ea3n ph\u1ea9m b\u1ecb l\u1ed7i k\u1ef9 thu\u1eadt: nh\u00e2n vi\u00ean b\u1ea3o h\u00e0nh \u0111\u00e3 x\u1eed l\u00fd nh\u01b0ng kh\u00f4ng th\u1ec3 kh\u1eafc ph\u1ee5c \u0111\u01b0\u1ee3c (kh\u00f4ng bao g\u1ed3m c\u00e1c nguy\u00ean nh\u00e2n kh\u00e1ch quan t\u1eeb ph\u00eda kh\u00e1ch h\u00e0ng)<\/p>\n<p>S\u1ea3n ph\u1ea9m khi tr\u1ea3 ph\u1ea3i c\u00f3:<\/p>\n<p>Phi\u1ebfu b\u1ea3o h\u00e0nh v\u00e0 tem c\u1ee7a h\u00e3ng tr\u00ean s\u1ea3n ph\u1ea9m (trong &amp; ngo\u00e0i) c\u00f2n nguy\u00ean v\u1eb9n<br \/>\nS\u1ea3n ph\u1ea9m c\u00f2n gi\u1eef nguy\u00ean tr\u1ea1ng, v\u1ecf b\u00ean ngo\u00e0i v\u00e0 th\u00e2n m\u00e1y kh\u00f4ng b\u1ecb tr\u1ea7y, x\u01b0\u1edbc ho\u1eb7c c\u00f3 d\u1ea5u hi\u1ec7u c\u1ee7a s\u1ef1 t\u00e1c \u0111\u1ed9ng ho\u1eb7c \u1ea9m n\u01b0\u1edbc.<br \/>\nS\u1ed1 Serial tr\u00ean th\u00e2n m\u00e1y, tr\u00ean phi\u1ebfu b\u1ea3o h\u00e0nh v\u00e0 tr\u00ean h\u1ed9p ph\u1ea3i tr\u00f9ng nhau.<br \/>\nM\u00e1y \u0111\u1ed5i ho\u1eb7c tr\u1ea3 c\u00f3 \u0111\u1ea7y \u0111\u1ee7 h\u1ed9p, to\u00e0n b\u1ed9 linh ph\u1ee5 ki\u1ec7n, s\u00e1ch h\u01b0\u1edbng d\u1eabn, qu\u00e0 khuy\u1ebfn m\u00e3i v\u00e0 h\u00f3a \u0111\u01a1n gi\u00e1 tr\u1ecb gia t\u0103ng GTGT (n\u1ebfu c\u00f3).<br \/>\nII. Quy \u0111\u1ecbnh th\u1eddi gian \u0111\u1ed5i\/tr\u1ea3 s\u1ea3n ph\u1ea9m<\/p>\n<p>1. \u0110\u1ed1i v\u1edbi m\u00e1y b\u1ecb l\u1ed7i k\u1ef9 thu\u1eadt: X\u1eed l\u00fd theo quy \u0111\u1ecbnh c\u1ee7a t\u1eebng h\u00e3ng s\u1ea3n xu\u1ea5t<\/p>\n<p>2. \u0110\u1ed1i v\u1edbi s\u1ea3n ph\u1ea9m kh\u00f4ng b\u1ecb l\u1ed7i k\u1ef9 thu\u1eadt:<\/p>\n<p>Kh\u00e1ch h\u00e0ng \u0111\u01b0\u1ee3c quy\u1ec1n tr\u1ea3 l\u1ea1i s\u1ea3n ph\u1ea9m \u0111\u00e3 mua. www.maylanhlamhoanglong.com s\u1ebd thu l\u1ea1i s\u1ea3n ph\u1ea9m v\u1edbi gi\u00e1 tr\u1ecb th\u1ef1c t\u1ebf c\u00f2n l\u1ea1i.<br \/>\nVi\u1ec7c \u0111\u1ed5i &#8211; tr\u1ea3 s\u1ea3n ph\u1ea9m ph\u1ea3i th\u1ecfa \u0111i\u1ec1u ki\u1ec7n quy \u0111\u1ecbnh t\u1ea1i m\u1ee5c (I)<br \/>\nL\u1ed7i k\u1ef9 thu\u1eadt:<\/p>\n<p>L\u1ed7i ph\u00e1t sinh tr\u00ean s\u1ea3n ph\u1ea9m c\u00f3 nguy\u00ean nh\u00e2n do s\u1ea3n xu\u1ea5t, kh\u00f4ng ph\u1ea3i l\u1ed7i ph\u00e1t sinh do kh\u00e1ch h\u00e0ng s\u1eed d\u1ee5ng kh\u00f4ng d\u00f9ng ho\u1eb7c kh\u00f4ng v\u1eadn h\u00e0nh \u0111\u00fang theo s\u00e1ch h\u01b0\u1edbng d\u1eabn.<\/p>\n<p>&nbsp;<\/p>\n<section class=\"box-title\">\n<div class=\"wrapper\">\n<div class=\"post-title\">\n<h1>Ch\u00ednh s\u00e1ch v\u1eadn chuy\u1ec3n<\/h1>\n<\/div>\n<\/div>\n<\/section>\n<section class=\"box-content\">\n<div class=\"wrapper\">\n<div class=\"entry\">\n<p><strong>1. Ph\u00ed v\u1eadn chuy\u1ec3n:<\/strong><\/p>\n<p>www.maylanhlamhoanglong.com mi\u1ec5n ph\u00ed giao h\u00e0ng trong n\u1ed9i th\u00e0nh TP.HCM d\u01b0\u1edbi 10km.<\/p>\n<p>\u0110\u1ed1i v\u1edbi kh\u00e1ch h\u00e0ng \u1edf xa ho\u1eb7c \u1edf c\u00e1c t\u1ec9nh th\u00e0nh kh\u00e1c, gi\u00e1 v\u1eadn chuy\u1ec3n d\u1ef1a tr\u00ean kh\u1ed1i l\u01b0\u1ee3ng s\u1ea3n ph\u1ea9m, s\u1ed1 km v\u00e0 \u0111\u1ecba \u0111i\u1ec3m giao h\u00e0ng. Qu\u00fd kh\u00e1ch vui l\u00f2ng li\u00ean h\u1ec7 v\u1edbi ch\u00fang t\u00f4i \u0111\u1ec3 \u0111\u01b0\u1ee3c nh\u00e2n vi\u00ean t\u01b0 v\u1ea5n c\u1ee5 th\u1ec3.<\/p>\n<p><strong>2. Th\u1eddi gian x\u1eed l\u00fd \u0111\u01a1n h\u00e0ng:<\/strong><\/p>\n<p>\u0110\u01a1n \u0111\u1eb7t h\u00e0ng t\u1eeb 8h30 \u2013 17h00 th\u00ec ch\u00fang t\u00f4i s\u1ebd li\u00ean h\u1ec7 ngay trong ng\u00e0y.<\/p>\n<p>\u0110\u01a1n \u0111\u1eb7t h\u00e0ng sau 17h00 th\u00ec ch\u00fang t\u00f4i s\u1ebd li\u00ean h\u1ec7 v\u00e0o s\u00e1ng h\u00f4m sau.<\/p>\n<p>\u0110\u01a1n \u0111\u1eb7t h\u00e0ng sau 17h00 th\u1ee9 7 v\u00e0 Ch\u1ee7 Nh\u1eadt th\u00ec ch\u00fang t\u00f4i s\u1ebd li\u00ean h\u1ec7 v\u00e0o s\u00e1ng th\u1ee9 2 tu\u1ea7n sau.<\/p>\n<p><strong>3. Th\u1eddi gian giao h\u00e0ng:<\/strong><\/p>\n<p>Giao h\u00e0ng trong ng\u00e0y ho\u1eb7c t\u1eeb 1 \u2013 2 ng\u00e0y cho kh\u00e1ch h\u00e0ng c\u00f3 \u0111\u1ecba ch\u1ec9 \u1edf c\u00e1c qu\u1eadn N\u1ed9i th\u00e0nh TP.HCM.<\/p>\n<p>Giao h\u00e0ng t\u1eeb 3 \u2013 5 ng\u00e0y cho kh\u00e1ch h\u00e0ng c\u00f3 \u0111\u1ecba ch\u1ec9 \u1edf c\u00e1c T\u1ec9nh l\u00e2n c\u1eadn TP.HCM.<\/p>\n<p>Giao h\u00e0ng trong tu\u1ea7n cho kh\u00e1ch h\u00e0ng c\u00f3 \u0111\u1ecba ch\u1ec9 thu\u1ed9c c\u00e1c T\u1ec9nh xa TP.HCM.<\/p>\n<p>Tuy nhi\u00ean, v\u00e0o th\u1eddi gian cao \u0111i\u1ec3m (l\u1ec5, t\u1ebft, khuy\u1ebfn m\u00e3i,\u2026.), ch\u00fang t\u00f4i kh\u00f4ng th\u1ec3 giao h\u00e0ng ngay n\u00ean s\u1ebd th\u1ecfa thu\u1eadn th\u1eddi gian giao h\u00e0ng cho Qu\u00fd kh\u00e1ch. K\u00ednh mong Qu\u00fd kh\u00e1ch th\u00f4ng c\u1ea3m.<\/p>\n<\/div>\n<\/div>\n<\/section>\n<p>&nbsp;<\/p>\n<section class=\"box-title\">\n<div class=\"wrapper\">\n<div class=\"post-title\">\n<h1>Ch\u00ednh s\u00e1ch b\u1ea3o h\u00e0nh<\/h1>\n<\/div>\n<\/div>\n<\/section>\n<section class=\"box-content\">\n<div class=\"wrapper\">\n<div class=\"entry\">\n<p><strong>Nh\u1eefng s\u1ea3n ph\u1ea9m \u0111\u01b0\u1ee3c b\u1ea3o h\u00e0nh khi \u0111\u1ea3m b\u1ea3o c\u00e1c \u0111i\u1ec1u ki\u1ec7n sau:<\/strong><\/p>\n<p>S\u1ea3n ph\u1ea9m c\u00f2n th\u1eddi h\u1ea1n b\u1ea3o h\u00e0nh v\u00e0 c\u00f3 \u0111\u0103ng k\u00fd b\u1ea3o h\u00e0nh (t\u00ednh t\u1eeb ng\u00e0y \u0111\u01b0\u1ee3c ghi tr\u00ean h\u00f3a \u0111\u01a1n ch\u1ee9ng t\u1eeb mua h\u00e0ng).<\/p>\n<p>Th\u1eddi h\u1ea1n b\u1ea3o h\u00e0nh \u0111\u01b0\u1ee3c ghi tr\u00ean phi\u1ebfu b\u1ea3o h\u00e0nh v\u00e0 theo quy \u0111\u1ecbnh c\u1ee7a t\u1eebng h\u00e3ng s\u1ea3n xu\u1ea5t \u0111\u1ed1i v\u1edbi t\u1ea5t c\u1ea3 s\u1ef1 c\u1ed1 v\u1ec1 m\u1eb7t k\u1ef9 thu\u1eadt.<\/p>\n<p>S\u1ea3n ph\u1ea9m b\u1ecb h\u01b0 h\u1ecfng do linh ki\u1ec7n trong m\u00e1y ho\u1eb7c do nh\u00e0 s\u1ea3n xu\u1ea5t.<\/p>\n<p>Ph\u1ea3i c\u00f3 phi\u1ebfu b\u1ea3o h\u00e0nh v\u00e0 tem b\u1ea3o h\u00e0nh c\u1ee7a h\u00e3ng tr\u00ean s\u1ea3n ph\u1ea9m, phi\u1ebfu xu\u1ea5t h\u00e0ng c\u1ee7a www.maylanhlamhoanglong.com.<\/p>\n<p>S\u1ed1 m\u00e1y v\u00e0 tem ni\u00eam phong tr\u00ean s\u1ea3n ph\u1ea9m ph\u1ea3i c\u00f2n nguy\u00ean v\u1eb9n, kh\u00f4ng b\u1ecb r\u00e1ch ho\u1eb7c m\u1ea5t \u0111i.<\/p>\n<p>S\u1ed1 m\u00e1y tr\u00ean s\u1ea3n ph\u1ea9m, tr\u00ean phi\u1ebfu b\u1ea3o h\u00e0nh v\u00e0 tr\u00ean phi\u1ebfu xu\u1ea5t h\u00e0ng ph\u1ea3i gi\u1ed1ng nhau.<\/p>\n<p><strong>Nh\u1eefng s\u1ea3n ph\u1ea9m kh\u00f4ng \u0111\u01b0\u1ee3c b\u1ea3o h\u00e0nh:<\/strong><\/p>\n<p>S\u1ea3n ph\u1ea9m \u0111\u00e3 qu\u00e1 th\u1eddi h\u1ea1n b\u1ea3o h\u00e0nh ghi tr\u00ean phi\u1ebfu ho\u1eb7c m\u1ea5t phi\u1ebfu b\u1ea3o h\u00e0nh.<\/p>\n<p>S\u1eed d\u1ee5ng kh\u00f4ng \u0111\u00fang theo s\u00e1ch h\u01b0\u1edbng d\u1eabn, s\u1eed d\u1ee5ng kh\u00f4ng \u0111\u00fang \u0111i\u1ec7n \u00e1p ghi tr\u00ean s\u1ea3n ph\u1ea9m.<\/p>\n<p>Tem ni\u00eam phong b\u1ea3o h\u00e0nh b\u1ecb r\u00e1ch, v\u1ee1, b\u1ecb d\u00e1n \u0111\u00e8 ho\u1eb7c b\u1ecb s\u1eeda \u0111\u1ed5i.<\/p>\n<p>Phi\u1ebfu b\u1ea3o h\u00e0nh kh\u00f4ng ghi r\u00f5 s\u1ed1 serial v\u00e0 ng\u00e0y mua h\u00e0ng.<\/p>\n<p>S\u1ed1 serial tr\u00ean s\u1ea3n ph\u1ea9m b\u1ecb sai (ho\u1eb7c b\u1ecb m\u1edd, kh\u00f4ng nh\u1eadn d\u1ea1ng \u0111\u01b0\u1ee3c) so v\u1edbi phi\u1ebfu b\u1ea3o h\u00e0nh.<\/p>\n<p>S\u1ea3n ph\u1ea9m h\u01b0 h\u1ecfng do t\u00e1c \u0111\u1ed9ng b\u00ean ngo\u00e0i nh\u01b0 r\u01a1i, v\u1ee1, va \u0111\u1eadp, tr\u1ea7y x\u01b0\u1edbc, m\u00f3p m\u00e9o, \u1ea9m \u01b0\u1edbt, hoen r\u1ec9, ch\u1ea3y n\u01b0\u1edbc ho\u1eb7c do h\u1ecfa ho\u1ea1n, thi\u00ean tai, c\u00f4n tr\u00f9ng x\u00e2m nh\u1eadp.<\/p>\n<p>V\u1ecf m\u00e1y v\u00e0 c\u00e1c lo\u1ea1i ph\u1ee5 ki\u1ec7n k\u00e8m theo nh\u01b0 d\u00e2y ngu\u1ed3n, d\u00e2y t\u00edn hi\u1ec7u, n\u1eafn d\u00f2ng, \u0111i\u1ec1u khi\u1ec3n t\u1eeb xa, pin \u0111i\u1ec1u khi\u1ec3n, tai nghe, qu\u1ea1t tr\u00ean thi\u1ebft b\u1ecb, ho\u1eb7c thi\u1ebft b\u1ecb do qu\u1ea1t b\u1ecb h\u1ecfng g\u00e2y ra ch\u00e1y n\u1ed5.<\/p>\n<p>S\u1ea3n ph\u1ea9m c\u00f3 d\u1ea5u hi\u1ec7u \u0111\u00e3 b\u1ecb s\u1eeda ch\u1eefa tr\u01b0\u1edbc khi \u0111em \u0111\u1ebfn www.maylanhlamhoanglong.com ho\u1eb7c h\u00e3ng.<\/p>\n<\/div>\n<\/div>\n<\/section>\n\n\n","protected":false},"excerpt":{"rendered":"<p>Ch\u00ednh s\u00e1ch, quy \u0111\u1ecbnh \u0111\u1ed5i tr\u1ea3 h\u00e0ng. Ch\u00ednh s\u00e1ch \u0111\u1ed5i &#8211; tr\u1ea3 h\u00e0ng Ch\u00ednh s\u00e1ch \u0111\u1ed5i &#8211; tr\u1ea3 s\u1ea3n ph\u1ea9m nh\u01b0 sau: I. Kh\u00e1ch h\u00e0ng \u0111\u01b0\u1ee3c \u0111\u1ed5i ho\u1eb7c tr\u1ea3 s\u1ea3n ph\u1ea9m trong c\u00e1c tr\u01b0\u1eddng h\u1ee3p sau: S\u1ea3n ph\u1ea9m b\u1ecb l\u1ed7i k\u1ef9 thu\u1eadt: nh\u00e2n vi\u00ean b\u1ea3o h\u00e0nh \u0111\u00e3 x\u1eed l\u00fd nh\u01b0ng kh\u00f4ng th\u1ec3 kh\u1eafc ph\u1ee5c \u0111\u01b0\u1ee3c&#8230;<\/p>\n","protected":false},"author":4,"featured_media":0,"parent":0,"menu_order":0,"comment_status":"closed","ping_status":"closed","template":"","meta":{"wprm-recipe-roundup-name":"","wprm-recipe-roundup-description":"","footnotes":""},"class_list":["post-988","page","type-page","status-publish","hentry"],"_links":{"self":[{"href":"https:\/\/maylanhlamhoanglong.com\/index.php?rest_route=\/wp\/v2\/pages\/988","targetHints":{"allow":["GET"]}}],"collection":[{"href":"https:\/\/maylanhlamhoanglong.com\/index.php?rest_route=\/wp\/v2\/pages"}],"about":[{"href":"https:\/\/maylanhlamhoanglong.com\/index.php?rest_route=\/wp\/v2\/types\/page"}],"author":[{"embeddable":true,"href":"https:\/\/maylanhlamhoanglong.com\/index.php?rest_route=\/wp\/v2\/users\/4"}],"replies":[{"embeddable":true,"href":"https:\/\/maylanhlamhoanglong.com\/index.php?rest_route=%2Fwp%2Fv2%2Fcomments&post=988"}],"version-history":[{"count":7,"href":"https:\/\/maylanhlamhoanglong.com\/index.php?rest_route=\/wp\/v2\/pages\/988\/revisions"}],"predecessor-version":[{"id":1386,"href":"https:\/\/maylanhlamhoanglong.com\/index.php?rest_route=\/wp\/v2\/pages\/988\/revisions\/1386"}],"wp:attachment":[{"href":"https:\/\/maylanhlamhoanglong.com\/index.php?rest_route=%2Fwp%2Fv2%2Fmedia&parent=988"}],"curies":[{"name":"wp","href":"https:\/\/api.w.org\/{rel}","templated":true}]}}